{"id":17776,"date":"2023-12-19T08:27:37","date_gmt":"2023-12-19T08:27:37","guid":{"rendered":"https:\/\/petproducts.com.cn\/?post_type=product&#038;p=17776"},"modified":"2023-12-19T08:29:12","modified_gmt":"2023-12-19T08:29:12","slug":"duck-dog-toys-without-stuffing-made-in-china","status":"publish","type":"product","link":"https:\/\/petproducts.com.cn\/fr\/product\/duck-dog-toys-without-stuffing-made-in-china\/","title":{"rendered":"Duck Dog Toys Without Stuffing Made In China"},"content":{"rendered":"<h1><strong>Jouets pour chien en forme de canard sans rembourrage par PetStar, fabriqu\u00e9 en Chine<\/strong><\/h1>\n<p><strong>Description :<\/strong> D\u00e9couvrez les avantages exclusifs de PetStar, un fabricant de premier plan sp\u00e9cialis\u00e9 dans les jouets pour chiens en forme de canard sans rembourrage, fi\u00e8rement fabriqu\u00e9s en Chine. Am\u00e9liorez le temps de jeu de votre animal avec nos jouets innovants, s\u00fbrs et durables.<\/p>\n<p><strong>Avantages :<\/strong><\/p>\n<ol>\n<li><strong>L'innovation sans farce :<\/strong> PetStar est \u00e0 la pointe de l'industrie avec une approche r\u00e9volutionnaire des jouets pour chiens, en introduisant des mod\u00e8les innovants sans rembourrage. En outre, nos jouets pour chiens en forme de canard red\u00e9finissent le temps de jeu en \u00e9liminant le besoin de rembourrage, ce qui r\u00e9sout les probl\u00e8mes courants tels que le d\u00e9sordre et les risques potentiels d'ingestion.<\/li>\n<li><strong>Tissu compos\u00e9\uff1a<\/strong>1001TP3L'absence de rembourrage r\u00e9duit le risque d'ingestion, d'\u00e9touffement et de nettoyage dans toute la maison.Les corps l\u00e9gers et flottants sont faciles \u00e0 transporter, \u00e0 lancer et \u00e0 faire rouler pour les petits chiens.<\/li>\n<li><strong>Fabriqu\u00e9 en Chine Excellence :<\/strong> PetStar est tr\u00e8s fier de fabriquer en Chine des jouets pour chiens en forme de canard sans rembourrage. Le label \"Made in China\" appos\u00e9 sur notre jouet symbolise non seulement un prix abordable mais aussi, et surtout, un engagement en faveur de la qualit\u00e9, mettant en valeur l'expertise et le savoir-faire qui font la r\u00e9putation de la Chine dans le paysage manufacturier mondial.<\/li>\n<li><strong>Un jeu durable et s\u00fbr :<\/strong> Notre conception sans rembourrage am\u00e9liore la durabilit\u00e9 et la s\u00e9curit\u00e9, tout en procurant un plaisir de jeu infini sans compromettre le bien-\u00eatre de votre animal.<\/li>\n<li><strong>L'approche de la s\u00e9curit\u00e9 d'abord :<\/strong> Chez PetStar, la sant\u00e9 et la s\u00e9curit\u00e9 de vos animaux de compagnie sont primordiales. De plus, notre conception sans rembourrage minimise les risques, ce qui permet de jouer en toute tranquillit\u00e9. Faites-nous confiance pour vous fournir des jouets pour chiens qui donnent la priorit\u00e9 au bien-\u00eatre de votre animal.<\/li>\n<li><strong>Visibilit\u00e9 optimis\u00e9e par mot-cl\u00e9 :<\/strong> PetStar excelle dans la cr\u00e9ation de produits qui r\u00e9pondent \u00e0 des demandes sp\u00e9cifiques, y compris la popularit\u00e9 du \"jouet canard pour chien\". Gr\u00e2ce \u00e0 notre engagement en faveur de la qualit\u00e9 et de l'optimisation strat\u00e9gique des mots-cl\u00e9s, nous veillons \u00e0 ce que vos produits obtiennent la visibilit\u00e9 qu'ils m\u00e9ritent.<\/li>\n<li>\n<div class=\"elementor-element elementor-element-a7c4552 elementor-widget elementor-widget-text-editor\" data-id=\"a7c4552\" data-element_type=\"widget\" data-widget_type=\"text-editor.default\">\n<div class=\"elementor-widget-container\">\n<div class=\"elementor-element elementor-element-d9b9340 elementor-widget elementor-widget-heading\" data-id=\"d9b9340\" data-element_type=\"widget\" data-widget_type=\"heading.default\">\n<div class=\"elementor-widget-container\">\n<p class=\"elementor-heading-title elementor-size-default\"><strong>Pourquoi nous choisir ?<\/strong>Petstar est un fabricant de confiance depuis plus de 20 ans, offrant \u00e9galement des solutions compl\u00e8tes aux acheteurs et aux d\u00e9taillants gr\u00e2ce \u00e0 son expertise en mati\u00e8re de collaboration OEM\/ODM.<\/p>\n<\/div>\n<\/div>\n<\/div>\n<\/div>\n<section class=\"elementor-section elementor-inner-section elementor-element elementor-element-f60d551 elementor-section-boxed elementor-section-height-default elementor-section-height-default\" data-id=\"f60d551\" data-element_type=\"section\">\n<div class=\"elementor-container elementor-column-gap-default\">\n<div class=\"elementor-column elementor-col-25 elementor-inner-column elementor-element elementor-element-ddcc331\" data-id=\"ddcc331\" data-element_type=\"column\">\n<div class=\"elementor-widget-wrap elementor-element-populated\">\n<div class=\"elementor-element elementor-element-7813d2a elementor-widget elementor-widget-image\" data-id=\"7813d2a\" data-element_type=\"widget\" data-widget_type=\"image.default\"><\/div>\n<\/div>\n<\/div>\n<\/div>\n<\/section>\n<\/li>\n<\/ol>","protected":false},"excerpt":{"rendered":"<p>Nous sommes un fabricant de jouets pour chiens avec plus de 20 ans d'exp\u00e9rience. Nous offrons des options de personnalisation pour la couleur, la taille, le tissu, le motif, le logo et d'autres caract\u00e9ristiques.<\/p>","protected":false},"featured_media":17771,"template":"","meta":{"_acf_changed":false},"product_brand":[],"product_cat":[72,48],"product_tag":[85],"class_list":{"0":"post-17776","1":"product","2":"type-product","3":"status-publish","4":"has-post-thumbnail","6":"product_cat-dog-supplies","7":"product_cat-dog-toys","8":"product_tag-dog-toys","10":"first","11":"instock","12":"shipping-taxable","13":"product-type-simple"},"acf":[],"yoast_head":"<!-- This site is optimized with the Yoast SEO plugin v27.1.1 - https:\/\/yoast.com\/product\/yoast-seo-wordpress\/ -->\n<title>dog toys without stuffing | Custom stuffing free dog toy - Petstar<\/title>\n<meta name=\"description\" content=\"Explore stuffing free dog toy,duck dog toy, interactive dog toys from the manufacturer. Your ideal business solution with Petstar.\" \/>\n<meta name=\"robots\" content=\"index, follow, max-snippet:-1, max-image-preview:large, max-video-preview:-1\" \/>\n<link rel=\"canonical\" href=\"https:\/\/petproducts.com.cn\/fr\/produit\/duck-dog-toys-without-stuffing-made-in-china\/\" \/>\n<meta property=\"og:locale\" content=\"fr_FR\" \/>\n<meta property=\"og:type\" content=\"article\" \/>\n<meta property=\"og:title\" content=\"dog toys without stuffing | Custom stuffing free dog toy - Petstar\" \/>\n<meta property=\"og:description\" content=\"Explore stuffing free dog toy,duck dog toy, interactive dog toys from the manufacturer. Your ideal business solution with Petstar.\" \/>\n<meta property=\"og:url\" content=\"https:\/\/petproducts.com.cn\/fr\/produit\/duck-dog-toys-without-stuffing-made-in-china\/\" \/>\n<meta property=\"og:site_name\" content=\"Petstar\" \/>\n<meta property=\"article:modified_time\" content=\"2023-12-19T08:29:12+00:00\" \/>\n<meta property=\"og:image\" content=\"https:\/\/petproducts.com.cn\/wp-content\/uploads\/2023\/12\/dog-toys-without-stuffing.webp\" \/>\n\t<meta property=\"og:image:width\" content=\"800\" \/>\n\t<meta property=\"og:image:height\" content=\"800\" \/>\n\t<meta property=\"og:image:type\" content=\"image\/webp\" \/>\n<meta name=\"twitter:card\" content=\"summary_large_image\" \/>\n<meta name=\"twitter:label1\" content=\"Dur\u00e9e de lecture estim\u00e9e\" \/>\n\t<meta name=\"twitter:data1\" content=\"2 minutes\" \/>\n<script type=\"application\/ld+json\" class=\"yoast-schema-graph\">{\"@context\":\"https:\/\/schema.org\",\"@graph\":[{\"@type\":\"WebPage\",\"@id\":\"https:\/\/petproducts.com.cn\/product\/duck-dog-toys-without-stuffing-made-in-china\/\",\"url\":\"https:\/\/petproducts.com.cn\/product\/duck-dog-toys-without-stuffing-made-in-china\/\",\"name\":\"dog toys without stuffing | Custom stuffing free dog toy - Petstar\",\"isPartOf\":{\"@id\":\"https:\/\/petproducts.com.cn\/#website\"},\"primaryImageOfPage\":{\"@id\":\"https:\/\/petproducts.com.cn\/product\/duck-dog-toys-without-stuffing-made-in-china\/#primaryimage\"},\"image\":{\"@id\":\"https:\/\/petproducts.com.cn\/product\/duck-dog-toys-without-stuffing-made-in-china\/#primaryimage\"},\"thumbnailUrl\":\"https:\/\/petproducts.com.cn\/wp-content\/uploads\/2023\/12\/dog-toys-without-stuffing.webp\",\"datePublished\":\"2023-12-19T08:27:37+00:00\",\"dateModified\":\"2023-12-19T08:29:12+00:00\",\"description\":\"Explore stuffing free dog toy,duck dog toy, interactive dog toys from the manufacturer. Your ideal business solution with Petstar.\",\"breadcrumb\":{\"@id\":\"https:\/\/petproducts.com.cn\/product\/duck-dog-toys-without-stuffing-made-in-china\/#breadcrumb\"},\"inLanguage\":\"fr-FR\",\"potentialAction\":[{\"@type\":\"ReadAction\",\"target\":[\"https:\/\/petproducts.com.cn\/product\/duck-dog-toys-without-stuffing-made-in-china\/\"]}]},{\"@type\":\"ImageObject\",\"inLanguage\":\"fr-FR\",\"@id\":\"https:\/\/petproducts.com.cn\/product\/duck-dog-toys-without-stuffing-made-in-china\/#primaryimage\",\"url\":\"https:\/\/petproducts.com.cn\/wp-content\/uploads\/2023\/12\/dog-toys-without-stuffing.webp\",\"contentUrl\":\"https:\/\/petproducts.com.cn\/wp-content\/uploads\/2023\/12\/dog-toys-without-stuffing.webp\",\"width\":800,\"height\":800,\"caption\":\"dog toys without stuffing\"},{\"@type\":\"BreadcrumbList\",\"@id\":\"https:\/\/petproducts.com.cn\/product\/duck-dog-toys-without-stuffing-made-in-china\/#breadcrumb\",\"itemListElement\":[{\"@type\":\"ListItem\",\"position\":1,\"name\":\"HOME\",\"item\":\"https:\/\/petproducts.com.cn\/\"},{\"@type\":\"ListItem\",\"position\":2,\"name\":\"Products\",\"item\":\"https:\/\/petproducts.com.cn\/shop\/\"},{\"@type\":\"ListItem\",\"position\":3,\"name\":\"Dog Toys\",\"item\":\"https:\/\/petproducts.com.cn\/product-category\/dog-toys\/\"},{\"@type\":\"ListItem\",\"position\":4,\"name\":\"Duck Dog Toys Without Stuffing Made In China\"}]},{\"@type\":\"WebSite\",\"@id\":\"https:\/\/petproducts.com.cn\/#website\",\"url\":\"https:\/\/petproducts.com.cn\/\",\"name\":\"Petstar\",\"description\":\"Leading Pet Supplies Manufacturer &amp; OEM Pet Products Supplier\",\"publisher\":{\"@id\":\"https:\/\/petproducts.com.cn\/#organization\"},\"alternateName\":\"Petstar Pet Supplies\",\"potentialAction\":[{\"@type\":\"SearchAction\",\"target\":{\"@type\":\"EntryPoint\",\"urlTemplate\":\"https:\/\/petproducts.com.cn\/?s={search_term_string}\"},\"query-input\":{\"@type\":\"PropertyValueSpecification\",\"valueRequired\":true,\"valueName\":\"search_term_string\"}}],\"inLanguage\":\"fr-FR\"},{\"@type\":\"Organization\",\"@id\":\"https:\/\/petproducts.com.cn\/#organization\",\"name\":\"Petstar\",\"url\":\"https:\/\/petproducts.com.cn\/\",\"logo\":{\"@type\":\"ImageObject\",\"inLanguage\":\"fr-FR\",\"@id\":\"https:\/\/petproducts.com.cn\/#\/schema\/logo\/image\/\",\"url\":\"https:\/\/petproducts.com.cn\/wp-content\/uploads\/2020\/02\/petstar-logo.webp\",\"contentUrl\":\"https:\/\/petproducts.com.cn\/wp-content\/uploads\/2020\/02\/petstar-logo.webp\",\"width\":779,\"height\":520,\"caption\":\"Petstar\"},\"image\":{\"@id\":\"https:\/\/petproducts.com.cn\/#\/schema\/logo\/image\/\"}}]}<\/script>\n<!-- \/ Yoast SEO plugin. -->","yoast_head_json":{"title":"jouets pour chien sans rembourrage | Jouet pour chien sans rembourrage personnalis\u00e9 - Petstar","description":"D\u00e9couvrez les jouets pour chiens sans rembourrage, les jouets pour chiens en forme de canard et les jouets interactifs pour chiens du fabricant. Votre solution commerciale id\u00e9ale avec Petstar.","robots":{"index":"index","follow":"follow","max-snippet":"max-snippet:-1","max-image-preview":"max-image-preview:large","max-video-preview":"max-video-preview:-1"},"canonical":"https:\/\/petproducts.com.cn\/fr\/produit\/duck-dog-toys-without-stuffing-made-in-china\/","og_locale":"fr_FR","og_type":"article","og_title":"dog toys without stuffing | Custom stuffing free dog toy - Petstar","og_description":"Explore stuffing free dog toy,duck dog toy, interactive dog toys from the manufacturer. Your ideal business solution with Petstar.","og_url":"https:\/\/petproducts.com.cn\/fr\/produit\/duck-dog-toys-without-stuffing-made-in-china\/","og_site_name":"Petstar","article_modified_time":"2023-12-19T08:29:12+00:00","og_image":[{"width":800,"height":800,"url":"https:\/\/petproducts.com.cn\/wp-content\/uploads\/2023\/12\/dog-toys-without-stuffing.webp","type":"image\/webp"}],"twitter_card":"summary_large_image","twitter_misc":{"Dur\u00e9e de lecture estim\u00e9e":"2 minutes"},"schema":{"@context":"https:\/\/schema.org","@graph":[{"@type":"WebPage","@id":"https:\/\/petproducts.com.cn\/product\/duck-dog-toys-without-stuffing-made-in-china\/","url":"https:\/\/petproducts.com.cn\/product\/duck-dog-toys-without-stuffing-made-in-china\/","name":"jouets pour chien sans rembourrage | Jouet pour chien sans rembourrage personnalis\u00e9 - Petstar","isPartOf":{"@id":"https:\/\/petproducts.com.cn\/#website"},"primaryImageOfPage":{"@id":"https:\/\/petproducts.com.cn\/product\/duck-dog-toys-without-stuffing-made-in-china\/#primaryimage"},"image":{"@id":"https:\/\/petproducts.com.cn\/product\/duck-dog-toys-without-stuffing-made-in-china\/#primaryimage"},"thumbnailUrl":"https:\/\/petproducts.com.cn\/wp-content\/uploads\/2023\/12\/dog-toys-without-stuffing.webp","datePublished":"2023-12-19T08:27:37+00:00","dateModified":"2023-12-19T08:29:12+00:00","description":"D\u00e9couvrez les jouets pour chiens sans rembourrage, les jouets pour chiens en forme de canard et les jouets interactifs pour chiens du fabricant. Votre solution commerciale id\u00e9ale avec Petstar.","breadcrumb":{"@id":"https:\/\/petproducts.com.cn\/product\/duck-dog-toys-without-stuffing-made-in-china\/#breadcrumb"},"inLanguage":"fr-FR","potentialAction":[{"@type":"ReadAction","target":["https:\/\/petproducts.com.cn\/product\/duck-dog-toys-without-stuffing-made-in-china\/"]}]},{"@type":"ImageObject","inLanguage":"fr-FR","@id":"https:\/\/petproducts.com.cn\/product\/duck-dog-toys-without-stuffing-made-in-china\/#primaryimage","url":"https:\/\/petproducts.com.cn\/wp-content\/uploads\/2023\/12\/dog-toys-without-stuffing.webp","contentUrl":"https:\/\/petproducts.com.cn\/wp-content\/uploads\/2023\/12\/dog-toys-without-stuffing.webp","width":800,"height":800,"caption":"dog toys without stuffing"},{"@type":"BreadcrumbList","@id":"https:\/\/petproducts.com.cn\/product\/duck-dog-toys-without-stuffing-made-in-china\/#breadcrumb","itemListElement":[{"@type":"ListItem","position":1,"name":"HOME","item":"https:\/\/petproducts.com.cn\/"},{"@type":"ListItem","position":2,"name":"Products","item":"https:\/\/petproducts.com.cn\/shop\/"},{"@type":"ListItem","position":3,"name":"Dog Toys","item":"https:\/\/petproducts.com.cn\/product-category\/dog-toys\/"},{"@type":"ListItem","position":4,"name":"Duck Dog Toys Without Stuffing Made In China"}]},{"@type":"WebSite","@id":"https:\/\/petproducts.com.cn\/#website","url":"https:\/\/petproducts.com.cn\/","name":"Petstar","description":"Fabricant leader de fournitures pour animaux de compagnie et fournisseur OEM de produits pour animaux de compagnie","publisher":{"@id":"https:\/\/petproducts.com.cn\/#organization"},"alternateName":"Petstar Pet Supplies","potentialAction":[{"@type":"SearchAction","target":{"@type":"EntryPoint","urlTemplate":"https:\/\/petproducts.com.cn\/?s={search_term_string}"},"query-input":{"@type":"PropertyValueSpecification","valueRequired":true,"valueName":"search_term_string"}}],"inLanguage":"fr-FR"},{"@type":"Organization","@id":"https:\/\/petproducts.com.cn\/#organization","name":"Petstar","url":"https:\/\/petproducts.com.cn\/","logo":{"@type":"ImageObject","inLanguage":"fr-FR","@id":"https:\/\/petproducts.com.cn\/#\/schema\/logo\/image\/","url":"https:\/\/petproducts.com.cn\/wp-content\/uploads\/2020\/02\/petstar-logo.webp","contentUrl":"https:\/\/petproducts.com.cn\/wp-content\/uploads\/2020\/02\/petstar-logo.webp","width":779,"height":520,"caption":"Petstar"},"image":{"@id":"https:\/\/petproducts.com.cn\/#\/schema\/logo\/image\/"}}]}},"_links":{"self":[{"href":"https:\/\/petproducts.com.cn\/fr\/wp-json\/wp\/v2\/product\/17776","targetHints":{"allow":["GET"]}}],"collection":[{"href":"https:\/\/petproducts.com.cn\/fr\/wp-json\/wp\/v2\/product"}],"about":[{"href":"https:\/\/petproducts.com.cn\/fr\/wp-json\/wp\/v2\/types\/product"}],"version-history":[{"count":2,"href":"https:\/\/petproducts.com.cn\/fr\/wp-json\/wp\/v2\/product\/17776\/revisions"}],"predecessor-version":[{"id":17778,"href":"https:\/\/petproducts.com.cn\/fr\/wp-json\/wp\/v2\/product\/17776\/revisions\/17778"}],"wp:featuredmedia":[{"embeddable":true,"href":"https:\/\/petproducts.com.cn\/fr\/wp-json\/wp\/v2\/media\/17771"}],"wp:attachment":[{"href":"https:\/\/petproducts.com.cn\/fr\/wp-json\/wp\/v2\/media?parent=17776"}],"wp:term":[{"taxonomy":"product_brand","embeddable":true,"href":"https:\/\/petproducts.com.cn\/fr\/wp-json\/wp\/v2\/product_brand?post=17776"},{"taxonomy":"product_cat","embeddable":true,"href":"https:\/\/petproducts.com.cn\/fr\/wp-json\/wp\/v2\/product_cat?post=17776"},{"taxonomy":"product_tag","embeddable":true,"href":"https:\/\/petproducts.com.cn\/fr\/wp-json\/wp\/v2\/product_tag?post=17776"}],"curies":[{"name":"wp","href":"https:\/\/api.w.org\/{rel}","templated":true}]}}