{"id":17914,"date":"2023-12-20T08:50:41","date_gmt":"2023-12-20T08:50:41","guid":{"rendered":"https:\/\/petproducts.com.cn\/?post_type=product&#038;p=17914"},"modified":"2023-12-20T08:57:55","modified_gmt":"2023-12-20T08:57:55","slug":"cheap-dog-rope-chew-toys-wild-boar-design","status":"publish","type":"product","link":"https:\/\/petproducts.com.cn\/fr\/product\/cheap-dog-rope-chew-toys-wild-boar-design\/","title":{"rendered":"Cheap Dog Rope Chew Toys Wild Boar Design"},"content":{"rendered":"<h1><strong>Cheap Dog Toy With Rope Inside by PetStar<\/strong><\/h1>\n<p>Embark on a journey with PetStar, your trusted source for dog rope chew toys, offering the perfect blend of fun, durability, and safety. Moreover ,explore the advantages of our innovative and stuffing-free design, providing pets with engaging playtime experiences.<\/p>\n<div class=\"elementor-element elementor-element-a7c4552 elementor-widget elementor-widget-text-editor\" data-id=\"a7c4552\" data-element_type=\"widget\" data-widget_type=\"text-editor.default\">\n<div class=\"elementor-widget-container\">\n<div class=\"elementor-element elementor-element-d9b9340 elementor-widget elementor-widget-heading\" data-id=\"d9b9340\" data-element_type=\"widget\" data-widget_type=\"heading.default\">\n<div class=\"elementor-widget-container\">\n<div class=\"flex-1 overflow-hidden\">\n<div class=\"react-scroll-to-bottom--css-exppp-79elbk h-full\">\n<div class=\"react-scroll-to-bottom--css-exppp-1n7m0yu\">\n<div class=\"flex flex-col pb-9 text-sm\">\n<div class=\"w-full text-token-text-primary\" data-testid=\"conversation-turn-7\">\n<div class=\"px-4 py-2 justify-center text-base md:gap-6 m-auto\">\n<div class=\"flex flex-1 text-base mx-auto gap-3 md:px-5 lg:px-1 xl:px-5 md:max-w-3xl lg:max-w-[40rem] xl:max-w-[48rem] group final-completion\">\n<div class=\"relative flex w-full flex-col lg:w-[calc(100%-115px)] agent-turn\">\n<div class=\"flex-col gap-1 md:gap-3\">\n<div class=\"flex flex-grow flex-col max-w-full\">\n<div class=\"min-h-[20px] text-message flex flex-col items-start gap-3 whitespace-pre-wrap break-words [.text-message+&amp;]:mt-5 overflow-x-auto\" data-message-author-role=\"assistant\" data-message-id=\"d72ebca4-b876-462d-8a2c-dcb550962104\">\n<div class=\"markdown prose w-full break-words dark:prose-invert dark\">\n<p><strong>Our Advantages:<\/strong><\/p>\n<\/div>\n<\/div>\n<\/div>\n<\/div>\n<\/div>\n<\/div>\n<\/div>\n<\/div>\n<\/div>\n<\/div>\n<\/div>\n<\/div>\n<\/div>\n<\/div>\n<\/div>\n<\/div>\n<section class=\"elementor-section elementor-inner-section elementor-element elementor-element-f60d551 elementor-section-boxed elementor-section-height-default elementor-section-height-default\" data-id=\"f60d551\" data-element_type=\"section\">\n<div class=\"elementor-container elementor-column-gap-default\">\n<div class=\"elementor-column elementor-col-25 elementor-inner-column elementor-element elementor-element-ddcc331\" data-id=\"ddcc331\" data-element_type=\"column\">\n<div class=\"elementor-widget-wrap elementor-element-populated\">\n<div class=\"elementor-element elementor-element-7813d2a elementor-widget elementor-widget-image\" data-id=\"7813d2a\" data-element_type=\"widget\" data-widget_type=\"image.default\">\n<div class=\"flex-1 overflow-hidden\">\n<div class=\"react-scroll-to-bottom--css-oadpv-79elbk h-full\">\n<div class=\"react-scroll-to-bottom--css-oadpv-1n7m0yu\">\n<div class=\"flex flex-col pb-9 text-sm\">\n<div class=\"w-full text-token-text-primary\" data-testid=\"conversation-turn-35\">\n<div class=\"px-4 py-2 justify-center text-base md:gap-6 m-auto\">\n<div class=\"flex flex-1 text-base mx-auto gap-3 md:px-5 lg:px-1 xl:px-5 md:max-w-3xl lg:max-w-[40rem] xl:max-w-[48rem] group final-completion\">\n<div class=\"relative flex w-full flex-col lg:w-[calc(100%-115px)] agent-turn\">\n<div class=\"flex-col gap-1 md:gap-3\">\n<div class=\"flex flex-grow flex-col max-w-full\">\n<div class=\"min-h-[20px] text-message flex flex-col items-start gap-3 whitespace-pre-wrap break-words [.text-message+&amp;]:mt-5 overflow-x-auto\" data-message-author-role=\"assistant\" data-message-id=\"22e07ee2-f82a-4de0-b6bd-7dd64abd24d2\">\n<div class=\"markdown prose w-full break-words dark:prose-invert dark\">\n<ol>\n<li><strong>Durable Rope Chew Design:<\/strong> Crafted with durability in mind, PetStar&#8217;s wild boar dog toys guarantee long-lasting fun. The woven rope construction not only provides a satisfying chewing experience but also promotes dental health by helping to clean your pet&#8217;s teeth and gums during play.<\/li>\n<li><strong>Whimsical Wild Boar Appeal:<\/strong> The wild boar design adds a playful twist to traditional rope toys. PetStar&#8217;s attention to detail ensures that our cheap dog chew toys capture the essence of a wild boar, making them visually appealing and stimulating for your pet&#8217;s natural instincts.<\/li>\n<li><strong>Versatile Chew and Play:<\/strong> PetStar&#8217;s dog chew toys are versatile, offering both chewing satisfaction and interactive play. Whether your pet enjoys solo chewing sessions or engages in a friendly game of tug-of-war, our cheap dog chew toys cater to various play preferences.<\/li>\n<li><strong>Keyword-Optimized Affordability:<\/strong> PetStar remains committed to meeting market demands, including the popularity of &#8220;dog rope chew toys.&#8221; Our dedication to affordability, combined with keyword optimization, ensures that our wild boar-designed chew toys stand out as a cost-effective and enjoyable choice for pet owners.<\/li>\n<\/ol>\n<p>Choose PetStar for budget-friendly dog chew toys featuring a whimsical wild boar design\u2014where quality meets affordability, and playtime becomes a delightful experience for pets and their owners alike.<\/p>\n<\/div>\n<\/div>\n<\/div>\n<\/div>\n<\/div>\n<\/div>\n<\/div>\n<\/div>\n<\/div>\n<\/div>\n<\/div>\n<\/div>\n<\/div>\n<\/div>\n<\/div>\n<\/div>\n<\/section>\n","protected":false},"excerpt":{"rendered":"<p>Nous sommes un fabricant de jouets pour chiens avec plus de 20 ans d'exp\u00e9rience. Nous offrons des options de personnalisation pour la couleur, la taille, le tissu, le motif, le logo et d'autres caract\u00e9ristiques.<\/p>","protected":false},"featured_media":17921,"template":"","meta":{"_acf_changed":false},"product_brand":[],"product_cat":[72,48],"product_tag":[85],"class_list":{"0":"post-17914","1":"product","2":"type-product","3":"status-publish","4":"has-post-thumbnail","6":"product_cat-dog-supplies","7":"product_cat-dog-toys","8":"product_tag-dog-toys","10":"first","11":"instock","12":"shipping-taxable","13":"product-type-simple"},"acf":[],"yoast_head":"<!-- This site is optimized with the Yoast SEO plugin v27.1.1 - https:\/\/yoast.com\/product\/yoast-seo-wordpress\/ -->\n<title>dog rope chew toys manufacturer - Petstar<\/title>\n<meta name=\"description\" content=\"Explore dog rope chew toys,dog toys stuffing free, interactive dog toys from the manufacturer. Your ideal business solution with Petstar.\" \/>\n<meta name=\"robots\" content=\"index, follow, max-snippet:-1, max-image-preview:large, max-video-preview:-1\" \/>\n<link rel=\"canonical\" href=\"https:\/\/petproducts.com.cn\/fr\/produit\/cheap-dog-rope-chew-toys-wild-boar-design\/\" \/>\n<meta property=\"og:locale\" content=\"fr_FR\" \/>\n<meta property=\"og:type\" content=\"article\" \/>\n<meta property=\"og:title\" content=\"dog rope chew toys manufacturer - Petstar\" \/>\n<meta property=\"og:description\" content=\"Explore dog rope chew toys,dog toys stuffing free, interactive dog toys from the manufacturer. Your ideal business solution with Petstar.\" \/>\n<meta property=\"og:url\" content=\"https:\/\/petproducts.com.cn\/fr\/produit\/cheap-dog-rope-chew-toys-wild-boar-design\/\" \/>\n<meta property=\"og:site_name\" content=\"Petstar\" \/>\n<meta property=\"article:modified_time\" content=\"2023-12-20T08:57:55+00:00\" \/>\n<meta property=\"og:image\" content=\"https:\/\/petproducts.com.cn\/wp-content\/uploads\/2023\/12\/dog-rope-chew-toys.webp\" \/>\n\t<meta property=\"og:image:width\" content=\"800\" \/>\n\t<meta property=\"og:image:height\" content=\"800\" \/>\n\t<meta property=\"og:image:type\" content=\"image\/webp\" \/>\n<meta name=\"twitter:card\" content=\"summary_large_image\" \/>\n<meta name=\"twitter:label1\" content=\"Dur\u00e9e de lecture estim\u00e9e\" \/>\n\t<meta name=\"twitter:data1\" content=\"2 minutes\" \/>\n<script type=\"application\/ld+json\" class=\"yoast-schema-graph\">{\"@context\":\"https:\/\/schema.org\",\"@graph\":[{\"@type\":\"WebPage\",\"@id\":\"https:\/\/petproducts.com.cn\/product\/cheap-dog-rope-chew-toys-wild-boar-design\/\",\"url\":\"https:\/\/petproducts.com.cn\/product\/cheap-dog-rope-chew-toys-wild-boar-design\/\",\"name\":\"dog rope chew toys manufacturer - Petstar\",\"isPartOf\":{\"@id\":\"https:\/\/petproducts.com.cn\/#website\"},\"primaryImageOfPage\":{\"@id\":\"https:\/\/petproducts.com.cn\/product\/cheap-dog-rope-chew-toys-wild-boar-design\/#primaryimage\"},\"image\":{\"@id\":\"https:\/\/petproducts.com.cn\/product\/cheap-dog-rope-chew-toys-wild-boar-design\/#primaryimage\"},\"thumbnailUrl\":\"https:\/\/petproducts.com.cn\/wp-content\/uploads\/2023\/12\/dog-rope-chew-toys.webp\",\"datePublished\":\"2023-12-20T08:50:41+00:00\",\"dateModified\":\"2023-12-20T08:57:55+00:00\",\"description\":\"Explore dog rope chew toys,dog toys stuffing free, interactive dog toys from the manufacturer. Your ideal business solution with Petstar.\",\"breadcrumb\":{\"@id\":\"https:\/\/petproducts.com.cn\/product\/cheap-dog-rope-chew-toys-wild-boar-design\/#breadcrumb\"},\"inLanguage\":\"fr-FR\",\"potentialAction\":[{\"@type\":\"ReadAction\",\"target\":[\"https:\/\/petproducts.com.cn\/product\/cheap-dog-rope-chew-toys-wild-boar-design\/\"]}]},{\"@type\":\"ImageObject\",\"inLanguage\":\"fr-FR\",\"@id\":\"https:\/\/petproducts.com.cn\/product\/cheap-dog-rope-chew-toys-wild-boar-design\/#primaryimage\",\"url\":\"https:\/\/petproducts.com.cn\/wp-content\/uploads\/2023\/12\/dog-rope-chew-toys.webp\",\"contentUrl\":\"https:\/\/petproducts.com.cn\/wp-content\/uploads\/2023\/12\/dog-rope-chew-toys.webp\",\"width\":800,\"height\":800,\"caption\":\"dog rope chew toys\"},{\"@type\":\"BreadcrumbList\",\"@id\":\"https:\/\/petproducts.com.cn\/product\/cheap-dog-rope-chew-toys-wild-boar-design\/#breadcrumb\",\"itemListElement\":[{\"@type\":\"ListItem\",\"position\":1,\"name\":\"HOME\",\"item\":\"https:\/\/petproducts.com.cn\/\"},{\"@type\":\"ListItem\",\"position\":2,\"name\":\"Products\",\"item\":\"https:\/\/petproducts.com.cn\/shop\/\"},{\"@type\":\"ListItem\",\"position\":3,\"name\":\"Dog Toys\",\"item\":\"https:\/\/petproducts.com.cn\/product-category\/dog-toys\/\"},{\"@type\":\"ListItem\",\"position\":4,\"name\":\"Cheap Dog Rope Chew Toys Wild Boar Design\"}]},{\"@type\":\"WebSite\",\"@id\":\"https:\/\/petproducts.com.cn\/#website\",\"url\":\"https:\/\/petproducts.com.cn\/\",\"name\":\"Petstar\",\"description\":\"Leading Pet Supplies Manufacturer &amp; OEM Pet Products Supplier\",\"publisher\":{\"@id\":\"https:\/\/petproducts.com.cn\/#organization\"},\"alternateName\":\"Petstar Pet Supplies\",\"potentialAction\":[{\"@type\":\"SearchAction\",\"target\":{\"@type\":\"EntryPoint\",\"urlTemplate\":\"https:\/\/petproducts.com.cn\/?s={search_term_string}\"},\"query-input\":{\"@type\":\"PropertyValueSpecification\",\"valueRequired\":true,\"valueName\":\"search_term_string\"}}],\"inLanguage\":\"fr-FR\"},{\"@type\":\"Organization\",\"@id\":\"https:\/\/petproducts.com.cn\/#organization\",\"name\":\"Petstar\",\"url\":\"https:\/\/petproducts.com.cn\/\",\"logo\":{\"@type\":\"ImageObject\",\"inLanguage\":\"fr-FR\",\"@id\":\"https:\/\/petproducts.com.cn\/#\/schema\/logo\/image\/\",\"url\":\"https:\/\/petproducts.com.cn\/wp-content\/uploads\/2020\/02\/petstar-logo.webp\",\"contentUrl\":\"https:\/\/petproducts.com.cn\/wp-content\/uploads\/2020\/02\/petstar-logo.webp\",\"width\":779,\"height\":520,\"caption\":\"Petstar\"},\"image\":{\"@id\":\"https:\/\/petproducts.com.cn\/#\/schema\/logo\/image\/\"}}]}<\/script>\n<!-- \/ Yoast SEO plugin. -->","yoast_head_json":{"title":"fabricant de jouets \u00e0 m\u00e2cher en corde pour chiens - Petstar","description":"D\u00e9couvrez les jouets \u00e0 m\u00e2cher en corde pour chien, les jouets pour chien sans rembourrage, les jouets interactifs pour chien du fabricant. Votre solution commerciale id\u00e9ale avec Petstar.","robots":{"index":"index","follow":"follow","max-snippet":"max-snippet:-1","max-image-preview":"max-image-preview:large","max-video-preview":"max-video-preview:-1"},"canonical":"https:\/\/petproducts.com.cn\/fr\/produit\/cheap-dog-rope-chew-toys-wild-boar-design\/","og_locale":"fr_FR","og_type":"article","og_title":"dog rope chew toys manufacturer - Petstar","og_description":"Explore dog rope chew toys,dog toys stuffing free, interactive dog toys from the manufacturer. Your ideal business solution with Petstar.","og_url":"https:\/\/petproducts.com.cn\/fr\/produit\/cheap-dog-rope-chew-toys-wild-boar-design\/","og_site_name":"Petstar","article_modified_time":"2023-12-20T08:57:55+00:00","og_image":[{"width":800,"height":800,"url":"https:\/\/petproducts.com.cn\/wp-content\/uploads\/2023\/12\/dog-rope-chew-toys.webp","type":"image\/webp"}],"twitter_card":"summary_large_image","twitter_misc":{"Dur\u00e9e de lecture estim\u00e9e":"2 minutes"},"schema":{"@context":"https:\/\/schema.org","@graph":[{"@type":"WebPage","@id":"https:\/\/petproducts.com.cn\/product\/cheap-dog-rope-chew-toys-wild-boar-design\/","url":"https:\/\/petproducts.com.cn\/product\/cheap-dog-rope-chew-toys-wild-boar-design\/","name":"fabricant de jouets \u00e0 m\u00e2cher en corde pour chiens - Petstar","isPartOf":{"@id":"https:\/\/petproducts.com.cn\/#website"},"primaryImageOfPage":{"@id":"https:\/\/petproducts.com.cn\/product\/cheap-dog-rope-chew-toys-wild-boar-design\/#primaryimage"},"image":{"@id":"https:\/\/petproducts.com.cn\/product\/cheap-dog-rope-chew-toys-wild-boar-design\/#primaryimage"},"thumbnailUrl":"https:\/\/petproducts.com.cn\/wp-content\/uploads\/2023\/12\/dog-rope-chew-toys.webp","datePublished":"2023-12-20T08:50:41+00:00","dateModified":"2023-12-20T08:57:55+00:00","description":"D\u00e9couvrez les jouets \u00e0 m\u00e2cher en corde pour chien, les jouets pour chien sans rembourrage, les jouets interactifs pour chien du fabricant. Votre solution commerciale id\u00e9ale avec Petstar.","breadcrumb":{"@id":"https:\/\/petproducts.com.cn\/product\/cheap-dog-rope-chew-toys-wild-boar-design\/#breadcrumb"},"inLanguage":"fr-FR","potentialAction":[{"@type":"ReadAction","target":["https:\/\/petproducts.com.cn\/product\/cheap-dog-rope-chew-toys-wild-boar-design\/"]}]},{"@type":"ImageObject","inLanguage":"fr-FR","@id":"https:\/\/petproducts.com.cn\/product\/cheap-dog-rope-chew-toys-wild-boar-design\/#primaryimage","url":"https:\/\/petproducts.com.cn\/wp-content\/uploads\/2023\/12\/dog-rope-chew-toys.webp","contentUrl":"https:\/\/petproducts.com.cn\/wp-content\/uploads\/2023\/12\/dog-rope-chew-toys.webp","width":800,"height":800,"caption":"dog rope chew toys"},{"@type":"BreadcrumbList","@id":"https:\/\/petproducts.com.cn\/product\/cheap-dog-rope-chew-toys-wild-boar-design\/#breadcrumb","itemListElement":[{"@type":"ListItem","position":1,"name":"HOME","item":"https:\/\/petproducts.com.cn\/"},{"@type":"ListItem","position":2,"name":"Products","item":"https:\/\/petproducts.com.cn\/shop\/"},{"@type":"ListItem","position":3,"name":"Dog Toys","item":"https:\/\/petproducts.com.cn\/product-category\/dog-toys\/"},{"@type":"ListItem","position":4,"name":"Cheap Dog Rope Chew Toys Wild Boar Design"}]},{"@type":"WebSite","@id":"https:\/\/petproducts.com.cn\/#website","url":"https:\/\/petproducts.com.cn\/","name":"Petstar","description":"Fabricant leader de fournitures pour animaux de compagnie et fournisseur OEM de produits pour animaux de compagnie","publisher":{"@id":"https:\/\/petproducts.com.cn\/#organization"},"alternateName":"Petstar Pet Supplies","potentialAction":[{"@type":"SearchAction","target":{"@type":"EntryPoint","urlTemplate":"https:\/\/petproducts.com.cn\/?s={search_term_string}"},"query-input":{"@type":"PropertyValueSpecification","valueRequired":true,"valueName":"search_term_string"}}],"inLanguage":"fr-FR"},{"@type":"Organization","@id":"https:\/\/petproducts.com.cn\/#organization","name":"Petstar","url":"https:\/\/petproducts.com.cn\/","logo":{"@type":"ImageObject","inLanguage":"fr-FR","@id":"https:\/\/petproducts.com.cn\/#\/schema\/logo\/image\/","url":"https:\/\/petproducts.com.cn\/wp-content\/uploads\/2020\/02\/petstar-logo.webp","contentUrl":"https:\/\/petproducts.com.cn\/wp-content\/uploads\/2020\/02\/petstar-logo.webp","width":779,"height":520,"caption":"Petstar"},"image":{"@id":"https:\/\/petproducts.com.cn\/#\/schema\/logo\/image\/"}}]}},"_links":{"self":[{"href":"https:\/\/petproducts.com.cn\/fr\/wp-json\/wp\/v2\/product\/17914","targetHints":{"allow":["GET"]}}],"collection":[{"href":"https:\/\/petproducts.com.cn\/fr\/wp-json\/wp\/v2\/product"}],"about":[{"href":"https:\/\/petproducts.com.cn\/fr\/wp-json\/wp\/v2\/types\/product"}],"version-history":[{"count":1,"href":"https:\/\/petproducts.com.cn\/fr\/wp-json\/wp\/v2\/product\/17914\/revisions"}],"predecessor-version":[{"id":17923,"href":"https:\/\/petproducts.com.cn\/fr\/wp-json\/wp\/v2\/product\/17914\/revisions\/17923"}],"wp:featuredmedia":[{"embeddable":true,"href":"https:\/\/petproducts.com.cn\/fr\/wp-json\/wp\/v2\/media\/17921"}],"wp:attachment":[{"href":"https:\/\/petproducts.com.cn\/fr\/wp-json\/wp\/v2\/media?parent=17914"}],"wp:term":[{"taxonomy":"product_brand","embeddable":true,"href":"https:\/\/petproducts.com.cn\/fr\/wp-json\/wp\/v2\/product_brand?post=17914"},{"taxonomy":"product_cat","embeddable":true,"href":"https:\/\/petproducts.com.cn\/fr\/wp-json\/wp\/v2\/product_cat?post=17914"},{"taxonomy":"product_tag","embeddable":true,"href":"https:\/\/petproducts.com.cn\/fr\/wp-json\/wp\/v2\/product_tag?post=17914"}],"curies":[{"name":"wp","href":"https:\/\/api.w.org\/{rel}","templated":true}]}}