{"id":18071,"date":"2023-12-23T06:53:00","date_gmt":"2023-12-23T06:53:00","guid":{"rendered":"https:\/\/petproducts.com.cn\/?post_type=product&#038;p=18071"},"modified":"2024-09-09T07:30:20","modified_gmt":"2024-09-09T07:30:20","slug":"crinkle-sound-dog-toy-ostrich-foot-wtih-custom-design","status":"publish","type":"product","link":"https:\/\/petproducts.com.cn\/fr\/product\/crinkle-sound-dog-toy-ostrich-foot-wtih-custom-design\/","title":{"rendered":"Jouet pour chien \u00e0 son froiss\u00e9, pied d&#039;autruche avec conception personnalis\u00e9e"},"content":{"rendered":"<h2><strong>Crinkle Sound Dog Toy Ostrich Foot with Custom Design by PetStar<\/strong><\/h2>\n<p>Continue your journey into the realm of captivating pet toys with PetStar&#8217;s crinkle sound dog toy\u2014an immersive experience featuring the intriguing Ostrich Foot theme, the engaging allure of crinkle paper inside, and the comforting touch of soft plush. Explore the tailored advantages designed for supermarkets, wholesalers, and online shops.<\/p>\n<h3>Our Advantage:<\/h3>\n<div class=\"flex-1 overflow-hidden\">\n<div class=\"react-scroll-to-bottom--css-wmzyx-79elbk h-full\">\n<div class=\"react-scroll-to-bottom--css-wmzyx-1n7m0yu\">\n<div class=\"flex flex-col pb-9 text-sm\">\n<div class=\"w-full text-token-text-primary\" data-testid=\"conversation-turn-41\">\n<div class=\"px-4 py-2 justify-center text-base md:gap-6 m-auto\">\n<div class=\"flex flex-1 text-base mx-auto gap-3 md:px-5 lg:px-1 xl:px-5 md:max-w-3xl lg:max-w-[40rem] xl:max-w-[48rem] group final-completion\">\n<div class=\"relative flex w-full flex-col lg:w-[calc(100%-115px)] agent-turn\">\n<div class=\"flex-col gap-1 md:gap-3\">\n<div class=\"flex flex-grow flex-col max-w-full\">\n<div class=\"min-h-[20px] text-message flex flex-col items-start gap-3 whitespace-pre-wrap break-words [.text-message+&amp;]:mt-5 overflow-x-auto\" data-message-author-role=\"assistant\" data-message-id=\"05065ac7-b1a6-42ea-bf88-65c1ffea29ec\">\n<div class=\"markdown prose w-full break-words dark:prose-invert dark\">\n<div class=\"flex-1 overflow-hidden\">\n<div class=\"react-scroll-to-bottom--css-wmzyx-79elbk h-full\">\n<div class=\"react-scroll-to-bottom--css-wmzyx-1n7m0yu\">\n<div class=\"flex flex-col pb-9 text-sm\">\n<div class=\"w-full text-token-text-primary\" data-testid=\"conversation-turn-45\">\n<div class=\"px-4 py-2 justify-center text-base md:gap-6 m-auto\">\n<div class=\"flex flex-1 text-base mx-auto gap-3 md:px-5 lg:px-1 xl:px-5 md:max-w-3xl lg:max-w-[40rem] xl:max-w-[48rem] group final-completion\">\n<div class=\"relative flex w-full flex-col lg:w-[calc(100%-115px)] agent-turn\">\n<div class=\"flex-col gap-1 md:gap-3\">\n<div class=\"flex flex-grow flex-col max-w-full\">\n<div class=\"min-h-[20px] text-message flex flex-col items-start gap-3 whitespace-pre-wrap break-words [.text-message+&amp;]:mt-5 overflow-x-auto\" data-message-author-role=\"assistant\" data-message-id=\"3893856c-f3c3-4f37-b12f-2a00476ff222\">\n<div class=\"markdown prose w-full break-words dark:prose-invert dark\">\n<div class=\"flex-1 overflow-hidden\">\n<div class=\"react-scroll-to-bottom--css-txmod-79elbk h-full\">\n<div class=\"react-scroll-to-bottom--css-txmod-1n7m0yu\">\n<div class=\"flex flex-col pb-9 text-sm\">\n<div class=\"w-full text-token-text-primary\" data-testid=\"conversation-turn-47\">\n<div class=\"px-4 py-2 justify-center text-base md:gap-6 m-auto\">\n<div class=\"flex flex-1 text-base mx-auto gap-3 md:px-5 lg:px-1 xl:px-5 md:max-w-3xl lg:max-w-[40rem] xl:max-w-[48rem] group final-completion\">\n<div class=\"relative flex w-full flex-col lg:w-[calc(100%-115px)] agent-turn\">\n<div class=\"flex-col gap-1 md:gap-3\">\n<div class=\"flex flex-grow flex-col max-w-full\">\n<div class=\"min-h-[20px] text-message flex flex-col items-start gap-3 whitespace-pre-wrap break-words [.text-message+&amp;]:mt-5 overflow-x-auto\" data-message-author-role=\"assistant\" data-message-id=\"a03a5196-91bd-4db1-8128-584c2017c454\">\n<div class=\"markdown prose w-full break-words dark:prose-invert dark\">\n<footer class=\"p-4\">\n<div class=\"flex items-center justify-between space-x-2\">\n<div class=\"n-auto-complete\">\n<div class=\"n-input n-input--textarea n-input--autosize n-input--stateful\">\n<div class=\"n-input-wrapper\">\n<div class=\"n-input__textarea n-scrollbar\" role=\"none\">\n<div class=\"w-full pt-2 md:pt-0 dark:border-white\/20 md:border-transparent md:dark:border-transparent md:w-[calc(100%-.5rem)]\">\n<form class=\"stretch mx-2 flex flex-row gap-3 last:mb-2 md:mx-4 md:last:mb-6 lg:mx-auto lg:max-w-2xl xl:max-w-3xl\">\n<div class=\"relative flex h-full flex-1 items-stretch md:flex-col\">\n<div class=\"flex w-full items-center\">\n<ol>\n<li><strong>Immersive Ostrich Foot Theme. <\/strong>Transition seamlessly into an immersive safari experience with PetStar&#8217;s crinkle sound dog toy, spotlighting the distinctive Ostrich Foot theme. Besides,this captivating theme creates a visual spectacle that effortlessly stands out on supermarket shelves, capturing the interest of online shoppers seeking unique pet products.<\/li>\n<li><strong>Plush Comfort :<\/strong> Furthermore, PetStar&#8217;s Ostrich Foot toy is crafted with soft plush material, providing a haven of comfort during cuddle sessions. Transition into offering not just a toy but a plush companion that pets can snuggle with\u2014an appealing feature for pet owners seeking both play and comfort for their furry friends.<\/li>\n<li><strong>Custom Design Flexibility:<\/strong> PetStar offers the flexibility of custom design, allowing retailers to seamlessly transition into showcasing unique brand identity. Moreover,with custom design options, the Ostrich Foot toy becomes a canvas for retailers to express creativity, enhancing brand recognition in supermarkets and online shops.<\/li>\n<\/ol>\n<p>In addition, wholesalers, and online shops\u2014seamlessly transition into offering PetStar&#8217;s crinkle dog toy with the captivating Ostrich Foot theme. Elevate your pet product offerings with visually appealing, comforting, and customizable toys designed for pet owners seeking a symphony of safari-inspired delight for their furry companions<\/p>\n<\/div>\n<\/div>\n<\/form>\n<\/div>\n<\/div>\n<\/div>\n<\/div>\n<\/div>\n<\/div>\n<\/footer>\n<\/div>\n<\/div>\n<\/div>\n<\/div>\n<\/div>\n<\/div>\n<\/div>\n<\/div>\n<\/div>\n<\/div>\n<\/div>\n<\/div>\n<\/div>\n<\/div>\n<\/div>\n<\/div>\n<\/div>\n<\/div>\n<\/div>\n<\/div>\n<\/div>\n<\/div>\n<\/div>\n<\/div>\n<\/div>\n<\/div>\n<\/div>\n<\/div>\n<\/div>\n<\/div>\n<\/div>\n<\/div>\n<\/div>\n<\/div>\n<\/div>\n<\/div>\n","protected":false},"excerpt":{"rendered":"<p>Nous sommes un fabricant de jouets pour chiens avec plus de 20 ans d'exp\u00e9rience. Nous offrons des options de personnalisation pour la couleur, la taille, le tissu, le motif, le logo et d'autres caract\u00e9ristiques.<\/p>","protected":false},"featured_media":18072,"template":"","meta":{"_acf_changed":false},"product_brand":[],"product_cat":[72,48],"product_tag":[231,245],"class_list":{"0":"post-18071","1":"product","2":"type-product","3":"status-publish","4":"has-post-thumbnail","6":"product_cat-dog-supplies","7":"product_cat-dog-toys","8":"product_tag-dog-plush-toys","9":"product_tag-dog-rope-toys","11":"first","12":"instock","13":"shipping-taxable","14":"product-type-simple"},"acf":[],"yoast_head":"<!-- This site is optimized with the Yoast SEO plugin v27.1.1 - https:\/\/yoast.com\/product\/yoast-seo-wordpress\/ -->\n<title>crinkle sound dog toy wholesale | Custom durable dog toy - Petstar<\/title>\n<meta name=\"description\" content=\"Explore crinkle sound dog toy,ostrich dog toy, interactive dog toys from the manufacturer. Your ideal business solution with Petstar.\" \/>\n<meta name=\"robots\" content=\"index, follow, max-snippet:-1, max-image-preview:large, max-video-preview:-1\" \/>\n<link rel=\"canonical\" href=\"https:\/\/petproducts.com.cn\/fr\/produit\/crinkle-sound-dog-toy-ostrich-foot-wtih-custom-design\/\" \/>\n<meta property=\"og:locale\" content=\"fr_FR\" \/>\n<meta property=\"og:type\" content=\"article\" \/>\n<meta property=\"og:title\" content=\"crinkle sound dog toy wholesale | Custom durable dog toy - Petstar\" \/>\n<meta property=\"og:description\" content=\"Explore crinkle sound dog toy,ostrich dog toy, interactive dog toys from the manufacturer. Your ideal business solution with Petstar.\" \/>\n<meta property=\"og:url\" content=\"https:\/\/petproducts.com.cn\/fr\/produit\/crinkle-sound-dog-toy-ostrich-foot-wtih-custom-design\/\" \/>\n<meta property=\"og:site_name\" content=\"Petstar\" \/>\n<meta property=\"article:modified_time\" content=\"2024-09-09T07:30:20+00:00\" \/>\n<meta property=\"og:image\" content=\"https:\/\/petproducts.com.cn\/wp-content\/uploads\/2023\/12\/crinkle-sound-dog-toy.jpg\" \/>\n\t<meta property=\"og:image:width\" content=\"800\" \/>\n\t<meta property=\"og:image:height\" content=\"800\" \/>\n\t<meta property=\"og:image:type\" content=\"image\/jpeg\" \/>\n<meta name=\"twitter:card\" content=\"summary_large_image\" \/>\n<meta name=\"twitter:label1\" content=\"Dur\u00e9e de lecture estim\u00e9e\" \/>\n\t<meta name=\"twitter:data1\" content=\"2 minutes\" \/>\n<script type=\"application\/ld+json\" class=\"yoast-schema-graph\">{\"@context\":\"https:\/\/schema.org\",\"@graph\":[{\"@type\":\"WebPage\",\"@id\":\"https:\/\/petproducts.com.cn\/product\/crinkle-sound-dog-toy-ostrich-foot-wtih-custom-design\/\",\"url\":\"https:\/\/petproducts.com.cn\/product\/crinkle-sound-dog-toy-ostrich-foot-wtih-custom-design\/\",\"name\":\"crinkle sound dog toy wholesale | Custom durable dog toy - Petstar\",\"isPartOf\":{\"@id\":\"https:\/\/petproducts.com.cn\/#website\"},\"primaryImageOfPage\":{\"@id\":\"https:\/\/petproducts.com.cn\/product\/crinkle-sound-dog-toy-ostrich-foot-wtih-custom-design\/#primaryimage\"},\"image\":{\"@id\":\"https:\/\/petproducts.com.cn\/product\/crinkle-sound-dog-toy-ostrich-foot-wtih-custom-design\/#primaryimage\"},\"thumbnailUrl\":\"https:\/\/petproducts.com.cn\/wp-content\/uploads\/2023\/12\/crinkle-sound-dog-toy.jpg\",\"datePublished\":\"2023-12-23T06:53:00+00:00\",\"dateModified\":\"2024-09-09T07:30:20+00:00\",\"description\":\"Explore crinkle sound dog toy,ostrich dog toy, interactive dog toys from the manufacturer. Your ideal business solution with Petstar.\",\"breadcrumb\":{\"@id\":\"https:\/\/petproducts.com.cn\/product\/crinkle-sound-dog-toy-ostrich-foot-wtih-custom-design\/#breadcrumb\"},\"inLanguage\":\"fr-FR\",\"potentialAction\":[{\"@type\":\"ReadAction\",\"target\":[\"https:\/\/petproducts.com.cn\/product\/crinkle-sound-dog-toy-ostrich-foot-wtih-custom-design\/\"]}]},{\"@type\":\"ImageObject\",\"inLanguage\":\"fr-FR\",\"@id\":\"https:\/\/petproducts.com.cn\/product\/crinkle-sound-dog-toy-ostrich-foot-wtih-custom-design\/#primaryimage\",\"url\":\"https:\/\/petproducts.com.cn\/wp-content\/uploads\/2023\/12\/crinkle-sound-dog-toy.jpg\",\"contentUrl\":\"https:\/\/petproducts.com.cn\/wp-content\/uploads\/2023\/12\/crinkle-sound-dog-toy.jpg\",\"width\":800,\"height\":800,\"caption\":\"crinkle sound dog toy\"},{\"@type\":\"BreadcrumbList\",\"@id\":\"https:\/\/petproducts.com.cn\/product\/crinkle-sound-dog-toy-ostrich-foot-wtih-custom-design\/#breadcrumb\",\"itemListElement\":[{\"@type\":\"ListItem\",\"position\":1,\"name\":\"HOME\",\"item\":\"https:\/\/petproducts.com.cn\/\"},{\"@type\":\"ListItem\",\"position\":2,\"name\":\"Products\",\"item\":\"https:\/\/petproducts.com.cn\/shop\/\"},{\"@type\":\"ListItem\",\"position\":3,\"name\":\"Dog Toys\",\"item\":\"https:\/\/petproducts.com.cn\/product-category\/dog-toys\/\"},{\"@type\":\"ListItem\",\"position\":4,\"name\":\"Crinkle Sound Dog Toy Ostrich Foot Wtih Custom Design\"}]},{\"@type\":\"WebSite\",\"@id\":\"https:\/\/petproducts.com.cn\/#website\",\"url\":\"https:\/\/petproducts.com.cn\/\",\"name\":\"Petstar\",\"description\":\"Leading Pet Supplies Manufacturer &amp; OEM Pet Products Supplier\",\"publisher\":{\"@id\":\"https:\/\/petproducts.com.cn\/#organization\"},\"alternateName\":\"Petstar Pet Supplies\",\"potentialAction\":[{\"@type\":\"SearchAction\",\"target\":{\"@type\":\"EntryPoint\",\"urlTemplate\":\"https:\/\/petproducts.com.cn\/?s={search_term_string}\"},\"query-input\":{\"@type\":\"PropertyValueSpecification\",\"valueRequired\":true,\"valueName\":\"search_term_string\"}}],\"inLanguage\":\"fr-FR\"},{\"@type\":\"Organization\",\"@id\":\"https:\/\/petproducts.com.cn\/#organization\",\"name\":\"Petstar\",\"url\":\"https:\/\/petproducts.com.cn\/\",\"logo\":{\"@type\":\"ImageObject\",\"inLanguage\":\"fr-FR\",\"@id\":\"https:\/\/petproducts.com.cn\/#\/schema\/logo\/image\/\",\"url\":\"https:\/\/petproducts.com.cn\/wp-content\/uploads\/2020\/02\/petstar-logo.webp\",\"contentUrl\":\"https:\/\/petproducts.com.cn\/wp-content\/uploads\/2020\/02\/petstar-logo.webp\",\"width\":779,\"height\":520,\"caption\":\"Petstar\"},\"image\":{\"@id\":\"https:\/\/petproducts.com.cn\/#\/schema\/logo\/image\/\"}}]}<\/script>\n<!-- \/ Yoast SEO plugin. -->","yoast_head_json":{"title":"Jouet pour chien avec bruit de froissement en gros | Jouet pour chien durable sur mesure - Petstar","description":"D\u00e9couvrez le jouet pour chien \u00e0 sons froiss\u00e9s, le jouet pour chien en forme d'autruche, les jouets interactifs pour chien du fabricant. Votre solution commerciale id\u00e9ale avec Petstar.","robots":{"index":"index","follow":"follow","max-snippet":"max-snippet:-1","max-image-preview":"max-image-preview:large","max-video-preview":"max-video-preview:-1"},"canonical":"https:\/\/petproducts.com.cn\/fr\/produit\/crinkle-sound-dog-toy-ostrich-foot-wtih-custom-design\/","og_locale":"fr_FR","og_type":"article","og_title":"crinkle sound dog toy wholesale | Custom durable dog toy - Petstar","og_description":"Explore crinkle sound dog toy,ostrich dog toy, interactive dog toys from the manufacturer. Your ideal business solution with Petstar.","og_url":"https:\/\/petproducts.com.cn\/fr\/produit\/crinkle-sound-dog-toy-ostrich-foot-wtih-custom-design\/","og_site_name":"Petstar","article_modified_time":"2024-09-09T07:30:20+00:00","og_image":[{"width":800,"height":800,"url":"https:\/\/petproducts.com.cn\/wp-content\/uploads\/2023\/12\/crinkle-sound-dog-toy.jpg","type":"image\/jpeg"}],"twitter_card":"summary_large_image","twitter_misc":{"Dur\u00e9e de lecture estim\u00e9e":"2 minutes"},"schema":{"@context":"https:\/\/schema.org","@graph":[{"@type":"WebPage","@id":"https:\/\/petproducts.com.cn\/product\/crinkle-sound-dog-toy-ostrich-foot-wtih-custom-design\/","url":"https:\/\/petproducts.com.cn\/product\/crinkle-sound-dog-toy-ostrich-foot-wtih-custom-design\/","name":"Jouet pour chien avec bruit de froissement en gros | Jouet pour chien durable sur mesure - Petstar","isPartOf":{"@id":"https:\/\/petproducts.com.cn\/#website"},"primaryImageOfPage":{"@id":"https:\/\/petproducts.com.cn\/product\/crinkle-sound-dog-toy-ostrich-foot-wtih-custom-design\/#primaryimage"},"image":{"@id":"https:\/\/petproducts.com.cn\/product\/crinkle-sound-dog-toy-ostrich-foot-wtih-custom-design\/#primaryimage"},"thumbnailUrl":"https:\/\/petproducts.com.cn\/wp-content\/uploads\/2023\/12\/crinkle-sound-dog-toy.jpg","datePublished":"2023-12-23T06:53:00+00:00","dateModified":"2024-09-09T07:30:20+00:00","description":"D\u00e9couvrez le jouet pour chien \u00e0 sons froiss\u00e9s, le jouet pour chien en forme d'autruche, les jouets interactifs pour chien du fabricant. Votre solution commerciale id\u00e9ale avec Petstar.","breadcrumb":{"@id":"https:\/\/petproducts.com.cn\/product\/crinkle-sound-dog-toy-ostrich-foot-wtih-custom-design\/#breadcrumb"},"inLanguage":"fr-FR","potentialAction":[{"@type":"ReadAction","target":["https:\/\/petproducts.com.cn\/product\/crinkle-sound-dog-toy-ostrich-foot-wtih-custom-design\/"]}]},{"@type":"ImageObject","inLanguage":"fr-FR","@id":"https:\/\/petproducts.com.cn\/product\/crinkle-sound-dog-toy-ostrich-foot-wtih-custom-design\/#primaryimage","url":"https:\/\/petproducts.com.cn\/wp-content\/uploads\/2023\/12\/crinkle-sound-dog-toy.jpg","contentUrl":"https:\/\/petproducts.com.cn\/wp-content\/uploads\/2023\/12\/crinkle-sound-dog-toy.jpg","width":800,"height":800,"caption":"crinkle sound dog toy"},{"@type":"BreadcrumbList","@id":"https:\/\/petproducts.com.cn\/product\/crinkle-sound-dog-toy-ostrich-foot-wtih-custom-design\/#breadcrumb","itemListElement":[{"@type":"ListItem","position":1,"name":"HOME","item":"https:\/\/petproducts.com.cn\/"},{"@type":"ListItem","position":2,"name":"Products","item":"https:\/\/petproducts.com.cn\/shop\/"},{"@type":"ListItem","position":3,"name":"Dog Toys","item":"https:\/\/petproducts.com.cn\/product-category\/dog-toys\/"},{"@type":"ListItem","position":4,"name":"Crinkle Sound Dog Toy Ostrich Foot Wtih Custom Design"}]},{"@type":"WebSite","@id":"https:\/\/petproducts.com.cn\/#website","url":"https:\/\/petproducts.com.cn\/","name":"Petstar","description":"Fabricant leader de fournitures pour animaux de compagnie et fournisseur OEM de produits pour animaux de compagnie","publisher":{"@id":"https:\/\/petproducts.com.cn\/#organization"},"alternateName":"Petstar Pet Supplies","potentialAction":[{"@type":"SearchAction","target":{"@type":"EntryPoint","urlTemplate":"https:\/\/petproducts.com.cn\/?s={search_term_string}"},"query-input":{"@type":"PropertyValueSpecification","valueRequired":true,"valueName":"search_term_string"}}],"inLanguage":"fr-FR"},{"@type":"Organization","@id":"https:\/\/petproducts.com.cn\/#organization","name":"Petstar","url":"https:\/\/petproducts.com.cn\/","logo":{"@type":"ImageObject","inLanguage":"fr-FR","@id":"https:\/\/petproducts.com.cn\/#\/schema\/logo\/image\/","url":"https:\/\/petproducts.com.cn\/wp-content\/uploads\/2020\/02\/petstar-logo.webp","contentUrl":"https:\/\/petproducts.com.cn\/wp-content\/uploads\/2020\/02\/petstar-logo.webp","width":779,"height":520,"caption":"Petstar"},"image":{"@id":"https:\/\/petproducts.com.cn\/#\/schema\/logo\/image\/"}}]}},"_links":{"self":[{"href":"https:\/\/petproducts.com.cn\/fr\/wp-json\/wp\/v2\/product\/18071","targetHints":{"allow":["GET"]}}],"collection":[{"href":"https:\/\/petproducts.com.cn\/fr\/wp-json\/wp\/v2\/product"}],"about":[{"href":"https:\/\/petproducts.com.cn\/fr\/wp-json\/wp\/v2\/types\/product"}],"version-history":[{"count":1,"href":"https:\/\/petproducts.com.cn\/fr\/wp-json\/wp\/v2\/product\/18071\/revisions"}],"predecessor-version":[{"id":18097,"href":"https:\/\/petproducts.com.cn\/fr\/wp-json\/wp\/v2\/product\/18071\/revisions\/18097"}],"wp:featuredmedia":[{"embeddable":true,"href":"https:\/\/petproducts.com.cn\/fr\/wp-json\/wp\/v2\/media\/18072"}],"wp:attachment":[{"href":"https:\/\/petproducts.com.cn\/fr\/wp-json\/wp\/v2\/media?parent=18071"}],"wp:term":[{"taxonomy":"product_brand","embeddable":true,"href":"https:\/\/petproducts.com.cn\/fr\/wp-json\/wp\/v2\/product_brand?post=18071"},{"taxonomy":"product_cat","embeddable":true,"href":"https:\/\/petproducts.com.cn\/fr\/wp-json\/wp\/v2\/product_cat?post=18071"},{"taxonomy":"product_tag","embeddable":true,"href":"https:\/\/petproducts.com.cn\/fr\/wp-json\/wp\/v2\/product_tag?post=18071"}],"curies":[{"name":"wp","href":"https:\/\/api.w.org\/{rel}","templated":true}]}}