{"id":18106,"date":"2023-12-23T07:28:13","date_gmt":"2023-12-23T07:28:13","guid":{"rendered":"https:\/\/petproducts.com.cn\/?post_type=product&#038;p=18106"},"modified":"2024-09-09T07:25:55","modified_gmt":"2024-09-09T07:25:55","slug":"oem-durable-tug-rope-toys-for-dogs","status":"publish","type":"product","link":"https:\/\/petproducts.com.cn\/fr\/product\/oem-durable-tug-rope-toys-for-dogs\/","title":{"rendered":"OEM Durable Tug Rope Toys For Dogs"},"content":{"rendered":"<h2><strong>\u00a0Lib\u00e9rez l'esprit joueur de votre chien avec les jouets \u00e0 corde durables de PetStar.<\/strong><\/h2>\n<p><strong>Description :<\/strong> Plongez dans un monde d'excitation canine avec les jouets de corde durables innovants Leopard Print de PetStar pour les chiens. Plongez vos amis \u00e0 fourrure dans une exp\u00e9rience de jeu captivante avec du papier froiss\u00e9 pour le plaisir auditif, une peluche douce pour le confort et une longue corde durable pour des heures d'amusement \u00e0 la corde.<\/p>\n<h3><strong>Nos avantages :<\/strong><\/h3>\n<ol>\n<li><strong>Des conceptions sur mesure pour r\u00e9pondre aux besoins de votre march\u00e9 :<\/strong> PetStar est fier d'offrir des solutions personnalisables pour r\u00e9pondre aux pr\u00e9f\u00e9rences distinctes de vos clients cibles. Par ailleurs, nos services OEM vous permettent d'adapter le design, la couleur et les caract\u00e9ristiques des jouets \u00e0 tirer durables, garantissant qu'ils s'alignent parfaitement sur les pr\u00e9f\u00e9rences des supermarch\u00e9s, des grossistes et des boutiques en ligne.<\/li>\n<li><strong>Qualit\u00e9 sup\u00e9rieure et durabilit\u00e9 :<\/strong> Notre engagement en faveur de la qualit\u00e9 transpara\u00eet dans tous les aspects de nos jouets en corde. Con\u00e7us pour durer, ces jouets sont dot\u00e9s d'une longue corde int\u00e9rieure, ce qui garantit un temps de jeu prolong\u00e9 et un plaisir durable aux animaux de compagnie de vos clients. En outre, les mat\u00e9riaux utilis\u00e9s sont choisis avec soin pour r\u00e9sister aux jeux enthousiastes, ce qui en fait un choix fiable pour les propri\u00e9taires d'animaux de compagnie.<\/li>\n<li><strong>Partenariat strat\u00e9gique pour la rentabilit\u00e9 :<\/strong> PetStar comprend l'importance de la rentabilit\u00e9 pour les entreprises. En s'associant avec nous, les supermarch\u00e9s, les grossistes et les boutiques en ligne b\u00e9n\u00e9ficient de prix comp\u00e9titifs sans compromis sur la qualit\u00e9. Nos processus de fabrication efficaces et nos options de commande en gros vous assurent de recevoir des jouets en corde durables qui s'alignent sur vos consid\u00e9rations budg\u00e9taires.<\/li>\n<li><strong>Une cha\u00eene d'approvisionnement rationalis\u00e9e pour des livraisons en temps voulu :<\/strong> Le temps est un facteur essentiel, en particulier dans le secteur des produits pour animaux de compagnie. La cha\u00eene d'approvisionnement rationalis\u00e9e de PetStar garantit des livraisons en temps voulu, permettant aux supermarch\u00e9s, aux grossistes et aux boutiques en ligne de r\u00e9pondre aux demandes des clients de mani\u00e8re transparente. Avec nous, vous pouvez compter sur un approvisionnement r\u00e9gulier et efficace de nos jouets \u00e0 tirer durables et populaires.<\/li>\n<\/ol>\n<p><strong>En r\u00e9sum\u00e9 :<\/strong> Les jouets OEM \u00e0 corde durable pour chiens, avec un th\u00e8me de queue imprim\u00e9 l\u00e9opard, du papier froiss\u00e9, une peluche douce et une corde durable, offrent un m\u00e9lange parfait de personnalisation, de qualit\u00e9, de rentabilit\u00e9 et de livraison dans les d\u00e9lais. Am\u00e9liorez votre offre de produits pour animaux de compagnie avec PetStar, qui r\u00e9pond aux divers besoins des supermarch\u00e9s, des grossistes et des boutiques en ligne.<\/p>","protected":false},"excerpt":{"rendered":"<p>Nous sommes un fabricant de jouets pour chiens avec plus de 20 ans d'exp\u00e9rience. Nous offrons des options de personnalisation pour la couleur, la taille, le tissu, le motif, le logo et d'autres caract\u00e9ristiques.<\/p>","protected":false},"featured_media":18112,"template":"","meta":{"_acf_changed":false},"product_brand":[],"product_cat":[72,48],"product_tag":[231,245],"class_list":{"0":"post-18106","1":"product","2":"type-product","3":"status-publish","4":"has-post-thumbnail","6":"product_cat-dog-supplies","7":"product_cat-dog-toys","8":"product_tag-dog-plush-toys","9":"product_tag-dog-rope-toys","11":"first","12":"instock","13":"shipping-taxable","14":"product-type-simple"},"acf":[],"yoast_head":"<!-- This site is optimized with the Yoast SEO plugin v27.1.1 - https:\/\/yoast.com\/product\/yoast-seo-wordpress\/ -->\n<title>durable rope toys for dogs wholesale | Custom durable dog toy - Petstar<\/title>\n<meta name=\"description\" content=\"Explore durable rope toys for dogs,leopard print dog toy, interactive dog toys from the manufacturer. Your ideal business solution with Petstar.\" \/>\n<meta name=\"robots\" content=\"index, follow, max-snippet:-1, max-image-preview:large, max-video-preview:-1\" \/>\n<link rel=\"canonical\" href=\"https:\/\/petproducts.com.cn\/fr\/produit\/oem-durable-tug-rope-toys-for-dogs\/\" \/>\n<meta property=\"og:locale\" content=\"fr_FR\" \/>\n<meta property=\"og:type\" content=\"article\" \/>\n<meta property=\"og:title\" content=\"durable rope toys for dogs wholesale | Custom durable dog toy - Petstar\" \/>\n<meta property=\"og:description\" content=\"Explore durable rope toys for dogs,leopard print dog toy, interactive dog toys from the manufacturer. Your ideal business solution with Petstar.\" \/>\n<meta property=\"og:url\" content=\"https:\/\/petproducts.com.cn\/fr\/produit\/oem-durable-tug-rope-toys-for-dogs\/\" \/>\n<meta property=\"og:site_name\" content=\"Petstar\" \/>\n<meta property=\"article:modified_time\" content=\"2024-09-09T07:25:55+00:00\" \/>\n<meta property=\"og:image\" content=\"https:\/\/petproducts.com.cn\/wp-content\/uploads\/2023\/12\/durable-rope-toys-for-dogs.webp\" \/>\n\t<meta property=\"og:image:width\" content=\"1000\" \/>\n\t<meta property=\"og:image:height\" content=\"1000\" \/>\n\t<meta property=\"og:image:type\" content=\"image\/webp\" \/>\n<meta name=\"twitter:card\" content=\"summary_large_image\" \/>\n<meta name=\"twitter:label1\" content=\"Dur\u00e9e de lecture estim\u00e9e\" \/>\n\t<meta name=\"twitter:data1\" content=\"2 minutes\" \/>\n<script type=\"application\/ld+json\" class=\"yoast-schema-graph\">{\"@context\":\"https:\/\/schema.org\",\"@graph\":[{\"@type\":\"WebPage\",\"@id\":\"https:\/\/petproducts.com.cn\/product\/oem-durable-tug-rope-toys-for-dogs\/\",\"url\":\"https:\/\/petproducts.com.cn\/product\/oem-durable-tug-rope-toys-for-dogs\/\",\"name\":\"durable rope toys for dogs wholesale | Custom durable dog toy - Petstar\",\"isPartOf\":{\"@id\":\"https:\/\/petproducts.com.cn\/#website\"},\"primaryImageOfPage\":{\"@id\":\"https:\/\/petproducts.com.cn\/product\/oem-durable-tug-rope-toys-for-dogs\/#primaryimage\"},\"image\":{\"@id\":\"https:\/\/petproducts.com.cn\/product\/oem-durable-tug-rope-toys-for-dogs\/#primaryimage\"},\"thumbnailUrl\":\"https:\/\/petproducts.com.cn\/wp-content\/uploads\/2023\/12\/durable-rope-toys-for-dogs.webp\",\"datePublished\":\"2023-12-23T07:28:13+00:00\",\"dateModified\":\"2024-09-09T07:25:55+00:00\",\"description\":\"Explore durable rope toys for dogs,leopard print dog toy, interactive dog toys from the manufacturer. Your ideal business solution with Petstar.\",\"breadcrumb\":{\"@id\":\"https:\/\/petproducts.com.cn\/product\/oem-durable-tug-rope-toys-for-dogs\/#breadcrumb\"},\"inLanguage\":\"fr-FR\",\"potentialAction\":[{\"@type\":\"ReadAction\",\"target\":[\"https:\/\/petproducts.com.cn\/product\/oem-durable-tug-rope-toys-for-dogs\/\"]}]},{\"@type\":\"ImageObject\",\"inLanguage\":\"fr-FR\",\"@id\":\"https:\/\/petproducts.com.cn\/product\/oem-durable-tug-rope-toys-for-dogs\/#primaryimage\",\"url\":\"https:\/\/petproducts.com.cn\/wp-content\/uploads\/2023\/12\/durable-rope-toys-for-dogs.webp\",\"contentUrl\":\"https:\/\/petproducts.com.cn\/wp-content\/uploads\/2023\/12\/durable-rope-toys-for-dogs.webp\",\"width\":1000,\"height\":1000,\"caption\":\"durable rope toys for dogs\"},{\"@type\":\"BreadcrumbList\",\"@id\":\"https:\/\/petproducts.com.cn\/product\/oem-durable-tug-rope-toys-for-dogs\/#breadcrumb\",\"itemListElement\":[{\"@type\":\"ListItem\",\"position\":1,\"name\":\"HOME\",\"item\":\"https:\/\/petproducts.com.cn\/\"},{\"@type\":\"ListItem\",\"position\":2,\"name\":\"Products\",\"item\":\"https:\/\/petproducts.com.cn\/shop\/\"},{\"@type\":\"ListItem\",\"position\":3,\"name\":\"Dog Toys\",\"item\":\"https:\/\/petproducts.com.cn\/product-category\/dog-toys\/\"},{\"@type\":\"ListItem\",\"position\":4,\"name\":\"OEM Durable Tug Rope Toys For Dogs\"}]},{\"@type\":\"WebSite\",\"@id\":\"https:\/\/petproducts.com.cn\/#website\",\"url\":\"https:\/\/petproducts.com.cn\/\",\"name\":\"Petstar\",\"description\":\"Leading Pet Supplies Manufacturer &amp; OEM Pet Products Supplier\",\"publisher\":{\"@id\":\"https:\/\/petproducts.com.cn\/#organization\"},\"alternateName\":\"Petstar Pet Supplies\",\"potentialAction\":[{\"@type\":\"SearchAction\",\"target\":{\"@type\":\"EntryPoint\",\"urlTemplate\":\"https:\/\/petproducts.com.cn\/?s={search_term_string}\"},\"query-input\":{\"@type\":\"PropertyValueSpecification\",\"valueRequired\":true,\"valueName\":\"search_term_string\"}}],\"inLanguage\":\"fr-FR\"},{\"@type\":\"Organization\",\"@id\":\"https:\/\/petproducts.com.cn\/#organization\",\"name\":\"Petstar\",\"url\":\"https:\/\/petproducts.com.cn\/\",\"logo\":{\"@type\":\"ImageObject\",\"inLanguage\":\"fr-FR\",\"@id\":\"https:\/\/petproducts.com.cn\/#\/schema\/logo\/image\/\",\"url\":\"https:\/\/petproducts.com.cn\/wp-content\/uploads\/2020\/02\/petstar-logo.webp\",\"contentUrl\":\"https:\/\/petproducts.com.cn\/wp-content\/uploads\/2020\/02\/petstar-logo.webp\",\"width\":779,\"height\":520,\"caption\":\"Petstar\"},\"image\":{\"@id\":\"https:\/\/petproducts.com.cn\/#\/schema\/logo\/image\/\"}}]}<\/script>\n<!-- \/ Yoast SEO plugin. -->","yoast_head_json":{"title":"Jouets en corde durables pour chiens grossiste | Jouet durable pour chien personnalis\u00e9 - Petstar","description":"D\u00e9couvrez les jouets en corde durables pour chiens, les jouets pour chiens \u00e0 motif l\u00e9opard, les jouets interactifs pour chiens du fabricant. Votre solution commerciale id\u00e9ale avec Petstar.","robots":{"index":"index","follow":"follow","max-snippet":"max-snippet:-1","max-image-preview":"max-image-preview:large","max-video-preview":"max-video-preview:-1"},"canonical":"https:\/\/petproducts.com.cn\/fr\/produit\/oem-durable-tug-rope-toys-for-dogs\/","og_locale":"fr_FR","og_type":"article","og_title":"durable rope toys for dogs wholesale | Custom durable dog toy - Petstar","og_description":"Explore durable rope toys for dogs,leopard print dog toy, interactive dog toys from the manufacturer. Your ideal business solution with Petstar.","og_url":"https:\/\/petproducts.com.cn\/fr\/produit\/oem-durable-tug-rope-toys-for-dogs\/","og_site_name":"Petstar","article_modified_time":"2024-09-09T07:25:55+00:00","og_image":[{"width":1000,"height":1000,"url":"https:\/\/petproducts.com.cn\/wp-content\/uploads\/2023\/12\/durable-rope-toys-for-dogs.webp","type":"image\/webp"}],"twitter_card":"summary_large_image","twitter_misc":{"Dur\u00e9e de lecture estim\u00e9e":"2 minutes"},"schema":{"@context":"https:\/\/schema.org","@graph":[{"@type":"WebPage","@id":"https:\/\/petproducts.com.cn\/product\/oem-durable-tug-rope-toys-for-dogs\/","url":"https:\/\/petproducts.com.cn\/product\/oem-durable-tug-rope-toys-for-dogs\/","name":"Jouets en corde durables pour chiens grossiste | Jouet durable pour chien personnalis\u00e9 - Petstar","isPartOf":{"@id":"https:\/\/petproducts.com.cn\/#website"},"primaryImageOfPage":{"@id":"https:\/\/petproducts.com.cn\/product\/oem-durable-tug-rope-toys-for-dogs\/#primaryimage"},"image":{"@id":"https:\/\/petproducts.com.cn\/product\/oem-durable-tug-rope-toys-for-dogs\/#primaryimage"},"thumbnailUrl":"https:\/\/petproducts.com.cn\/wp-content\/uploads\/2023\/12\/durable-rope-toys-for-dogs.webp","datePublished":"2023-12-23T07:28:13+00:00","dateModified":"2024-09-09T07:25:55+00:00","description":"D\u00e9couvrez les jouets en corde durables pour chiens, les jouets pour chiens \u00e0 motif l\u00e9opard, les jouets interactifs pour chiens du fabricant. Votre solution commerciale id\u00e9ale avec Petstar.","breadcrumb":{"@id":"https:\/\/petproducts.com.cn\/product\/oem-durable-tug-rope-toys-for-dogs\/#breadcrumb"},"inLanguage":"fr-FR","potentialAction":[{"@type":"ReadAction","target":["https:\/\/petproducts.com.cn\/product\/oem-durable-tug-rope-toys-for-dogs\/"]}]},{"@type":"ImageObject","inLanguage":"fr-FR","@id":"https:\/\/petproducts.com.cn\/product\/oem-durable-tug-rope-toys-for-dogs\/#primaryimage","url":"https:\/\/petproducts.com.cn\/wp-content\/uploads\/2023\/12\/durable-rope-toys-for-dogs.webp","contentUrl":"https:\/\/petproducts.com.cn\/wp-content\/uploads\/2023\/12\/durable-rope-toys-for-dogs.webp","width":1000,"height":1000,"caption":"durable rope toys for dogs"},{"@type":"BreadcrumbList","@id":"https:\/\/petproducts.com.cn\/product\/oem-durable-tug-rope-toys-for-dogs\/#breadcrumb","itemListElement":[{"@type":"ListItem","position":1,"name":"HOME","item":"https:\/\/petproducts.com.cn\/"},{"@type":"ListItem","position":2,"name":"Products","item":"https:\/\/petproducts.com.cn\/shop\/"},{"@type":"ListItem","position":3,"name":"Dog Toys","item":"https:\/\/petproducts.com.cn\/product-category\/dog-toys\/"},{"@type":"ListItem","position":4,"name":"OEM Durable Tug Rope Toys For Dogs"}]},{"@type":"WebSite","@id":"https:\/\/petproducts.com.cn\/#website","url":"https:\/\/petproducts.com.cn\/","name":"Petstar","description":"Fabricant leader de fournitures pour animaux de compagnie et fournisseur OEM de produits pour animaux de compagnie","publisher":{"@id":"https:\/\/petproducts.com.cn\/#organization"},"alternateName":"Petstar Pet Supplies","potentialAction":[{"@type":"SearchAction","target":{"@type":"EntryPoint","urlTemplate":"https:\/\/petproducts.com.cn\/?s={search_term_string}"},"query-input":{"@type":"PropertyValueSpecification","valueRequired":true,"valueName":"search_term_string"}}],"inLanguage":"fr-FR"},{"@type":"Organization","@id":"https:\/\/petproducts.com.cn\/#organization","name":"Petstar","url":"https:\/\/petproducts.com.cn\/","logo":{"@type":"ImageObject","inLanguage":"fr-FR","@id":"https:\/\/petproducts.com.cn\/#\/schema\/logo\/image\/","url":"https:\/\/petproducts.com.cn\/wp-content\/uploads\/2020\/02\/petstar-logo.webp","contentUrl":"https:\/\/petproducts.com.cn\/wp-content\/uploads\/2020\/02\/petstar-logo.webp","width":779,"height":520,"caption":"Petstar"},"image":{"@id":"https:\/\/petproducts.com.cn\/#\/schema\/logo\/image\/"}}]}},"_links":{"self":[{"href":"https:\/\/petproducts.com.cn\/fr\/wp-json\/wp\/v2\/product\/18106","targetHints":{"allow":["GET"]}}],"collection":[{"href":"https:\/\/petproducts.com.cn\/fr\/wp-json\/wp\/v2\/product"}],"about":[{"href":"https:\/\/petproducts.com.cn\/fr\/wp-json\/wp\/v2\/types\/product"}],"version-history":[{"count":1,"href":"https:\/\/petproducts.com.cn\/fr\/wp-json\/wp\/v2\/product\/18106\/revisions"}],"predecessor-version":[{"id":18122,"href":"https:\/\/petproducts.com.cn\/fr\/wp-json\/wp\/v2\/product\/18106\/revisions\/18122"}],"wp:featuredmedia":[{"embeddable":true,"href":"https:\/\/petproducts.com.cn\/fr\/wp-json\/wp\/v2\/media\/18112"}],"wp:attachment":[{"href":"https:\/\/petproducts.com.cn\/fr\/wp-json\/wp\/v2\/media?parent=18106"}],"wp:term":[{"taxonomy":"product_brand","embeddable":true,"href":"https:\/\/petproducts.com.cn\/fr\/wp-json\/wp\/v2\/product_brand?post=18106"},{"taxonomy":"product_cat","embeddable":true,"href":"https:\/\/petproducts.com.cn\/fr\/wp-json\/wp\/v2\/product_cat?post=18106"},{"taxonomy":"product_tag","embeddable":true,"href":"https:\/\/petproducts.com.cn\/fr\/wp-json\/wp\/v2\/product_tag?post=18106"}],"curies":[{"name":"wp","href":"https:\/\/api.w.org\/{rel}","templated":true}]}}