{"id":18315,"date":"2023-12-26T07:26:02","date_gmt":"2023-12-26T07:26:02","guid":{"rendered":"https:\/\/petproducts.com.cn\/?post_type=product&#038;p=18315"},"modified":"2023-12-27T07:42:10","modified_gmt":"2023-12-27T07:42:10","slug":"folding-double-door-dog-crate-wholesale","status":"publish","type":"product","link":"https:\/\/petproducts.com.cn\/fr\/product\/folding-double-door-dog-crate-wholesale\/","title":{"rendered":"Caisse pliante pour chien \u00e0 double porte en gros"},"content":{"rendered":"<h2>Pourquoi choisir notre cage pour chiens \u00e0 double porte pliante ?<\/h2>\n<ul>\n<li>Notre cage pour chiens est dot\u00e9e de deux grandes portes, l'une \u00e0 l'avant et l'autre sur le c\u00f4t\u00e9, pour un acc\u00e8s sans effort pour vous et votre animal de compagnie. Cette conception \u00e0 double porte am\u00e9liore non seulement la flexibilit\u00e9 de l'emplacement, mais garantit \u00e9galement une entr\u00e9e et une sortie sans probl\u00e8me.<\/li>\n<li>La s\u00e9curit\u00e9 de votre compagnon \u00e0 quatre pattes est une priorit\u00e9 gr\u00e2ce aux doubles loquets robustes des deux portes, qui assurent un niveau \u00e9lev\u00e9 de protection et de confinement. Soyez tranquille, sachant que votre animal est dans un environnement s\u00e9curis\u00e9.<\/li>\n<li>Con\u00e7ue pour le confort de votre animal, la cage offre un espace douillet pour la d\u00e9tente. La construction grillag\u00e9e favorise une bonne ventilation et une bonne visibilit\u00e9, cr\u00e9ant ainsi une atmosph\u00e8re confortable pour votre compagnon bien-aim\u00e9.<\/li>\n<li>Dites adieu aux processus d'assemblage compliqu\u00e9s gr\u00e2ce \u00e0 notre conception d'assemblage sans outil. En quelques minutes seulement, vous pouvez disposer d'une cage solide et fiable pour votre animal, sans avoir besoin d'aucun outil.<\/li>\n<li>Profitez de la polyvalence de notre cage pliante, parfaite pour une utilisation \u00e0 la maison ou en d\u00e9placement. La conception pliable facilite le stockage et le transport, garantissant \u00e0 votre animal un espace s\u00e9curis\u00e9 o\u00f9 que vos aventures vous m\u00e8nent.<\/li>\n<li>Incorporez davantage de mots de transition pour relier les id\u00e9es entre elles et am\u00e9liorer la fluidit\u00e9 de votre message.<\/li>\n<\/ul>\n<p>&nbsp;<\/p>\n<p>&nbsp;<\/p>\n<p>&nbsp;<\/p>\n<p>&nbsp;<\/p>","protected":false},"excerpt":{"rendered":"<p>Nous sommes un fabricant de caisses pour chiens \u00e0 double porte avec plus de 20 ans d'exp\u00e9rience. Nous offrons des options de personnalisation pour la couleur, la taille, le tissu, le motif, le logo et d'autres caract\u00e9ristiques.<\/p>","protected":false},"featured_media":18316,"template":"","meta":{"_acf_changed":false},"product_brand":[],"product_cat":[52],"product_tag":[106],"class_list":{"0":"post-18315","1":"product","2":"type-product","3":"status-publish","4":"has-post-thumbnail","6":"product_cat-dog-crates-houses-pens","7":"product_tag-dog-crates-houses-pens","9":"first","10":"instock","11":"shipping-taxable","12":"product-type-simple"},"acf":[],"yoast_head":"<!-- This site is optimized with the Yoast SEO plugin v27.1.1 - https:\/\/yoast.com\/product\/yoast-seo-wordpress\/ -->\n<title>Double Door Dog Crate Wholesale | Folding Dog Crate - Petstar<\/title>\n<meta name=\"description\" content=\"Explore double door dog crate,dog crate double door,folding dog crate from the wholesale manufacturer. Your ideal business solution with Petstar.\" \/>\n<meta name=\"robots\" content=\"index, follow, max-snippet:-1, max-image-preview:large, max-video-preview:-1\" \/>\n<link rel=\"canonical\" href=\"https:\/\/petproducts.com.cn\/fr\/produit\/folding-double-door-dog-crate-wholesale\/\" \/>\n<meta property=\"og:locale\" content=\"fr_FR\" \/>\n<meta property=\"og:type\" content=\"article\" \/>\n<meta property=\"og:title\" content=\"Double Door Dog Crate Wholesale | Folding Dog Crate - Petstar\" \/>\n<meta property=\"og:description\" content=\"Explore double door dog crate,dog crate double door,folding dog crate from the wholesale manufacturer. Your ideal business solution with Petstar.\" \/>\n<meta property=\"og:url\" content=\"https:\/\/petproducts.com.cn\/fr\/produit\/folding-double-door-dog-crate-wholesale\/\" \/>\n<meta property=\"og:site_name\" content=\"Petstar\" \/>\n<meta property=\"article:modified_time\" content=\"2023-12-27T07:42:10+00:00\" \/>\n<meta property=\"og:image\" content=\"https:\/\/petproducts.com.cn\/wp-content\/uploads\/2023\/12\/double-door-dog-crate.webp\" \/>\n\t<meta property=\"og:image:width\" content=\"1000\" \/>\n\t<meta property=\"og:image:height\" content=\"1000\" \/>\n\t<meta property=\"og:image:type\" content=\"image\/webp\" \/>\n<meta name=\"twitter:card\" content=\"summary_large_image\" \/>\n<meta name=\"twitter:label1\" content=\"Dur\u00e9e de lecture estim\u00e9e\" \/>\n\t<meta name=\"twitter:data1\" content=\"1 minute\" \/>\n<script type=\"application\/ld+json\" class=\"yoast-schema-graph\">{\"@context\":\"https:\/\/schema.org\",\"@graph\":[{\"@type\":\"WebPage\",\"@id\":\"https:\/\/petproducts.com.cn\/product\/folding-double-door-dog-crate-wholesale\/\",\"url\":\"https:\/\/petproducts.com.cn\/product\/folding-double-door-dog-crate-wholesale\/\",\"name\":\"Double Door Dog Crate Wholesale | Folding Dog Crate - Petstar\",\"isPartOf\":{\"@id\":\"https:\/\/petproducts.com.cn\/#website\"},\"primaryImageOfPage\":{\"@id\":\"https:\/\/petproducts.com.cn\/product\/folding-double-door-dog-crate-wholesale\/#primaryimage\"},\"image\":{\"@id\":\"https:\/\/petproducts.com.cn\/product\/folding-double-door-dog-crate-wholesale\/#primaryimage\"},\"thumbnailUrl\":\"https:\/\/petproducts.com.cn\/wp-content\/uploads\/2023\/12\/double-door-dog-crate.webp\",\"datePublished\":\"2023-12-26T07:26:02+00:00\",\"dateModified\":\"2023-12-27T07:42:10+00:00\",\"description\":\"Explore double door dog crate,dog crate double door,folding dog crate from the wholesale manufacturer. Your ideal business solution with Petstar.\",\"breadcrumb\":{\"@id\":\"https:\/\/petproducts.com.cn\/product\/folding-double-door-dog-crate-wholesale\/#breadcrumb\"},\"inLanguage\":\"fr-FR\",\"potentialAction\":[{\"@type\":\"ReadAction\",\"target\":[\"https:\/\/petproducts.com.cn\/product\/folding-double-door-dog-crate-wholesale\/\"]}]},{\"@type\":\"ImageObject\",\"inLanguage\":\"fr-FR\",\"@id\":\"https:\/\/petproducts.com.cn\/product\/folding-double-door-dog-crate-wholesale\/#primaryimage\",\"url\":\"https:\/\/petproducts.com.cn\/wp-content\/uploads\/2023\/12\/double-door-dog-crate.webp\",\"contentUrl\":\"https:\/\/petproducts.com.cn\/wp-content\/uploads\/2023\/12\/double-door-dog-crate.webp\",\"width\":1000,\"height\":1000,\"caption\":\"double door dog crate\"},{\"@type\":\"BreadcrumbList\",\"@id\":\"https:\/\/petproducts.com.cn\/product\/folding-double-door-dog-crate-wholesale\/#breadcrumb\",\"itemListElement\":[{\"@type\":\"ListItem\",\"position\":1,\"name\":\"HOME\",\"item\":\"https:\/\/petproducts.com.cn\/\"},{\"@type\":\"ListItem\",\"position\":2,\"name\":\"Products\",\"item\":\"https:\/\/petproducts.com.cn\/shop\/\"},{\"@type\":\"ListItem\",\"position\":3,\"name\":\"Dog Crates, Houses &amp; Pens\",\"item\":\"https:\/\/petproducts.com.cn\/product-category\/dog-crates-houses-pens\/\"},{\"@type\":\"ListItem\",\"position\":4,\"name\":\"Folding Double Door Dog Crate Wholesale\"}]},{\"@type\":\"WebSite\",\"@id\":\"https:\/\/petproducts.com.cn\/#website\",\"url\":\"https:\/\/petproducts.com.cn\/\",\"name\":\"Petstar\",\"description\":\"Leading Pet Supplies Manufacturer &amp; OEM Pet Products Supplier\",\"publisher\":{\"@id\":\"https:\/\/petproducts.com.cn\/#organization\"},\"alternateName\":\"Petstar Pet Supplies\",\"potentialAction\":[{\"@type\":\"SearchAction\",\"target\":{\"@type\":\"EntryPoint\",\"urlTemplate\":\"https:\/\/petproducts.com.cn\/?s={search_term_string}\"},\"query-input\":{\"@type\":\"PropertyValueSpecification\",\"valueRequired\":true,\"valueName\":\"search_term_string\"}}],\"inLanguage\":\"fr-FR\"},{\"@type\":\"Organization\",\"@id\":\"https:\/\/petproducts.com.cn\/#organization\",\"name\":\"Petstar\",\"url\":\"https:\/\/petproducts.com.cn\/\",\"logo\":{\"@type\":\"ImageObject\",\"inLanguage\":\"fr-FR\",\"@id\":\"https:\/\/petproducts.com.cn\/#\/schema\/logo\/image\/\",\"url\":\"https:\/\/petproducts.com.cn\/wp-content\/uploads\/2020\/02\/petstar-logo.webp\",\"contentUrl\":\"https:\/\/petproducts.com.cn\/wp-content\/uploads\/2020\/02\/petstar-logo.webp\",\"width\":779,\"height\":520,\"caption\":\"Petstar\"},\"image\":{\"@id\":\"https:\/\/petproducts.com.cn\/#\/schema\/logo\/image\/\"}}]}<\/script>\n<!-- \/ Yoast SEO plugin. -->","yoast_head_json":{"title":"Caisse pour chien \u00e0 double porte Wholesale | Caisse pour chien pliante - Petstar","description":"D\u00e9couvrez la cage \u00e0 chien \u00e0 double porte, la cage \u00e0 chien \u00e0 double porte, la cage \u00e0 chien pliante du fabricant en gros. Votre solution commerciale id\u00e9ale avec Petstar.","robots":{"index":"index","follow":"follow","max-snippet":"max-snippet:-1","max-image-preview":"max-image-preview:large","max-video-preview":"max-video-preview:-1"},"canonical":"https:\/\/petproducts.com.cn\/fr\/produit\/folding-double-door-dog-crate-wholesale\/","og_locale":"fr_FR","og_type":"article","og_title":"Double Door Dog Crate Wholesale | Folding Dog Crate - Petstar","og_description":"Explore double door dog crate,dog crate double door,folding dog crate from the wholesale manufacturer. Your ideal business solution with Petstar.","og_url":"https:\/\/petproducts.com.cn\/fr\/produit\/folding-double-door-dog-crate-wholesale\/","og_site_name":"Petstar","article_modified_time":"2023-12-27T07:42:10+00:00","og_image":[{"width":1000,"height":1000,"url":"https:\/\/petproducts.com.cn\/wp-content\/uploads\/2023\/12\/double-door-dog-crate.webp","type":"image\/webp"}],"twitter_card":"summary_large_image","twitter_misc":{"Dur\u00e9e de lecture estim\u00e9e":"1 minute"},"schema":{"@context":"https:\/\/schema.org","@graph":[{"@type":"WebPage","@id":"https:\/\/petproducts.com.cn\/product\/folding-double-door-dog-crate-wholesale\/","url":"https:\/\/petproducts.com.cn\/product\/folding-double-door-dog-crate-wholesale\/","name":"Caisse pour chien \u00e0 double porte Wholesale | Caisse pour chien pliante - Petstar","isPartOf":{"@id":"https:\/\/petproducts.com.cn\/#website"},"primaryImageOfPage":{"@id":"https:\/\/petproducts.com.cn\/product\/folding-double-door-dog-crate-wholesale\/#primaryimage"},"image":{"@id":"https:\/\/petproducts.com.cn\/product\/folding-double-door-dog-crate-wholesale\/#primaryimage"},"thumbnailUrl":"https:\/\/petproducts.com.cn\/wp-content\/uploads\/2023\/12\/double-door-dog-crate.webp","datePublished":"2023-12-26T07:26:02+00:00","dateModified":"2023-12-27T07:42:10+00:00","description":"D\u00e9couvrez la cage \u00e0 chien \u00e0 double porte, la cage \u00e0 chien \u00e0 double porte, la cage \u00e0 chien pliante du fabricant en gros. Votre solution commerciale id\u00e9ale avec Petstar.","breadcrumb":{"@id":"https:\/\/petproducts.com.cn\/product\/folding-double-door-dog-crate-wholesale\/#breadcrumb"},"inLanguage":"fr-FR","potentialAction":[{"@type":"ReadAction","target":["https:\/\/petproducts.com.cn\/product\/folding-double-door-dog-crate-wholesale\/"]}]},{"@type":"ImageObject","inLanguage":"fr-FR","@id":"https:\/\/petproducts.com.cn\/product\/folding-double-door-dog-crate-wholesale\/#primaryimage","url":"https:\/\/petproducts.com.cn\/wp-content\/uploads\/2023\/12\/double-door-dog-crate.webp","contentUrl":"https:\/\/petproducts.com.cn\/wp-content\/uploads\/2023\/12\/double-door-dog-crate.webp","width":1000,"height":1000,"caption":"double door dog crate"},{"@type":"BreadcrumbList","@id":"https:\/\/petproducts.com.cn\/product\/folding-double-door-dog-crate-wholesale\/#breadcrumb","itemListElement":[{"@type":"ListItem","position":1,"name":"HOME","item":"https:\/\/petproducts.com.cn\/"},{"@type":"ListItem","position":2,"name":"Products","item":"https:\/\/petproducts.com.cn\/shop\/"},{"@type":"ListItem","position":3,"name":"Dog Crates, Houses &amp; Pens","item":"https:\/\/petproducts.com.cn\/product-category\/dog-crates-houses-pens\/"},{"@type":"ListItem","position":4,"name":"Folding Double Door Dog Crate Wholesale"}]},{"@type":"WebSite","@id":"https:\/\/petproducts.com.cn\/#website","url":"https:\/\/petproducts.com.cn\/","name":"Petstar","description":"Fabricant leader de fournitures pour animaux de compagnie et fournisseur OEM de produits pour animaux de compagnie","publisher":{"@id":"https:\/\/petproducts.com.cn\/#organization"},"alternateName":"Petstar Pet Supplies","potentialAction":[{"@type":"SearchAction","target":{"@type":"EntryPoint","urlTemplate":"https:\/\/petproducts.com.cn\/?s={search_term_string}"},"query-input":{"@type":"PropertyValueSpecification","valueRequired":true,"valueName":"search_term_string"}}],"inLanguage":"fr-FR"},{"@type":"Organization","@id":"https:\/\/petproducts.com.cn\/#organization","name":"Petstar","url":"https:\/\/petproducts.com.cn\/","logo":{"@type":"ImageObject","inLanguage":"fr-FR","@id":"https:\/\/petproducts.com.cn\/#\/schema\/logo\/image\/","url":"https:\/\/petproducts.com.cn\/wp-content\/uploads\/2020\/02\/petstar-logo.webp","contentUrl":"https:\/\/petproducts.com.cn\/wp-content\/uploads\/2020\/02\/petstar-logo.webp","width":779,"height":520,"caption":"Petstar"},"image":{"@id":"https:\/\/petproducts.com.cn\/#\/schema\/logo\/image\/"}}]}},"_links":{"self":[{"href":"https:\/\/petproducts.com.cn\/fr\/wp-json\/wp\/v2\/product\/18315","targetHints":{"allow":["GET"]}}],"collection":[{"href":"https:\/\/petproducts.com.cn\/fr\/wp-json\/wp\/v2\/product"}],"about":[{"href":"https:\/\/petproducts.com.cn\/fr\/wp-json\/wp\/v2\/types\/product"}],"version-history":[{"count":2,"href":"https:\/\/petproducts.com.cn\/fr\/wp-json\/wp\/v2\/product\/18315\/revisions"}],"predecessor-version":[{"id":18471,"href":"https:\/\/petproducts.com.cn\/fr\/wp-json\/wp\/v2\/product\/18315\/revisions\/18471"}],"wp:featuredmedia":[{"embeddable":true,"href":"https:\/\/petproducts.com.cn\/fr\/wp-json\/wp\/v2\/media\/18316"}],"wp:attachment":[{"href":"https:\/\/petproducts.com.cn\/fr\/wp-json\/wp\/v2\/media?parent=18315"}],"wp:term":[{"taxonomy":"product_brand","embeddable":true,"href":"https:\/\/petproducts.com.cn\/fr\/wp-json\/wp\/v2\/product_brand?post=18315"},{"taxonomy":"product_cat","embeddable":true,"href":"https:\/\/petproducts.com.cn\/fr\/wp-json\/wp\/v2\/product_cat?post=18315"},{"taxonomy":"product_tag","embeddable":true,"href":"https:\/\/petproducts.com.cn\/fr\/wp-json\/wp\/v2\/product_tag?post=18315"}],"curies":[{"name":"wp","href":"https:\/\/api.w.org\/{rel}","templated":true}]}}