{"id":18335,"date":"2023-12-26T07:14:59","date_gmt":"2023-12-26T07:14:59","guid":{"rendered":"https:\/\/petproducts.com.cn\/?post_type=product&#038;p=18335"},"modified":"2024-09-05T02:12:58","modified_gmt":"2024-09-05T02:12:58","slug":"import-best-durable-dog-teaser-toy-long-neck","status":"publish","type":"product","link":"https:\/\/petproducts.com.cn\/fr\/product\/import-best-durable-dog-teaser-toy-long-neck\/","title":{"rendered":"Import Best Durable Dog Teaser Toy Long Neck"},"content":{"rendered":"<h2>Jouet de taquin durable pour chien de PetStar<\/h2>\n<p>Entrez dans le monde fantaisiste du divertissement canin avec le jouet Taquin pour chien \u00e0 long cou de PetStar. Avec le th\u00e8me de la queue d'\u00e9cureuil, le papier froiss\u00e9, le confort de la peluche et une longue corde, ces jouets promettent d'am\u00e9liorer le temps de jeu des animaux de compagnie.<\/p>\n<h3><strong>Nos avantages :<\/strong><\/h3>\n<ol>\n<li><strong>Des conceptions sur mesure pour des march\u00e9s exigeants.<\/strong>PetStar est fier de fournir des solutions sur mesure adapt\u00e9es aux pr\u00e9f\u00e9rences uniques des supermarch\u00e9s, des grossistes et des boutiques en ligne. Gr\u00e2ce \u00e0 nos services OEM, personnalisez le design, la couleur et les caract\u00e9ristiques de ces jouets pour chiens \u00e0 long cou, en vous assurant qu'ils correspondent parfaitement aux d\u00e9sirs de vos clients cibles. Qu'il s'agisse d'un th\u00e8me sp\u00e9cifique, d'une palette de couleurs ou de caract\u00e9ristiques suppl\u00e9mentaires, PetStar transforme votre vision en un produit tangible et attrayant.<\/li>\n<li><strong>Qualit\u00e9 et durabilit\u00e9 exceptionnelles.<\/strong>Au c\u0153ur du succ\u00e8s de PetStar se trouve un engagement in\u00e9branlable en faveur d'une qualit\u00e9 exceptionnelle. Fabriqu\u00e9s dans un souci de durabilit\u00e9, nos jouets pour chiens \u00e0 long cou sont con\u00e7us pour r\u00e9sister \u00e0 des jeux vigoureux. L'incorporation d'un tube en mousse \u00e0 l'int\u00e9rieur, combin\u00e9e \u00e0 du papier froiss\u00e9 et \u00e0 un couineur, assure non seulement la durabilit\u00e9 mais ajoute \u00e9galement des couches de stimulation sensorielle, ce qui en fait un favori parmi les propri\u00e9taires d'animaux de compagnie exigeants.<\/li>\n<li><strong>Collaboration rentable pour une conscience budg\u00e9taire.<\/strong>PetStar comprend les consid\u00e9rations \u00e9conomiques de ses partenaires dans l'industrie des produits pour animaux de compagnie. Gr\u00e2ce \u00e0 des collaborations strat\u00e9giques, nous offrons des prix comp\u00e9titifs sans compromettre la qualit\u00e9. Les supermarch\u00e9s, les grossistes et les boutiques en ligne peuvent b\u00e9n\u00e9ficier d'options de commande en gros et de processus de fabrication efficaces, garantissant un acc\u00e8s rentable \u00e0 ces cr\u00e9ations de peluches pour chiens \u00e0 long cou.<\/li>\n<li><strong>Une cha\u00eene d'approvisionnement efficace pour des livraisons en temps voulu.<\/strong>Dans le domaine dynamique des produits pour animaux de compagnie, il est essentiel que les livraisons se fassent dans les d\u00e9lais. La cha\u00eene d'approvisionnement rationalis\u00e9e de PetStar garantit que les supermarch\u00e9s, les grossistes et les boutiques en ligne re\u00e7oivent leurs commandes rapidement. Faites-nous confiance pour un approvisionnement r\u00e9gulier et ponctuel de ces peluches pour chiens \u00e0 long cou, afin de r\u00e9pondre aux demandes de vos clients exigeants et de faire fr\u00e9tiller les queues avec joie.<\/li>\n<\/ol>\n<p><strong>En r\u00e9sum\u00e9.<\/strong>Le jouet en peluche pour chien \u00e0 long cou de PetStar, dot\u00e9 d'un tube en mousse, d'un papier froiss\u00e9 et d'un couineur \u00e0 l'int\u00e9rieur, incarne le m\u00e9lange parfait de personnalisation, de qualit\u00e9, de rentabilit\u00e9 et de livraison dans les d\u00e9lais. Am\u00e9liorez votre offre de produits pour animaux de compagnie avec PetStar, qui r\u00e9pond aux divers besoins des supermarch\u00e9s, des grossistes et des boutiques en ligne.<\/p>","protected":false},"excerpt":{"rendered":"<p>Nous sommes un fabricant de jouets pour chiens avec plus de 20 ans d'exp\u00e9rience. Nous offrons des options de personnalisation pour la couleur, la taille, le tissu, le motif, le logo et d'autres caract\u00e9ristiques.<\/p>","protected":false},"featured_media":18356,"template":"","meta":{"_acf_changed":false},"product_brand":[],"product_cat":[72,48],"product_tag":[231,233,232],"class_list":{"0":"post-18335","1":"product","2":"type-product","3":"status-publish","4":"has-post-thumbnail","6":"product_cat-dog-supplies","7":"product_cat-dog-toys","8":"product_tag-dog-plush-toys","9":"product_tag-dog-squeaky-toys","10":"product_tag-interactive-dog-toys","12":"first","13":"instock","14":"shipping-taxable","15":"product-type-simple"},"acf":[],"yoast_head":"<!-- This site is optimized with the Yoast SEO plugin v27.1.1 - https:\/\/yoast.com\/product\/yoast-seo-wordpress\/ -->\n<title>dog teaser toy wholesale | custom durable dog toy - Petstar<\/title>\n<meta name=\"description\" content=\"Explore long dog toy plush,dog teaser toy, interactive dog toys from the manufacturer. Your ideal business solution with Petstar.\" \/>\n<meta name=\"robots\" content=\"index, follow, max-snippet:-1, max-image-preview:large, max-video-preview:-1\" \/>\n<link rel=\"canonical\" href=\"https:\/\/petproducts.com.cn\/fr\/produit\/import-best-durable-dog-teaser-toy-long-neck\/\" \/>\n<meta property=\"og:locale\" content=\"fr_FR\" \/>\n<meta property=\"og:type\" content=\"article\" \/>\n<meta property=\"og:title\" content=\"dog teaser toy wholesale | custom durable dog toy - Petstar\" \/>\n<meta property=\"og:description\" content=\"Explore long dog toy plush,dog teaser toy, interactive dog toys from the manufacturer. Your ideal business solution with Petstar.\" \/>\n<meta property=\"og:url\" content=\"https:\/\/petproducts.com.cn\/fr\/produit\/import-best-durable-dog-teaser-toy-long-neck\/\" \/>\n<meta property=\"og:site_name\" content=\"Petstar\" \/>\n<meta property=\"article:modified_time\" content=\"2024-09-05T02:12:58+00:00\" \/>\n<meta property=\"og:image\" content=\"https:\/\/petproducts.com.cn\/wp-content\/uploads\/2023\/12\/dog-teaser-toy-1.webp\" \/>\n\t<meta property=\"og:image:width\" content=\"800\" \/>\n\t<meta property=\"og:image:height\" content=\"800\" \/>\n\t<meta property=\"og:image:type\" content=\"image\/webp\" \/>\n<meta name=\"twitter:card\" content=\"summary_large_image\" \/>\n<meta name=\"twitter:label1\" content=\"Dur\u00e9e de lecture estim\u00e9e\" \/>\n\t<meta name=\"twitter:data1\" content=\"2 minutes\" \/>\n<script type=\"application\/ld+json\" class=\"yoast-schema-graph\">{\"@context\":\"https:\/\/schema.org\",\"@graph\":[{\"@type\":\"WebPage\",\"@id\":\"https:\/\/petproducts.com.cn\/product\/import-best-durable-dog-teaser-toy-long-neck\/\",\"url\":\"https:\/\/petproducts.com.cn\/product\/import-best-durable-dog-teaser-toy-long-neck\/\",\"name\":\"dog teaser toy wholesale | custom durable dog toy - Petstar\",\"isPartOf\":{\"@id\":\"https:\/\/petproducts.com.cn\/#website\"},\"primaryImageOfPage\":{\"@id\":\"https:\/\/petproducts.com.cn\/product\/import-best-durable-dog-teaser-toy-long-neck\/#primaryimage\"},\"image\":{\"@id\":\"https:\/\/petproducts.com.cn\/product\/import-best-durable-dog-teaser-toy-long-neck\/#primaryimage\"},\"thumbnailUrl\":\"https:\/\/petproducts.com.cn\/wp-content\/uploads\/2023\/12\/dog-teaser-toy-1.webp\",\"datePublished\":\"2023-12-26T07:14:59+00:00\",\"dateModified\":\"2024-09-05T02:12:58+00:00\",\"description\":\"Explore long dog toy plush,dog teaser toy, interactive dog toys from the manufacturer. Your ideal business solution with Petstar.\",\"breadcrumb\":{\"@id\":\"https:\/\/petproducts.com.cn\/product\/import-best-durable-dog-teaser-toy-long-neck\/#breadcrumb\"},\"inLanguage\":\"fr-FR\",\"potentialAction\":[{\"@type\":\"ReadAction\",\"target\":[\"https:\/\/petproducts.com.cn\/product\/import-best-durable-dog-teaser-toy-long-neck\/\"]}]},{\"@type\":\"ImageObject\",\"inLanguage\":\"fr-FR\",\"@id\":\"https:\/\/petproducts.com.cn\/product\/import-best-durable-dog-teaser-toy-long-neck\/#primaryimage\",\"url\":\"https:\/\/petproducts.com.cn\/wp-content\/uploads\/2023\/12\/dog-teaser-toy-1.webp\",\"contentUrl\":\"https:\/\/petproducts.com.cn\/wp-content\/uploads\/2023\/12\/dog-teaser-toy-1.webp\",\"width\":800,\"height\":800,\"caption\":\"dog teaser toy\"},{\"@type\":\"BreadcrumbList\",\"@id\":\"https:\/\/petproducts.com.cn\/product\/import-best-durable-dog-teaser-toy-long-neck\/#breadcrumb\",\"itemListElement\":[{\"@type\":\"ListItem\",\"position\":1,\"name\":\"HOME\",\"item\":\"https:\/\/petproducts.com.cn\/\"},{\"@type\":\"ListItem\",\"position\":2,\"name\":\"Products\",\"item\":\"https:\/\/petproducts.com.cn\/shop\/\"},{\"@type\":\"ListItem\",\"position\":3,\"name\":\"Dog Toys\",\"item\":\"https:\/\/petproducts.com.cn\/product-category\/dog-toys\/\"},{\"@type\":\"ListItem\",\"position\":4,\"name\":\"Import Best Durable Dog Teaser Toy Long Neck\"}]},{\"@type\":\"WebSite\",\"@id\":\"https:\/\/petproducts.com.cn\/#website\",\"url\":\"https:\/\/petproducts.com.cn\/\",\"name\":\"Petstar\",\"description\":\"Leading Pet Supplies Manufacturer &amp; OEM Pet Products Supplier\",\"publisher\":{\"@id\":\"https:\/\/petproducts.com.cn\/#organization\"},\"alternateName\":\"Petstar Pet Supplies\",\"potentialAction\":[{\"@type\":\"SearchAction\",\"target\":{\"@type\":\"EntryPoint\",\"urlTemplate\":\"https:\/\/petproducts.com.cn\/?s={search_term_string}\"},\"query-input\":{\"@type\":\"PropertyValueSpecification\",\"valueRequired\":true,\"valueName\":\"search_term_string\"}}],\"inLanguage\":\"fr-FR\"},{\"@type\":\"Organization\",\"@id\":\"https:\/\/petproducts.com.cn\/#organization\",\"name\":\"Petstar\",\"url\":\"https:\/\/petproducts.com.cn\/\",\"logo\":{\"@type\":\"ImageObject\",\"inLanguage\":\"fr-FR\",\"@id\":\"https:\/\/petproducts.com.cn\/#\/schema\/logo\/image\/\",\"url\":\"https:\/\/petproducts.com.cn\/wp-content\/uploads\/2020\/02\/petstar-logo.webp\",\"contentUrl\":\"https:\/\/petproducts.com.cn\/wp-content\/uploads\/2020\/02\/petstar-logo.webp\",\"width\":779,\"height\":520,\"caption\":\"Petstar\"},\"image\":{\"@id\":\"https:\/\/petproducts.com.cn\/#\/schema\/logo\/image\/\"}}]}<\/script>\n<!-- \/ Yoast SEO plugin. -->","yoast_head_json":{"title":"Jouet d'\u00e9veil pour chien en gros | Jouet d'\u00e9veil pour chien durable personnalis\u00e9 - Petstar","description":"D\u00e9couvrez les jouets pour chiens en peluche, les jouets pour chiens taquins, les jouets interactifs pour chiens du fabricant. Votre solution commerciale id\u00e9ale avec Petstar.","robots":{"index":"index","follow":"follow","max-snippet":"max-snippet:-1","max-image-preview":"max-image-preview:large","max-video-preview":"max-video-preview:-1"},"canonical":"https:\/\/petproducts.com.cn\/fr\/produit\/import-best-durable-dog-teaser-toy-long-neck\/","og_locale":"fr_FR","og_type":"article","og_title":"dog teaser toy wholesale | custom durable dog toy - Petstar","og_description":"Explore long dog toy plush,dog teaser toy, interactive dog toys from the manufacturer. Your ideal business solution with Petstar.","og_url":"https:\/\/petproducts.com.cn\/fr\/produit\/import-best-durable-dog-teaser-toy-long-neck\/","og_site_name":"Petstar","article_modified_time":"2024-09-05T02:12:58+00:00","og_image":[{"width":800,"height":800,"url":"https:\/\/petproducts.com.cn\/wp-content\/uploads\/2023\/12\/dog-teaser-toy-1.webp","type":"image\/webp"}],"twitter_card":"summary_large_image","twitter_misc":{"Dur\u00e9e de lecture estim\u00e9e":"2 minutes"},"schema":{"@context":"https:\/\/schema.org","@graph":[{"@type":"WebPage","@id":"https:\/\/petproducts.com.cn\/product\/import-best-durable-dog-teaser-toy-long-neck\/","url":"https:\/\/petproducts.com.cn\/product\/import-best-durable-dog-teaser-toy-long-neck\/","name":"Jouet d'\u00e9veil pour chien en gros | Jouet d'\u00e9veil pour chien durable personnalis\u00e9 - Petstar","isPartOf":{"@id":"https:\/\/petproducts.com.cn\/#website"},"primaryImageOfPage":{"@id":"https:\/\/petproducts.com.cn\/product\/import-best-durable-dog-teaser-toy-long-neck\/#primaryimage"},"image":{"@id":"https:\/\/petproducts.com.cn\/product\/import-best-durable-dog-teaser-toy-long-neck\/#primaryimage"},"thumbnailUrl":"https:\/\/petproducts.com.cn\/wp-content\/uploads\/2023\/12\/dog-teaser-toy-1.webp","datePublished":"2023-12-26T07:14:59+00:00","dateModified":"2024-09-05T02:12:58+00:00","description":"D\u00e9couvrez les jouets pour chiens en peluche, les jouets pour chiens taquins, les jouets interactifs pour chiens du fabricant. Votre solution commerciale id\u00e9ale avec Petstar.","breadcrumb":{"@id":"https:\/\/petproducts.com.cn\/product\/import-best-durable-dog-teaser-toy-long-neck\/#breadcrumb"},"inLanguage":"fr-FR","potentialAction":[{"@type":"ReadAction","target":["https:\/\/petproducts.com.cn\/product\/import-best-durable-dog-teaser-toy-long-neck\/"]}]},{"@type":"ImageObject","inLanguage":"fr-FR","@id":"https:\/\/petproducts.com.cn\/product\/import-best-durable-dog-teaser-toy-long-neck\/#primaryimage","url":"https:\/\/petproducts.com.cn\/wp-content\/uploads\/2023\/12\/dog-teaser-toy-1.webp","contentUrl":"https:\/\/petproducts.com.cn\/wp-content\/uploads\/2023\/12\/dog-teaser-toy-1.webp","width":800,"height":800,"caption":"dog teaser toy"},{"@type":"BreadcrumbList","@id":"https:\/\/petproducts.com.cn\/product\/import-best-durable-dog-teaser-toy-long-neck\/#breadcrumb","itemListElement":[{"@type":"ListItem","position":1,"name":"HOME","item":"https:\/\/petproducts.com.cn\/"},{"@type":"ListItem","position":2,"name":"Products","item":"https:\/\/petproducts.com.cn\/shop\/"},{"@type":"ListItem","position":3,"name":"Dog Toys","item":"https:\/\/petproducts.com.cn\/product-category\/dog-toys\/"},{"@type":"ListItem","position":4,"name":"Import Best Durable Dog Teaser Toy Long Neck"}]},{"@type":"WebSite","@id":"https:\/\/petproducts.com.cn\/#website","url":"https:\/\/petproducts.com.cn\/","name":"Petstar","description":"Fabricant leader de fournitures pour animaux de compagnie et fournisseur OEM de produits pour animaux de compagnie","publisher":{"@id":"https:\/\/petproducts.com.cn\/#organization"},"alternateName":"Petstar Pet Supplies","potentialAction":[{"@type":"SearchAction","target":{"@type":"EntryPoint","urlTemplate":"https:\/\/petproducts.com.cn\/?s={search_term_string}"},"query-input":{"@type":"PropertyValueSpecification","valueRequired":true,"valueName":"search_term_string"}}],"inLanguage":"fr-FR"},{"@type":"Organization","@id":"https:\/\/petproducts.com.cn\/#organization","name":"Petstar","url":"https:\/\/petproducts.com.cn\/","logo":{"@type":"ImageObject","inLanguage":"fr-FR","@id":"https:\/\/petproducts.com.cn\/#\/schema\/logo\/image\/","url":"https:\/\/petproducts.com.cn\/wp-content\/uploads\/2020\/02\/petstar-logo.webp","contentUrl":"https:\/\/petproducts.com.cn\/wp-content\/uploads\/2020\/02\/petstar-logo.webp","width":779,"height":520,"caption":"Petstar"},"image":{"@id":"https:\/\/petproducts.com.cn\/#\/schema\/logo\/image\/"}}]}},"_links":{"self":[{"href":"https:\/\/petproducts.com.cn\/fr\/wp-json\/wp\/v2\/product\/18335","targetHints":{"allow":["GET"]}}],"collection":[{"href":"https:\/\/petproducts.com.cn\/fr\/wp-json\/wp\/v2\/product"}],"about":[{"href":"https:\/\/petproducts.com.cn\/fr\/wp-json\/wp\/v2\/types\/product"}],"version-history":[{"count":1,"href":"https:\/\/petproducts.com.cn\/fr\/wp-json\/wp\/v2\/product\/18335\/revisions"}],"predecessor-version":[{"id":18359,"href":"https:\/\/petproducts.com.cn\/fr\/wp-json\/wp\/v2\/product\/18335\/revisions\/18359"}],"wp:featuredmedia":[{"embeddable":true,"href":"https:\/\/petproducts.com.cn\/fr\/wp-json\/wp\/v2\/media\/18356"}],"wp:attachment":[{"href":"https:\/\/petproducts.com.cn\/fr\/wp-json\/wp\/v2\/media?parent=18335"}],"wp:term":[{"taxonomy":"product_brand","embeddable":true,"href":"https:\/\/petproducts.com.cn\/fr\/wp-json\/wp\/v2\/product_brand?post=18335"},{"taxonomy":"product_cat","embeddable":true,"href":"https:\/\/petproducts.com.cn\/fr\/wp-json\/wp\/v2\/product_cat?post=18335"},{"taxonomy":"product_tag","embeddable":true,"href":"https:\/\/petproducts.com.cn\/fr\/wp-json\/wp\/v2\/product_tag?post=18335"}],"curies":[{"name":"wp","href":"https:\/\/api.w.org\/{rel}","templated":true}]}}