{"id":21618,"date":"2024-04-01T05:39:44","date_gmt":"2024-04-01T05:39:44","guid":{"rendered":"https:\/\/petproducts.com.cn\/?post_type=product&#038;p=21618"},"modified":"2024-08-23T01:37:13","modified_gmt":"2024-08-23T01:37:13","slug":"fashion-cat-collar-custom-soft-cat-collar","status":"publish","type":"product","link":"https:\/\/petproducts.com.cn\/fr\/product\/fashion-cat-collar-custom-soft-cat-collar\/","title":{"rendered":"Collier de chat de mode collier de chat doux personnalis\u00e9"},"content":{"rendered":"<h2>Features Of Fashion Cat Collar<\/h2>\n<div class=\"w-full pt-2 md:pt-0 dark:border-white\/20 md:border-transparent md:dark:border-transparent md:w-[calc(100%-.5rem)]\">\n<form class=\"stretch mx-2 flex flex-row gap-3 last:mb-2 md:mx-4 md:last:mb-6 lg:mx-auto lg:max-w-2xl xl:max-w-3xl\">\n<div class=\"relative flex h-full flex-1 flex-col\">\n<div class=\"flex w-full items-center\">\n<div class=\"overflow-hidden [&amp;:has(textarea:focus)]:border-token-border-xheavy [&amp;:has(textarea:focus)]:shadow-[0_2px_6px_rgba(0,0,0,.05)] flex flex-col w-full dark:border-token-border-medium flex-grow relative border border-token-border-medium dark:text-white rounded-2xl bg-token-main-surface-primary\">\n<div data-grammarly-part=\"button\">\n<ol>\n<li><strong>Vibrant Colors<\/strong>: Our Fashion Cat Collar comes in a range of vibrant colors that will make your cat stand out from the crowd. Choose from a variety of hues to match your cat&#8217;s personality and style.<\/li>\n<li><strong>Premium Materials<\/strong>: Crafted from a combination of high-quality polyester and PU leather, our collar offers durability and comfort. The soft PU leather lining ensures a gentle touch against your cat&#8217;s skin, while the polyester adds strength and resilience.<\/li>\n<li><strong>Adjustable Size<\/strong>: Say goodbye to ill-fitting collars! Our Fashion Pet Collar features an adjustable design, allowing you to customize the fit for your cat. Whether your cat is small or large, this collar ensures a snug and comfortable fit.<\/li>\n<li><strong>Bell Attachment<\/strong>: Keep track of your cat&#8217;s whereabouts with the bell attachment included on our collar. The subtle jingle alerts you to your cat&#8217;s movements, providing peace of mind, especially for outdoor adventures.<\/li>\n<li><strong>Stylish Design<\/strong>: With its sleek and modern design, our Soft Cat Collar adds a touch of elegance to your cat&#8217;s appearance. Whether lounging at home or exploring the great outdoors, your cat will look effortlessly chic.<\/li>\n<li><strong>Easy to Clean<\/strong>: Made from easy-to-clean materials, our collar is simple to maintain. Just wipe it clean with a damp cloth to keep it looking fresh and vibrant. Spend less time cleaning and more time cuddling with your cat.<\/li>\n<\/ol>\n<\/div>\n<\/div>\n<\/div>\n<\/div>\n<\/form>\n<\/div>\n","protected":false},"excerpt":{"rendered":"<p>Nous sommes un fabricant de colliers, laisses et harnais pour animaux de compagnie avec plus de 20 ans d'exp\u00e9rience. Nous offrons des options de personnalisation pour la couleur, la taille, le tissu, le motif, le logo et d'autres caract\u00e9ristiques.<\/p>","protected":false},"featured_media":21622,"template":"","meta":{"_acf_changed":false},"product_brand":[],"product_cat":[130,71],"product_tag":[214],"class_list":{"0":"post-21618","1":"product","2":"type-product","3":"status-publish","4":"has-post-thumbnail","6":"product_cat-cat-collars-leashes-harnesses","7":"product_cat-cat-supplies","8":"product_tag-cat-collars","10":"first","11":"instock","12":"shipping-taxable","13":"product-type-simple"},"acf":[],"yoast_head":"<!-- This site is optimized with the Yoast SEO plugin v27.1.1 - https:\/\/yoast.com\/product\/yoast-seo-wordpress\/ -->\n<title>Fashion Cat Collar | Custom Soft Cat Collar - Petstar<\/title>\n<meta name=\"description\" content=\"Explore fashion cat collar, custom cat collar, soft cat collar from the manufacturer. Your ideal business solution with Petstar.\" \/>\n<meta name=\"robots\" content=\"index, follow, max-snippet:-1, max-image-preview:large, max-video-preview:-1\" \/>\n<link rel=\"canonical\" href=\"https:\/\/petproducts.com.cn\/fr\/produit\/fashion-cat-collar-custom-soft-cat-collar\/\" \/>\n<meta property=\"og:locale\" content=\"fr_FR\" \/>\n<meta property=\"og:type\" content=\"article\" \/>\n<meta property=\"og:title\" content=\"Fashion Cat Collar | Custom Soft Cat Collar - Petstar\" \/>\n<meta property=\"og:description\" content=\"Explore fashion cat collar, custom cat collar, soft cat collar from the manufacturer. Your ideal business solution with Petstar.\" \/>\n<meta property=\"og:url\" content=\"https:\/\/petproducts.com.cn\/fr\/produit\/fashion-cat-collar-custom-soft-cat-collar\/\" \/>\n<meta property=\"og:site_name\" content=\"Petstar\" \/>\n<meta property=\"article:modified_time\" content=\"2024-08-23T01:37:13+00:00\" \/>\n<meta property=\"og:image\" content=\"https:\/\/petproducts.com.cn\/wp-content\/uploads\/2024\/04\/fashion-cat-collar.webp\" \/>\n\t<meta property=\"og:image:width\" content=\"800\" \/>\n\t<meta property=\"og:image:height\" content=\"800\" \/>\n\t<meta property=\"og:image:type\" content=\"image\/webp\" \/>\n<meta name=\"twitter:card\" content=\"summary_large_image\" \/>\n<meta name=\"twitter:label1\" content=\"Dur\u00e9e de lecture estim\u00e9e\" \/>\n\t<meta name=\"twitter:data1\" content=\"1 minute\" \/>\n<script type=\"application\/ld+json\" class=\"yoast-schema-graph\">{\"@context\":\"https:\/\/schema.org\",\"@graph\":[{\"@type\":\"WebPage\",\"@id\":\"https:\/\/petproducts.com.cn\/product\/fashion-cat-collar-custom-soft-cat-collar\/\",\"url\":\"https:\/\/petproducts.com.cn\/product\/fashion-cat-collar-custom-soft-cat-collar\/\",\"name\":\"Fashion Cat Collar | Custom Soft Cat Collar - Petstar\",\"isPartOf\":{\"@id\":\"https:\/\/petproducts.com.cn\/#website\"},\"primaryImageOfPage\":{\"@id\":\"https:\/\/petproducts.com.cn\/product\/fashion-cat-collar-custom-soft-cat-collar\/#primaryimage\"},\"image\":{\"@id\":\"https:\/\/petproducts.com.cn\/product\/fashion-cat-collar-custom-soft-cat-collar\/#primaryimage\"},\"thumbnailUrl\":\"https:\/\/petproducts.com.cn\/wp-content\/uploads\/2024\/04\/fashion-cat-collar.webp\",\"datePublished\":\"2024-04-01T05:39:44+00:00\",\"dateModified\":\"2024-08-23T01:37:13+00:00\",\"description\":\"Explore fashion cat collar, custom cat collar, soft cat collar from the manufacturer. Your ideal business solution with Petstar.\",\"breadcrumb\":{\"@id\":\"https:\/\/petproducts.com.cn\/product\/fashion-cat-collar-custom-soft-cat-collar\/#breadcrumb\"},\"inLanguage\":\"fr-FR\",\"potentialAction\":[{\"@type\":\"ReadAction\",\"target\":[\"https:\/\/petproducts.com.cn\/product\/fashion-cat-collar-custom-soft-cat-collar\/\"]}]},{\"@type\":\"ImageObject\",\"inLanguage\":\"fr-FR\",\"@id\":\"https:\/\/petproducts.com.cn\/product\/fashion-cat-collar-custom-soft-cat-collar\/#primaryimage\",\"url\":\"https:\/\/petproducts.com.cn\/wp-content\/uploads\/2024\/04\/fashion-cat-collar.webp\",\"contentUrl\":\"https:\/\/petproducts.com.cn\/wp-content\/uploads\/2024\/04\/fashion-cat-collar.webp\",\"width\":800,\"height\":800,\"caption\":\"fashion cat collar\"},{\"@type\":\"BreadcrumbList\",\"@id\":\"https:\/\/petproducts.com.cn\/product\/fashion-cat-collar-custom-soft-cat-collar\/#breadcrumb\",\"itemListElement\":[{\"@type\":\"ListItem\",\"position\":1,\"name\":\"HOME\",\"item\":\"https:\/\/petproducts.com.cn\/\"},{\"@type\":\"ListItem\",\"position\":2,\"name\":\"Products\",\"item\":\"https:\/\/petproducts.com.cn\/shop\/\"},{\"@type\":\"ListItem\",\"position\":3,\"name\":\"Cat Collars, Leashes &amp; Harnesses\",\"item\":\"https:\/\/petproducts.com.cn\/product-category\/cat-collars-leashes-harnesses\/\"},{\"@type\":\"ListItem\",\"position\":4,\"name\":\"Fashion Cat Collar Custom Soft Cat Collar\"}]},{\"@type\":\"WebSite\",\"@id\":\"https:\/\/petproducts.com.cn\/#website\",\"url\":\"https:\/\/petproducts.com.cn\/\",\"name\":\"Petstar\",\"description\":\"Leading Pet Supplies Manufacturer &amp; OEM Pet Products Supplier\",\"publisher\":{\"@id\":\"https:\/\/petproducts.com.cn\/#organization\"},\"alternateName\":\"Petstar Pet Supplies\",\"potentialAction\":[{\"@type\":\"SearchAction\",\"target\":{\"@type\":\"EntryPoint\",\"urlTemplate\":\"https:\/\/petproducts.com.cn\/?s={search_term_string}\"},\"query-input\":{\"@type\":\"PropertyValueSpecification\",\"valueRequired\":true,\"valueName\":\"search_term_string\"}}],\"inLanguage\":\"fr-FR\"},{\"@type\":\"Organization\",\"@id\":\"https:\/\/petproducts.com.cn\/#organization\",\"name\":\"Petstar\",\"url\":\"https:\/\/petproducts.com.cn\/\",\"logo\":{\"@type\":\"ImageObject\",\"inLanguage\":\"fr-FR\",\"@id\":\"https:\/\/petproducts.com.cn\/#\/schema\/logo\/image\/\",\"url\":\"https:\/\/petproducts.com.cn\/wp-content\/uploads\/2020\/02\/petstar-logo.webp\",\"contentUrl\":\"https:\/\/petproducts.com.cn\/wp-content\/uploads\/2020\/02\/petstar-logo.webp\",\"width\":779,\"height\":520,\"caption\":\"Petstar\"},\"image\":{\"@id\":\"https:\/\/petproducts.com.cn\/#\/schema\/logo\/image\/\"}}]}<\/script>\n<!-- \/ Yoast SEO plugin. -->","yoast_head_json":{"title":"Collier pour chat personnalis\u00e9 - Petstar","description":"D\u00e9couvrez les colliers pour chats \u00e0 la mode, les colliers pour chats personnalis\u00e9s et les colliers pour chats souples du fabricant. Votre solution commerciale id\u00e9ale avec Petstar.","robots":{"index":"index","follow":"follow","max-snippet":"max-snippet:-1","max-image-preview":"max-image-preview:large","max-video-preview":"max-video-preview:-1"},"canonical":"https:\/\/petproducts.com.cn\/fr\/produit\/fashion-cat-collar-custom-soft-cat-collar\/","og_locale":"fr_FR","og_type":"article","og_title":"Fashion Cat Collar | Custom Soft Cat Collar - Petstar","og_description":"Explore fashion cat collar, custom cat collar, soft cat collar from the manufacturer. Your ideal business solution with Petstar.","og_url":"https:\/\/petproducts.com.cn\/fr\/produit\/fashion-cat-collar-custom-soft-cat-collar\/","og_site_name":"Petstar","article_modified_time":"2024-08-23T01:37:13+00:00","og_image":[{"width":800,"height":800,"url":"https:\/\/petproducts.com.cn\/wp-content\/uploads\/2024\/04\/fashion-cat-collar.webp","type":"image\/webp"}],"twitter_card":"summary_large_image","twitter_misc":{"Dur\u00e9e de lecture estim\u00e9e":"1 minute"},"schema":{"@context":"https:\/\/schema.org","@graph":[{"@type":"WebPage","@id":"https:\/\/petproducts.com.cn\/product\/fashion-cat-collar-custom-soft-cat-collar\/","url":"https:\/\/petproducts.com.cn\/product\/fashion-cat-collar-custom-soft-cat-collar\/","name":"Collier pour chat personnalis\u00e9 - Petstar","isPartOf":{"@id":"https:\/\/petproducts.com.cn\/#website"},"primaryImageOfPage":{"@id":"https:\/\/petproducts.com.cn\/product\/fashion-cat-collar-custom-soft-cat-collar\/#primaryimage"},"image":{"@id":"https:\/\/petproducts.com.cn\/product\/fashion-cat-collar-custom-soft-cat-collar\/#primaryimage"},"thumbnailUrl":"https:\/\/petproducts.com.cn\/wp-content\/uploads\/2024\/04\/fashion-cat-collar.webp","datePublished":"2024-04-01T05:39:44+00:00","dateModified":"2024-08-23T01:37:13+00:00","description":"D\u00e9couvrez les colliers pour chats \u00e0 la mode, les colliers pour chats personnalis\u00e9s et les colliers pour chats souples du fabricant. Votre solution commerciale id\u00e9ale avec Petstar.","breadcrumb":{"@id":"https:\/\/petproducts.com.cn\/product\/fashion-cat-collar-custom-soft-cat-collar\/#breadcrumb"},"inLanguage":"fr-FR","potentialAction":[{"@type":"ReadAction","target":["https:\/\/petproducts.com.cn\/product\/fashion-cat-collar-custom-soft-cat-collar\/"]}]},{"@type":"ImageObject","inLanguage":"fr-FR","@id":"https:\/\/petproducts.com.cn\/product\/fashion-cat-collar-custom-soft-cat-collar\/#primaryimage","url":"https:\/\/petproducts.com.cn\/wp-content\/uploads\/2024\/04\/fashion-cat-collar.webp","contentUrl":"https:\/\/petproducts.com.cn\/wp-content\/uploads\/2024\/04\/fashion-cat-collar.webp","width":800,"height":800,"caption":"fashion cat collar"},{"@type":"BreadcrumbList","@id":"https:\/\/petproducts.com.cn\/product\/fashion-cat-collar-custom-soft-cat-collar\/#breadcrumb","itemListElement":[{"@type":"ListItem","position":1,"name":"HOME","item":"https:\/\/petproducts.com.cn\/"},{"@type":"ListItem","position":2,"name":"Products","item":"https:\/\/petproducts.com.cn\/shop\/"},{"@type":"ListItem","position":3,"name":"Cat Collars, Leashes &amp; Harnesses","item":"https:\/\/petproducts.com.cn\/product-category\/cat-collars-leashes-harnesses\/"},{"@type":"ListItem","position":4,"name":"Fashion Cat Collar Custom Soft Cat Collar"}]},{"@type":"WebSite","@id":"https:\/\/petproducts.com.cn\/#website","url":"https:\/\/petproducts.com.cn\/","name":"Petstar","description":"Fabricant leader de fournitures pour animaux de compagnie et fournisseur OEM de produits pour animaux de compagnie","publisher":{"@id":"https:\/\/petproducts.com.cn\/#organization"},"alternateName":"Petstar Pet Supplies","potentialAction":[{"@type":"SearchAction","target":{"@type":"EntryPoint","urlTemplate":"https:\/\/petproducts.com.cn\/?s={search_term_string}"},"query-input":{"@type":"PropertyValueSpecification","valueRequired":true,"valueName":"search_term_string"}}],"inLanguage":"fr-FR"},{"@type":"Organization","@id":"https:\/\/petproducts.com.cn\/#organization","name":"Petstar","url":"https:\/\/petproducts.com.cn\/","logo":{"@type":"ImageObject","inLanguage":"fr-FR","@id":"https:\/\/petproducts.com.cn\/#\/schema\/logo\/image\/","url":"https:\/\/petproducts.com.cn\/wp-content\/uploads\/2020\/02\/petstar-logo.webp","contentUrl":"https:\/\/petproducts.com.cn\/wp-content\/uploads\/2020\/02\/petstar-logo.webp","width":779,"height":520,"caption":"Petstar"},"image":{"@id":"https:\/\/petproducts.com.cn\/#\/schema\/logo\/image\/"}}]}},"_links":{"self":[{"href":"https:\/\/petproducts.com.cn\/fr\/wp-json\/wp\/v2\/product\/21618","targetHints":{"allow":["GET"]}}],"collection":[{"href":"https:\/\/petproducts.com.cn\/fr\/wp-json\/wp\/v2\/product"}],"about":[{"href":"https:\/\/petproducts.com.cn\/fr\/wp-json\/wp\/v2\/types\/product"}],"version-history":[{"count":2,"href":"https:\/\/petproducts.com.cn\/fr\/wp-json\/wp\/v2\/product\/21618\/revisions"}],"predecessor-version":[{"id":21642,"href":"https:\/\/petproducts.com.cn\/fr\/wp-json\/wp\/v2\/product\/21618\/revisions\/21642"}],"wp:featuredmedia":[{"embeddable":true,"href":"https:\/\/petproducts.com.cn\/fr\/wp-json\/wp\/v2\/media\/21622"}],"wp:attachment":[{"href":"https:\/\/petproducts.com.cn\/fr\/wp-json\/wp\/v2\/media?parent=21618"}],"wp:term":[{"taxonomy":"product_brand","embeddable":true,"href":"https:\/\/petproducts.com.cn\/fr\/wp-json\/wp\/v2\/product_brand?post=21618"},{"taxonomy":"product_cat","embeddable":true,"href":"https:\/\/petproducts.com.cn\/fr\/wp-json\/wp\/v2\/product_cat?post=21618"},{"taxonomy":"product_tag","embeddable":true,"href":"https:\/\/petproducts.com.cn\/fr\/wp-json\/wp\/v2\/product_tag?post=21618"}],"curies":[{"name":"wp","href":"https:\/\/api.w.org\/{rel}","templated":true}]}}