{"id":21718,"date":"2024-04-07T02:00:35","date_gmt":"2024-04-07T02:00:35","guid":{"rendered":"https:\/\/petproducts.com.cn\/?post_type=product&#038;p=21718"},"modified":"2024-08-23T01:37:38","modified_gmt":"2024-08-23T01:37:38","slug":"bow-tie-cat-collars-cozy-cat-bell-collar","status":"publish","type":"product","link":"https:\/\/petproducts.com.cn\/fr\/product\/bow-tie-cat-collars-cozy-cat-bell-collar\/","title":{"rendered":"Colliers pour chat avec n\u0153ud papillon Collier de cloche pour chat confortable"},"content":{"rendered":"<h2>Caract\u00e9ristiques des colliers pour chats \u00e0 n\u0153ud papillon<\/h2>\n<ol>\n<li><strong>Design \u00e0 pois \u00e0 la mode<\/strong>: Nos colliers pour chats \u00e0 n\u0153ud papillon pr\u00e9sentent un motif \u00e0 pois stylis\u00e9 qui ajoute de l'\u00e9l\u00e9gance au look de votre chat. Gr\u00e2ce \u00e0 son design tendance, votre chat fera parler de lui o\u00f9 qu'il aille.<\/li>\n<li><strong>Charmant n\u0153ud papillon<\/strong>: Dot\u00e9 d'un charmant n\u0153ud papillon, notre collier ajoute une touche d'\u00e9l\u00e9gance \u00e0 l'apparence de votre chat. C'est l'accessoire parfait pour les occasions sp\u00e9ciales ou pour la vie de tous les jours.<\/li>\n<li><strong>Mat\u00e9riaux de qualit\u00e9 sup\u00e9rieure<\/strong>: Fabriqu\u00e9 \u00e0 partir de polyester et de cuir PU de haute qualit\u00e9, notre collier offre durabilit\u00e9 et confort. La doublure en cuir PU souple assure un contact doux avec la peau de votre chat, tandis que le polyester lui conf\u00e8re r\u00e9sistance et \u00e9lasticit\u00e9.<\/li>\n<li><strong>Taille ajustable<\/strong>: Dites adieu aux colliers inconfortables ! Notre collier pour chat Bell est r\u00e9glable, ce qui vous permet d'adapter le collier \u00e0 votre chat. Que votre chat soit petit ou grand, ce collier lui assure un ajustement confortable.<\/li>\n<li><strong>Fixation de la cloche<\/strong>: Suivez les all\u00e9es et venues de votre chat gr\u00e2ce \u00e0 la clochette incluse dans notre collier. Le doux tintement vous avertit des mouvements de votre chat, ce qui vous permet de garder l'esprit tranquille, en particulier lors de vos aventures en plein air.<\/li>\n<li><strong>Douillet et confortable<\/strong>: Notre collier Cozy Cat est con\u00e7u pour le confort de votre chat. Les mat\u00e9riaux souples et la forme ajustable permettent \u00e0 votre chat de le porter sans probl\u00e8me, tout au long de la journ\u00e9e.<\/li>\n<\/ol>","protected":false},"excerpt":{"rendered":"<p>Nous sommes un fabricant de colliers, laisses et harnais pour animaux de compagnie avec plus de 20 ans d'exp\u00e9rience. Nous offrons des options de personnalisation pour la couleur, la taille, le tissu, le motif, le logo et d'autres caract\u00e9ristiques.<\/p>","protected":false},"featured_media":21720,"template":"","meta":{"_acf_changed":false},"product_brand":[],"product_cat":[130,71],"product_tag":[214],"class_list":{"0":"post-21718","1":"product","2":"type-product","3":"status-publish","4":"has-post-thumbnail","6":"product_cat-cat-collars-leashes-harnesses","7":"product_cat-cat-supplies","8":"product_tag-cat-collars","10":"first","11":"instock","12":"shipping-taxable","13":"product-type-simple"},"acf":[],"yoast_head":"<!-- This site is optimized with the Yoast SEO plugin v27.1.1 - https:\/\/yoast.com\/product\/yoast-seo-wordpress\/ -->\n<title>Cat Bow Tie Collars | Custom Cat Bell Collar- Petstar<\/title>\n<meta name=\"description\" content=\"Explore bow tie cat collars, cat bell collar, cozy cat collar from the manufacturer. Your ideal business solution with Petstar.\" \/>\n<meta name=\"robots\" content=\"index, follow, max-snippet:-1, max-image-preview:large, max-video-preview:-1\" \/>\n<link rel=\"canonical\" href=\"https:\/\/petproducts.com.cn\/fr\/produit\/bow-tie-cat-collars-cozy-cat-bell-collar\/\" \/>\n<meta property=\"og:locale\" content=\"fr_FR\" \/>\n<meta property=\"og:type\" content=\"article\" \/>\n<meta property=\"og:title\" content=\"Cat Bow Tie Collars | Custom Cat Bell Collar- Petstar\" \/>\n<meta property=\"og:description\" content=\"Explore bow tie cat collars, cat bell collar, cozy cat collar from the manufacturer. Your ideal business solution with Petstar.\" \/>\n<meta property=\"og:url\" content=\"https:\/\/petproducts.com.cn\/fr\/produit\/bow-tie-cat-collars-cozy-cat-bell-collar\/\" \/>\n<meta property=\"og:site_name\" content=\"Petstar\" \/>\n<meta property=\"article:modified_time\" content=\"2024-08-23T01:37:38+00:00\" \/>\n<meta property=\"og:image\" content=\"https:\/\/petproducts.com.cn\/wp-content\/uploads\/2024\/04\/bow-tie-cat-collar-1.webp\" \/>\n\t<meta property=\"og:image:width\" content=\"800\" \/>\n\t<meta property=\"og:image:height\" content=\"800\" \/>\n\t<meta property=\"og:image:type\" content=\"image\/webp\" \/>\n<meta name=\"twitter:card\" content=\"summary_large_image\" \/>\n<meta name=\"twitter:label1\" content=\"Dur\u00e9e de lecture estim\u00e9e\" \/>\n\t<meta name=\"twitter:data1\" content=\"1 minute\" \/>\n<script type=\"application\/ld+json\" class=\"yoast-schema-graph\">{\"@context\":\"https:\/\/schema.org\",\"@graph\":[{\"@type\":\"WebPage\",\"@id\":\"https:\/\/petproducts.com.cn\/product\/bow-tie-cat-collars-cozy-cat-bell-collar\/\",\"url\":\"https:\/\/petproducts.com.cn\/product\/bow-tie-cat-collars-cozy-cat-bell-collar\/\",\"name\":\"Cat Bow Tie Collars | Custom Cat Bell Collar- Petstar\",\"isPartOf\":{\"@id\":\"https:\/\/petproducts.com.cn\/#website\"},\"primaryImageOfPage\":{\"@id\":\"https:\/\/petproducts.com.cn\/product\/bow-tie-cat-collars-cozy-cat-bell-collar\/#primaryimage\"},\"image\":{\"@id\":\"https:\/\/petproducts.com.cn\/product\/bow-tie-cat-collars-cozy-cat-bell-collar\/#primaryimage\"},\"thumbnailUrl\":\"https:\/\/petproducts.com.cn\/wp-content\/uploads\/2024\/04\/bow-tie-cat-collar-1.webp\",\"datePublished\":\"2024-04-07T02:00:35+00:00\",\"dateModified\":\"2024-08-23T01:37:38+00:00\",\"description\":\"Explore bow tie cat collars, cat bell collar, cozy cat collar from the manufacturer. Your ideal business solution with Petstar.\",\"breadcrumb\":{\"@id\":\"https:\/\/petproducts.com.cn\/product\/bow-tie-cat-collars-cozy-cat-bell-collar\/#breadcrumb\"},\"inLanguage\":\"fr-FR\",\"potentialAction\":[{\"@type\":\"ReadAction\",\"target\":[\"https:\/\/petproducts.com.cn\/product\/bow-tie-cat-collars-cozy-cat-bell-collar\/\"]}]},{\"@type\":\"ImageObject\",\"inLanguage\":\"fr-FR\",\"@id\":\"https:\/\/petproducts.com.cn\/product\/bow-tie-cat-collars-cozy-cat-bell-collar\/#primaryimage\",\"url\":\"https:\/\/petproducts.com.cn\/wp-content\/uploads\/2024\/04\/bow-tie-cat-collar-1.webp\",\"contentUrl\":\"https:\/\/petproducts.com.cn\/wp-content\/uploads\/2024\/04\/bow-tie-cat-collar-1.webp\",\"width\":800,\"height\":800,\"caption\":\"bow tie cat collar\"},{\"@type\":\"BreadcrumbList\",\"@id\":\"https:\/\/petproducts.com.cn\/product\/bow-tie-cat-collars-cozy-cat-bell-collar\/#breadcrumb\",\"itemListElement\":[{\"@type\":\"ListItem\",\"position\":1,\"name\":\"HOME\",\"item\":\"https:\/\/petproducts.com.cn\/\"},{\"@type\":\"ListItem\",\"position\":2,\"name\":\"Products\",\"item\":\"https:\/\/petproducts.com.cn\/shop\/\"},{\"@type\":\"ListItem\",\"position\":3,\"name\":\"Cat Collars, Leashes &amp; Harnesses\",\"item\":\"https:\/\/petproducts.com.cn\/product-category\/cat-collars-leashes-harnesses\/\"},{\"@type\":\"ListItem\",\"position\":4,\"name\":\"Bow Tie Cat Collars Cozy Cat Bell Collar\"}]},{\"@type\":\"WebSite\",\"@id\":\"https:\/\/petproducts.com.cn\/#website\",\"url\":\"https:\/\/petproducts.com.cn\/\",\"name\":\"Petstar\",\"description\":\"Leading Pet Supplies Manufacturer &amp; OEM Pet Products Supplier\",\"publisher\":{\"@id\":\"https:\/\/petproducts.com.cn\/#organization\"},\"alternateName\":\"Petstar Pet Supplies\",\"potentialAction\":[{\"@type\":\"SearchAction\",\"target\":{\"@type\":\"EntryPoint\",\"urlTemplate\":\"https:\/\/petproducts.com.cn\/?s={search_term_string}\"},\"query-input\":{\"@type\":\"PropertyValueSpecification\",\"valueRequired\":true,\"valueName\":\"search_term_string\"}}],\"inLanguage\":\"fr-FR\"},{\"@type\":\"Organization\",\"@id\":\"https:\/\/petproducts.com.cn\/#organization\",\"name\":\"Petstar\",\"url\":\"https:\/\/petproducts.com.cn\/\",\"logo\":{\"@type\":\"ImageObject\",\"inLanguage\":\"fr-FR\",\"@id\":\"https:\/\/petproducts.com.cn\/#\/schema\/logo\/image\/\",\"url\":\"https:\/\/petproducts.com.cn\/wp-content\/uploads\/2020\/02\/petstar-logo.webp\",\"contentUrl\":\"https:\/\/petproducts.com.cn\/wp-content\/uploads\/2020\/02\/petstar-logo.webp\",\"width\":779,\"height\":520,\"caption\":\"Petstar\"},\"image\":{\"@id\":\"https:\/\/petproducts.com.cn\/#\/schema\/logo\/image\/\"}}]}<\/script>\n<!-- \/ Yoast SEO plugin. -->","yoast_head_json":{"title":"Collier pour chat avec n\u0153ud papillon - Petstar","description":"D\u00e9couvrez les colliers pour chats \u00e0 n\u0153ud papillon, les colliers \u00e0 clochettes pour chats, les colliers pour chats douillets du fabricant. Votre solution commerciale id\u00e9ale avec Petstar.","robots":{"index":"index","follow":"follow","max-snippet":"max-snippet:-1","max-image-preview":"max-image-preview:large","max-video-preview":"max-video-preview:-1"},"canonical":"https:\/\/petproducts.com.cn\/fr\/produit\/bow-tie-cat-collars-cozy-cat-bell-collar\/","og_locale":"fr_FR","og_type":"article","og_title":"Cat Bow Tie Collars | Custom Cat Bell Collar- Petstar","og_description":"Explore bow tie cat collars, cat bell collar, cozy cat collar from the manufacturer. Your ideal business solution with Petstar.","og_url":"https:\/\/petproducts.com.cn\/fr\/produit\/bow-tie-cat-collars-cozy-cat-bell-collar\/","og_site_name":"Petstar","article_modified_time":"2024-08-23T01:37:38+00:00","og_image":[{"width":800,"height":800,"url":"https:\/\/petproducts.com.cn\/wp-content\/uploads\/2024\/04\/bow-tie-cat-collar-1.webp","type":"image\/webp"}],"twitter_card":"summary_large_image","twitter_misc":{"Dur\u00e9e de lecture estim\u00e9e":"1 minute"},"schema":{"@context":"https:\/\/schema.org","@graph":[{"@type":"WebPage","@id":"https:\/\/petproducts.com.cn\/product\/bow-tie-cat-collars-cozy-cat-bell-collar\/","url":"https:\/\/petproducts.com.cn\/product\/bow-tie-cat-collars-cozy-cat-bell-collar\/","name":"Collier pour chat avec n\u0153ud papillon - Petstar","isPartOf":{"@id":"https:\/\/petproducts.com.cn\/#website"},"primaryImageOfPage":{"@id":"https:\/\/petproducts.com.cn\/product\/bow-tie-cat-collars-cozy-cat-bell-collar\/#primaryimage"},"image":{"@id":"https:\/\/petproducts.com.cn\/product\/bow-tie-cat-collars-cozy-cat-bell-collar\/#primaryimage"},"thumbnailUrl":"https:\/\/petproducts.com.cn\/wp-content\/uploads\/2024\/04\/bow-tie-cat-collar-1.webp","datePublished":"2024-04-07T02:00:35+00:00","dateModified":"2024-08-23T01:37:38+00:00","description":"D\u00e9couvrez les colliers pour chats \u00e0 n\u0153ud papillon, les colliers \u00e0 clochettes pour chats, les colliers pour chats douillets du fabricant. Votre solution commerciale id\u00e9ale avec Petstar.","breadcrumb":{"@id":"https:\/\/petproducts.com.cn\/product\/bow-tie-cat-collars-cozy-cat-bell-collar\/#breadcrumb"},"inLanguage":"fr-FR","potentialAction":[{"@type":"ReadAction","target":["https:\/\/petproducts.com.cn\/product\/bow-tie-cat-collars-cozy-cat-bell-collar\/"]}]},{"@type":"ImageObject","inLanguage":"fr-FR","@id":"https:\/\/petproducts.com.cn\/product\/bow-tie-cat-collars-cozy-cat-bell-collar\/#primaryimage","url":"https:\/\/petproducts.com.cn\/wp-content\/uploads\/2024\/04\/bow-tie-cat-collar-1.webp","contentUrl":"https:\/\/petproducts.com.cn\/wp-content\/uploads\/2024\/04\/bow-tie-cat-collar-1.webp","width":800,"height":800,"caption":"bow tie cat collar"},{"@type":"BreadcrumbList","@id":"https:\/\/petproducts.com.cn\/product\/bow-tie-cat-collars-cozy-cat-bell-collar\/#breadcrumb","itemListElement":[{"@type":"ListItem","position":1,"name":"HOME","item":"https:\/\/petproducts.com.cn\/"},{"@type":"ListItem","position":2,"name":"Products","item":"https:\/\/petproducts.com.cn\/shop\/"},{"@type":"ListItem","position":3,"name":"Cat Collars, Leashes &amp; Harnesses","item":"https:\/\/petproducts.com.cn\/product-category\/cat-collars-leashes-harnesses\/"},{"@type":"ListItem","position":4,"name":"Bow Tie Cat Collars Cozy Cat Bell Collar"}]},{"@type":"WebSite","@id":"https:\/\/petproducts.com.cn\/#website","url":"https:\/\/petproducts.com.cn\/","name":"Petstar","description":"Fabricant leader de fournitures pour animaux de compagnie et fournisseur OEM de produits pour animaux de compagnie","publisher":{"@id":"https:\/\/petproducts.com.cn\/#organization"},"alternateName":"Petstar Pet Supplies","potentialAction":[{"@type":"SearchAction","target":{"@type":"EntryPoint","urlTemplate":"https:\/\/petproducts.com.cn\/?s={search_term_string}"},"query-input":{"@type":"PropertyValueSpecification","valueRequired":true,"valueName":"search_term_string"}}],"inLanguage":"fr-FR"},{"@type":"Organization","@id":"https:\/\/petproducts.com.cn\/#organization","name":"Petstar","url":"https:\/\/petproducts.com.cn\/","logo":{"@type":"ImageObject","inLanguage":"fr-FR","@id":"https:\/\/petproducts.com.cn\/#\/schema\/logo\/image\/","url":"https:\/\/petproducts.com.cn\/wp-content\/uploads\/2020\/02\/petstar-logo.webp","contentUrl":"https:\/\/petproducts.com.cn\/wp-content\/uploads\/2020\/02\/petstar-logo.webp","width":779,"height":520,"caption":"Petstar"},"image":{"@id":"https:\/\/petproducts.com.cn\/#\/schema\/logo\/image\/"}}]}},"_links":{"self":[{"href":"https:\/\/petproducts.com.cn\/fr\/wp-json\/wp\/v2\/product\/21718","targetHints":{"allow":["GET"]}}],"collection":[{"href":"https:\/\/petproducts.com.cn\/fr\/wp-json\/wp\/v2\/product"}],"about":[{"href":"https:\/\/petproducts.com.cn\/fr\/wp-json\/wp\/v2\/types\/product"}],"version-history":[{"count":3,"href":"https:\/\/petproducts.com.cn\/fr\/wp-json\/wp\/v2\/product\/21718\/revisions"}],"predecessor-version":[{"id":21727,"href":"https:\/\/petproducts.com.cn\/fr\/wp-json\/wp\/v2\/product\/21718\/revisions\/21727"}],"wp:featuredmedia":[{"embeddable":true,"href":"https:\/\/petproducts.com.cn\/fr\/wp-json\/wp\/v2\/media\/21720"}],"wp:attachment":[{"href":"https:\/\/petproducts.com.cn\/fr\/wp-json\/wp\/v2\/media?parent=21718"}],"wp:term":[{"taxonomy":"product_brand","embeddable":true,"href":"https:\/\/petproducts.com.cn\/fr\/wp-json\/wp\/v2\/product_brand?post=21718"},{"taxonomy":"product_cat","embeddable":true,"href":"https:\/\/petproducts.com.cn\/fr\/wp-json\/wp\/v2\/product_cat?post=21718"},{"taxonomy":"product_tag","embeddable":true,"href":"https:\/\/petproducts.com.cn\/fr\/wp-json\/wp\/v2\/product_tag?post=21718"}],"curies":[{"name":"wp","href":"https:\/\/api.w.org\/{rel}","templated":true}]}}