{"id":21812,"date":"2024-04-09T08:01:51","date_gmt":"2024-04-09T08:01:51","guid":{"rendered":"https:\/\/petproducts.com.cn\/?post_type=product&#038;p=21812"},"modified":"2024-04-09T08:11:43","modified_gmt":"2024-04-09T08:11:43","slug":"pet-sling-bag-factory-designer-pet-carrier-bag","status":"publish","type":"product","link":"https:\/\/petproducts.com.cn\/fr\/product\/pet-sling-bag-factory-designer-pet-carrier-bag\/","title":{"rendered":"Sac \u00e0 bandouli\u00e8re pour animaux de compagnie, sac de transport pour animaux de compagnie de styliste d&#039;usine"},"content":{"rendered":"<h2>Caract\u00e9ristiques du sac de transport pour animaux de compagnie<\/h2>\n<p><strong>1. Taille optimale et design ergonomique (39x22xH24cm) :<\/strong> Notre sac en bandouli\u00e8re pour animaux de compagnie est m\u00e9ticuleusement fabriqu\u00e9 avec des dimensions de 39x22xH24cm, offrant un \u00e9quilibre id\u00e9al entre l'espace et le confort pour votre animal de compagnie. Le design ergonomique garantit que votre animal se sente bien et en s\u00e9curit\u00e9 lorsqu'il est transport\u00e9, lui offrant un environnement douillet pour se d\u00e9tendre pendant les sorties.<\/p>\n<p><strong>2. Tissu de matelassage de premi\u00e8re qualit\u00e9 pour une plus grande durabilit\u00e9 :<\/strong> Fabriqu\u00e9 en tissu matelass\u00e9 de haute qualit\u00e9, notre sac de transport pour animaux de compagnie est \u00e0 la fois durable et \u00e9l\u00e9gant. Le tissu matelass\u00e9 ne se contente pas de rehausser l'attrait esth\u00e9tique du sac, il garantit \u00e9galement une utilisation durable. Sa construction robuste r\u00e9siste \u00e0 l'usure quotidienne et constitue un sac de transport fiable pour les d\u00e9placements de votre animal.<\/p>\n<p><strong>3. Des caract\u00e9ristiques innovantes pour la s\u00e9curit\u00e9 et la commodit\u00e9 :<\/strong> Notre sac de transport pour animaux de compagnie int\u00e8gre des caract\u00e9ristiques innovantes pour assurer la s\u00e9curit\u00e9 et la commodit\u00e9 de votre animal et de vous-m\u00eame. L'ouverture incurv\u00e9e facilite l'acc\u00e8s, permettant \u00e0 votre animal d'entrer et de sortir du sac sans effort. De plus, la laisse int\u00e9rieure de s\u00e9curit\u00e9 offre une s\u00e9curit\u00e9 accrue, emp\u00eachant votre animal de s'\u00e9chapper accidentellement lorsqu'il se trouve dans le sac. L'inclusion d'un tapis amovible ajoute un confort suppl\u00e9mentaire \u00e0 votre animal et facilite le nettoyage.<\/p>\n<p><strong>4. Options personnalisables pour r\u00e9pondre \u00e0 vos pr\u00e9f\u00e9rences :<\/strong> Reconnaissant l'importance de la personnalisation, notre sac de transport pour animaux de compagnie offre des options personnalisables. Choisissez parmi une vari\u00e9t\u00e9 de couleurs, de motifs et d'ornements pour adapter le sac \u00e0 votre style personnel et \u00e0 vos pr\u00e9f\u00e9rences. Cette personnalisation vous permet de cr\u00e9er un sac de transport unique et \u00e0 la mode qui refl\u00e8te \u00e0 la fois la personnalit\u00e9 de votre animal et vos propres go\u00fbts.<\/p>","protected":false},"excerpt":{"rendered":"<p>Nous sommes un fabricant de sacs en bandouli\u00e8re pour animaux de compagnie, de sacs de transport pour animaux de compagnie avec plus de 20 ans d'exp\u00e9rience. Nous offrons des options de personnalisation pour la couleur, la taille, le tissu, le motif, le logo et d'autres caract\u00e9ristiques.<\/p>","protected":false},"featured_media":21816,"template":"","meta":{"_acf_changed":false},"product_brand":[],"product_cat":[133,71,132,72],"product_tag":[145,144],"class_list":{"0":"post-21812","1":"product","2":"type-product","3":"status-publish","4":"has-post-thumbnail","6":"product_cat-cat-carriers-car-supplies","7":"product_cat-cat-supplies","8":"product_cat-dog-carriers-car-supplies","9":"product_cat-dog-supplies","10":"product_tag-cat-carriers-car-supplies","11":"product_tag-dog-carriers-car-supplies","13":"first","14":"instock","15":"shipping-taxable","16":"product-type-simple"},"acf":[],"yoast_head":"<!-- This site is optimized with the Yoast SEO plugin v27.1.1 - https:\/\/yoast.com\/product\/yoast-seo-wordpress\/ -->\n<title>Pet Sling Bag | Customize Pet Carrying Bag- Petstar<\/title>\n<meta name=\"description\" content=\"Explore pet sling bag, pet carrying bag, designer pet carrier bag from the manufacturer. Your ideal business solution with Petstar.\" \/>\n<meta name=\"robots\" content=\"index, follow, max-snippet:-1, max-image-preview:large, max-video-preview:-1\" \/>\n<link rel=\"canonical\" href=\"https:\/\/petproducts.com.cn\/fr\/produit\/pet-sling-bag-factory-designer-pet-carrier-bag\/\" \/>\n<meta property=\"og:locale\" content=\"fr_FR\" \/>\n<meta property=\"og:type\" content=\"article\" \/>\n<meta property=\"og:title\" content=\"Pet Sling Bag | Customize Pet Carrying Bag- Petstar\" \/>\n<meta property=\"og:description\" content=\"Explore pet sling bag, pet carrying bag, designer pet carrier bag from the manufacturer. Your ideal business solution with Petstar.\" \/>\n<meta property=\"og:url\" content=\"https:\/\/petproducts.com.cn\/fr\/produit\/pet-sling-bag-factory-designer-pet-carrier-bag\/\" \/>\n<meta property=\"og:site_name\" content=\"Petstar\" \/>\n<meta property=\"article:modified_time\" content=\"2024-04-09T08:11:43+00:00\" \/>\n<meta property=\"og:image\" content=\"https:\/\/petproducts.com.cn\/wp-content\/uploads\/2024\/04\/pet-sling-bag.webp\" \/>\n\t<meta property=\"og:image:width\" content=\"1000\" \/>\n\t<meta property=\"og:image:height\" content=\"1000\" \/>\n\t<meta property=\"og:image:type\" content=\"image\/webp\" \/>\n<meta name=\"twitter:card\" content=\"summary_large_image\" \/>\n<meta name=\"twitter:label1\" content=\"Dur\u00e9e de lecture estim\u00e9e\" \/>\n\t<meta name=\"twitter:data1\" content=\"2 minutes\" \/>\n<script type=\"application\/ld+json\" class=\"yoast-schema-graph\">{\"@context\":\"https:\/\/schema.org\",\"@graph\":[{\"@type\":\"WebPage\",\"@id\":\"https:\/\/petproducts.com.cn\/product\/pet-sling-bag-factory-designer-pet-carrier-bag\/\",\"url\":\"https:\/\/petproducts.com.cn\/product\/pet-sling-bag-factory-designer-pet-carrier-bag\/\",\"name\":\"Pet Sling Bag | Customize Pet Carrying Bag- Petstar\",\"isPartOf\":{\"@id\":\"https:\/\/petproducts.com.cn\/#website\"},\"primaryImageOfPage\":{\"@id\":\"https:\/\/petproducts.com.cn\/product\/pet-sling-bag-factory-designer-pet-carrier-bag\/#primaryimage\"},\"image\":{\"@id\":\"https:\/\/petproducts.com.cn\/product\/pet-sling-bag-factory-designer-pet-carrier-bag\/#primaryimage\"},\"thumbnailUrl\":\"https:\/\/petproducts.com.cn\/wp-content\/uploads\/2024\/04\/pet-sling-bag.webp\",\"datePublished\":\"2024-04-09T08:01:51+00:00\",\"dateModified\":\"2024-04-09T08:11:43+00:00\",\"description\":\"Explore pet sling bag, pet carrying bag, designer pet carrier bag from the manufacturer. Your ideal business solution with Petstar.\",\"breadcrumb\":{\"@id\":\"https:\/\/petproducts.com.cn\/product\/pet-sling-bag-factory-designer-pet-carrier-bag\/#breadcrumb\"},\"inLanguage\":\"fr-FR\",\"potentialAction\":[{\"@type\":\"ReadAction\",\"target\":[\"https:\/\/petproducts.com.cn\/product\/pet-sling-bag-factory-designer-pet-carrier-bag\/\"]}]},{\"@type\":\"ImageObject\",\"inLanguage\":\"fr-FR\",\"@id\":\"https:\/\/petproducts.com.cn\/product\/pet-sling-bag-factory-designer-pet-carrier-bag\/#primaryimage\",\"url\":\"https:\/\/petproducts.com.cn\/wp-content\/uploads\/2024\/04\/pet-sling-bag.webp\",\"contentUrl\":\"https:\/\/petproducts.com.cn\/wp-content\/uploads\/2024\/04\/pet-sling-bag.webp\",\"width\":1000,\"height\":1000,\"caption\":\"pet sling bag\"},{\"@type\":\"BreadcrumbList\",\"@id\":\"https:\/\/petproducts.com.cn\/product\/pet-sling-bag-factory-designer-pet-carrier-bag\/#breadcrumb\",\"itemListElement\":[{\"@type\":\"ListItem\",\"position\":1,\"name\":\"HOME\",\"item\":\"https:\/\/petproducts.com.cn\/\"},{\"@type\":\"ListItem\",\"position\":2,\"name\":\"Products\",\"item\":\"https:\/\/petproducts.com.cn\/shop\/\"},{\"@type\":\"ListItem\",\"position\":3,\"name\":\"Dog Carriers &amp; Car Supplies\",\"item\":\"https:\/\/petproducts.com.cn\/product-category\/dog-carriers-car-supplies\/\"},{\"@type\":\"ListItem\",\"position\":4,\"name\":\"Pet Sling Bag Factory Designer Pet Carrier Bag\"}]},{\"@type\":\"WebSite\",\"@id\":\"https:\/\/petproducts.com.cn\/#website\",\"url\":\"https:\/\/petproducts.com.cn\/\",\"name\":\"Petstar\",\"description\":\"Leading Pet Supplies Manufacturer &amp; OEM Pet Products Supplier\",\"publisher\":{\"@id\":\"https:\/\/petproducts.com.cn\/#organization\"},\"alternateName\":\"Petstar Pet Supplies\",\"potentialAction\":[{\"@type\":\"SearchAction\",\"target\":{\"@type\":\"EntryPoint\",\"urlTemplate\":\"https:\/\/petproducts.com.cn\/?s={search_term_string}\"},\"query-input\":{\"@type\":\"PropertyValueSpecification\",\"valueRequired\":true,\"valueName\":\"search_term_string\"}}],\"inLanguage\":\"fr-FR\"},{\"@type\":\"Organization\",\"@id\":\"https:\/\/petproducts.com.cn\/#organization\",\"name\":\"Petstar\",\"url\":\"https:\/\/petproducts.com.cn\/\",\"logo\":{\"@type\":\"ImageObject\",\"inLanguage\":\"fr-FR\",\"@id\":\"https:\/\/petproducts.com.cn\/#\/schema\/logo\/image\/\",\"url\":\"https:\/\/petproducts.com.cn\/wp-content\/uploads\/2020\/02\/petstar-logo.webp\",\"contentUrl\":\"https:\/\/petproducts.com.cn\/wp-content\/uploads\/2020\/02\/petstar-logo.webp\",\"width\":779,\"height\":520,\"caption\":\"Petstar\"},\"image\":{\"@id\":\"https:\/\/petproducts.com.cn\/#\/schema\/logo\/image\/\"}}]}<\/script>\n<!-- \/ Yoast SEO plugin. -->","yoast_head_json":{"title":"Sac de transport pour animaux de compagnie - Petstar","description":"D\u00e9couvrez le sac en bandouli\u00e8re pour animaux de compagnie, le sac de transport pour animaux de compagnie, le sac de transport pour animaux de compagnie du fabricant. Votre solution commerciale id\u00e9ale avec Petstar.","robots":{"index":"index","follow":"follow","max-snippet":"max-snippet:-1","max-image-preview":"max-image-preview:large","max-video-preview":"max-video-preview:-1"},"canonical":"https:\/\/petproducts.com.cn\/fr\/produit\/pet-sling-bag-factory-designer-pet-carrier-bag\/","og_locale":"fr_FR","og_type":"article","og_title":"Pet Sling Bag | Customize Pet Carrying Bag- Petstar","og_description":"Explore pet sling bag, pet carrying bag, designer pet carrier bag from the manufacturer. Your ideal business solution with Petstar.","og_url":"https:\/\/petproducts.com.cn\/fr\/produit\/pet-sling-bag-factory-designer-pet-carrier-bag\/","og_site_name":"Petstar","article_modified_time":"2024-04-09T08:11:43+00:00","og_image":[{"width":1000,"height":1000,"url":"https:\/\/petproducts.com.cn\/wp-content\/uploads\/2024\/04\/pet-sling-bag.webp","type":"image\/webp"}],"twitter_card":"summary_large_image","twitter_misc":{"Dur\u00e9e de lecture estim\u00e9e":"2 minutes"},"schema":{"@context":"https:\/\/schema.org","@graph":[{"@type":"WebPage","@id":"https:\/\/petproducts.com.cn\/product\/pet-sling-bag-factory-designer-pet-carrier-bag\/","url":"https:\/\/petproducts.com.cn\/product\/pet-sling-bag-factory-designer-pet-carrier-bag\/","name":"Sac de transport pour animaux de compagnie - Petstar","isPartOf":{"@id":"https:\/\/petproducts.com.cn\/#website"},"primaryImageOfPage":{"@id":"https:\/\/petproducts.com.cn\/product\/pet-sling-bag-factory-designer-pet-carrier-bag\/#primaryimage"},"image":{"@id":"https:\/\/petproducts.com.cn\/product\/pet-sling-bag-factory-designer-pet-carrier-bag\/#primaryimage"},"thumbnailUrl":"https:\/\/petproducts.com.cn\/wp-content\/uploads\/2024\/04\/pet-sling-bag.webp","datePublished":"2024-04-09T08:01:51+00:00","dateModified":"2024-04-09T08:11:43+00:00","description":"D\u00e9couvrez le sac en bandouli\u00e8re pour animaux de compagnie, le sac de transport pour animaux de compagnie, le sac de transport pour animaux de compagnie du fabricant. Votre solution commerciale id\u00e9ale avec Petstar.","breadcrumb":{"@id":"https:\/\/petproducts.com.cn\/product\/pet-sling-bag-factory-designer-pet-carrier-bag\/#breadcrumb"},"inLanguage":"fr-FR","potentialAction":[{"@type":"ReadAction","target":["https:\/\/petproducts.com.cn\/product\/pet-sling-bag-factory-designer-pet-carrier-bag\/"]}]},{"@type":"ImageObject","inLanguage":"fr-FR","@id":"https:\/\/petproducts.com.cn\/product\/pet-sling-bag-factory-designer-pet-carrier-bag\/#primaryimage","url":"https:\/\/petproducts.com.cn\/wp-content\/uploads\/2024\/04\/pet-sling-bag.webp","contentUrl":"https:\/\/petproducts.com.cn\/wp-content\/uploads\/2024\/04\/pet-sling-bag.webp","width":1000,"height":1000,"caption":"pet sling bag"},{"@type":"BreadcrumbList","@id":"https:\/\/petproducts.com.cn\/product\/pet-sling-bag-factory-designer-pet-carrier-bag\/#breadcrumb","itemListElement":[{"@type":"ListItem","position":1,"name":"HOME","item":"https:\/\/petproducts.com.cn\/"},{"@type":"ListItem","position":2,"name":"Products","item":"https:\/\/petproducts.com.cn\/shop\/"},{"@type":"ListItem","position":3,"name":"Dog Carriers &amp; Car Supplies","item":"https:\/\/petproducts.com.cn\/product-category\/dog-carriers-car-supplies\/"},{"@type":"ListItem","position":4,"name":"Pet Sling Bag Factory Designer Pet Carrier Bag"}]},{"@type":"WebSite","@id":"https:\/\/petproducts.com.cn\/#website","url":"https:\/\/petproducts.com.cn\/","name":"Petstar","description":"Fabricant leader de fournitures pour animaux de compagnie et fournisseur OEM de produits pour animaux de compagnie","publisher":{"@id":"https:\/\/petproducts.com.cn\/#organization"},"alternateName":"Petstar Pet Supplies","potentialAction":[{"@type":"SearchAction","target":{"@type":"EntryPoint","urlTemplate":"https:\/\/petproducts.com.cn\/?s={search_term_string}"},"query-input":{"@type":"PropertyValueSpecification","valueRequired":true,"valueName":"search_term_string"}}],"inLanguage":"fr-FR"},{"@type":"Organization","@id":"https:\/\/petproducts.com.cn\/#organization","name":"Petstar","url":"https:\/\/petproducts.com.cn\/","logo":{"@type":"ImageObject","inLanguage":"fr-FR","@id":"https:\/\/petproducts.com.cn\/#\/schema\/logo\/image\/","url":"https:\/\/petproducts.com.cn\/wp-content\/uploads\/2020\/02\/petstar-logo.webp","contentUrl":"https:\/\/petproducts.com.cn\/wp-content\/uploads\/2020\/02\/petstar-logo.webp","width":779,"height":520,"caption":"Petstar"},"image":{"@id":"https:\/\/petproducts.com.cn\/#\/schema\/logo\/image\/"}}]}},"_links":{"self":[{"href":"https:\/\/petproducts.com.cn\/fr\/wp-json\/wp\/v2\/product\/21812","targetHints":{"allow":["GET"]}}],"collection":[{"href":"https:\/\/petproducts.com.cn\/fr\/wp-json\/wp\/v2\/product"}],"about":[{"href":"https:\/\/petproducts.com.cn\/fr\/wp-json\/wp\/v2\/types\/product"}],"version-history":[{"count":1,"href":"https:\/\/petproducts.com.cn\/fr\/wp-json\/wp\/v2\/product\/21812\/revisions"}],"predecessor-version":[{"id":21819,"href":"https:\/\/petproducts.com.cn\/fr\/wp-json\/wp\/v2\/product\/21812\/revisions\/21819"}],"wp:featuredmedia":[{"embeddable":true,"href":"https:\/\/petproducts.com.cn\/fr\/wp-json\/wp\/v2\/media\/21816"}],"wp:attachment":[{"href":"https:\/\/petproducts.com.cn\/fr\/wp-json\/wp\/v2\/media?parent=21812"}],"wp:term":[{"taxonomy":"product_brand","embeddable":true,"href":"https:\/\/petproducts.com.cn\/fr\/wp-json\/wp\/v2\/product_brand?post=21812"},{"taxonomy":"product_cat","embeddable":true,"href":"https:\/\/petproducts.com.cn\/fr\/wp-json\/wp\/v2\/product_cat?post=21812"},{"taxonomy":"product_tag","embeddable":true,"href":"https:\/\/petproducts.com.cn\/fr\/wp-json\/wp\/v2\/product_tag?post=21812"}],"curies":[{"name":"wp","href":"https:\/\/api.w.org\/{rel}","templated":true}]}}