{"id":21820,"date":"2024-04-09T08:12:28","date_gmt":"2024-04-09T08:12:28","guid":{"rendered":"https:\/\/petproducts.com.cn\/?post_type=product&#038;p=21820"},"modified":"2024-04-09T08:23:59","modified_gmt":"2024-04-09T08:23:59","slug":"pet-travel-carrier-bag-sling-carrier-pet-dog-bag-pouch","status":"publish","type":"product","link":"https:\/\/petproducts.com.cn\/fr\/product\/pet-travel-carrier-bag-sling-carrier-pet-dog-bag-pouch\/","title":{"rendered":"arn\u00e9s de perro de pvc mascota"},"content":{"rendered":"<h2>Caract\u00e9ristiques du sac de transport pour animaux de compagnie<\/h2>\n<p><strong>1. Design spacieux et confortable (taille : 43x20x38cm) :<\/strong> Notre sac de transport pour animaux de compagnie est con\u00e7u avec beaucoup d'espace, mesurant 43x20x38cm, fournissant un environnement confortable pour votre animal pendant le voyage. Cette conception spacieuse garantit que votre animal dispose de suffisamment d'espace pour se d\u00e9placer et s'\u00e9tirer, ce qui favorise la relaxation et r\u00e9duit le stress pendant les voyages.<\/p>\n<p><strong>2. Convient aux animaux de diff\u00e9rentes tailles (poids de l'animal : 3-7kg) :<\/strong> Notre sac pour animaux de compagnie est polyvalent et peut accueillir des animaux pesant entre 3 et 7 kilogrammes. Que vous ayez un petit chien ou un chat de taille moyenne, ce sac de transport est con\u00e7u pour les accueillir confortablement, garantissant un ajustement s\u00fbr et confortable pour votre compagnon \u00e0 fourrure.<\/p>\n<p><strong>3. Caract\u00e9ristiques pratiques pour la commodit\u00e9 et le confort :<\/strong> Notre sac de transport pour animaux de compagnie est dot\u00e9 de caract\u00e9ristiques pratiques qui am\u00e9liorent \u00e0 la fois la commodit\u00e9 et le confort. L'inclusion d'une poche int\u00e9rieure vous permet de ranger des objets essentiels tels que des friandises, des jouets ou des documents \u00e0 port\u00e9e de main. En outre, le tapis amovible ajoute un confort suppl\u00e9mentaire \u00e0 votre animal et facilite le nettoyage, garantissant un environnement hygi\u00e9nique et confortable tout au long du voyage.<\/p>\n<p><strong>4. Options personnalisables pour un style personnalis\u00e9 :<\/strong> Reconnaissant l'importance de la personnalisation, notre sac de transport en bandouli\u00e8re pour chien offre des options personnalisables. Choisissez parmi une vari\u00e9t\u00e9 de couleurs, de motifs et d'embellissements pour correspondre \u00e0 votre style personnel et \u00e0 vos pr\u00e9f\u00e9rences. Cette personnalisation vous permet de cr\u00e9er un sac de transport unique et \u00e0 la mode qui refl\u00e8te \u00e0 la fois la personnalit\u00e9 de votre animal et vos propres go\u00fbts.<\/p>\n<p>&nbsp;<\/p>","protected":false},"excerpt":{"rendered":"<p>Nous sommes un fabricant de sacs de transport pour animaux de compagnie avec plus de 20 ans d'exp\u00e9rience. Nous offrons des options de personnalisation pour la couleur, la taille, le tissu, le motif, le logo et d'autres caract\u00e9ristiques.<\/p>","protected":false},"featured_media":21821,"template":"","meta":{"_acf_changed":false},"product_brand":[],"product_cat":[133,71,132,72],"product_tag":[145,144],"class_list":{"0":"post-21820","1":"product","2":"type-product","3":"status-publish","4":"has-post-thumbnail","6":"product_cat-cat-carriers-car-supplies","7":"product_cat-cat-supplies","8":"product_cat-dog-carriers-car-supplies","9":"product_cat-dog-supplies","10":"product_tag-cat-carriers-car-supplies","11":"product_tag-dog-carriers-car-supplies","13":"first","14":"instock","15":"shipping-taxable","16":"product-type-simple"},"acf":[],"yoast_head":"<!-- This site is optimized with the Yoast SEO plugin v27.1.1 - https:\/\/yoast.com\/product\/yoast-seo-wordpress\/ -->\n<title>pet travel carrier bag | Customize Pets Bag- Petstar<\/title>\n<meta name=\"description\" content=\"Explore pet travel carrier bag, pets bag,sling carrier pet dog bag pouch from the manufacturer. Your ideal business solution with Petstar.\" \/>\n<meta name=\"robots\" content=\"index, follow, max-snippet:-1, max-image-preview:large, max-video-preview:-1\" \/>\n<link rel=\"canonical\" href=\"https:\/\/petproducts.com.cn\/fr\/produit\/pet-travel-carrier-bag-sling-carrier-pet-dog-bag-pouch\/\" \/>\n<meta property=\"og:locale\" content=\"fr_FR\" \/>\n<meta property=\"og:type\" content=\"article\" \/>\n<meta property=\"og:title\" content=\"pet travel carrier bag | Customize Pets Bag- Petstar\" \/>\n<meta property=\"og:description\" content=\"Explore pet travel carrier bag, pets bag,sling carrier pet dog bag pouch from the manufacturer. Your ideal business solution with Petstar.\" \/>\n<meta property=\"og:url\" content=\"https:\/\/petproducts.com.cn\/fr\/produit\/pet-travel-carrier-bag-sling-carrier-pet-dog-bag-pouch\/\" \/>\n<meta property=\"og:site_name\" content=\"Petstar\" \/>\n<meta property=\"article:modified_time\" content=\"2024-04-09T08:23:59+00:00\" \/>\n<meta property=\"og:image\" content=\"https:\/\/petproducts.com.cn\/wp-content\/uploads\/2024\/04\/pet-travel-carrier-bag.webp\" \/>\n\t<meta property=\"og:image:width\" content=\"1000\" \/>\n\t<meta property=\"og:image:height\" content=\"1000\" \/>\n\t<meta property=\"og:image:type\" content=\"image\/webp\" \/>\n<meta name=\"twitter:card\" content=\"summary_large_image\" \/>\n<meta name=\"twitter:label1\" content=\"Dur\u00e9e de lecture estim\u00e9e\" \/>\n\t<meta name=\"twitter:data1\" content=\"2 minutes\" \/>\n<script type=\"application\/ld+json\" class=\"yoast-schema-graph\">{\"@context\":\"https:\/\/schema.org\",\"@graph\":[{\"@type\":\"WebPage\",\"@id\":\"https:\/\/petproducts.com.cn\/product\/pet-travel-carrier-bag-sling-carrier-pet-dog-bag-pouch\/\",\"url\":\"https:\/\/petproducts.com.cn\/product\/pet-travel-carrier-bag-sling-carrier-pet-dog-bag-pouch\/\",\"name\":\"pet travel carrier bag | Customize Pets Bag- Petstar\",\"isPartOf\":{\"@id\":\"https:\/\/petproducts.com.cn\/#website\"},\"primaryImageOfPage\":{\"@id\":\"https:\/\/petproducts.com.cn\/product\/pet-travel-carrier-bag-sling-carrier-pet-dog-bag-pouch\/#primaryimage\"},\"image\":{\"@id\":\"https:\/\/petproducts.com.cn\/product\/pet-travel-carrier-bag-sling-carrier-pet-dog-bag-pouch\/#primaryimage\"},\"thumbnailUrl\":\"https:\/\/petproducts.com.cn\/wp-content\/uploads\/2024\/04\/pet-travel-carrier-bag.webp\",\"datePublished\":\"2024-04-09T08:12:28+00:00\",\"dateModified\":\"2024-04-09T08:23:59+00:00\",\"description\":\"Explore pet travel carrier bag, pets bag,sling carrier pet dog bag pouch from the manufacturer. Your ideal business solution with Petstar.\",\"breadcrumb\":{\"@id\":\"https:\/\/petproducts.com.cn\/product\/pet-travel-carrier-bag-sling-carrier-pet-dog-bag-pouch\/#breadcrumb\"},\"inLanguage\":\"fr-FR\",\"potentialAction\":[{\"@type\":\"ReadAction\",\"target\":[\"https:\/\/petproducts.com.cn\/product\/pet-travel-carrier-bag-sling-carrier-pet-dog-bag-pouch\/\"]}]},{\"@type\":\"ImageObject\",\"inLanguage\":\"fr-FR\",\"@id\":\"https:\/\/petproducts.com.cn\/product\/pet-travel-carrier-bag-sling-carrier-pet-dog-bag-pouch\/#primaryimage\",\"url\":\"https:\/\/petproducts.com.cn\/wp-content\/uploads\/2024\/04\/pet-travel-carrier-bag.webp\",\"contentUrl\":\"https:\/\/petproducts.com.cn\/wp-content\/uploads\/2024\/04\/pet-travel-carrier-bag.webp\",\"width\":1000,\"height\":1000,\"caption\":\"pet travel carrier bag\"},{\"@type\":\"BreadcrumbList\",\"@id\":\"https:\/\/petproducts.com.cn\/product\/pet-travel-carrier-bag-sling-carrier-pet-dog-bag-pouch\/#breadcrumb\",\"itemListElement\":[{\"@type\":\"ListItem\",\"position\":1,\"name\":\"HOME\",\"item\":\"https:\/\/petproducts.com.cn\/\"},{\"@type\":\"ListItem\",\"position\":2,\"name\":\"Products\",\"item\":\"https:\/\/petproducts.com.cn\/shop\/\"},{\"@type\":\"ListItem\",\"position\":3,\"name\":\"Dog Carriers &amp; Car Supplies\",\"item\":\"https:\/\/petproducts.com.cn\/product-category\/dog-carriers-car-supplies\/\"},{\"@type\":\"ListItem\",\"position\":4,\"name\":\"Pet Travel Carrier Bag Sling Carrier Pet Dog Bag Pouch\"}]},{\"@type\":\"WebSite\",\"@id\":\"https:\/\/petproducts.com.cn\/#website\",\"url\":\"https:\/\/petproducts.com.cn\/\",\"name\":\"Petstar\",\"description\":\"Leading Pet Supplies Manufacturer &amp; OEM Pet Products Supplier\",\"publisher\":{\"@id\":\"https:\/\/petproducts.com.cn\/#organization\"},\"alternateName\":\"Petstar Pet Supplies\",\"potentialAction\":[{\"@type\":\"SearchAction\",\"target\":{\"@type\":\"EntryPoint\",\"urlTemplate\":\"https:\/\/petproducts.com.cn\/?s={search_term_string}\"},\"query-input\":{\"@type\":\"PropertyValueSpecification\",\"valueRequired\":true,\"valueName\":\"search_term_string\"}}],\"inLanguage\":\"fr-FR\"},{\"@type\":\"Organization\",\"@id\":\"https:\/\/petproducts.com.cn\/#organization\",\"name\":\"Petstar\",\"url\":\"https:\/\/petproducts.com.cn\/\",\"logo\":{\"@type\":\"ImageObject\",\"inLanguage\":\"fr-FR\",\"@id\":\"https:\/\/petproducts.com.cn\/#\/schema\/logo\/image\/\",\"url\":\"https:\/\/petproducts.com.cn\/wp-content\/uploads\/2020\/02\/petstar-logo.webp\",\"contentUrl\":\"https:\/\/petproducts.com.cn\/wp-content\/uploads\/2020\/02\/petstar-logo.webp\",\"width\":779,\"height\":520,\"caption\":\"Petstar\"},\"image\":{\"@id\":\"https:\/\/petproducts.com.cn\/#\/schema\/logo\/image\/\"}}]}<\/script>\n<!-- \/ Yoast SEO plugin. -->","yoast_head_json":{"title":"Sac de transport pour animaux de compagnie | Sac personnalis\u00e9 pour animaux de compagnie- Petstar","description":"D\u00e9couvrez le sac de transport pour animaux de compagnie, le sac pour animaux de compagnie, le sac de transport en bandouli\u00e8re pour chiens de compagnie, le sac pour chiens de compagnie du fabricant. Votre solution commerciale id\u00e9ale avec Petstar.","robots":{"index":"index","follow":"follow","max-snippet":"max-snippet:-1","max-image-preview":"max-image-preview:large","max-video-preview":"max-video-preview:-1"},"canonical":"https:\/\/petproducts.com.cn\/fr\/produit\/pet-travel-carrier-bag-sling-carrier-pet-dog-bag-pouch\/","og_locale":"fr_FR","og_type":"article","og_title":"pet travel carrier bag | Customize Pets Bag- Petstar","og_description":"Explore pet travel carrier bag, pets bag,sling carrier pet dog bag pouch from the manufacturer. Your ideal business solution with Petstar.","og_url":"https:\/\/petproducts.com.cn\/fr\/produit\/pet-travel-carrier-bag-sling-carrier-pet-dog-bag-pouch\/","og_site_name":"Petstar","article_modified_time":"2024-04-09T08:23:59+00:00","og_image":[{"width":1000,"height":1000,"url":"https:\/\/petproducts.com.cn\/wp-content\/uploads\/2024\/04\/pet-travel-carrier-bag.webp","type":"image\/webp"}],"twitter_card":"summary_large_image","twitter_misc":{"Dur\u00e9e de lecture estim\u00e9e":"2 minutes"},"schema":{"@context":"https:\/\/schema.org","@graph":[{"@type":"WebPage","@id":"https:\/\/petproducts.com.cn\/product\/pet-travel-carrier-bag-sling-carrier-pet-dog-bag-pouch\/","url":"https:\/\/petproducts.com.cn\/product\/pet-travel-carrier-bag-sling-carrier-pet-dog-bag-pouch\/","name":"Sac de transport pour animaux de compagnie | Sac personnalis\u00e9 pour animaux de compagnie- Petstar","isPartOf":{"@id":"https:\/\/petproducts.com.cn\/#website"},"primaryImageOfPage":{"@id":"https:\/\/petproducts.com.cn\/product\/pet-travel-carrier-bag-sling-carrier-pet-dog-bag-pouch\/#primaryimage"},"image":{"@id":"https:\/\/petproducts.com.cn\/product\/pet-travel-carrier-bag-sling-carrier-pet-dog-bag-pouch\/#primaryimage"},"thumbnailUrl":"https:\/\/petproducts.com.cn\/wp-content\/uploads\/2024\/04\/pet-travel-carrier-bag.webp","datePublished":"2024-04-09T08:12:28+00:00","dateModified":"2024-04-09T08:23:59+00:00","description":"D\u00e9couvrez le sac de transport pour animaux de compagnie, le sac pour animaux de compagnie, le sac de transport en bandouli\u00e8re pour chiens de compagnie, le sac pour chiens de compagnie du fabricant. Votre solution commerciale id\u00e9ale avec Petstar.","breadcrumb":{"@id":"https:\/\/petproducts.com.cn\/product\/pet-travel-carrier-bag-sling-carrier-pet-dog-bag-pouch\/#breadcrumb"},"inLanguage":"fr-FR","potentialAction":[{"@type":"ReadAction","target":["https:\/\/petproducts.com.cn\/product\/pet-travel-carrier-bag-sling-carrier-pet-dog-bag-pouch\/"]}]},{"@type":"ImageObject","inLanguage":"fr-FR","@id":"https:\/\/petproducts.com.cn\/product\/pet-travel-carrier-bag-sling-carrier-pet-dog-bag-pouch\/#primaryimage","url":"https:\/\/petproducts.com.cn\/wp-content\/uploads\/2024\/04\/pet-travel-carrier-bag.webp","contentUrl":"https:\/\/petproducts.com.cn\/wp-content\/uploads\/2024\/04\/pet-travel-carrier-bag.webp","width":1000,"height":1000,"caption":"pet travel carrier bag"},{"@type":"BreadcrumbList","@id":"https:\/\/petproducts.com.cn\/product\/pet-travel-carrier-bag-sling-carrier-pet-dog-bag-pouch\/#breadcrumb","itemListElement":[{"@type":"ListItem","position":1,"name":"HOME","item":"https:\/\/petproducts.com.cn\/"},{"@type":"ListItem","position":2,"name":"Products","item":"https:\/\/petproducts.com.cn\/shop\/"},{"@type":"ListItem","position":3,"name":"Dog Carriers &amp; Car Supplies","item":"https:\/\/petproducts.com.cn\/product-category\/dog-carriers-car-supplies\/"},{"@type":"ListItem","position":4,"name":"Pet Travel Carrier Bag Sling Carrier Pet Dog Bag Pouch"}]},{"@type":"WebSite","@id":"https:\/\/petproducts.com.cn\/#website","url":"https:\/\/petproducts.com.cn\/","name":"Petstar","description":"Fabricant leader de fournitures pour animaux de compagnie et fournisseur OEM de produits pour animaux de compagnie","publisher":{"@id":"https:\/\/petproducts.com.cn\/#organization"},"alternateName":"Petstar Pet Supplies","potentialAction":[{"@type":"SearchAction","target":{"@type":"EntryPoint","urlTemplate":"https:\/\/petproducts.com.cn\/?s={search_term_string}"},"query-input":{"@type":"PropertyValueSpecification","valueRequired":true,"valueName":"search_term_string"}}],"inLanguage":"fr-FR"},{"@type":"Organization","@id":"https:\/\/petproducts.com.cn\/#organization","name":"Petstar","url":"https:\/\/petproducts.com.cn\/","logo":{"@type":"ImageObject","inLanguage":"fr-FR","@id":"https:\/\/petproducts.com.cn\/#\/schema\/logo\/image\/","url":"https:\/\/petproducts.com.cn\/wp-content\/uploads\/2020\/02\/petstar-logo.webp","contentUrl":"https:\/\/petproducts.com.cn\/wp-content\/uploads\/2020\/02\/petstar-logo.webp","width":779,"height":520,"caption":"Petstar"},"image":{"@id":"https:\/\/petproducts.com.cn\/#\/schema\/logo\/image\/"}}]}},"_links":{"self":[{"href":"https:\/\/petproducts.com.cn\/fr\/wp-json\/wp\/v2\/product\/21820","targetHints":{"allow":["GET"]}}],"collection":[{"href":"https:\/\/petproducts.com.cn\/fr\/wp-json\/wp\/v2\/product"}],"about":[{"href":"https:\/\/petproducts.com.cn\/fr\/wp-json\/wp\/v2\/types\/product"}],"version-history":[{"count":1,"href":"https:\/\/petproducts.com.cn\/fr\/wp-json\/wp\/v2\/product\/21820\/revisions"}],"predecessor-version":[{"id":21827,"href":"https:\/\/petproducts.com.cn\/fr\/wp-json\/wp\/v2\/product\/21820\/revisions\/21827"}],"wp:featuredmedia":[{"embeddable":true,"href":"https:\/\/petproducts.com.cn\/fr\/wp-json\/wp\/v2\/media\/21821"}],"wp:attachment":[{"href":"https:\/\/petproducts.com.cn\/fr\/wp-json\/wp\/v2\/media?parent=21820"}],"wp:term":[{"taxonomy":"product_brand","embeddable":true,"href":"https:\/\/petproducts.com.cn\/fr\/wp-json\/wp\/v2\/product_brand?post=21820"},{"taxonomy":"product_cat","embeddable":true,"href":"https:\/\/petproducts.com.cn\/fr\/wp-json\/wp\/v2\/product_cat?post=21820"},{"taxonomy":"product_tag","embeddable":true,"href":"https:\/\/petproducts.com.cn\/fr\/wp-json\/wp\/v2\/product_tag?post=21820"}],"curies":[{"name":"wp","href":"https:\/\/api.w.org\/{rel}","templated":true}]}}