{"id":21860,"date":"2024-04-10T07:09:16","date_gmt":"2024-04-10T07:09:16","guid":{"rendered":"https:\/\/petproducts.com.cn\/?post_type=product&#038;p=21860"},"modified":"2024-04-10T07:29:02","modified_gmt":"2024-04-10T07:29:02","slug":"luxury-pet-carriers-bags-pet-travel-tote-bag","status":"publish","type":"product","link":"https:\/\/petproducts.com.cn\/fr\/product\/luxury-pet-carriers-bags-pet-travel-tote-bag\/","title":{"rendered":"arn\u00e9s impermeable para perros"},"content":{"rendered":"<h2>Caract\u00e9ristiques des sacs de transport de luxe pour animaux de compagnie<\/h2>\n<p><strong>1. Une conception exquise et une qualit\u00e9 de fabrication sup\u00e9rieure :<\/strong> Nos sacs de transport de luxe pour animaux de compagnie sont m\u00e9ticuleusement con\u00e7us avec le souci du d\u00e9tail et fabriqu\u00e9s avec des mat\u00e9riaux de qualit\u00e9 sup\u00e9rieure, ce qui leur conf\u00e8re un caract\u00e8re luxueux et sophistiqu\u00e9. Chaque d\u00e9tail, des coutures aux finitions, est le fruit d'un travail d'orf\u00e8vre pour un sac de transport de grande qualit\u00e9.<\/p>\n<p><strong>2. Des \u00e9quipements haut de gamme pour le confort et la commodit\u00e9 :<\/strong> Notre sac fourre-tout pour animaux de compagnie pr\u00e9sente des caract\u00e9ristiques haut de gamme con\u00e7ues pour donner la priorit\u00e9 au confort et \u00e0 la commodit\u00e9. La construction imperm\u00e9able garantit que votre animal reste au sec et \u00e0 l'aise, m\u00eame dans des conditions m\u00e9t\u00e9orologiques impr\u00e9visibles. L'inclusion d'une poche lat\u00e9rale vous permet de ranger des objets essentiels tels que des friandises ou une laisse \u00e0 port\u00e9e de main. De plus, la fermeture \u00e0 bouton-pression offre une s\u00e9curit\u00e9 accrue, garantissant que votre animal reste en s\u00e9curit\u00e9 lors de vos d\u00e9placements.<\/p>\n<p><strong>3. Taille et capacit\u00e9 de poids parfaites pour les petits animaux de compagnie (taille : 36x20xH25cm, poids de l'ours : 2-3kg) :<\/strong> Nos sacs de voyage pour animaux de compagnie sont con\u00e7us pour accueillir les petits animaux de compagnie dont les dimensions sont de 36x20xH25cm et la capacit\u00e9 de poids de 2-3 kilogrammes. Cette taille parfaite assure un ajustement confortable \u00e0 votre compagnon \u00e0 fourrure, lui permettant de voyager avec style et confort. Qu'il s'agisse d'un petit chien ou d'un petit chat, notre sac de transport est la solution id\u00e9ale pour leurs d\u00e9placements.<\/p>\n<p><strong>4. Options personnalisables pour une \u00e9l\u00e9gance personnalis\u00e9e :<\/strong> Reconnaissant l'importance de la personnalisation, nos sacs de luxe pour animaux de compagnie offrent des options personnalisables. Choisissez parmi une vari\u00e9t\u00e9 de couleurs, de motifs et d'ornements pour cr\u00e9er un sac de transport qui refl\u00e8te votre style personnel et vos pr\u00e9f\u00e9rences. La personnalisation ajoute de l'\u00e9l\u00e9gance et de l'originalit\u00e9 au mat\u00e9riel de voyage pour animaux, garantissant ainsi luxe et distinction lors des d\u00e9placements.<\/p>\n<p>&nbsp;<\/p>","protected":false},"excerpt":{"rendered":"<p>Nous sommes un fabricant de sacs de transport de luxe pour animaux de compagnie, de sacs de voyage pour animaux de compagnie avec plus de 20 ans d'exp\u00e9rience. Nous offrons des options de personnalisation pour la couleur, la taille, le tissu, le motif, le logo et d'autres caract\u00e9ristiques.<\/p>","protected":false},"featured_media":21862,"template":"","meta":{"_acf_changed":false},"product_brand":[],"product_cat":[133,71,132,72],"product_tag":[145,144],"class_list":{"0":"post-21860","1":"product","2":"type-product","3":"status-publish","4":"has-post-thumbnail","6":"product_cat-cat-carriers-car-supplies","7":"product_cat-cat-supplies","8":"product_cat-dog-carriers-car-supplies","9":"product_cat-dog-supplies","10":"product_tag-cat-carriers-car-supplies","11":"product_tag-dog-carriers-car-supplies","13":"first","14":"instock","15":"shipping-taxable","16":"product-type-simple"},"acf":[],"yoast_head":"<!-- This site is optimized with the Yoast SEO plugin v27.1.1 - https:\/\/yoast.com\/product\/yoast-seo-wordpress\/ -->\n<title>Luxury Pet Carriers Bags | Customize Travel Bag For Pets - Petstar<\/title>\n<meta name=\"description\" content=\"Explore luxury pet carriers bags, travel bag for pets, pet tote bag from the manufacturer. Your ideal business solution with Petstar.\" \/>\n<meta name=\"robots\" content=\"index, follow, max-snippet:-1, max-image-preview:large, max-video-preview:-1\" \/>\n<link rel=\"canonical\" href=\"https:\/\/petproducts.com.cn\/fr\/produit\/luxury-pet-carriers-bags-pet-travel-tote-bag\/\" \/>\n<meta property=\"og:locale\" content=\"fr_FR\" \/>\n<meta property=\"og:type\" content=\"article\" \/>\n<meta property=\"og:title\" content=\"Luxury Pet Carriers Bags | Customize Travel Bag For Pets - Petstar\" \/>\n<meta property=\"og:description\" content=\"Explore luxury pet carriers bags, travel bag for pets, pet tote bag from the manufacturer. Your ideal business solution with Petstar.\" \/>\n<meta property=\"og:url\" content=\"https:\/\/petproducts.com.cn\/fr\/produit\/luxury-pet-carriers-bags-pet-travel-tote-bag\/\" \/>\n<meta property=\"og:site_name\" content=\"Petstar\" \/>\n<meta property=\"article:modified_time\" content=\"2024-04-10T07:29:02+00:00\" \/>\n<meta property=\"og:image\" content=\"https:\/\/petproducts.com.cn\/wp-content\/uploads\/2024\/04\/luxury-pet-carriers-bags.webp\" \/>\n\t<meta property=\"og:image:width\" content=\"1000\" \/>\n\t<meta property=\"og:image:height\" content=\"1000\" \/>\n\t<meta property=\"og:image:type\" content=\"image\/webp\" \/>\n<meta name=\"twitter:card\" content=\"summary_large_image\" \/>\n<meta name=\"twitter:label1\" content=\"Dur\u00e9e de lecture estim\u00e9e\" \/>\n\t<meta name=\"twitter:data1\" content=\"2 minutes\" \/>\n<script type=\"application\/ld+json\" class=\"yoast-schema-graph\">{\"@context\":\"https:\/\/schema.org\",\"@graph\":[{\"@type\":\"WebPage\",\"@id\":\"https:\/\/petproducts.com.cn\/product\/luxury-pet-carriers-bags-pet-travel-tote-bag\/\",\"url\":\"https:\/\/petproducts.com.cn\/product\/luxury-pet-carriers-bags-pet-travel-tote-bag\/\",\"name\":\"Luxury Pet Carriers Bags | Customize Travel Bag For Pets - Petstar\",\"isPartOf\":{\"@id\":\"https:\/\/petproducts.com.cn\/#website\"},\"primaryImageOfPage\":{\"@id\":\"https:\/\/petproducts.com.cn\/product\/luxury-pet-carriers-bags-pet-travel-tote-bag\/#primaryimage\"},\"image\":{\"@id\":\"https:\/\/petproducts.com.cn\/product\/luxury-pet-carriers-bags-pet-travel-tote-bag\/#primaryimage\"},\"thumbnailUrl\":\"https:\/\/petproducts.com.cn\/wp-content\/uploads\/2024\/04\/luxury-pet-carriers-bags.webp\",\"datePublished\":\"2024-04-10T07:09:16+00:00\",\"dateModified\":\"2024-04-10T07:29:02+00:00\",\"description\":\"Explore luxury pet carriers bags, travel bag for pets, pet tote bag from the manufacturer. Your ideal business solution with Petstar.\",\"breadcrumb\":{\"@id\":\"https:\/\/petproducts.com.cn\/product\/luxury-pet-carriers-bags-pet-travel-tote-bag\/#breadcrumb\"},\"inLanguage\":\"fr-FR\",\"potentialAction\":[{\"@type\":\"ReadAction\",\"target\":[\"https:\/\/petproducts.com.cn\/product\/luxury-pet-carriers-bags-pet-travel-tote-bag\/\"]}]},{\"@type\":\"ImageObject\",\"inLanguage\":\"fr-FR\",\"@id\":\"https:\/\/petproducts.com.cn\/product\/luxury-pet-carriers-bags-pet-travel-tote-bag\/#primaryimage\",\"url\":\"https:\/\/petproducts.com.cn\/wp-content\/uploads\/2024\/04\/luxury-pet-carriers-bags.webp\",\"contentUrl\":\"https:\/\/petproducts.com.cn\/wp-content\/uploads\/2024\/04\/luxury-pet-carriers-bags.webp\",\"width\":1000,\"height\":1000,\"caption\":\"luxury pet carriers bags\"},{\"@type\":\"BreadcrumbList\",\"@id\":\"https:\/\/petproducts.com.cn\/product\/luxury-pet-carriers-bags-pet-travel-tote-bag\/#breadcrumb\",\"itemListElement\":[{\"@type\":\"ListItem\",\"position\":1,\"name\":\"HOME\",\"item\":\"https:\/\/petproducts.com.cn\/\"},{\"@type\":\"ListItem\",\"position\":2,\"name\":\"Products\",\"item\":\"https:\/\/petproducts.com.cn\/shop\/\"},{\"@type\":\"ListItem\",\"position\":3,\"name\":\"Dog Carriers &amp; Car Supplies\",\"item\":\"https:\/\/petproducts.com.cn\/product-category\/dog-carriers-car-supplies\/\"},{\"@type\":\"ListItem\",\"position\":4,\"name\":\"Luxury Pet Carriers Bags Pet Travel Tote Bag\"}]},{\"@type\":\"WebSite\",\"@id\":\"https:\/\/petproducts.com.cn\/#website\",\"url\":\"https:\/\/petproducts.com.cn\/\",\"name\":\"Petstar\",\"description\":\"Leading Pet Supplies Manufacturer &amp; OEM Pet Products Supplier\",\"publisher\":{\"@id\":\"https:\/\/petproducts.com.cn\/#organization\"},\"alternateName\":\"Petstar Pet Supplies\",\"potentialAction\":[{\"@type\":\"SearchAction\",\"target\":{\"@type\":\"EntryPoint\",\"urlTemplate\":\"https:\/\/petproducts.com.cn\/?s={search_term_string}\"},\"query-input\":{\"@type\":\"PropertyValueSpecification\",\"valueRequired\":true,\"valueName\":\"search_term_string\"}}],\"inLanguage\":\"fr-FR\"},{\"@type\":\"Organization\",\"@id\":\"https:\/\/petproducts.com.cn\/#organization\",\"name\":\"Petstar\",\"url\":\"https:\/\/petproducts.com.cn\/\",\"logo\":{\"@type\":\"ImageObject\",\"inLanguage\":\"fr-FR\",\"@id\":\"https:\/\/petproducts.com.cn\/#\/schema\/logo\/image\/\",\"url\":\"https:\/\/petproducts.com.cn\/wp-content\/uploads\/2020\/02\/petstar-logo.webp\",\"contentUrl\":\"https:\/\/petproducts.com.cn\/wp-content\/uploads\/2020\/02\/petstar-logo.webp\",\"width\":779,\"height\":520,\"caption\":\"Petstar\"},\"image\":{\"@id\":\"https:\/\/petproducts.com.cn\/#\/schema\/logo\/image\/\"}}]}<\/script>\n<!-- \/ Yoast SEO plugin. -->","yoast_head_json":{"title":"Sac de transport de luxe pour animaux de compagnie | Sac de voyage personnalis\u00e9 pour animaux de compagnie - Petstar","description":"D\u00e9couvrez les sacs de transport pour animaux de luxe, les sacs de voyage pour animaux de compagnie, les sacs de transport pour animaux de compagnie du fabricant. Votre solution commerciale id\u00e9ale avec Petstar.","robots":{"index":"index","follow":"follow","max-snippet":"max-snippet:-1","max-image-preview":"max-image-preview:large","max-video-preview":"max-video-preview:-1"},"canonical":"https:\/\/petproducts.com.cn\/fr\/produit\/luxury-pet-carriers-bags-pet-travel-tote-bag\/","og_locale":"fr_FR","og_type":"article","og_title":"Luxury Pet Carriers Bags | Customize Travel Bag For Pets - Petstar","og_description":"Explore luxury pet carriers bags, travel bag for pets, pet tote bag from the manufacturer. Your ideal business solution with Petstar.","og_url":"https:\/\/petproducts.com.cn\/fr\/produit\/luxury-pet-carriers-bags-pet-travel-tote-bag\/","og_site_name":"Petstar","article_modified_time":"2024-04-10T07:29:02+00:00","og_image":[{"width":1000,"height":1000,"url":"https:\/\/petproducts.com.cn\/wp-content\/uploads\/2024\/04\/luxury-pet-carriers-bags.webp","type":"image\/webp"}],"twitter_card":"summary_large_image","twitter_misc":{"Dur\u00e9e de lecture estim\u00e9e":"2 minutes"},"schema":{"@context":"https:\/\/schema.org","@graph":[{"@type":"WebPage","@id":"https:\/\/petproducts.com.cn\/product\/luxury-pet-carriers-bags-pet-travel-tote-bag\/","url":"https:\/\/petproducts.com.cn\/product\/luxury-pet-carriers-bags-pet-travel-tote-bag\/","name":"Sac de transport de luxe pour animaux de compagnie | Sac de voyage personnalis\u00e9 pour animaux de compagnie - Petstar","isPartOf":{"@id":"https:\/\/petproducts.com.cn\/#website"},"primaryImageOfPage":{"@id":"https:\/\/petproducts.com.cn\/product\/luxury-pet-carriers-bags-pet-travel-tote-bag\/#primaryimage"},"image":{"@id":"https:\/\/petproducts.com.cn\/product\/luxury-pet-carriers-bags-pet-travel-tote-bag\/#primaryimage"},"thumbnailUrl":"https:\/\/petproducts.com.cn\/wp-content\/uploads\/2024\/04\/luxury-pet-carriers-bags.webp","datePublished":"2024-04-10T07:09:16+00:00","dateModified":"2024-04-10T07:29:02+00:00","description":"D\u00e9couvrez les sacs de transport pour animaux de luxe, les sacs de voyage pour animaux de compagnie, les sacs de transport pour animaux de compagnie du fabricant. Votre solution commerciale id\u00e9ale avec Petstar.","breadcrumb":{"@id":"https:\/\/petproducts.com.cn\/product\/luxury-pet-carriers-bags-pet-travel-tote-bag\/#breadcrumb"},"inLanguage":"fr-FR","potentialAction":[{"@type":"ReadAction","target":["https:\/\/petproducts.com.cn\/product\/luxury-pet-carriers-bags-pet-travel-tote-bag\/"]}]},{"@type":"ImageObject","inLanguage":"fr-FR","@id":"https:\/\/petproducts.com.cn\/product\/luxury-pet-carriers-bags-pet-travel-tote-bag\/#primaryimage","url":"https:\/\/petproducts.com.cn\/wp-content\/uploads\/2024\/04\/luxury-pet-carriers-bags.webp","contentUrl":"https:\/\/petproducts.com.cn\/wp-content\/uploads\/2024\/04\/luxury-pet-carriers-bags.webp","width":1000,"height":1000,"caption":"luxury pet carriers bags"},{"@type":"BreadcrumbList","@id":"https:\/\/petproducts.com.cn\/product\/luxury-pet-carriers-bags-pet-travel-tote-bag\/#breadcrumb","itemListElement":[{"@type":"ListItem","position":1,"name":"HOME","item":"https:\/\/petproducts.com.cn\/"},{"@type":"ListItem","position":2,"name":"Products","item":"https:\/\/petproducts.com.cn\/shop\/"},{"@type":"ListItem","position":3,"name":"Dog Carriers &amp; Car Supplies","item":"https:\/\/petproducts.com.cn\/product-category\/dog-carriers-car-supplies\/"},{"@type":"ListItem","position":4,"name":"Luxury Pet Carriers Bags Pet Travel Tote Bag"}]},{"@type":"WebSite","@id":"https:\/\/petproducts.com.cn\/#website","url":"https:\/\/petproducts.com.cn\/","name":"Petstar","description":"Fabricant leader de fournitures pour animaux de compagnie et fournisseur OEM de produits pour animaux de compagnie","publisher":{"@id":"https:\/\/petproducts.com.cn\/#organization"},"alternateName":"Petstar Pet Supplies","potentialAction":[{"@type":"SearchAction","target":{"@type":"EntryPoint","urlTemplate":"https:\/\/petproducts.com.cn\/?s={search_term_string}"},"query-input":{"@type":"PropertyValueSpecification","valueRequired":true,"valueName":"search_term_string"}}],"inLanguage":"fr-FR"},{"@type":"Organization","@id":"https:\/\/petproducts.com.cn\/#organization","name":"Petstar","url":"https:\/\/petproducts.com.cn\/","logo":{"@type":"ImageObject","inLanguage":"fr-FR","@id":"https:\/\/petproducts.com.cn\/#\/schema\/logo\/image\/","url":"https:\/\/petproducts.com.cn\/wp-content\/uploads\/2020\/02\/petstar-logo.webp","contentUrl":"https:\/\/petproducts.com.cn\/wp-content\/uploads\/2020\/02\/petstar-logo.webp","width":779,"height":520,"caption":"Petstar"},"image":{"@id":"https:\/\/petproducts.com.cn\/#\/schema\/logo\/image\/"}}]}},"_links":{"self":[{"href":"https:\/\/petproducts.com.cn\/fr\/wp-json\/wp\/v2\/product\/21860","targetHints":{"allow":["GET"]}}],"collection":[{"href":"https:\/\/petproducts.com.cn\/fr\/wp-json\/wp\/v2\/product"}],"about":[{"href":"https:\/\/petproducts.com.cn\/fr\/wp-json\/wp\/v2\/types\/product"}],"version-history":[{"count":1,"href":"https:\/\/petproducts.com.cn\/fr\/wp-json\/wp\/v2\/product\/21860\/revisions"}],"predecessor-version":[{"id":21869,"href":"https:\/\/petproducts.com.cn\/fr\/wp-json\/wp\/v2\/product\/21860\/revisions\/21869"}],"wp:featuredmedia":[{"embeddable":true,"href":"https:\/\/petproducts.com.cn\/fr\/wp-json\/wp\/v2\/media\/21862"}],"wp:attachment":[{"href":"https:\/\/petproducts.com.cn\/fr\/wp-json\/wp\/v2\/media?parent=21860"}],"wp:term":[{"taxonomy":"product_brand","embeddable":true,"href":"https:\/\/petproducts.com.cn\/fr\/wp-json\/wp\/v2\/product_brand?post=21860"},{"taxonomy":"product_cat","embeddable":true,"href":"https:\/\/petproducts.com.cn\/fr\/wp-json\/wp\/v2\/product_cat?post=21860"},{"taxonomy":"product_tag","embeddable":true,"href":"https:\/\/petproducts.com.cn\/fr\/wp-json\/wp\/v2\/product_tag?post=21860"}],"curies":[{"name":"wp","href":"https:\/\/api.w.org\/{rel}","templated":true}]}}