{"id":22127,"date":"2024-04-16T03:20:14","date_gmt":"2024-04-16T03:20:14","guid":{"rendered":"https:\/\/petproducts.com.cn\/?post_type=product&#038;p=22127"},"modified":"2024-10-31T08:22:36","modified_gmt":"2024-10-31T08:22:36","slug":"long-sleeve-dog-clothes-waterproof-dog-jackets-dog-hoodies","status":"publish","type":"product","link":"https:\/\/petproducts.com.cn\/fr\/product\/long-sleeve-dog-clothes-waterproof-dog-jackets-dog-hoodies\/","title":{"rendered":"V\u00eatements pour chiens \u00e0 manches longues Vestes imperm\u00e9ables pour chiens Sweats \u00e0 capuche pour chiens"},"content":{"rendered":"<h2><strong>Caract\u00e9ristiques des v\u00eatements \u00e0 manches longues pour chiens <\/strong><\/h2>\n<ol>\n<li><strong>Mod\u00e8le \u00e0 manches longues<\/strong>: Gr\u00e2ce \u00e0 leur conception \u00e0 manches longues, nos v\u00eatements pour chiens \u00e0 manches longues offrent une couverture et une chaleur suppl\u00e9mentaires, permettant \u00e0 votre animal de compagnie de rester bien au chaud lors des sorties en plein air par temps froid.<\/li>\n<li><strong>Caract\u00e9ristique de la capuche<\/strong>: Dot\u00e9s d'une capuche, nos sweats \u00e0 capuche pour chiens offrent une protection suppl\u00e9mentaire \u00e0 la t\u00eate et aux oreilles de votre animal, le prot\u00e9geant du vent, de la pluie et du froid, assurant ainsi son confort et son bien-\u00eatre lors des activit\u00e9s de plein air.<\/li>\n<li><strong>Construction \u00e9tanche<\/strong>: Con\u00e7ues pour r\u00e9sister aux \u00e9l\u00e9ments, nos vestes pour chiens sont dot\u00e9es d'une construction imperm\u00e9able qui repousse l'eau, gardant votre animal au sec et \u00e0 l'aise m\u00eame dans les conditions les plus humides.<\/li>\n<li><strong>Sur mesure pour les aventures en plein air<\/strong>: Sp\u00e9cialement con\u00e7ues pour les aventures en plein air, nos vestes pour chiens sont parfaites pour les animaux actifs qui aiment explorer la nature, offrant \u00e0 la fois style et fonctionnalit\u00e9 pour toutes leurs escapades en plein air.<\/li>\n<li><strong>Ajustement et confort<\/strong>: Dot\u00e9s de bretelles r\u00e9glables et d'une coupe confortable, nos sweats \u00e0 capuche pour chiens permettent \u00e0 votre animal de se d\u00e9placer librement et confortablement lors de ses aventures en plein air, sans aucune restriction ni g\u00eane.<\/li>\n<li><strong>Facile \u00e0 nettoyer et \u00e0 entretenir<\/strong>: Gr\u00e2ce \u00e0 leur mati\u00e8re PVC durable, nos vestes pour chiens sont faciles \u00e0 nettoyer et \u00e0 entretenir. Il suffit de les essuyer avec un chiffon humide ou de les rincer sous l'eau pour \u00e9liminer la salet\u00e9 et les d\u00e9bris, afin qu'elles restent fra\u00eeches et hygi\u00e9niques pour la prochaine sortie de votre animal.<\/li>\n<\/ol>","protected":false},"excerpt":{"rendered":"<p>Nous sommes un fabricant de v\u00eatements pour animaux de compagnie avec plus de 20 ans d'exp\u00e9rience. Nous offrons des options de personnalisation pour la couleur, la taille, le tissu, le motif, le logo et d'autres caract\u00e9ristiques.<\/p>","protected":false},"featured_media":22205,"template":"","meta":{"_acf_changed":false},"product_brand":[],"product_cat":[49,72],"product_tag":[217,220,259],"class_list":{"0":"post-22127","1":"product","2":"type-product","3":"status-publish","4":"has-post-thumbnail","6":"product_cat-dog-apparel-accessories","7":"product_cat-dog-supplies","8":"product_tag-pet-clothes","9":"product_tag-pet-coats-jackets","10":"product_tag-pet-hoodies","12":"first","13":"instock","14":"shipping-taxable","15":"product-type-simple"},"acf":[],"yoast_head":"<!-- This site is optimized with the Yoast SEO plugin v27.1.1 - https:\/\/yoast.com\/product\/yoast-seo-wordpress\/ -->\n<title>Long Sleeve Dog Clothes | Dog Hoodies Manufacturer - Petstar<\/title>\n<meta name=\"description\" content=\"Explore long sleeve dog clothes, waterproof dog jackets, dog hoodies directly from the manufacturer. Your ideal business solution with Petstar.\" \/>\n<meta name=\"robots\" content=\"index, follow, max-snippet:-1, max-image-preview:large, max-video-preview:-1\" \/>\n<link rel=\"canonical\" href=\"https:\/\/petproducts.com.cn\/fr\/produit\/long-sleeve-dog-clothes-waterproof-dog-jackets-dog-hoodies\/\" \/>\n<meta property=\"og:locale\" content=\"fr_FR\" \/>\n<meta property=\"og:type\" content=\"article\" \/>\n<meta property=\"og:title\" content=\"Long Sleeve Dog Clothes | Dog Hoodies Manufacturer - Petstar\" \/>\n<meta property=\"og:description\" content=\"Explore long sleeve dog clothes, waterproof dog jackets, dog hoodies directly from the manufacturer. Your ideal business solution with Petstar.\" \/>\n<meta property=\"og:url\" content=\"https:\/\/petproducts.com.cn\/fr\/produit\/long-sleeve-dog-clothes-waterproof-dog-jackets-dog-hoodies\/\" \/>\n<meta property=\"og:site_name\" content=\"Petstar\" \/>\n<meta property=\"article:modified_time\" content=\"2024-10-31T08:22:36+00:00\" \/>\n<meta property=\"og:image\" content=\"https:\/\/petproducts.com.cn\/wp-content\/uploads\/2024\/04\/Long-Sleeve-Dog-Clothes.webp\" \/>\n\t<meta property=\"og:image:width\" content=\"1000\" \/>\n\t<meta property=\"og:image:height\" content=\"1000\" \/>\n\t<meta property=\"og:image:type\" content=\"image\/webp\" \/>\n<meta name=\"twitter:card\" content=\"summary_large_image\" \/>\n<meta name=\"twitter:label1\" content=\"Dur\u00e9e de lecture estim\u00e9e\" \/>\n\t<meta name=\"twitter:data1\" content=\"1 minute\" \/>\n<script type=\"application\/ld+json\" class=\"yoast-schema-graph\">{\"@context\":\"https:\/\/schema.org\",\"@graph\":[{\"@type\":\"WebPage\",\"@id\":\"https:\/\/petproducts.com.cn\/product\/long-sleeve-dog-clothes-waterproof-dog-jackets-dog-hoodies\/\",\"url\":\"https:\/\/petproducts.com.cn\/product\/long-sleeve-dog-clothes-waterproof-dog-jackets-dog-hoodies\/\",\"name\":\"Long Sleeve Dog Clothes | Dog Hoodies Manufacturer - Petstar\",\"isPartOf\":{\"@id\":\"https:\/\/petproducts.com.cn\/#website\"},\"primaryImageOfPage\":{\"@id\":\"https:\/\/petproducts.com.cn\/product\/long-sleeve-dog-clothes-waterproof-dog-jackets-dog-hoodies\/#primaryimage\"},\"image\":{\"@id\":\"https:\/\/petproducts.com.cn\/product\/long-sleeve-dog-clothes-waterproof-dog-jackets-dog-hoodies\/#primaryimage\"},\"thumbnailUrl\":\"https:\/\/petproducts.com.cn\/wp-content\/uploads\/2024\/04\/Long-Sleeve-Dog-Clothes.webp\",\"datePublished\":\"2024-04-16T03:20:14+00:00\",\"dateModified\":\"2024-10-31T08:22:36+00:00\",\"description\":\"Explore long sleeve dog clothes, waterproof dog jackets, dog hoodies directly from the manufacturer. Your ideal business solution with Petstar.\",\"breadcrumb\":{\"@id\":\"https:\/\/petproducts.com.cn\/product\/long-sleeve-dog-clothes-waterproof-dog-jackets-dog-hoodies\/#breadcrumb\"},\"inLanguage\":\"fr-FR\",\"potentialAction\":[{\"@type\":\"ReadAction\",\"target\":[\"https:\/\/petproducts.com.cn\/product\/long-sleeve-dog-clothes-waterproof-dog-jackets-dog-hoodies\/\"]}]},{\"@type\":\"ImageObject\",\"inLanguage\":\"fr-FR\",\"@id\":\"https:\/\/petproducts.com.cn\/product\/long-sleeve-dog-clothes-waterproof-dog-jackets-dog-hoodies\/#primaryimage\",\"url\":\"https:\/\/petproducts.com.cn\/wp-content\/uploads\/2024\/04\/Long-Sleeve-Dog-Clothes.webp\",\"contentUrl\":\"https:\/\/petproducts.com.cn\/wp-content\/uploads\/2024\/04\/Long-Sleeve-Dog-Clothes.webp\",\"width\":1000,\"height\":1000,\"caption\":\"Long Sleeve Dog Clothes\"},{\"@type\":\"BreadcrumbList\",\"@id\":\"https:\/\/petproducts.com.cn\/product\/long-sleeve-dog-clothes-waterproof-dog-jackets-dog-hoodies\/#breadcrumb\",\"itemListElement\":[{\"@type\":\"ListItem\",\"position\":1,\"name\":\"HOME\",\"item\":\"https:\/\/petproducts.com.cn\/\"},{\"@type\":\"ListItem\",\"position\":2,\"name\":\"Products\",\"item\":\"https:\/\/petproducts.com.cn\/shop\/\"},{\"@type\":\"ListItem\",\"position\":3,\"name\":\"Dog Apparel &amp; Accessories\",\"item\":\"https:\/\/petproducts.com.cn\/product-category\/dog-apparel-accessories\/\"},{\"@type\":\"ListItem\",\"position\":4,\"name\":\"Long Sleeve Dog Clothes Waterproof Dog Jackets Dog Hoodies\"}]},{\"@type\":\"WebSite\",\"@id\":\"https:\/\/petproducts.com.cn\/#website\",\"url\":\"https:\/\/petproducts.com.cn\/\",\"name\":\"Petstar\",\"description\":\"Leading Pet Supplies Manufacturer &amp; OEM Pet Products Supplier\",\"publisher\":{\"@id\":\"https:\/\/petproducts.com.cn\/#organization\"},\"alternateName\":\"Petstar Pet Supplies\",\"potentialAction\":[{\"@type\":\"SearchAction\",\"target\":{\"@type\":\"EntryPoint\",\"urlTemplate\":\"https:\/\/petproducts.com.cn\/?s={search_term_string}\"},\"query-input\":{\"@type\":\"PropertyValueSpecification\",\"valueRequired\":true,\"valueName\":\"search_term_string\"}}],\"inLanguage\":\"fr-FR\"},{\"@type\":\"Organization\",\"@id\":\"https:\/\/petproducts.com.cn\/#organization\",\"name\":\"Petstar\",\"url\":\"https:\/\/petproducts.com.cn\/\",\"logo\":{\"@type\":\"ImageObject\",\"inLanguage\":\"fr-FR\",\"@id\":\"https:\/\/petproducts.com.cn\/#\/schema\/logo\/image\/\",\"url\":\"https:\/\/petproducts.com.cn\/wp-content\/uploads\/2020\/02\/petstar-logo.webp\",\"contentUrl\":\"https:\/\/petproducts.com.cn\/wp-content\/uploads\/2020\/02\/petstar-logo.webp\",\"width\":779,\"height\":520,\"caption\":\"Petstar\"},\"image\":{\"@id\":\"https:\/\/petproducts.com.cn\/#\/schema\/logo\/image\/\"}}]}<\/script>\n<!-- \/ Yoast SEO plugin. -->","yoast_head_json":{"title":"V\u00eatements \u00e0 manches longues pour chiens - Petstar","description":"D\u00e9couvrez les v\u00eatements pour chiens \u00e0 manches longues, les vestes imperm\u00e9ables pour chiens et les sweats \u00e0 capuche pour chiens directement du fabricant. Votre solution commerciale id\u00e9ale avec Petstar.","robots":{"index":"index","follow":"follow","max-snippet":"max-snippet:-1","max-image-preview":"max-image-preview:large","max-video-preview":"max-video-preview:-1"},"canonical":"https:\/\/petproducts.com.cn\/fr\/produit\/long-sleeve-dog-clothes-waterproof-dog-jackets-dog-hoodies\/","og_locale":"fr_FR","og_type":"article","og_title":"Long Sleeve Dog Clothes | Dog Hoodies Manufacturer - Petstar","og_description":"Explore long sleeve dog clothes, waterproof dog jackets, dog hoodies directly from the manufacturer. Your ideal business solution with Petstar.","og_url":"https:\/\/petproducts.com.cn\/fr\/produit\/long-sleeve-dog-clothes-waterproof-dog-jackets-dog-hoodies\/","og_site_name":"Petstar","article_modified_time":"2024-10-31T08:22:36+00:00","og_image":[{"width":1000,"height":1000,"url":"https:\/\/petproducts.com.cn\/wp-content\/uploads\/2024\/04\/Long-Sleeve-Dog-Clothes.webp","type":"image\/webp"}],"twitter_card":"summary_large_image","twitter_misc":{"Dur\u00e9e de lecture estim\u00e9e":"1 minute"},"schema":{"@context":"https:\/\/schema.org","@graph":[{"@type":"WebPage","@id":"https:\/\/petproducts.com.cn\/product\/long-sleeve-dog-clothes-waterproof-dog-jackets-dog-hoodies\/","url":"https:\/\/petproducts.com.cn\/product\/long-sleeve-dog-clothes-waterproof-dog-jackets-dog-hoodies\/","name":"V\u00eatements \u00e0 manches longues pour chiens - Petstar","isPartOf":{"@id":"https:\/\/petproducts.com.cn\/#website"},"primaryImageOfPage":{"@id":"https:\/\/petproducts.com.cn\/product\/long-sleeve-dog-clothes-waterproof-dog-jackets-dog-hoodies\/#primaryimage"},"image":{"@id":"https:\/\/petproducts.com.cn\/product\/long-sleeve-dog-clothes-waterproof-dog-jackets-dog-hoodies\/#primaryimage"},"thumbnailUrl":"https:\/\/petproducts.com.cn\/wp-content\/uploads\/2024\/04\/Long-Sleeve-Dog-Clothes.webp","datePublished":"2024-04-16T03:20:14+00:00","dateModified":"2024-10-31T08:22:36+00:00","description":"D\u00e9couvrez les v\u00eatements pour chiens \u00e0 manches longues, les vestes imperm\u00e9ables pour chiens et les sweats \u00e0 capuche pour chiens directement du fabricant. Votre solution commerciale id\u00e9ale avec Petstar.","breadcrumb":{"@id":"https:\/\/petproducts.com.cn\/product\/long-sleeve-dog-clothes-waterproof-dog-jackets-dog-hoodies\/#breadcrumb"},"inLanguage":"fr-FR","potentialAction":[{"@type":"ReadAction","target":["https:\/\/petproducts.com.cn\/product\/long-sleeve-dog-clothes-waterproof-dog-jackets-dog-hoodies\/"]}]},{"@type":"ImageObject","inLanguage":"fr-FR","@id":"https:\/\/petproducts.com.cn\/product\/long-sleeve-dog-clothes-waterproof-dog-jackets-dog-hoodies\/#primaryimage","url":"https:\/\/petproducts.com.cn\/wp-content\/uploads\/2024\/04\/Long-Sleeve-Dog-Clothes.webp","contentUrl":"https:\/\/petproducts.com.cn\/wp-content\/uploads\/2024\/04\/Long-Sleeve-Dog-Clothes.webp","width":1000,"height":1000,"caption":"Long Sleeve Dog Clothes"},{"@type":"BreadcrumbList","@id":"https:\/\/petproducts.com.cn\/product\/long-sleeve-dog-clothes-waterproof-dog-jackets-dog-hoodies\/#breadcrumb","itemListElement":[{"@type":"ListItem","position":1,"name":"HOME","item":"https:\/\/petproducts.com.cn\/"},{"@type":"ListItem","position":2,"name":"Products","item":"https:\/\/petproducts.com.cn\/shop\/"},{"@type":"ListItem","position":3,"name":"Dog Apparel &amp; Accessories","item":"https:\/\/petproducts.com.cn\/product-category\/dog-apparel-accessories\/"},{"@type":"ListItem","position":4,"name":"Long Sleeve Dog Clothes Waterproof Dog Jackets Dog Hoodies"}]},{"@type":"WebSite","@id":"https:\/\/petproducts.com.cn\/#website","url":"https:\/\/petproducts.com.cn\/","name":"Petstar","description":"Fabricant leader de fournitures pour animaux de compagnie et fournisseur OEM de produits pour animaux de compagnie","publisher":{"@id":"https:\/\/petproducts.com.cn\/#organization"},"alternateName":"Petstar Pet Supplies","potentialAction":[{"@type":"SearchAction","target":{"@type":"EntryPoint","urlTemplate":"https:\/\/petproducts.com.cn\/?s={search_term_string}"},"query-input":{"@type":"PropertyValueSpecification","valueRequired":true,"valueName":"search_term_string"}}],"inLanguage":"fr-FR"},{"@type":"Organization","@id":"https:\/\/petproducts.com.cn\/#organization","name":"Petstar","url":"https:\/\/petproducts.com.cn\/","logo":{"@type":"ImageObject","inLanguage":"fr-FR","@id":"https:\/\/petproducts.com.cn\/#\/schema\/logo\/image\/","url":"https:\/\/petproducts.com.cn\/wp-content\/uploads\/2020\/02\/petstar-logo.webp","contentUrl":"https:\/\/petproducts.com.cn\/wp-content\/uploads\/2020\/02\/petstar-logo.webp","width":779,"height":520,"caption":"Petstar"},"image":{"@id":"https:\/\/petproducts.com.cn\/#\/schema\/logo\/image\/"}}]}},"_links":{"self":[{"href":"https:\/\/petproducts.com.cn\/fr\/wp-json\/wp\/v2\/product\/22127","targetHints":{"allow":["GET"]}}],"collection":[{"href":"https:\/\/petproducts.com.cn\/fr\/wp-json\/wp\/v2\/product"}],"about":[{"href":"https:\/\/petproducts.com.cn\/fr\/wp-json\/wp\/v2\/types\/product"}],"version-history":[{"count":1,"href":"https:\/\/petproducts.com.cn\/fr\/wp-json\/wp\/v2\/product\/22127\/revisions"}],"predecessor-version":[{"id":22201,"href":"https:\/\/petproducts.com.cn\/fr\/wp-json\/wp\/v2\/product\/22127\/revisions\/22201"}],"wp:featuredmedia":[{"embeddable":true,"href":"https:\/\/petproducts.com.cn\/fr\/wp-json\/wp\/v2\/media\/22205"}],"wp:attachment":[{"href":"https:\/\/petproducts.com.cn\/fr\/wp-json\/wp\/v2\/media?parent=22127"}],"wp:term":[{"taxonomy":"product_brand","embeddable":true,"href":"https:\/\/petproducts.com.cn\/fr\/wp-json\/wp\/v2\/product_brand?post=22127"},{"taxonomy":"product_cat","embeddable":true,"href":"https:\/\/petproducts.com.cn\/fr\/wp-json\/wp\/v2\/product_cat?post=22127"},{"taxonomy":"product_tag","embeddable":true,"href":"https:\/\/petproducts.com.cn\/fr\/wp-json\/wp\/v2\/product_tag?post=22127"}],"curies":[{"name":"wp","href":"https:\/\/api.w.org\/{rel}","templated":true}]}}