{"id":22176,"date":"2024-04-16T08:17:44","date_gmt":"2024-04-16T08:17:44","guid":{"rendered":"https:\/\/petproducts.com.cn\/?post_type=product&#038;p=22176"},"modified":"2024-04-16T08:31:16","modified_gmt":"2024-04-16T08:31:16","slug":"pet-car-seat-carrier-wholesale-pet-dog-carrier-for-car","status":"publish","type":"product","link":"https:\/\/petproducts.com.cn\/fr\/product\/pet-car-seat-carrier-wholesale-pet-dog-carrier-for-car\/","title":{"rendered":"Transporteur de si\u00e8ge de voiture pour animaux de compagnie, vente en gros, transporteur de chien pour voiture"},"content":{"rendered":"<h2>Caract\u00e9ristiques du porte-si\u00e8ge pour animaux de compagnie<\/h2>\n<ol>\n<li><strong>Taille et portabilit\u00e9 optimis\u00e9es<\/strong>. Notre porte-si\u00e8ge pour animaux de compagnie est con\u00e7u avec des dimensions de 40x30xH38cm, ce qui repr\u00e9sente un \u00e9quilibre parfait entre l'espace et la portabilit\u00e9. Ces dimensions permettent aux animaux de compagnie de voyager confortablement tout en restant suffisamment compactes pour \u00eatre facilement manipul\u00e9es et transport\u00e9es.<\/li>\n<li><strong>Mat\u00e9riaux respectueux de l'environnement<\/strong>. Engag\u00e9s dans le d\u00e9veloppement durable, nos v\u00e9hicules de transport pour animaux sont fabriqu\u00e9s \u00e0 partir de mat\u00e9riaux recycl\u00e9s. En utilisant des mat\u00e9riaux \u00e9cologiques, nous contribuons aux efforts de pr\u00e9servation de l'environnement tout en offrant aux propri\u00e9taires d'animaux de compagnie un choix responsable et \u00e9thique pour leurs besoins en mati\u00e8re de transport d'animaux.<\/li>\n<li><strong>M\u00e9thodes d'utilisation polyvalentes<\/strong>. Notre porte-si\u00e8ge pour animaux de compagnie offre de multiples m\u00e9thodes d'utilisation pour r\u00e9pondre aux diff\u00e9rentes pr\u00e9f\u00e9rences et sc\u00e9narios de voyage. Qu'il soit utilis\u00e9 comme une cage de transport traditionnelle, un si\u00e8ge auto ou un endroit confortable pour les animaux de compagnie, notre cage de transport est polyvalente et adaptable pour r\u00e9pondre \u00e0 diff\u00e9rents besoins.<\/li>\n<li><strong>Options de personnalisation sur mesure<\/strong>. Comprenant les diverses pr\u00e9f\u00e9rences des propri\u00e9taires d'animaux, notre cage de transport pour chien en voiture est personnalisable pour r\u00e9pondre aux go\u00fbts et aux exigences de chacun. De la s\u00e9lection des couleurs et des motifs \u00e0 l'ajout de d\u00e9tails personnalis\u00e9s, les clients ont la libert\u00e9 de cr\u00e9er une cage de transport qui refl\u00e8te leur style unique tout en garantissant un confort et une fonctionnalit\u00e9 optimaux pour leurs compagnons \u00e0 poils. L'accent mis sur la personnalisation garantit une exp\u00e9rience de voyage personnalis\u00e9e et agr\u00e9able pour les animaux de compagnie et leurs propri\u00e9taires.<\/li>\n<\/ol>","protected":false},"excerpt":{"rendered":"<p>Nous sommes un fabricant de si\u00e8ges de voiture pour animaux, de porte-chiens pour voiture avec plus de 20 ans d'exp\u00e9rience. Nous offrons des options de personnalisation pour la couleur, la taille, le tissu, le motif, le logo et d'autres caract\u00e9ristiques.<\/p>","protected":false},"featured_media":22180,"template":"","meta":{"_acf_changed":false},"product_brand":[],"product_cat":[133,71,132,72],"product_tag":[145,144],"class_list":{"0":"post-22176","1":"product","2":"type-product","3":"status-publish","4":"has-post-thumbnail","6":"product_cat-cat-carriers-car-supplies","7":"product_cat-cat-supplies","8":"product_cat-dog-carriers-car-supplies","9":"product_cat-dog-supplies","10":"product_tag-cat-carriers-car-supplies","11":"product_tag-dog-carriers-car-supplies","13":"first","14":"instock","15":"shipping-taxable","16":"product-type-simple"},"acf":[],"yoast_head":"<!-- This site is optimized with the Yoast SEO plugin v27.1.1 - https:\/\/yoast.com\/product\/yoast-seo-wordpress\/ -->\n<title>pet car seat carrier | Wholesale Pet Dog Carrier For Cat - Petstar<\/title>\n<meta name=\"description\" content=\"Explore pet car carriers, pet car seat carrier, dog carrier for car from the manufacturer. Your ideal business solution with Petstar.\" \/>\n<meta name=\"robots\" content=\"index, follow, max-snippet:-1, max-image-preview:large, max-video-preview:-1\" \/>\n<link rel=\"canonical\" href=\"https:\/\/petproducts.com.cn\/fr\/produit\/pet-car-seat-carrier-wholesale-pet-dog-carrier-for-car\/\" \/>\n<meta property=\"og:locale\" content=\"fr_FR\" \/>\n<meta property=\"og:type\" content=\"article\" \/>\n<meta property=\"og:title\" content=\"pet car seat carrier | Wholesale Pet Dog Carrier For Cat - Petstar\" \/>\n<meta property=\"og:description\" content=\"Explore pet car carriers, pet car seat carrier, dog carrier for car from the manufacturer. Your ideal business solution with Petstar.\" \/>\n<meta property=\"og:url\" content=\"https:\/\/petproducts.com.cn\/fr\/produit\/pet-car-seat-carrier-wholesale-pet-dog-carrier-for-car\/\" \/>\n<meta property=\"og:site_name\" content=\"Petstar\" \/>\n<meta property=\"article:modified_time\" content=\"2024-04-16T08:31:16+00:00\" \/>\n<meta property=\"og:image\" content=\"https:\/\/petproducts.com.cn\/wp-content\/uploads\/2024\/04\/pet-car-seat-carrier.webp\" \/>\n\t<meta property=\"og:image:width\" content=\"1000\" \/>\n\t<meta property=\"og:image:height\" content=\"1000\" \/>\n\t<meta property=\"og:image:type\" content=\"image\/webp\" \/>\n<meta name=\"twitter:card\" content=\"summary_large_image\" \/>\n<meta name=\"twitter:label1\" content=\"Dur\u00e9e de lecture estim\u00e9e\" \/>\n\t<meta name=\"twitter:data1\" content=\"1 minute\" \/>\n<script type=\"application\/ld+json\" class=\"yoast-schema-graph\">{\"@context\":\"https:\/\/schema.org\",\"@graph\":[{\"@type\":\"WebPage\",\"@id\":\"https:\/\/petproducts.com.cn\/product\/pet-car-seat-carrier-wholesale-pet-dog-carrier-for-car\/\",\"url\":\"https:\/\/petproducts.com.cn\/product\/pet-car-seat-carrier-wholesale-pet-dog-carrier-for-car\/\",\"name\":\"pet car seat carrier | Wholesale Pet Dog Carrier For Cat - Petstar\",\"isPartOf\":{\"@id\":\"https:\/\/petproducts.com.cn\/#website\"},\"primaryImageOfPage\":{\"@id\":\"https:\/\/petproducts.com.cn\/product\/pet-car-seat-carrier-wholesale-pet-dog-carrier-for-car\/#primaryimage\"},\"image\":{\"@id\":\"https:\/\/petproducts.com.cn\/product\/pet-car-seat-carrier-wholesale-pet-dog-carrier-for-car\/#primaryimage\"},\"thumbnailUrl\":\"https:\/\/petproducts.com.cn\/wp-content\/uploads\/2024\/04\/pet-car-seat-carrier.webp\",\"datePublished\":\"2024-04-16T08:17:44+00:00\",\"dateModified\":\"2024-04-16T08:31:16+00:00\",\"description\":\"Explore pet car carriers, pet car seat carrier, dog carrier for car from the manufacturer. Your ideal business solution with Petstar.\",\"breadcrumb\":{\"@id\":\"https:\/\/petproducts.com.cn\/product\/pet-car-seat-carrier-wholesale-pet-dog-carrier-for-car\/#breadcrumb\"},\"inLanguage\":\"fr-FR\",\"potentialAction\":[{\"@type\":\"ReadAction\",\"target\":[\"https:\/\/petproducts.com.cn\/product\/pet-car-seat-carrier-wholesale-pet-dog-carrier-for-car\/\"]}]},{\"@type\":\"ImageObject\",\"inLanguage\":\"fr-FR\",\"@id\":\"https:\/\/petproducts.com.cn\/product\/pet-car-seat-carrier-wholesale-pet-dog-carrier-for-car\/#primaryimage\",\"url\":\"https:\/\/petproducts.com.cn\/wp-content\/uploads\/2024\/04\/pet-car-seat-carrier.webp\",\"contentUrl\":\"https:\/\/petproducts.com.cn\/wp-content\/uploads\/2024\/04\/pet-car-seat-carrier.webp\",\"width\":1000,\"height\":1000,\"caption\":\"pet car seat carrier\"},{\"@type\":\"BreadcrumbList\",\"@id\":\"https:\/\/petproducts.com.cn\/product\/pet-car-seat-carrier-wholesale-pet-dog-carrier-for-car\/#breadcrumb\",\"itemListElement\":[{\"@type\":\"ListItem\",\"position\":1,\"name\":\"HOME\",\"item\":\"https:\/\/petproducts.com.cn\/\"},{\"@type\":\"ListItem\",\"position\":2,\"name\":\"Products\",\"item\":\"https:\/\/petproducts.com.cn\/shop\/\"},{\"@type\":\"ListItem\",\"position\":3,\"name\":\"Dog Carriers &amp; Car Supplies\",\"item\":\"https:\/\/petproducts.com.cn\/product-category\/dog-carriers-car-supplies\/\"},{\"@type\":\"ListItem\",\"position\":4,\"name\":\"Pet Car Seat Carrier Wholesale Pet Dog Carrier For Car\"}]},{\"@type\":\"WebSite\",\"@id\":\"https:\/\/petproducts.com.cn\/#website\",\"url\":\"https:\/\/petproducts.com.cn\/\",\"name\":\"Petstar\",\"description\":\"Leading Pet Supplies Manufacturer &amp; OEM Pet Products Supplier\",\"publisher\":{\"@id\":\"https:\/\/petproducts.com.cn\/#organization\"},\"alternateName\":\"Petstar Pet Supplies\",\"potentialAction\":[{\"@type\":\"SearchAction\",\"target\":{\"@type\":\"EntryPoint\",\"urlTemplate\":\"https:\/\/petproducts.com.cn\/?s={search_term_string}\"},\"query-input\":{\"@type\":\"PropertyValueSpecification\",\"valueRequired\":true,\"valueName\":\"search_term_string\"}}],\"inLanguage\":\"fr-FR\"},{\"@type\":\"Organization\",\"@id\":\"https:\/\/petproducts.com.cn\/#organization\",\"name\":\"Petstar\",\"url\":\"https:\/\/petproducts.com.cn\/\",\"logo\":{\"@type\":\"ImageObject\",\"inLanguage\":\"fr-FR\",\"@id\":\"https:\/\/petproducts.com.cn\/#\/schema\/logo\/image\/\",\"url\":\"https:\/\/petproducts.com.cn\/wp-content\/uploads\/2020\/02\/petstar-logo.webp\",\"contentUrl\":\"https:\/\/petproducts.com.cn\/wp-content\/uploads\/2020\/02\/petstar-logo.webp\",\"width\":779,\"height\":520,\"caption\":\"Petstar\"},\"image\":{\"@id\":\"https:\/\/petproducts.com.cn\/#\/schema\/logo\/image\/\"}}]}<\/script>\n<!-- \/ Yoast SEO plugin. -->","yoast_head_json":{"title":"Sac de transport pour si\u00e8ge de voiture | Wholesale Pet Dog Carrier For Cat - Petstar","description":"D\u00e9couvrez les porte-b\u00e9b\u00e9s pour animaux de compagnie, les porte-b\u00e9b\u00e9s pour si\u00e8ges de voiture pour animaux de compagnie, les porte-b\u00e9b\u00e9s pour chiens de voiture du fabricant. Votre solution commerciale id\u00e9ale avec Petstar.","robots":{"index":"index","follow":"follow","max-snippet":"max-snippet:-1","max-image-preview":"max-image-preview:large","max-video-preview":"max-video-preview:-1"},"canonical":"https:\/\/petproducts.com.cn\/fr\/produit\/pet-car-seat-carrier-wholesale-pet-dog-carrier-for-car\/","og_locale":"fr_FR","og_type":"article","og_title":"pet car seat carrier | Wholesale Pet Dog Carrier For Cat - Petstar","og_description":"Explore pet car carriers, pet car seat carrier, dog carrier for car from the manufacturer. Your ideal business solution with Petstar.","og_url":"https:\/\/petproducts.com.cn\/fr\/produit\/pet-car-seat-carrier-wholesale-pet-dog-carrier-for-car\/","og_site_name":"Petstar","article_modified_time":"2024-04-16T08:31:16+00:00","og_image":[{"width":1000,"height":1000,"url":"https:\/\/petproducts.com.cn\/wp-content\/uploads\/2024\/04\/pet-car-seat-carrier.webp","type":"image\/webp"}],"twitter_card":"summary_large_image","twitter_misc":{"Dur\u00e9e de lecture estim\u00e9e":"1 minute"},"schema":{"@context":"https:\/\/schema.org","@graph":[{"@type":"WebPage","@id":"https:\/\/petproducts.com.cn\/product\/pet-car-seat-carrier-wholesale-pet-dog-carrier-for-car\/","url":"https:\/\/petproducts.com.cn\/product\/pet-car-seat-carrier-wholesale-pet-dog-carrier-for-car\/","name":"Sac de transport pour si\u00e8ge de voiture | Wholesale Pet Dog Carrier For Cat - Petstar","isPartOf":{"@id":"https:\/\/petproducts.com.cn\/#website"},"primaryImageOfPage":{"@id":"https:\/\/petproducts.com.cn\/product\/pet-car-seat-carrier-wholesale-pet-dog-carrier-for-car\/#primaryimage"},"image":{"@id":"https:\/\/petproducts.com.cn\/product\/pet-car-seat-carrier-wholesale-pet-dog-carrier-for-car\/#primaryimage"},"thumbnailUrl":"https:\/\/petproducts.com.cn\/wp-content\/uploads\/2024\/04\/pet-car-seat-carrier.webp","datePublished":"2024-04-16T08:17:44+00:00","dateModified":"2024-04-16T08:31:16+00:00","description":"D\u00e9couvrez les porte-b\u00e9b\u00e9s pour animaux de compagnie, les porte-b\u00e9b\u00e9s pour si\u00e8ges de voiture pour animaux de compagnie, les porte-b\u00e9b\u00e9s pour chiens de voiture du fabricant. Votre solution commerciale id\u00e9ale avec Petstar.","breadcrumb":{"@id":"https:\/\/petproducts.com.cn\/product\/pet-car-seat-carrier-wholesale-pet-dog-carrier-for-car\/#breadcrumb"},"inLanguage":"fr-FR","potentialAction":[{"@type":"ReadAction","target":["https:\/\/petproducts.com.cn\/product\/pet-car-seat-carrier-wholesale-pet-dog-carrier-for-car\/"]}]},{"@type":"ImageObject","inLanguage":"fr-FR","@id":"https:\/\/petproducts.com.cn\/product\/pet-car-seat-carrier-wholesale-pet-dog-carrier-for-car\/#primaryimage","url":"https:\/\/petproducts.com.cn\/wp-content\/uploads\/2024\/04\/pet-car-seat-carrier.webp","contentUrl":"https:\/\/petproducts.com.cn\/wp-content\/uploads\/2024\/04\/pet-car-seat-carrier.webp","width":1000,"height":1000,"caption":"pet car seat carrier"},{"@type":"BreadcrumbList","@id":"https:\/\/petproducts.com.cn\/product\/pet-car-seat-carrier-wholesale-pet-dog-carrier-for-car\/#breadcrumb","itemListElement":[{"@type":"ListItem","position":1,"name":"HOME","item":"https:\/\/petproducts.com.cn\/"},{"@type":"ListItem","position":2,"name":"Products","item":"https:\/\/petproducts.com.cn\/shop\/"},{"@type":"ListItem","position":3,"name":"Dog Carriers &amp; Car Supplies","item":"https:\/\/petproducts.com.cn\/product-category\/dog-carriers-car-supplies\/"},{"@type":"ListItem","position":4,"name":"Pet Car Seat Carrier Wholesale Pet Dog Carrier For Car"}]},{"@type":"WebSite","@id":"https:\/\/petproducts.com.cn\/#website","url":"https:\/\/petproducts.com.cn\/","name":"Petstar","description":"Fabricant leader de fournitures pour animaux de compagnie et fournisseur OEM de produits pour animaux de compagnie","publisher":{"@id":"https:\/\/petproducts.com.cn\/#organization"},"alternateName":"Petstar Pet Supplies","potentialAction":[{"@type":"SearchAction","target":{"@type":"EntryPoint","urlTemplate":"https:\/\/petproducts.com.cn\/?s={search_term_string}"},"query-input":{"@type":"PropertyValueSpecification","valueRequired":true,"valueName":"search_term_string"}}],"inLanguage":"fr-FR"},{"@type":"Organization","@id":"https:\/\/petproducts.com.cn\/#organization","name":"Petstar","url":"https:\/\/petproducts.com.cn\/","logo":{"@type":"ImageObject","inLanguage":"fr-FR","@id":"https:\/\/petproducts.com.cn\/#\/schema\/logo\/image\/","url":"https:\/\/petproducts.com.cn\/wp-content\/uploads\/2020\/02\/petstar-logo.webp","contentUrl":"https:\/\/petproducts.com.cn\/wp-content\/uploads\/2020\/02\/petstar-logo.webp","width":779,"height":520,"caption":"Petstar"},"image":{"@id":"https:\/\/petproducts.com.cn\/#\/schema\/logo\/image\/"}}]}},"_links":{"self":[{"href":"https:\/\/petproducts.com.cn\/fr\/wp-json\/wp\/v2\/product\/22176","targetHints":{"allow":["GET"]}}],"collection":[{"href":"https:\/\/petproducts.com.cn\/fr\/wp-json\/wp\/v2\/product"}],"about":[{"href":"https:\/\/petproducts.com.cn\/fr\/wp-json\/wp\/v2\/types\/product"}],"version-history":[{"count":1,"href":"https:\/\/petproducts.com.cn\/fr\/wp-json\/wp\/v2\/product\/22176\/revisions"}],"predecessor-version":[{"id":22183,"href":"https:\/\/petproducts.com.cn\/fr\/wp-json\/wp\/v2\/product\/22176\/revisions\/22183"}],"wp:featuredmedia":[{"embeddable":true,"href":"https:\/\/petproducts.com.cn\/fr\/wp-json\/wp\/v2\/media\/22180"}],"wp:attachment":[{"href":"https:\/\/petproducts.com.cn\/fr\/wp-json\/wp\/v2\/media?parent=22176"}],"wp:term":[{"taxonomy":"product_brand","embeddable":true,"href":"https:\/\/petproducts.com.cn\/fr\/wp-json\/wp\/v2\/product_brand?post=22176"},{"taxonomy":"product_cat","embeddable":true,"href":"https:\/\/petproducts.com.cn\/fr\/wp-json\/wp\/v2\/product_cat?post=22176"},{"taxonomy":"product_tag","embeddable":true,"href":"https:\/\/petproducts.com.cn\/fr\/wp-json\/wp\/v2\/product_tag?post=22176"}],"curies":[{"name":"wp","href":"https:\/\/api.w.org\/{rel}","templated":true}]}}