{"id":22328,"date":"2024-04-19T05:20:44","date_gmt":"2024-04-19T05:20:44","guid":{"rendered":"https:\/\/petproducts.com.cn\/?post_type=product&#038;p=22328"},"modified":"2024-08-23T01:28:18","modified_gmt":"2024-08-23T01:28:18","slug":"dog-rope-leash-outside-long-dog-leash","status":"publish","type":"product","link":"https:\/\/petproducts.com.cn\/fr\/product\/dog-rope-leash-outside-long-dog-leash\/","title":{"rendered":"Laisse de corde pour chien Ext\u00e9rieur Laisse longue pour chien"},"content":{"rendered":"<h2>Caract\u00e9ristiques de la laisse en corde pour chien<\/h2>\n<ol>\n<li><strong>Mat\u00e9riaux de qualit\u00e9 sup\u00e9rieure<\/strong>: Fabriqu\u00e9e \u00e0 partir de PU de haute qualit\u00e9 et de sangles en faux coton, notre laisse en corde pour chien offre \u00e0 la fois durabilit\u00e9 et douceur, garantissant une tenue confortable et fiable pour vous et votre animal de compagnie lors des promenades et des aventures en plein air.<\/li>\n<li><strong>Durable et flexible<\/strong>: Con\u00e7ue pour r\u00e9sister aux rigueurs de l'utilisation en ext\u00e9rieur, notre laisse en corde pour animaux de compagnie est exceptionnellement durable tout en \u00e9tant flexible, offrant \u00e0 votre animal une libert\u00e9 de mouvement tout en maintenant le contr\u00f4le et la s\u00e9curit\u00e9.<\/li>\n<li><strong>Parfait pour les activit\u00e9s de plein air<\/strong>: Qu'il s'agisse d'une randonn\u00e9e en montagne ou d'une promenade dans un parc, notre laisse est parfaite pour les activit\u00e9s de plein air. Elle offre la r\u00e9sistance et la polyvalence n\u00e9cessaires pour s'adapter \u00e0 tous les terrains et \u00e0 toutes les situations.<\/li>\n<li><strong>Disponible en plusieurs tailles<\/strong>: Pour convenir aux chiens de toutes races et de toutes tailles, notre laisse est disponible en plusieurs tailles, garantissant un ajustement parfait \u00e0 votre ami \u00e0 fourrure, qu'il soit de petite ou de grande race.<\/li>\n<li><strong>Poign\u00e9e confortable<\/strong>: Dot\u00e9e d'une poign\u00e9e confortable, notre laisse permet des promenades prolong\u00e9es sans causer d'inconfort ou de tension dans les mains, garantissant une exp\u00e9rience agr\u00e9able pour vous et votre animal de compagnie.<\/li>\n<li><strong>\u00c9l\u00e9gant et fonctionnel<\/strong>: Avec son design \u00e9l\u00e9gant et sa fonctionnalit\u00e9 pratique, notre laisse longue pour chien allie style et performance, ce qui en fait l'accessoire parfait pour vous et votre animal de compagnie.<\/li>\n<\/ol>","protected":false},"excerpt":{"rendered":"<p>Nous sommes un fabricant de colliers, laisses et harnais pour animaux de compagnie avec plus de 20 ans d'exp\u00e9rience. Nous offrons des options de personnalisation pour la couleur, la taille, le tissu, le motif, le logo et d'autres caract\u00e9ristiques.<\/p>","protected":false},"featured_media":22332,"template":"","meta":{"_acf_changed":false},"product_brand":[],"product_cat":[124,72],"product_tag":[213],"class_list":{"0":"post-22328","1":"product","2":"type-product","3":"status-publish","4":"has-post-thumbnail","6":"product_cat-dog-collars-leashes-harnesses","7":"product_cat-dog-supplies","8":"product_tag-pet-leashes","10":"first","11":"instock","12":"shipping-taxable","13":"product-type-simple"},"acf":[],"yoast_head":"<!-- This site is optimized with the Yoast SEO plugin v27.1.1 - https:\/\/yoast.com\/product\/yoast-seo-wordpress\/ -->\n<title>Dog Rope Leash | Long Dog Leash Factory - Petstar<\/title>\n<meta name=\"description\" content=\"Explore dog rope leash, long dog leash, outside dog leash from the manufacturer. Your ideal business solution with Petstar.\" \/>\n<meta name=\"robots\" content=\"index, follow, max-snippet:-1, max-image-preview:large, max-video-preview:-1\" \/>\n<link rel=\"canonical\" href=\"https:\/\/petproducts.com.cn\/fr\/produit\/dog-rope-leash-outside-long-dog-leash\/\" \/>\n<meta property=\"og:locale\" content=\"fr_FR\" \/>\n<meta property=\"og:type\" content=\"article\" \/>\n<meta property=\"og:title\" content=\"Dog Rope Leash | Long Dog Leash Factory - Petstar\" \/>\n<meta property=\"og:description\" content=\"Explore dog rope leash, long dog leash, outside dog leash from the manufacturer. Your ideal business solution with Petstar.\" \/>\n<meta property=\"og:url\" content=\"https:\/\/petproducts.com.cn\/fr\/produit\/dog-rope-leash-outside-long-dog-leash\/\" \/>\n<meta property=\"og:site_name\" content=\"Petstar\" \/>\n<meta property=\"article:modified_time\" content=\"2024-08-23T01:28:18+00:00\" \/>\n<meta property=\"og:image\" content=\"https:\/\/petproducts.com.cn\/wp-content\/uploads\/2024\/04\/Dog-Rope-Leash.webp\" \/>\n\t<meta property=\"og:image:width\" content=\"1000\" \/>\n\t<meta property=\"og:image:height\" content=\"1000\" \/>\n\t<meta property=\"og:image:type\" content=\"image\/webp\" \/>\n<meta name=\"twitter:card\" content=\"summary_large_image\" \/>\n<meta name=\"twitter:label1\" content=\"Dur\u00e9e de lecture estim\u00e9e\" \/>\n\t<meta name=\"twitter:data1\" content=\"1 minute\" \/>\n<script type=\"application\/ld+json\" class=\"yoast-schema-graph\">{\"@context\":\"https:\/\/schema.org\",\"@graph\":[{\"@type\":\"WebPage\",\"@id\":\"https:\/\/petproducts.com.cn\/product\/dog-rope-leash-outside-long-dog-leash\/\",\"url\":\"https:\/\/petproducts.com.cn\/product\/dog-rope-leash-outside-long-dog-leash\/\",\"name\":\"Dog Rope Leash | Long Dog Leash Factory - Petstar\",\"isPartOf\":{\"@id\":\"https:\/\/petproducts.com.cn\/#website\"},\"primaryImageOfPage\":{\"@id\":\"https:\/\/petproducts.com.cn\/product\/dog-rope-leash-outside-long-dog-leash\/#primaryimage\"},\"image\":{\"@id\":\"https:\/\/petproducts.com.cn\/product\/dog-rope-leash-outside-long-dog-leash\/#primaryimage\"},\"thumbnailUrl\":\"https:\/\/petproducts.com.cn\/wp-content\/uploads\/2024\/04\/Dog-Rope-Leash.webp\",\"datePublished\":\"2024-04-19T05:20:44+00:00\",\"dateModified\":\"2024-08-23T01:28:18+00:00\",\"description\":\"Explore dog rope leash, long dog leash, outside dog leash from the manufacturer. Your ideal business solution with Petstar.\",\"breadcrumb\":{\"@id\":\"https:\/\/petproducts.com.cn\/product\/dog-rope-leash-outside-long-dog-leash\/#breadcrumb\"},\"inLanguage\":\"fr-FR\",\"potentialAction\":[{\"@type\":\"ReadAction\",\"target\":[\"https:\/\/petproducts.com.cn\/product\/dog-rope-leash-outside-long-dog-leash\/\"]}]},{\"@type\":\"ImageObject\",\"inLanguage\":\"fr-FR\",\"@id\":\"https:\/\/petproducts.com.cn\/product\/dog-rope-leash-outside-long-dog-leash\/#primaryimage\",\"url\":\"https:\/\/petproducts.com.cn\/wp-content\/uploads\/2024\/04\/Dog-Rope-Leash.webp\",\"contentUrl\":\"https:\/\/petproducts.com.cn\/wp-content\/uploads\/2024\/04\/Dog-Rope-Leash.webp\",\"width\":1000,\"height\":1000,\"caption\":\"Dog Rope Leash\"},{\"@type\":\"BreadcrumbList\",\"@id\":\"https:\/\/petproducts.com.cn\/product\/dog-rope-leash-outside-long-dog-leash\/#breadcrumb\",\"itemListElement\":[{\"@type\":\"ListItem\",\"position\":1,\"name\":\"HOME\",\"item\":\"https:\/\/petproducts.com.cn\/\"},{\"@type\":\"ListItem\",\"position\":2,\"name\":\"Products\",\"item\":\"https:\/\/petproducts.com.cn\/shop\/\"},{\"@type\":\"ListItem\",\"position\":3,\"name\":\"Dog Collars, Leashes &amp; Harnesses\",\"item\":\"https:\/\/petproducts.com.cn\/product-category\/dog-collars-leashes-harnesses\/\"},{\"@type\":\"ListItem\",\"position\":4,\"name\":\"Dog Rope Leash Outside Long Dog Leash\"}]},{\"@type\":\"WebSite\",\"@id\":\"https:\/\/petproducts.com.cn\/#website\",\"url\":\"https:\/\/petproducts.com.cn\/\",\"name\":\"Petstar\",\"description\":\"Leading Pet Supplies Manufacturer &amp; OEM Pet Products Supplier\",\"publisher\":{\"@id\":\"https:\/\/petproducts.com.cn\/#organization\"},\"alternateName\":\"Petstar Pet Supplies\",\"potentialAction\":[{\"@type\":\"SearchAction\",\"target\":{\"@type\":\"EntryPoint\",\"urlTemplate\":\"https:\/\/petproducts.com.cn\/?s={search_term_string}\"},\"query-input\":{\"@type\":\"PropertyValueSpecification\",\"valueRequired\":true,\"valueName\":\"search_term_string\"}}],\"inLanguage\":\"fr-FR\"},{\"@type\":\"Organization\",\"@id\":\"https:\/\/petproducts.com.cn\/#organization\",\"name\":\"Petstar\",\"url\":\"https:\/\/petproducts.com.cn\/\",\"logo\":{\"@type\":\"ImageObject\",\"inLanguage\":\"fr-FR\",\"@id\":\"https:\/\/petproducts.com.cn\/#\/schema\/logo\/image\/\",\"url\":\"https:\/\/petproducts.com.cn\/wp-content\/uploads\/2020\/02\/petstar-logo.webp\",\"contentUrl\":\"https:\/\/petproducts.com.cn\/wp-content\/uploads\/2020\/02\/petstar-logo.webp\",\"width\":779,\"height\":520,\"caption\":\"Petstar\"},\"image\":{\"@id\":\"https:\/\/petproducts.com.cn\/#\/schema\/logo\/image\/\"}}]}<\/script>\n<!-- \/ Yoast SEO plugin. -->","yoast_head_json":{"title":"Laisse pour chien en corde | Laisse longue pour chien Factory - Petstar","description":"D\u00e9couvrez la laisse en corde pour chien, la longue laisse pour chien, la laisse ext\u00e9rieure pour chien du fabricant. Votre solution commerciale id\u00e9ale avec Petstar.","robots":{"index":"index","follow":"follow","max-snippet":"max-snippet:-1","max-image-preview":"max-image-preview:large","max-video-preview":"max-video-preview:-1"},"canonical":"https:\/\/petproducts.com.cn\/fr\/produit\/dog-rope-leash-outside-long-dog-leash\/","og_locale":"fr_FR","og_type":"article","og_title":"Dog Rope Leash | Long Dog Leash Factory - Petstar","og_description":"Explore dog rope leash, long dog leash, outside dog leash from the manufacturer. Your ideal business solution with Petstar.","og_url":"https:\/\/petproducts.com.cn\/fr\/produit\/dog-rope-leash-outside-long-dog-leash\/","og_site_name":"Petstar","article_modified_time":"2024-08-23T01:28:18+00:00","og_image":[{"width":1000,"height":1000,"url":"https:\/\/petproducts.com.cn\/wp-content\/uploads\/2024\/04\/Dog-Rope-Leash.webp","type":"image\/webp"}],"twitter_card":"summary_large_image","twitter_misc":{"Dur\u00e9e de lecture estim\u00e9e":"1 minute"},"schema":{"@context":"https:\/\/schema.org","@graph":[{"@type":"WebPage","@id":"https:\/\/petproducts.com.cn\/product\/dog-rope-leash-outside-long-dog-leash\/","url":"https:\/\/petproducts.com.cn\/product\/dog-rope-leash-outside-long-dog-leash\/","name":"Laisse pour chien en corde | Laisse longue pour chien Factory - Petstar","isPartOf":{"@id":"https:\/\/petproducts.com.cn\/#website"},"primaryImageOfPage":{"@id":"https:\/\/petproducts.com.cn\/product\/dog-rope-leash-outside-long-dog-leash\/#primaryimage"},"image":{"@id":"https:\/\/petproducts.com.cn\/product\/dog-rope-leash-outside-long-dog-leash\/#primaryimage"},"thumbnailUrl":"https:\/\/petproducts.com.cn\/wp-content\/uploads\/2024\/04\/Dog-Rope-Leash.webp","datePublished":"2024-04-19T05:20:44+00:00","dateModified":"2024-08-23T01:28:18+00:00","description":"D\u00e9couvrez la laisse en corde pour chien, la longue laisse pour chien, la laisse ext\u00e9rieure pour chien du fabricant. Votre solution commerciale id\u00e9ale avec Petstar.","breadcrumb":{"@id":"https:\/\/petproducts.com.cn\/product\/dog-rope-leash-outside-long-dog-leash\/#breadcrumb"},"inLanguage":"fr-FR","potentialAction":[{"@type":"ReadAction","target":["https:\/\/petproducts.com.cn\/product\/dog-rope-leash-outside-long-dog-leash\/"]}]},{"@type":"ImageObject","inLanguage":"fr-FR","@id":"https:\/\/petproducts.com.cn\/product\/dog-rope-leash-outside-long-dog-leash\/#primaryimage","url":"https:\/\/petproducts.com.cn\/wp-content\/uploads\/2024\/04\/Dog-Rope-Leash.webp","contentUrl":"https:\/\/petproducts.com.cn\/wp-content\/uploads\/2024\/04\/Dog-Rope-Leash.webp","width":1000,"height":1000,"caption":"Dog Rope Leash"},{"@type":"BreadcrumbList","@id":"https:\/\/petproducts.com.cn\/product\/dog-rope-leash-outside-long-dog-leash\/#breadcrumb","itemListElement":[{"@type":"ListItem","position":1,"name":"HOME","item":"https:\/\/petproducts.com.cn\/"},{"@type":"ListItem","position":2,"name":"Products","item":"https:\/\/petproducts.com.cn\/shop\/"},{"@type":"ListItem","position":3,"name":"Dog Collars, Leashes &amp; Harnesses","item":"https:\/\/petproducts.com.cn\/product-category\/dog-collars-leashes-harnesses\/"},{"@type":"ListItem","position":4,"name":"Dog Rope Leash Outside Long Dog Leash"}]},{"@type":"WebSite","@id":"https:\/\/petproducts.com.cn\/#website","url":"https:\/\/petproducts.com.cn\/","name":"Petstar","description":"Fabricant leader de fournitures pour animaux de compagnie et fournisseur OEM de produits pour animaux de compagnie","publisher":{"@id":"https:\/\/petproducts.com.cn\/#organization"},"alternateName":"Petstar Pet Supplies","potentialAction":[{"@type":"SearchAction","target":{"@type":"EntryPoint","urlTemplate":"https:\/\/petproducts.com.cn\/?s={search_term_string}"},"query-input":{"@type":"PropertyValueSpecification","valueRequired":true,"valueName":"search_term_string"}}],"inLanguage":"fr-FR"},{"@type":"Organization","@id":"https:\/\/petproducts.com.cn\/#organization","name":"Petstar","url":"https:\/\/petproducts.com.cn\/","logo":{"@type":"ImageObject","inLanguage":"fr-FR","@id":"https:\/\/petproducts.com.cn\/#\/schema\/logo\/image\/","url":"https:\/\/petproducts.com.cn\/wp-content\/uploads\/2020\/02\/petstar-logo.webp","contentUrl":"https:\/\/petproducts.com.cn\/wp-content\/uploads\/2020\/02\/petstar-logo.webp","width":779,"height":520,"caption":"Petstar"},"image":{"@id":"https:\/\/petproducts.com.cn\/#\/schema\/logo\/image\/"}}]}},"_links":{"self":[{"href":"https:\/\/petproducts.com.cn\/fr\/wp-json\/wp\/v2\/product\/22328","targetHints":{"allow":["GET"]}}],"collection":[{"href":"https:\/\/petproducts.com.cn\/fr\/wp-json\/wp\/v2\/product"}],"about":[{"href":"https:\/\/petproducts.com.cn\/fr\/wp-json\/wp\/v2\/types\/product"}],"version-history":[{"count":2,"href":"https:\/\/petproducts.com.cn\/fr\/wp-json\/wp\/v2\/product\/22328\/revisions"}],"predecessor-version":[{"id":22336,"href":"https:\/\/petproducts.com.cn\/fr\/wp-json\/wp\/v2\/product\/22328\/revisions\/22336"}],"wp:featuredmedia":[{"embeddable":true,"href":"https:\/\/petproducts.com.cn\/fr\/wp-json\/wp\/v2\/media\/22332"}],"wp:attachment":[{"href":"https:\/\/petproducts.com.cn\/fr\/wp-json\/wp\/v2\/media?parent=22328"}],"wp:term":[{"taxonomy":"product_brand","embeddable":true,"href":"https:\/\/petproducts.com.cn\/fr\/wp-json\/wp\/v2\/product_brand?post=22328"},{"taxonomy":"product_cat","embeddable":true,"href":"https:\/\/petproducts.com.cn\/fr\/wp-json\/wp\/v2\/product_cat?post=22328"},{"taxonomy":"product_tag","embeddable":true,"href":"https:\/\/petproducts.com.cn\/fr\/wp-json\/wp\/v2\/product_tag?post=22328"}],"curies":[{"name":"wp","href":"https:\/\/api.w.org\/{rel}","templated":true}]}}