{"id":22441,"date":"2024-04-22T07:19:32","date_gmt":"2024-04-22T07:19:32","guid":{"rendered":"https:\/\/petproducts.com.cn\/?post_type=product&#038;p=22441"},"modified":"2024-07-15T06:26:32","modified_gmt":"2024-07-15T06:26:32","slug":"sourcing-dog-feeding-bowl-grey-speckled","status":"publish","type":"product","link":"https:\/\/petproducts.com.cn\/fr\/product\/sourcing-dog-feeding-bowl-grey-speckled\/","title":{"rendered":"Sourcing Gamelle pour Chien Gris Mouchet\u00e9"},"content":{"rendered":"<p>Les gamelles personnalisables en gris sont sp\u00e9cialement con\u00e7ues pour les grossistes, les personnalisateurs et les designers. Nous r\u00e9pondons \u00e0 vos besoins, qu'il s'agisse d'un \u00e9chantillonnage, d'une production personnalis\u00e9e ou d'une commande en gros. Les gamelles pour chiens personnalisables offrent une grande vari\u00e9t\u00e9 d'options, y compris diff\u00e9rents mat\u00e9riaux (silicone, c\u00e9ramique), des configurations de gamelles pour chats simples ou doubles, et des caract\u00e9ristiques telles que l'alimentation lente ou la conception sur\u00e9lev\u00e9e.<\/p>\n<h3>Gamelle pour chien personnalisable grise :<\/h3>\n<ol>\n<li><strong>Options de personnalisation :<\/strong>Nous offrons des options de personnalisation flexibles pour r\u00e9pondre aux besoins individuels des clients et aux exigences de la marque, garantissant ainsi une solution sur mesure pour diff\u00e9rentes marques et diff\u00e9rents march\u00e9s.<\/li>\n<li><strong>Vari\u00e9t\u00e9 de mat\u00e9riaux :<\/strong> Nos bols personnalisables pour animaux de compagnie sont fabriqu\u00e9s dans diff\u00e9rents mat\u00e9riaux, notamment en silicone et en c\u00e9ramique de haute qualit\u00e9, ce qui garantit leur durabilit\u00e9 et leur s\u00e9curit\u00e9.<\/li>\n<li><strong>Avantages pour les grossistes :<\/strong> En tant que fabricants directs, nous proposons des prix de gros comp\u00e9titifs et des quantit\u00e9s de commande flexibles, ce qui facilite la gestion des stocks et des co\u00fbts.<\/li>\n<li><strong>Services d'\u00e9chantillonnage et de conception :<\/strong> Nous proposons des services d'\u00e9chantillonnage et de conception pour aider nos clients \u00e0 concr\u00e9tiser leurs concepts et id\u00e9es de produits uniques, en veillant \u00e0 ce que les bols pour animaux de compagnie personnalisables correspondent \u00e0 leur image de marque et \u00e0 leur positionnement sur le march\u00e9.<\/li>\n<li><strong>Assurance qualit\u00e9:<\/strong> Gr\u00e2ce \u00e0 des normes de contr\u00f4le de la qualit\u00e9 et \u00e0 des processus de production rigoureux, nous veillons \u00e0 ce que chaque gamelle personnalisable pour animaux de compagnie r\u00e9ponde aux normes de qualit\u00e9 les plus strictes, offrant ainsi aux clients une garantie de produit fiable.<\/li>\n<\/ol>\n<h3>Avantages :<\/h3>\n<ul>\n<li>Des options de personnalisation flexibles pour r\u00e9pondre aux diff\u00e9rents besoins des clients et du march\u00e9.<\/li>\n<li>Divers choix de mat\u00e9riaux garantissent la durabilit\u00e9 et la s\u00e9curit\u00e9.<\/li>\n<li>Des prix de gros comp\u00e9titifs et des quantit\u00e9s de commande flexibles offrent des marges b\u00e9n\u00e9ficiaires plus importantes aux clients.<\/li>\n<li>Les services d'\u00e9chantillonnage et de conception aident les clients \u00e0 donner vie \u00e0 leurs concepts de produits uniques.<\/li>\n<li>Des normes strictes de contr\u00f4le de la qualit\u00e9 et des processus de production garantissent la fiabilit\u00e9 de la qualit\u00e9 des produits.<\/li>\n<\/ul>\n<p>Choisissez nos gamelles personnalisables pour diff\u00e9rencier vos produits, r\u00e9pondre aux besoins de vos clients et cr\u00e9er une plus grande valeur commerciale.<\/p>\n<p>&nbsp;<\/p>","protected":false},"excerpt":{"rendered":"<p>Nous sommes un fabricant de mangeoires pour animaux de compagnie avec plus de 20 ans d'exp\u00e9rience. Nous offrons des options de personnalisation pour la couleur, la taille, le tissu, le motif, le logo et d'autres caract\u00e9ristiques.<\/p>","protected":false},"featured_media":22442,"template":"","meta":{"_acf_changed":false},"product_brand":[],"product_cat":[134,71,127,72],"product_tag":[169,167],"class_list":{"0":"post-22441","1":"product","2":"type-product","3":"status-publish","4":"has-post-thumbnail","6":"product_cat-cat-feeding-watering-supplies","7":"product_cat-cat-supplies","8":"product_cat-dog-feeding-watering-supplies","9":"product_cat-dog-supplies","10":"product_tag-ceramic-pet-bowls","11":"product_tag-pet-bowls","13":"first","14":"instock","15":"shipping-taxable","16":"product-type-simple"},"acf":[],"yoast_head":"<!-- This site is optimized with the Yoast SEO plugin v27.1.1 - https:\/\/yoast.com\/product\/yoast-seo-wordpress\/ -->\n<title>Customizable dog bowl grey - Petstar<\/title>\n<meta name=\"description\" content=\"Explore Petstar large stoneware dog bowl grey- Mass Production And Customization Options Available.We Are A Leading Global One-Stop Pet Supplies Supplier.\" \/>\n<meta name=\"robots\" content=\"index, follow, max-snippet:-1, max-image-preview:large, max-video-preview:-1\" \/>\n<link rel=\"canonical\" href=\"https:\/\/petproducts.com.cn\/fr\/produit\/sourcing-dog-feeding-bowl-grey-speckled\/\" \/>\n<meta property=\"og:locale\" content=\"fr_FR\" \/>\n<meta property=\"og:type\" content=\"article\" \/>\n<meta property=\"og:title\" content=\"Customizable dog bowl grey - Petstar\" \/>\n<meta property=\"og:description\" content=\"Explore Petstar large stoneware dog bowl grey- Mass Production And Customization Options Available.We Are A Leading Global One-Stop Pet Supplies Supplier.\" \/>\n<meta property=\"og:url\" content=\"https:\/\/petproducts.com.cn\/fr\/produit\/sourcing-dog-feeding-bowl-grey-speckled\/\" \/>\n<meta property=\"og:site_name\" content=\"Petstar\" \/>\n<meta property=\"article:modified_time\" content=\"2024-07-15T06:26:32+00:00\" \/>\n<meta property=\"og:image\" content=\"https:\/\/petproducts.com.cn\/wp-content\/uploads\/2024\/04\/dog-bowl-grey.webp\" \/>\n\t<meta property=\"og:image:width\" content=\"800\" \/>\n\t<meta property=\"og:image:height\" content=\"800\" \/>\n\t<meta property=\"og:image:type\" content=\"image\/webp\" \/>\n<meta name=\"twitter:card\" content=\"summary_large_image\" \/>\n<meta name=\"twitter:label1\" content=\"Dur\u00e9e de lecture estim\u00e9e\" \/>\n\t<meta name=\"twitter:data1\" content=\"2 minutes\" \/>\n<script type=\"application\/ld+json\" class=\"yoast-schema-graph\">{\"@context\":\"https:\/\/schema.org\",\"@graph\":[{\"@type\":\"WebPage\",\"@id\":\"https:\/\/petproducts.com.cn\/product\/sourcing-dog-feeding-bowl-grey-speckled\/\",\"url\":\"https:\/\/petproducts.com.cn\/product\/sourcing-dog-feeding-bowl-grey-speckled\/\",\"name\":\"Customizable dog bowl grey - Petstar\",\"isPartOf\":{\"@id\":\"https:\/\/petproducts.com.cn\/#website\"},\"primaryImageOfPage\":{\"@id\":\"https:\/\/petproducts.com.cn\/product\/sourcing-dog-feeding-bowl-grey-speckled\/#primaryimage\"},\"image\":{\"@id\":\"https:\/\/petproducts.com.cn\/product\/sourcing-dog-feeding-bowl-grey-speckled\/#primaryimage\"},\"thumbnailUrl\":\"https:\/\/petproducts.com.cn\/wp-content\/uploads\/2024\/04\/dog-bowl-grey.webp\",\"datePublished\":\"2024-04-22T07:19:32+00:00\",\"dateModified\":\"2024-07-15T06:26:32+00:00\",\"description\":\"Explore Petstar large stoneware dog bowl grey- Mass Production And Customization Options Available.We Are A Leading Global One-Stop Pet Supplies Supplier.\",\"breadcrumb\":{\"@id\":\"https:\/\/petproducts.com.cn\/product\/sourcing-dog-feeding-bowl-grey-speckled\/#breadcrumb\"},\"inLanguage\":\"fr-FR\",\"potentialAction\":[{\"@type\":\"ReadAction\",\"target\":[\"https:\/\/petproducts.com.cn\/product\/sourcing-dog-feeding-bowl-grey-speckled\/\"]}]},{\"@type\":\"ImageObject\",\"inLanguage\":\"fr-FR\",\"@id\":\"https:\/\/petproducts.com.cn\/product\/sourcing-dog-feeding-bowl-grey-speckled\/#primaryimage\",\"url\":\"https:\/\/petproducts.com.cn\/wp-content\/uploads\/2024\/04\/dog-bowl-grey.webp\",\"contentUrl\":\"https:\/\/petproducts.com.cn\/wp-content\/uploads\/2024\/04\/dog-bowl-grey.webp\",\"width\":800,\"height\":800,\"caption\":\"dog bowl grey\"},{\"@type\":\"BreadcrumbList\",\"@id\":\"https:\/\/petproducts.com.cn\/product\/sourcing-dog-feeding-bowl-grey-speckled\/#breadcrumb\",\"itemListElement\":[{\"@type\":\"ListItem\",\"position\":1,\"name\":\"HOME\",\"item\":\"https:\/\/petproducts.com.cn\/\"},{\"@type\":\"ListItem\",\"position\":2,\"name\":\"Products\",\"item\":\"https:\/\/petproducts.com.cn\/shop\/\"},{\"@type\":\"ListItem\",\"position\":3,\"name\":\"Dog Supplies\",\"item\":\"https:\/\/petproducts.com.cn\/product-category\/dog-supplies\/\"},{\"@type\":\"ListItem\",\"position\":4,\"name\":\"Sourcing Dog Feeding Bowl Grey Speckled\"}]},{\"@type\":\"WebSite\",\"@id\":\"https:\/\/petproducts.com.cn\/#website\",\"url\":\"https:\/\/petproducts.com.cn\/\",\"name\":\"Petstar\",\"description\":\"Leading Pet Supplies Manufacturer &amp; OEM Pet Products Supplier\",\"publisher\":{\"@id\":\"https:\/\/petproducts.com.cn\/#organization\"},\"alternateName\":\"Petstar Pet Supplies\",\"potentialAction\":[{\"@type\":\"SearchAction\",\"target\":{\"@type\":\"EntryPoint\",\"urlTemplate\":\"https:\/\/petproducts.com.cn\/?s={search_term_string}\"},\"query-input\":{\"@type\":\"PropertyValueSpecification\",\"valueRequired\":true,\"valueName\":\"search_term_string\"}}],\"inLanguage\":\"fr-FR\"},{\"@type\":\"Organization\",\"@id\":\"https:\/\/petproducts.com.cn\/#organization\",\"name\":\"Petstar\",\"url\":\"https:\/\/petproducts.com.cn\/\",\"logo\":{\"@type\":\"ImageObject\",\"inLanguage\":\"fr-FR\",\"@id\":\"https:\/\/petproducts.com.cn\/#\/schema\/logo\/image\/\",\"url\":\"https:\/\/petproducts.com.cn\/wp-content\/uploads\/2020\/02\/petstar-logo.webp\",\"contentUrl\":\"https:\/\/petproducts.com.cn\/wp-content\/uploads\/2020\/02\/petstar-logo.webp\",\"width\":779,\"height\":520,\"caption\":\"Petstar\"},\"image\":{\"@id\":\"https:\/\/petproducts.com.cn\/#\/schema\/logo\/image\/\"}}]}<\/script>\n<!-- \/ Yoast SEO plugin. -->","yoast_head_json":{"title":"Gamelle pour chien personnalisable grise - Petstar","description":"Explore Petstar large stoneware dog bowl grey- Mass Production and Customization Options Available.We Are A Leading Global One-Stop Pet Supplies Supplier.","robots":{"index":"index","follow":"follow","max-snippet":"max-snippet:-1","max-image-preview":"max-image-preview:large","max-video-preview":"max-video-preview:-1"},"canonical":"https:\/\/petproducts.com.cn\/fr\/produit\/sourcing-dog-feeding-bowl-grey-speckled\/","og_locale":"fr_FR","og_type":"article","og_title":"Customizable dog bowl grey - Petstar","og_description":"Explore Petstar large stoneware dog bowl grey- Mass Production And Customization Options Available.We Are A Leading Global One-Stop Pet Supplies Supplier.","og_url":"https:\/\/petproducts.com.cn\/fr\/produit\/sourcing-dog-feeding-bowl-grey-speckled\/","og_site_name":"Petstar","article_modified_time":"2024-07-15T06:26:32+00:00","og_image":[{"width":800,"height":800,"url":"https:\/\/petproducts.com.cn\/wp-content\/uploads\/2024\/04\/dog-bowl-grey.webp","type":"image\/webp"}],"twitter_card":"summary_large_image","twitter_misc":{"Dur\u00e9e de lecture estim\u00e9e":"2 minutes"},"schema":{"@context":"https:\/\/schema.org","@graph":[{"@type":"WebPage","@id":"https:\/\/petproducts.com.cn\/product\/sourcing-dog-feeding-bowl-grey-speckled\/","url":"https:\/\/petproducts.com.cn\/product\/sourcing-dog-feeding-bowl-grey-speckled\/","name":"Gamelle pour chien personnalisable grise - Petstar","isPartOf":{"@id":"https:\/\/petproducts.com.cn\/#website"},"primaryImageOfPage":{"@id":"https:\/\/petproducts.com.cn\/product\/sourcing-dog-feeding-bowl-grey-speckled\/#primaryimage"},"image":{"@id":"https:\/\/petproducts.com.cn\/product\/sourcing-dog-feeding-bowl-grey-speckled\/#primaryimage"},"thumbnailUrl":"https:\/\/petproducts.com.cn\/wp-content\/uploads\/2024\/04\/dog-bowl-grey.webp","datePublished":"2024-04-22T07:19:32+00:00","dateModified":"2024-07-15T06:26:32+00:00","description":"Explore Petstar large stoneware dog bowl grey- Mass Production and Customization Options Available.We Are A Leading Global One-Stop Pet Supplies Supplier.","breadcrumb":{"@id":"https:\/\/petproducts.com.cn\/product\/sourcing-dog-feeding-bowl-grey-speckled\/#breadcrumb"},"inLanguage":"fr-FR","potentialAction":[{"@type":"ReadAction","target":["https:\/\/petproducts.com.cn\/product\/sourcing-dog-feeding-bowl-grey-speckled\/"]}]},{"@type":"ImageObject","inLanguage":"fr-FR","@id":"https:\/\/petproducts.com.cn\/product\/sourcing-dog-feeding-bowl-grey-speckled\/#primaryimage","url":"https:\/\/petproducts.com.cn\/wp-content\/uploads\/2024\/04\/dog-bowl-grey.webp","contentUrl":"https:\/\/petproducts.com.cn\/wp-content\/uploads\/2024\/04\/dog-bowl-grey.webp","width":800,"height":800,"caption":"dog bowl grey"},{"@type":"BreadcrumbList","@id":"https:\/\/petproducts.com.cn\/product\/sourcing-dog-feeding-bowl-grey-speckled\/#breadcrumb","itemListElement":[{"@type":"ListItem","position":1,"name":"HOME","item":"https:\/\/petproducts.com.cn\/"},{"@type":"ListItem","position":2,"name":"Products","item":"https:\/\/petproducts.com.cn\/shop\/"},{"@type":"ListItem","position":3,"name":"Dog Supplies","item":"https:\/\/petproducts.com.cn\/product-category\/dog-supplies\/"},{"@type":"ListItem","position":4,"name":"Sourcing Dog Feeding Bowl Grey Speckled"}]},{"@type":"WebSite","@id":"https:\/\/petproducts.com.cn\/#website","url":"https:\/\/petproducts.com.cn\/","name":"Petstar","description":"Fabricant leader de fournitures pour animaux de compagnie et fournisseur OEM de produits pour animaux de compagnie","publisher":{"@id":"https:\/\/petproducts.com.cn\/#organization"},"alternateName":"Petstar Pet Supplies","potentialAction":[{"@type":"SearchAction","target":{"@type":"EntryPoint","urlTemplate":"https:\/\/petproducts.com.cn\/?s={search_term_string}"},"query-input":{"@type":"PropertyValueSpecification","valueRequired":true,"valueName":"search_term_string"}}],"inLanguage":"fr-FR"},{"@type":"Organization","@id":"https:\/\/petproducts.com.cn\/#organization","name":"Petstar","url":"https:\/\/petproducts.com.cn\/","logo":{"@type":"ImageObject","inLanguage":"fr-FR","@id":"https:\/\/petproducts.com.cn\/#\/schema\/logo\/image\/","url":"https:\/\/petproducts.com.cn\/wp-content\/uploads\/2020\/02\/petstar-logo.webp","contentUrl":"https:\/\/petproducts.com.cn\/wp-content\/uploads\/2020\/02\/petstar-logo.webp","width":779,"height":520,"caption":"Petstar"},"image":{"@id":"https:\/\/petproducts.com.cn\/#\/schema\/logo\/image\/"}}]}},"_links":{"self":[{"href":"https:\/\/petproducts.com.cn\/fr\/wp-json\/wp\/v2\/product\/22441","targetHints":{"allow":["GET"]}}],"collection":[{"href":"https:\/\/petproducts.com.cn\/fr\/wp-json\/wp\/v2\/product"}],"about":[{"href":"https:\/\/petproducts.com.cn\/fr\/wp-json\/wp\/v2\/types\/product"}],"version-history":[{"count":1,"href":"https:\/\/petproducts.com.cn\/fr\/wp-json\/wp\/v2\/product\/22441\/revisions"}],"predecessor-version":[{"id":22446,"href":"https:\/\/petproducts.com.cn\/fr\/wp-json\/wp\/v2\/product\/22441\/revisions\/22446"}],"wp:featuredmedia":[{"embeddable":true,"href":"https:\/\/petproducts.com.cn\/fr\/wp-json\/wp\/v2\/media\/22442"}],"wp:attachment":[{"href":"https:\/\/petproducts.com.cn\/fr\/wp-json\/wp\/v2\/media?parent=22441"}],"wp:term":[{"taxonomy":"product_brand","embeddable":true,"href":"https:\/\/petproducts.com.cn\/fr\/wp-json\/wp\/v2\/product_brand?post=22441"},{"taxonomy":"product_cat","embeddable":true,"href":"https:\/\/petproducts.com.cn\/fr\/wp-json\/wp\/v2\/product_cat?post=22441"},{"taxonomy":"product_tag","embeddable":true,"href":"https:\/\/petproducts.com.cn\/fr\/wp-json\/wp\/v2\/product_tag?post=22441"}],"curies":[{"name":"wp","href":"https:\/\/api.w.org\/{rel}","templated":true}]}}