{"id":22450,"date":"2024-04-22T07:33:08","date_gmt":"2024-04-22T07:33:08","guid":{"rendered":"https:\/\/petproducts.com.cn\/?post_type=product&#038;p=22450"},"modified":"2024-04-22T07:45:44","modified_gmt":"2024-04-22T07:45:44","slug":"small-dog-carrier-handbag-custom-cat-travel-sling-bag","status":"publish","type":"product","link":"https:\/\/petproducts.com.cn\/fr\/product\/small-dog-carrier-handbag-custom-cat-travel-sling-bag\/","title":{"rendered":"Sac \u00e0 main de transport pour petit chien, sac \u00e0 bandouli\u00e8re de voyage personnalis\u00e9 pour chat"},"content":{"rendered":"<h2>Caract\u00e9ristiques du sac de transport pour petit chien<\/h2>\n<ol>\n<li><strong>Taille compacte et pratique.<\/strong>\u00a0Notre sac de transport pour petit chien est con\u00e7u avec des dimensions de 35x22xH31cm, offrant un \u00e9quilibre parfait entre portabilit\u00e9 et confort pour les animaux de compagnie et leurs propri\u00e9taires. Cette taille compacte permet un transport facile tout en offrant suffisamment d'espace pour que les petits chiens ou chats puissent voyager confortablement.<\/li>\n<li><strong>Tissu Oxford 600D durable<\/strong>. Fabriqu\u00e9e en tissu Oxford 600D de haute qualit\u00e9, notre \u00e9charpe de portage pour chien garantit sa durabilit\u00e9 et sa long\u00e9vit\u00e9. Ce tissu est r\u00e9put\u00e9 pour sa solidit\u00e9 et sa r\u00e9sistance \u00e0 l'usure et aux d\u00e9chirures, offrant une protection fiable aux animaux de compagnie pendant les voyages.<\/li>\n<li><strong>Fermeture \u00e0 glissi\u00e8re s\u00e9curis\u00e9e<\/strong>. Dot\u00e9 d'une fermeture \u00e0 glissi\u00e8re, notre sac de transport pour petits chiens offre une fermeture s\u00e9curis\u00e9e pour emp\u00eacher les animaux de s'\u00e9chapper pendant le transport. Cela garantit la s\u00e9curit\u00e9 de l'animal tout en assurant la tranquillit\u00e9 d'esprit des propri\u00e9taires, en particulier dans les environnements tr\u00e8s fr\u00e9quent\u00e9s ou bond\u00e9s.<\/li>\n<li><strong>Coussin amovible pour plus de confort<\/strong>. Notre sac de voyage pour chat comprend un coussin amovible qui offre un confort suppl\u00e9mentaire aux animaux pendant le voyage. Ce coussin doux et douillet constitue un espace de repos confortable pour les animaux de compagnie, qui se sentent ainsi d\u00e9tendus et en s\u00e9curit\u00e9 tout au long du voyage.<\/li>\n<li><strong>Options de personnalisation sur mesure<\/strong>. Comprenant les diverses pr\u00e9f\u00e9rences des propri\u00e9taires d'animaux, notre sac de transport pour petit chien est personnalisable pour r\u00e9pondre aux go\u00fbts et aux exigences de chacun. De la s\u00e9lection des couleurs et des motifs \u00e0 l'ajout de d\u00e9tails personnalis\u00e9s, les clients ont la libert\u00e9 de cr\u00e9er un sac de transport qui refl\u00e8te leur style unique tout en garantissant un confort et une fonctionnalit\u00e9 optimaux pour leurs amis \u00e0 fourrure.<\/li>\n<\/ol>","protected":false},"excerpt":{"rendered":"<p>Nous sommes un fabricant de petits sacs \u00e0 main pour chiens et d'\u00e9charpes de portage pour chiens avec plus de 20 ans d'exp\u00e9rience. Nous offrons des options de personnalisation pour la couleur, la taille, le tissu, le motif, le logo et d'autres caract\u00e9ristiques.<\/p>","protected":false},"featured_media":22455,"template":"","meta":{"_acf_changed":false},"product_brand":[],"product_cat":[133,71,132,72],"product_tag":[145,144],"class_list":{"0":"post-22450","1":"product","2":"type-product","3":"status-publish","4":"has-post-thumbnail","6":"product_cat-cat-carriers-car-supplies","7":"product_cat-cat-supplies","8":"product_cat-dog-carriers-car-supplies","9":"product_cat-dog-supplies","10":"product_tag-cat-carriers-car-supplies","11":"product_tag-dog-carriers-car-supplies","13":"first","14":"instock","15":"shipping-taxable","16":"product-type-simple"},"acf":[],"yoast_head":"<!-- This site is optimized with the Yoast SEO plugin v27.1.1 - https:\/\/yoast.com\/product\/yoast-seo-wordpress\/ -->\n<title>small dog carrier handbag | Custom Cat Travel Sling Bag - Petstar<\/title>\n<meta name=\"description\" content=\"Explore small dog carrier handbag, cat travel bag, dog carrier sling from the manufacturer. Your ideal business solution with Petstar.\" \/>\n<meta name=\"robots\" content=\"index, follow, max-snippet:-1, max-image-preview:large, max-video-preview:-1\" \/>\n<link rel=\"canonical\" href=\"https:\/\/petproducts.com.cn\/fr\/produit\/small-dog-carrier-handbag-custom-cat-travel-sling-bag\/\" \/>\n<meta property=\"og:locale\" content=\"fr_FR\" \/>\n<meta property=\"og:type\" content=\"article\" \/>\n<meta property=\"og:title\" content=\"small dog carrier handbag | Custom Cat Travel Sling Bag - Petstar\" \/>\n<meta property=\"og:description\" content=\"Explore small dog carrier handbag, cat travel bag, dog carrier sling from the manufacturer. Your ideal business solution with Petstar.\" \/>\n<meta property=\"og:url\" content=\"https:\/\/petproducts.com.cn\/fr\/produit\/small-dog-carrier-handbag-custom-cat-travel-sling-bag\/\" \/>\n<meta property=\"og:site_name\" content=\"Petstar\" \/>\n<meta property=\"article:modified_time\" content=\"2024-04-22T07:45:44+00:00\" \/>\n<meta property=\"og:image\" content=\"https:\/\/petproducts.com.cn\/wp-content\/uploads\/2024\/04\/small-dog-carrier-handbag.webp\" \/>\n\t<meta property=\"og:image:width\" content=\"800\" \/>\n\t<meta property=\"og:image:height\" content=\"800\" \/>\n\t<meta property=\"og:image:type\" content=\"image\/webp\" \/>\n<meta name=\"twitter:card\" content=\"summary_large_image\" \/>\n<meta name=\"twitter:label1\" content=\"Dur\u00e9e de lecture estim\u00e9e\" \/>\n\t<meta name=\"twitter:data1\" content=\"2 minutes\" \/>\n<script type=\"application\/ld+json\" class=\"yoast-schema-graph\">{\"@context\":\"https:\/\/schema.org\",\"@graph\":[{\"@type\":\"WebPage\",\"@id\":\"https:\/\/petproducts.com.cn\/product\/small-dog-carrier-handbag-custom-cat-travel-sling-bag\/\",\"url\":\"https:\/\/petproducts.com.cn\/product\/small-dog-carrier-handbag-custom-cat-travel-sling-bag\/\",\"name\":\"small dog carrier handbag | Custom Cat Travel Sling Bag - Petstar\",\"isPartOf\":{\"@id\":\"https:\/\/petproducts.com.cn\/#website\"},\"primaryImageOfPage\":{\"@id\":\"https:\/\/petproducts.com.cn\/product\/small-dog-carrier-handbag-custom-cat-travel-sling-bag\/#primaryimage\"},\"image\":{\"@id\":\"https:\/\/petproducts.com.cn\/product\/small-dog-carrier-handbag-custom-cat-travel-sling-bag\/#primaryimage\"},\"thumbnailUrl\":\"https:\/\/petproducts.com.cn\/wp-content\/uploads\/2024\/04\/small-dog-carrier-handbag.webp\",\"datePublished\":\"2024-04-22T07:33:08+00:00\",\"dateModified\":\"2024-04-22T07:45:44+00:00\",\"description\":\"Explore small dog carrier handbag, cat travel bag, dog carrier sling from the manufacturer. Your ideal business solution with Petstar.\",\"breadcrumb\":{\"@id\":\"https:\/\/petproducts.com.cn\/product\/small-dog-carrier-handbag-custom-cat-travel-sling-bag\/#breadcrumb\"},\"inLanguage\":\"fr-FR\",\"potentialAction\":[{\"@type\":\"ReadAction\",\"target\":[\"https:\/\/petproducts.com.cn\/product\/small-dog-carrier-handbag-custom-cat-travel-sling-bag\/\"]}]},{\"@type\":\"ImageObject\",\"inLanguage\":\"fr-FR\",\"@id\":\"https:\/\/petproducts.com.cn\/product\/small-dog-carrier-handbag-custom-cat-travel-sling-bag\/#primaryimage\",\"url\":\"https:\/\/petproducts.com.cn\/wp-content\/uploads\/2024\/04\/small-dog-carrier-handbag.webp\",\"contentUrl\":\"https:\/\/petproducts.com.cn\/wp-content\/uploads\/2024\/04\/small-dog-carrier-handbag.webp\",\"width\":800,\"height\":800,\"caption\":\"small dog carrier handbag\"},{\"@type\":\"BreadcrumbList\",\"@id\":\"https:\/\/petproducts.com.cn\/product\/small-dog-carrier-handbag-custom-cat-travel-sling-bag\/#breadcrumb\",\"itemListElement\":[{\"@type\":\"ListItem\",\"position\":1,\"name\":\"HOME\",\"item\":\"https:\/\/petproducts.com.cn\/\"},{\"@type\":\"ListItem\",\"position\":2,\"name\":\"Products\",\"item\":\"https:\/\/petproducts.com.cn\/shop\/\"},{\"@type\":\"ListItem\",\"position\":3,\"name\":\"Dog Carriers &amp; Car Supplies\",\"item\":\"https:\/\/petproducts.com.cn\/product-category\/dog-carriers-car-supplies\/\"},{\"@type\":\"ListItem\",\"position\":4,\"name\":\"Small Dog Carrier Handbag Custom Cat Travel Sling Bag\"}]},{\"@type\":\"WebSite\",\"@id\":\"https:\/\/petproducts.com.cn\/#website\",\"url\":\"https:\/\/petproducts.com.cn\/\",\"name\":\"Petstar\",\"description\":\"Leading Pet Supplies Manufacturer &amp; OEM Pet Products Supplier\",\"publisher\":{\"@id\":\"https:\/\/petproducts.com.cn\/#organization\"},\"alternateName\":\"Petstar Pet Supplies\",\"potentialAction\":[{\"@type\":\"SearchAction\",\"target\":{\"@type\":\"EntryPoint\",\"urlTemplate\":\"https:\/\/petproducts.com.cn\/?s={search_term_string}\"},\"query-input\":{\"@type\":\"PropertyValueSpecification\",\"valueRequired\":true,\"valueName\":\"search_term_string\"}}],\"inLanguage\":\"fr-FR\"},{\"@type\":\"Organization\",\"@id\":\"https:\/\/petproducts.com.cn\/#organization\",\"name\":\"Petstar\",\"url\":\"https:\/\/petproducts.com.cn\/\",\"logo\":{\"@type\":\"ImageObject\",\"inLanguage\":\"fr-FR\",\"@id\":\"https:\/\/petproducts.com.cn\/#\/schema\/logo\/image\/\",\"url\":\"https:\/\/petproducts.com.cn\/wp-content\/uploads\/2020\/02\/petstar-logo.webp\",\"contentUrl\":\"https:\/\/petproducts.com.cn\/wp-content\/uploads\/2020\/02\/petstar-logo.webp\",\"width\":779,\"height\":520,\"caption\":\"Petstar\"},\"image\":{\"@id\":\"https:\/\/petproducts.com.cn\/#\/schema\/logo\/image\/\"}}]}<\/script>\n<!-- \/ Yoast SEO plugin. -->","yoast_head_json":{"title":"sac de transport pour petit chien | Sac de voyage personnalis\u00e9 pour chat - Petstar","description":"D\u00e9couvrez le sac de transport pour chien, le sac de voyage pour chat, le sac de transport pour chien du fabricant. Votre solution commerciale id\u00e9ale avec Petstar.","robots":{"index":"index","follow":"follow","max-snippet":"max-snippet:-1","max-image-preview":"max-image-preview:large","max-video-preview":"max-video-preview:-1"},"canonical":"https:\/\/petproducts.com.cn\/fr\/produit\/small-dog-carrier-handbag-custom-cat-travel-sling-bag\/","og_locale":"fr_FR","og_type":"article","og_title":"small dog carrier handbag | Custom Cat Travel Sling Bag - Petstar","og_description":"Explore small dog carrier handbag, cat travel bag, dog carrier sling from the manufacturer. Your ideal business solution with Petstar.","og_url":"https:\/\/petproducts.com.cn\/fr\/produit\/small-dog-carrier-handbag-custom-cat-travel-sling-bag\/","og_site_name":"Petstar","article_modified_time":"2024-04-22T07:45:44+00:00","og_image":[{"width":800,"height":800,"url":"https:\/\/petproducts.com.cn\/wp-content\/uploads\/2024\/04\/small-dog-carrier-handbag.webp","type":"image\/webp"}],"twitter_card":"summary_large_image","twitter_misc":{"Dur\u00e9e de lecture estim\u00e9e":"2 minutes"},"schema":{"@context":"https:\/\/schema.org","@graph":[{"@type":"WebPage","@id":"https:\/\/petproducts.com.cn\/product\/small-dog-carrier-handbag-custom-cat-travel-sling-bag\/","url":"https:\/\/petproducts.com.cn\/product\/small-dog-carrier-handbag-custom-cat-travel-sling-bag\/","name":"sac de transport pour petit chien | Sac de voyage personnalis\u00e9 pour chat - Petstar","isPartOf":{"@id":"https:\/\/petproducts.com.cn\/#website"},"primaryImageOfPage":{"@id":"https:\/\/petproducts.com.cn\/product\/small-dog-carrier-handbag-custom-cat-travel-sling-bag\/#primaryimage"},"image":{"@id":"https:\/\/petproducts.com.cn\/product\/small-dog-carrier-handbag-custom-cat-travel-sling-bag\/#primaryimage"},"thumbnailUrl":"https:\/\/petproducts.com.cn\/wp-content\/uploads\/2024\/04\/small-dog-carrier-handbag.webp","datePublished":"2024-04-22T07:33:08+00:00","dateModified":"2024-04-22T07:45:44+00:00","description":"D\u00e9couvrez le sac de transport pour chien, le sac de voyage pour chat, le sac de transport pour chien du fabricant. Votre solution commerciale id\u00e9ale avec Petstar.","breadcrumb":{"@id":"https:\/\/petproducts.com.cn\/product\/small-dog-carrier-handbag-custom-cat-travel-sling-bag\/#breadcrumb"},"inLanguage":"fr-FR","potentialAction":[{"@type":"ReadAction","target":["https:\/\/petproducts.com.cn\/product\/small-dog-carrier-handbag-custom-cat-travel-sling-bag\/"]}]},{"@type":"ImageObject","inLanguage":"fr-FR","@id":"https:\/\/petproducts.com.cn\/product\/small-dog-carrier-handbag-custom-cat-travel-sling-bag\/#primaryimage","url":"https:\/\/petproducts.com.cn\/wp-content\/uploads\/2024\/04\/small-dog-carrier-handbag.webp","contentUrl":"https:\/\/petproducts.com.cn\/wp-content\/uploads\/2024\/04\/small-dog-carrier-handbag.webp","width":800,"height":800,"caption":"small dog carrier handbag"},{"@type":"BreadcrumbList","@id":"https:\/\/petproducts.com.cn\/product\/small-dog-carrier-handbag-custom-cat-travel-sling-bag\/#breadcrumb","itemListElement":[{"@type":"ListItem","position":1,"name":"HOME","item":"https:\/\/petproducts.com.cn\/"},{"@type":"ListItem","position":2,"name":"Products","item":"https:\/\/petproducts.com.cn\/shop\/"},{"@type":"ListItem","position":3,"name":"Dog Carriers &amp; Car Supplies","item":"https:\/\/petproducts.com.cn\/product-category\/dog-carriers-car-supplies\/"},{"@type":"ListItem","position":4,"name":"Small Dog Carrier Handbag Custom Cat Travel Sling Bag"}]},{"@type":"WebSite","@id":"https:\/\/petproducts.com.cn\/#website","url":"https:\/\/petproducts.com.cn\/","name":"Petstar","description":"Fabricant leader de fournitures pour animaux de compagnie et fournisseur OEM de produits pour animaux de compagnie","publisher":{"@id":"https:\/\/petproducts.com.cn\/#organization"},"alternateName":"Petstar Pet Supplies","potentialAction":[{"@type":"SearchAction","target":{"@type":"EntryPoint","urlTemplate":"https:\/\/petproducts.com.cn\/?s={search_term_string}"},"query-input":{"@type":"PropertyValueSpecification","valueRequired":true,"valueName":"search_term_string"}}],"inLanguage":"fr-FR"},{"@type":"Organization","@id":"https:\/\/petproducts.com.cn\/#organization","name":"Petstar","url":"https:\/\/petproducts.com.cn\/","logo":{"@type":"ImageObject","inLanguage":"fr-FR","@id":"https:\/\/petproducts.com.cn\/#\/schema\/logo\/image\/","url":"https:\/\/petproducts.com.cn\/wp-content\/uploads\/2020\/02\/petstar-logo.webp","contentUrl":"https:\/\/petproducts.com.cn\/wp-content\/uploads\/2020\/02\/petstar-logo.webp","width":779,"height":520,"caption":"Petstar"},"image":{"@id":"https:\/\/petproducts.com.cn\/#\/schema\/logo\/image\/"}}]}},"_links":{"self":[{"href":"https:\/\/petproducts.com.cn\/fr\/wp-json\/wp\/v2\/product\/22450","targetHints":{"allow":["GET"]}}],"collection":[{"href":"https:\/\/petproducts.com.cn\/fr\/wp-json\/wp\/v2\/product"}],"about":[{"href":"https:\/\/petproducts.com.cn\/fr\/wp-json\/wp\/v2\/types\/product"}],"version-history":[{"count":1,"href":"https:\/\/petproducts.com.cn\/fr\/wp-json\/wp\/v2\/product\/22450\/revisions"}],"predecessor-version":[{"id":22464,"href":"https:\/\/petproducts.com.cn\/fr\/wp-json\/wp\/v2\/product\/22450\/revisions\/22464"}],"wp:featuredmedia":[{"embeddable":true,"href":"https:\/\/petproducts.com.cn\/fr\/wp-json\/wp\/v2\/media\/22455"}],"wp:attachment":[{"href":"https:\/\/petproducts.com.cn\/fr\/wp-json\/wp\/v2\/media?parent=22450"}],"wp:term":[{"taxonomy":"product_brand","embeddable":true,"href":"https:\/\/petproducts.com.cn\/fr\/wp-json\/wp\/v2\/product_brand?post=22450"},{"taxonomy":"product_cat","embeddable":true,"href":"https:\/\/petproducts.com.cn\/fr\/wp-json\/wp\/v2\/product_cat?post=22450"},{"taxonomy":"product_tag","embeddable":true,"href":"https:\/\/petproducts.com.cn\/fr\/wp-json\/wp\/v2\/product_tag?post=22450"}],"curies":[{"name":"wp","href":"https:\/\/api.w.org\/{rel}","templated":true}]}}