{"id":22474,"date":"2024-04-22T08:24:37","date_gmt":"2024-04-22T08:24:37","guid":{"rendered":"https:\/\/petproducts.com.cn\/?post_type=product&#038;p=22474"},"modified":"2024-08-23T01:28:02","modified_gmt":"2024-08-23T01:28:02","slug":"car-dog-leash-dog-car-seat-belt-leash","status":"publish","type":"product","link":"https:\/\/petproducts.com.cn\/fr\/product\/car-dog-leash-dog-car-seat-belt-leash\/","title":{"rendered":"camas con colchones para perros"},"content":{"rendered":"<h2>Caract\u00e9ristiques de la laisse pour chien de voiture<\/h2>\n<ol>\n<li><strong>Conception de ceintures de s\u00e9curit\u00e9 pour voitures<\/strong>: Notre laisse pour chien de voiture est sp\u00e9cialement con\u00e7ue pour \u00eatre utilis\u00e9e comme ceinture de s\u00e9curit\u00e9 pour chien de voiture. Elle est dot\u00e9e d'une attache s\u00e9curis\u00e9e qui maintient votre chien en toute s\u00e9curit\u00e9 tout en lui laissant suffisamment de libert\u00e9 pour se d\u00e9placer confortablement sans interf\u00e9rer avec votre conduite.<\/li>\n<li><strong>Longueur r\u00e9glable pour plus de flexibilit\u00e9<\/strong>: Gr\u00e2ce \u00e0 sa longueur r\u00e9glable, notre laisse de ceinture de s\u00e9curit\u00e9 pour chien offre la flexibilit\u00e9 n\u00e9cessaire pour s'adapter aux chiens de diff\u00e9rentes tailles. Vous pouvez facilement ajuster la laisse pour fournir \u00e0 votre animal la bonne quantit\u00e9 de mouvement et de confort pendant les trajets en voiture.<\/li>\n<li><strong>Options d'attachement multiples<\/strong>: La laisse est dot\u00e9e de trois points d'attache diff\u00e9rents, ce qui vous permet de la connecter \u00e0 diff\u00e9rentes ceintures de s\u00e9curit\u00e9, garantissant ainsi sa compatibilit\u00e9 avec la plupart des v\u00e9hicules. Cette caract\u00e9ristique offre une polyvalence suppl\u00e9mentaire, vous permettant de choisir la meilleure configuration pour votre voiture.<\/li>\n<li><strong>Un \u00e9lastique qui absorbe les chocs pour plus de confort<\/strong>: Pour assurer le confort de votre chien, notre laisse est \u00e9quip\u00e9e d'un \u00e9lastique int\u00e9gr\u00e9 qui absorbe les chocs et les mouvements brusques. Cette conception minimise l'impact sur votre animal lors d'arr\u00eats ou de virages brusques, pour une conduite plus douce et plus s\u00fbre.<\/li>\n<li><strong>Facile \u00e0 utiliser et \u00e0 installer<\/strong>: Gr\u00e2ce \u00e0 sa conception conviviale, la laisse pour si\u00e8ge de voiture est facile \u00e0 installer et \u00e0 retirer, ce qui la rend id\u00e9ale pour les propri\u00e9taires d'animaux en d\u00e9placement. Il suffit de l'attacher \u00e0 la fente de la ceinture de s\u00e9curit\u00e9 de votre voiture, d'ajuster la longueur et vous \u00eates pr\u00eat \u00e0 prendre la route.<\/li>\n<\/ol>","protected":false},"excerpt":{"rendered":"<p>Nous sommes un fabricant de colliers, laisses et harnais pour animaux de compagnie avec plus de 20 ans d'exp\u00e9rience. Nous offrons des options de personnalisation pour la couleur, la taille, le tissu, le motif, le logo et d'autres caract\u00e9ristiques.<\/p>","protected":false},"featured_media":22477,"template":"","meta":{"_acf_changed":false},"product_brand":[],"product_cat":[132,124,72],"product_tag":[194,213],"class_list":{"0":"post-22474","1":"product","2":"type-product","3":"status-publish","4":"has-post-thumbnail","6":"product_cat-dog-carriers-car-supplies","7":"product_cat-dog-collars-leashes-harnesses","8":"product_cat-dog-supplies","9":"product_tag-pet-car-supplies","10":"product_tag-pet-leashes","12":"first","13":"instock","14":"shipping-taxable","15":"product-type-simple"},"acf":[],"yoast_head":"<!-- This site is optimized with the Yoast SEO plugin v27.1.1 - https:\/\/yoast.com\/product\/yoast-seo-wordpress\/ -->\n<title>Car Dog Leash | Dog Car Seat Belt Leash Factory - Petstar<\/title>\n<meta name=\"description\" content=\"Explore car dog leash, and custom dog car seat belt leash from the manufacturer. Your ideal business solution with Petstar.\" \/>\n<meta name=\"robots\" content=\"index, follow, max-snippet:-1, max-image-preview:large, max-video-preview:-1\" \/>\n<link rel=\"canonical\" href=\"https:\/\/petproducts.com.cn\/fr\/produit\/car-dog-leash-dog-car-seat-belt-leash\/\" \/>\n<meta property=\"og:locale\" content=\"fr_FR\" \/>\n<meta property=\"og:type\" content=\"article\" \/>\n<meta property=\"og:title\" content=\"Car Dog Leash | Dog Car Seat Belt Leash Factory - Petstar\" \/>\n<meta property=\"og:description\" content=\"Explore car dog leash, and custom dog car seat belt leash from the manufacturer. Your ideal business solution with Petstar.\" \/>\n<meta property=\"og:url\" content=\"https:\/\/petproducts.com.cn\/fr\/produit\/car-dog-leash-dog-car-seat-belt-leash\/\" \/>\n<meta property=\"og:site_name\" content=\"Petstar\" \/>\n<meta property=\"article:modified_time\" content=\"2024-08-23T01:28:02+00:00\" \/>\n<meta property=\"og:image\" content=\"https:\/\/petproducts.com.cn\/wp-content\/uploads\/2024\/04\/car-dog-leash.webp\" \/>\n\t<meta property=\"og:image:width\" content=\"1000\" \/>\n\t<meta property=\"og:image:height\" content=\"1000\" \/>\n\t<meta property=\"og:image:type\" content=\"image\/webp\" \/>\n<meta name=\"twitter:card\" content=\"summary_large_image\" \/>\n<meta name=\"twitter:label1\" content=\"Dur\u00e9e de lecture estim\u00e9e\" \/>\n\t<meta name=\"twitter:data1\" content=\"1 minute\" \/>\n<script type=\"application\/ld+json\" class=\"yoast-schema-graph\">{\"@context\":\"https:\/\/schema.org\",\"@graph\":[{\"@type\":\"WebPage\",\"@id\":\"https:\/\/petproducts.com.cn\/product\/car-dog-leash-dog-car-seat-belt-leash\/\",\"url\":\"https:\/\/petproducts.com.cn\/product\/car-dog-leash-dog-car-seat-belt-leash\/\",\"name\":\"Car Dog Leash | Dog Car Seat Belt Leash Factory - Petstar\",\"isPartOf\":{\"@id\":\"https:\/\/petproducts.com.cn\/#website\"},\"primaryImageOfPage\":{\"@id\":\"https:\/\/petproducts.com.cn\/product\/car-dog-leash-dog-car-seat-belt-leash\/#primaryimage\"},\"image\":{\"@id\":\"https:\/\/petproducts.com.cn\/product\/car-dog-leash-dog-car-seat-belt-leash\/#primaryimage\"},\"thumbnailUrl\":\"https:\/\/petproducts.com.cn\/wp-content\/uploads\/2024\/04\/car-dog-leash.webp\",\"datePublished\":\"2024-04-22T08:24:37+00:00\",\"dateModified\":\"2024-08-23T01:28:02+00:00\",\"description\":\"Explore car dog leash, and custom dog car seat belt leash from the manufacturer. Your ideal business solution with Petstar.\",\"breadcrumb\":{\"@id\":\"https:\/\/petproducts.com.cn\/product\/car-dog-leash-dog-car-seat-belt-leash\/#breadcrumb\"},\"inLanguage\":\"fr-FR\",\"potentialAction\":[{\"@type\":\"ReadAction\",\"target\":[\"https:\/\/petproducts.com.cn\/product\/car-dog-leash-dog-car-seat-belt-leash\/\"]}]},{\"@type\":\"ImageObject\",\"inLanguage\":\"fr-FR\",\"@id\":\"https:\/\/petproducts.com.cn\/product\/car-dog-leash-dog-car-seat-belt-leash\/#primaryimage\",\"url\":\"https:\/\/petproducts.com.cn\/wp-content\/uploads\/2024\/04\/car-dog-leash.webp\",\"contentUrl\":\"https:\/\/petproducts.com.cn\/wp-content\/uploads\/2024\/04\/car-dog-leash.webp\",\"width\":1000,\"height\":1000,\"caption\":\"car dog leash\"},{\"@type\":\"BreadcrumbList\",\"@id\":\"https:\/\/petproducts.com.cn\/product\/car-dog-leash-dog-car-seat-belt-leash\/#breadcrumb\",\"itemListElement\":[{\"@type\":\"ListItem\",\"position\":1,\"name\":\"HOME\",\"item\":\"https:\/\/petproducts.com.cn\/\"},{\"@type\":\"ListItem\",\"position\":2,\"name\":\"Products\",\"item\":\"https:\/\/petproducts.com.cn\/shop\/\"},{\"@type\":\"ListItem\",\"position\":3,\"name\":\"Dog Collars, Leashes &amp; Harnesses\",\"item\":\"https:\/\/petproducts.com.cn\/product-category\/dog-collars-leashes-harnesses\/\"},{\"@type\":\"ListItem\",\"position\":4,\"name\":\"Car Dog Leash Dog Car Seat Belt Leash\"}]},{\"@type\":\"WebSite\",\"@id\":\"https:\/\/petproducts.com.cn\/#website\",\"url\":\"https:\/\/petproducts.com.cn\/\",\"name\":\"Petstar\",\"description\":\"Leading Pet Supplies Manufacturer &amp; OEM Pet Products Supplier\",\"publisher\":{\"@id\":\"https:\/\/petproducts.com.cn\/#organization\"},\"alternateName\":\"Petstar Pet Supplies\",\"potentialAction\":[{\"@type\":\"SearchAction\",\"target\":{\"@type\":\"EntryPoint\",\"urlTemplate\":\"https:\/\/petproducts.com.cn\/?s={search_term_string}\"},\"query-input\":{\"@type\":\"PropertyValueSpecification\",\"valueRequired\":true,\"valueName\":\"search_term_string\"}}],\"inLanguage\":\"fr-FR\"},{\"@type\":\"Organization\",\"@id\":\"https:\/\/petproducts.com.cn\/#organization\",\"name\":\"Petstar\",\"url\":\"https:\/\/petproducts.com.cn\/\",\"logo\":{\"@type\":\"ImageObject\",\"inLanguage\":\"fr-FR\",\"@id\":\"https:\/\/petproducts.com.cn\/#\/schema\/logo\/image\/\",\"url\":\"https:\/\/petproducts.com.cn\/wp-content\/uploads\/2020\/02\/petstar-logo.webp\",\"contentUrl\":\"https:\/\/petproducts.com.cn\/wp-content\/uploads\/2020\/02\/petstar-logo.webp\",\"width\":779,\"height\":520,\"caption\":\"Petstar\"},\"image\":{\"@id\":\"https:\/\/petproducts.com.cn\/#\/schema\/logo\/image\/\"}}]}<\/script>\n<!-- \/ Yoast SEO plugin. -->","yoast_head_json":{"title":"Laisse pour chien de voiture | Laisse pour chien de voiture - Petstar","description":"D\u00e9couvrez la laisse pour chien de voiture, et la laisse personnalis\u00e9e pour chien de la ceinture de s\u00e9curit\u00e9 de la voiture du fabricant. Votre solution commerciale id\u00e9ale avec Petstar.","robots":{"index":"index","follow":"follow","max-snippet":"max-snippet:-1","max-image-preview":"max-image-preview:large","max-video-preview":"max-video-preview:-1"},"canonical":"https:\/\/petproducts.com.cn\/fr\/produit\/car-dog-leash-dog-car-seat-belt-leash\/","og_locale":"fr_FR","og_type":"article","og_title":"Car Dog Leash | Dog Car Seat Belt Leash Factory - Petstar","og_description":"Explore car dog leash, and custom dog car seat belt leash from the manufacturer. Your ideal business solution with Petstar.","og_url":"https:\/\/petproducts.com.cn\/fr\/produit\/car-dog-leash-dog-car-seat-belt-leash\/","og_site_name":"Petstar","article_modified_time":"2024-08-23T01:28:02+00:00","og_image":[{"width":1000,"height":1000,"url":"https:\/\/petproducts.com.cn\/wp-content\/uploads\/2024\/04\/car-dog-leash.webp","type":"image\/webp"}],"twitter_card":"summary_large_image","twitter_misc":{"Dur\u00e9e de lecture estim\u00e9e":"1 minute"},"schema":{"@context":"https:\/\/schema.org","@graph":[{"@type":"WebPage","@id":"https:\/\/petproducts.com.cn\/product\/car-dog-leash-dog-car-seat-belt-leash\/","url":"https:\/\/petproducts.com.cn\/product\/car-dog-leash-dog-car-seat-belt-leash\/","name":"Laisse pour chien de voiture | Laisse pour chien de voiture - Petstar","isPartOf":{"@id":"https:\/\/petproducts.com.cn\/#website"},"primaryImageOfPage":{"@id":"https:\/\/petproducts.com.cn\/product\/car-dog-leash-dog-car-seat-belt-leash\/#primaryimage"},"image":{"@id":"https:\/\/petproducts.com.cn\/product\/car-dog-leash-dog-car-seat-belt-leash\/#primaryimage"},"thumbnailUrl":"https:\/\/petproducts.com.cn\/wp-content\/uploads\/2024\/04\/car-dog-leash.webp","datePublished":"2024-04-22T08:24:37+00:00","dateModified":"2024-08-23T01:28:02+00:00","description":"D\u00e9couvrez la laisse pour chien de voiture, et la laisse personnalis\u00e9e pour chien de la ceinture de s\u00e9curit\u00e9 de la voiture du fabricant. Votre solution commerciale id\u00e9ale avec Petstar.","breadcrumb":{"@id":"https:\/\/petproducts.com.cn\/product\/car-dog-leash-dog-car-seat-belt-leash\/#breadcrumb"},"inLanguage":"fr-FR","potentialAction":[{"@type":"ReadAction","target":["https:\/\/petproducts.com.cn\/product\/car-dog-leash-dog-car-seat-belt-leash\/"]}]},{"@type":"ImageObject","inLanguage":"fr-FR","@id":"https:\/\/petproducts.com.cn\/product\/car-dog-leash-dog-car-seat-belt-leash\/#primaryimage","url":"https:\/\/petproducts.com.cn\/wp-content\/uploads\/2024\/04\/car-dog-leash.webp","contentUrl":"https:\/\/petproducts.com.cn\/wp-content\/uploads\/2024\/04\/car-dog-leash.webp","width":1000,"height":1000,"caption":"car dog leash"},{"@type":"BreadcrumbList","@id":"https:\/\/petproducts.com.cn\/product\/car-dog-leash-dog-car-seat-belt-leash\/#breadcrumb","itemListElement":[{"@type":"ListItem","position":1,"name":"HOME","item":"https:\/\/petproducts.com.cn\/"},{"@type":"ListItem","position":2,"name":"Products","item":"https:\/\/petproducts.com.cn\/shop\/"},{"@type":"ListItem","position":3,"name":"Dog Collars, Leashes &amp; Harnesses","item":"https:\/\/petproducts.com.cn\/product-category\/dog-collars-leashes-harnesses\/"},{"@type":"ListItem","position":4,"name":"Car Dog Leash Dog Car Seat Belt Leash"}]},{"@type":"WebSite","@id":"https:\/\/petproducts.com.cn\/#website","url":"https:\/\/petproducts.com.cn\/","name":"Petstar","description":"Fabricant leader de fournitures pour animaux de compagnie et fournisseur OEM de produits pour animaux de compagnie","publisher":{"@id":"https:\/\/petproducts.com.cn\/#organization"},"alternateName":"Petstar Pet Supplies","potentialAction":[{"@type":"SearchAction","target":{"@type":"EntryPoint","urlTemplate":"https:\/\/petproducts.com.cn\/?s={search_term_string}"},"query-input":{"@type":"PropertyValueSpecification","valueRequired":true,"valueName":"search_term_string"}}],"inLanguage":"fr-FR"},{"@type":"Organization","@id":"https:\/\/petproducts.com.cn\/#organization","name":"Petstar","url":"https:\/\/petproducts.com.cn\/","logo":{"@type":"ImageObject","inLanguage":"fr-FR","@id":"https:\/\/petproducts.com.cn\/#\/schema\/logo\/image\/","url":"https:\/\/petproducts.com.cn\/wp-content\/uploads\/2020\/02\/petstar-logo.webp","contentUrl":"https:\/\/petproducts.com.cn\/wp-content\/uploads\/2020\/02\/petstar-logo.webp","width":779,"height":520,"caption":"Petstar"},"image":{"@id":"https:\/\/petproducts.com.cn\/#\/schema\/logo\/image\/"}}]}},"_links":{"self":[{"href":"https:\/\/petproducts.com.cn\/fr\/wp-json\/wp\/v2\/product\/22474","targetHints":{"allow":["GET"]}}],"collection":[{"href":"https:\/\/petproducts.com.cn\/fr\/wp-json\/wp\/v2\/product"}],"about":[{"href":"https:\/\/petproducts.com.cn\/fr\/wp-json\/wp\/v2\/types\/product"}],"version-history":[{"count":3,"href":"https:\/\/petproducts.com.cn\/fr\/wp-json\/wp\/v2\/product\/22474\/revisions"}],"predecessor-version":[{"id":22483,"href":"https:\/\/petproducts.com.cn\/fr\/wp-json\/wp\/v2\/product\/22474\/revisions\/22483"}],"wp:featuredmedia":[{"embeddable":true,"href":"https:\/\/petproducts.com.cn\/fr\/wp-json\/wp\/v2\/media\/22477"}],"wp:attachment":[{"href":"https:\/\/petproducts.com.cn\/fr\/wp-json\/wp\/v2\/media?parent=22474"}],"wp:term":[{"taxonomy":"product_brand","embeddable":true,"href":"https:\/\/petproducts.com.cn\/fr\/wp-json\/wp\/v2\/product_brand?post=22474"},{"taxonomy":"product_cat","embeddable":true,"href":"https:\/\/petproducts.com.cn\/fr\/wp-json\/wp\/v2\/product_cat?post=22474"},{"taxonomy":"product_tag","embeddable":true,"href":"https:\/\/petproducts.com.cn\/fr\/wp-json\/wp\/v2\/product_tag?post=22474"}],"curies":[{"name":"wp","href":"https:\/\/api.w.org\/{rel}","templated":true}]}}