{"id":22534,"date":"2024-04-23T07:30:53","date_gmt":"2024-04-23T07:30:53","guid":{"rendered":"https:\/\/petproducts.com.cn\/?post_type=product&#038;p=22534"},"modified":"2024-04-23T07:54:27","modified_gmt":"2024-04-23T07:54:27","slug":"dog-carrying-bag-factory-dog-travel-carrier-bag","status":"publish","type":"product","link":"https:\/\/petproducts.com.cn\/fr\/product\/dog-carrying-bag-factory-dog-travel-carrier-bag\/","title":{"rendered":"Sac de transport pour chien Sac de transport pour chien en usine"},"content":{"rendered":"<h2>Caract\u00e9ristiques du sac de transport pour chien<\/h2>\n<ol>\n<li><strong>Options de taille<\/strong>: Notre sac de transport pour chiens est disponible en deux tailles, ce qui permet de s'adapter \u00e0 diff\u00e9rentes races et tailles de chiens. La petite taille mesure S : 42x25xH28cm, tandis que la taille moyenne mesure M : 49x25xH28cm, assurant un ajustement confortable pour diff\u00e9rentes tailles d'animaux et besoins de voyage.<\/li>\n<li><strong>Fen\u00eatres en maille respirante<\/strong>: Con\u00e7ue avec trois fen\u00eatres en maille respirante, notre meilleure cage de transport pour chiens assure une bonne ventilation des animaux pendant le voyage. Ces fen\u00eatres permettent aux animaux de profiter de l'air frais tout en restant bien enferm\u00e9s dans le sac, ce qui favorise le confort et le bien-\u00eatre pendant les voyages.<\/li>\n<li><strong>Capacit\u00e9 de charge<\/strong>: Notre sac de voyage pour chien est con\u00e7u pour supporter un poids allant jusqu'\u00e0 7 kg, offrant ainsi un soutien solide aux animaux de compagnie pendant le voyage. Le sac reste stable et s\u00fbr, ce qui permet aux propri\u00e9taires d'animaux de transporter leurs compagnons \u00e0 poils en toute confiance et avec facilit\u00e9.<\/li>\n<li><strong>Fermeture \u00e0 glissi\u00e8re s\u00e9curis\u00e9e<\/strong>: Dot\u00e9 d'une fermeture \u00e0 glissi\u00e8re, notre sac de transport pour chiens offre une fermeture s\u00e9curis\u00e9e pour emp\u00eacher les animaux de s'\u00e9chapper pendant le transport. La fermeture \u00e0 glissi\u00e8re offre une s\u00e9curit\u00e9 accrue et une tranquillit\u00e9 d'esprit aux propri\u00e9taires d'animaux, en garantissant que leurs compagnons \u00e0 fourrure restent en s\u00e9curit\u00e9 tout au long du voyage.<\/li>\n<li><strong>Options de personnalisation<\/strong>: Il est personnalisable en fonction des pr\u00e9f\u00e9rences et des besoins de chacun. De la s\u00e9lection des couleurs et des motifs \u00e0 l'ajout de d\u00e9tails personnalis\u00e9s, les clients ont la libert\u00e9 de cr\u00e9er un sac qui refl\u00e8te leur style unique tout en garantissant un confort et une fonctionnalit\u00e9 optimaux pour leurs amis \u00e0 fourrure.<\/li>\n<\/ol>","protected":false},"excerpt":{"rendered":"<p>Nous sommes un fabricant de sacs de transport pour chiens et de sacs de voyage pour chiens avec plus de 20 ans d'exp\u00e9rience. Nous offrons des options de personnalisation pour la couleur, la taille, le tissu, le motif, le logo et d'autres caract\u00e9ristiques.<\/p>","protected":false},"featured_media":22537,"template":"","meta":{"_acf_changed":false},"product_brand":[],"product_cat":[133,71,132,72],"product_tag":[145,144],"class_list":{"0":"post-22534","1":"product","2":"type-product","3":"status-publish","4":"has-post-thumbnail","6":"product_cat-cat-carriers-car-supplies","7":"product_cat-cat-supplies","8":"product_cat-dog-carriers-car-supplies","9":"product_cat-dog-supplies","10":"product_tag-cat-carriers-car-supplies","11":"product_tag-dog-carriers-car-supplies","13":"first","14":"instock","15":"shipping-taxable","16":"product-type-simple"},"acf":[],"yoast_head":"<!-- This site is optimized with the Yoast SEO plugin v27.1.1 - https:\/\/yoast.com\/product\/yoast-seo-wordpress\/ -->\n<title>dog carrying bag | Factory Dog Travel Carrier Bag - Petstar<\/title>\n<meta name=\"description\" content=\"Explore dog carrying bag,best dog carrier,dog travel bag from the manufacturer. Your ideal business solution with Petstar.\" \/>\n<meta name=\"robots\" content=\"index, follow, max-snippet:-1, max-image-preview:large, max-video-preview:-1\" \/>\n<link rel=\"canonical\" href=\"https:\/\/petproducts.com.cn\/fr\/produit\/dog-carrying-bag-factory-dog-travel-carrier-bag\/\" \/>\n<meta property=\"og:locale\" content=\"fr_FR\" \/>\n<meta property=\"og:type\" content=\"article\" \/>\n<meta property=\"og:title\" content=\"dog carrying bag | Factory Dog Travel Carrier Bag - Petstar\" \/>\n<meta property=\"og:description\" content=\"Explore dog carrying bag,best dog carrier,dog travel bag from the manufacturer. Your ideal business solution with Petstar.\" \/>\n<meta property=\"og:url\" content=\"https:\/\/petproducts.com.cn\/fr\/produit\/dog-carrying-bag-factory-dog-travel-carrier-bag\/\" \/>\n<meta property=\"og:site_name\" content=\"Petstar\" \/>\n<meta property=\"article:modified_time\" content=\"2024-04-23T07:54:27+00:00\" \/>\n<meta property=\"og:image\" content=\"https:\/\/petproducts.com.cn\/wp-content\/uploads\/2024\/04\/dog-carrying-bag.webp\" \/>\n\t<meta property=\"og:image:width\" content=\"1000\" \/>\n\t<meta property=\"og:image:height\" content=\"1000\" \/>\n\t<meta property=\"og:image:type\" content=\"image\/webp\" \/>\n<meta name=\"twitter:card\" content=\"summary_large_image\" \/>\n<meta name=\"twitter:label1\" content=\"Dur\u00e9e de lecture estim\u00e9e\" \/>\n\t<meta name=\"twitter:data1\" content=\"1 minute\" \/>\n<script type=\"application\/ld+json\" class=\"yoast-schema-graph\">{\"@context\":\"https:\/\/schema.org\",\"@graph\":[{\"@type\":\"WebPage\",\"@id\":\"https:\/\/petproducts.com.cn\/product\/dog-carrying-bag-factory-dog-travel-carrier-bag\/\",\"url\":\"https:\/\/petproducts.com.cn\/product\/dog-carrying-bag-factory-dog-travel-carrier-bag\/\",\"name\":\"dog carrying bag | Factory Dog Travel Carrier Bag - Petstar\",\"isPartOf\":{\"@id\":\"https:\/\/petproducts.com.cn\/#website\"},\"primaryImageOfPage\":{\"@id\":\"https:\/\/petproducts.com.cn\/product\/dog-carrying-bag-factory-dog-travel-carrier-bag\/#primaryimage\"},\"image\":{\"@id\":\"https:\/\/petproducts.com.cn\/product\/dog-carrying-bag-factory-dog-travel-carrier-bag\/#primaryimage\"},\"thumbnailUrl\":\"https:\/\/petproducts.com.cn\/wp-content\/uploads\/2024\/04\/dog-carrying-bag.webp\",\"datePublished\":\"2024-04-23T07:30:53+00:00\",\"dateModified\":\"2024-04-23T07:54:27+00:00\",\"description\":\"Explore dog carrying bag,best dog carrier,dog travel bag from the manufacturer. Your ideal business solution with Petstar.\",\"breadcrumb\":{\"@id\":\"https:\/\/petproducts.com.cn\/product\/dog-carrying-bag-factory-dog-travel-carrier-bag\/#breadcrumb\"},\"inLanguage\":\"fr-FR\",\"potentialAction\":[{\"@type\":\"ReadAction\",\"target\":[\"https:\/\/petproducts.com.cn\/product\/dog-carrying-bag-factory-dog-travel-carrier-bag\/\"]}]},{\"@type\":\"ImageObject\",\"inLanguage\":\"fr-FR\",\"@id\":\"https:\/\/petproducts.com.cn\/product\/dog-carrying-bag-factory-dog-travel-carrier-bag\/#primaryimage\",\"url\":\"https:\/\/petproducts.com.cn\/wp-content\/uploads\/2024\/04\/dog-carrying-bag.webp\",\"contentUrl\":\"https:\/\/petproducts.com.cn\/wp-content\/uploads\/2024\/04\/dog-carrying-bag.webp\",\"width\":1000,\"height\":1000,\"caption\":\"dog carrying bag\"},{\"@type\":\"BreadcrumbList\",\"@id\":\"https:\/\/petproducts.com.cn\/product\/dog-carrying-bag-factory-dog-travel-carrier-bag\/#breadcrumb\",\"itemListElement\":[{\"@type\":\"ListItem\",\"position\":1,\"name\":\"HOME\",\"item\":\"https:\/\/petproducts.com.cn\/\"},{\"@type\":\"ListItem\",\"position\":2,\"name\":\"Products\",\"item\":\"https:\/\/petproducts.com.cn\/shop\/\"},{\"@type\":\"ListItem\",\"position\":3,\"name\":\"Dog Carriers &amp; Car Supplies\",\"item\":\"https:\/\/petproducts.com.cn\/product-category\/dog-carriers-car-supplies\/\"},{\"@type\":\"ListItem\",\"position\":4,\"name\":\"Dog Carrying Bag Factory Dog Travel Carrier Bag\"}]},{\"@type\":\"WebSite\",\"@id\":\"https:\/\/petproducts.com.cn\/#website\",\"url\":\"https:\/\/petproducts.com.cn\/\",\"name\":\"Petstar\",\"description\":\"Leading Pet Supplies Manufacturer &amp; OEM Pet Products Supplier\",\"publisher\":{\"@id\":\"https:\/\/petproducts.com.cn\/#organization\"},\"alternateName\":\"Petstar Pet Supplies\",\"potentialAction\":[{\"@type\":\"SearchAction\",\"target\":{\"@type\":\"EntryPoint\",\"urlTemplate\":\"https:\/\/petproducts.com.cn\/?s={search_term_string}\"},\"query-input\":{\"@type\":\"PropertyValueSpecification\",\"valueRequired\":true,\"valueName\":\"search_term_string\"}}],\"inLanguage\":\"fr-FR\"},{\"@type\":\"Organization\",\"@id\":\"https:\/\/petproducts.com.cn\/#organization\",\"name\":\"Petstar\",\"url\":\"https:\/\/petproducts.com.cn\/\",\"logo\":{\"@type\":\"ImageObject\",\"inLanguage\":\"fr-FR\",\"@id\":\"https:\/\/petproducts.com.cn\/#\/schema\/logo\/image\/\",\"url\":\"https:\/\/petproducts.com.cn\/wp-content\/uploads\/2020\/02\/petstar-logo.webp\",\"contentUrl\":\"https:\/\/petproducts.com.cn\/wp-content\/uploads\/2020\/02\/petstar-logo.webp\",\"width\":779,\"height\":520,\"caption\":\"Petstar\"},\"image\":{\"@id\":\"https:\/\/petproducts.com.cn\/#\/schema\/logo\/image\/\"}}]}<\/script>\n<!-- \/ Yoast SEO plugin. -->","yoast_head_json":{"title":"Sac de transport pour chien | Sac de transport pour chien Factory - Petstar","description":"D\u00e9couvrez le sac de transport pour chien, le meilleur sac de transport pour chien, le sac de voyage pour chien du fabricant. Votre solution commerciale id\u00e9ale avec Petstar.","robots":{"index":"index","follow":"follow","max-snippet":"max-snippet:-1","max-image-preview":"max-image-preview:large","max-video-preview":"max-video-preview:-1"},"canonical":"https:\/\/petproducts.com.cn\/fr\/produit\/dog-carrying-bag-factory-dog-travel-carrier-bag\/","og_locale":"fr_FR","og_type":"article","og_title":"dog carrying bag | Factory Dog Travel Carrier Bag - Petstar","og_description":"Explore dog carrying bag,best dog carrier,dog travel bag from the manufacturer. Your ideal business solution with Petstar.","og_url":"https:\/\/petproducts.com.cn\/fr\/produit\/dog-carrying-bag-factory-dog-travel-carrier-bag\/","og_site_name":"Petstar","article_modified_time":"2024-04-23T07:54:27+00:00","og_image":[{"width":1000,"height":1000,"url":"https:\/\/petproducts.com.cn\/wp-content\/uploads\/2024\/04\/dog-carrying-bag.webp","type":"image\/webp"}],"twitter_card":"summary_large_image","twitter_misc":{"Dur\u00e9e de lecture estim\u00e9e":"1 minute"},"schema":{"@context":"https:\/\/schema.org","@graph":[{"@type":"WebPage","@id":"https:\/\/petproducts.com.cn\/product\/dog-carrying-bag-factory-dog-travel-carrier-bag\/","url":"https:\/\/petproducts.com.cn\/product\/dog-carrying-bag-factory-dog-travel-carrier-bag\/","name":"Sac de transport pour chien | Sac de transport pour chien Factory - Petstar","isPartOf":{"@id":"https:\/\/petproducts.com.cn\/#website"},"primaryImageOfPage":{"@id":"https:\/\/petproducts.com.cn\/product\/dog-carrying-bag-factory-dog-travel-carrier-bag\/#primaryimage"},"image":{"@id":"https:\/\/petproducts.com.cn\/product\/dog-carrying-bag-factory-dog-travel-carrier-bag\/#primaryimage"},"thumbnailUrl":"https:\/\/petproducts.com.cn\/wp-content\/uploads\/2024\/04\/dog-carrying-bag.webp","datePublished":"2024-04-23T07:30:53+00:00","dateModified":"2024-04-23T07:54:27+00:00","description":"D\u00e9couvrez le sac de transport pour chien, le meilleur sac de transport pour chien, le sac de voyage pour chien du fabricant. Votre solution commerciale id\u00e9ale avec Petstar.","breadcrumb":{"@id":"https:\/\/petproducts.com.cn\/product\/dog-carrying-bag-factory-dog-travel-carrier-bag\/#breadcrumb"},"inLanguage":"fr-FR","potentialAction":[{"@type":"ReadAction","target":["https:\/\/petproducts.com.cn\/product\/dog-carrying-bag-factory-dog-travel-carrier-bag\/"]}]},{"@type":"ImageObject","inLanguage":"fr-FR","@id":"https:\/\/petproducts.com.cn\/product\/dog-carrying-bag-factory-dog-travel-carrier-bag\/#primaryimage","url":"https:\/\/petproducts.com.cn\/wp-content\/uploads\/2024\/04\/dog-carrying-bag.webp","contentUrl":"https:\/\/petproducts.com.cn\/wp-content\/uploads\/2024\/04\/dog-carrying-bag.webp","width":1000,"height":1000,"caption":"dog carrying bag"},{"@type":"BreadcrumbList","@id":"https:\/\/petproducts.com.cn\/product\/dog-carrying-bag-factory-dog-travel-carrier-bag\/#breadcrumb","itemListElement":[{"@type":"ListItem","position":1,"name":"HOME","item":"https:\/\/petproducts.com.cn\/"},{"@type":"ListItem","position":2,"name":"Products","item":"https:\/\/petproducts.com.cn\/shop\/"},{"@type":"ListItem","position":3,"name":"Dog Carriers &amp; Car Supplies","item":"https:\/\/petproducts.com.cn\/product-category\/dog-carriers-car-supplies\/"},{"@type":"ListItem","position":4,"name":"Dog Carrying Bag Factory Dog Travel Carrier Bag"}]},{"@type":"WebSite","@id":"https:\/\/petproducts.com.cn\/#website","url":"https:\/\/petproducts.com.cn\/","name":"Petstar","description":"Fabricant leader de fournitures pour animaux de compagnie et fournisseur OEM de produits pour animaux de compagnie","publisher":{"@id":"https:\/\/petproducts.com.cn\/#organization"},"alternateName":"Petstar Pet Supplies","potentialAction":[{"@type":"SearchAction","target":{"@type":"EntryPoint","urlTemplate":"https:\/\/petproducts.com.cn\/?s={search_term_string}"},"query-input":{"@type":"PropertyValueSpecification","valueRequired":true,"valueName":"search_term_string"}}],"inLanguage":"fr-FR"},{"@type":"Organization","@id":"https:\/\/petproducts.com.cn\/#organization","name":"Petstar","url":"https:\/\/petproducts.com.cn\/","logo":{"@type":"ImageObject","inLanguage":"fr-FR","@id":"https:\/\/petproducts.com.cn\/#\/schema\/logo\/image\/","url":"https:\/\/petproducts.com.cn\/wp-content\/uploads\/2020\/02\/petstar-logo.webp","contentUrl":"https:\/\/petproducts.com.cn\/wp-content\/uploads\/2020\/02\/petstar-logo.webp","width":779,"height":520,"caption":"Petstar"},"image":{"@id":"https:\/\/petproducts.com.cn\/#\/schema\/logo\/image\/"}}]}},"_links":{"self":[{"href":"https:\/\/petproducts.com.cn\/fr\/wp-json\/wp\/v2\/product\/22534","targetHints":{"allow":["GET"]}}],"collection":[{"href":"https:\/\/petproducts.com.cn\/fr\/wp-json\/wp\/v2\/product"}],"about":[{"href":"https:\/\/petproducts.com.cn\/fr\/wp-json\/wp\/v2\/types\/product"}],"version-history":[{"count":3,"href":"https:\/\/petproducts.com.cn\/fr\/wp-json\/wp\/v2\/product\/22534\/revisions"}],"predecessor-version":[{"id":22543,"href":"https:\/\/petproducts.com.cn\/fr\/wp-json\/wp\/v2\/product\/22534\/revisions\/22543"}],"wp:featuredmedia":[{"embeddable":true,"href":"https:\/\/petproducts.com.cn\/fr\/wp-json\/wp\/v2\/media\/22537"}],"wp:attachment":[{"href":"https:\/\/petproducts.com.cn\/fr\/wp-json\/wp\/v2\/media?parent=22534"}],"wp:term":[{"taxonomy":"product_brand","embeddable":true,"href":"https:\/\/petproducts.com.cn\/fr\/wp-json\/wp\/v2\/product_brand?post=22534"},{"taxonomy":"product_cat","embeddable":true,"href":"https:\/\/petproducts.com.cn\/fr\/wp-json\/wp\/v2\/product_cat?post=22534"},{"taxonomy":"product_tag","embeddable":true,"href":"https:\/\/petproducts.com.cn\/fr\/wp-json\/wp\/v2\/product_tag?post=22534"}],"curies":[{"name":"wp","href":"https:\/\/api.w.org\/{rel}","templated":true}]}}