{"id":22664,"date":"2024-04-24T08:38:15","date_gmt":"2024-04-24T08:38:15","guid":{"rendered":"https:\/\/petproducts.com.cn\/?post_type=product&#038;p=22664"},"modified":"2024-04-24T08:56:44","modified_gmt":"2024-04-24T08:56:44","slug":"2-in-1-cat-carrier-custom-zipper-cat-travel-carrier","status":"publish","type":"product","link":"https:\/\/petproducts.com.cn\/fr\/product\/2-in-1-cat-carrier-custom-zipper-cat-travel-carrier\/","title":{"rendered":"Transporteur de voyage pour chat \u00e0 fermeture \u00e9clair personnalis\u00e9 2 en 1"},"content":{"rendered":"<h2>Caract\u00e9ristiques de la cage \u00e0 chat 2 en 1<\/h2>\n<ol>\n<li><strong>Taille spacieuse<\/strong>: Notre cage de transport pour chats 2 en 1 offre un grand espace avec des dimensions de 58 x 78 cm, garantissant le confort des chats pendant le voyage. Cette taille g\u00e9n\u00e9reuse offre suffisamment d'espace pour que les chats puissent se d\u00e9placer et se d\u00e9tendre, favorisant ainsi un voyage sans stress.<\/li>\n<li><strong>Double fonction<\/strong>: Con\u00e7ue pour \u00eatre polyvalente, notre cage de transport pour chats a une double fonction. En plus d'\u00eatre une cage de transport pour animaux de compagnie, elle peut \u00e9galement \u00eatre transform\u00e9e en gilet thermique pour hommes, offrant ainsi une valeur ajout\u00e9e et une fonctionnalit\u00e9 accrue aux utilisateurs.<\/li>\n<li><strong>Porte-animaux d\u00e9tachable<\/strong>: Gr\u00e2ce \u00e0 sa conception amovible, notre cage de transport pour chats \u00e0 fermeture \u00e9clair est pratique et flexible. Le composant de la cage de transport peut \u00eatre facilement retir\u00e9, ce qui permet aux propri\u00e9taires d'animaux de l'utiliser ind\u00e9pendamment selon leurs besoins.<\/li>\n<li><strong>Tissu de matelassage durable<\/strong>: Fabriqu\u00e9 \u00e0 partir d'un tissu matelass\u00e9 durable, il garantit une qualit\u00e9 et une fiabilit\u00e9 \u00e0 long terme. Ce tissu est solide et r\u00e9sistant, offrant une protection aux animaux domestiques tout en conservant une apparence \u00e9l\u00e9gante.<\/li>\n<li><strong>Options de personnalisation<\/strong>: Elle est personnalisable en fonction des pr\u00e9f\u00e9rences et des besoins de chacun. De la s\u00e9lection des couleurs et des motifs \u00e0 l'ajout de d\u00e9tails personnalis\u00e9s, les clients ont la libert\u00e9 de cr\u00e9er une cage de transport qui refl\u00e8te leur style unique tout en garantissant un confort et une fonctionnalit\u00e9 optimaux \u00e0 leurs compagnons \u00e0 fourrure.<\/li>\n<li><strong>Fermeture \u00e0 glissi\u00e8re s\u00e9curis\u00e9e<\/strong>: Gr\u00e2ce \u00e0 sa fermeture \u00e0 glissi\u00e8re, notre cage de transport pour chats permet aux animaux de compagnie de rester enferm\u00e9s en toute s\u00e9curit\u00e9 pendant les d\u00e9placements. La fermeture \u00e0 glissi\u00e8re ajoute une couche suppl\u00e9mentaire de s\u00e9curit\u00e9, emp\u00eachant les animaux de s'\u00e9chapper et offrant \u00e0 leurs propri\u00e9taires une tranquillit\u00e9 d'esprit.<\/li>\n<\/ol>","protected":false},"excerpt":{"rendered":"<p>Nous sommes un fabricant de cage de transport pour chat 2 en 1, avec plus de 20 ans d'exp\u00e9rience. Nous offrons des options de personnalisation pour la couleur, la taille, le tissu, le motif, le logo et d'autres caract\u00e9ristiques.<\/p>","protected":false},"featured_media":22665,"template":"","meta":{"_acf_changed":false},"product_brand":[],"product_cat":[133,71,132,72],"product_tag":[145,144],"class_list":{"0":"post-22664","1":"product","2":"type-product","3":"status-publish","4":"has-post-thumbnail","6":"product_cat-cat-carriers-car-supplies","7":"product_cat-cat-supplies","8":"product_cat-dog-carriers-car-supplies","9":"product_cat-dog-supplies","10":"product_tag-cat-carriers-car-supplies","11":"product_tag-dog-carriers-car-supplies","13":"first","14":"instock","15":"shipping-taxable","16":"product-type-simple"},"acf":[],"yoast_head":"<!-- This site is optimized with the Yoast SEO plugin v27.1.1 - https:\/\/yoast.com\/product\/yoast-seo-wordpress\/ -->\n<title>2 in 1 cat carrier | Custom Zipper Cat Travel Carrier - Petstar<\/title>\n<meta name=\"description\" content=\"Explore czipper cat carrier, 2 in 1 cat carrier, cat travel carrier from the manufacturer. Your ideal business solution with Petstar.\" \/>\n<meta name=\"robots\" content=\"index, follow, max-snippet:-1, max-image-preview:large, max-video-preview:-1\" \/>\n<link rel=\"canonical\" href=\"https:\/\/petproducts.com.cn\/fr\/produit\/2-in-1-cat-carrier-custom-zipper-cat-travel-carrier\/\" \/>\n<meta property=\"og:locale\" content=\"fr_FR\" \/>\n<meta property=\"og:type\" content=\"article\" \/>\n<meta property=\"og:title\" content=\"2 in 1 cat carrier | Custom Zipper Cat Travel Carrier - Petstar\" \/>\n<meta property=\"og:description\" content=\"Explore czipper cat carrier, 2 in 1 cat carrier, cat travel carrier from the manufacturer. Your ideal business solution with Petstar.\" \/>\n<meta property=\"og:url\" content=\"https:\/\/petproducts.com.cn\/fr\/produit\/2-in-1-cat-carrier-custom-zipper-cat-travel-carrier\/\" \/>\n<meta property=\"og:site_name\" content=\"Petstar\" \/>\n<meta property=\"article:modified_time\" content=\"2024-04-24T08:56:44+00:00\" \/>\n<meta property=\"og:image\" content=\"https:\/\/petproducts.com.cn\/wp-content\/uploads\/2024\/04\/2-in-1-cat-carrier.webp\" \/>\n\t<meta property=\"og:image:width\" content=\"800\" \/>\n\t<meta property=\"og:image:height\" content=\"800\" \/>\n\t<meta property=\"og:image:type\" content=\"image\/webp\" \/>\n<meta name=\"twitter:card\" content=\"summary_large_image\" \/>\n<meta name=\"twitter:label1\" content=\"Dur\u00e9e de lecture estim\u00e9e\" \/>\n\t<meta name=\"twitter:data1\" content=\"1 minute\" \/>\n<script type=\"application\/ld+json\" class=\"yoast-schema-graph\">{\"@context\":\"https:\/\/schema.org\",\"@graph\":[{\"@type\":\"WebPage\",\"@id\":\"https:\/\/petproducts.com.cn\/product\/2-in-1-cat-carrier-custom-zipper-cat-travel-carrier\/\",\"url\":\"https:\/\/petproducts.com.cn\/product\/2-in-1-cat-carrier-custom-zipper-cat-travel-carrier\/\",\"name\":\"2 in 1 cat carrier | Custom Zipper Cat Travel Carrier - Petstar\",\"isPartOf\":{\"@id\":\"https:\/\/petproducts.com.cn\/#website\"},\"primaryImageOfPage\":{\"@id\":\"https:\/\/petproducts.com.cn\/product\/2-in-1-cat-carrier-custom-zipper-cat-travel-carrier\/#primaryimage\"},\"image\":{\"@id\":\"https:\/\/petproducts.com.cn\/product\/2-in-1-cat-carrier-custom-zipper-cat-travel-carrier\/#primaryimage\"},\"thumbnailUrl\":\"https:\/\/petproducts.com.cn\/wp-content\/uploads\/2024\/04\/2-in-1-cat-carrier.webp\",\"datePublished\":\"2024-04-24T08:38:15+00:00\",\"dateModified\":\"2024-04-24T08:56:44+00:00\",\"description\":\"Explore czipper cat carrier, 2 in 1 cat carrier, cat travel carrier from the manufacturer. Your ideal business solution with Petstar.\",\"breadcrumb\":{\"@id\":\"https:\/\/petproducts.com.cn\/product\/2-in-1-cat-carrier-custom-zipper-cat-travel-carrier\/#breadcrumb\"},\"inLanguage\":\"fr-FR\",\"potentialAction\":[{\"@type\":\"ReadAction\",\"target\":[\"https:\/\/petproducts.com.cn\/product\/2-in-1-cat-carrier-custom-zipper-cat-travel-carrier\/\"]}]},{\"@type\":\"ImageObject\",\"inLanguage\":\"fr-FR\",\"@id\":\"https:\/\/petproducts.com.cn\/product\/2-in-1-cat-carrier-custom-zipper-cat-travel-carrier\/#primaryimage\",\"url\":\"https:\/\/petproducts.com.cn\/wp-content\/uploads\/2024\/04\/2-in-1-cat-carrier.webp\",\"contentUrl\":\"https:\/\/petproducts.com.cn\/wp-content\/uploads\/2024\/04\/2-in-1-cat-carrier.webp\",\"width\":800,\"height\":800,\"caption\":\"2 in 1 cat carrier\"},{\"@type\":\"BreadcrumbList\",\"@id\":\"https:\/\/petproducts.com.cn\/product\/2-in-1-cat-carrier-custom-zipper-cat-travel-carrier\/#breadcrumb\",\"itemListElement\":[{\"@type\":\"ListItem\",\"position\":1,\"name\":\"HOME\",\"item\":\"https:\/\/petproducts.com.cn\/\"},{\"@type\":\"ListItem\",\"position\":2,\"name\":\"Products\",\"item\":\"https:\/\/petproducts.com.cn\/shop\/\"},{\"@type\":\"ListItem\",\"position\":3,\"name\":\"Dog Carriers &amp; Car Supplies\",\"item\":\"https:\/\/petproducts.com.cn\/product-category\/dog-carriers-car-supplies\/\"},{\"@type\":\"ListItem\",\"position\":4,\"name\":\"2 In 1 Cat Carrier Custom Zipper Cat Travel Carrier\"}]},{\"@type\":\"WebSite\",\"@id\":\"https:\/\/petproducts.com.cn\/#website\",\"url\":\"https:\/\/petproducts.com.cn\/\",\"name\":\"Petstar\",\"description\":\"Leading Pet Supplies Manufacturer &amp; OEM Pet Products Supplier\",\"publisher\":{\"@id\":\"https:\/\/petproducts.com.cn\/#organization\"},\"alternateName\":\"Petstar Pet Supplies\",\"potentialAction\":[{\"@type\":\"SearchAction\",\"target\":{\"@type\":\"EntryPoint\",\"urlTemplate\":\"https:\/\/petproducts.com.cn\/?s={search_term_string}\"},\"query-input\":{\"@type\":\"PropertyValueSpecification\",\"valueRequired\":true,\"valueName\":\"search_term_string\"}}],\"inLanguage\":\"fr-FR\"},{\"@type\":\"Organization\",\"@id\":\"https:\/\/petproducts.com.cn\/#organization\",\"name\":\"Petstar\",\"url\":\"https:\/\/petproducts.com.cn\/\",\"logo\":{\"@type\":\"ImageObject\",\"inLanguage\":\"fr-FR\",\"@id\":\"https:\/\/petproducts.com.cn\/#\/schema\/logo\/image\/\",\"url\":\"https:\/\/petproducts.com.cn\/wp-content\/uploads\/2020\/02\/petstar-logo.webp\",\"contentUrl\":\"https:\/\/petproducts.com.cn\/wp-content\/uploads\/2020\/02\/petstar-logo.webp\",\"width\":779,\"height\":520,\"caption\":\"Petstar\"},\"image\":{\"@id\":\"https:\/\/petproducts.com.cn\/#\/schema\/logo\/image\/\"}}]}<\/script>\n<!-- \/ Yoast SEO plugin. -->","yoast_head_json":{"title":"Porte chat 2 en 1 | Porte chat de voyage personnalis\u00e9 avec fermeture \u00e9clair - Petstar","description":"D\u00e9couvrez la cage de transport pour chat czipper, la cage de transport pour chat 2 en 1, la cage de transport pour chat du fabricant. Votre solution professionnelle id\u00e9ale avec Petstar.","robots":{"index":"index","follow":"follow","max-snippet":"max-snippet:-1","max-image-preview":"max-image-preview:large","max-video-preview":"max-video-preview:-1"},"canonical":"https:\/\/petproducts.com.cn\/fr\/produit\/2-in-1-cat-carrier-custom-zipper-cat-travel-carrier\/","og_locale":"fr_FR","og_type":"article","og_title":"2 in 1 cat carrier | Custom Zipper Cat Travel Carrier - Petstar","og_description":"Explore czipper cat carrier, 2 in 1 cat carrier, cat travel carrier from the manufacturer. Your ideal business solution with Petstar.","og_url":"https:\/\/petproducts.com.cn\/fr\/produit\/2-in-1-cat-carrier-custom-zipper-cat-travel-carrier\/","og_site_name":"Petstar","article_modified_time":"2024-04-24T08:56:44+00:00","og_image":[{"width":800,"height":800,"url":"https:\/\/petproducts.com.cn\/wp-content\/uploads\/2024\/04\/2-in-1-cat-carrier.webp","type":"image\/webp"}],"twitter_card":"summary_large_image","twitter_misc":{"Dur\u00e9e de lecture estim\u00e9e":"1 minute"},"schema":{"@context":"https:\/\/schema.org","@graph":[{"@type":"WebPage","@id":"https:\/\/petproducts.com.cn\/product\/2-in-1-cat-carrier-custom-zipper-cat-travel-carrier\/","url":"https:\/\/petproducts.com.cn\/product\/2-in-1-cat-carrier-custom-zipper-cat-travel-carrier\/","name":"Porte chat 2 en 1 | Porte chat de voyage personnalis\u00e9 avec fermeture \u00e9clair - Petstar","isPartOf":{"@id":"https:\/\/petproducts.com.cn\/#website"},"primaryImageOfPage":{"@id":"https:\/\/petproducts.com.cn\/product\/2-in-1-cat-carrier-custom-zipper-cat-travel-carrier\/#primaryimage"},"image":{"@id":"https:\/\/petproducts.com.cn\/product\/2-in-1-cat-carrier-custom-zipper-cat-travel-carrier\/#primaryimage"},"thumbnailUrl":"https:\/\/petproducts.com.cn\/wp-content\/uploads\/2024\/04\/2-in-1-cat-carrier.webp","datePublished":"2024-04-24T08:38:15+00:00","dateModified":"2024-04-24T08:56:44+00:00","description":"D\u00e9couvrez la cage de transport pour chat czipper, la cage de transport pour chat 2 en 1, la cage de transport pour chat du fabricant. Votre solution professionnelle id\u00e9ale avec Petstar.","breadcrumb":{"@id":"https:\/\/petproducts.com.cn\/product\/2-in-1-cat-carrier-custom-zipper-cat-travel-carrier\/#breadcrumb"},"inLanguage":"fr-FR","potentialAction":[{"@type":"ReadAction","target":["https:\/\/petproducts.com.cn\/product\/2-in-1-cat-carrier-custom-zipper-cat-travel-carrier\/"]}]},{"@type":"ImageObject","inLanguage":"fr-FR","@id":"https:\/\/petproducts.com.cn\/product\/2-in-1-cat-carrier-custom-zipper-cat-travel-carrier\/#primaryimage","url":"https:\/\/petproducts.com.cn\/wp-content\/uploads\/2024\/04\/2-in-1-cat-carrier.webp","contentUrl":"https:\/\/petproducts.com.cn\/wp-content\/uploads\/2024\/04\/2-in-1-cat-carrier.webp","width":800,"height":800,"caption":"2 in 1 cat carrier"},{"@type":"BreadcrumbList","@id":"https:\/\/petproducts.com.cn\/product\/2-in-1-cat-carrier-custom-zipper-cat-travel-carrier\/#breadcrumb","itemListElement":[{"@type":"ListItem","position":1,"name":"HOME","item":"https:\/\/petproducts.com.cn\/"},{"@type":"ListItem","position":2,"name":"Products","item":"https:\/\/petproducts.com.cn\/shop\/"},{"@type":"ListItem","position":3,"name":"Dog Carriers &amp; Car Supplies","item":"https:\/\/petproducts.com.cn\/product-category\/dog-carriers-car-supplies\/"},{"@type":"ListItem","position":4,"name":"2 In 1 Cat Carrier Custom Zipper Cat Travel Carrier"}]},{"@type":"WebSite","@id":"https:\/\/petproducts.com.cn\/#website","url":"https:\/\/petproducts.com.cn\/","name":"Petstar","description":"Fabricant leader de fournitures pour animaux de compagnie et fournisseur OEM de produits pour animaux de compagnie","publisher":{"@id":"https:\/\/petproducts.com.cn\/#organization"},"alternateName":"Petstar Pet Supplies","potentialAction":[{"@type":"SearchAction","target":{"@type":"EntryPoint","urlTemplate":"https:\/\/petproducts.com.cn\/?s={search_term_string}"},"query-input":{"@type":"PropertyValueSpecification","valueRequired":true,"valueName":"search_term_string"}}],"inLanguage":"fr-FR"},{"@type":"Organization","@id":"https:\/\/petproducts.com.cn\/#organization","name":"Petstar","url":"https:\/\/petproducts.com.cn\/","logo":{"@type":"ImageObject","inLanguage":"fr-FR","@id":"https:\/\/petproducts.com.cn\/#\/schema\/logo\/image\/","url":"https:\/\/petproducts.com.cn\/wp-content\/uploads\/2020\/02\/petstar-logo.webp","contentUrl":"https:\/\/petproducts.com.cn\/wp-content\/uploads\/2020\/02\/petstar-logo.webp","width":779,"height":520,"caption":"Petstar"},"image":{"@id":"https:\/\/petproducts.com.cn\/#\/schema\/logo\/image\/"}}]}},"_links":{"self":[{"href":"https:\/\/petproducts.com.cn\/fr\/wp-json\/wp\/v2\/product\/22664","targetHints":{"allow":["GET"]}}],"collection":[{"href":"https:\/\/petproducts.com.cn\/fr\/wp-json\/wp\/v2\/product"}],"about":[{"href":"https:\/\/petproducts.com.cn\/fr\/wp-json\/wp\/v2\/types\/product"}],"version-history":[{"count":3,"href":"https:\/\/petproducts.com.cn\/fr\/wp-json\/wp\/v2\/product\/22664\/revisions"}],"predecessor-version":[{"id":22673,"href":"https:\/\/petproducts.com.cn\/fr\/wp-json\/wp\/v2\/product\/22664\/revisions\/22673"}],"wp:featuredmedia":[{"embeddable":true,"href":"https:\/\/petproducts.com.cn\/fr\/wp-json\/wp\/v2\/media\/22665"}],"wp:attachment":[{"href":"https:\/\/petproducts.com.cn\/fr\/wp-json\/wp\/v2\/media?parent=22664"}],"wp:term":[{"taxonomy":"product_brand","embeddable":true,"href":"https:\/\/petproducts.com.cn\/fr\/wp-json\/wp\/v2\/product_brand?post=22664"},{"taxonomy":"product_cat","embeddable":true,"href":"https:\/\/petproducts.com.cn\/fr\/wp-json\/wp\/v2\/product_cat?post=22664"},{"taxonomy":"product_tag","embeddable":true,"href":"https:\/\/petproducts.com.cn\/fr\/wp-json\/wp\/v2\/product_tag?post=22664"}],"curies":[{"name":"wp","href":"https:\/\/api.w.org\/{rel}","templated":true}]}}