{"id":22838,"date":"2024-04-26T05:50:49","date_gmt":"2024-04-26T05:50:49","guid":{"rendered":"https:\/\/petproducts.com.cn\/?post_type=product&#038;p=22838"},"modified":"2024-08-23T01:26:38","modified_gmt":"2024-08-23T01:26:38","slug":"dog-vest-harnesses-polyester-cat-dog-harness","status":"publish","type":"product","link":"https:\/\/petproducts.com.cn\/fr\/product\/dog-vest-harnesses-polyester-cat-dog-harness\/","title":{"rendered":"Harnais de gilet pour chien Harnais pour chien en polyester"},"content":{"rendered":"<h2>Caract\u00e9ristiques des harnais pour chiens<\/h2>\n<ol>\n<li><strong>Doublure en maille respirante<\/strong><br \/>\nLa doublure en maille de nos harnais pour chiens favorise la circulation de l'air, ce qui permet \u00e0 vos animaux de compagnie de rester au frais et \u00e0 l'aise. Cette conception respirante est id\u00e9ale par temps chaud, permettant \u00e0 vos animaux de compagnie de profiter des promenades sans avoir trop chaud. Gr\u00e2ce \u00e0 cette caract\u00e9ristique, vos animaux de compagnie peuvent rester actifs et heureux.<\/li>\n<li><strong>Mati\u00e8re souple et confortable<\/strong><br \/>\nFabriqu\u00e9s en polyester de haute qualit\u00e9, nos harnais sont doux au toucher et respectent la peau de votre animal. Ils sont donc confortables et r\u00e9duisent le risque d'irritation ou de frottement. La douceur de nos harnais pour chiens les rend parfaits pour les animaux \u00e0 la peau sensible.<\/li>\n<li><strong>Des fixations s\u00fbres et solides<\/strong><br \/>\nNos harnais sont dot\u00e9s d'attaches durables et de boucles robustes pour garantir la s\u00e9curit\u00e9 pendant les promenades. La conception fiable maintient le harnais en place, ce qui vous permet de profiter en toute tranquillit\u00e9 des activit\u00e9s de plein air avec vos animaux de compagnie. Ce niveau de s\u00e9curit\u00e9 fait de nos harnais pour animaux de compagnie un choix de confiance.<\/li>\n<li><strong>Design mignon et \u00e9l\u00e9gant<\/strong><br \/>\nNos harnais se d\u00e9clinent en plusieurs mod\u00e8les mignons et \u00e9l\u00e9gants, qui ajoutent du charme \u00e0 l'apparence de votre animal. Que vous ayez un petit chat ou un chiot plein de vie, ces harnais les mettront en valeur. Gr\u00e2ce \u00e0 leur aspect \u00e9l\u00e9gant, ces harnais conviennent \u00e0 diverses occasions, qu'il s'agisse de promenades quotidiennes ou d'\u00e9v\u00e9nements sp\u00e9ciaux.<\/li>\n<li><strong>Facile \u00e0 utiliser et \u00e0 entretenir<\/strong><br \/>\nCes harnais sont con\u00e7us pour \u00eatre faciles \u00e0 utiliser, ce qui vous permet de les mettre et de les enlever rapidement. Cette commodit\u00e9 est parfaite pour les propri\u00e9taires d'animaux qui ont besoin d'une solution simple pour harnacher leur animal. De plus, nos harnais pour chiens sont lavables en machine, ce qui les rend faciles \u00e0 nettoyer et \u00e0 entretenir.<\/li>\n<li><strong>Id\u00e9al pour les chats et les chiens<\/strong><br \/>\nNos harnais pour chiens sont suffisamment polyvalents pour \u00eatre utilis\u00e9s \u00e0 la fois pour les chats et les chiens, ce qui constitue une option fiable pour tous les propri\u00e9taires d'animaux de compagnie. Que vous promeniez votre chien ou votre chat, ces harnais offrent le soutien et le confort dont vous avez besoin. Cette polyvalence leur permet de s'adapter facilement au mode de vie de votre animal.<\/li>\n<\/ol>","protected":false},"excerpt":{"rendered":"<p>Nous sommes un fabricant de colliers, laisses et harnais pour animaux de compagnie avec plus de 20 ans d'exp\u00e9rience. Nous offrons des options de personnalisation pour la couleur, la taille, le tissu, le motif, le logo et d'autres caract\u00e9ristiques.<\/p>","protected":false},"featured_media":22844,"template":"","meta":{"_acf_changed":false},"product_brand":[],"product_cat":[130,71,124,72],"product_tag":[211],"class_list":{"0":"post-22838","1":"product","2":"type-product","3":"status-publish","4":"has-post-thumbnail","6":"product_cat-cat-collars-leashes-harnesses","7":"product_cat-cat-supplies","8":"product_cat-dog-collars-leashes-harnesses","9":"product_cat-dog-supplies","10":"product_tag-pet-harnesses","12":"first","13":"instock","14":"shipping-taxable","15":"product-type-simple"},"acf":[],"yoast_head":"<!-- This site is optimized with the Yoast SEO plugin v27.1.1 - https:\/\/yoast.com\/product\/yoast-seo-wordpress\/ -->\n<title>Dog Vest Harnesses | Cat Dog Harness Manufacturer - Petstar<\/title>\n<meta name=\"description\" content=\"Explore dog vest harnesses, polyester dog harness, cat harness from the manufacturer. Your ideal business solution with Petstar.\" \/>\n<meta name=\"robots\" content=\"index, follow, max-snippet:-1, max-image-preview:large, max-video-preview:-1\" \/>\n<link rel=\"canonical\" href=\"https:\/\/petproducts.com.cn\/fr\/produit\/dog-vest-harnesses-polyester-cat-dog-harness\/\" \/>\n<meta property=\"og:locale\" content=\"fr_FR\" \/>\n<meta property=\"og:type\" content=\"article\" \/>\n<meta property=\"og:title\" content=\"Dog Vest Harnesses | Cat Dog Harness Manufacturer - Petstar\" \/>\n<meta property=\"og:description\" content=\"Explore dog vest harnesses, polyester dog harness, cat harness from the manufacturer. Your ideal business solution with Petstar.\" \/>\n<meta property=\"og:url\" content=\"https:\/\/petproducts.com.cn\/fr\/produit\/dog-vest-harnesses-polyester-cat-dog-harness\/\" \/>\n<meta property=\"og:site_name\" content=\"Petstar\" \/>\n<meta property=\"article:modified_time\" content=\"2024-08-23T01:26:38+00:00\" \/>\n<meta property=\"og:image\" content=\"https:\/\/petproducts.com.cn\/wp-content\/uploads\/2024\/04\/dog-vest-harnesses-1.webp\" \/>\n\t<meta property=\"og:image:width\" content=\"1000\" \/>\n\t<meta property=\"og:image:height\" content=\"1000\" \/>\n\t<meta property=\"og:image:type\" content=\"image\/webp\" \/>\n<meta name=\"twitter:card\" content=\"summary_large_image\" \/>\n<meta name=\"twitter:label1\" content=\"Dur\u00e9e de lecture estim\u00e9e\" \/>\n\t<meta name=\"twitter:data1\" content=\"2 minutes\" \/>\n<script type=\"application\/ld+json\" class=\"yoast-schema-graph\">{\"@context\":\"https:\/\/schema.org\",\"@graph\":[{\"@type\":\"WebPage\",\"@id\":\"https:\/\/petproducts.com.cn\/product\/dog-vest-harnesses-polyester-cat-dog-harness\/\",\"url\":\"https:\/\/petproducts.com.cn\/product\/dog-vest-harnesses-polyester-cat-dog-harness\/\",\"name\":\"Dog Vest Harnesses | Cat Dog Harness Manufacturer - Petstar\",\"isPartOf\":{\"@id\":\"https:\/\/petproducts.com.cn\/#website\"},\"primaryImageOfPage\":{\"@id\":\"https:\/\/petproducts.com.cn\/product\/dog-vest-harnesses-polyester-cat-dog-harness\/#primaryimage\"},\"image\":{\"@id\":\"https:\/\/petproducts.com.cn\/product\/dog-vest-harnesses-polyester-cat-dog-harness\/#primaryimage\"},\"thumbnailUrl\":\"https:\/\/petproducts.com.cn\/wp-content\/uploads\/2024\/04\/dog-vest-harnesses-1.webp\",\"datePublished\":\"2024-04-26T05:50:49+00:00\",\"dateModified\":\"2024-08-23T01:26:38+00:00\",\"description\":\"Explore dog vest harnesses, polyester dog harness, cat harness from the manufacturer. Your ideal business solution with Petstar.\",\"breadcrumb\":{\"@id\":\"https:\/\/petproducts.com.cn\/product\/dog-vest-harnesses-polyester-cat-dog-harness\/#breadcrumb\"},\"inLanguage\":\"fr-FR\",\"potentialAction\":[{\"@type\":\"ReadAction\",\"target\":[\"https:\/\/petproducts.com.cn\/product\/dog-vest-harnesses-polyester-cat-dog-harness\/\"]}]},{\"@type\":\"ImageObject\",\"inLanguage\":\"fr-FR\",\"@id\":\"https:\/\/petproducts.com.cn\/product\/dog-vest-harnesses-polyester-cat-dog-harness\/#primaryimage\",\"url\":\"https:\/\/petproducts.com.cn\/wp-content\/uploads\/2024\/04\/dog-vest-harnesses-1.webp\",\"contentUrl\":\"https:\/\/petproducts.com.cn\/wp-content\/uploads\/2024\/04\/dog-vest-harnesses-1.webp\",\"width\":1000,\"height\":1000,\"caption\":\"dog vest harnesses\"},{\"@type\":\"BreadcrumbList\",\"@id\":\"https:\/\/petproducts.com.cn\/product\/dog-vest-harnesses-polyester-cat-dog-harness\/#breadcrumb\",\"itemListElement\":[{\"@type\":\"ListItem\",\"position\":1,\"name\":\"HOME\",\"item\":\"https:\/\/petproducts.com.cn\/\"},{\"@type\":\"ListItem\",\"position\":2,\"name\":\"Products\",\"item\":\"https:\/\/petproducts.com.cn\/shop\/\"},{\"@type\":\"ListItem\",\"position\":3,\"name\":\"Dog Collars, Leashes &amp; Harnesses\",\"item\":\"https:\/\/petproducts.com.cn\/product-category\/dog-collars-leashes-harnesses\/\"},{\"@type\":\"ListItem\",\"position\":4,\"name\":\"Dog Vest Harnesses Polyester Cat Dog Harness\"}]},{\"@type\":\"WebSite\",\"@id\":\"https:\/\/petproducts.com.cn\/#website\",\"url\":\"https:\/\/petproducts.com.cn\/\",\"name\":\"Petstar\",\"description\":\"Leading Pet Supplies Manufacturer &amp; OEM Pet Products Supplier\",\"publisher\":{\"@id\":\"https:\/\/petproducts.com.cn\/#organization\"},\"alternateName\":\"Petstar Pet Supplies\",\"potentialAction\":[{\"@type\":\"SearchAction\",\"target\":{\"@type\":\"EntryPoint\",\"urlTemplate\":\"https:\/\/petproducts.com.cn\/?s={search_term_string}\"},\"query-input\":{\"@type\":\"PropertyValueSpecification\",\"valueRequired\":true,\"valueName\":\"search_term_string\"}}],\"inLanguage\":\"fr-FR\"},{\"@type\":\"Organization\",\"@id\":\"https:\/\/petproducts.com.cn\/#organization\",\"name\":\"Petstar\",\"url\":\"https:\/\/petproducts.com.cn\/\",\"logo\":{\"@type\":\"ImageObject\",\"inLanguage\":\"fr-FR\",\"@id\":\"https:\/\/petproducts.com.cn\/#\/schema\/logo\/image\/\",\"url\":\"https:\/\/petproducts.com.cn\/wp-content\/uploads\/2020\/02\/petstar-logo.webp\",\"contentUrl\":\"https:\/\/petproducts.com.cn\/wp-content\/uploads\/2020\/02\/petstar-logo.webp\",\"width\":779,\"height\":520,\"caption\":\"Petstar\"},\"image\":{\"@id\":\"https:\/\/petproducts.com.cn\/#\/schema\/logo\/image\/\"}}]}<\/script>\n<!-- \/ Yoast SEO plugin. -->","yoast_head_json":{"title":"Harnais pour chien - Fabricant de harnais pour chien et chat - Petstar","description":"D\u00e9couvrez les harnais pour chiens, les harnais pour chiens en polyester et les harnais pour chats du fabricant. Votre solution commerciale id\u00e9ale avec Petstar.","robots":{"index":"index","follow":"follow","max-snippet":"max-snippet:-1","max-image-preview":"max-image-preview:large","max-video-preview":"max-video-preview:-1"},"canonical":"https:\/\/petproducts.com.cn\/fr\/produit\/dog-vest-harnesses-polyester-cat-dog-harness\/","og_locale":"fr_FR","og_type":"article","og_title":"Dog Vest Harnesses | Cat Dog Harness Manufacturer - Petstar","og_description":"Explore dog vest harnesses, polyester dog harness, cat harness from the manufacturer. Your ideal business solution with Petstar.","og_url":"https:\/\/petproducts.com.cn\/fr\/produit\/dog-vest-harnesses-polyester-cat-dog-harness\/","og_site_name":"Petstar","article_modified_time":"2024-08-23T01:26:38+00:00","og_image":[{"width":1000,"height":1000,"url":"https:\/\/petproducts.com.cn\/wp-content\/uploads\/2024\/04\/dog-vest-harnesses-1.webp","type":"image\/webp"}],"twitter_card":"summary_large_image","twitter_misc":{"Dur\u00e9e de lecture estim\u00e9e":"2 minutes"},"schema":{"@context":"https:\/\/schema.org","@graph":[{"@type":"WebPage","@id":"https:\/\/petproducts.com.cn\/product\/dog-vest-harnesses-polyester-cat-dog-harness\/","url":"https:\/\/petproducts.com.cn\/product\/dog-vest-harnesses-polyester-cat-dog-harness\/","name":"Harnais pour chien - Fabricant de harnais pour chien et chat - Petstar","isPartOf":{"@id":"https:\/\/petproducts.com.cn\/#website"},"primaryImageOfPage":{"@id":"https:\/\/petproducts.com.cn\/product\/dog-vest-harnesses-polyester-cat-dog-harness\/#primaryimage"},"image":{"@id":"https:\/\/petproducts.com.cn\/product\/dog-vest-harnesses-polyester-cat-dog-harness\/#primaryimage"},"thumbnailUrl":"https:\/\/petproducts.com.cn\/wp-content\/uploads\/2024\/04\/dog-vest-harnesses-1.webp","datePublished":"2024-04-26T05:50:49+00:00","dateModified":"2024-08-23T01:26:38+00:00","description":"D\u00e9couvrez les harnais pour chiens, les harnais pour chiens en polyester et les harnais pour chats du fabricant. Votre solution commerciale id\u00e9ale avec Petstar.","breadcrumb":{"@id":"https:\/\/petproducts.com.cn\/product\/dog-vest-harnesses-polyester-cat-dog-harness\/#breadcrumb"},"inLanguage":"fr-FR","potentialAction":[{"@type":"ReadAction","target":["https:\/\/petproducts.com.cn\/product\/dog-vest-harnesses-polyester-cat-dog-harness\/"]}]},{"@type":"ImageObject","inLanguage":"fr-FR","@id":"https:\/\/petproducts.com.cn\/product\/dog-vest-harnesses-polyester-cat-dog-harness\/#primaryimage","url":"https:\/\/petproducts.com.cn\/wp-content\/uploads\/2024\/04\/dog-vest-harnesses-1.webp","contentUrl":"https:\/\/petproducts.com.cn\/wp-content\/uploads\/2024\/04\/dog-vest-harnesses-1.webp","width":1000,"height":1000,"caption":"dog vest harnesses"},{"@type":"BreadcrumbList","@id":"https:\/\/petproducts.com.cn\/product\/dog-vest-harnesses-polyester-cat-dog-harness\/#breadcrumb","itemListElement":[{"@type":"ListItem","position":1,"name":"HOME","item":"https:\/\/petproducts.com.cn\/"},{"@type":"ListItem","position":2,"name":"Products","item":"https:\/\/petproducts.com.cn\/shop\/"},{"@type":"ListItem","position":3,"name":"Dog Collars, Leashes &amp; Harnesses","item":"https:\/\/petproducts.com.cn\/product-category\/dog-collars-leashes-harnesses\/"},{"@type":"ListItem","position":4,"name":"Dog Vest Harnesses Polyester Cat Dog Harness"}]},{"@type":"WebSite","@id":"https:\/\/petproducts.com.cn\/#website","url":"https:\/\/petproducts.com.cn\/","name":"Petstar","description":"Fabricant leader de fournitures pour animaux de compagnie et fournisseur OEM de produits pour animaux de compagnie","publisher":{"@id":"https:\/\/petproducts.com.cn\/#organization"},"alternateName":"Petstar Pet Supplies","potentialAction":[{"@type":"SearchAction","target":{"@type":"EntryPoint","urlTemplate":"https:\/\/petproducts.com.cn\/?s={search_term_string}"},"query-input":{"@type":"PropertyValueSpecification","valueRequired":true,"valueName":"search_term_string"}}],"inLanguage":"fr-FR"},{"@type":"Organization","@id":"https:\/\/petproducts.com.cn\/#organization","name":"Petstar","url":"https:\/\/petproducts.com.cn\/","logo":{"@type":"ImageObject","inLanguage":"fr-FR","@id":"https:\/\/petproducts.com.cn\/#\/schema\/logo\/image\/","url":"https:\/\/petproducts.com.cn\/wp-content\/uploads\/2020\/02\/petstar-logo.webp","contentUrl":"https:\/\/petproducts.com.cn\/wp-content\/uploads\/2020\/02\/petstar-logo.webp","width":779,"height":520,"caption":"Petstar"},"image":{"@id":"https:\/\/petproducts.com.cn\/#\/schema\/logo\/image\/"}}]}},"_links":{"self":[{"href":"https:\/\/petproducts.com.cn\/fr\/wp-json\/wp\/v2\/product\/22838","targetHints":{"allow":["GET"]}}],"collection":[{"href":"https:\/\/petproducts.com.cn\/fr\/wp-json\/wp\/v2\/product"}],"about":[{"href":"https:\/\/petproducts.com.cn\/fr\/wp-json\/wp\/v2\/types\/product"}],"version-history":[{"count":2,"href":"https:\/\/petproducts.com.cn\/fr\/wp-json\/wp\/v2\/product\/22838\/revisions"}],"predecessor-version":[{"id":22847,"href":"https:\/\/petproducts.com.cn\/fr\/wp-json\/wp\/v2\/product\/22838\/revisions\/22847"}],"wp:featuredmedia":[{"embeddable":true,"href":"https:\/\/petproducts.com.cn\/fr\/wp-json\/wp\/v2\/media\/22844"}],"wp:attachment":[{"href":"https:\/\/petproducts.com.cn\/fr\/wp-json\/wp\/v2\/media?parent=22838"}],"wp:term":[{"taxonomy":"product_brand","embeddable":true,"href":"https:\/\/petproducts.com.cn\/fr\/wp-json\/wp\/v2\/product_brand?post=22838"},{"taxonomy":"product_cat","embeddable":true,"href":"https:\/\/petproducts.com.cn\/fr\/wp-json\/wp\/v2\/product_cat?post=22838"},{"taxonomy":"product_tag","embeddable":true,"href":"https:\/\/petproducts.com.cn\/fr\/wp-json\/wp\/v2\/product_tag?post=22838"}],"curies":[{"name":"wp","href":"https:\/\/api.w.org\/{rel}","templated":true}]}}