{"id":23697,"date":"2024-05-17T05:59:34","date_gmt":"2024-05-17T05:59:34","guid":{"rendered":"https:\/\/petproducts.com.cn\/?post_type=product&#038;p=23697"},"modified":"2024-05-17T06:56:46","modified_gmt":"2024-05-17T06:56:46","slug":"best-cat-litter-mat-litter-box-pads","status":"publish","type":"product","link":"https:\/\/petproducts.com.cn\/fr\/product\/best-cat-litter-mat-litter-box-pads\/","title":{"rendered":"Meilleurs tapis de liti\u00e8re pour chat"},"content":{"rendered":"<h2><strong>Caract\u00e9ristiques du meilleur tapis pour liti\u00e8re de chat<\/strong><\/h2>\n<ul>\n<li><strong>Conception innovante en EVA double couche<\/strong><br \/>\nNotre tapis de liti\u00e8re pour chat Best Cat Litter Mat est dot\u00e9 d'une double couche d'EVA qui capture et retient efficacement la liti\u00e8re errante. Cette conception innovante garantit la propret\u00e9 de vos sols, tout en offrant une surface confortable \u00e0 votre chat.<\/li>\n<li><strong>Ouvertures de la grille en nid d'abeille<\/strong><br \/>\nLes ouvertures en nid d'abeille de nos tapis pour bacs \u00e0 liti\u00e8re permettent \u00e0 la liti\u00e8re de tomber \u00e0 travers, en la retenant \u00e0 l'int\u00e9rieur du tapis. Cette caract\u00e9ristique emp\u00eache la liti\u00e8re de se r\u00e9pandre dans la maison, ce qui permet de garder votre espace de vie impeccable et de r\u00e9duire votre temps de nettoyage.<\/li>\n<li><strong>Processus d'\u00e9limination en une \u00e9tape<\/strong><br \/>\nLe nettoyage du tapis est incroyablement facile gr\u00e2ce \u00e0 notre processus d'\u00e9limination en une seule \u00e9tape. Il suffit de soulever le tapis et de verser la liti\u00e8re pi\u00e9g\u00e9e dans le bac \u00e0 liti\u00e8re ou dans une poubelle. Cette m\u00e9thode rapide et efficace vous permet d'\u00e9conomiser du temps et des efforts, faisant de la gestion de la liti\u00e8re un jeu d'enfant.<\/li>\n<li><strong>Facile \u00e0 nettoyer et \u00e0 entretenir<\/strong><br \/>\nLa surface lisse de nos tapis de liti\u00e8re pour chats facilite le nettoyage et l'entretien. Il suffit de secouer, de rincer ou d'essuyer le tapis pour qu'il reste propre et pr\u00eat \u00e0 l'emploi. Cette facilit\u00e9 de nettoyage vous permet de maintenir un environnement propre et hygi\u00e9nique pour votre chat.<\/li>\n<\/ul>","protected":false},"excerpt":{"rendered":"<p>Nous sommes un fabricant d'accessoires de liti\u00e8re pour chats avec plus de 20 ans d'exp\u00e9rience. Nous offrons des options de personnalisation pour la couleur, la taille, le tissu, le motif, le logo et d'autres caract\u00e9ristiques.<\/p>","protected":false},"featured_media":23702,"template":"","meta":{"_acf_changed":false},"product_brand":[],"product_cat":[138,71],"product_tag":[141],"class_list":{"0":"post-23697","1":"product","2":"type-product","3":"status-publish","4":"has-post-thumbnail","6":"product_cat-cat-litter-accessories","7":"product_cat-cat-supplies","8":"product_tag-cat-litter-accessories","10":"first","11":"instock","12":"shipping-taxable","13":"product-type-simple"},"acf":[],"yoast_head":"<!-- This site is optimized with the Yoast SEO plugin v27.1.1 - https:\/\/yoast.com\/product\/yoast-seo-wordpress\/ -->\n<title>Best Cat Litter Mat Factory | Litter Box Pads Manufacturer - Petstar<\/title>\n<meta name=\"description\" content=\"Explore best cat litter mat, litter box pads, cat litter pads directly from the manufacturer. Your ideal business solution with Petstar.\" \/>\n<meta name=\"robots\" content=\"index, follow, max-snippet:-1, max-image-preview:large, max-video-preview:-1\" \/>\n<link rel=\"canonical\" href=\"https:\/\/petproducts.com.cn\/fr\/produit\/best-cat-litter-mat-litter-box-pads\/\" \/>\n<meta property=\"og:locale\" content=\"fr_FR\" \/>\n<meta property=\"og:type\" content=\"article\" \/>\n<meta property=\"og:title\" content=\"Best Cat Litter Mat Factory | Litter Box Pads Manufacturer - Petstar\" \/>\n<meta property=\"og:description\" content=\"Explore best cat litter mat, litter box pads, cat litter pads directly from the manufacturer. Your ideal business solution with Petstar.\" \/>\n<meta property=\"og:url\" content=\"https:\/\/petproducts.com.cn\/fr\/produit\/best-cat-litter-mat-litter-box-pads\/\" \/>\n<meta property=\"og:site_name\" content=\"Petstar\" \/>\n<meta property=\"article:modified_time\" content=\"2024-05-17T06:56:46+00:00\" \/>\n<meta property=\"og:image\" content=\"https:\/\/petproducts.com.cn\/wp-content\/uploads\/2024\/05\/best-cat-litter-mat-2.webp\" \/>\n\t<meta property=\"og:image:width\" content=\"1000\" \/>\n\t<meta property=\"og:image:height\" content=\"1000\" \/>\n\t<meta property=\"og:image:type\" content=\"image\/webp\" \/>\n<meta name=\"twitter:card\" content=\"summary_large_image\" \/>\n<meta name=\"twitter:label1\" content=\"Dur\u00e9e de lecture estim\u00e9e\" \/>\n\t<meta name=\"twitter:data1\" content=\"2 minutes\" \/>\n<script type=\"application\/ld+json\" class=\"yoast-schema-graph\">{\"@context\":\"https:\/\/schema.org\",\"@graph\":[{\"@type\":\"WebPage\",\"@id\":\"https:\/\/petproducts.com.cn\/product\/best-cat-litter-mat-litter-box-pads\/\",\"url\":\"https:\/\/petproducts.com.cn\/product\/best-cat-litter-mat-litter-box-pads\/\",\"name\":\"Best Cat Litter Mat Factory | Litter Box Pads Manufacturer - Petstar\",\"isPartOf\":{\"@id\":\"https:\/\/petproducts.com.cn\/#website\"},\"primaryImageOfPage\":{\"@id\":\"https:\/\/petproducts.com.cn\/product\/best-cat-litter-mat-litter-box-pads\/#primaryimage\"},\"image\":{\"@id\":\"https:\/\/petproducts.com.cn\/product\/best-cat-litter-mat-litter-box-pads\/#primaryimage\"},\"thumbnailUrl\":\"https:\/\/petproducts.com.cn\/wp-content\/uploads\/2024\/05\/best-cat-litter-mat-2.webp\",\"datePublished\":\"2024-05-17T05:59:34+00:00\",\"dateModified\":\"2024-05-17T06:56:46+00:00\",\"description\":\"Explore best cat litter mat, litter box pads, cat litter pads directly from the manufacturer. Your ideal business solution with Petstar.\",\"breadcrumb\":{\"@id\":\"https:\/\/petproducts.com.cn\/product\/best-cat-litter-mat-litter-box-pads\/#breadcrumb\"},\"inLanguage\":\"fr-FR\",\"potentialAction\":[{\"@type\":\"ReadAction\",\"target\":[\"https:\/\/petproducts.com.cn\/product\/best-cat-litter-mat-litter-box-pads\/\"]}]},{\"@type\":\"ImageObject\",\"inLanguage\":\"fr-FR\",\"@id\":\"https:\/\/petproducts.com.cn\/product\/best-cat-litter-mat-litter-box-pads\/#primaryimage\",\"url\":\"https:\/\/petproducts.com.cn\/wp-content\/uploads\/2024\/05\/best-cat-litter-mat-2.webp\",\"contentUrl\":\"https:\/\/petproducts.com.cn\/wp-content\/uploads\/2024\/05\/best-cat-litter-mat-2.webp\",\"width\":1000,\"height\":1000,\"caption\":\"best cat litter mat\"},{\"@type\":\"BreadcrumbList\",\"@id\":\"https:\/\/petproducts.com.cn\/product\/best-cat-litter-mat-litter-box-pads\/#breadcrumb\",\"itemListElement\":[{\"@type\":\"ListItem\",\"position\":1,\"name\":\"HOME\",\"item\":\"https:\/\/petproducts.com.cn\/\"},{\"@type\":\"ListItem\",\"position\":2,\"name\":\"Products\",\"item\":\"https:\/\/petproducts.com.cn\/shop\/\"},{\"@type\":\"ListItem\",\"position\":3,\"name\":\"Cat Litter &amp; Accessories\",\"item\":\"https:\/\/petproducts.com.cn\/product-category\/cat-litter-accessories\/\"},{\"@type\":\"ListItem\",\"position\":4,\"name\":\"Best Cat Litter Mat Litter Box Pads\"}]},{\"@type\":\"WebSite\",\"@id\":\"https:\/\/petproducts.com.cn\/#website\",\"url\":\"https:\/\/petproducts.com.cn\/\",\"name\":\"Petstar\",\"description\":\"Leading Pet Supplies Manufacturer &amp; OEM Pet Products Supplier\",\"publisher\":{\"@id\":\"https:\/\/petproducts.com.cn\/#organization\"},\"alternateName\":\"Petstar Pet Supplies\",\"potentialAction\":[{\"@type\":\"SearchAction\",\"target\":{\"@type\":\"EntryPoint\",\"urlTemplate\":\"https:\/\/petproducts.com.cn\/?s={search_term_string}\"},\"query-input\":{\"@type\":\"PropertyValueSpecification\",\"valueRequired\":true,\"valueName\":\"search_term_string\"}}],\"inLanguage\":\"fr-FR\"},{\"@type\":\"Organization\",\"@id\":\"https:\/\/petproducts.com.cn\/#organization\",\"name\":\"Petstar\",\"url\":\"https:\/\/petproducts.com.cn\/\",\"logo\":{\"@type\":\"ImageObject\",\"inLanguage\":\"fr-FR\",\"@id\":\"https:\/\/petproducts.com.cn\/#\/schema\/logo\/image\/\",\"url\":\"https:\/\/petproducts.com.cn\/wp-content\/uploads\/2020\/02\/petstar-logo.webp\",\"contentUrl\":\"https:\/\/petproducts.com.cn\/wp-content\/uploads\/2020\/02\/petstar-logo.webp\",\"width\":779,\"height\":520,\"caption\":\"Petstar\"},\"image\":{\"@id\":\"https:\/\/petproducts.com.cn\/#\/schema\/logo\/image\/\"}}]}<\/script>\n<!-- \/ Yoast SEO plugin. -->","yoast_head_json":{"title":"Meilleur tapis de liti\u00e8re pour chat Fabricant de tapis de liti\u00e8re pour chat - Petstar","description":"D\u00e9couvrez les meilleurs tapis de liti\u00e8re pour chat, coussins de liti\u00e8re, coussins de liti\u00e8re pour chat directement du fabricant. Votre solution commerciale id\u00e9ale avec Petstar.","robots":{"index":"index","follow":"follow","max-snippet":"max-snippet:-1","max-image-preview":"max-image-preview:large","max-video-preview":"max-video-preview:-1"},"canonical":"https:\/\/petproducts.com.cn\/fr\/produit\/best-cat-litter-mat-litter-box-pads\/","og_locale":"fr_FR","og_type":"article","og_title":"Best Cat Litter Mat Factory | Litter Box Pads Manufacturer - Petstar","og_description":"Explore best cat litter mat, litter box pads, cat litter pads directly from the manufacturer. Your ideal business solution with Petstar.","og_url":"https:\/\/petproducts.com.cn\/fr\/produit\/best-cat-litter-mat-litter-box-pads\/","og_site_name":"Petstar","article_modified_time":"2024-05-17T06:56:46+00:00","og_image":[{"width":1000,"height":1000,"url":"https:\/\/petproducts.com.cn\/wp-content\/uploads\/2024\/05\/best-cat-litter-mat-2.webp","type":"image\/webp"}],"twitter_card":"summary_large_image","twitter_misc":{"Dur\u00e9e de lecture estim\u00e9e":"2 minutes"},"schema":{"@context":"https:\/\/schema.org","@graph":[{"@type":"WebPage","@id":"https:\/\/petproducts.com.cn\/product\/best-cat-litter-mat-litter-box-pads\/","url":"https:\/\/petproducts.com.cn\/product\/best-cat-litter-mat-litter-box-pads\/","name":"Meilleur tapis de liti\u00e8re pour chat Fabricant de tapis de liti\u00e8re pour chat - Petstar","isPartOf":{"@id":"https:\/\/petproducts.com.cn\/#website"},"primaryImageOfPage":{"@id":"https:\/\/petproducts.com.cn\/product\/best-cat-litter-mat-litter-box-pads\/#primaryimage"},"image":{"@id":"https:\/\/petproducts.com.cn\/product\/best-cat-litter-mat-litter-box-pads\/#primaryimage"},"thumbnailUrl":"https:\/\/petproducts.com.cn\/wp-content\/uploads\/2024\/05\/best-cat-litter-mat-2.webp","datePublished":"2024-05-17T05:59:34+00:00","dateModified":"2024-05-17T06:56:46+00:00","description":"D\u00e9couvrez les meilleurs tapis de liti\u00e8re pour chat, coussins de liti\u00e8re, coussins de liti\u00e8re pour chat directement du fabricant. Votre solution commerciale id\u00e9ale avec Petstar.","breadcrumb":{"@id":"https:\/\/petproducts.com.cn\/product\/best-cat-litter-mat-litter-box-pads\/#breadcrumb"},"inLanguage":"fr-FR","potentialAction":[{"@type":"ReadAction","target":["https:\/\/petproducts.com.cn\/product\/best-cat-litter-mat-litter-box-pads\/"]}]},{"@type":"ImageObject","inLanguage":"fr-FR","@id":"https:\/\/petproducts.com.cn\/product\/best-cat-litter-mat-litter-box-pads\/#primaryimage","url":"https:\/\/petproducts.com.cn\/wp-content\/uploads\/2024\/05\/best-cat-litter-mat-2.webp","contentUrl":"https:\/\/petproducts.com.cn\/wp-content\/uploads\/2024\/05\/best-cat-litter-mat-2.webp","width":1000,"height":1000,"caption":"best cat litter mat"},{"@type":"BreadcrumbList","@id":"https:\/\/petproducts.com.cn\/product\/best-cat-litter-mat-litter-box-pads\/#breadcrumb","itemListElement":[{"@type":"ListItem","position":1,"name":"HOME","item":"https:\/\/petproducts.com.cn\/"},{"@type":"ListItem","position":2,"name":"Products","item":"https:\/\/petproducts.com.cn\/shop\/"},{"@type":"ListItem","position":3,"name":"Cat Litter &amp; Accessories","item":"https:\/\/petproducts.com.cn\/product-category\/cat-litter-accessories\/"},{"@type":"ListItem","position":4,"name":"Best Cat Litter Mat Litter Box Pads"}]},{"@type":"WebSite","@id":"https:\/\/petproducts.com.cn\/#website","url":"https:\/\/petproducts.com.cn\/","name":"Petstar","description":"Fabricant leader de fournitures pour animaux de compagnie et fournisseur OEM de produits pour animaux de compagnie","publisher":{"@id":"https:\/\/petproducts.com.cn\/#organization"},"alternateName":"Petstar Pet Supplies","potentialAction":[{"@type":"SearchAction","target":{"@type":"EntryPoint","urlTemplate":"https:\/\/petproducts.com.cn\/?s={search_term_string}"},"query-input":{"@type":"PropertyValueSpecification","valueRequired":true,"valueName":"search_term_string"}}],"inLanguage":"fr-FR"},{"@type":"Organization","@id":"https:\/\/petproducts.com.cn\/#organization","name":"Petstar","url":"https:\/\/petproducts.com.cn\/","logo":{"@type":"ImageObject","inLanguage":"fr-FR","@id":"https:\/\/petproducts.com.cn\/#\/schema\/logo\/image\/","url":"https:\/\/petproducts.com.cn\/wp-content\/uploads\/2020\/02\/petstar-logo.webp","contentUrl":"https:\/\/petproducts.com.cn\/wp-content\/uploads\/2020\/02\/petstar-logo.webp","width":779,"height":520,"caption":"Petstar"},"image":{"@id":"https:\/\/petproducts.com.cn\/#\/schema\/logo\/image\/"}}]}},"_links":{"self":[{"href":"https:\/\/petproducts.com.cn\/fr\/wp-json\/wp\/v2\/product\/23697","targetHints":{"allow":["GET"]}}],"collection":[{"href":"https:\/\/petproducts.com.cn\/fr\/wp-json\/wp\/v2\/product"}],"about":[{"href":"https:\/\/petproducts.com.cn\/fr\/wp-json\/wp\/v2\/types\/product"}],"version-history":[{"count":2,"href":"https:\/\/petproducts.com.cn\/fr\/wp-json\/wp\/v2\/product\/23697\/revisions"}],"predecessor-version":[{"id":23707,"href":"https:\/\/petproducts.com.cn\/fr\/wp-json\/wp\/v2\/product\/23697\/revisions\/23707"}],"wp:featuredmedia":[{"embeddable":true,"href":"https:\/\/petproducts.com.cn\/fr\/wp-json\/wp\/v2\/media\/23702"}],"wp:attachment":[{"href":"https:\/\/petproducts.com.cn\/fr\/wp-json\/wp\/v2\/media?parent=23697"}],"wp:term":[{"taxonomy":"product_brand","embeddable":true,"href":"https:\/\/petproducts.com.cn\/fr\/wp-json\/wp\/v2\/product_brand?post=23697"},{"taxonomy":"product_cat","embeddable":true,"href":"https:\/\/petproducts.com.cn\/fr\/wp-json\/wp\/v2\/product_cat?post=23697"},{"taxonomy":"product_tag","embeddable":true,"href":"https:\/\/petproducts.com.cn\/fr\/wp-json\/wp\/v2\/product_tag?post=23697"}],"curies":[{"name":"wp","href":"https:\/\/api.w.org\/{rel}","templated":true}]}}