{"id":23783,"date":"2024-05-20T08:02:47","date_gmt":"2024-05-20T08:02:47","guid":{"rendered":"https:\/\/petproducts.com.cn\/?post_type=product&#038;p=23783"},"modified":"2024-09-05T02:09:01","modified_gmt":"2024-09-05T02:09:01","slug":"penguin-pet-toy-factory-durable-latex-pet-chew-toys","status":"publish","type":"product","link":"https:\/\/petproducts.com.cn\/fr\/product\/penguin-pet-toy-factory-durable-latex-pet-chew-toys\/","title":{"rendered":"Penguin Pet Toy Factory Jouets \u00e0 m\u00e2cher en latex durable pour animaux de compagnie"},"content":{"rendered":"<h2>Caract\u00e9ristiques du jouet Pingouin<\/h2>\n<ol>\n<li><strong>Taille optimale<\/strong>. Notre jouet Pingouin a des dimensions de 14,5 x 11 x 10 cm, ce qui lui conf\u00e8re une taille id\u00e9ale pour l'interaction avec les animaux de compagnie. Cette taille garantit que le jouet convient \u00e0 une vari\u00e9t\u00e9 de races et de tailles de chiens, offrant ainsi des options de divertissement polyvalentes.<\/li>\n<li><strong>Mat\u00e9riau durable en latex<\/strong>. Fabriqu\u00e9s en latex de haute qualit\u00e9, nos jouets en latex pour animaux de compagnie sont con\u00e7us pour durer. Le latex est connu pour sa durabilit\u00e9 et sa r\u00e9sistance, ce qui le rend id\u00e9al pour les animaux de compagnie qui aiment m\u00e2cher, garantissant ainsi une utilisation et un plaisir prolong\u00e9s.<\/li>\n<li><strong>Adorable forme de pingouin<\/strong>. Avec sa forme de pingouin, notre jouet pour animaux de compagnie fait appel \u00e0 l'instinct naturel des animaux pour jouer et explorer. Son design unique capte l'attention de l'animal, l'encourage \u00e0 jouer activement et le stimule mentalement.<\/li>\n<li><strong>Options personnalisables<\/strong>. Nos jouets \u00e0 m\u00e2cher durables pour animaux de compagnie peuvent \u00eatre personnalis\u00e9s pour r\u00e9pondre aux pr\u00e9f\u00e9rences individuelles et aux besoins de la marque. Les clients peuvent choisir parmi diff\u00e9rentes couleurs et motifs, et ajouter des d\u00e9tails personnalis\u00e9s, cr\u00e9ant ainsi un jouet qui refl\u00e8te leur style unique et l'identit\u00e9 de leur marque.<\/li>\n<li><strong>Qualit\u00e9 et s\u00e9curit\u00e9 \u00e9lev\u00e9es<\/strong>. Soucieux d'offrir ce qu'il y a de mieux aux animaux de compagnie, nos jouets pour animaux respectent des normes strictes en mati\u00e8re de qualit\u00e9 et de s\u00e9curit\u00e9. Nous veillons \u00e0 ce que nos jouets soient fabriqu\u00e9s \u00e0 partir de mat\u00e9riaux s\u00fbrs et non toxiques, ce qui permet aux propri\u00e9taires d'animaux de compagnie d'avoir l'esprit tranquille en sachant que leurs animaux jouent avec des jouets s\u00fbrs et de grande qualit\u00e9.<\/li>\n<\/ol>","protected":false},"excerpt":{"rendered":"<p>Nous sommes un fabricant de jouets pour animaux de compagnie en latex avec plus de 20 ans d'exp\u00e9rience. Nous offrons des options de personnalisation pour la couleur, la taille, le tissu, le motif, le logo et d'autres caract\u00e9ristiques.<\/p>","protected":false},"featured_media":23787,"template":"","meta":{"_acf_changed":false},"product_brand":[],"product_cat":[72,48],"product_tag":[223,238],"class_list":{"0":"post-23783","1":"product","2":"type-product","3":"status-publish","4":"has-post-thumbnail","6":"product_cat-dog-supplies","7":"product_cat-dog-toys","8":"product_tag-dog-chew-toys","9":"product_tag-latex-dog-toys","11":"first","12":"instock","13":"shipping-taxable","14":"product-type-simple"},"acf":[],"yoast_head":"<!-- This site is optimized with the Yoast SEO plugin v27.1.1 - https:\/\/yoast.com\/product\/yoast-seo-wordpress\/ -->\n<title>penguin pet toy | OEM Latex Pet Toys - Petstar<\/title>\n<meta name=\"description\" content=\"Explore penguin pet toy, latex pet toys, durable pet chew toys from the manufacturer. Your ideal business solution with Petstar.\" \/>\n<meta name=\"robots\" content=\"index, follow, max-snippet:-1, max-image-preview:large, max-video-preview:-1\" \/>\n<link rel=\"canonical\" href=\"https:\/\/petproducts.com.cn\/fr\/produit\/penguin-pet-toy-factory-durable-latex-pet-chew-toys\/\" \/>\n<meta property=\"og:locale\" content=\"fr_FR\" \/>\n<meta property=\"og:type\" content=\"article\" \/>\n<meta property=\"og:title\" content=\"penguin pet toy | OEM Latex Pet Toys - Petstar\" \/>\n<meta property=\"og:description\" content=\"Explore penguin pet toy, latex pet toys, durable pet chew toys from the manufacturer. Your ideal business solution with Petstar.\" \/>\n<meta property=\"og:url\" content=\"https:\/\/petproducts.com.cn\/fr\/produit\/penguin-pet-toy-factory-durable-latex-pet-chew-toys\/\" \/>\n<meta property=\"og:site_name\" content=\"Petstar\" \/>\n<meta property=\"article:modified_time\" content=\"2024-09-05T02:09:01+00:00\" \/>\n<meta property=\"og:image\" content=\"https:\/\/petproducts.com.cn\/wp-content\/uploads\/2024\/05\/penguin-pet-toy.webp\" \/>\n\t<meta property=\"og:image:width\" content=\"1000\" \/>\n\t<meta property=\"og:image:height\" content=\"1000\" \/>\n\t<meta property=\"og:image:type\" content=\"image\/webp\" \/>\n<meta name=\"twitter:card\" content=\"summary_large_image\" \/>\n<meta name=\"twitter:label1\" content=\"Dur\u00e9e de lecture estim\u00e9e\" \/>\n\t<meta name=\"twitter:data1\" content=\"2 minutes\" \/>\n<script type=\"application\/ld+json\" class=\"yoast-schema-graph\">{\"@context\":\"https:\/\/schema.org\",\"@graph\":[{\"@type\":\"WebPage\",\"@id\":\"https:\/\/petproducts.com.cn\/product\/penguin-pet-toy-factory-durable-latex-pet-chew-toys\/\",\"url\":\"https:\/\/petproducts.com.cn\/product\/penguin-pet-toy-factory-durable-latex-pet-chew-toys\/\",\"name\":\"penguin pet toy | OEM Latex Pet Toys - Petstar\",\"isPartOf\":{\"@id\":\"https:\/\/petproducts.com.cn\/#website\"},\"primaryImageOfPage\":{\"@id\":\"https:\/\/petproducts.com.cn\/product\/penguin-pet-toy-factory-durable-latex-pet-chew-toys\/#primaryimage\"},\"image\":{\"@id\":\"https:\/\/petproducts.com.cn\/product\/penguin-pet-toy-factory-durable-latex-pet-chew-toys\/#primaryimage\"},\"thumbnailUrl\":\"https:\/\/petproducts.com.cn\/wp-content\/uploads\/2024\/05\/penguin-pet-toy.webp\",\"datePublished\":\"2024-05-20T08:02:47+00:00\",\"dateModified\":\"2024-09-05T02:09:01+00:00\",\"description\":\"Explore penguin pet toy, latex pet toys, durable pet chew toys from the manufacturer. Your ideal business solution with Petstar.\",\"breadcrumb\":{\"@id\":\"https:\/\/petproducts.com.cn\/product\/penguin-pet-toy-factory-durable-latex-pet-chew-toys\/#breadcrumb\"},\"inLanguage\":\"fr-FR\",\"potentialAction\":[{\"@type\":\"ReadAction\",\"target\":[\"https:\/\/petproducts.com.cn\/product\/penguin-pet-toy-factory-durable-latex-pet-chew-toys\/\"]}]},{\"@type\":\"ImageObject\",\"inLanguage\":\"fr-FR\",\"@id\":\"https:\/\/petproducts.com.cn\/product\/penguin-pet-toy-factory-durable-latex-pet-chew-toys\/#primaryimage\",\"url\":\"https:\/\/petproducts.com.cn\/wp-content\/uploads\/2024\/05\/penguin-pet-toy.webp\",\"contentUrl\":\"https:\/\/petproducts.com.cn\/wp-content\/uploads\/2024\/05\/penguin-pet-toy.webp\",\"width\":1000,\"height\":1000,\"caption\":\"penguin pet toy\"},{\"@type\":\"BreadcrumbList\",\"@id\":\"https:\/\/petproducts.com.cn\/product\/penguin-pet-toy-factory-durable-latex-pet-chew-toys\/#breadcrumb\",\"itemListElement\":[{\"@type\":\"ListItem\",\"position\":1,\"name\":\"HOME\",\"item\":\"https:\/\/petproducts.com.cn\/\"},{\"@type\":\"ListItem\",\"position\":2,\"name\":\"Products\",\"item\":\"https:\/\/petproducts.com.cn\/shop\/\"},{\"@type\":\"ListItem\",\"position\":3,\"name\":\"Dog Toys\",\"item\":\"https:\/\/petproducts.com.cn\/product-category\/dog-toys\/\"},{\"@type\":\"ListItem\",\"position\":4,\"name\":\"Penguin Pet Toy Factory Durable Latex Pet Chew Toys\"}]},{\"@type\":\"WebSite\",\"@id\":\"https:\/\/petproducts.com.cn\/#website\",\"url\":\"https:\/\/petproducts.com.cn\/\",\"name\":\"Petstar\",\"description\":\"Leading Pet Supplies Manufacturer &amp; OEM Pet Products Supplier\",\"publisher\":{\"@id\":\"https:\/\/petproducts.com.cn\/#organization\"},\"alternateName\":\"Petstar Pet Supplies\",\"potentialAction\":[{\"@type\":\"SearchAction\",\"target\":{\"@type\":\"EntryPoint\",\"urlTemplate\":\"https:\/\/petproducts.com.cn\/?s={search_term_string}\"},\"query-input\":{\"@type\":\"PropertyValueSpecification\",\"valueRequired\":true,\"valueName\":\"search_term_string\"}}],\"inLanguage\":\"fr-FR\"},{\"@type\":\"Organization\",\"@id\":\"https:\/\/petproducts.com.cn\/#organization\",\"name\":\"Petstar\",\"url\":\"https:\/\/petproducts.com.cn\/\",\"logo\":{\"@type\":\"ImageObject\",\"inLanguage\":\"fr-FR\",\"@id\":\"https:\/\/petproducts.com.cn\/#\/schema\/logo\/image\/\",\"url\":\"https:\/\/petproducts.com.cn\/wp-content\/uploads\/2020\/02\/petstar-logo.webp\",\"contentUrl\":\"https:\/\/petproducts.com.cn\/wp-content\/uploads\/2020\/02\/petstar-logo.webp\",\"width\":779,\"height\":520,\"caption\":\"Petstar\"},\"image\":{\"@id\":\"https:\/\/petproducts.com.cn\/#\/schema\/logo\/image\/\"}}]}<\/script>\n<!-- \/ Yoast SEO plugin. -->","yoast_head_json":{"title":"jouet pingouin | OEM Latex Pet Toys - Petstar","description":"D\u00e9couvrez les jouets pour animaux pingouins, les jouets pour animaux en latex et les jouets \u00e0 m\u00e2cher durables du fabricant. Votre solution commerciale id\u00e9ale avec Petstar.","robots":{"index":"index","follow":"follow","max-snippet":"max-snippet:-1","max-image-preview":"max-image-preview:large","max-video-preview":"max-video-preview:-1"},"canonical":"https:\/\/petproducts.com.cn\/fr\/produit\/penguin-pet-toy-factory-durable-latex-pet-chew-toys\/","og_locale":"fr_FR","og_type":"article","og_title":"penguin pet toy | OEM Latex Pet Toys - Petstar","og_description":"Explore penguin pet toy, latex pet toys, durable pet chew toys from the manufacturer. Your ideal business solution with Petstar.","og_url":"https:\/\/petproducts.com.cn\/fr\/produit\/penguin-pet-toy-factory-durable-latex-pet-chew-toys\/","og_site_name":"Petstar","article_modified_time":"2024-09-05T02:09:01+00:00","og_image":[{"width":1000,"height":1000,"url":"https:\/\/petproducts.com.cn\/wp-content\/uploads\/2024\/05\/penguin-pet-toy.webp","type":"image\/webp"}],"twitter_card":"summary_large_image","twitter_misc":{"Dur\u00e9e de lecture estim\u00e9e":"2 minutes"},"schema":{"@context":"https:\/\/schema.org","@graph":[{"@type":"WebPage","@id":"https:\/\/petproducts.com.cn\/product\/penguin-pet-toy-factory-durable-latex-pet-chew-toys\/","url":"https:\/\/petproducts.com.cn\/product\/penguin-pet-toy-factory-durable-latex-pet-chew-toys\/","name":"jouet pingouin | OEM Latex Pet Toys - Petstar","isPartOf":{"@id":"https:\/\/petproducts.com.cn\/#website"},"primaryImageOfPage":{"@id":"https:\/\/petproducts.com.cn\/product\/penguin-pet-toy-factory-durable-latex-pet-chew-toys\/#primaryimage"},"image":{"@id":"https:\/\/petproducts.com.cn\/product\/penguin-pet-toy-factory-durable-latex-pet-chew-toys\/#primaryimage"},"thumbnailUrl":"https:\/\/petproducts.com.cn\/wp-content\/uploads\/2024\/05\/penguin-pet-toy.webp","datePublished":"2024-05-20T08:02:47+00:00","dateModified":"2024-09-05T02:09:01+00:00","description":"D\u00e9couvrez les jouets pour animaux pingouins, les jouets pour animaux en latex et les jouets \u00e0 m\u00e2cher durables du fabricant. Votre solution commerciale id\u00e9ale avec Petstar.","breadcrumb":{"@id":"https:\/\/petproducts.com.cn\/product\/penguin-pet-toy-factory-durable-latex-pet-chew-toys\/#breadcrumb"},"inLanguage":"fr-FR","potentialAction":[{"@type":"ReadAction","target":["https:\/\/petproducts.com.cn\/product\/penguin-pet-toy-factory-durable-latex-pet-chew-toys\/"]}]},{"@type":"ImageObject","inLanguage":"fr-FR","@id":"https:\/\/petproducts.com.cn\/product\/penguin-pet-toy-factory-durable-latex-pet-chew-toys\/#primaryimage","url":"https:\/\/petproducts.com.cn\/wp-content\/uploads\/2024\/05\/penguin-pet-toy.webp","contentUrl":"https:\/\/petproducts.com.cn\/wp-content\/uploads\/2024\/05\/penguin-pet-toy.webp","width":1000,"height":1000,"caption":"penguin pet toy"},{"@type":"BreadcrumbList","@id":"https:\/\/petproducts.com.cn\/product\/penguin-pet-toy-factory-durable-latex-pet-chew-toys\/#breadcrumb","itemListElement":[{"@type":"ListItem","position":1,"name":"HOME","item":"https:\/\/petproducts.com.cn\/"},{"@type":"ListItem","position":2,"name":"Products","item":"https:\/\/petproducts.com.cn\/shop\/"},{"@type":"ListItem","position":3,"name":"Dog Toys","item":"https:\/\/petproducts.com.cn\/product-category\/dog-toys\/"},{"@type":"ListItem","position":4,"name":"Penguin Pet Toy Factory Durable Latex Pet Chew Toys"}]},{"@type":"WebSite","@id":"https:\/\/petproducts.com.cn\/#website","url":"https:\/\/petproducts.com.cn\/","name":"Petstar","description":"Fabricant leader de fournitures pour animaux de compagnie et fournisseur OEM de produits pour animaux de compagnie","publisher":{"@id":"https:\/\/petproducts.com.cn\/#organization"},"alternateName":"Petstar Pet Supplies","potentialAction":[{"@type":"SearchAction","target":{"@type":"EntryPoint","urlTemplate":"https:\/\/petproducts.com.cn\/?s={search_term_string}"},"query-input":{"@type":"PropertyValueSpecification","valueRequired":true,"valueName":"search_term_string"}}],"inLanguage":"fr-FR"},{"@type":"Organization","@id":"https:\/\/petproducts.com.cn\/#organization","name":"Petstar","url":"https:\/\/petproducts.com.cn\/","logo":{"@type":"ImageObject","inLanguage":"fr-FR","@id":"https:\/\/petproducts.com.cn\/#\/schema\/logo\/image\/","url":"https:\/\/petproducts.com.cn\/wp-content\/uploads\/2020\/02\/petstar-logo.webp","contentUrl":"https:\/\/petproducts.com.cn\/wp-content\/uploads\/2020\/02\/petstar-logo.webp","width":779,"height":520,"caption":"Petstar"},"image":{"@id":"https:\/\/petproducts.com.cn\/#\/schema\/logo\/image\/"}}]}},"_links":{"self":[{"href":"https:\/\/petproducts.com.cn\/fr\/wp-json\/wp\/v2\/product\/23783","targetHints":{"allow":["GET"]}}],"collection":[{"href":"https:\/\/petproducts.com.cn\/fr\/wp-json\/wp\/v2\/product"}],"about":[{"href":"https:\/\/petproducts.com.cn\/fr\/wp-json\/wp\/v2\/types\/product"}],"version-history":[{"count":1,"href":"https:\/\/petproducts.com.cn\/fr\/wp-json\/wp\/v2\/product\/23783\/revisions"}],"predecessor-version":[{"id":23790,"href":"https:\/\/petproducts.com.cn\/fr\/wp-json\/wp\/v2\/product\/23783\/revisions\/23790"}],"wp:featuredmedia":[{"embeddable":true,"href":"https:\/\/petproducts.com.cn\/fr\/wp-json\/wp\/v2\/media\/23787"}],"wp:attachment":[{"href":"https:\/\/petproducts.com.cn\/fr\/wp-json\/wp\/v2\/media?parent=23783"}],"wp:term":[{"taxonomy":"product_brand","embeddable":true,"href":"https:\/\/petproducts.com.cn\/fr\/wp-json\/wp\/v2\/product_brand?post=23783"},{"taxonomy":"product_cat","embeddable":true,"href":"https:\/\/petproducts.com.cn\/fr\/wp-json\/wp\/v2\/product_cat?post=23783"},{"taxonomy":"product_tag","embeddable":true,"href":"https:\/\/petproducts.com.cn\/fr\/wp-json\/wp\/v2\/product_tag?post=23783"}],"curies":[{"name":"wp","href":"https:\/\/api.w.org\/{rel}","templated":true}]}}