{"id":23839,"date":"2024-05-21T03:10:31","date_gmt":"2024-05-21T03:10:31","guid":{"rendered":"https:\/\/petproducts.com.cn\/?post_type=product&#038;p=23839"},"modified":"2024-05-21T05:55:04","modified_gmt":"2024-05-21T05:55:04","slug":"best-cat-litter-scoop-cat-litter-box-shovel-with-bag","status":"publish","type":"product","link":"https:\/\/petproducts.com.cn\/fr\/product\/best-cat-litter-scoop-cat-litter-box-shovel-with-bag\/","title":{"rendered":"Meilleure pelle \u00e0 liti\u00e8re pour chat, pelle \u00e0 liti\u00e8re pour chat avec sac"},"content":{"rendered":"<h2><strong>Caract\u00e9ristiques de la meilleure pelle \u00e0 liti\u00e8re pour chat<\/strong><\/h2>\n<ul>\n<li><strong>Sac poubelle int\u00e9gr\u00e9 pour plus de commodit\u00e9<\/strong><br \/>\nLa meilleure pelle \u00e0 liti\u00e8re pour chat est \u00e9quip\u00e9e d'un sac poubelle int\u00e9gr\u00e9, ce qui rend le processus de nettoyage beaucoup plus pratique. Vous pouvez ramasser et jeter les d\u00e9chets en une seule \u00e9tape, ce qui vous permet de garder les mains propres et de r\u00e9duire le d\u00e9sordre.<\/li>\n<li><strong>Design d\u00e9tachable pour plus de polyvalence<\/strong><br \/>\nCette pelle \u00e0 liti\u00e8re pour chat avec sac a une conception d\u00e9tachable, vous permettant de retirer facilement le sac pour l&#039;\u00e9liminer ou le remplacer. La conception polyvalente vous permet de g\u00e9rer efficacement les d\u00e9chets, que ce soit \u00e0 la maison ou en d\u00e9placement.<\/li>\n<li><strong>Nettoyage \u00e0 bouton unique pour une plus grande facilit\u00e9 d'utilisation<\/strong><br \/>\nLe m\u00e9canisme de nettoyage \u00e0 bouton unique simplifie encore le processus. D'une simple pression, vous pouvez lib\u00e9rer les d\u00e9chets collect\u00e9s dans le sac, ce qui rend la t\u00e2che rapide et sans tracas. Cette fonction vous permet de passer moins de temps \u00e0 nettoyer et plus de temps \u00e0 profiter de votre animal.<\/li>\n<li><strong>Facile \u00e0 nettoyer et \u00e0 entretenir<\/strong><br \/>\nL'entretien de la pelle \u00e0 liti\u00e8re est simple. Les surfaces lisses et les pi\u00e8ces d\u00e9tachables facilitent le rin\u00e7age et le nettoyage, garantissant ainsi un environnement hygi\u00e9nique \u00e0 votre chat. Le nettoyage r\u00e9gulier est simple, vous aidant \u00e0 maintenir une zone de liti\u00e8re propre sans effort.<\/li>\n<li><strong>Construction durable et fiable<\/strong><br \/>\nFabriqu\u00e9e \u00e0 partir de mat\u00e9riaux de haute qualit\u00e9, la meilleure pelle \u00e0 liti\u00e8re pour chat est con\u00e7ue pour durer. Sa construction robuste lui permet de supporter une utilisation quotidienne sans usure et d'offrir des performances fiables au fil du temps.<\/li>\n<li><strong>Poign\u00e9e ergonomique pour une utilisation confortable<\/strong><br \/>\nLe design ergonomique de la poign\u00e9e garantit une utilisation confortable, vous permettant de ramasser la liti\u00e8re sans vous fatiguer la main ou le poignet. La poign\u00e9e offre une prise s\u00fbre, ce qui rend le processus de nettoyage fluide et efficace.<\/li>\n<\/ul>","protected":false},"excerpt":{"rendered":"<p>Nous sommes un fabricant d'accessoires de liti\u00e8re pour chats avec plus de 20 ans d'exp\u00e9rience. Nous offrons des options de personnalisation pour la couleur, la taille, le tissu, le motif, le logo et d'autres caract\u00e9ristiques.<\/p>","protected":false},"featured_media":23841,"template":"","meta":{"_acf_changed":false},"product_brand":[],"product_cat":[138,71],"product_tag":[141],"class_list":{"0":"post-23839","1":"product","2":"type-product","3":"status-publish","4":"has-post-thumbnail","6":"product_cat-cat-litter-accessories","7":"product_cat-cat-supplies","8":"product_tag-cat-litter-accessories","10":"first","11":"instock","12":"shipping-taxable","13":"product-type-simple"},"acf":[],"yoast_head":"<!-- This site is optimized with the Yoast SEO plugin v27.1.1 - https:\/\/yoast.com\/product\/yoast-seo-wordpress\/ -->\n<title>Best Cat Litter Scoop Factory | Litter Box Shovel Manufacturer - Petstar<\/title>\n<meta name=\"description\" content=\"Explore best cat litter scoop, cat litter shovel with bag, litter box shovel directly from the manufacturer. Your ideal business solution with Petstar.\" \/>\n<meta name=\"robots\" content=\"index, follow, max-snippet:-1, max-image-preview:large, max-video-preview:-1\" \/>\n<link rel=\"canonical\" href=\"https:\/\/petproducts.com.cn\/fr\/produit\/best-cat-litter-scoop-cat-litter-box-shovel-with-bag\/\" \/>\n<meta property=\"og:locale\" content=\"fr_FR\" \/>\n<meta property=\"og:type\" content=\"article\" \/>\n<meta property=\"og:title\" content=\"Best Cat Litter Scoop Factory | Litter Box Shovel Manufacturer - Petstar\" \/>\n<meta property=\"og:description\" content=\"Explore best cat litter scoop, cat litter shovel with bag, litter box shovel directly from the manufacturer. Your ideal business solution with Petstar.\" \/>\n<meta property=\"og:url\" content=\"https:\/\/petproducts.com.cn\/fr\/produit\/best-cat-litter-scoop-cat-litter-box-shovel-with-bag\/\" \/>\n<meta property=\"og:site_name\" content=\"Petstar\" \/>\n<meta property=\"article:modified_time\" content=\"2024-05-21T05:55:04+00:00\" \/>\n<meta property=\"og:image\" content=\"https:\/\/petproducts.com.cn\/wp-content\/uploads\/2024\/05\/Best-Cat-Litter-Scoop.webp\" \/>\n\t<meta property=\"og:image:width\" content=\"800\" \/>\n\t<meta property=\"og:image:height\" content=\"800\" \/>\n\t<meta property=\"og:image:type\" content=\"image\/webp\" \/>\n<meta name=\"twitter:card\" content=\"summary_large_image\" \/>\n<meta name=\"twitter:label1\" content=\"Dur\u00e9e de lecture estim\u00e9e\" \/>\n\t<meta name=\"twitter:data1\" content=\"2 minutes\" \/>\n<script type=\"application\/ld+json\" class=\"yoast-schema-graph\">{\"@context\":\"https:\/\/schema.org\",\"@graph\":[{\"@type\":\"WebPage\",\"@id\":\"https:\/\/petproducts.com.cn\/product\/best-cat-litter-scoop-cat-litter-box-shovel-with-bag\/\",\"url\":\"https:\/\/petproducts.com.cn\/product\/best-cat-litter-scoop-cat-litter-box-shovel-with-bag\/\",\"name\":\"Best Cat Litter Scoop Factory | Litter Box Shovel Manufacturer - Petstar\",\"isPartOf\":{\"@id\":\"https:\/\/petproducts.com.cn\/#website\"},\"primaryImageOfPage\":{\"@id\":\"https:\/\/petproducts.com.cn\/product\/best-cat-litter-scoop-cat-litter-box-shovel-with-bag\/#primaryimage\"},\"image\":{\"@id\":\"https:\/\/petproducts.com.cn\/product\/best-cat-litter-scoop-cat-litter-box-shovel-with-bag\/#primaryimage\"},\"thumbnailUrl\":\"https:\/\/petproducts.com.cn\/wp-content\/uploads\/2024\/05\/Best-Cat-Litter-Scoop.webp\",\"datePublished\":\"2024-05-21T03:10:31+00:00\",\"dateModified\":\"2024-05-21T05:55:04+00:00\",\"description\":\"Explore best cat litter scoop, cat litter shovel with bag, litter box shovel directly from the manufacturer. Your ideal business solution with Petstar.\",\"breadcrumb\":{\"@id\":\"https:\/\/petproducts.com.cn\/product\/best-cat-litter-scoop-cat-litter-box-shovel-with-bag\/#breadcrumb\"},\"inLanguage\":\"fr-FR\",\"potentialAction\":[{\"@type\":\"ReadAction\",\"target\":[\"https:\/\/petproducts.com.cn\/product\/best-cat-litter-scoop-cat-litter-box-shovel-with-bag\/\"]}]},{\"@type\":\"ImageObject\",\"inLanguage\":\"fr-FR\",\"@id\":\"https:\/\/petproducts.com.cn\/product\/best-cat-litter-scoop-cat-litter-box-shovel-with-bag\/#primaryimage\",\"url\":\"https:\/\/petproducts.com.cn\/wp-content\/uploads\/2024\/05\/Best-Cat-Litter-Scoop.webp\",\"contentUrl\":\"https:\/\/petproducts.com.cn\/wp-content\/uploads\/2024\/05\/Best-Cat-Litter-Scoop.webp\",\"width\":800,\"height\":800,\"caption\":\"Best Cat Litter Scoop\"},{\"@type\":\"BreadcrumbList\",\"@id\":\"https:\/\/petproducts.com.cn\/product\/best-cat-litter-scoop-cat-litter-box-shovel-with-bag\/#breadcrumb\",\"itemListElement\":[{\"@type\":\"ListItem\",\"position\":1,\"name\":\"HOME\",\"item\":\"https:\/\/petproducts.com.cn\/\"},{\"@type\":\"ListItem\",\"position\":2,\"name\":\"Products\",\"item\":\"https:\/\/petproducts.com.cn\/shop\/\"},{\"@type\":\"ListItem\",\"position\":3,\"name\":\"Cat Litter &amp; Accessories\",\"item\":\"https:\/\/petproducts.com.cn\/product-category\/cat-litter-accessories\/\"},{\"@type\":\"ListItem\",\"position\":4,\"name\":\"Best Cat Litter Scoop Cat Litter Box Shovel With Bag\"}]},{\"@type\":\"WebSite\",\"@id\":\"https:\/\/petproducts.com.cn\/#website\",\"url\":\"https:\/\/petproducts.com.cn\/\",\"name\":\"Petstar\",\"description\":\"Leading Pet Supplies Manufacturer &amp; OEM Pet Products Supplier\",\"publisher\":{\"@id\":\"https:\/\/petproducts.com.cn\/#organization\"},\"alternateName\":\"Petstar Pet Supplies\",\"potentialAction\":[{\"@type\":\"SearchAction\",\"target\":{\"@type\":\"EntryPoint\",\"urlTemplate\":\"https:\/\/petproducts.com.cn\/?s={search_term_string}\"},\"query-input\":{\"@type\":\"PropertyValueSpecification\",\"valueRequired\":true,\"valueName\":\"search_term_string\"}}],\"inLanguage\":\"fr-FR\"},{\"@type\":\"Organization\",\"@id\":\"https:\/\/petproducts.com.cn\/#organization\",\"name\":\"Petstar\",\"url\":\"https:\/\/petproducts.com.cn\/\",\"logo\":{\"@type\":\"ImageObject\",\"inLanguage\":\"fr-FR\",\"@id\":\"https:\/\/petproducts.com.cn\/#\/schema\/logo\/image\/\",\"url\":\"https:\/\/petproducts.com.cn\/wp-content\/uploads\/2020\/02\/petstar-logo.webp\",\"contentUrl\":\"https:\/\/petproducts.com.cn\/wp-content\/uploads\/2020\/02\/petstar-logo.webp\",\"width\":779,\"height\":520,\"caption\":\"Petstar\"},\"image\":{\"@id\":\"https:\/\/petproducts.com.cn\/#\/schema\/logo\/image\/\"}}]}<\/script>\n<!-- \/ Yoast SEO plugin. -->","yoast_head_json":{"title":"Meilleure pelle \u00e0 liti\u00e8re pour chat Factory | Pelle \u00e0 liti\u00e8re fabricant - Petstar","description":"D\u00e9couvrez les meilleures pelle \u00e0 liti\u00e8re pour chat, pelle \u00e0 liti\u00e8re pour chat avec sac, pelle \u00e0 liti\u00e8re directement du fabricant. Votre solution commerciale id\u00e9ale avec Petstar.","robots":{"index":"index","follow":"follow","max-snippet":"max-snippet:-1","max-image-preview":"max-image-preview:large","max-video-preview":"max-video-preview:-1"},"canonical":"https:\/\/petproducts.com.cn\/fr\/produit\/best-cat-litter-scoop-cat-litter-box-shovel-with-bag\/","og_locale":"fr_FR","og_type":"article","og_title":"Best Cat Litter Scoop Factory | Litter Box Shovel Manufacturer - Petstar","og_description":"Explore best cat litter scoop, cat litter shovel with bag, litter box shovel directly from the manufacturer. Your ideal business solution with Petstar.","og_url":"https:\/\/petproducts.com.cn\/fr\/produit\/best-cat-litter-scoop-cat-litter-box-shovel-with-bag\/","og_site_name":"Petstar","article_modified_time":"2024-05-21T05:55:04+00:00","og_image":[{"width":800,"height":800,"url":"https:\/\/petproducts.com.cn\/wp-content\/uploads\/2024\/05\/Best-Cat-Litter-Scoop.webp","type":"image\/webp"}],"twitter_card":"summary_large_image","twitter_misc":{"Dur\u00e9e de lecture estim\u00e9e":"2 minutes"},"schema":{"@context":"https:\/\/schema.org","@graph":[{"@type":"WebPage","@id":"https:\/\/petproducts.com.cn\/product\/best-cat-litter-scoop-cat-litter-box-shovel-with-bag\/","url":"https:\/\/petproducts.com.cn\/product\/best-cat-litter-scoop-cat-litter-box-shovel-with-bag\/","name":"Meilleure pelle \u00e0 liti\u00e8re pour chat Factory | Pelle \u00e0 liti\u00e8re fabricant - Petstar","isPartOf":{"@id":"https:\/\/petproducts.com.cn\/#website"},"primaryImageOfPage":{"@id":"https:\/\/petproducts.com.cn\/product\/best-cat-litter-scoop-cat-litter-box-shovel-with-bag\/#primaryimage"},"image":{"@id":"https:\/\/petproducts.com.cn\/product\/best-cat-litter-scoop-cat-litter-box-shovel-with-bag\/#primaryimage"},"thumbnailUrl":"https:\/\/petproducts.com.cn\/wp-content\/uploads\/2024\/05\/Best-Cat-Litter-Scoop.webp","datePublished":"2024-05-21T03:10:31+00:00","dateModified":"2024-05-21T05:55:04+00:00","description":"D\u00e9couvrez les meilleures pelle \u00e0 liti\u00e8re pour chat, pelle \u00e0 liti\u00e8re pour chat avec sac, pelle \u00e0 liti\u00e8re directement du fabricant. Votre solution commerciale id\u00e9ale avec Petstar.","breadcrumb":{"@id":"https:\/\/petproducts.com.cn\/product\/best-cat-litter-scoop-cat-litter-box-shovel-with-bag\/#breadcrumb"},"inLanguage":"fr-FR","potentialAction":[{"@type":"ReadAction","target":["https:\/\/petproducts.com.cn\/product\/best-cat-litter-scoop-cat-litter-box-shovel-with-bag\/"]}]},{"@type":"ImageObject","inLanguage":"fr-FR","@id":"https:\/\/petproducts.com.cn\/product\/best-cat-litter-scoop-cat-litter-box-shovel-with-bag\/#primaryimage","url":"https:\/\/petproducts.com.cn\/wp-content\/uploads\/2024\/05\/Best-Cat-Litter-Scoop.webp","contentUrl":"https:\/\/petproducts.com.cn\/wp-content\/uploads\/2024\/05\/Best-Cat-Litter-Scoop.webp","width":800,"height":800,"caption":"Best Cat Litter Scoop"},{"@type":"BreadcrumbList","@id":"https:\/\/petproducts.com.cn\/product\/best-cat-litter-scoop-cat-litter-box-shovel-with-bag\/#breadcrumb","itemListElement":[{"@type":"ListItem","position":1,"name":"HOME","item":"https:\/\/petproducts.com.cn\/"},{"@type":"ListItem","position":2,"name":"Products","item":"https:\/\/petproducts.com.cn\/shop\/"},{"@type":"ListItem","position":3,"name":"Cat Litter &amp; Accessories","item":"https:\/\/petproducts.com.cn\/product-category\/cat-litter-accessories\/"},{"@type":"ListItem","position":4,"name":"Best Cat Litter Scoop Cat Litter Box Shovel With Bag"}]},{"@type":"WebSite","@id":"https:\/\/petproducts.com.cn\/#website","url":"https:\/\/petproducts.com.cn\/","name":"Petstar","description":"Fabricant leader de fournitures pour animaux de compagnie et fournisseur OEM de produits pour animaux de compagnie","publisher":{"@id":"https:\/\/petproducts.com.cn\/#organization"},"alternateName":"Petstar Pet Supplies","potentialAction":[{"@type":"SearchAction","target":{"@type":"EntryPoint","urlTemplate":"https:\/\/petproducts.com.cn\/?s={search_term_string}"},"query-input":{"@type":"PropertyValueSpecification","valueRequired":true,"valueName":"search_term_string"}}],"inLanguage":"fr-FR"},{"@type":"Organization","@id":"https:\/\/petproducts.com.cn\/#organization","name":"Petstar","url":"https:\/\/petproducts.com.cn\/","logo":{"@type":"ImageObject","inLanguage":"fr-FR","@id":"https:\/\/petproducts.com.cn\/#\/schema\/logo\/image\/","url":"https:\/\/petproducts.com.cn\/wp-content\/uploads\/2020\/02\/petstar-logo.webp","contentUrl":"https:\/\/petproducts.com.cn\/wp-content\/uploads\/2020\/02\/petstar-logo.webp","width":779,"height":520,"caption":"Petstar"},"image":{"@id":"https:\/\/petproducts.com.cn\/#\/schema\/logo\/image\/"}}]}},"_links":{"self":[{"href":"https:\/\/petproducts.com.cn\/fr\/wp-json\/wp\/v2\/product\/23839","targetHints":{"allow":["GET"]}}],"collection":[{"href":"https:\/\/petproducts.com.cn\/fr\/wp-json\/wp\/v2\/product"}],"about":[{"href":"https:\/\/petproducts.com.cn\/fr\/wp-json\/wp\/v2\/types\/product"}],"version-history":[{"count":2,"href":"https:\/\/petproducts.com.cn\/fr\/wp-json\/wp\/v2\/product\/23839\/revisions"}],"predecessor-version":[{"id":23847,"href":"https:\/\/petproducts.com.cn\/fr\/wp-json\/wp\/v2\/product\/23839\/revisions\/23847"}],"wp:featuredmedia":[{"embeddable":true,"href":"https:\/\/petproducts.com.cn\/fr\/wp-json\/wp\/v2\/media\/23841"}],"wp:attachment":[{"href":"https:\/\/petproducts.com.cn\/fr\/wp-json\/wp\/v2\/media?parent=23839"}],"wp:term":[{"taxonomy":"product_brand","embeddable":true,"href":"https:\/\/petproducts.com.cn\/fr\/wp-json\/wp\/v2\/product_brand?post=23839"},{"taxonomy":"product_cat","embeddable":true,"href":"https:\/\/petproducts.com.cn\/fr\/wp-json\/wp\/v2\/product_cat?post=23839"},{"taxonomy":"product_tag","embeddable":true,"href":"https:\/\/petproducts.com.cn\/fr\/wp-json\/wp\/v2\/product_tag?post=23839"}],"curies":[{"name":"wp","href":"https:\/\/api.w.org\/{rel}","templated":true}]}}