{"id":23866,"date":"2024-05-21T07:35:26","date_gmt":"2024-05-21T07:35:26","guid":{"rendered":"https:\/\/petproducts.com.cn\/?post_type=product&#038;p=23866"},"modified":"2024-09-05T02:07:53","modified_gmt":"2024-09-05T02:07:53","slug":"pet-bird-toys-oem-latex-tough-chew-toys-for-dogs","status":"publish","type":"product","link":"https:\/\/petproducts.com.cn\/fr\/product\/pet-bird-toys-oem-latex-tough-chew-toys-for-dogs\/","title":{"rendered":"Jouets pour oiseaux OEM Latex Jouets \u00e0 m\u00e2cher pour chiens"},"content":{"rendered":"<h2>Caract\u00e9ristiques des jouets pour oiseaux<\/h2>\n<p>En tant qu'usine sp\u00e9cialis\u00e9e, nous nous concentrons sur la production de jouets de haute qualit\u00e9 pour animaux de compagnie, sp\u00e9cialement con\u00e7us pour les chiens. Nos <strong>Jouets pour oiseaux OEM Latex Jouets \u00e0 m\u00e2cher pour chiens<\/strong> est votre premier choix.<\/p>\n<p><strong>Caract\u00e9ristiques du produit :<\/strong><\/p>\n<ol>\n<li><strong>Durable et r\u00e9sistant<\/strong>: Fabriqu\u00e9 en latex naturel de haute qualit\u00e9, garantissant durabilit\u00e9 et s\u00e9curit\u00e9, capable de r\u00e9sister \u00e0 un m\u00e2chonnement et \u00e0 un jeu prolong\u00e9s de la part des chiens.<\/li>\n<li><strong>Taille parfaite<\/strong>: Avec des dimensions de 10x11x7 cm, ces jouets sont id\u00e9aux pour les chiens de diff\u00e9rentes tailles et offrent un engagement optimal.<\/li>\n<li><strong>Services OEM\/ODM<\/strong>: Nous acceptons les commandes OEM et ODM, ce qui nous permet de les personnaliser en fonction des exigences du client et de fournir des services de conception personnalis\u00e9s.<\/li>\n<li><strong>Vid\u00e9os et photos gratuites<\/strong>: Nous proposons des services gratuits de vid\u00e9o et de photo pour vous aider \u00e0 mettre en valeur et \u00e0 promouvoir vos produits.<\/li>\n<li><strong>Conception de l'emballage de la bo\u00eete en couleur<\/strong>: Notre conception professionnelle de l'emballage en couleur permet \u00e0 votre produit de se d\u00e9marquer sur le march\u00e9.<\/li>\n<li><strong>Service d'approvisionnement unique<\/strong>: Fournir un service d'approvisionnement \u00e0 guichet unique afin que les clients puissent compl\u00e9ter leurs commandes de mani\u00e8re pratique et efficace.<\/li>\n<\/ol>\n<p><strong>Nos avantages :<\/strong><\/p>\n<ul>\n<li><strong>Une vaste exp\u00e9rience<\/strong>: Forts de nombreuses ann\u00e9es d'exp\u00e9rience en mati\u00e8re de production, nous comptons parmi nos clients de grands distributeurs mondiaux tels que Walmart, Carrefour et Kmart.<\/li>\n<li><strong>Assurance qualit\u00e9<\/strong>: Des syst\u00e8mes de contr\u00f4le de la qualit\u00e9 stricts garantissent que chaque produit r\u00e9pond \u00e0 des normes \u00e9lev\u00e9es.<\/li>\n<li><strong>Exp\u00e9dition mondiale<\/strong>: Des services logistiques rapides et fiables pour assurer la livraison des produits dans les d\u00e9lais impartis dans le monde entier.<\/li>\n<\/ul>","protected":false},"excerpt":{"rendered":"<p>Nous sommes un fabricant de jouets pour oiseaux et de jouets en latex pour petits chiens avec plus de 20 ans d'exp\u00e9rience. Nous offrons des options de personnalisation pour la couleur, la taille, le tissu, le motif, le logo et d'autres caract\u00e9ristiques.<\/p>","protected":false},"featured_media":23869,"template":"","meta":{"_acf_changed":false},"product_brand":[],"product_cat":[72,48],"product_tag":[223,238],"class_list":{"0":"post-23866","1":"product","2":"type-product","3":"status-publish","4":"has-post-thumbnail","6":"product_cat-dog-supplies","7":"product_cat-dog-toys","8":"product_tag-dog-chew-toys","9":"product_tag-latex-dog-toys","11":"first","12":"instock","13":"shipping-taxable","14":"product-type-simple"},"acf":[],"yoast_head":"<!-- This site is optimized with the Yoast SEO plugin v27.1.1 - https:\/\/yoast.com\/product\/yoast-seo-wordpress\/ -->\n<title>pet bird toys | OEM Latex Toys For Small Dogs - Petstar<\/title>\n<meta name=\"description\" content=\"Explore pet bird toys, latex toys for small dogs, tough chew toys for dogs from the manufacturer. Your ideal business solution with Petstar.\" \/>\n<meta name=\"robots\" content=\"index, follow, max-snippet:-1, max-image-preview:large, max-video-preview:-1\" \/>\n<link rel=\"canonical\" href=\"https:\/\/petproducts.com.cn\/fr\/produit\/pet-bird-toys-oem-latex-tough-chew-toys-for-dogs\/\" \/>\n<meta property=\"og:locale\" content=\"fr_FR\" \/>\n<meta property=\"og:type\" content=\"article\" \/>\n<meta property=\"og:title\" content=\"pet bird toys | OEM Latex Toys For Small Dogs - Petstar\" \/>\n<meta property=\"og:description\" content=\"Explore pet bird toys, latex toys for small dogs, tough chew toys for dogs from the manufacturer. Your ideal business solution with Petstar.\" \/>\n<meta property=\"og:url\" content=\"https:\/\/petproducts.com.cn\/fr\/produit\/pet-bird-toys-oem-latex-tough-chew-toys-for-dogs\/\" \/>\n<meta property=\"og:site_name\" content=\"Petstar\" \/>\n<meta property=\"article:modified_time\" content=\"2024-09-05T02:07:53+00:00\" \/>\n<meta property=\"og:image\" content=\"https:\/\/petproducts.com.cn\/wp-content\/uploads\/2024\/05\/pet-bird-toys.webp\" \/>\n\t<meta property=\"og:image:width\" content=\"1000\" \/>\n\t<meta property=\"og:image:height\" content=\"1000\" \/>\n\t<meta property=\"og:image:type\" content=\"image\/webp\" \/>\n<meta name=\"twitter:card\" content=\"summary_large_image\" \/>\n<meta name=\"twitter:label1\" content=\"Dur\u00e9e de lecture estim\u00e9e\" \/>\n\t<meta name=\"twitter:data1\" content=\"2 minutes\" \/>\n<script type=\"application\/ld+json\" class=\"yoast-schema-graph\">{\"@context\":\"https:\/\/schema.org\",\"@graph\":[{\"@type\":\"WebPage\",\"@id\":\"https:\/\/petproducts.com.cn\/product\/pet-bird-toys-oem-latex-tough-chew-toys-for-dogs\/\",\"url\":\"https:\/\/petproducts.com.cn\/product\/pet-bird-toys-oem-latex-tough-chew-toys-for-dogs\/\",\"name\":\"pet bird toys | OEM Latex Toys For Small Dogs - Petstar\",\"isPartOf\":{\"@id\":\"https:\/\/petproducts.com.cn\/#website\"},\"primaryImageOfPage\":{\"@id\":\"https:\/\/petproducts.com.cn\/product\/pet-bird-toys-oem-latex-tough-chew-toys-for-dogs\/#primaryimage\"},\"image\":{\"@id\":\"https:\/\/petproducts.com.cn\/product\/pet-bird-toys-oem-latex-tough-chew-toys-for-dogs\/#primaryimage\"},\"thumbnailUrl\":\"https:\/\/petproducts.com.cn\/wp-content\/uploads\/2024\/05\/pet-bird-toys.webp\",\"datePublished\":\"2024-05-21T07:35:26+00:00\",\"dateModified\":\"2024-09-05T02:07:53+00:00\",\"description\":\"Explore pet bird toys, latex toys for small dogs, tough chew toys for dogs from the manufacturer. Your ideal business solution with Petstar.\",\"breadcrumb\":{\"@id\":\"https:\/\/petproducts.com.cn\/product\/pet-bird-toys-oem-latex-tough-chew-toys-for-dogs\/#breadcrumb\"},\"inLanguage\":\"fr-FR\",\"potentialAction\":[{\"@type\":\"ReadAction\",\"target\":[\"https:\/\/petproducts.com.cn\/product\/pet-bird-toys-oem-latex-tough-chew-toys-for-dogs\/\"]}]},{\"@type\":\"ImageObject\",\"inLanguage\":\"fr-FR\",\"@id\":\"https:\/\/petproducts.com.cn\/product\/pet-bird-toys-oem-latex-tough-chew-toys-for-dogs\/#primaryimage\",\"url\":\"https:\/\/petproducts.com.cn\/wp-content\/uploads\/2024\/05\/pet-bird-toys.webp\",\"contentUrl\":\"https:\/\/petproducts.com.cn\/wp-content\/uploads\/2024\/05\/pet-bird-toys.webp\",\"width\":1000,\"height\":1000,\"caption\":\"pet bird toys\"},{\"@type\":\"BreadcrumbList\",\"@id\":\"https:\/\/petproducts.com.cn\/product\/pet-bird-toys-oem-latex-tough-chew-toys-for-dogs\/#breadcrumb\",\"itemListElement\":[{\"@type\":\"ListItem\",\"position\":1,\"name\":\"HOME\",\"item\":\"https:\/\/petproducts.com.cn\/\"},{\"@type\":\"ListItem\",\"position\":2,\"name\":\"Products\",\"item\":\"https:\/\/petproducts.com.cn\/shop\/\"},{\"@type\":\"ListItem\",\"position\":3,\"name\":\"Dog Toys\",\"item\":\"https:\/\/petproducts.com.cn\/product-category\/dog-toys\/\"},{\"@type\":\"ListItem\",\"position\":4,\"name\":\"Pet Bird Toys OEM Latex Tough Chew Toys For Dogs\"}]},{\"@type\":\"WebSite\",\"@id\":\"https:\/\/petproducts.com.cn\/#website\",\"url\":\"https:\/\/petproducts.com.cn\/\",\"name\":\"Petstar\",\"description\":\"Leading Pet Supplies Manufacturer &amp; OEM Pet Products Supplier\",\"publisher\":{\"@id\":\"https:\/\/petproducts.com.cn\/#organization\"},\"alternateName\":\"Petstar Pet Supplies\",\"potentialAction\":[{\"@type\":\"SearchAction\",\"target\":{\"@type\":\"EntryPoint\",\"urlTemplate\":\"https:\/\/petproducts.com.cn\/?s={search_term_string}\"},\"query-input\":{\"@type\":\"PropertyValueSpecification\",\"valueRequired\":true,\"valueName\":\"search_term_string\"}}],\"inLanguage\":\"fr-FR\"},{\"@type\":\"Organization\",\"@id\":\"https:\/\/petproducts.com.cn\/#organization\",\"name\":\"Petstar\",\"url\":\"https:\/\/petproducts.com.cn\/\",\"logo\":{\"@type\":\"ImageObject\",\"inLanguage\":\"fr-FR\",\"@id\":\"https:\/\/petproducts.com.cn\/#\/schema\/logo\/image\/\",\"url\":\"https:\/\/petproducts.com.cn\/wp-content\/uploads\/2020\/02\/petstar-logo.webp\",\"contentUrl\":\"https:\/\/petproducts.com.cn\/wp-content\/uploads\/2020\/02\/petstar-logo.webp\",\"width\":779,\"height\":520,\"caption\":\"Petstar\"},\"image\":{\"@id\":\"https:\/\/petproducts.com.cn\/#\/schema\/logo\/image\/\"}}]}<\/script>\n<!-- \/ Yoast SEO plugin. -->","yoast_head_json":{"title":"jouets pour oiseaux | OEM Jouets en latex pour petits chiens - Petstar","description":"D\u00e9couvrez les jouets pour oiseaux, les jouets en latex pour petits chiens et les jouets \u00e0 m\u00e2cher pour chiens du fabricant. Votre solution commerciale id\u00e9ale avec Petstar.","robots":{"index":"index","follow":"follow","max-snippet":"max-snippet:-1","max-image-preview":"max-image-preview:large","max-video-preview":"max-video-preview:-1"},"canonical":"https:\/\/petproducts.com.cn\/fr\/produit\/pet-bird-toys-oem-latex-tough-chew-toys-for-dogs\/","og_locale":"fr_FR","og_type":"article","og_title":"pet bird toys | OEM Latex Toys For Small Dogs - Petstar","og_description":"Explore pet bird toys, latex toys for small dogs, tough chew toys for dogs from the manufacturer. Your ideal business solution with Petstar.","og_url":"https:\/\/petproducts.com.cn\/fr\/produit\/pet-bird-toys-oem-latex-tough-chew-toys-for-dogs\/","og_site_name":"Petstar","article_modified_time":"2024-09-05T02:07:53+00:00","og_image":[{"width":1000,"height":1000,"url":"https:\/\/petproducts.com.cn\/wp-content\/uploads\/2024\/05\/pet-bird-toys.webp","type":"image\/webp"}],"twitter_card":"summary_large_image","twitter_misc":{"Dur\u00e9e de lecture estim\u00e9e":"2 minutes"},"schema":{"@context":"https:\/\/schema.org","@graph":[{"@type":"WebPage","@id":"https:\/\/petproducts.com.cn\/product\/pet-bird-toys-oem-latex-tough-chew-toys-for-dogs\/","url":"https:\/\/petproducts.com.cn\/product\/pet-bird-toys-oem-latex-tough-chew-toys-for-dogs\/","name":"jouets pour oiseaux | OEM Jouets en latex pour petits chiens - Petstar","isPartOf":{"@id":"https:\/\/petproducts.com.cn\/#website"},"primaryImageOfPage":{"@id":"https:\/\/petproducts.com.cn\/product\/pet-bird-toys-oem-latex-tough-chew-toys-for-dogs\/#primaryimage"},"image":{"@id":"https:\/\/petproducts.com.cn\/product\/pet-bird-toys-oem-latex-tough-chew-toys-for-dogs\/#primaryimage"},"thumbnailUrl":"https:\/\/petproducts.com.cn\/wp-content\/uploads\/2024\/05\/pet-bird-toys.webp","datePublished":"2024-05-21T07:35:26+00:00","dateModified":"2024-09-05T02:07:53+00:00","description":"D\u00e9couvrez les jouets pour oiseaux, les jouets en latex pour petits chiens et les jouets \u00e0 m\u00e2cher pour chiens du fabricant. Votre solution commerciale id\u00e9ale avec Petstar.","breadcrumb":{"@id":"https:\/\/petproducts.com.cn\/product\/pet-bird-toys-oem-latex-tough-chew-toys-for-dogs\/#breadcrumb"},"inLanguage":"fr-FR","potentialAction":[{"@type":"ReadAction","target":["https:\/\/petproducts.com.cn\/product\/pet-bird-toys-oem-latex-tough-chew-toys-for-dogs\/"]}]},{"@type":"ImageObject","inLanguage":"fr-FR","@id":"https:\/\/petproducts.com.cn\/product\/pet-bird-toys-oem-latex-tough-chew-toys-for-dogs\/#primaryimage","url":"https:\/\/petproducts.com.cn\/wp-content\/uploads\/2024\/05\/pet-bird-toys.webp","contentUrl":"https:\/\/petproducts.com.cn\/wp-content\/uploads\/2024\/05\/pet-bird-toys.webp","width":1000,"height":1000,"caption":"pet bird toys"},{"@type":"BreadcrumbList","@id":"https:\/\/petproducts.com.cn\/product\/pet-bird-toys-oem-latex-tough-chew-toys-for-dogs\/#breadcrumb","itemListElement":[{"@type":"ListItem","position":1,"name":"HOME","item":"https:\/\/petproducts.com.cn\/"},{"@type":"ListItem","position":2,"name":"Products","item":"https:\/\/petproducts.com.cn\/shop\/"},{"@type":"ListItem","position":3,"name":"Dog Toys","item":"https:\/\/petproducts.com.cn\/product-category\/dog-toys\/"},{"@type":"ListItem","position":4,"name":"Pet Bird Toys OEM Latex Tough Chew Toys For Dogs"}]},{"@type":"WebSite","@id":"https:\/\/petproducts.com.cn\/#website","url":"https:\/\/petproducts.com.cn\/","name":"Petstar","description":"Fabricant leader de fournitures pour animaux de compagnie et fournisseur OEM de produits pour animaux de compagnie","publisher":{"@id":"https:\/\/petproducts.com.cn\/#organization"},"alternateName":"Petstar Pet Supplies","potentialAction":[{"@type":"SearchAction","target":{"@type":"EntryPoint","urlTemplate":"https:\/\/petproducts.com.cn\/?s={search_term_string}"},"query-input":{"@type":"PropertyValueSpecification","valueRequired":true,"valueName":"search_term_string"}}],"inLanguage":"fr-FR"},{"@type":"Organization","@id":"https:\/\/petproducts.com.cn\/#organization","name":"Petstar","url":"https:\/\/petproducts.com.cn\/","logo":{"@type":"ImageObject","inLanguage":"fr-FR","@id":"https:\/\/petproducts.com.cn\/#\/schema\/logo\/image\/","url":"https:\/\/petproducts.com.cn\/wp-content\/uploads\/2020\/02\/petstar-logo.webp","contentUrl":"https:\/\/petproducts.com.cn\/wp-content\/uploads\/2020\/02\/petstar-logo.webp","width":779,"height":520,"caption":"Petstar"},"image":{"@id":"https:\/\/petproducts.com.cn\/#\/schema\/logo\/image\/"}}]}},"_links":{"self":[{"href":"https:\/\/petproducts.com.cn\/fr\/wp-json\/wp\/v2\/product\/23866","targetHints":{"allow":["GET"]}}],"collection":[{"href":"https:\/\/petproducts.com.cn\/fr\/wp-json\/wp\/v2\/product"}],"about":[{"href":"https:\/\/petproducts.com.cn\/fr\/wp-json\/wp\/v2\/types\/product"}],"version-history":[{"count":1,"href":"https:\/\/petproducts.com.cn\/fr\/wp-json\/wp\/v2\/product\/23866\/revisions"}],"predecessor-version":[{"id":23873,"href":"https:\/\/petproducts.com.cn\/fr\/wp-json\/wp\/v2\/product\/23866\/revisions\/23873"}],"wp:featuredmedia":[{"embeddable":true,"href":"https:\/\/petproducts.com.cn\/fr\/wp-json\/wp\/v2\/media\/23869"}],"wp:attachment":[{"href":"https:\/\/petproducts.com.cn\/fr\/wp-json\/wp\/v2\/media?parent=23866"}],"wp:term":[{"taxonomy":"product_brand","embeddable":true,"href":"https:\/\/petproducts.com.cn\/fr\/wp-json\/wp\/v2\/product_brand?post=23866"},{"taxonomy":"product_cat","embeddable":true,"href":"https:\/\/petproducts.com.cn\/fr\/wp-json\/wp\/v2\/product_cat?post=23866"},{"taxonomy":"product_tag","embeddable":true,"href":"https:\/\/petproducts.com.cn\/fr\/wp-json\/wp\/v2\/product_tag?post=23866"}],"curies":[{"name":"wp","href":"https:\/\/api.w.org\/{rel}","templated":true}]}}