{"id":23895,"date":"2024-05-21T09:09:25","date_gmt":"2024-05-21T09:09:25","guid":{"rendered":"https:\/\/petproducts.com.cn\/?post_type=product&#038;p=23895"},"modified":"2024-05-21T09:24:44","modified_gmt":"2024-05-21T09:24:44","slug":"pet-brush-manufacturers","status":"publish","type":"product","link":"https:\/\/petproducts.com.cn\/fr\/product\/pet-brush-manufacturers\/","title":{"rendered":"Fabricants de brosses pour animaux de compagnie Brosse \u00e0 peigne douce personnalis\u00e9e pour animaux de compagnie"},"content":{"rendered":"<p>Fabricant de brosses pour animaux de compagnie | Brosse peigne douce personnalis\u00e9e | Outils de toilettage pour animaux de compagnie de haute qualit\u00e9 | Services OEM &amp; ODM<\/p>\n<p><strong>Description du produit :<\/strong><br \/>\nAm\u00e9liorez votre gamme de produits de toilettage pour animaux de compagnie avec notre brosse peigne douce pour animaux de compagnie. Con\u00e7ue pour un toilettage doux et efficace, cette brosse de haute qualit\u00e9 aide \u00e0 maintenir la sant\u00e9 et la beaut\u00e9 du pelage de votre animal. En tant que fabricant de premier plan, nous fournissons des produits de toilettage de premier ordre aux principaux d\u00e9taillants mondiaux, garantissant \u00e0 la fois qualit\u00e9 et satisfaction.<\/p>\n<p><strong>Caract\u00e9ristiques du produit :<\/strong><\/p>\n<ul>\n<li><strong>Poils souples :<\/strong> Doux pour la peau de votre animal, il \u00e9limine efficacement les poils morts, la salet\u00e9 et les n\u0153uds.<\/li>\n<li><strong>Conception ergonomique :<\/strong> La poign\u00e9e confortable r\u00e9duit la fatigue de la main pendant le toilettage.<\/li>\n<li><strong>High-Quality Materials:<\/strong> Les mat\u00e9riaux durables et non toxiques garantissent une utilisation durable.<\/li>\n<li><strong>Options personnalisables\u00a0:<\/strong> Possibilit\u00e9 d'\u00e9tiquetage priv\u00e9, de choix de couleurs et de mod\u00e8les uniques.<\/li>\n<li><strong>Versatile Use:<\/strong> Convient aux animaux de compagnie de toutes tailles et de tous types de pelage.<\/li>\n<\/ul>\n<p><strong>Pourquoi nous choisir ?<\/strong><\/p>\n<ul>\n<li><strong>Services OEM et ODM :<\/strong> Des solutions personnalis\u00e9es pour r\u00e9pondre aux besoins de votre marque, y compris l'\u00e9tiquetage priv\u00e9 et les conceptions sur mesure.<\/li>\n<li><strong>Support m\u00e9diatique gratuit :<\/strong> Des photos et des vid\u00e9os professionnelles sont fournies pour vos efforts de marketing.<\/li>\n<li><strong>Emballage personnalis\u00e9 :<\/strong> Des emballages attrayants con\u00e7us selon vos sp\u00e9cifications.<\/li>\n<li><strong>Achats \u00e0 guichet unique :<\/strong> Service complet, de la conception \u00e0 la logistique, pour les grandes surfaces.<\/li>\n<\/ul>\n<p><strong>\u00c9tablissez un partenariat avec nous pour \u00e9largir votre gamme de produits gr\u00e2ce \u00e0 notre brosse peigne souple personnalis\u00e9e pour animaux de compagnie.<\/strong> En collaborant avec nous, l'un des principaux fabricants de brosses pour animaux de compagnie, vous avez acc\u00e8s \u00e0 des brosses autonettoyantes pour animaux de compagnie de premi\u00e8re qualit\u00e9 qui am\u00e9liorent l'offre de votre marque et attirent les propri\u00e9taires d'animaux de compagnie du monde entier. Notre engagement en faveur de la qualit\u00e9, de la personnalisation et d'un service complet garantit que vos produits se distinguent sur le march\u00e9 concurrentiel des soins pour animaux de compagnie. Offrez des exp\u00e9riences de toilettage de qualit\u00e9 sup\u00e9rieure aux propri\u00e9taires d'animaux de compagnie, en encourageant la fid\u00e9lit\u00e9 et la satisfaction de vos clients. Rejoignez les principaux d\u00e9taillants qui nous font confiance pour fournir des solutions de toilettage de premier ordre et constatez la diff\u00e9rence dans vos ventes et les commentaires de vos clients.<\/p>","protected":false},"excerpt":{"rendered":"<p>Nous sommes un fabricant de brosses autonettoyantes pour animaux de compagnie avec plus de 20 ans d'exp\u00e9rience. Nous offrons des options de personnalisation pour la couleur, la taille, le tissu, le motif, le logo et d'autres caract\u00e9ristiques.<\/p>","protected":false},"featured_media":23901,"template":"","meta":{"_acf_changed":false},"product_brand":[],"product_cat":[137,71,136,72],"product_tag":[139,140],"class_list":{"0":"post-23895","1":"product","2":"type-product","3":"status-publish","4":"has-post-thumbnail","6":"product_cat-cat-grooming-cleaning-supplies","7":"product_cat-cat-supplies","8":"product_cat-dog-grooming-cleaning-supplies","9":"product_cat-dog-supplies","10":"product_tag-cat-grooming-cleaning-supplies","11":"product_tag-dog-grooming-cleaning-supplies","13":"first","14":"instock","15":"shipping-taxable","16":"product-type-simple"},"acf":[],"yoast_head":"<!-- This site is optimized with the Yoast SEO plugin v27.1.1 - https:\/\/yoast.com\/product\/yoast-seo-wordpress\/ -->\n<title>Pet brush manufacturers- Petstar<\/title>\n<meta name=\"description\" content=\"Explore pet brush manufacturers, pet comb brush,cat brush wholesale directly from the manufacturer. Your ideal business solution with Petstar.\" \/>\n<meta name=\"robots\" content=\"index, follow, max-snippet:-1, max-image-preview:large, max-video-preview:-1\" \/>\n<link rel=\"canonical\" href=\"https:\/\/petproducts.com.cn\/fr\/produit\/pet-brush-manufacturers\/\" \/>\n<meta property=\"og:locale\" content=\"fr_FR\" \/>\n<meta property=\"og:type\" content=\"article\" \/>\n<meta property=\"og:title\" content=\"Pet brush manufacturers- Petstar\" \/>\n<meta property=\"og:description\" content=\"Explore pet brush manufacturers, pet comb brush,cat brush wholesale directly from the manufacturer. Your ideal business solution with Petstar.\" \/>\n<meta property=\"og:url\" content=\"https:\/\/petproducts.com.cn\/fr\/produit\/pet-brush-manufacturers\/\" \/>\n<meta property=\"og:site_name\" content=\"Petstar\" \/>\n<meta property=\"article:modified_time\" content=\"2024-05-21T09:24:44+00:00\" \/>\n<meta property=\"og:image\" content=\"https:\/\/petproducts.com.cn\/wp-content\/uploads\/2024\/05\/pet-brushes-manufacturers.webp\" \/>\n\t<meta property=\"og:image:width\" content=\"1000\" \/>\n\t<meta property=\"og:image:height\" content=\"1000\" \/>\n\t<meta property=\"og:image:type\" content=\"image\/webp\" \/>\n<meta name=\"twitter:card\" content=\"summary_large_image\" \/>\n<meta name=\"twitter:label1\" content=\"Dur\u00e9e de lecture estim\u00e9e\" \/>\n\t<meta name=\"twitter:data1\" content=\"2 minutes\" \/>\n<script type=\"application\/ld+json\" class=\"yoast-schema-graph\">{\"@context\":\"https:\/\/schema.org\",\"@graph\":[{\"@type\":\"WebPage\",\"@id\":\"https:\/\/petproducts.com.cn\/product\/pet-brush-manufacturers\/\",\"url\":\"https:\/\/petproducts.com.cn\/product\/pet-brush-manufacturers\/\",\"name\":\"Pet brush manufacturers- Petstar\",\"isPartOf\":{\"@id\":\"https:\/\/petproducts.com.cn\/#website\"},\"primaryImageOfPage\":{\"@id\":\"https:\/\/petproducts.com.cn\/product\/pet-brush-manufacturers\/#primaryimage\"},\"image\":{\"@id\":\"https:\/\/petproducts.com.cn\/product\/pet-brush-manufacturers\/#primaryimage\"},\"thumbnailUrl\":\"https:\/\/petproducts.com.cn\/wp-content\/uploads\/2024\/05\/pet-brushes-manufacturers.webp\",\"datePublished\":\"2024-05-21T09:09:25+00:00\",\"dateModified\":\"2024-05-21T09:24:44+00:00\",\"description\":\"Explore pet brush manufacturers, pet comb brush,cat brush wholesale directly from the manufacturer. Your ideal business solution with Petstar.\",\"breadcrumb\":{\"@id\":\"https:\/\/petproducts.com.cn\/product\/pet-brush-manufacturers\/#breadcrumb\"},\"inLanguage\":\"fr-FR\",\"potentialAction\":[{\"@type\":\"ReadAction\",\"target\":[\"https:\/\/petproducts.com.cn\/product\/pet-brush-manufacturers\/\"]}]},{\"@type\":\"ImageObject\",\"inLanguage\":\"fr-FR\",\"@id\":\"https:\/\/petproducts.com.cn\/product\/pet-brush-manufacturers\/#primaryimage\",\"url\":\"https:\/\/petproducts.com.cn\/wp-content\/uploads\/2024\/05\/pet-brushes-manufacturers.webp\",\"contentUrl\":\"https:\/\/petproducts.com.cn\/wp-content\/uploads\/2024\/05\/pet-brushes-manufacturers.webp\",\"width\":1000,\"height\":1000,\"caption\":\"pet brushes manufacturers\"},{\"@type\":\"BreadcrumbList\",\"@id\":\"https:\/\/petproducts.com.cn\/product\/pet-brush-manufacturers\/#breadcrumb\",\"itemListElement\":[{\"@type\":\"ListItem\",\"position\":1,\"name\":\"HOME\",\"item\":\"https:\/\/petproducts.com.cn\/\"},{\"@type\":\"ListItem\",\"position\":2,\"name\":\"Products\",\"item\":\"https:\/\/petproducts.com.cn\/shop\/\"},{\"@type\":\"ListItem\",\"position\":3,\"name\":\"Dog Grooming &amp; Cleaning Supplies\",\"item\":\"https:\/\/petproducts.com.cn\/product-category\/dog-grooming-cleaning-supplies\/\"},{\"@type\":\"ListItem\",\"position\":4,\"name\":\"Pet Brush Manufacturers Custom Soft Pet Comb Brush\"}]},{\"@type\":\"WebSite\",\"@id\":\"https:\/\/petproducts.com.cn\/#website\",\"url\":\"https:\/\/petproducts.com.cn\/\",\"name\":\"Petstar\",\"description\":\"Leading Pet Supplies Manufacturer &amp; OEM Pet Products Supplier\",\"publisher\":{\"@id\":\"https:\/\/petproducts.com.cn\/#organization\"},\"alternateName\":\"Petstar Pet Supplies\",\"potentialAction\":[{\"@type\":\"SearchAction\",\"target\":{\"@type\":\"EntryPoint\",\"urlTemplate\":\"https:\/\/petproducts.com.cn\/?s={search_term_string}\"},\"query-input\":{\"@type\":\"PropertyValueSpecification\",\"valueRequired\":true,\"valueName\":\"search_term_string\"}}],\"inLanguage\":\"fr-FR\"},{\"@type\":\"Organization\",\"@id\":\"https:\/\/petproducts.com.cn\/#organization\",\"name\":\"Petstar\",\"url\":\"https:\/\/petproducts.com.cn\/\",\"logo\":{\"@type\":\"ImageObject\",\"inLanguage\":\"fr-FR\",\"@id\":\"https:\/\/petproducts.com.cn\/#\/schema\/logo\/image\/\",\"url\":\"https:\/\/petproducts.com.cn\/wp-content\/uploads\/2020\/02\/petstar-logo.webp\",\"contentUrl\":\"https:\/\/petproducts.com.cn\/wp-content\/uploads\/2020\/02\/petstar-logo.webp\",\"width\":779,\"height\":520,\"caption\":\"Petstar\"},\"image\":{\"@id\":\"https:\/\/petproducts.com.cn\/#\/schema\/logo\/image\/\"}}]}<\/script>\n<!-- \/ Yoast SEO plugin. -->","yoast_head_json":{"title":"Fabricants de brosses pour animaux de compagnie - Petstar","description":"D\u00e9couvrez les fabricants de brosses pour animaux de compagnie, de brosses peignes pour animaux de compagnie et de brosses pour chats en gros directement aupr\u00e8s du fabricant. Votre solution commerciale id\u00e9ale avec Petstar.","robots":{"index":"index","follow":"follow","max-snippet":"max-snippet:-1","max-image-preview":"max-image-preview:large","max-video-preview":"max-video-preview:-1"},"canonical":"https:\/\/petproducts.com.cn\/fr\/produit\/pet-brush-manufacturers\/","og_locale":"fr_FR","og_type":"article","og_title":"Pet brush manufacturers- Petstar","og_description":"Explore pet brush manufacturers, pet comb brush,cat brush wholesale directly from the manufacturer. Your ideal business solution with Petstar.","og_url":"https:\/\/petproducts.com.cn\/fr\/produit\/pet-brush-manufacturers\/","og_site_name":"Petstar","article_modified_time":"2024-05-21T09:24:44+00:00","og_image":[{"width":1000,"height":1000,"url":"https:\/\/petproducts.com.cn\/wp-content\/uploads\/2024\/05\/pet-brushes-manufacturers.webp","type":"image\/webp"}],"twitter_card":"summary_large_image","twitter_misc":{"Dur\u00e9e de lecture estim\u00e9e":"2 minutes"},"schema":{"@context":"https:\/\/schema.org","@graph":[{"@type":"WebPage","@id":"https:\/\/petproducts.com.cn\/product\/pet-brush-manufacturers\/","url":"https:\/\/petproducts.com.cn\/product\/pet-brush-manufacturers\/","name":"Fabricants de brosses pour animaux de compagnie - Petstar","isPartOf":{"@id":"https:\/\/petproducts.com.cn\/#website"},"primaryImageOfPage":{"@id":"https:\/\/petproducts.com.cn\/product\/pet-brush-manufacturers\/#primaryimage"},"image":{"@id":"https:\/\/petproducts.com.cn\/product\/pet-brush-manufacturers\/#primaryimage"},"thumbnailUrl":"https:\/\/petproducts.com.cn\/wp-content\/uploads\/2024\/05\/pet-brushes-manufacturers.webp","datePublished":"2024-05-21T09:09:25+00:00","dateModified":"2024-05-21T09:24:44+00:00","description":"D\u00e9couvrez les fabricants de brosses pour animaux de compagnie, de brosses peignes pour animaux de compagnie et de brosses pour chats en gros directement aupr\u00e8s du fabricant. Votre solution commerciale id\u00e9ale avec Petstar.","breadcrumb":{"@id":"https:\/\/petproducts.com.cn\/product\/pet-brush-manufacturers\/#breadcrumb"},"inLanguage":"fr-FR","potentialAction":[{"@type":"ReadAction","target":["https:\/\/petproducts.com.cn\/product\/pet-brush-manufacturers\/"]}]},{"@type":"ImageObject","inLanguage":"fr-FR","@id":"https:\/\/petproducts.com.cn\/product\/pet-brush-manufacturers\/#primaryimage","url":"https:\/\/petproducts.com.cn\/wp-content\/uploads\/2024\/05\/pet-brushes-manufacturers.webp","contentUrl":"https:\/\/petproducts.com.cn\/wp-content\/uploads\/2024\/05\/pet-brushes-manufacturers.webp","width":1000,"height":1000,"caption":"pet brushes manufacturers"},{"@type":"BreadcrumbList","@id":"https:\/\/petproducts.com.cn\/product\/pet-brush-manufacturers\/#breadcrumb","itemListElement":[{"@type":"ListItem","position":1,"name":"HOME","item":"https:\/\/petproducts.com.cn\/"},{"@type":"ListItem","position":2,"name":"Products","item":"https:\/\/petproducts.com.cn\/shop\/"},{"@type":"ListItem","position":3,"name":"Dog Grooming &amp; Cleaning Supplies","item":"https:\/\/petproducts.com.cn\/product-category\/dog-grooming-cleaning-supplies\/"},{"@type":"ListItem","position":4,"name":"Pet Brush Manufacturers Custom Soft Pet Comb Brush"}]},{"@type":"WebSite","@id":"https:\/\/petproducts.com.cn\/#website","url":"https:\/\/petproducts.com.cn\/","name":"Petstar","description":"Fabricant leader de fournitures pour animaux de compagnie et fournisseur OEM de produits pour animaux de compagnie","publisher":{"@id":"https:\/\/petproducts.com.cn\/#organization"},"alternateName":"Petstar Pet Supplies","potentialAction":[{"@type":"SearchAction","target":{"@type":"EntryPoint","urlTemplate":"https:\/\/petproducts.com.cn\/?s={search_term_string}"},"query-input":{"@type":"PropertyValueSpecification","valueRequired":true,"valueName":"search_term_string"}}],"inLanguage":"fr-FR"},{"@type":"Organization","@id":"https:\/\/petproducts.com.cn\/#organization","name":"Petstar","url":"https:\/\/petproducts.com.cn\/","logo":{"@type":"ImageObject","inLanguage":"fr-FR","@id":"https:\/\/petproducts.com.cn\/#\/schema\/logo\/image\/","url":"https:\/\/petproducts.com.cn\/wp-content\/uploads\/2020\/02\/petstar-logo.webp","contentUrl":"https:\/\/petproducts.com.cn\/wp-content\/uploads\/2020\/02\/petstar-logo.webp","width":779,"height":520,"caption":"Petstar"},"image":{"@id":"https:\/\/petproducts.com.cn\/#\/schema\/logo\/image\/"}}]}},"_links":{"self":[{"href":"https:\/\/petproducts.com.cn\/fr\/wp-json\/wp\/v2\/product\/23895","targetHints":{"allow":["GET"]}}],"collection":[{"href":"https:\/\/petproducts.com.cn\/fr\/wp-json\/wp\/v2\/product"}],"about":[{"href":"https:\/\/petproducts.com.cn\/fr\/wp-json\/wp\/v2\/types\/product"}],"version-history":[{"count":2,"href":"https:\/\/petproducts.com.cn\/fr\/wp-json\/wp\/v2\/product\/23895\/revisions"}],"predecessor-version":[{"id":23910,"href":"https:\/\/petproducts.com.cn\/fr\/wp-json\/wp\/v2\/product\/23895\/revisions\/23910"}],"wp:featuredmedia":[{"embeddable":true,"href":"https:\/\/petproducts.com.cn\/fr\/wp-json\/wp\/v2\/media\/23901"}],"wp:attachment":[{"href":"https:\/\/petproducts.com.cn\/fr\/wp-json\/wp\/v2\/media?parent=23895"}],"wp:term":[{"taxonomy":"product_brand","embeddable":true,"href":"https:\/\/petproducts.com.cn\/fr\/wp-json\/wp\/v2\/product_brand?post=23895"},{"taxonomy":"product_cat","embeddable":true,"href":"https:\/\/petproducts.com.cn\/fr\/wp-json\/wp\/v2\/product_cat?post=23895"},{"taxonomy":"product_tag","embeddable":true,"href":"https:\/\/petproducts.com.cn\/fr\/wp-json\/wp\/v2\/product_tag?post=23895"}],"curies":[{"name":"wp","href":"https:\/\/api.w.org\/{rel}","templated":true}]}}