{"id":24209,"date":"2024-05-28T07:17:02","date_gmt":"2024-05-28T07:17:02","guid":{"rendered":"https:\/\/petproducts.com.cn\/?post_type=product&#038;p=24209"},"modified":"2024-09-05T02:05:59","modified_gmt":"2024-09-05T02:05:59","slug":"latex-dolphin-dog-toy-customize-banana-shape-pet-chew-toys","status":"publish","type":"product","link":"https:\/\/petproducts.com.cn\/fr\/product\/latex-dolphin-dog-toy-customize-banana-shape-pet-chew-toys\/","title":{"rendered":"Jouet pour chien en latex en forme de dauphin et de banane \u00e0 ronger"},"content":{"rendered":"<h2>Caract\u00e9ristiques du jouet pour chien Dauphin en latex<\/h2>\n<p>En tant qu'usine sp\u00e9cialis\u00e9e, nous nous concentrons sur la cr\u00e9ation de jouets pour animaux de compagnie de haute qualit\u00e9, \u00e0 la fois s\u00fbrs et amusants. Nos <strong>Jouet pour chien en latex en forme de dauphin et de banane \u00e0 ronger<\/strong> sont con\u00e7us pour ravir les chiens gr\u00e2ce \u00e0 leurs formes mignonnes et r\u00e9alistes.<\/p>\n<p><strong>Caract\u00e9ristiques du produit :<\/strong><\/p>\n<ol>\n<li><strong>Design adorable et r\u00e9aliste<\/strong>. Ce jouet pr\u00e9sente une charmante forme de dauphin et un design amusant de banane qui capte l'attention de votre chien et lui procure des heures de divertissement.<\/li>\n<li><strong>Mat\u00e9riau de haute qualit\u00e9<\/strong>. Fabriqu\u00e9 en latex de premi\u00e8re qualit\u00e9, ce jouet ne pr\u00e9sente aucun danger pour les chiens qui le m\u00e2chouillent et est con\u00e7u pour r\u00e9sister \u00e0 des jeux vigoureux.<\/li>\n<li><strong>Taille id\u00e9ale<\/strong>. Mesurant 12X15,5X10,5CM, ce jouet est parfait pour les chiens de diff\u00e9rentes tailles, offrant un \u00e9quilibre optimal entre la taille et la mastication.<\/li>\n<li><strong>Services OEM\/ODM<\/strong>. Nous acceptons les commandes OEM et ODM, ce qui nous permet de concevoir des mod\u00e8les personnalis\u00e9s pour r\u00e9pondre \u00e0 vos besoins et pr\u00e9f\u00e9rences sp\u00e9cifiques.<\/li>\n<li><strong>Vid\u00e9os et photos gratuites<\/strong>. Nous fournissons des services vid\u00e9o et photo gratuits pour soutenir la pr\u00e9sentation de vos produits et vos efforts de marketing.<\/li>\n<li><strong>Conception de l'emballage de la bo\u00eete en couleur<\/strong>. Notre conception professionnelle de l'emballage permet \u00e0 votre produit de se d\u00e9marquer dans les rayons des magasins.<\/li>\n<li><strong>Service d'approvisionnement unique<\/strong>. Nous offrons un service d'approvisionnement complet, garantissant un processus d'ex\u00e9cution des commandes efficace et sans faille.<\/li>\n<\/ol>\n<p><strong>Nos avantages :<\/strong><\/p>\n<ul>\n<li><strong>Une vaste exp\u00e9rience<\/strong>: Forts de nos ann\u00e9es d'exp\u00e9rience en mati\u00e8re de production, nous fournissons les principaux d\u00e9taillants mondiaux tels que Walmart, Carrefour et Kmart.<\/li>\n<li><strong>Assurance qualit\u00e9<\/strong>: Nos mesures rigoureuses de contr\u00f4le de la qualit\u00e9 garantissent que chaque produit r\u00e9pond aux normes les plus strictes en mati\u00e8re de s\u00e9curit\u00e9 et de durabilit\u00e9.<\/li>\n<li><strong>Exp\u00e9dition mondiale<\/strong>: Nous fournissons des services logistiques rapides et fiables, garantissant une livraison dans les d\u00e9lais dans le monde entier.<\/li>\n<\/ul>","protected":false},"excerpt":{"rendered":"<p>Nous sommes un fabricant de jouets en latex pour chiens dauphins et de jouets pour animaux de compagnie en forme de banane avec plus de 20 ans d'exp\u00e9rience. Nous offrons des options de personnalisation pour la couleur, la taille, le tissu, le motif, le logo et d'autres caract\u00e9ristiques.<\/p>","protected":false},"featured_media":24214,"template":"","meta":{"_acf_changed":false},"product_brand":[],"product_cat":[72,48],"product_tag":[223,238],"class_list":{"0":"post-24209","1":"product","2":"type-product","3":"status-publish","4":"has-post-thumbnail","6":"product_cat-dog-supplies","7":"product_cat-dog-toys","8":"product_tag-dog-chew-toys","9":"product_tag-latex-dog-toys","11":"first","12":"instock","13":"shipping-taxable","14":"product-type-simple"},"acf":[],"yoast_head":"<!-- This site is optimized with the Yoast SEO plugin v27.1.1 - https:\/\/yoast.com\/product\/yoast-seo-wordpress\/ -->\n<title>latex dolphin dog toy | Customize Banana Pet Toys - Petstar<\/title>\n<meta name=\"description\" content=\"Explore latex dolphin dog toy, banana pet toy, pet chew toys from the manufacturer. Your ideal business solution with Petstar.\" \/>\n<meta name=\"robots\" content=\"index, follow, max-snippet:-1, max-image-preview:large, max-video-preview:-1\" \/>\n<link rel=\"canonical\" href=\"https:\/\/petproducts.com.cn\/fr\/produit\/latex-dolphin-dog-toy-customize-banana-shape-pet-chew-toys\/\" \/>\n<meta property=\"og:locale\" content=\"fr_FR\" \/>\n<meta property=\"og:type\" content=\"article\" \/>\n<meta property=\"og:title\" content=\"latex dolphin dog toy | Customize Banana Pet Toys - Petstar\" \/>\n<meta property=\"og:description\" content=\"Explore latex dolphin dog toy, banana pet toy, pet chew toys from the manufacturer. Your ideal business solution with Petstar.\" \/>\n<meta property=\"og:url\" content=\"https:\/\/petproducts.com.cn\/fr\/produit\/latex-dolphin-dog-toy-customize-banana-shape-pet-chew-toys\/\" \/>\n<meta property=\"og:site_name\" content=\"Petstar\" \/>\n<meta property=\"article:modified_time\" content=\"2024-09-05T02:05:59+00:00\" \/>\n<meta property=\"og:image\" content=\"https:\/\/petproducts.com.cn\/wp-content\/uploads\/2024\/05\/latex-dolphin-dog-toy.webp\" \/>\n\t<meta property=\"og:image:width\" content=\"1000\" \/>\n\t<meta property=\"og:image:height\" content=\"1000\" \/>\n\t<meta property=\"og:image:type\" content=\"image\/webp\" \/>\n<meta name=\"twitter:card\" content=\"summary_large_image\" \/>\n<meta name=\"twitter:label1\" content=\"Dur\u00e9e de lecture estim\u00e9e\" \/>\n\t<meta name=\"twitter:data1\" content=\"2 minutes\" \/>\n<script type=\"application\/ld+json\" class=\"yoast-schema-graph\">{\"@context\":\"https:\/\/schema.org\",\"@graph\":[{\"@type\":\"WebPage\",\"@id\":\"https:\/\/petproducts.com.cn\/product\/latex-dolphin-dog-toy-customize-banana-shape-pet-chew-toys\/\",\"url\":\"https:\/\/petproducts.com.cn\/product\/latex-dolphin-dog-toy-customize-banana-shape-pet-chew-toys\/\",\"name\":\"latex dolphin dog toy | Customize Banana Pet Toys - Petstar\",\"isPartOf\":{\"@id\":\"https:\/\/petproducts.com.cn\/#website\"},\"primaryImageOfPage\":{\"@id\":\"https:\/\/petproducts.com.cn\/product\/latex-dolphin-dog-toy-customize-banana-shape-pet-chew-toys\/#primaryimage\"},\"image\":{\"@id\":\"https:\/\/petproducts.com.cn\/product\/latex-dolphin-dog-toy-customize-banana-shape-pet-chew-toys\/#primaryimage\"},\"thumbnailUrl\":\"https:\/\/petproducts.com.cn\/wp-content\/uploads\/2024\/05\/latex-dolphin-dog-toy.webp\",\"datePublished\":\"2024-05-28T07:17:02+00:00\",\"dateModified\":\"2024-09-05T02:05:59+00:00\",\"description\":\"Explore latex dolphin dog toy, banana pet toy, pet chew toys from the manufacturer. Your ideal business solution with Petstar.\",\"breadcrumb\":{\"@id\":\"https:\/\/petproducts.com.cn\/product\/latex-dolphin-dog-toy-customize-banana-shape-pet-chew-toys\/#breadcrumb\"},\"inLanguage\":\"fr-FR\",\"potentialAction\":[{\"@type\":\"ReadAction\",\"target\":[\"https:\/\/petproducts.com.cn\/product\/latex-dolphin-dog-toy-customize-banana-shape-pet-chew-toys\/\"]}]},{\"@type\":\"ImageObject\",\"inLanguage\":\"fr-FR\",\"@id\":\"https:\/\/petproducts.com.cn\/product\/latex-dolphin-dog-toy-customize-banana-shape-pet-chew-toys\/#primaryimage\",\"url\":\"https:\/\/petproducts.com.cn\/wp-content\/uploads\/2024\/05\/latex-dolphin-dog-toy.webp\",\"contentUrl\":\"https:\/\/petproducts.com.cn\/wp-content\/uploads\/2024\/05\/latex-dolphin-dog-toy.webp\",\"width\":1000,\"height\":1000,\"caption\":\"latex dolphin dog toy\"},{\"@type\":\"BreadcrumbList\",\"@id\":\"https:\/\/petproducts.com.cn\/product\/latex-dolphin-dog-toy-customize-banana-shape-pet-chew-toys\/#breadcrumb\",\"itemListElement\":[{\"@type\":\"ListItem\",\"position\":1,\"name\":\"HOME\",\"item\":\"https:\/\/petproducts.com.cn\/\"},{\"@type\":\"ListItem\",\"position\":2,\"name\":\"Products\",\"item\":\"https:\/\/petproducts.com.cn\/shop\/\"},{\"@type\":\"ListItem\",\"position\":3,\"name\":\"Dog Toys\",\"item\":\"https:\/\/petproducts.com.cn\/product-category\/dog-toys\/\"},{\"@type\":\"ListItem\",\"position\":4,\"name\":\"Latex Dolphin Dog Toy Customize Banana Shape Pet Chew Toys\"}]},{\"@type\":\"WebSite\",\"@id\":\"https:\/\/petproducts.com.cn\/#website\",\"url\":\"https:\/\/petproducts.com.cn\/\",\"name\":\"Petstar\",\"description\":\"Leading Pet Supplies Manufacturer &amp; OEM Pet Products Supplier\",\"publisher\":{\"@id\":\"https:\/\/petproducts.com.cn\/#organization\"},\"alternateName\":\"Petstar Pet Supplies\",\"potentialAction\":[{\"@type\":\"SearchAction\",\"target\":{\"@type\":\"EntryPoint\",\"urlTemplate\":\"https:\/\/petproducts.com.cn\/?s={search_term_string}\"},\"query-input\":{\"@type\":\"PropertyValueSpecification\",\"valueRequired\":true,\"valueName\":\"search_term_string\"}}],\"inLanguage\":\"fr-FR\"},{\"@type\":\"Organization\",\"@id\":\"https:\/\/petproducts.com.cn\/#organization\",\"name\":\"Petstar\",\"url\":\"https:\/\/petproducts.com.cn\/\",\"logo\":{\"@type\":\"ImageObject\",\"inLanguage\":\"fr-FR\",\"@id\":\"https:\/\/petproducts.com.cn\/#\/schema\/logo\/image\/\",\"url\":\"https:\/\/petproducts.com.cn\/wp-content\/uploads\/2020\/02\/petstar-logo.webp\",\"contentUrl\":\"https:\/\/petproducts.com.cn\/wp-content\/uploads\/2020\/02\/petstar-logo.webp\",\"width\":779,\"height\":520,\"caption\":\"Petstar\"},\"image\":{\"@id\":\"https:\/\/petproducts.com.cn\/#\/schema\/logo\/image\/\"}}]}<\/script>\n<!-- \/ Yoast SEO plugin. -->","yoast_head_json":{"title":"Jouet dauphin en latex pour chien | Customize Banana Pet Toys - Petstar","description":"D\u00e9couvrez les jouets pour chiens en latex, les jouets pour animaux de compagnie en forme de banane et les jouets \u00e0 m\u00e2cher pour animaux de compagnie du fabricant. Votre solution commerciale id\u00e9ale avec Petstar.","robots":{"index":"index","follow":"follow","max-snippet":"max-snippet:-1","max-image-preview":"max-image-preview:large","max-video-preview":"max-video-preview:-1"},"canonical":"https:\/\/petproducts.com.cn\/fr\/produit\/latex-dolphin-dog-toy-customize-banana-shape-pet-chew-toys\/","og_locale":"fr_FR","og_type":"article","og_title":"latex dolphin dog toy | Customize Banana Pet Toys - Petstar","og_description":"Explore latex dolphin dog toy, banana pet toy, pet chew toys from the manufacturer. Your ideal business solution with Petstar.","og_url":"https:\/\/petproducts.com.cn\/fr\/produit\/latex-dolphin-dog-toy-customize-banana-shape-pet-chew-toys\/","og_site_name":"Petstar","article_modified_time":"2024-09-05T02:05:59+00:00","og_image":[{"width":1000,"height":1000,"url":"https:\/\/petproducts.com.cn\/wp-content\/uploads\/2024\/05\/latex-dolphin-dog-toy.webp","type":"image\/webp"}],"twitter_card":"summary_large_image","twitter_misc":{"Dur\u00e9e de lecture estim\u00e9e":"2 minutes"},"schema":{"@context":"https:\/\/schema.org","@graph":[{"@type":"WebPage","@id":"https:\/\/petproducts.com.cn\/product\/latex-dolphin-dog-toy-customize-banana-shape-pet-chew-toys\/","url":"https:\/\/petproducts.com.cn\/product\/latex-dolphin-dog-toy-customize-banana-shape-pet-chew-toys\/","name":"Jouet dauphin en latex pour chien | Customize Banana Pet Toys - Petstar","isPartOf":{"@id":"https:\/\/petproducts.com.cn\/#website"},"primaryImageOfPage":{"@id":"https:\/\/petproducts.com.cn\/product\/latex-dolphin-dog-toy-customize-banana-shape-pet-chew-toys\/#primaryimage"},"image":{"@id":"https:\/\/petproducts.com.cn\/product\/latex-dolphin-dog-toy-customize-banana-shape-pet-chew-toys\/#primaryimage"},"thumbnailUrl":"https:\/\/petproducts.com.cn\/wp-content\/uploads\/2024\/05\/latex-dolphin-dog-toy.webp","datePublished":"2024-05-28T07:17:02+00:00","dateModified":"2024-09-05T02:05:59+00:00","description":"D\u00e9couvrez les jouets pour chiens en latex, les jouets pour animaux de compagnie en forme de banane et les jouets \u00e0 m\u00e2cher pour animaux de compagnie du fabricant. Votre solution commerciale id\u00e9ale avec Petstar.","breadcrumb":{"@id":"https:\/\/petproducts.com.cn\/product\/latex-dolphin-dog-toy-customize-banana-shape-pet-chew-toys\/#breadcrumb"},"inLanguage":"fr-FR","potentialAction":[{"@type":"ReadAction","target":["https:\/\/petproducts.com.cn\/product\/latex-dolphin-dog-toy-customize-banana-shape-pet-chew-toys\/"]}]},{"@type":"ImageObject","inLanguage":"fr-FR","@id":"https:\/\/petproducts.com.cn\/product\/latex-dolphin-dog-toy-customize-banana-shape-pet-chew-toys\/#primaryimage","url":"https:\/\/petproducts.com.cn\/wp-content\/uploads\/2024\/05\/latex-dolphin-dog-toy.webp","contentUrl":"https:\/\/petproducts.com.cn\/wp-content\/uploads\/2024\/05\/latex-dolphin-dog-toy.webp","width":1000,"height":1000,"caption":"latex dolphin dog toy"},{"@type":"BreadcrumbList","@id":"https:\/\/petproducts.com.cn\/product\/latex-dolphin-dog-toy-customize-banana-shape-pet-chew-toys\/#breadcrumb","itemListElement":[{"@type":"ListItem","position":1,"name":"HOME","item":"https:\/\/petproducts.com.cn\/"},{"@type":"ListItem","position":2,"name":"Products","item":"https:\/\/petproducts.com.cn\/shop\/"},{"@type":"ListItem","position":3,"name":"Dog Toys","item":"https:\/\/petproducts.com.cn\/product-category\/dog-toys\/"},{"@type":"ListItem","position":4,"name":"Latex Dolphin Dog Toy Customize Banana Shape Pet Chew Toys"}]},{"@type":"WebSite","@id":"https:\/\/petproducts.com.cn\/#website","url":"https:\/\/petproducts.com.cn\/","name":"Petstar","description":"Fabricant leader de fournitures pour animaux de compagnie et fournisseur OEM de produits pour animaux de compagnie","publisher":{"@id":"https:\/\/petproducts.com.cn\/#organization"},"alternateName":"Petstar Pet Supplies","potentialAction":[{"@type":"SearchAction","target":{"@type":"EntryPoint","urlTemplate":"https:\/\/petproducts.com.cn\/?s={search_term_string}"},"query-input":{"@type":"PropertyValueSpecification","valueRequired":true,"valueName":"search_term_string"}}],"inLanguage":"fr-FR"},{"@type":"Organization","@id":"https:\/\/petproducts.com.cn\/#organization","name":"Petstar","url":"https:\/\/petproducts.com.cn\/","logo":{"@type":"ImageObject","inLanguage":"fr-FR","@id":"https:\/\/petproducts.com.cn\/#\/schema\/logo\/image\/","url":"https:\/\/petproducts.com.cn\/wp-content\/uploads\/2020\/02\/petstar-logo.webp","contentUrl":"https:\/\/petproducts.com.cn\/wp-content\/uploads\/2020\/02\/petstar-logo.webp","width":779,"height":520,"caption":"Petstar"},"image":{"@id":"https:\/\/petproducts.com.cn\/#\/schema\/logo\/image\/"}}]}},"_links":{"self":[{"href":"https:\/\/petproducts.com.cn\/fr\/wp-json\/wp\/v2\/product\/24209","targetHints":{"allow":["GET"]}}],"collection":[{"href":"https:\/\/petproducts.com.cn\/fr\/wp-json\/wp\/v2\/product"}],"about":[{"href":"https:\/\/petproducts.com.cn\/fr\/wp-json\/wp\/v2\/types\/product"}],"version-history":[{"count":1,"href":"https:\/\/petproducts.com.cn\/fr\/wp-json\/wp\/v2\/product\/24209\/revisions"}],"predecessor-version":[{"id":24228,"href":"https:\/\/petproducts.com.cn\/fr\/wp-json\/wp\/v2\/product\/24209\/revisions\/24228"}],"wp:featuredmedia":[{"embeddable":true,"href":"https:\/\/petproducts.com.cn\/fr\/wp-json\/wp\/v2\/media\/24214"}],"wp:attachment":[{"href":"https:\/\/petproducts.com.cn\/fr\/wp-json\/wp\/v2\/media?parent=24209"}],"wp:term":[{"taxonomy":"product_brand","embeddable":true,"href":"https:\/\/petproducts.com.cn\/fr\/wp-json\/wp\/v2\/product_brand?post=24209"},{"taxonomy":"product_cat","embeddable":true,"href":"https:\/\/petproducts.com.cn\/fr\/wp-json\/wp\/v2\/product_cat?post=24209"},{"taxonomy":"product_tag","embeddable":true,"href":"https:\/\/petproducts.com.cn\/fr\/wp-json\/wp\/v2\/product_tag?post=24209"}],"curies":[{"name":"wp","href":"https:\/\/api.w.org\/{rel}","templated":true}]}}