{"id":24312,"date":"2024-05-29T07:23:23","date_gmt":"2024-05-29T07:23:23","guid":{"rendered":"https:\/\/petproducts.com.cn\/?post_type=product&#038;p=24312"},"modified":"2024-09-05T02:04:55","modified_gmt":"2024-09-05T02:04:55","slug":"tpr-pet-toys-factory-tough-chew-summer-toys-for-dogs","status":"publish","type":"product","link":"https:\/\/petproducts.com.cn\/fr\/product\/tpr-pet-toys-factory-tough-chew-summer-toys-for-dogs\/","title":{"rendered":"Jouets d&#039;\u00e9t\u00e9 \u00e0 m\u00e2cher durs d&#039;usine de jouets pour animaux de compagnie de TPR pour des chiens"},"content":{"rendered":"<h2>Caract\u00e9ristiques des jouets pour animaux en TPR<\/h2>\n<p>En tant qu'usine sp\u00e9cialis\u00e9e, nous nous consacrons \u00e0 la production de jouets pour animaux de compagnie de haute qualit\u00e9, con\u00e7us pour durer et s'amuser en \u00e9t\u00e9. Nos <strong>Jouets d&#039;\u00e9t\u00e9 \u00e0 m\u00e2cher durs d&#039;usine de jouets pour animaux de compagnie de TPR pour des chiens<\/strong> sont fabriqu\u00e9es de mani\u00e8re experte pour assurer la s\u00e9curit\u00e9 et le plaisir de vos amis \u00e0 fourrure pendant les mois chauds.<\/p>\n<p><strong>Caract\u00e9ristiques du produit :<\/strong><\/p>\n<ol>\n<li><strong>Mat\u00e9riau TPR durable<\/strong>: Fabriqu\u00e9s en caoutchouc thermoplastique (TPR) de premi\u00e8re qualit\u00e9, ces jouets sont suffisamment robustes pour r\u00e9sister aux jeux et aux m\u00e2chonnements vigoureux.<\/li>\n<li><strong>Parfait pour l'\u00e9t\u00e9<\/strong>: Con\u00e7us sp\u00e9cialement pour l'\u00e9t\u00e9, ces jouets procurent un plaisir rafra\u00eechissant aux chiens, les aidant \u00e0 rester actifs et \u00e0 se rafra\u00eechir.<\/li>\n<li><strong>Des dessins charmants et amusants<\/strong>: Nos jouets sont disponibles dans une vari\u00e9t\u00e9 de formes mignonnes et attrayantes qui captent l'int\u00e9r\u00eat des chiens et leur procurent des heures de divertissement.<\/li>\n<li><strong>Services OEM\/ODM<\/strong>: Nous acceptons les commandes OEM et ODM, ce qui nous permet de concevoir des mod\u00e8les personnalis\u00e9s pour r\u00e9pondre \u00e0 vos besoins et pr\u00e9f\u00e9rences sp\u00e9cifiques.<\/li>\n<li><strong>Vid\u00e9os et photos gratuites<\/strong>: Nous offrons des services gratuits de vid\u00e9o et de photo pour soutenir la pr\u00e9sentation de vos produits et vos efforts de marketing.<\/li>\n<li><strong>Conception de l'emballage de la bo\u00eete en couleur<\/strong>: Notre conception professionnelle de l'emballage permet \u00e0 votre produit de se d\u00e9marquer dans les rayons des magasins.<\/li>\n<li><strong>Service d'approvisionnement unique<\/strong>: Nous fournissons un service d'approvisionnement complet afin de garantir un processus d'ex\u00e9cution des commandes efficace et sans faille.<\/li>\n<\/ol>\n<p><strong>Nos avantages :<\/strong><\/p>\n<ul>\n<li><strong>Une vaste exp\u00e9rience<\/strong>: Forts de nos ann\u00e9es d'exp\u00e9rience en mati\u00e8re de production, nous fournissons les principaux d\u00e9taillants mondiaux tels que Walmart, Carrefour et Kmart.<\/li>\n<li><strong>Assurance qualit\u00e9<\/strong>: Nos mesures rigoureuses de contr\u00f4le de la qualit\u00e9 garantissent que chaque produit r\u00e9pond aux normes les plus strictes en mati\u00e8re de s\u00e9curit\u00e9 et de durabilit\u00e9.<\/li>\n<li><strong>Exp\u00e9dition mondiale<\/strong>: Nous offrons des services logistiques rapides et fiables, garantissant une livraison dans les d\u00e9lais dans le monde entier.<\/li>\n<\/ul>","protected":false},"excerpt":{"rendered":"<p>Nous sommes un fabricant de jouets d'\u00e9t\u00e9 pour chiens avec plus de 20 ans d'exp\u00e9rience. Nous offrons des options de personnalisation pour la couleur, la taille, le tissu, le motif, le logo et d'autres caract\u00e9ristiques.<\/p>","protected":false},"featured_media":24318,"template":"","meta":{"_acf_changed":false},"product_brand":[],"product_cat":[72,48],"product_tag":[223,234],"class_list":{"0":"post-24312","1":"product","2":"type-product","3":"status-publish","4":"has-post-thumbnail","6":"product_cat-dog-supplies","7":"product_cat-dog-toys","8":"product_tag-dog-chew-toys","9":"product_tag-tpr-dog-toys","11":"first","12":"instock","13":"shipping-taxable","14":"product-type-simple"},"acf":[],"yoast_head":"<!-- This site is optimized with the Yoast SEO plugin v27.1.1 - https:\/\/yoast.com\/product\/yoast-seo-wordpress\/ -->\n<title>tpr pet toys | Factory Summer Toys For Dogs - Petstar<\/title>\n<meta name=\"description\" content=\"Explore tpr pet toys, tough dog chew toy, summer toys for dogs from the manufacturer. Your ideal business solution with Petstar.\" \/>\n<meta name=\"robots\" content=\"index, follow, max-snippet:-1, max-image-preview:large, max-video-preview:-1\" \/>\n<link rel=\"canonical\" href=\"https:\/\/petproducts.com.cn\/fr\/produit\/tpr-pet-toys-factory-tough-chew-summer-toys-for-dogs\/\" \/>\n<meta property=\"og:locale\" content=\"fr_FR\" \/>\n<meta property=\"og:type\" content=\"article\" \/>\n<meta property=\"og:title\" content=\"tpr pet toys | Factory Summer Toys For Dogs - Petstar\" \/>\n<meta property=\"og:description\" content=\"Explore tpr pet toys, tough dog chew toy, summer toys for dogs from the manufacturer. Your ideal business solution with Petstar.\" \/>\n<meta property=\"og:url\" content=\"https:\/\/petproducts.com.cn\/fr\/produit\/tpr-pet-toys-factory-tough-chew-summer-toys-for-dogs\/\" \/>\n<meta property=\"og:site_name\" content=\"Petstar\" \/>\n<meta property=\"article:modified_time\" content=\"2024-09-05T02:04:55+00:00\" \/>\n<meta property=\"og:image\" content=\"https:\/\/petproducts.com.cn\/wp-content\/uploads\/2024\/05\/tpr-pet-toys.webp\" \/>\n\t<meta property=\"og:image:width\" content=\"1000\" \/>\n\t<meta property=\"og:image:height\" content=\"1000\" \/>\n\t<meta property=\"og:image:type\" content=\"image\/webp\" \/>\n<meta name=\"twitter:card\" content=\"summary_large_image\" \/>\n<meta name=\"twitter:label1\" content=\"Dur\u00e9e de lecture estim\u00e9e\" \/>\n\t<meta name=\"twitter:data1\" content=\"2 minutes\" \/>\n<script type=\"application\/ld+json\" class=\"yoast-schema-graph\">{\"@context\":\"https:\/\/schema.org\",\"@graph\":[{\"@type\":\"WebPage\",\"@id\":\"https:\/\/petproducts.com.cn\/product\/tpr-pet-toys-factory-tough-chew-summer-toys-for-dogs\/\",\"url\":\"https:\/\/petproducts.com.cn\/product\/tpr-pet-toys-factory-tough-chew-summer-toys-for-dogs\/\",\"name\":\"tpr pet toys | Factory Summer Toys For Dogs - Petstar\",\"isPartOf\":{\"@id\":\"https:\/\/petproducts.com.cn\/#website\"},\"primaryImageOfPage\":{\"@id\":\"https:\/\/petproducts.com.cn\/product\/tpr-pet-toys-factory-tough-chew-summer-toys-for-dogs\/#primaryimage\"},\"image\":{\"@id\":\"https:\/\/petproducts.com.cn\/product\/tpr-pet-toys-factory-tough-chew-summer-toys-for-dogs\/#primaryimage\"},\"thumbnailUrl\":\"https:\/\/petproducts.com.cn\/wp-content\/uploads\/2024\/05\/tpr-pet-toys.webp\",\"datePublished\":\"2024-05-29T07:23:23+00:00\",\"dateModified\":\"2024-09-05T02:04:55+00:00\",\"description\":\"Explore tpr pet toys, tough dog chew toy, summer toys for dogs from the manufacturer. Your ideal business solution with Petstar.\",\"breadcrumb\":{\"@id\":\"https:\/\/petproducts.com.cn\/product\/tpr-pet-toys-factory-tough-chew-summer-toys-for-dogs\/#breadcrumb\"},\"inLanguage\":\"fr-FR\",\"potentialAction\":[{\"@type\":\"ReadAction\",\"target\":[\"https:\/\/petproducts.com.cn\/product\/tpr-pet-toys-factory-tough-chew-summer-toys-for-dogs\/\"]}]},{\"@type\":\"ImageObject\",\"inLanguage\":\"fr-FR\",\"@id\":\"https:\/\/petproducts.com.cn\/product\/tpr-pet-toys-factory-tough-chew-summer-toys-for-dogs\/#primaryimage\",\"url\":\"https:\/\/petproducts.com.cn\/wp-content\/uploads\/2024\/05\/tpr-pet-toys.webp\",\"contentUrl\":\"https:\/\/petproducts.com.cn\/wp-content\/uploads\/2024\/05\/tpr-pet-toys.webp\",\"width\":1000,\"height\":1000,\"caption\":\"tpr pet toys\"},{\"@type\":\"BreadcrumbList\",\"@id\":\"https:\/\/petproducts.com.cn\/product\/tpr-pet-toys-factory-tough-chew-summer-toys-for-dogs\/#breadcrumb\",\"itemListElement\":[{\"@type\":\"ListItem\",\"position\":1,\"name\":\"HOME\",\"item\":\"https:\/\/petproducts.com.cn\/\"},{\"@type\":\"ListItem\",\"position\":2,\"name\":\"Products\",\"item\":\"https:\/\/petproducts.com.cn\/shop\/\"},{\"@type\":\"ListItem\",\"position\":3,\"name\":\"Dog Toys\",\"item\":\"https:\/\/petproducts.com.cn\/product-category\/dog-toys\/\"},{\"@type\":\"ListItem\",\"position\":4,\"name\":\"TPR Pet Toys Factory Tough Chew Summer Toys For Dogs\"}]},{\"@type\":\"WebSite\",\"@id\":\"https:\/\/petproducts.com.cn\/#website\",\"url\":\"https:\/\/petproducts.com.cn\/\",\"name\":\"Petstar\",\"description\":\"Leading Pet Supplies Manufacturer &amp; OEM Pet Products Supplier\",\"publisher\":{\"@id\":\"https:\/\/petproducts.com.cn\/#organization\"},\"alternateName\":\"Petstar Pet Supplies\",\"potentialAction\":[{\"@type\":\"SearchAction\",\"target\":{\"@type\":\"EntryPoint\",\"urlTemplate\":\"https:\/\/petproducts.com.cn\/?s={search_term_string}\"},\"query-input\":{\"@type\":\"PropertyValueSpecification\",\"valueRequired\":true,\"valueName\":\"search_term_string\"}}],\"inLanguage\":\"fr-FR\"},{\"@type\":\"Organization\",\"@id\":\"https:\/\/petproducts.com.cn\/#organization\",\"name\":\"Petstar\",\"url\":\"https:\/\/petproducts.com.cn\/\",\"logo\":{\"@type\":\"ImageObject\",\"inLanguage\":\"fr-FR\",\"@id\":\"https:\/\/petproducts.com.cn\/#\/schema\/logo\/image\/\",\"url\":\"https:\/\/petproducts.com.cn\/wp-content\/uploads\/2020\/02\/petstar-logo.webp\",\"contentUrl\":\"https:\/\/petproducts.com.cn\/wp-content\/uploads\/2020\/02\/petstar-logo.webp\",\"width\":779,\"height\":520,\"caption\":\"Petstar\"},\"image\":{\"@id\":\"https:\/\/petproducts.com.cn\/#\/schema\/logo\/image\/\"}}]}<\/script>\n<!-- \/ Yoast SEO plugin. -->","yoast_head_json":{"title":"tpr pet toys | Factory Jouets d'\u00e9t\u00e9 pour chiens - Petstar","description":"D\u00e9couvrez les jouets pour animaux tpr, les jouets \u00e0 m\u00e2cher pour chiens, les jouets d'\u00e9t\u00e9 pour chiens du fabricant. Votre solution commerciale id\u00e9ale avec Petstar.","robots":{"index":"index","follow":"follow","max-snippet":"max-snippet:-1","max-image-preview":"max-image-preview:large","max-video-preview":"max-video-preview:-1"},"canonical":"https:\/\/petproducts.com.cn\/fr\/produit\/tpr-pet-toys-factory-tough-chew-summer-toys-for-dogs\/","og_locale":"fr_FR","og_type":"article","og_title":"tpr pet toys | Factory Summer Toys For Dogs - Petstar","og_description":"Explore tpr pet toys, tough dog chew toy, summer toys for dogs from the manufacturer. Your ideal business solution with Petstar.","og_url":"https:\/\/petproducts.com.cn\/fr\/produit\/tpr-pet-toys-factory-tough-chew-summer-toys-for-dogs\/","og_site_name":"Petstar","article_modified_time":"2024-09-05T02:04:55+00:00","og_image":[{"width":1000,"height":1000,"url":"https:\/\/petproducts.com.cn\/wp-content\/uploads\/2024\/05\/tpr-pet-toys.webp","type":"image\/webp"}],"twitter_card":"summary_large_image","twitter_misc":{"Dur\u00e9e de lecture estim\u00e9e":"2 minutes"},"schema":{"@context":"https:\/\/schema.org","@graph":[{"@type":"WebPage","@id":"https:\/\/petproducts.com.cn\/product\/tpr-pet-toys-factory-tough-chew-summer-toys-for-dogs\/","url":"https:\/\/petproducts.com.cn\/product\/tpr-pet-toys-factory-tough-chew-summer-toys-for-dogs\/","name":"tpr pet toys | Factory Jouets d'\u00e9t\u00e9 pour chiens - Petstar","isPartOf":{"@id":"https:\/\/petproducts.com.cn\/#website"},"primaryImageOfPage":{"@id":"https:\/\/petproducts.com.cn\/product\/tpr-pet-toys-factory-tough-chew-summer-toys-for-dogs\/#primaryimage"},"image":{"@id":"https:\/\/petproducts.com.cn\/product\/tpr-pet-toys-factory-tough-chew-summer-toys-for-dogs\/#primaryimage"},"thumbnailUrl":"https:\/\/petproducts.com.cn\/wp-content\/uploads\/2024\/05\/tpr-pet-toys.webp","datePublished":"2024-05-29T07:23:23+00:00","dateModified":"2024-09-05T02:04:55+00:00","description":"D\u00e9couvrez les jouets pour animaux tpr, les jouets \u00e0 m\u00e2cher pour chiens, les jouets d'\u00e9t\u00e9 pour chiens du fabricant. Votre solution commerciale id\u00e9ale avec Petstar.","breadcrumb":{"@id":"https:\/\/petproducts.com.cn\/product\/tpr-pet-toys-factory-tough-chew-summer-toys-for-dogs\/#breadcrumb"},"inLanguage":"fr-FR","potentialAction":[{"@type":"ReadAction","target":["https:\/\/petproducts.com.cn\/product\/tpr-pet-toys-factory-tough-chew-summer-toys-for-dogs\/"]}]},{"@type":"ImageObject","inLanguage":"fr-FR","@id":"https:\/\/petproducts.com.cn\/product\/tpr-pet-toys-factory-tough-chew-summer-toys-for-dogs\/#primaryimage","url":"https:\/\/petproducts.com.cn\/wp-content\/uploads\/2024\/05\/tpr-pet-toys.webp","contentUrl":"https:\/\/petproducts.com.cn\/wp-content\/uploads\/2024\/05\/tpr-pet-toys.webp","width":1000,"height":1000,"caption":"tpr pet toys"},{"@type":"BreadcrumbList","@id":"https:\/\/petproducts.com.cn\/product\/tpr-pet-toys-factory-tough-chew-summer-toys-for-dogs\/#breadcrumb","itemListElement":[{"@type":"ListItem","position":1,"name":"HOME","item":"https:\/\/petproducts.com.cn\/"},{"@type":"ListItem","position":2,"name":"Products","item":"https:\/\/petproducts.com.cn\/shop\/"},{"@type":"ListItem","position":3,"name":"Dog Toys","item":"https:\/\/petproducts.com.cn\/product-category\/dog-toys\/"},{"@type":"ListItem","position":4,"name":"TPR Pet Toys Factory Tough Chew Summer Toys For Dogs"}]},{"@type":"WebSite","@id":"https:\/\/petproducts.com.cn\/#website","url":"https:\/\/petproducts.com.cn\/","name":"Petstar","description":"Fabricant leader de fournitures pour animaux de compagnie et fournisseur OEM de produits pour animaux de compagnie","publisher":{"@id":"https:\/\/petproducts.com.cn\/#organization"},"alternateName":"Petstar Pet Supplies","potentialAction":[{"@type":"SearchAction","target":{"@type":"EntryPoint","urlTemplate":"https:\/\/petproducts.com.cn\/?s={search_term_string}"},"query-input":{"@type":"PropertyValueSpecification","valueRequired":true,"valueName":"search_term_string"}}],"inLanguage":"fr-FR"},{"@type":"Organization","@id":"https:\/\/petproducts.com.cn\/#organization","name":"Petstar","url":"https:\/\/petproducts.com.cn\/","logo":{"@type":"ImageObject","inLanguage":"fr-FR","@id":"https:\/\/petproducts.com.cn\/#\/schema\/logo\/image\/","url":"https:\/\/petproducts.com.cn\/wp-content\/uploads\/2020\/02\/petstar-logo.webp","contentUrl":"https:\/\/petproducts.com.cn\/wp-content\/uploads\/2020\/02\/petstar-logo.webp","width":779,"height":520,"caption":"Petstar"},"image":{"@id":"https:\/\/petproducts.com.cn\/#\/schema\/logo\/image\/"}}]}},"_links":{"self":[{"href":"https:\/\/petproducts.com.cn\/fr\/wp-json\/wp\/v2\/product\/24312","targetHints":{"allow":["GET"]}}],"collection":[{"href":"https:\/\/petproducts.com.cn\/fr\/wp-json\/wp\/v2\/product"}],"about":[{"href":"https:\/\/petproducts.com.cn\/fr\/wp-json\/wp\/v2\/types\/product"}],"version-history":[{"count":1,"href":"https:\/\/petproducts.com.cn\/fr\/wp-json\/wp\/v2\/product\/24312\/revisions"}],"predecessor-version":[{"id":24326,"href":"https:\/\/petproducts.com.cn\/fr\/wp-json\/wp\/v2\/product\/24312\/revisions\/24326"}],"wp:featuredmedia":[{"embeddable":true,"href":"https:\/\/petproducts.com.cn\/fr\/wp-json\/wp\/v2\/media\/24318"}],"wp:attachment":[{"href":"https:\/\/petproducts.com.cn\/fr\/wp-json\/wp\/v2\/media?parent=24312"}],"wp:term":[{"taxonomy":"product_brand","embeddable":true,"href":"https:\/\/petproducts.com.cn\/fr\/wp-json\/wp\/v2\/product_brand?post=24312"},{"taxonomy":"product_cat","embeddable":true,"href":"https:\/\/petproducts.com.cn\/fr\/wp-json\/wp\/v2\/product_cat?post=24312"},{"taxonomy":"product_tag","embeddable":true,"href":"https:\/\/petproducts.com.cn\/fr\/wp-json\/wp\/v2\/product_tag?post=24312"}],"curies":[{"name":"wp","href":"https:\/\/api.w.org\/{rel}","templated":true}]}}