{"id":25476,"date":"2024-06-24T05:19:47","date_gmt":"2024-06-24T05:19:47","guid":{"rendered":"https:\/\/petproducts.com.cn\/?post_type=product&#038;p=25476"},"modified":"2024-06-24T05:30:55","modified_gmt":"2024-06-24T05:30:55","slug":"pet-glove-wipes-cat-dog-glove-wipes","status":"publish","type":"product","link":"https:\/\/petproducts.com.cn\/fr\/product\/pet-glove-wipes-cat-dog-glove-wipes\/","title":{"rendered":"Lingettes pour gants pour animaux de compagnie Lingettes pour gants pour chien et chat"},"content":{"rendered":"<h2><strong>Caract\u00e9ristiques de Pet Glove Wipes<\/strong><\/h2>\n<ul>\n<li><strong>Formule sans alcool<\/strong>: Nos gants de toilette pour animaux de compagnie sont enti\u00e8rement sans alcool, ce qui garantit qu'ils sont doux pour la peau de votre animal. Vous pouvez les utiliser quotidiennement sans crainte d'irritation ou de dess\u00e8chement.<\/li>\n<li><strong>Tissu doux non tiss\u00e9<\/strong>: Fabriqu\u00e9es en tissu non tiss\u00e9 doux, ces lingettes offrent une exp\u00e9rience de nettoyage confortable et efficace. Votre animal de compagnie appr\u00e9ciera la douceur du toucher, et vous appr\u00e9cierez le nettoyage en profondeur.<\/li>\n<li><strong>Biod\u00e9gradable et \u00e9cologique<\/strong>: Ces lingettes sont biod\u00e9gradables, ce qui en fait un choix \u00e9cologique. Vous pouvez toiletter votre animal tout en prenant soin de l'environnement et en r\u00e9duisant votre empreinte carbone.<\/li>\n<li><strong>St\u00e9rilisation efficace<\/strong>: Con\u00e7ues pour st\u00e9riliser, ces lingettes pour gants aident \u00e0 \u00e9liminer les bact\u00e9ries et les germes du pelage de votre animal. Une utilisation r\u00e9guli\u00e8re permet \u00e0 votre animal de rester en bonne sant\u00e9 et propre, et de pr\u00e9venir les infections.<\/li>\n<li><strong>Parfait pour les chats et les chiens<\/strong>: Que vous ayez un chat ou un chien, ces lingettes pour gants sont id\u00e9ales pour les deux. Polyvalentes et pratiques, elles font du toilettage un jeu d'enfant pour tous les propri\u00e9taires d'animaux.<\/li>\n<li><strong>Pratique et facile \u00e0 utiliser<\/strong>: Ces gants de nettoyage sont incroyablement faciles \u00e0 utiliser. Il suffit d'enfiler le gant et d'essuyer le pelage de votre animal. Gardez-en un paquet \u00e0 port\u00e9e de main \u00e0 la maison ou emportez-les en d\u00e9placement pour un toilettage rapide et efficace.<\/li>\n<li><strong>Ingr\u00e9dients s\u00fbrs et non toxiques<\/strong>: Fabriqu\u00e9es \u00e0 partir d'ingr\u00e9dients s\u00fbrs et non toxiques, ces lingettes sont suffisamment douces pour un usage r\u00e9gulier. Vous pouvez les utiliser en toute confiance, sachant qu'elles sont exemptes de produits chimiques nocifs.<\/li>\n<\/ul>","protected":false},"excerpt":{"rendered":"<p>Nous sommes un fabricant de brosses pour animaux de compagnie avec plus de 20 ans d'exp\u00e9rience. Nous offrons des options de personnalisation pour la couleur, la taille, le tissu, le motif, le logo et d'autres caract\u00e9ristiques.<\/p>","protected":false},"featured_media":25485,"template":"","meta":{"_acf_changed":false},"product_brand":[],"product_cat":[137,71,136,72],"product_tag":[139,140],"class_list":{"0":"post-25476","1":"product","2":"type-product","3":"status-publish","4":"has-post-thumbnail","6":"product_cat-cat-grooming-cleaning-supplies","7":"product_cat-cat-supplies","8":"product_cat-dog-grooming-cleaning-supplies","9":"product_cat-dog-supplies","10":"product_tag-cat-grooming-cleaning-supplies","11":"product_tag-dog-grooming-cleaning-supplies","13":"first","14":"instock","15":"shipping-taxable","16":"product-type-simple"},"acf":[],"yoast_head":"<!-- This site is optimized with the Yoast SEO plugin v27.1.1 - https:\/\/yoast.com\/product\/yoast-seo-wordpress\/ -->\n<title>Pet Glove Wipes | Dog Glove Wipes Manufacturer - Petstar - Petstar<\/title>\n<meta name=\"description\" content=\"Explore pet glove wipes, cat glove wipes, and dog glove wipes directly from the manufacturer. Your ideal business solution with Petstar.\" \/>\n<meta name=\"robots\" content=\"index, follow, max-snippet:-1, max-image-preview:large, max-video-preview:-1\" \/>\n<link rel=\"canonical\" href=\"https:\/\/petproducts.com.cn\/fr\/produit\/pet-glove-wipes-cat-dog-glove-wipes\/\" \/>\n<meta property=\"og:locale\" content=\"fr_FR\" \/>\n<meta property=\"og:type\" content=\"article\" \/>\n<meta property=\"og:title\" content=\"Pet Glove Wipes | Dog Glove Wipes Manufacturer - Petstar - Petstar\" \/>\n<meta property=\"og:description\" content=\"Explore pet glove wipes, cat glove wipes, and dog glove wipes directly from the manufacturer. Your ideal business solution with Petstar.\" \/>\n<meta property=\"og:url\" content=\"https:\/\/petproducts.com.cn\/fr\/produit\/pet-glove-wipes-cat-dog-glove-wipes\/\" \/>\n<meta property=\"og:site_name\" content=\"Petstar\" \/>\n<meta property=\"article:modified_time\" content=\"2024-06-24T05:30:55+00:00\" \/>\n<meta property=\"og:image\" content=\"https:\/\/petproducts.com.cn\/wp-content\/uploads\/2024\/06\/pet-glove-wipes.webp\" \/>\n\t<meta property=\"og:image:width\" content=\"800\" \/>\n\t<meta property=\"og:image:height\" content=\"800\" \/>\n\t<meta property=\"og:image:type\" content=\"image\/webp\" \/>\n<meta name=\"twitter:card\" content=\"summary_large_image\" \/>\n<meta name=\"twitter:label1\" content=\"Dur\u00e9e de lecture estim\u00e9e\" \/>\n\t<meta name=\"twitter:data1\" content=\"2 minutes\" \/>\n<script type=\"application\/ld+json\" class=\"yoast-schema-graph\">{\"@context\":\"https:\/\/schema.org\",\"@graph\":[{\"@type\":\"WebPage\",\"@id\":\"https:\/\/petproducts.com.cn\/product\/pet-glove-wipes-cat-dog-glove-wipes\/\",\"url\":\"https:\/\/petproducts.com.cn\/product\/pet-glove-wipes-cat-dog-glove-wipes\/\",\"name\":\"Pet Glove Wipes | Dog Glove Wipes Manufacturer - Petstar - Petstar\",\"isPartOf\":{\"@id\":\"https:\/\/petproducts.com.cn\/#website\"},\"primaryImageOfPage\":{\"@id\":\"https:\/\/petproducts.com.cn\/product\/pet-glove-wipes-cat-dog-glove-wipes\/#primaryimage\"},\"image\":{\"@id\":\"https:\/\/petproducts.com.cn\/product\/pet-glove-wipes-cat-dog-glove-wipes\/#primaryimage\"},\"thumbnailUrl\":\"https:\/\/petproducts.com.cn\/wp-content\/uploads\/2024\/06\/pet-glove-wipes.webp\",\"datePublished\":\"2024-06-24T05:19:47+00:00\",\"dateModified\":\"2024-06-24T05:30:55+00:00\",\"description\":\"Explore pet glove wipes, cat glove wipes, and dog glove wipes directly from the manufacturer. Your ideal business solution with Petstar.\",\"breadcrumb\":{\"@id\":\"https:\/\/petproducts.com.cn\/product\/pet-glove-wipes-cat-dog-glove-wipes\/#breadcrumb\"},\"inLanguage\":\"fr-FR\",\"potentialAction\":[{\"@type\":\"ReadAction\",\"target\":[\"https:\/\/petproducts.com.cn\/product\/pet-glove-wipes-cat-dog-glove-wipes\/\"]}]},{\"@type\":\"ImageObject\",\"inLanguage\":\"fr-FR\",\"@id\":\"https:\/\/petproducts.com.cn\/product\/pet-glove-wipes-cat-dog-glove-wipes\/#primaryimage\",\"url\":\"https:\/\/petproducts.com.cn\/wp-content\/uploads\/2024\/06\/pet-glove-wipes.webp\",\"contentUrl\":\"https:\/\/petproducts.com.cn\/wp-content\/uploads\/2024\/06\/pet-glove-wipes.webp\",\"width\":800,\"height\":800,\"caption\":\"pet glove wipes\"},{\"@type\":\"BreadcrumbList\",\"@id\":\"https:\/\/petproducts.com.cn\/product\/pet-glove-wipes-cat-dog-glove-wipes\/#breadcrumb\",\"itemListElement\":[{\"@type\":\"ListItem\",\"position\":1,\"name\":\"HOME\",\"item\":\"https:\/\/petproducts.com.cn\/\"},{\"@type\":\"ListItem\",\"position\":2,\"name\":\"Products\",\"item\":\"https:\/\/petproducts.com.cn\/shop\/\"},{\"@type\":\"ListItem\",\"position\":3,\"name\":\"Dog Grooming &amp; Cleaning Supplies\",\"item\":\"https:\/\/petproducts.com.cn\/product-category\/dog-grooming-cleaning-supplies\/\"},{\"@type\":\"ListItem\",\"position\":4,\"name\":\"Pet Glove Wipes Cat Dog Glove Wipes\"}]},{\"@type\":\"WebSite\",\"@id\":\"https:\/\/petproducts.com.cn\/#website\",\"url\":\"https:\/\/petproducts.com.cn\/\",\"name\":\"Petstar\",\"description\":\"Leading Pet Supplies Manufacturer &amp; OEM Pet Products Supplier\",\"publisher\":{\"@id\":\"https:\/\/petproducts.com.cn\/#organization\"},\"alternateName\":\"Petstar Pet Supplies\",\"potentialAction\":[{\"@type\":\"SearchAction\",\"target\":{\"@type\":\"EntryPoint\",\"urlTemplate\":\"https:\/\/petproducts.com.cn\/?s={search_term_string}\"},\"query-input\":{\"@type\":\"PropertyValueSpecification\",\"valueRequired\":true,\"valueName\":\"search_term_string\"}}],\"inLanguage\":\"fr-FR\"},{\"@type\":\"Organization\",\"@id\":\"https:\/\/petproducts.com.cn\/#organization\",\"name\":\"Petstar\",\"url\":\"https:\/\/petproducts.com.cn\/\",\"logo\":{\"@type\":\"ImageObject\",\"inLanguage\":\"fr-FR\",\"@id\":\"https:\/\/petproducts.com.cn\/#\/schema\/logo\/image\/\",\"url\":\"https:\/\/petproducts.com.cn\/wp-content\/uploads\/2020\/02\/petstar-logo.webp\",\"contentUrl\":\"https:\/\/petproducts.com.cn\/wp-content\/uploads\/2020\/02\/petstar-logo.webp\",\"width\":779,\"height\":520,\"caption\":\"Petstar\"},\"image\":{\"@id\":\"https:\/\/petproducts.com.cn\/#\/schema\/logo\/image\/\"}}]}<\/script>\n<!-- \/ Yoast SEO plugin. -->","yoast_head_json":{"title":"Lingettes pour gants d'animaux | Lingettes pour gants de chiens - Petstar - Petstar","description":"D\u00e9couvrez les lingettes gant\u00e9es pour animaux, les lingettes gant\u00e9es pour chats et les lingettes gant\u00e9es pour chiens directement aupr\u00e8s du fabricant. Votre solution commerciale id\u00e9ale avec Petstar.","robots":{"index":"index","follow":"follow","max-snippet":"max-snippet:-1","max-image-preview":"max-image-preview:large","max-video-preview":"max-video-preview:-1"},"canonical":"https:\/\/petproducts.com.cn\/fr\/produit\/pet-glove-wipes-cat-dog-glove-wipes\/","og_locale":"fr_FR","og_type":"article","og_title":"Pet Glove Wipes | Dog Glove Wipes Manufacturer - Petstar - Petstar","og_description":"Explore pet glove wipes, cat glove wipes, and dog glove wipes directly from the manufacturer. Your ideal business solution with Petstar.","og_url":"https:\/\/petproducts.com.cn\/fr\/produit\/pet-glove-wipes-cat-dog-glove-wipes\/","og_site_name":"Petstar","article_modified_time":"2024-06-24T05:30:55+00:00","og_image":[{"width":800,"height":800,"url":"https:\/\/petproducts.com.cn\/wp-content\/uploads\/2024\/06\/pet-glove-wipes.webp","type":"image\/webp"}],"twitter_card":"summary_large_image","twitter_misc":{"Dur\u00e9e de lecture estim\u00e9e":"2 minutes"},"schema":{"@context":"https:\/\/schema.org","@graph":[{"@type":"WebPage","@id":"https:\/\/petproducts.com.cn\/product\/pet-glove-wipes-cat-dog-glove-wipes\/","url":"https:\/\/petproducts.com.cn\/product\/pet-glove-wipes-cat-dog-glove-wipes\/","name":"Lingettes pour gants d'animaux | Lingettes pour gants de chiens - Petstar - Petstar","isPartOf":{"@id":"https:\/\/petproducts.com.cn\/#website"},"primaryImageOfPage":{"@id":"https:\/\/petproducts.com.cn\/product\/pet-glove-wipes-cat-dog-glove-wipes\/#primaryimage"},"image":{"@id":"https:\/\/petproducts.com.cn\/product\/pet-glove-wipes-cat-dog-glove-wipes\/#primaryimage"},"thumbnailUrl":"https:\/\/petproducts.com.cn\/wp-content\/uploads\/2024\/06\/pet-glove-wipes.webp","datePublished":"2024-06-24T05:19:47+00:00","dateModified":"2024-06-24T05:30:55+00:00","description":"D\u00e9couvrez les lingettes gant\u00e9es pour animaux, les lingettes gant\u00e9es pour chats et les lingettes gant\u00e9es pour chiens directement aupr\u00e8s du fabricant. Votre solution commerciale id\u00e9ale avec Petstar.","breadcrumb":{"@id":"https:\/\/petproducts.com.cn\/product\/pet-glove-wipes-cat-dog-glove-wipes\/#breadcrumb"},"inLanguage":"fr-FR","potentialAction":[{"@type":"ReadAction","target":["https:\/\/petproducts.com.cn\/product\/pet-glove-wipes-cat-dog-glove-wipes\/"]}]},{"@type":"ImageObject","inLanguage":"fr-FR","@id":"https:\/\/petproducts.com.cn\/product\/pet-glove-wipes-cat-dog-glove-wipes\/#primaryimage","url":"https:\/\/petproducts.com.cn\/wp-content\/uploads\/2024\/06\/pet-glove-wipes.webp","contentUrl":"https:\/\/petproducts.com.cn\/wp-content\/uploads\/2024\/06\/pet-glove-wipes.webp","width":800,"height":800,"caption":"pet glove wipes"},{"@type":"BreadcrumbList","@id":"https:\/\/petproducts.com.cn\/product\/pet-glove-wipes-cat-dog-glove-wipes\/#breadcrumb","itemListElement":[{"@type":"ListItem","position":1,"name":"HOME","item":"https:\/\/petproducts.com.cn\/"},{"@type":"ListItem","position":2,"name":"Products","item":"https:\/\/petproducts.com.cn\/shop\/"},{"@type":"ListItem","position":3,"name":"Dog Grooming &amp; Cleaning Supplies","item":"https:\/\/petproducts.com.cn\/product-category\/dog-grooming-cleaning-supplies\/"},{"@type":"ListItem","position":4,"name":"Pet Glove Wipes Cat Dog Glove Wipes"}]},{"@type":"WebSite","@id":"https:\/\/petproducts.com.cn\/#website","url":"https:\/\/petproducts.com.cn\/","name":"Petstar","description":"Fabricant leader de fournitures pour animaux de compagnie et fournisseur OEM de produits pour animaux de compagnie","publisher":{"@id":"https:\/\/petproducts.com.cn\/#organization"},"alternateName":"Petstar Pet Supplies","potentialAction":[{"@type":"SearchAction","target":{"@type":"EntryPoint","urlTemplate":"https:\/\/petproducts.com.cn\/?s={search_term_string}"},"query-input":{"@type":"PropertyValueSpecification","valueRequired":true,"valueName":"search_term_string"}}],"inLanguage":"fr-FR"},{"@type":"Organization","@id":"https:\/\/petproducts.com.cn\/#organization","name":"Petstar","url":"https:\/\/petproducts.com.cn\/","logo":{"@type":"ImageObject","inLanguage":"fr-FR","@id":"https:\/\/petproducts.com.cn\/#\/schema\/logo\/image\/","url":"https:\/\/petproducts.com.cn\/wp-content\/uploads\/2020\/02\/petstar-logo.webp","contentUrl":"https:\/\/petproducts.com.cn\/wp-content\/uploads\/2020\/02\/petstar-logo.webp","width":779,"height":520,"caption":"Petstar"},"image":{"@id":"https:\/\/petproducts.com.cn\/#\/schema\/logo\/image\/"}}]}},"_links":{"self":[{"href":"https:\/\/petproducts.com.cn\/fr\/wp-json\/wp\/v2\/product\/25476","targetHints":{"allow":["GET"]}}],"collection":[{"href":"https:\/\/petproducts.com.cn\/fr\/wp-json\/wp\/v2\/product"}],"about":[{"href":"https:\/\/petproducts.com.cn\/fr\/wp-json\/wp\/v2\/types\/product"}],"version-history":[{"count":2,"href":"https:\/\/petproducts.com.cn\/fr\/wp-json\/wp\/v2\/product\/25476\/revisions"}],"predecessor-version":[{"id":25478,"href":"https:\/\/petproducts.com.cn\/fr\/wp-json\/wp\/v2\/product\/25476\/revisions\/25478"}],"wp:featuredmedia":[{"embeddable":true,"href":"https:\/\/petproducts.com.cn\/fr\/wp-json\/wp\/v2\/media\/25485"}],"wp:attachment":[{"href":"https:\/\/petproducts.com.cn\/fr\/wp-json\/wp\/v2\/media?parent=25476"}],"wp:term":[{"taxonomy":"product_brand","embeddable":true,"href":"https:\/\/petproducts.com.cn\/fr\/wp-json\/wp\/v2\/product_brand?post=25476"},{"taxonomy":"product_cat","embeddable":true,"href":"https:\/\/petproducts.com.cn\/fr\/wp-json\/wp\/v2\/product_cat?post=25476"},{"taxonomy":"product_tag","embeddable":true,"href":"https:\/\/petproducts.com.cn\/fr\/wp-json\/wp\/v2\/product_tag?post=25476"}],"curies":[{"name":"wp","href":"https:\/\/api.w.org\/{rel}","templated":true}]}}