{"id":25738,"date":"2024-06-26T06:28:08","date_gmt":"2024-06-26T06:28:08","guid":{"rendered":"https:\/\/petproducts.com.cn\/?post_type=product&#038;p=25738"},"modified":"2024-08-23T01:26:26","modified_gmt":"2024-08-23T01:26:26","slug":"leather-dog-collars-bio-based-pu-leather-pet-dog-collar","status":"publish","type":"product","link":"https:\/\/petproducts.com.cn\/fr\/product\/leather-dog-collars-bio-based-pu-leather-pet-dog-collar\/","title":{"rendered":"Colliers pour chiens en cuir Collier pour chien en cuir PU \u00e0 base biologique"},"content":{"rendered":"<h2>Caract\u00e9ristiques des colliers en cuir pour chiens<\/h2>\n<ul>\n<li><strong>Mat\u00e9riaux biosourc\u00e9s respectueux de l'environnement<\/strong> Vous appr\u00e9cierez que nos colliers pour chiens en cuir soient fabriqu\u00e9s \u00e0 partir de cuir PU biosourc\u00e9. Ce mat\u00e9riau \u00e9cologique r\u00e9duit l'impact sur l'environnement et offre une alternative durable au cuir traditionnel. Cette caract\u00e9ristique vous permet de faire un choix responsable pour votre animal et pour la plan\u00e8te.<\/li>\n<li><strong>Durable et de longue dur\u00e9e<\/strong> La durabilit\u00e9 de notre collier en cuir pour chien est impressionnante. Le cuir PU biosourc\u00e9 de haute qualit\u00e9 garantit que le collier r\u00e9siste \u00e0 l'usure quotidienne. Cette durabilit\u00e9 signifie que vous pouvez compter sur lui pour une utilisation \u00e0 long terme, ce qui constitue un excellent rapport qualit\u00e9-prix.<\/li>\n<li><strong>Conception \u00e9l\u00e9gante<\/strong> Vous allez adorer le design \u00e9l\u00e9gant de notre collier pour chien. Son apparence \u00e9l\u00e9gante et son esth\u00e9tique moderne en font un accessoire \u00e0 la mode pour tous les chiens. Ce design permet \u00e0 votre animal de compagnie d'\u00eatre au mieux de sa forme lors de chaque promenade.<\/li>\n<li><strong>Coupe confortable<\/strong> Vous remarquerez \u00e0 quel point notre collier pour chien est confortable pour votre animal. Le cuir PU souple \u00e0 base biologique s'adapte parfaitement au cou de votre chien, \u00e9vitant ainsi les frottements et l'inconfort. Ce confort garantit que votre animal appr\u00e9cie de porter le collier tous les jours.<\/li>\n<li><strong>R\u00e9glable et s\u00fbr<\/strong> Vous appr\u00e9cierez la nature ajustable de notre collier pour chien. Il est dot\u00e9 de boucles faciles \u00e0 utiliser qui vous permettent d'ajuster le collier \u00e0 la taille de votre chien. Cette possibilit\u00e9 de r\u00e9glage garantit un maintien s\u00fbr, assurant la s\u00e9curit\u00e9 de votre chien lors de ses promenades et de ses activit\u00e9s.<\/li>\n<\/ul>","protected":false},"excerpt":{"rendered":"<p>Nous sommes un fabricant de colliers, laisses et harnais pour animaux de compagnie avec plus de 20 ans d'exp\u00e9rience. Nous offrons des options de personnalisation pour la couleur, la taille, le tissu, le motif, le logo et d'autres caract\u00e9ristiques.<\/p>","protected":false},"featured_media":25820,"template":"","meta":{"_acf_changed":false},"product_brand":[],"product_cat":[124,72],"product_tag":[212],"class_list":{"0":"post-25738","1":"product","2":"type-product","3":"status-publish","4":"has-post-thumbnail","6":"product_cat-dog-collars-leashes-harnesses","7":"product_cat-dog-supplies","8":"product_tag-pet-collars","10":"first","11":"instock","12":"shipping-taxable","13":"product-type-simple"},"acf":[],"yoast_head":"<!-- This site is optimized with the Yoast SEO plugin v27.1.1 - https:\/\/yoast.com\/product\/yoast-seo-wordpress\/ -->\n<title>Leather Dog Collars | Bio-Based Leather Dog Collar Manufacturer - Petstar<\/title>\n<meta name=\"description\" content=\"Explore leather dog collars bio-based PU leather dog collar from the manufacturer. Your ideal business solution with Petstar.\" \/>\n<meta name=\"robots\" content=\"index, follow, max-snippet:-1, max-image-preview:large, max-video-preview:-1\" \/>\n<link rel=\"canonical\" href=\"https:\/\/petproducts.com.cn\/fr\/produit\/leather-dog-collars-bio-based-pu-leather-pet-dog-collar\/\" \/>\n<meta property=\"og:locale\" content=\"fr_FR\" \/>\n<meta property=\"og:type\" content=\"article\" \/>\n<meta property=\"og:title\" content=\"Leather Dog Collars | Bio-Based Leather Dog Collar Manufacturer - Petstar\" \/>\n<meta property=\"og:description\" content=\"Explore leather dog collars bio-based PU leather dog collar from the manufacturer. Your ideal business solution with Petstar.\" \/>\n<meta property=\"og:url\" content=\"https:\/\/petproducts.com.cn\/fr\/produit\/leather-dog-collars-bio-based-pu-leather-pet-dog-collar\/\" \/>\n<meta property=\"og:site_name\" content=\"Petstar\" \/>\n<meta property=\"article:modified_time\" content=\"2024-08-23T01:26:26+00:00\" \/>\n<meta property=\"og:image\" content=\"https:\/\/petproducts.com.cn\/wp-content\/uploads\/2024\/06\/leather-dog-collars.webp\" \/>\n\t<meta property=\"og:image:width\" content=\"1000\" \/>\n\t<meta property=\"og:image:height\" content=\"1000\" \/>\n\t<meta property=\"og:image:type\" content=\"image\/webp\" \/>\n<meta name=\"twitter:card\" content=\"summary_large_image\" \/>\n<meta name=\"twitter:label1\" content=\"Dur\u00e9e de lecture estim\u00e9e\" \/>\n\t<meta name=\"twitter:data1\" content=\"2 minutes\" \/>\n<script type=\"application\/ld+json\" class=\"yoast-schema-graph\">{\"@context\":\"https:\/\/schema.org\",\"@graph\":[{\"@type\":\"WebPage\",\"@id\":\"https:\/\/petproducts.com.cn\/product\/leather-dog-collars-bio-based-pu-leather-pet-dog-collar\/\",\"url\":\"https:\/\/petproducts.com.cn\/product\/leather-dog-collars-bio-based-pu-leather-pet-dog-collar\/\",\"name\":\"Leather Dog Collars | Bio-Based Leather Dog Collar Manufacturer - Petstar\",\"isPartOf\":{\"@id\":\"https:\/\/petproducts.com.cn\/#website\"},\"primaryImageOfPage\":{\"@id\":\"https:\/\/petproducts.com.cn\/product\/leather-dog-collars-bio-based-pu-leather-pet-dog-collar\/#primaryimage\"},\"image\":{\"@id\":\"https:\/\/petproducts.com.cn\/product\/leather-dog-collars-bio-based-pu-leather-pet-dog-collar\/#primaryimage\"},\"thumbnailUrl\":\"https:\/\/petproducts.com.cn\/wp-content\/uploads\/2024\/06\/leather-dog-collars.webp\",\"datePublished\":\"2024-06-26T06:28:08+00:00\",\"dateModified\":\"2024-08-23T01:26:26+00:00\",\"description\":\"Explore leather dog collars bio-based PU leather dog collar from the manufacturer. Your ideal business solution with Petstar.\",\"breadcrumb\":{\"@id\":\"https:\/\/petproducts.com.cn\/product\/leather-dog-collars-bio-based-pu-leather-pet-dog-collar\/#breadcrumb\"},\"inLanguage\":\"fr-FR\",\"potentialAction\":[{\"@type\":\"ReadAction\",\"target\":[\"https:\/\/petproducts.com.cn\/product\/leather-dog-collars-bio-based-pu-leather-pet-dog-collar\/\"]}]},{\"@type\":\"ImageObject\",\"inLanguage\":\"fr-FR\",\"@id\":\"https:\/\/petproducts.com.cn\/product\/leather-dog-collars-bio-based-pu-leather-pet-dog-collar\/#primaryimage\",\"url\":\"https:\/\/petproducts.com.cn\/wp-content\/uploads\/2024\/06\/leather-dog-collars.webp\",\"contentUrl\":\"https:\/\/petproducts.com.cn\/wp-content\/uploads\/2024\/06\/leather-dog-collars.webp\",\"width\":1000,\"height\":1000,\"caption\":\"leather dog collars\"},{\"@type\":\"BreadcrumbList\",\"@id\":\"https:\/\/petproducts.com.cn\/product\/leather-dog-collars-bio-based-pu-leather-pet-dog-collar\/#breadcrumb\",\"itemListElement\":[{\"@type\":\"ListItem\",\"position\":1,\"name\":\"HOME\",\"item\":\"https:\/\/petproducts.com.cn\/\"},{\"@type\":\"ListItem\",\"position\":2,\"name\":\"Products\",\"item\":\"https:\/\/petproducts.com.cn\/shop\/\"},{\"@type\":\"ListItem\",\"position\":3,\"name\":\"Dog Collars, Leashes &amp; Harnesses\",\"item\":\"https:\/\/petproducts.com.cn\/product-category\/dog-collars-leashes-harnesses\/\"},{\"@type\":\"ListItem\",\"position\":4,\"name\":\"Leather Dog Collars Bio-Based PU Leather Pet Dog Collar\"}]},{\"@type\":\"WebSite\",\"@id\":\"https:\/\/petproducts.com.cn\/#website\",\"url\":\"https:\/\/petproducts.com.cn\/\",\"name\":\"Petstar\",\"description\":\"Leading Pet Supplies Manufacturer &amp; OEM Pet Products Supplier\",\"publisher\":{\"@id\":\"https:\/\/petproducts.com.cn\/#organization\"},\"alternateName\":\"Petstar Pet Supplies\",\"potentialAction\":[{\"@type\":\"SearchAction\",\"target\":{\"@type\":\"EntryPoint\",\"urlTemplate\":\"https:\/\/petproducts.com.cn\/?s={search_term_string}\"},\"query-input\":{\"@type\":\"PropertyValueSpecification\",\"valueRequired\":true,\"valueName\":\"search_term_string\"}}],\"inLanguage\":\"fr-FR\"},{\"@type\":\"Organization\",\"@id\":\"https:\/\/petproducts.com.cn\/#organization\",\"name\":\"Petstar\",\"url\":\"https:\/\/petproducts.com.cn\/\",\"logo\":{\"@type\":\"ImageObject\",\"inLanguage\":\"fr-FR\",\"@id\":\"https:\/\/petproducts.com.cn\/#\/schema\/logo\/image\/\",\"url\":\"https:\/\/petproducts.com.cn\/wp-content\/uploads\/2020\/02\/petstar-logo.webp\",\"contentUrl\":\"https:\/\/petproducts.com.cn\/wp-content\/uploads\/2020\/02\/petstar-logo.webp\",\"width\":779,\"height\":520,\"caption\":\"Petstar\"},\"image\":{\"@id\":\"https:\/\/petproducts.com.cn\/#\/schema\/logo\/image\/\"}}]}<\/script>\n<!-- \/ Yoast SEO plugin. -->","yoast_head_json":{"title":"Colliers pour chiens en cuir - Fabricant de colliers pour chiens en cuir bio - Petstar","description":"D\u00e9couvrez les colliers en cuir pour chien en cuir PU biosourc\u00e9 du fabricant. Votre solution commerciale id\u00e9ale avec Petstar.","robots":{"index":"index","follow":"follow","max-snippet":"max-snippet:-1","max-image-preview":"max-image-preview:large","max-video-preview":"max-video-preview:-1"},"canonical":"https:\/\/petproducts.com.cn\/fr\/produit\/leather-dog-collars-bio-based-pu-leather-pet-dog-collar\/","og_locale":"fr_FR","og_type":"article","og_title":"Leather Dog Collars | Bio-Based Leather Dog Collar Manufacturer - Petstar","og_description":"Explore leather dog collars bio-based PU leather dog collar from the manufacturer. Your ideal business solution with Petstar.","og_url":"https:\/\/petproducts.com.cn\/fr\/produit\/leather-dog-collars-bio-based-pu-leather-pet-dog-collar\/","og_site_name":"Petstar","article_modified_time":"2024-08-23T01:26:26+00:00","og_image":[{"width":1000,"height":1000,"url":"https:\/\/petproducts.com.cn\/wp-content\/uploads\/2024\/06\/leather-dog-collars.webp","type":"image\/webp"}],"twitter_card":"summary_large_image","twitter_misc":{"Dur\u00e9e de lecture estim\u00e9e":"2 minutes"},"schema":{"@context":"https:\/\/schema.org","@graph":[{"@type":"WebPage","@id":"https:\/\/petproducts.com.cn\/product\/leather-dog-collars-bio-based-pu-leather-pet-dog-collar\/","url":"https:\/\/petproducts.com.cn\/product\/leather-dog-collars-bio-based-pu-leather-pet-dog-collar\/","name":"Colliers pour chiens en cuir - Fabricant de colliers pour chiens en cuir bio - Petstar","isPartOf":{"@id":"https:\/\/petproducts.com.cn\/#website"},"primaryImageOfPage":{"@id":"https:\/\/petproducts.com.cn\/product\/leather-dog-collars-bio-based-pu-leather-pet-dog-collar\/#primaryimage"},"image":{"@id":"https:\/\/petproducts.com.cn\/product\/leather-dog-collars-bio-based-pu-leather-pet-dog-collar\/#primaryimage"},"thumbnailUrl":"https:\/\/petproducts.com.cn\/wp-content\/uploads\/2024\/06\/leather-dog-collars.webp","datePublished":"2024-06-26T06:28:08+00:00","dateModified":"2024-08-23T01:26:26+00:00","description":"D\u00e9couvrez les colliers en cuir pour chien en cuir PU biosourc\u00e9 du fabricant. Votre solution commerciale id\u00e9ale avec Petstar.","breadcrumb":{"@id":"https:\/\/petproducts.com.cn\/product\/leather-dog-collars-bio-based-pu-leather-pet-dog-collar\/#breadcrumb"},"inLanguage":"fr-FR","potentialAction":[{"@type":"ReadAction","target":["https:\/\/petproducts.com.cn\/product\/leather-dog-collars-bio-based-pu-leather-pet-dog-collar\/"]}]},{"@type":"ImageObject","inLanguage":"fr-FR","@id":"https:\/\/petproducts.com.cn\/product\/leather-dog-collars-bio-based-pu-leather-pet-dog-collar\/#primaryimage","url":"https:\/\/petproducts.com.cn\/wp-content\/uploads\/2024\/06\/leather-dog-collars.webp","contentUrl":"https:\/\/petproducts.com.cn\/wp-content\/uploads\/2024\/06\/leather-dog-collars.webp","width":1000,"height":1000,"caption":"leather dog collars"},{"@type":"BreadcrumbList","@id":"https:\/\/petproducts.com.cn\/product\/leather-dog-collars-bio-based-pu-leather-pet-dog-collar\/#breadcrumb","itemListElement":[{"@type":"ListItem","position":1,"name":"HOME","item":"https:\/\/petproducts.com.cn\/"},{"@type":"ListItem","position":2,"name":"Products","item":"https:\/\/petproducts.com.cn\/shop\/"},{"@type":"ListItem","position":3,"name":"Dog Collars, Leashes &amp; Harnesses","item":"https:\/\/petproducts.com.cn\/product-category\/dog-collars-leashes-harnesses\/"},{"@type":"ListItem","position":4,"name":"Leather Dog Collars Bio-Based PU Leather Pet Dog Collar"}]},{"@type":"WebSite","@id":"https:\/\/petproducts.com.cn\/#website","url":"https:\/\/petproducts.com.cn\/","name":"Petstar","description":"Fabricant leader de fournitures pour animaux de compagnie et fournisseur OEM de produits pour animaux de compagnie","publisher":{"@id":"https:\/\/petproducts.com.cn\/#organization"},"alternateName":"Petstar Pet Supplies","potentialAction":[{"@type":"SearchAction","target":{"@type":"EntryPoint","urlTemplate":"https:\/\/petproducts.com.cn\/?s={search_term_string}"},"query-input":{"@type":"PropertyValueSpecification","valueRequired":true,"valueName":"search_term_string"}}],"inLanguage":"fr-FR"},{"@type":"Organization","@id":"https:\/\/petproducts.com.cn\/#organization","name":"Petstar","url":"https:\/\/petproducts.com.cn\/","logo":{"@type":"ImageObject","inLanguage":"fr-FR","@id":"https:\/\/petproducts.com.cn\/#\/schema\/logo\/image\/","url":"https:\/\/petproducts.com.cn\/wp-content\/uploads\/2020\/02\/petstar-logo.webp","contentUrl":"https:\/\/petproducts.com.cn\/wp-content\/uploads\/2020\/02\/petstar-logo.webp","width":779,"height":520,"caption":"Petstar"},"image":{"@id":"https:\/\/petproducts.com.cn\/#\/schema\/logo\/image\/"}}]}},"_links":{"self":[{"href":"https:\/\/petproducts.com.cn\/fr\/wp-json\/wp\/v2\/product\/25738","targetHints":{"allow":["GET"]}}],"collection":[{"href":"https:\/\/petproducts.com.cn\/fr\/wp-json\/wp\/v2\/product"}],"about":[{"href":"https:\/\/petproducts.com.cn\/fr\/wp-json\/wp\/v2\/types\/product"}],"version-history":[{"count":2,"href":"https:\/\/petproducts.com.cn\/fr\/wp-json\/wp\/v2\/product\/25738\/revisions"}],"predecessor-version":[{"id":25819,"href":"https:\/\/petproducts.com.cn\/fr\/wp-json\/wp\/v2\/product\/25738\/revisions\/25819"}],"wp:featuredmedia":[{"embeddable":true,"href":"https:\/\/petproducts.com.cn\/fr\/wp-json\/wp\/v2\/media\/25820"}],"wp:attachment":[{"href":"https:\/\/petproducts.com.cn\/fr\/wp-json\/wp\/v2\/media?parent=25738"}],"wp:term":[{"taxonomy":"product_brand","embeddable":true,"href":"https:\/\/petproducts.com.cn\/fr\/wp-json\/wp\/v2\/product_brand?post=25738"},{"taxonomy":"product_cat","embeddable":true,"href":"https:\/\/petproducts.com.cn\/fr\/wp-json\/wp\/v2\/product_cat?post=25738"},{"taxonomy":"product_tag","embeddable":true,"href":"https:\/\/petproducts.com.cn\/fr\/wp-json\/wp\/v2\/product_tag?post=25738"}],"curies":[{"name":"wp","href":"https:\/\/api.w.org\/{rel}","templated":true}]}}