{"id":26889,"date":"2024-07-11T02:53:19","date_gmt":"2024-07-11T02:53:19","guid":{"rendered":"https:\/\/petproducts.com.cn\/?post_type=product&#038;p=26889"},"modified":"2024-07-11T03:09:24","modified_gmt":"2024-07-11T03:09:24","slug":"pet-carrier-backpack-dog-carrier-cat-bag","status":"publish","type":"product","link":"https:\/\/petproducts.com.cn\/fr\/product\/pet-carrier-backpack-dog-carrier-cat-bag\/","title":{"rendered":"Sac \u00e0 dos de transport pour animaux de compagnie, sac de transport pour chien et chat"},"content":{"rendered":"<h2>Caract\u00e9ristiques du sac \u00e0 dos de transport pour animaux de compagnie<\/h2>\n<ul>\n<li><strong>Design spacieux<\/strong> Vous appr\u00e9cierez le grand espace int\u00e9rieur de ce sac \u00e0 dos de transport pour animaux de compagnie, qui offre suffisamment de place pour votre chien ou votre chat. Cette conception spacieuse permet \u00e0 votre animal de se sentir \u00e0 l'aise et d'avoir suffisamment d'espace pour se d\u00e9placer, ce qui rend les voyages moins stressants.<\/li>\n<li><strong>Mati\u00e8re respirante<\/strong> Vous appr\u00e9cierez le tissu respirant et les panneaux en maille de cette cage de transport pour chiens. Ces mat\u00e9riaux assurent une excellente ventilation, ce qui permet \u00e0 votre animal de rester au frais et \u00e0 l'aise pendant les trajets. Une bonne circulation de l'air est essentielle au bien-\u00eatre de votre animal, en particulier pendant les longs trajets.<\/li>\n<li><strong>Utilisation multifonctionnelle<\/strong> Ce sac \u00e0 dos pour animaux de compagnie est extr\u00eamement polyvalent. Vous pouvez l'utiliser pour diverses activit\u00e9s telles que la randonn\u00e9e, les voyages et les d\u00e9placements quotidiens. Sa conception multifonctionnelle lui permet de s'adapter \u00e0 diff\u00e9rents sc\u00e9narios et constitue une solution pratique pour le transport des animaux de compagnie.<\/li>\n<li><strong>Poches de rangement pratiques<\/strong> Vous b\u00e9n\u00e9ficierez des multiples poches de rangement int\u00e9gr\u00e9es \u00e0 ce sac pour chat. Ces poches vous permettent de transporter des objets essentiels tels que des friandises, des jouets et des bouteilles d'eau, afin que vous ayez tout ce dont vous avez besoin pour votre animal en d\u00e9placement.<\/li>\n<li><strong>Design pliable<\/strong> Vous appr\u00e9cierez la conception pliable de ce sac \u00e0 dos pour animaux de compagnie, qui le rend facile \u00e0 ranger lorsqu'il n'est pas utilis\u00e9. Cette caract\u00e9ristique vous permet d'\u00e9conomiser de l'espace et de garder votre maison organis\u00e9e, car le sac \u00e0 dos peut \u00eatre soigneusement pli\u00e9 et rang\u00e9.<\/li>\n<li><strong>Confortable \u00e0 porter<\/strong> Vous appr\u00e9cierez la conception ergonomique de cette cage de transport pour chien, qui comprend des bretelles rembourr\u00e9es pour plus de confort. Le transport de votre animal devient un jeu d'enfant, r\u00e9duisant la tension sur vos \u00e9paules et votre dos pendant les longs trajets.<\/li>\n<\/ul>","protected":false},"excerpt":{"rendered":"<p>Pet Carrier Backpack Dog Carrier Cat Bag YE130281 est un excellent choix pour les propri\u00e9taires d'animaux de compagnie qui recherchent un moyen fiable, \u00e9l\u00e9gant et confortable de transporter leurs animaux.<\/p>","protected":false},"featured_media":26896,"template":"","meta":{"_acf_changed":false},"product_brand":[],"product_cat":[133,71,132,72],"product_tag":[145,144],"class_list":{"0":"post-26889","1":"product","2":"type-product","3":"status-publish","4":"has-post-thumbnail","6":"product_cat-cat-carriers-car-supplies","7":"product_cat-cat-supplies","8":"product_cat-dog-carriers-car-supplies","9":"product_cat-dog-supplies","10":"product_tag-cat-carriers-car-supplies","11":"product_tag-dog-carriers-car-supplies","13":"first","14":"instock","15":"shipping-taxable","16":"product-type-simple"},"acf":[],"yoast_head":"<!-- This site is optimized with the Yoast SEO plugin v27.1.1 - https:\/\/yoast.com\/product\/yoast-seo-wordpress\/ -->\n<title>Pet Carrier Backpack | Dog Carrier Cat Bag Manufacturer - Petstar<\/title>\n<meta name=\"description\" content=\"Explore pet carrier backpack, dog carrier, and cat bag backpack from the manufacturer. Your ideal business solution with Petstar.\" \/>\n<meta name=\"robots\" content=\"index, follow, max-snippet:-1, max-image-preview:large, max-video-preview:-1\" \/>\n<link rel=\"canonical\" href=\"https:\/\/petproducts.com.cn\/fr\/produit\/pet-carrier-backpack-dog-carrier-cat-bag\/\" \/>\n<meta property=\"og:locale\" content=\"fr_FR\" \/>\n<meta property=\"og:type\" content=\"article\" \/>\n<meta property=\"og:title\" content=\"Pet Carrier Backpack | Dog Carrier Cat Bag Manufacturer - Petstar\" \/>\n<meta property=\"og:description\" content=\"Explore pet carrier backpack, dog carrier, and cat bag backpack from the manufacturer. Your ideal business solution with Petstar.\" \/>\n<meta property=\"og:url\" content=\"https:\/\/petproducts.com.cn\/fr\/produit\/pet-carrier-backpack-dog-carrier-cat-bag\/\" \/>\n<meta property=\"og:site_name\" content=\"Petstar\" \/>\n<meta property=\"article:modified_time\" content=\"2024-07-11T03:09:24+00:00\" \/>\n<meta property=\"og:image\" content=\"https:\/\/petproducts.com.cn\/wp-content\/uploads\/2024\/07\/pet-carrier-backpack.webp\" \/>\n\t<meta property=\"og:image:width\" content=\"800\" \/>\n\t<meta property=\"og:image:height\" content=\"800\" \/>\n\t<meta property=\"og:image:type\" content=\"image\/webp\" \/>\n<meta name=\"twitter:card\" content=\"summary_large_image\" \/>\n<meta name=\"twitter:label1\" content=\"Dur\u00e9e de lecture estim\u00e9e\" \/>\n\t<meta name=\"twitter:data1\" content=\"2 minutes\" \/>\n<script type=\"application\/ld+json\" class=\"yoast-schema-graph\">{\"@context\":\"https:\/\/schema.org\",\"@graph\":[{\"@type\":\"WebPage\",\"@id\":\"https:\/\/petproducts.com.cn\/product\/pet-carrier-backpack-dog-carrier-cat-bag\/\",\"url\":\"https:\/\/petproducts.com.cn\/product\/pet-carrier-backpack-dog-carrier-cat-bag\/\",\"name\":\"Pet Carrier Backpack | Dog Carrier Cat Bag Manufacturer - Petstar\",\"isPartOf\":{\"@id\":\"https:\/\/petproducts.com.cn\/#website\"},\"primaryImageOfPage\":{\"@id\":\"https:\/\/petproducts.com.cn\/product\/pet-carrier-backpack-dog-carrier-cat-bag\/#primaryimage\"},\"image\":{\"@id\":\"https:\/\/petproducts.com.cn\/product\/pet-carrier-backpack-dog-carrier-cat-bag\/#primaryimage\"},\"thumbnailUrl\":\"https:\/\/petproducts.com.cn\/wp-content\/uploads\/2024\/07\/pet-carrier-backpack.webp\",\"datePublished\":\"2024-07-11T02:53:19+00:00\",\"dateModified\":\"2024-07-11T03:09:24+00:00\",\"description\":\"Explore pet carrier backpack, dog carrier, and cat bag backpack from the manufacturer. Your ideal business solution with Petstar.\",\"breadcrumb\":{\"@id\":\"https:\/\/petproducts.com.cn\/product\/pet-carrier-backpack-dog-carrier-cat-bag\/#breadcrumb\"},\"inLanguage\":\"fr-FR\",\"potentialAction\":[{\"@type\":\"ReadAction\",\"target\":[\"https:\/\/petproducts.com.cn\/product\/pet-carrier-backpack-dog-carrier-cat-bag\/\"]}]},{\"@type\":\"ImageObject\",\"inLanguage\":\"fr-FR\",\"@id\":\"https:\/\/petproducts.com.cn\/product\/pet-carrier-backpack-dog-carrier-cat-bag\/#primaryimage\",\"url\":\"https:\/\/petproducts.com.cn\/wp-content\/uploads\/2024\/07\/pet-carrier-backpack.webp\",\"contentUrl\":\"https:\/\/petproducts.com.cn\/wp-content\/uploads\/2024\/07\/pet-carrier-backpack.webp\",\"width\":800,\"height\":800,\"caption\":\"pet carrier backpack\"},{\"@type\":\"BreadcrumbList\",\"@id\":\"https:\/\/petproducts.com.cn\/product\/pet-carrier-backpack-dog-carrier-cat-bag\/#breadcrumb\",\"itemListElement\":[{\"@type\":\"ListItem\",\"position\":1,\"name\":\"HOME\",\"item\":\"https:\/\/petproducts.com.cn\/\"},{\"@type\":\"ListItem\",\"position\":2,\"name\":\"Products\",\"item\":\"https:\/\/petproducts.com.cn\/shop\/\"},{\"@type\":\"ListItem\",\"position\":3,\"name\":\"Dog Carriers &amp; Car Supplies\",\"item\":\"https:\/\/petproducts.com.cn\/product-category\/dog-carriers-car-supplies\/\"},{\"@type\":\"ListItem\",\"position\":4,\"name\":\"Pet Carrier Backpack Dog Carrier Cat Bag\"}]},{\"@type\":\"WebSite\",\"@id\":\"https:\/\/petproducts.com.cn\/#website\",\"url\":\"https:\/\/petproducts.com.cn\/\",\"name\":\"Petstar\",\"description\":\"Leading Pet Supplies Manufacturer &amp; OEM Pet Products Supplier\",\"publisher\":{\"@id\":\"https:\/\/petproducts.com.cn\/#organization\"},\"alternateName\":\"Petstar Pet Supplies\",\"potentialAction\":[{\"@type\":\"SearchAction\",\"target\":{\"@type\":\"EntryPoint\",\"urlTemplate\":\"https:\/\/petproducts.com.cn\/?s={search_term_string}\"},\"query-input\":{\"@type\":\"PropertyValueSpecification\",\"valueRequired\":true,\"valueName\":\"search_term_string\"}}],\"inLanguage\":\"fr-FR\"},{\"@type\":\"Organization\",\"@id\":\"https:\/\/petproducts.com.cn\/#organization\",\"name\":\"Petstar\",\"url\":\"https:\/\/petproducts.com.cn\/\",\"logo\":{\"@type\":\"ImageObject\",\"inLanguage\":\"fr-FR\",\"@id\":\"https:\/\/petproducts.com.cn\/#\/schema\/logo\/image\/\",\"url\":\"https:\/\/petproducts.com.cn\/wp-content\/uploads\/2020\/02\/petstar-logo.webp\",\"contentUrl\":\"https:\/\/petproducts.com.cn\/wp-content\/uploads\/2020\/02\/petstar-logo.webp\",\"width\":779,\"height\":520,\"caption\":\"Petstar\"},\"image\":{\"@id\":\"https:\/\/petproducts.com.cn\/#\/schema\/logo\/image\/\"}}]}<\/script>\n<!-- \/ Yoast SEO plugin. -->","yoast_head_json":{"title":"Sac \u00e0 dos de transport pour animaux de compagnie | Sac de transport pour chiens et chats Fabricant - Petstar","description":"D\u00e9couvrez les sacs \u00e0 dos pour animaux de compagnie, les sacs pour chiens et les sacs \u00e0 dos pour chats du fabricant. Votre solution commerciale id\u00e9ale avec Petstar.","robots":{"index":"index","follow":"follow","max-snippet":"max-snippet:-1","max-image-preview":"max-image-preview:large","max-video-preview":"max-video-preview:-1"},"canonical":"https:\/\/petproducts.com.cn\/fr\/produit\/pet-carrier-backpack-dog-carrier-cat-bag\/","og_locale":"fr_FR","og_type":"article","og_title":"Pet Carrier Backpack | Dog Carrier Cat Bag Manufacturer - Petstar","og_description":"Explore pet carrier backpack, dog carrier, and cat bag backpack from the manufacturer. Your ideal business solution with Petstar.","og_url":"https:\/\/petproducts.com.cn\/fr\/produit\/pet-carrier-backpack-dog-carrier-cat-bag\/","og_site_name":"Petstar","article_modified_time":"2024-07-11T03:09:24+00:00","og_image":[{"width":800,"height":800,"url":"https:\/\/petproducts.com.cn\/wp-content\/uploads\/2024\/07\/pet-carrier-backpack.webp","type":"image\/webp"}],"twitter_card":"summary_large_image","twitter_misc":{"Dur\u00e9e de lecture estim\u00e9e":"2 minutes"},"schema":{"@context":"https:\/\/schema.org","@graph":[{"@type":"WebPage","@id":"https:\/\/petproducts.com.cn\/product\/pet-carrier-backpack-dog-carrier-cat-bag\/","url":"https:\/\/petproducts.com.cn\/product\/pet-carrier-backpack-dog-carrier-cat-bag\/","name":"Sac \u00e0 dos de transport pour animaux de compagnie | Sac de transport pour chiens et chats Fabricant - Petstar","isPartOf":{"@id":"https:\/\/petproducts.com.cn\/#website"},"primaryImageOfPage":{"@id":"https:\/\/petproducts.com.cn\/product\/pet-carrier-backpack-dog-carrier-cat-bag\/#primaryimage"},"image":{"@id":"https:\/\/petproducts.com.cn\/product\/pet-carrier-backpack-dog-carrier-cat-bag\/#primaryimage"},"thumbnailUrl":"https:\/\/petproducts.com.cn\/wp-content\/uploads\/2024\/07\/pet-carrier-backpack.webp","datePublished":"2024-07-11T02:53:19+00:00","dateModified":"2024-07-11T03:09:24+00:00","description":"D\u00e9couvrez les sacs \u00e0 dos pour animaux de compagnie, les sacs pour chiens et les sacs \u00e0 dos pour chats du fabricant. Votre solution commerciale id\u00e9ale avec Petstar.","breadcrumb":{"@id":"https:\/\/petproducts.com.cn\/product\/pet-carrier-backpack-dog-carrier-cat-bag\/#breadcrumb"},"inLanguage":"fr-FR","potentialAction":[{"@type":"ReadAction","target":["https:\/\/petproducts.com.cn\/product\/pet-carrier-backpack-dog-carrier-cat-bag\/"]}]},{"@type":"ImageObject","inLanguage":"fr-FR","@id":"https:\/\/petproducts.com.cn\/product\/pet-carrier-backpack-dog-carrier-cat-bag\/#primaryimage","url":"https:\/\/petproducts.com.cn\/wp-content\/uploads\/2024\/07\/pet-carrier-backpack.webp","contentUrl":"https:\/\/petproducts.com.cn\/wp-content\/uploads\/2024\/07\/pet-carrier-backpack.webp","width":800,"height":800,"caption":"pet carrier backpack"},{"@type":"BreadcrumbList","@id":"https:\/\/petproducts.com.cn\/product\/pet-carrier-backpack-dog-carrier-cat-bag\/#breadcrumb","itemListElement":[{"@type":"ListItem","position":1,"name":"HOME","item":"https:\/\/petproducts.com.cn\/"},{"@type":"ListItem","position":2,"name":"Products","item":"https:\/\/petproducts.com.cn\/shop\/"},{"@type":"ListItem","position":3,"name":"Dog Carriers &amp; Car Supplies","item":"https:\/\/petproducts.com.cn\/product-category\/dog-carriers-car-supplies\/"},{"@type":"ListItem","position":4,"name":"Pet Carrier Backpack Dog Carrier Cat Bag"}]},{"@type":"WebSite","@id":"https:\/\/petproducts.com.cn\/#website","url":"https:\/\/petproducts.com.cn\/","name":"Petstar","description":"Fabricant leader de fournitures pour animaux de compagnie et fournisseur OEM de produits pour animaux de compagnie","publisher":{"@id":"https:\/\/petproducts.com.cn\/#organization"},"alternateName":"Petstar Pet Supplies","potentialAction":[{"@type":"SearchAction","target":{"@type":"EntryPoint","urlTemplate":"https:\/\/petproducts.com.cn\/?s={search_term_string}"},"query-input":{"@type":"PropertyValueSpecification","valueRequired":true,"valueName":"search_term_string"}}],"inLanguage":"fr-FR"},{"@type":"Organization","@id":"https:\/\/petproducts.com.cn\/#organization","name":"Petstar","url":"https:\/\/petproducts.com.cn\/","logo":{"@type":"ImageObject","inLanguage":"fr-FR","@id":"https:\/\/petproducts.com.cn\/#\/schema\/logo\/image\/","url":"https:\/\/petproducts.com.cn\/wp-content\/uploads\/2020\/02\/petstar-logo.webp","contentUrl":"https:\/\/petproducts.com.cn\/wp-content\/uploads\/2020\/02\/petstar-logo.webp","width":779,"height":520,"caption":"Petstar"},"image":{"@id":"https:\/\/petproducts.com.cn\/#\/schema\/logo\/image\/"}}]}},"_links":{"self":[{"href":"https:\/\/petproducts.com.cn\/fr\/wp-json\/wp\/v2\/product\/26889","targetHints":{"allow":["GET"]}}],"collection":[{"href":"https:\/\/petproducts.com.cn\/fr\/wp-json\/wp\/v2\/product"}],"about":[{"href":"https:\/\/petproducts.com.cn\/fr\/wp-json\/wp\/v2\/types\/product"}],"version-history":[{"count":2,"href":"https:\/\/petproducts.com.cn\/fr\/wp-json\/wp\/v2\/product\/26889\/revisions"}],"predecessor-version":[{"id":26897,"href":"https:\/\/petproducts.com.cn\/fr\/wp-json\/wp\/v2\/product\/26889\/revisions\/26897"}],"wp:featuredmedia":[{"embeddable":true,"href":"https:\/\/petproducts.com.cn\/fr\/wp-json\/wp\/v2\/media\/26896"}],"wp:attachment":[{"href":"https:\/\/petproducts.com.cn\/fr\/wp-json\/wp\/v2\/media?parent=26889"}],"wp:term":[{"taxonomy":"product_brand","embeddable":true,"href":"https:\/\/petproducts.com.cn\/fr\/wp-json\/wp\/v2\/product_brand?post=26889"},{"taxonomy":"product_cat","embeddable":true,"href":"https:\/\/petproducts.com.cn\/fr\/wp-json\/wp\/v2\/product_cat?post=26889"},{"taxonomy":"product_tag","embeddable":true,"href":"https:\/\/petproducts.com.cn\/fr\/wp-json\/wp\/v2\/product_tag?post=26889"}],"curies":[{"name":"wp","href":"https:\/\/api.w.org\/{rel}","templated":true}]}}