{"id":28118,"date":"2024-08-19T02:43:15","date_gmt":"2024-08-19T02:43:15","guid":{"rendered":"https:\/\/petproducts.com.cn\/?post_type=product&#038;p=28118"},"modified":"2024-09-03T05:30:50","modified_gmt":"2024-09-03T05:30:50","slug":"cat-house-cardboard-halloween-pet-cat-house-with-cardboard","status":"publish","type":"product","link":"https:\/\/petproducts.com.cn\/fr\/product\/cat-house-cardboard-halloween-pet-cat-house-with-cardboard\/","title":{"rendered":"Maison pour chat en carton Maison pour chat en carton pour Halloween"},"content":{"rendered":"<h2>Caract\u00e9ristiques de la maison de chat en carton<\/h2>\n<p>La Cat House Cardboard est une maison pour animaux de compagnie sur le th\u00e8me d'Halloween qui sert \u00e9galement de planche \u00e0 griffer, parfaite pour les propri\u00e9taires de chats festifs.<\/p>\n<ul>\n<li><strong>Design sur le th\u00e8me d'Halloween :<\/strong> Le Cat Cardboard se pr\u00e9sente sous la forme d'un motif effrayant d'Halloween, ce qui en fait un ajout festif \u00e0 l'environnement de votre chat.<\/li>\n<li><strong>Construction en carton durable :<\/strong> Fabriqu\u00e9e en carton robuste, cette maison offre \u00e0 votre chat un espace fiable et s\u00fbr pour jouer, faire ses griffes et se reposer.<\/li>\n<li><strong>Structure en bo\u00eete :<\/strong> Le design en forme de bo\u00eete offre une cachette confortable et s\u00e9curis\u00e9e, offrant \u00e0 votre chat l'endroit id\u00e9al pour se retirer et se d\u00e9tendre.<\/li>\n<li><strong>Planche \u00e0 gratter int\u00e9gr\u00e9e :<\/strong> Cette maison pour animaux de compagnie comprend une planche \u00e0 griffer int\u00e9gr\u00e9e, encourageant les comportements naturels de griffage et aidant \u00e0 garder les griffes de votre chat en bonne sant\u00e9.<\/li>\n<li><strong>Pi\u00e8ces amovibles :<\/strong> La maison en carton est con\u00e7ue avec des \u00e9l\u00e9ments d\u00e9tachables, ce qui la rend facile \u00e0 assembler, \u00e0 d\u00e9monter et \u00e0 ranger lorsqu'elle n'est pas utilis\u00e9e.<\/li>\n<li><strong>Le plaisir de jouer et de se reposer :<\/strong> Cette maison pour chats n'est pas seulement un lieu de repos ; elle sert aussi d'aire de jeu, le tableau \u00e0 gratter ajoutant une couche suppl\u00e9mentaire de divertissement pour votre ami f\u00e9lin.<\/li>\n<li><strong>Assemblage facile :<\/strong> La conception simple permet un assemblage rapide et sans probl\u00e8me, ce qui est pratique pour les propri\u00e9taires d'animaux.<\/li>\n<\/ul>\n<p>Ce panneau de maison pour chat est un m\u00e9lange parfait d'amusement, de fonction et d'esprit festif, offrant un espace douillet et engageant pour que votre chat profite d'Halloween et d'apr\u00e8s.<\/p>","protected":false},"excerpt":{"rendered":"<p>La Cat House Cardboard est une maison pour animaux de compagnie sur le th\u00e8me d'Halloween qui sert \u00e9galement de planche \u00e0 griffer, parfaite pour les propri\u00e9taires de chats festifs.<\/p>","protected":false},"featured_media":28123,"template":"","meta":{"_acf_changed":false},"product_brand":[],"product_cat":[71,81],"product_tag":[209,198,210],"class_list":{"0":"post-28118","1":"product","2":"type-product","3":"status-publish","4":"has-post-thumbnail","6":"product_cat-cat-supplies","7":"product_cat-cat-toys","8":"product_tag-cat-cardboard","9":"product_tag-halloween-pet-supplies","10":"product_tag-halloween-pet-toys","12":"first","13":"instock","14":"shipping-taxable","15":"product-type-simple"},"acf":[],"yoast_head":"<!-- This site is optimized with the Yoast SEO plugin v27.1.1 - https:\/\/yoast.com\/product\/yoast-seo-wordpress\/ -->\n<title>Cat House Cardboard | Cat House Board Manufacturer - Petstar<\/title>\n<meta name=\"description\" content=\"Explore Cat House Cardboard from the best pet supplier. Petstar is a global pet supplies manufacturer. Your ideal business solution with Petstar.\" \/>\n<meta name=\"robots\" content=\"index, follow, max-snippet:-1, max-image-preview:large, max-video-preview:-1\" \/>\n<link rel=\"canonical\" href=\"https:\/\/petproducts.com.cn\/fr\/produit\/cat-house-cardboard-halloween-pet-cat-house-with-cardboard\/\" \/>\n<meta property=\"og:locale\" content=\"fr_FR\" \/>\n<meta property=\"og:type\" content=\"article\" \/>\n<meta property=\"og:title\" content=\"Cat House Cardboard | Cat House Board Manufacturer - Petstar\" \/>\n<meta property=\"og:description\" content=\"Explore Cat House Cardboard from the best pet supplier. Petstar is a global pet supplies manufacturer. Your ideal business solution with Petstar.\" \/>\n<meta property=\"og:url\" content=\"https:\/\/petproducts.com.cn\/fr\/produit\/cat-house-cardboard-halloween-pet-cat-house-with-cardboard\/\" \/>\n<meta property=\"og:site_name\" content=\"Petstar\" \/>\n<meta property=\"article:modified_time\" content=\"2024-09-03T05:30:50+00:00\" \/>\n<meta property=\"og:image\" content=\"https:\/\/petproducts.com.cn\/wp-content\/uploads\/2024\/08\/Cat-House-Cardboard.webp\" \/>\n\t<meta property=\"og:image:width\" content=\"1000\" \/>\n\t<meta property=\"og:image:height\" content=\"1000\" \/>\n\t<meta property=\"og:image:type\" content=\"image\/webp\" \/>\n<meta name=\"twitter:card\" content=\"summary_large_image\" \/>\n<meta name=\"twitter:label1\" content=\"Dur\u00e9e de lecture estim\u00e9e\" \/>\n\t<meta name=\"twitter:data1\" content=\"2 minutes\" \/>\n<script type=\"application\/ld+json\" class=\"yoast-schema-graph\">{\"@context\":\"https:\/\/schema.org\",\"@graph\":[{\"@type\":\"WebPage\",\"@id\":\"https:\/\/petproducts.com.cn\/product\/cat-house-cardboard-halloween-pet-cat-house-with-cardboard\/\",\"url\":\"https:\/\/petproducts.com.cn\/product\/cat-house-cardboard-halloween-pet-cat-house-with-cardboard\/\",\"name\":\"Cat House Cardboard | Cat House Board Manufacturer - Petstar\",\"isPartOf\":{\"@id\":\"https:\/\/petproducts.com.cn\/#website\"},\"primaryImageOfPage\":{\"@id\":\"https:\/\/petproducts.com.cn\/product\/cat-house-cardboard-halloween-pet-cat-house-with-cardboard\/#primaryimage\"},\"image\":{\"@id\":\"https:\/\/petproducts.com.cn\/product\/cat-house-cardboard-halloween-pet-cat-house-with-cardboard\/#primaryimage\"},\"thumbnailUrl\":\"https:\/\/petproducts.com.cn\/wp-content\/uploads\/2024\/08\/Cat-House-Cardboard.webp\",\"datePublished\":\"2024-08-19T02:43:15+00:00\",\"dateModified\":\"2024-09-03T05:30:50+00:00\",\"description\":\"Explore Cat House Cardboard from the best pet supplier. Petstar is a global pet supplies manufacturer. Your ideal business solution with Petstar.\",\"breadcrumb\":{\"@id\":\"https:\/\/petproducts.com.cn\/product\/cat-house-cardboard-halloween-pet-cat-house-with-cardboard\/#breadcrumb\"},\"inLanguage\":\"fr-FR\",\"potentialAction\":[{\"@type\":\"ReadAction\",\"target\":[\"https:\/\/petproducts.com.cn\/product\/cat-house-cardboard-halloween-pet-cat-house-with-cardboard\/\"]}]},{\"@type\":\"ImageObject\",\"inLanguage\":\"fr-FR\",\"@id\":\"https:\/\/petproducts.com.cn\/product\/cat-house-cardboard-halloween-pet-cat-house-with-cardboard\/#primaryimage\",\"url\":\"https:\/\/petproducts.com.cn\/wp-content\/uploads\/2024\/08\/Cat-House-Cardboard.webp\",\"contentUrl\":\"https:\/\/petproducts.com.cn\/wp-content\/uploads\/2024\/08\/Cat-House-Cardboard.webp\",\"width\":1000,\"height\":1000,\"caption\":\"Cat House Cardboard\"},{\"@type\":\"BreadcrumbList\",\"@id\":\"https:\/\/petproducts.com.cn\/product\/cat-house-cardboard-halloween-pet-cat-house-with-cardboard\/#breadcrumb\",\"itemListElement\":[{\"@type\":\"ListItem\",\"position\":1,\"name\":\"HOME\",\"item\":\"https:\/\/petproducts.com.cn\/\"},{\"@type\":\"ListItem\",\"position\":2,\"name\":\"Products\",\"item\":\"https:\/\/petproducts.com.cn\/shop\/\"},{\"@type\":\"ListItem\",\"position\":3,\"name\":\"Cat Toys\",\"item\":\"https:\/\/petproducts.com.cn\/product-category\/cat-toys\/\"},{\"@type\":\"ListItem\",\"position\":4,\"name\":\"Cat House Cardboard Halloween Pet Cat House With Cardboard\"}]},{\"@type\":\"WebSite\",\"@id\":\"https:\/\/petproducts.com.cn\/#website\",\"url\":\"https:\/\/petproducts.com.cn\/\",\"name\":\"Petstar\",\"description\":\"Leading Pet Supplies Manufacturer &amp; OEM Pet Products Supplier\",\"publisher\":{\"@id\":\"https:\/\/petproducts.com.cn\/#organization\"},\"alternateName\":\"Petstar Pet Supplies\",\"potentialAction\":[{\"@type\":\"SearchAction\",\"target\":{\"@type\":\"EntryPoint\",\"urlTemplate\":\"https:\/\/petproducts.com.cn\/?s={search_term_string}\"},\"query-input\":{\"@type\":\"PropertyValueSpecification\",\"valueRequired\":true,\"valueName\":\"search_term_string\"}}],\"inLanguage\":\"fr-FR\"},{\"@type\":\"Organization\",\"@id\":\"https:\/\/petproducts.com.cn\/#organization\",\"name\":\"Petstar\",\"url\":\"https:\/\/petproducts.com.cn\/\",\"logo\":{\"@type\":\"ImageObject\",\"inLanguage\":\"fr-FR\",\"@id\":\"https:\/\/petproducts.com.cn\/#\/schema\/logo\/image\/\",\"url\":\"https:\/\/petproducts.com.cn\/wp-content\/uploads\/2020\/02\/petstar-logo.webp\",\"contentUrl\":\"https:\/\/petproducts.com.cn\/wp-content\/uploads\/2020\/02\/petstar-logo.webp\",\"width\":779,\"height\":520,\"caption\":\"Petstar\"},\"image\":{\"@id\":\"https:\/\/petproducts.com.cn\/#\/schema\/logo\/image\/\"}}]}<\/script>\n<!-- \/ Yoast SEO plugin. -->","yoast_head_json":{"title":"Maison pour chat en carton | Maison pour chat en carton - Petstar","description":"D\u00e9couvrez la maison de chat en carton du meilleur fournisseur d'animaux de compagnie. Petstar est un fabricant mondial de produits pour animaux de compagnie. Votre solution commerciale id\u00e9ale avec Petstar.","robots":{"index":"index","follow":"follow","max-snippet":"max-snippet:-1","max-image-preview":"max-image-preview:large","max-video-preview":"max-video-preview:-1"},"canonical":"https:\/\/petproducts.com.cn\/fr\/produit\/cat-house-cardboard-halloween-pet-cat-house-with-cardboard\/","og_locale":"fr_FR","og_type":"article","og_title":"Cat House Cardboard | Cat House Board Manufacturer - Petstar","og_description":"Explore Cat House Cardboard from the best pet supplier. Petstar is a global pet supplies manufacturer. Your ideal business solution with Petstar.","og_url":"https:\/\/petproducts.com.cn\/fr\/produit\/cat-house-cardboard-halloween-pet-cat-house-with-cardboard\/","og_site_name":"Petstar","article_modified_time":"2024-09-03T05:30:50+00:00","og_image":[{"width":1000,"height":1000,"url":"https:\/\/petproducts.com.cn\/wp-content\/uploads\/2024\/08\/Cat-House-Cardboard.webp","type":"image\/webp"}],"twitter_card":"summary_large_image","twitter_misc":{"Dur\u00e9e de lecture estim\u00e9e":"2 minutes"},"schema":{"@context":"https:\/\/schema.org","@graph":[{"@type":"WebPage","@id":"https:\/\/petproducts.com.cn\/product\/cat-house-cardboard-halloween-pet-cat-house-with-cardboard\/","url":"https:\/\/petproducts.com.cn\/product\/cat-house-cardboard-halloween-pet-cat-house-with-cardboard\/","name":"Maison pour chat en carton | Maison pour chat en carton - Petstar","isPartOf":{"@id":"https:\/\/petproducts.com.cn\/#website"},"primaryImageOfPage":{"@id":"https:\/\/petproducts.com.cn\/product\/cat-house-cardboard-halloween-pet-cat-house-with-cardboard\/#primaryimage"},"image":{"@id":"https:\/\/petproducts.com.cn\/product\/cat-house-cardboard-halloween-pet-cat-house-with-cardboard\/#primaryimage"},"thumbnailUrl":"https:\/\/petproducts.com.cn\/wp-content\/uploads\/2024\/08\/Cat-House-Cardboard.webp","datePublished":"2024-08-19T02:43:15+00:00","dateModified":"2024-09-03T05:30:50+00:00","description":"D\u00e9couvrez la maison de chat en carton du meilleur fournisseur d'animaux de compagnie. Petstar est un fabricant mondial de produits pour animaux de compagnie. Votre solution commerciale id\u00e9ale avec Petstar.","breadcrumb":{"@id":"https:\/\/petproducts.com.cn\/product\/cat-house-cardboard-halloween-pet-cat-house-with-cardboard\/#breadcrumb"},"inLanguage":"fr-FR","potentialAction":[{"@type":"ReadAction","target":["https:\/\/petproducts.com.cn\/product\/cat-house-cardboard-halloween-pet-cat-house-with-cardboard\/"]}]},{"@type":"ImageObject","inLanguage":"fr-FR","@id":"https:\/\/petproducts.com.cn\/product\/cat-house-cardboard-halloween-pet-cat-house-with-cardboard\/#primaryimage","url":"https:\/\/petproducts.com.cn\/wp-content\/uploads\/2024\/08\/Cat-House-Cardboard.webp","contentUrl":"https:\/\/petproducts.com.cn\/wp-content\/uploads\/2024\/08\/Cat-House-Cardboard.webp","width":1000,"height":1000,"caption":"Cat House Cardboard"},{"@type":"BreadcrumbList","@id":"https:\/\/petproducts.com.cn\/product\/cat-house-cardboard-halloween-pet-cat-house-with-cardboard\/#breadcrumb","itemListElement":[{"@type":"ListItem","position":1,"name":"HOME","item":"https:\/\/petproducts.com.cn\/"},{"@type":"ListItem","position":2,"name":"Products","item":"https:\/\/petproducts.com.cn\/shop\/"},{"@type":"ListItem","position":3,"name":"Cat Toys","item":"https:\/\/petproducts.com.cn\/product-category\/cat-toys\/"},{"@type":"ListItem","position":4,"name":"Cat House Cardboard Halloween Pet Cat House With Cardboard"}]},{"@type":"WebSite","@id":"https:\/\/petproducts.com.cn\/#website","url":"https:\/\/petproducts.com.cn\/","name":"Petstar","description":"Fabricant leader de fournitures pour animaux de compagnie et fournisseur OEM de produits pour animaux de compagnie","publisher":{"@id":"https:\/\/petproducts.com.cn\/#organization"},"alternateName":"Petstar Pet Supplies","potentialAction":[{"@type":"SearchAction","target":{"@type":"EntryPoint","urlTemplate":"https:\/\/petproducts.com.cn\/?s={search_term_string}"},"query-input":{"@type":"PropertyValueSpecification","valueRequired":true,"valueName":"search_term_string"}}],"inLanguage":"fr-FR"},{"@type":"Organization","@id":"https:\/\/petproducts.com.cn\/#organization","name":"Petstar","url":"https:\/\/petproducts.com.cn\/","logo":{"@type":"ImageObject","inLanguage":"fr-FR","@id":"https:\/\/petproducts.com.cn\/#\/schema\/logo\/image\/","url":"https:\/\/petproducts.com.cn\/wp-content\/uploads\/2020\/02\/petstar-logo.webp","contentUrl":"https:\/\/petproducts.com.cn\/wp-content\/uploads\/2020\/02\/petstar-logo.webp","width":779,"height":520,"caption":"Petstar"},"image":{"@id":"https:\/\/petproducts.com.cn\/#\/schema\/logo\/image\/"}}]}},"_links":{"self":[{"href":"https:\/\/petproducts.com.cn\/fr\/wp-json\/wp\/v2\/product\/28118","targetHints":{"allow":["GET"]}}],"collection":[{"href":"https:\/\/petproducts.com.cn\/fr\/wp-json\/wp\/v2\/product"}],"about":[{"href":"https:\/\/petproducts.com.cn\/fr\/wp-json\/wp\/v2\/types\/product"}],"version-history":[{"count":3,"href":"https:\/\/petproducts.com.cn\/fr\/wp-json\/wp\/v2\/product\/28118\/revisions"}],"predecessor-version":[{"id":28121,"href":"https:\/\/petproducts.com.cn\/fr\/wp-json\/wp\/v2\/product\/28118\/revisions\/28121"}],"wp:featuredmedia":[{"embeddable":true,"href":"https:\/\/petproducts.com.cn\/fr\/wp-json\/wp\/v2\/media\/28123"}],"wp:attachment":[{"href":"https:\/\/petproducts.com.cn\/fr\/wp-json\/wp\/v2\/media?parent=28118"}],"wp:term":[{"taxonomy":"product_brand","embeddable":true,"href":"https:\/\/petproducts.com.cn\/fr\/wp-json\/wp\/v2\/product_brand?post=28118"},{"taxonomy":"product_cat","embeddable":true,"href":"https:\/\/petproducts.com.cn\/fr\/wp-json\/wp\/v2\/product_cat?post=28118"},{"taxonomy":"product_tag","embeddable":true,"href":"https:\/\/petproducts.com.cn\/fr\/wp-json\/wp\/v2\/product_tag?post=28118"}],"curies":[{"name":"wp","href":"https:\/\/api.w.org\/{rel}","templated":true}]}}