{"id":28236,"date":"2024-08-22T03:03:10","date_gmt":"2024-08-22T03:03:10","guid":{"rendered":"https:\/\/petproducts.com.cn\/?post_type=product&#038;p=28236"},"modified":"2024-08-26T02:29:52","modified_gmt":"2024-08-26T02:29:52","slug":"luminous-dog-harness-pet-safe-night-no-pull-reflective-dog-harness","status":"publish","type":"product","link":"https:\/\/petproducts.com.cn\/fr\/product\/luminous-dog-harness-pet-safe-night-no-pull-reflective-dog-harness\/","title":{"rendered":"Harnais lumineux pour chien Pet Safe Night No Pull Harnais r\u00e9fl\u00e9chissant pour chien"},"content":{"rendered":"<h2><strong>Caract\u00e9ristiques du harnais lumineux pour chien<\/strong><\/h2>\n<ul>\n<li><strong>Design lumineux :<\/strong> Le harnais Luminous Dog Harness s'illumine dans l'obscurit\u00e9, offrant une visibilit\u00e9 maximale lors des promenades nocturnes. Cette caract\u00e9ristique permet \u00e0 votre chien de rester en s\u00e9curit\u00e9 et visible, m\u00eame dans des conditions de faible luminosit\u00e9.<\/li>\n<li><strong>Mat\u00e9riau r\u00e9fl\u00e9chissant :<\/strong> Le harnais comprend des bandes r\u00e9fl\u00e9chissantes qui captent et refl\u00e8tent la lumi\u00e8re, am\u00e9liorant ainsi la visibilit\u00e9 sous tous les angles. Ce dispositif de s\u00e9curit\u00e9 suppl\u00e9mentaire aide les voitures et les pi\u00e9tons \u00e0 voir clairement votre chien.<\/li>\n<li><strong>Conception sans traction :<\/strong> Le harnais est con\u00e7u pour \u00e9viter les tractions, en r\u00e9partissant la pression uniform\u00e9ment sur la poitrine de votre chien plut\u00f4t que sur son cou. Cette conception r\u00e9duit la tension exerc\u00e9e sur votre chien et vous permet de mieux le contr\u00f4ler pendant les promenades.<\/li>\n<li><strong>Ajustement r\u00e9glable\u00a0:<\/strong> Gr\u00e2ce aux sangles r\u00e9glables, vous pouvez facilement personnaliser le harnais pour qu'il s'adapte confortablement \u00e0 votre chien. Cette flexibilit\u00e9 garantit un ajustement parfait pour les chiens de tailles et de races diff\u00e9rentes.<\/li>\n<li><strong>Durable Construction:<\/strong> Fabriqu\u00e9 \u00e0 partir de mat\u00e9riaux de haute qualit\u00e9, ce harnais est con\u00e7u pour durer, m\u00eame en cas d'utilisation r\u00e9guli\u00e8re. Sa construction solide r\u00e9siste \u00e0 l'usure, ce qui le rend id\u00e9al pour les promenades quotidiennes.<\/li>\n<li><strong>Facile \u00e0 mettre en place et \u00e0 enlever :<\/strong> Le harnais est con\u00e7u pour \u00eatre pratique, vous permettant de le mettre ou de l'enlever rapidement et facilement \u00e0 votre chien. Cette caract\u00e9ristique est particuli\u00e8rement utile pour les propri\u00e9taires d'animaux tr\u00e8s occup\u00e9s.<\/li>\n<li><strong>Conception l\u00e9g\u00e8re :<\/strong> Le harnais est l\u00e9ger, de sorte que votre chien ne se sentira pas encombr\u00e9 lorsqu'il le portera. Votre chien peut ainsi se d\u00e9placer librement et confortablement.<\/li>\n<li><strong>Aspect \u00e9l\u00e9gant :<\/strong> Gr\u00e2ce \u00e0 son design \u00e9l\u00e9gant et moderne, le harnais assure non seulement la s\u00e9curit\u00e9 de votre chien, mais il lui donne \u00e9galement fi\u00e8re allure. Cette combinaison de fonction et de mode en fait un accessoire indispensable.<\/li>\n<\/ul>\n<p style=\"text-align: center;\"><em><strong>Pour plus d'informations <a href=\"https:\/\/petproducts.com.cn\/fr\/dog-harness-manufacturer\/\">harnais pour chiens<\/a>, s&#039;il te pla\u00eet <a href=\"https:\/\/petproducts.com.cn\/fr\/nous-contacter\/\">Contactez-nous<\/a>!<\/strong><\/em><\/p>\n<p>&nbsp;<\/p>","protected":false},"excerpt":{"rendered":"<p>Assurez la s\u00e9curit\u00e9 de votre chien lors des promenades nocturnes avec ce harnais pour chien lumineux, dot\u00e9 de mat\u00e9riaux r\u00e9fl\u00e9chissants et d'une conception ajustable sans traction.<\/p>","protected":false},"featured_media":28244,"template":"","meta":{"_acf_changed":false},"product_brand":[],"product_cat":[124,72],"product_tag":[211],"class_list":{"0":"post-28236","1":"product","2":"type-product","3":"status-publish","4":"has-post-thumbnail","6":"product_cat-dog-collars-leashes-harnesses","7":"product_cat-dog-supplies","8":"product_tag-pet-harnesses","10":"first","11":"instock","12":"shipping-taxable","13":"product-type-simple"},"acf":[],"yoast_head":"<!-- This site is optimized with the Yoast SEO plugin v27.1.1 - https:\/\/yoast.com\/product\/yoast-seo-wordpress\/ -->\n<title>Luminous Dog Harness | Reflective Dog Harness Manufacturer - Petstar<\/title>\n<meta name=\"description\" content=\"Explore Luminous Dog Harness from the best pet product supplier. Petstar is a global pet supplies manufacturer. Your ideal business solution with Petstar.\" \/>\n<meta name=\"robots\" content=\"index, follow, max-snippet:-1, max-image-preview:large, max-video-preview:-1\" \/>\n<link rel=\"canonical\" href=\"https:\/\/petproducts.com.cn\/fr\/produit\/luminous-dog-harness-pet-safe-night-no-pull-reflective-dog-harness\/\" \/>\n<meta property=\"og:locale\" content=\"fr_FR\" \/>\n<meta property=\"og:type\" content=\"article\" \/>\n<meta property=\"og:title\" content=\"Luminous Dog Harness | Reflective Dog Harness Manufacturer - Petstar\" \/>\n<meta property=\"og:description\" content=\"Explore Luminous Dog Harness from the best pet product supplier. Petstar is a global pet supplies manufacturer. Your ideal business solution with Petstar.\" \/>\n<meta property=\"og:url\" content=\"https:\/\/petproducts.com.cn\/fr\/produit\/luminous-dog-harness-pet-safe-night-no-pull-reflective-dog-harness\/\" \/>\n<meta property=\"og:site_name\" content=\"Petstar\" \/>\n<meta property=\"article:modified_time\" content=\"2024-08-26T02:29:52+00:00\" \/>\n<meta property=\"og:image\" content=\"https:\/\/petproducts.com.cn\/wp-content\/uploads\/2024\/08\/Luminous-Dog-Harness.webp\" \/>\n\t<meta property=\"og:image:width\" content=\"1000\" \/>\n\t<meta property=\"og:image:height\" content=\"1000\" \/>\n\t<meta property=\"og:image:type\" content=\"image\/webp\" \/>\n<meta name=\"twitter:card\" content=\"summary_large_image\" \/>\n<meta name=\"twitter:label1\" content=\"Dur\u00e9e de lecture estim\u00e9e\" \/>\n\t<meta name=\"twitter:data1\" content=\"2 minutes\" \/>\n<script type=\"application\/ld+json\" class=\"yoast-schema-graph\">{\"@context\":\"https:\/\/schema.org\",\"@graph\":[{\"@type\":\"WebPage\",\"@id\":\"https:\/\/petproducts.com.cn\/product\/luminous-dog-harness-pet-safe-night-no-pull-reflective-dog-harness\/\",\"url\":\"https:\/\/petproducts.com.cn\/product\/luminous-dog-harness-pet-safe-night-no-pull-reflective-dog-harness\/\",\"name\":\"Luminous Dog Harness | Reflective Dog Harness Manufacturer - Petstar\",\"isPartOf\":{\"@id\":\"https:\/\/petproducts.com.cn\/#website\"},\"primaryImageOfPage\":{\"@id\":\"https:\/\/petproducts.com.cn\/product\/luminous-dog-harness-pet-safe-night-no-pull-reflective-dog-harness\/#primaryimage\"},\"image\":{\"@id\":\"https:\/\/petproducts.com.cn\/product\/luminous-dog-harness-pet-safe-night-no-pull-reflective-dog-harness\/#primaryimage\"},\"thumbnailUrl\":\"https:\/\/petproducts.com.cn\/wp-content\/uploads\/2024\/08\/Luminous-Dog-Harness.webp\",\"datePublished\":\"2024-08-22T03:03:10+00:00\",\"dateModified\":\"2024-08-26T02:29:52+00:00\",\"description\":\"Explore Luminous Dog Harness from the best pet product supplier. Petstar is a global pet supplies manufacturer. Your ideal business solution with Petstar.\",\"breadcrumb\":{\"@id\":\"https:\/\/petproducts.com.cn\/product\/luminous-dog-harness-pet-safe-night-no-pull-reflective-dog-harness\/#breadcrumb\"},\"inLanguage\":\"fr-FR\",\"potentialAction\":[{\"@type\":\"ReadAction\",\"target\":[\"https:\/\/petproducts.com.cn\/product\/luminous-dog-harness-pet-safe-night-no-pull-reflective-dog-harness\/\"]}]},{\"@type\":\"ImageObject\",\"inLanguage\":\"fr-FR\",\"@id\":\"https:\/\/petproducts.com.cn\/product\/luminous-dog-harness-pet-safe-night-no-pull-reflective-dog-harness\/#primaryimage\",\"url\":\"https:\/\/petproducts.com.cn\/wp-content\/uploads\/2024\/08\/Luminous-Dog-Harness.webp\",\"contentUrl\":\"https:\/\/petproducts.com.cn\/wp-content\/uploads\/2024\/08\/Luminous-Dog-Harness.webp\",\"width\":1000,\"height\":1000,\"caption\":\"Luminous Dog Harness\"},{\"@type\":\"BreadcrumbList\",\"@id\":\"https:\/\/petproducts.com.cn\/product\/luminous-dog-harness-pet-safe-night-no-pull-reflective-dog-harness\/#breadcrumb\",\"itemListElement\":[{\"@type\":\"ListItem\",\"position\":1,\"name\":\"HOME\",\"item\":\"https:\/\/petproducts.com.cn\/\"},{\"@type\":\"ListItem\",\"position\":2,\"name\":\"Products\",\"item\":\"https:\/\/petproducts.com.cn\/shop\/\"},{\"@type\":\"ListItem\",\"position\":3,\"name\":\"Dog Collars, Leashes &amp; Harnesses\",\"item\":\"https:\/\/petproducts.com.cn\/product-category\/dog-collars-leashes-harnesses\/\"},{\"@type\":\"ListItem\",\"position\":4,\"name\":\"Luminous Dog Harness Pet Safe Night No Pull Reflective Dog Harness\"}]},{\"@type\":\"WebSite\",\"@id\":\"https:\/\/petproducts.com.cn\/#website\",\"url\":\"https:\/\/petproducts.com.cn\/\",\"name\":\"Petstar\",\"description\":\"Leading Pet Supplies Manufacturer &amp; OEM Pet Products Supplier\",\"publisher\":{\"@id\":\"https:\/\/petproducts.com.cn\/#organization\"},\"alternateName\":\"Petstar Pet Supplies\",\"potentialAction\":[{\"@type\":\"SearchAction\",\"target\":{\"@type\":\"EntryPoint\",\"urlTemplate\":\"https:\/\/petproducts.com.cn\/?s={search_term_string}\"},\"query-input\":{\"@type\":\"PropertyValueSpecification\",\"valueRequired\":true,\"valueName\":\"search_term_string\"}}],\"inLanguage\":\"fr-FR\"},{\"@type\":\"Organization\",\"@id\":\"https:\/\/petproducts.com.cn\/#organization\",\"name\":\"Petstar\",\"url\":\"https:\/\/petproducts.com.cn\/\",\"logo\":{\"@type\":\"ImageObject\",\"inLanguage\":\"fr-FR\",\"@id\":\"https:\/\/petproducts.com.cn\/#\/schema\/logo\/image\/\",\"url\":\"https:\/\/petproducts.com.cn\/wp-content\/uploads\/2020\/02\/petstar-logo.webp\",\"contentUrl\":\"https:\/\/petproducts.com.cn\/wp-content\/uploads\/2020\/02\/petstar-logo.webp\",\"width\":779,\"height\":520,\"caption\":\"Petstar\"},\"image\":{\"@id\":\"https:\/\/petproducts.com.cn\/#\/schema\/logo\/image\/\"}}]}<\/script>\n<!-- \/ Yoast SEO plugin. -->","yoast_head_json":{"title":"Harnais lumineux pour chien - Fabricant de harnais r\u00e9fl\u00e9chissant pour chien - Petstar","description":"D\u00e9couvrez le harnais lumineux pour chien du meilleur fournisseur de produits pour animaux de compagnie. Petstar est un fabricant mondial de produits pour animaux de compagnie. Votre solution commerciale id\u00e9ale avec Petstar.","robots":{"index":"index","follow":"follow","max-snippet":"max-snippet:-1","max-image-preview":"max-image-preview:large","max-video-preview":"max-video-preview:-1"},"canonical":"https:\/\/petproducts.com.cn\/fr\/produit\/luminous-dog-harness-pet-safe-night-no-pull-reflective-dog-harness\/","og_locale":"fr_FR","og_type":"article","og_title":"Luminous Dog Harness | Reflective Dog Harness Manufacturer - Petstar","og_description":"Explore Luminous Dog Harness from the best pet product supplier. Petstar is a global pet supplies manufacturer. Your ideal business solution with Petstar.","og_url":"https:\/\/petproducts.com.cn\/fr\/produit\/luminous-dog-harness-pet-safe-night-no-pull-reflective-dog-harness\/","og_site_name":"Petstar","article_modified_time":"2024-08-26T02:29:52+00:00","og_image":[{"width":1000,"height":1000,"url":"https:\/\/petproducts.com.cn\/wp-content\/uploads\/2024\/08\/Luminous-Dog-Harness.webp","type":"image\/webp"}],"twitter_card":"summary_large_image","twitter_misc":{"Dur\u00e9e de lecture estim\u00e9e":"2 minutes"},"schema":{"@context":"https:\/\/schema.org","@graph":[{"@type":"WebPage","@id":"https:\/\/petproducts.com.cn\/product\/luminous-dog-harness-pet-safe-night-no-pull-reflective-dog-harness\/","url":"https:\/\/petproducts.com.cn\/product\/luminous-dog-harness-pet-safe-night-no-pull-reflective-dog-harness\/","name":"Harnais lumineux pour chien - Fabricant de harnais r\u00e9fl\u00e9chissant pour chien - Petstar","isPartOf":{"@id":"https:\/\/petproducts.com.cn\/#website"},"primaryImageOfPage":{"@id":"https:\/\/petproducts.com.cn\/product\/luminous-dog-harness-pet-safe-night-no-pull-reflective-dog-harness\/#primaryimage"},"image":{"@id":"https:\/\/petproducts.com.cn\/product\/luminous-dog-harness-pet-safe-night-no-pull-reflective-dog-harness\/#primaryimage"},"thumbnailUrl":"https:\/\/petproducts.com.cn\/wp-content\/uploads\/2024\/08\/Luminous-Dog-Harness.webp","datePublished":"2024-08-22T03:03:10+00:00","dateModified":"2024-08-26T02:29:52+00:00","description":"D\u00e9couvrez le harnais lumineux pour chien du meilleur fournisseur de produits pour animaux de compagnie. Petstar est un fabricant mondial de produits pour animaux de compagnie. Votre solution commerciale id\u00e9ale avec Petstar.","breadcrumb":{"@id":"https:\/\/petproducts.com.cn\/product\/luminous-dog-harness-pet-safe-night-no-pull-reflective-dog-harness\/#breadcrumb"},"inLanguage":"fr-FR","potentialAction":[{"@type":"ReadAction","target":["https:\/\/petproducts.com.cn\/product\/luminous-dog-harness-pet-safe-night-no-pull-reflective-dog-harness\/"]}]},{"@type":"ImageObject","inLanguage":"fr-FR","@id":"https:\/\/petproducts.com.cn\/product\/luminous-dog-harness-pet-safe-night-no-pull-reflective-dog-harness\/#primaryimage","url":"https:\/\/petproducts.com.cn\/wp-content\/uploads\/2024\/08\/Luminous-Dog-Harness.webp","contentUrl":"https:\/\/petproducts.com.cn\/wp-content\/uploads\/2024\/08\/Luminous-Dog-Harness.webp","width":1000,"height":1000,"caption":"Luminous Dog Harness"},{"@type":"BreadcrumbList","@id":"https:\/\/petproducts.com.cn\/product\/luminous-dog-harness-pet-safe-night-no-pull-reflective-dog-harness\/#breadcrumb","itemListElement":[{"@type":"ListItem","position":1,"name":"HOME","item":"https:\/\/petproducts.com.cn\/"},{"@type":"ListItem","position":2,"name":"Products","item":"https:\/\/petproducts.com.cn\/shop\/"},{"@type":"ListItem","position":3,"name":"Dog Collars, Leashes &amp; Harnesses","item":"https:\/\/petproducts.com.cn\/product-category\/dog-collars-leashes-harnesses\/"},{"@type":"ListItem","position":4,"name":"Luminous Dog Harness Pet Safe Night No Pull Reflective Dog Harness"}]},{"@type":"WebSite","@id":"https:\/\/petproducts.com.cn\/#website","url":"https:\/\/petproducts.com.cn\/","name":"Petstar","description":"Fabricant leader de fournitures pour animaux de compagnie et fournisseur OEM de produits pour animaux de compagnie","publisher":{"@id":"https:\/\/petproducts.com.cn\/#organization"},"alternateName":"Petstar Pet Supplies","potentialAction":[{"@type":"SearchAction","target":{"@type":"EntryPoint","urlTemplate":"https:\/\/petproducts.com.cn\/?s={search_term_string}"},"query-input":{"@type":"PropertyValueSpecification","valueRequired":true,"valueName":"search_term_string"}}],"inLanguage":"fr-FR"},{"@type":"Organization","@id":"https:\/\/petproducts.com.cn\/#organization","name":"Petstar","url":"https:\/\/petproducts.com.cn\/","logo":{"@type":"ImageObject","inLanguage":"fr-FR","@id":"https:\/\/petproducts.com.cn\/#\/schema\/logo\/image\/","url":"https:\/\/petproducts.com.cn\/wp-content\/uploads\/2020\/02\/petstar-logo.webp","contentUrl":"https:\/\/petproducts.com.cn\/wp-content\/uploads\/2020\/02\/petstar-logo.webp","width":779,"height":520,"caption":"Petstar"},"image":{"@id":"https:\/\/petproducts.com.cn\/#\/schema\/logo\/image\/"}}]}},"_links":{"self":[{"href":"https:\/\/petproducts.com.cn\/fr\/wp-json\/wp\/v2\/product\/28236","targetHints":{"allow":["GET"]}}],"collection":[{"href":"https:\/\/petproducts.com.cn\/fr\/wp-json\/wp\/v2\/product"}],"about":[{"href":"https:\/\/petproducts.com.cn\/fr\/wp-json\/wp\/v2\/types\/product"}],"version-history":[{"count":3,"href":"https:\/\/petproducts.com.cn\/fr\/wp-json\/wp\/v2\/product\/28236\/revisions"}],"predecessor-version":[{"id":28245,"href":"https:\/\/petproducts.com.cn\/fr\/wp-json\/wp\/v2\/product\/28236\/revisions\/28245"}],"wp:featuredmedia":[{"embeddable":true,"href":"https:\/\/petproducts.com.cn\/fr\/wp-json\/wp\/v2\/media\/28244"}],"wp:attachment":[{"href":"https:\/\/petproducts.com.cn\/fr\/wp-json\/wp\/v2\/media?parent=28236"}],"wp:term":[{"taxonomy":"product_brand","embeddable":true,"href":"https:\/\/petproducts.com.cn\/fr\/wp-json\/wp\/v2\/product_brand?post=28236"},{"taxonomy":"product_cat","embeddable":true,"href":"https:\/\/petproducts.com.cn\/fr\/wp-json\/wp\/v2\/product_cat?post=28236"},{"taxonomy":"product_tag","embeddable":true,"href":"https:\/\/petproducts.com.cn\/fr\/wp-json\/wp\/v2\/product_tag?post=28236"}],"curies":[{"name":"wp","href":"https:\/\/api.w.org\/{rel}","templated":true}]}}