{"id":28246,"date":"2024-08-22T05:22:50","date_gmt":"2024-08-22T05:22:50","guid":{"rendered":"https:\/\/petproducts.com.cn\/?post_type=product&#038;p=28246"},"modified":"2024-08-26T02:29:09","modified_gmt":"2024-08-26T02:29:09","slug":"luminous-dog-collar-safe-night-pet-best-reflective-dog-collar","status":"publish","type":"product","link":"https:\/\/petproducts.com.cn\/fr\/product\/luminous-dog-collar-safe-night-pet-best-reflective-dog-collar\/","title":{"rendered":"Collier lumineux pour chien pour la nuit Meilleur collier r\u00e9fl\u00e9chissant pour chien"},"content":{"rendered":"<h2><strong>Caract\u00e9ristiques du collier lumineux pour chien<\/strong><\/h2>\n<ul>\n<li><strong>Luminous Glow (\u00e9clat lumineux) :<\/strong> Le collier pour chien lumineux \u00e9met une l\u00e9g\u00e8re lueur dans des conditions de faible luminosit\u00e9, am\u00e9liorant ainsi la visibilit\u00e9 de votre chien lors des promenades nocturnes. Cette fonction vous permet d'avoir l'esprit tranquille en vous assurant que votre animal est vu dans l'obscurit\u00e9.<\/li>\n<li><strong>Bandes r\u00e9fl\u00e9chissantes :<\/strong> Le collier est \u00e9quip\u00e9 de bandes r\u00e9fl\u00e9chissantes qui captent et refl\u00e8tent la lumi\u00e8re, rendant votre chien visible dans toutes les directions. Cette conception r\u00e9fl\u00e9chissante est essentielle pour la s\u00e9curit\u00e9, en particulier \u00e0 proximit\u00e9 des routes ou dans les zones faiblement \u00e9clair\u00e9es.<\/li>\n<li><strong>Taille ajustable :<\/strong> Vous pouvez facilement ajuster le collier pour qu'il s'adapte confortablement au cou de votre chien. Cette flexibilit\u00e9 permet au collier de s'adapter aux chiots en pleine croissance ou \u00e0 plusieurs animaux de compagnie, tout en garantissant un ajustement parfait et s\u00fbr.<\/li>\n<li><strong>S\u00e9curit\u00e9 nocturne :<\/strong> La combinaison de l'\u00e9clat lumineux et du mat\u00e9riau r\u00e9fl\u00e9chissant garantit la s\u00e9curit\u00e9 de votre chien pendant les activit\u00e9s nocturnes. Vous pouvez promener votre chien en toute confiance en sachant qu'il est visible pour les autres.<\/li>\n<li><strong>Durable Construction:<\/strong> Fabriqu\u00e9 \u00e0 partir de mat\u00e9riaux de haute qualit\u00e9, le collier est con\u00e7u pour r\u00e9sister \u00e0 l'usure quotidienne. Sa conception durable garantit une utilisation prolong\u00e9e, m\u00eame pour les chiens les plus actifs.<\/li>\n<li><strong>Boucle \u00e0 d\u00e9gagement rapide :<\/strong> Le collier est \u00e9quip\u00e9 d'une boucle \u00e0 d\u00e9gagement rapide qui permet de le mettre et de l'enlever facilement. Cette caract\u00e9ristique est particuli\u00e8rement utile pour les propri\u00e9taires d'animaux tr\u00e8s occup\u00e9s qui ont besoin d'enlever rapidement le collier.<\/li>\n<li><strong>Conception l\u00e9g\u00e8re :<\/strong> Le collier est l\u00e9ger, de sorte que votre chien ne se sentira pas encombr\u00e9 lorsqu'il le portera. Il garantit le confort et la libert\u00e9 de mouvement de votre chien pendant les promenades ou les jeux.<\/li>\n<li><strong>Aspect \u00e9l\u00e9gant :<\/strong> Le collier pr\u00e9sente un design \u00e9l\u00e9gant et moderne qui compl\u00e8te l'apparence de votre chien. Son look \u00e9l\u00e9gant en fait un accessoire id\u00e9al pour les chiens de toutes races et de toutes tailles.<\/li>\n<\/ul>\n<p style=\"text-align: center;\"><em><strong>Pour plus d'informations <a href=\"https:\/\/petproducts.com.cn\/fr\/dog-collar-manufacturer\/\">collier pour chien<\/a>, s&#039;il te pla\u00eet <a href=\"https:\/\/petproducts.com.cn\/fr\/nous-contacter\/\">Contactez-nous<\/a>!<\/strong><\/em><\/p>\n<p>&nbsp;<\/p>","protected":false},"excerpt":{"rendered":"<p>Gardez votre chien en s\u00e9curit\u00e9 et visible pendant les promenades nocturnes avec ce collier lumineux pour chien, dot\u00e9 de mat\u00e9riaux r\u00e9fl\u00e9chissants et d'un ajustement pour un confort optimal.<\/p>","protected":false},"featured_media":28254,"template":"","meta":{"_acf_changed":false},"product_brand":[],"product_cat":[124,72],"product_tag":[212],"class_list":{"0":"post-28246","1":"product","2":"type-product","3":"status-publish","4":"has-post-thumbnail","6":"product_cat-dog-collars-leashes-harnesses","7":"product_cat-dog-supplies","8":"product_tag-pet-collars","10":"first","11":"instock","12":"shipping-taxable","13":"product-type-simple"},"acf":[],"yoast_head":"<!-- This site is optimized with the Yoast SEO plugin v27.1.1 - https:\/\/yoast.com\/product\/yoast-seo-wordpress\/ -->\n<title>Luminous Dog Collar | Best Reflective Dog Collar Manufacturer - Petstar<\/title>\n<meta name=\"description\" content=\"Explore Luminous Dog Collar from the best pet collar supplier. Petstar is a global pet supplies manufacturer. Your ideal business solution with Petstar.\" \/>\n<meta name=\"robots\" content=\"index, follow, max-snippet:-1, max-image-preview:large, max-video-preview:-1\" \/>\n<link rel=\"canonical\" href=\"https:\/\/petproducts.com.cn\/fr\/produit\/luminous-dog-collar-safe-night-pet-best-reflective-dog-collar\/\" \/>\n<meta property=\"og:locale\" content=\"fr_FR\" \/>\n<meta property=\"og:type\" content=\"article\" \/>\n<meta property=\"og:title\" content=\"Luminous Dog Collar | Best Reflective Dog Collar Manufacturer - Petstar\" \/>\n<meta property=\"og:description\" content=\"Explore Luminous Dog Collar from the best pet collar supplier. Petstar is a global pet supplies manufacturer. Your ideal business solution with Petstar.\" \/>\n<meta property=\"og:url\" content=\"https:\/\/petproducts.com.cn\/fr\/produit\/luminous-dog-collar-safe-night-pet-best-reflective-dog-collar\/\" \/>\n<meta property=\"og:site_name\" content=\"Petstar\" \/>\n<meta property=\"article:modified_time\" content=\"2024-08-26T02:29:09+00:00\" \/>\n<meta property=\"og:image\" content=\"https:\/\/petproducts.com.cn\/wp-content\/uploads\/2024\/08\/wholesale-Luminous-Dog-Collar.webp\" \/>\n\t<meta property=\"og:image:width\" content=\"1000\" \/>\n\t<meta property=\"og:image:height\" content=\"1000\" \/>\n\t<meta property=\"og:image:type\" content=\"image\/webp\" \/>\n<meta name=\"twitter:card\" content=\"summary_large_image\" \/>\n<meta name=\"twitter:label1\" content=\"Dur\u00e9e de lecture estim\u00e9e\" \/>\n\t<meta name=\"twitter:data1\" content=\"2 minutes\" \/>\n<script type=\"application\/ld+json\" class=\"yoast-schema-graph\">{\"@context\":\"https:\/\/schema.org\",\"@graph\":[{\"@type\":\"WebPage\",\"@id\":\"https:\/\/petproducts.com.cn\/product\/luminous-dog-collar-safe-night-pet-best-reflective-dog-collar\/\",\"url\":\"https:\/\/petproducts.com.cn\/product\/luminous-dog-collar-safe-night-pet-best-reflective-dog-collar\/\",\"name\":\"Luminous Dog Collar | Best Reflective Dog Collar Manufacturer - Petstar\",\"isPartOf\":{\"@id\":\"https:\/\/petproducts.com.cn\/#website\"},\"primaryImageOfPage\":{\"@id\":\"https:\/\/petproducts.com.cn\/product\/luminous-dog-collar-safe-night-pet-best-reflective-dog-collar\/#primaryimage\"},\"image\":{\"@id\":\"https:\/\/petproducts.com.cn\/product\/luminous-dog-collar-safe-night-pet-best-reflective-dog-collar\/#primaryimage\"},\"thumbnailUrl\":\"https:\/\/petproducts.com.cn\/wp-content\/uploads\/2024\/08\/wholesale-Luminous-Dog-Collar.webp\",\"datePublished\":\"2024-08-22T05:22:50+00:00\",\"dateModified\":\"2024-08-26T02:29:09+00:00\",\"description\":\"Explore Luminous Dog Collar from the best pet collar supplier. Petstar is a global pet supplies manufacturer. Your ideal business solution with Petstar.\",\"breadcrumb\":{\"@id\":\"https:\/\/petproducts.com.cn\/product\/luminous-dog-collar-safe-night-pet-best-reflective-dog-collar\/#breadcrumb\"},\"inLanguage\":\"fr-FR\",\"potentialAction\":[{\"@type\":\"ReadAction\",\"target\":[\"https:\/\/petproducts.com.cn\/product\/luminous-dog-collar-safe-night-pet-best-reflective-dog-collar\/\"]}]},{\"@type\":\"ImageObject\",\"inLanguage\":\"fr-FR\",\"@id\":\"https:\/\/petproducts.com.cn\/product\/luminous-dog-collar-safe-night-pet-best-reflective-dog-collar\/#primaryimage\",\"url\":\"https:\/\/petproducts.com.cn\/wp-content\/uploads\/2024\/08\/wholesale-Luminous-Dog-Collar.webp\",\"contentUrl\":\"https:\/\/petproducts.com.cn\/wp-content\/uploads\/2024\/08\/wholesale-Luminous-Dog-Collar.webp\",\"width\":1000,\"height\":1000,\"caption\":\"wholesale Luminous Dog Collar\"},{\"@type\":\"BreadcrumbList\",\"@id\":\"https:\/\/petproducts.com.cn\/product\/luminous-dog-collar-safe-night-pet-best-reflective-dog-collar\/#breadcrumb\",\"itemListElement\":[{\"@type\":\"ListItem\",\"position\":1,\"name\":\"HOME\",\"item\":\"https:\/\/petproducts.com.cn\/\"},{\"@type\":\"ListItem\",\"position\":2,\"name\":\"Products\",\"item\":\"https:\/\/petproducts.com.cn\/shop\/\"},{\"@type\":\"ListItem\",\"position\":3,\"name\":\"Dog Collars, Leashes &amp; Harnesses\",\"item\":\"https:\/\/petproducts.com.cn\/product-category\/dog-collars-leashes-harnesses\/\"},{\"@type\":\"ListItem\",\"position\":4,\"name\":\"Luminous Dog Collar Safe Night Pet Best Reflective Dog Collar\"}]},{\"@type\":\"WebSite\",\"@id\":\"https:\/\/petproducts.com.cn\/#website\",\"url\":\"https:\/\/petproducts.com.cn\/\",\"name\":\"Petstar\",\"description\":\"Leading Pet Supplies Manufacturer &amp; OEM Pet Products Supplier\",\"publisher\":{\"@id\":\"https:\/\/petproducts.com.cn\/#organization\"},\"alternateName\":\"Petstar Pet Supplies\",\"potentialAction\":[{\"@type\":\"SearchAction\",\"target\":{\"@type\":\"EntryPoint\",\"urlTemplate\":\"https:\/\/petproducts.com.cn\/?s={search_term_string}\"},\"query-input\":{\"@type\":\"PropertyValueSpecification\",\"valueRequired\":true,\"valueName\":\"search_term_string\"}}],\"inLanguage\":\"fr-FR\"},{\"@type\":\"Organization\",\"@id\":\"https:\/\/petproducts.com.cn\/#organization\",\"name\":\"Petstar\",\"url\":\"https:\/\/petproducts.com.cn\/\",\"logo\":{\"@type\":\"ImageObject\",\"inLanguage\":\"fr-FR\",\"@id\":\"https:\/\/petproducts.com.cn\/#\/schema\/logo\/image\/\",\"url\":\"https:\/\/petproducts.com.cn\/wp-content\/uploads\/2020\/02\/petstar-logo.webp\",\"contentUrl\":\"https:\/\/petproducts.com.cn\/wp-content\/uploads\/2020\/02\/petstar-logo.webp\",\"width\":779,\"height\":520,\"caption\":\"Petstar\"},\"image\":{\"@id\":\"https:\/\/petproducts.com.cn\/#\/schema\/logo\/image\/\"}}]}<\/script>\n<!-- \/ Yoast SEO plugin. -->","yoast_head_json":{"title":"Collier lumineux pour chien | Meilleur fabricant de colliers r\u00e9fl\u00e9chissants pour chien - Petstar","description":"D\u00e9couvrez le collier lumineux pour chien du meilleur fournisseur de colliers pour animaux de compagnie. Petstar est un fabricant mondial de produits pour animaux de compagnie. Votre solution commerciale id\u00e9ale avec Petstar.","robots":{"index":"index","follow":"follow","max-snippet":"max-snippet:-1","max-image-preview":"max-image-preview:large","max-video-preview":"max-video-preview:-1"},"canonical":"https:\/\/petproducts.com.cn\/fr\/produit\/luminous-dog-collar-safe-night-pet-best-reflective-dog-collar\/","og_locale":"fr_FR","og_type":"article","og_title":"Luminous Dog Collar | Best Reflective Dog Collar Manufacturer - Petstar","og_description":"Explore Luminous Dog Collar from the best pet collar supplier. Petstar is a global pet supplies manufacturer. Your ideal business solution with Petstar.","og_url":"https:\/\/petproducts.com.cn\/fr\/produit\/luminous-dog-collar-safe-night-pet-best-reflective-dog-collar\/","og_site_name":"Petstar","article_modified_time":"2024-08-26T02:29:09+00:00","og_image":[{"width":1000,"height":1000,"url":"https:\/\/petproducts.com.cn\/wp-content\/uploads\/2024\/08\/wholesale-Luminous-Dog-Collar.webp","type":"image\/webp"}],"twitter_card":"summary_large_image","twitter_misc":{"Dur\u00e9e de lecture estim\u00e9e":"2 minutes"},"schema":{"@context":"https:\/\/schema.org","@graph":[{"@type":"WebPage","@id":"https:\/\/petproducts.com.cn\/product\/luminous-dog-collar-safe-night-pet-best-reflective-dog-collar\/","url":"https:\/\/petproducts.com.cn\/product\/luminous-dog-collar-safe-night-pet-best-reflective-dog-collar\/","name":"Collier lumineux pour chien | Meilleur fabricant de colliers r\u00e9fl\u00e9chissants pour chien - Petstar","isPartOf":{"@id":"https:\/\/petproducts.com.cn\/#website"},"primaryImageOfPage":{"@id":"https:\/\/petproducts.com.cn\/product\/luminous-dog-collar-safe-night-pet-best-reflective-dog-collar\/#primaryimage"},"image":{"@id":"https:\/\/petproducts.com.cn\/product\/luminous-dog-collar-safe-night-pet-best-reflective-dog-collar\/#primaryimage"},"thumbnailUrl":"https:\/\/petproducts.com.cn\/wp-content\/uploads\/2024\/08\/wholesale-Luminous-Dog-Collar.webp","datePublished":"2024-08-22T05:22:50+00:00","dateModified":"2024-08-26T02:29:09+00:00","description":"D\u00e9couvrez le collier lumineux pour chien du meilleur fournisseur de colliers pour animaux de compagnie. Petstar est un fabricant mondial de produits pour animaux de compagnie. Votre solution commerciale id\u00e9ale avec Petstar.","breadcrumb":{"@id":"https:\/\/petproducts.com.cn\/product\/luminous-dog-collar-safe-night-pet-best-reflective-dog-collar\/#breadcrumb"},"inLanguage":"fr-FR","potentialAction":[{"@type":"ReadAction","target":["https:\/\/petproducts.com.cn\/product\/luminous-dog-collar-safe-night-pet-best-reflective-dog-collar\/"]}]},{"@type":"ImageObject","inLanguage":"fr-FR","@id":"https:\/\/petproducts.com.cn\/product\/luminous-dog-collar-safe-night-pet-best-reflective-dog-collar\/#primaryimage","url":"https:\/\/petproducts.com.cn\/wp-content\/uploads\/2024\/08\/wholesale-Luminous-Dog-Collar.webp","contentUrl":"https:\/\/petproducts.com.cn\/wp-content\/uploads\/2024\/08\/wholesale-Luminous-Dog-Collar.webp","width":1000,"height":1000,"caption":"wholesale Luminous Dog Collar"},{"@type":"BreadcrumbList","@id":"https:\/\/petproducts.com.cn\/product\/luminous-dog-collar-safe-night-pet-best-reflective-dog-collar\/#breadcrumb","itemListElement":[{"@type":"ListItem","position":1,"name":"HOME","item":"https:\/\/petproducts.com.cn\/"},{"@type":"ListItem","position":2,"name":"Products","item":"https:\/\/petproducts.com.cn\/shop\/"},{"@type":"ListItem","position":3,"name":"Dog Collars, Leashes &amp; Harnesses","item":"https:\/\/petproducts.com.cn\/product-category\/dog-collars-leashes-harnesses\/"},{"@type":"ListItem","position":4,"name":"Luminous Dog Collar Safe Night Pet Best Reflective Dog Collar"}]},{"@type":"WebSite","@id":"https:\/\/petproducts.com.cn\/#website","url":"https:\/\/petproducts.com.cn\/","name":"Petstar","description":"Fabricant leader de fournitures pour animaux de compagnie et fournisseur OEM de produits pour animaux de compagnie","publisher":{"@id":"https:\/\/petproducts.com.cn\/#organization"},"alternateName":"Petstar Pet Supplies","potentialAction":[{"@type":"SearchAction","target":{"@type":"EntryPoint","urlTemplate":"https:\/\/petproducts.com.cn\/?s={search_term_string}"},"query-input":{"@type":"PropertyValueSpecification","valueRequired":true,"valueName":"search_term_string"}}],"inLanguage":"fr-FR"},{"@type":"Organization","@id":"https:\/\/petproducts.com.cn\/#organization","name":"Petstar","url":"https:\/\/petproducts.com.cn\/","logo":{"@type":"ImageObject","inLanguage":"fr-FR","@id":"https:\/\/petproducts.com.cn\/#\/schema\/logo\/image\/","url":"https:\/\/petproducts.com.cn\/wp-content\/uploads\/2020\/02\/petstar-logo.webp","contentUrl":"https:\/\/petproducts.com.cn\/wp-content\/uploads\/2020\/02\/petstar-logo.webp","width":779,"height":520,"caption":"Petstar"},"image":{"@id":"https:\/\/petproducts.com.cn\/#\/schema\/logo\/image\/"}}]}},"_links":{"self":[{"href":"https:\/\/petproducts.com.cn\/fr\/wp-json\/wp\/v2\/product\/28246","targetHints":{"allow":["GET"]}}],"collection":[{"href":"https:\/\/petproducts.com.cn\/fr\/wp-json\/wp\/v2\/product"}],"about":[{"href":"https:\/\/petproducts.com.cn\/fr\/wp-json\/wp\/v2\/types\/product"}],"version-history":[{"count":2,"href":"https:\/\/petproducts.com.cn\/fr\/wp-json\/wp\/v2\/product\/28246\/revisions"}],"predecessor-version":[{"id":28248,"href":"https:\/\/petproducts.com.cn\/fr\/wp-json\/wp\/v2\/product\/28246\/revisions\/28248"}],"wp:featuredmedia":[{"embeddable":true,"href":"https:\/\/petproducts.com.cn\/fr\/wp-json\/wp\/v2\/media\/28254"}],"wp:attachment":[{"href":"https:\/\/petproducts.com.cn\/fr\/wp-json\/wp\/v2\/media?parent=28246"}],"wp:term":[{"taxonomy":"product_brand","embeddable":true,"href":"https:\/\/petproducts.com.cn\/fr\/wp-json\/wp\/v2\/product_brand?post=28246"},{"taxonomy":"product_cat","embeddable":true,"href":"https:\/\/petproducts.com.cn\/fr\/wp-json\/wp\/v2\/product_cat?post=28246"},{"taxonomy":"product_tag","embeddable":true,"href":"https:\/\/petproducts.com.cn\/fr\/wp-json\/wp\/v2\/product_tag?post=28246"}],"curies":[{"name":"wp","href":"https:\/\/api.w.org\/{rel}","templated":true}]}}