{"id":28336,"date":"2024-08-26T02:01:22","date_gmt":"2024-08-26T02:01:22","guid":{"rendered":"https:\/\/petproducts.com.cn\/?post_type=product&#038;p=28336"},"modified":"2024-08-26T02:28:31","modified_gmt":"2024-08-26T02:28:31","slug":"reflective-dog-leashes-pet-luminous-glow-in-the-dark-dog-leash","status":"publish","type":"product","link":"https:\/\/petproducts.com.cn\/fr\/product\/reflective-dog-leashes-pet-luminous-glow-in-the-dark-dog-leash\/","title":{"rendered":"Laisse pour chien r\u00e9fl\u00e9chissante Laisse pour chien lumineuse et phosphorescente"},"content":{"rendered":"<h2><strong>Caract\u00e9ristiques des laisses r\u00e9fl\u00e9chissantes pour chiens<\/strong><\/h2>\n<ul>\n<li><strong>Design r\u00e9fl\u00e9chissant \u00e0 haute visibilit\u00e9 :<\/strong> Vous appr\u00e9cierez la fa\u00e7on dont les bandes r\u00e9fl\u00e9chissantes tiss\u00e9es dans les laisses pour chiens r\u00e9fl\u00e9chissantes am\u00e9liorent la visibilit\u00e9 dans des conditions de faible luminosit\u00e9. Cette caract\u00e9ristique vous permet, \u00e0 vous et \u00e0 votre animal, de rester visibles pour les v\u00e9hicules et les pi\u00e9tons lors des promenades en soir\u00e9e ou t\u00f4t le matin.<\/li>\n<li><strong>Capacit\u00e9 \u00e0 briller dans l'obscurit\u00e9 :<\/strong> Gr\u00e2ce \u00e0 sa fonction phosphorescente, la laisse absorbe la lumi\u00e8re naturelle ou artificielle pendant la journ\u00e9e et \u00e9met une douce lueur pendant la nuit. Cette fonction ajoute un niveau de s\u00e9curit\u00e9 suppl\u00e9mentaire, vous permettant de localiser facilement votre animal, m\u00eame dans l'obscurit\u00e9.<\/li>\n<li><strong>S\u00e9curit\u00e9 nocturne :<\/strong> Vous pouvez emmener votre chien en toute confiance pour des promenades nocturnes, sachant que cette laisse am\u00e9liore consid\u00e9rablement la visibilit\u00e9 de votre animal. La combinaison de mat\u00e9riaux r\u00e9fl\u00e9chissants et de propri\u00e9t\u00e9s phosphorescentes en fait un choix fiable pour des promenades en toute s\u00e9curit\u00e9 apr\u00e8s le coucher du soleil.<\/li>\n<li><strong>Construction durable et robuste :<\/strong> La laisse est fabriqu\u00e9e \u00e0 partir de mat\u00e9riaux durables de haute qualit\u00e9 qui r\u00e9sistent \u00e0 l'usage et \u00e0 l'usure quotidiens. Vous pouvez faire confiance \u00e0 cette laisse pour g\u00e9rer m\u00eame les chiens les plus \u00e9nergiques, offrant une performance fiable promenade apr\u00e8s promenade.<\/li>\n<li><strong>Prise en main confortable :<\/strong> Vous appr\u00e9cierez la poign\u00e9e ergonomique de la laisse, con\u00e7ue pour offrir une prise confortable et s\u00fbre. Cette caract\u00e9ristique r\u00e9duit la fatigue des mains pendant les longues promenades, ce qui rend l'exp\u00e9rience plus agr\u00e9able pour vous.<\/li>\n<li><strong>L\u00e9ger et portable :<\/strong> La conception l\u00e9g\u00e8re de la laisse la rend facile \u00e0 transporter et \u00e0 ranger lorsqu'elle n'est pas utilis\u00e9e. Vous pouvez la transporter sans effort en voyage ou la garder dans votre voiture pour des aventures spontan\u00e9es avec votre animal.<\/li>\n<\/ul>\n<p style=\"text-align: center;\"><em><strong>Pour plus d'informations <a href=\"https:\/\/petproducts.com.cn\/fr\/dog-leash-manufacturer\/\">laisses pour chiens<\/a>, s&#039;il te pla\u00eet <a href=\"https:\/\/petproducts.com.cn\/fr\/nous-contacter\/\">Contactez-nous<\/a>!<\/strong><\/em><\/p>\n<p>&nbsp;<\/p>","protected":false},"excerpt":{"rendered":"<p>Assurez la s\u00e9curit\u00e9 de votre animal lors des promenades nocturnes avec la laisse r\u00e9fl\u00e9chissante pour chien, une laisse phosphorescente qui offre une grande visibilit\u00e9 et une durabilit\u00e9 fiable.<\/p>","protected":false},"featured_media":28342,"template":"","meta":{"_acf_changed":false},"product_brand":[],"product_cat":[124,72],"product_tag":[213],"class_list":{"0":"post-28336","1":"product","2":"type-product","3":"status-publish","4":"has-post-thumbnail","6":"product_cat-dog-collars-leashes-harnesses","7":"product_cat-dog-supplies","8":"product_tag-pet-leashes","10":"first","11":"instock","12":"shipping-taxable","13":"product-type-simple"},"acf":[],"yoast_head":"<!-- This site is optimized with the Yoast SEO plugin v27.1.1 - https:\/\/yoast.com\/product\/yoast-seo-wordpress\/ -->\n<title>Reflective Dog Leashes | Pet Dog Leash Manufacturer - Petstar<\/title>\n<meta name=\"description\" content=\"Explore Reflective Dog Leashes from the best pet product supplier. Petstar is a global pet supplies manufacturer. Your ideal business solution with Petstar.\" \/>\n<meta name=\"robots\" content=\"index, follow, max-snippet:-1, max-image-preview:large, max-video-preview:-1\" \/>\n<link rel=\"canonical\" href=\"https:\/\/petproducts.com.cn\/fr\/produit\/reflective-dog-leashes-pet-luminous-glow-in-the-dark-dog-leash\/\" \/>\n<meta property=\"og:locale\" content=\"fr_FR\" \/>\n<meta property=\"og:type\" content=\"article\" \/>\n<meta property=\"og:title\" content=\"Reflective Dog Leashes | Pet Dog Leash Manufacturer - Petstar\" \/>\n<meta property=\"og:description\" content=\"Explore Reflective Dog Leashes from the best pet product supplier. Petstar is a global pet supplies manufacturer. Your ideal business solution with Petstar.\" \/>\n<meta property=\"og:url\" content=\"https:\/\/petproducts.com.cn\/fr\/produit\/reflective-dog-leashes-pet-luminous-glow-in-the-dark-dog-leash\/\" \/>\n<meta property=\"og:site_name\" content=\"Petstar\" \/>\n<meta property=\"article:modified_time\" content=\"2024-08-26T02:28:31+00:00\" \/>\n<meta property=\"og:image\" content=\"https:\/\/petproducts.com.cn\/wp-content\/uploads\/2024\/08\/reflective-dog-leashes.webp\" \/>\n\t<meta property=\"og:image:width\" content=\"1000\" \/>\n\t<meta property=\"og:image:height\" content=\"1000\" \/>\n\t<meta property=\"og:image:type\" content=\"image\/webp\" \/>\n<meta name=\"twitter:card\" content=\"summary_large_image\" \/>\n<meta name=\"twitter:label1\" content=\"Dur\u00e9e de lecture estim\u00e9e\" \/>\n\t<meta name=\"twitter:data1\" content=\"2 minutes\" \/>\n<script type=\"application\/ld+json\" class=\"yoast-schema-graph\">{\"@context\":\"https:\/\/schema.org\",\"@graph\":[{\"@type\":\"WebPage\",\"@id\":\"https:\/\/petproducts.com.cn\/product\/reflective-dog-leashes-pet-luminous-glow-in-the-dark-dog-leash\/\",\"url\":\"https:\/\/petproducts.com.cn\/product\/reflective-dog-leashes-pet-luminous-glow-in-the-dark-dog-leash\/\",\"name\":\"Reflective Dog Leashes | Pet Dog Leash Manufacturer - Petstar\",\"isPartOf\":{\"@id\":\"https:\/\/petproducts.com.cn\/#website\"},\"primaryImageOfPage\":{\"@id\":\"https:\/\/petproducts.com.cn\/product\/reflective-dog-leashes-pet-luminous-glow-in-the-dark-dog-leash\/#primaryimage\"},\"image\":{\"@id\":\"https:\/\/petproducts.com.cn\/product\/reflective-dog-leashes-pet-luminous-glow-in-the-dark-dog-leash\/#primaryimage\"},\"thumbnailUrl\":\"https:\/\/petproducts.com.cn\/wp-content\/uploads\/2024\/08\/reflective-dog-leashes.webp\",\"datePublished\":\"2024-08-26T02:01:22+00:00\",\"dateModified\":\"2024-08-26T02:28:31+00:00\",\"description\":\"Explore Reflective Dog Leashes from the best pet product supplier. Petstar is a global pet supplies manufacturer. Your ideal business solution with Petstar.\",\"breadcrumb\":{\"@id\":\"https:\/\/petproducts.com.cn\/product\/reflective-dog-leashes-pet-luminous-glow-in-the-dark-dog-leash\/#breadcrumb\"},\"inLanguage\":\"fr-FR\",\"potentialAction\":[{\"@type\":\"ReadAction\",\"target\":[\"https:\/\/petproducts.com.cn\/product\/reflective-dog-leashes-pet-luminous-glow-in-the-dark-dog-leash\/\"]}]},{\"@type\":\"ImageObject\",\"inLanguage\":\"fr-FR\",\"@id\":\"https:\/\/petproducts.com.cn\/product\/reflective-dog-leashes-pet-luminous-glow-in-the-dark-dog-leash\/#primaryimage\",\"url\":\"https:\/\/petproducts.com.cn\/wp-content\/uploads\/2024\/08\/reflective-dog-leashes.webp\",\"contentUrl\":\"https:\/\/petproducts.com.cn\/wp-content\/uploads\/2024\/08\/reflective-dog-leashes.webp\",\"width\":1000,\"height\":1000,\"caption\":\"reflective dog leashes\"},{\"@type\":\"BreadcrumbList\",\"@id\":\"https:\/\/petproducts.com.cn\/product\/reflective-dog-leashes-pet-luminous-glow-in-the-dark-dog-leash\/#breadcrumb\",\"itemListElement\":[{\"@type\":\"ListItem\",\"position\":1,\"name\":\"HOME\",\"item\":\"https:\/\/petproducts.com.cn\/\"},{\"@type\":\"ListItem\",\"position\":2,\"name\":\"Products\",\"item\":\"https:\/\/petproducts.com.cn\/shop\/\"},{\"@type\":\"ListItem\",\"position\":3,\"name\":\"Dog Collars, Leashes &amp; Harnesses\",\"item\":\"https:\/\/petproducts.com.cn\/product-category\/dog-collars-leashes-harnesses\/\"},{\"@type\":\"ListItem\",\"position\":4,\"name\":\"Reflective Dog Leashes Pet Luminous Glow In The Dark Dog Leash\"}]},{\"@type\":\"WebSite\",\"@id\":\"https:\/\/petproducts.com.cn\/#website\",\"url\":\"https:\/\/petproducts.com.cn\/\",\"name\":\"Petstar\",\"description\":\"Leading Pet Supplies Manufacturer &amp; OEM Pet Products Supplier\",\"publisher\":{\"@id\":\"https:\/\/petproducts.com.cn\/#organization\"},\"alternateName\":\"Petstar Pet Supplies\",\"potentialAction\":[{\"@type\":\"SearchAction\",\"target\":{\"@type\":\"EntryPoint\",\"urlTemplate\":\"https:\/\/petproducts.com.cn\/?s={search_term_string}\"},\"query-input\":{\"@type\":\"PropertyValueSpecification\",\"valueRequired\":true,\"valueName\":\"search_term_string\"}}],\"inLanguage\":\"fr-FR\"},{\"@type\":\"Organization\",\"@id\":\"https:\/\/petproducts.com.cn\/#organization\",\"name\":\"Petstar\",\"url\":\"https:\/\/petproducts.com.cn\/\",\"logo\":{\"@type\":\"ImageObject\",\"inLanguage\":\"fr-FR\",\"@id\":\"https:\/\/petproducts.com.cn\/#\/schema\/logo\/image\/\",\"url\":\"https:\/\/petproducts.com.cn\/wp-content\/uploads\/2020\/02\/petstar-logo.webp\",\"contentUrl\":\"https:\/\/petproducts.com.cn\/wp-content\/uploads\/2020\/02\/petstar-logo.webp\",\"width\":779,\"height\":520,\"caption\":\"Petstar\"},\"image\":{\"@id\":\"https:\/\/petproducts.com.cn\/#\/schema\/logo\/image\/\"}}]}<\/script>\n<!-- \/ Yoast SEO plugin. -->","yoast_head_json":{"title":"Laisse r\u00e9fl\u00e9chissante pour chien - Petstar","description":"D\u00e9couvrez les laisses pour chien r\u00e9fl\u00e9chissantes du meilleur fournisseur de produits pour animaux de compagnie. Petstar est un fabricant mondial de produits pour animaux de compagnie. Votre solution commerciale id\u00e9ale avec Petstar.","robots":{"index":"index","follow":"follow","max-snippet":"max-snippet:-1","max-image-preview":"max-image-preview:large","max-video-preview":"max-video-preview:-1"},"canonical":"https:\/\/petproducts.com.cn\/fr\/produit\/reflective-dog-leashes-pet-luminous-glow-in-the-dark-dog-leash\/","og_locale":"fr_FR","og_type":"article","og_title":"Reflective Dog Leashes | Pet Dog Leash Manufacturer - Petstar","og_description":"Explore Reflective Dog Leashes from the best pet product supplier. Petstar is a global pet supplies manufacturer. Your ideal business solution with Petstar.","og_url":"https:\/\/petproducts.com.cn\/fr\/produit\/reflective-dog-leashes-pet-luminous-glow-in-the-dark-dog-leash\/","og_site_name":"Petstar","article_modified_time":"2024-08-26T02:28:31+00:00","og_image":[{"width":1000,"height":1000,"url":"https:\/\/petproducts.com.cn\/wp-content\/uploads\/2024\/08\/reflective-dog-leashes.webp","type":"image\/webp"}],"twitter_card":"summary_large_image","twitter_misc":{"Dur\u00e9e de lecture estim\u00e9e":"2 minutes"},"schema":{"@context":"https:\/\/schema.org","@graph":[{"@type":"WebPage","@id":"https:\/\/petproducts.com.cn\/product\/reflective-dog-leashes-pet-luminous-glow-in-the-dark-dog-leash\/","url":"https:\/\/petproducts.com.cn\/product\/reflective-dog-leashes-pet-luminous-glow-in-the-dark-dog-leash\/","name":"Laisse r\u00e9fl\u00e9chissante pour chien - Petstar","isPartOf":{"@id":"https:\/\/petproducts.com.cn\/#website"},"primaryImageOfPage":{"@id":"https:\/\/petproducts.com.cn\/product\/reflective-dog-leashes-pet-luminous-glow-in-the-dark-dog-leash\/#primaryimage"},"image":{"@id":"https:\/\/petproducts.com.cn\/product\/reflective-dog-leashes-pet-luminous-glow-in-the-dark-dog-leash\/#primaryimage"},"thumbnailUrl":"https:\/\/petproducts.com.cn\/wp-content\/uploads\/2024\/08\/reflective-dog-leashes.webp","datePublished":"2024-08-26T02:01:22+00:00","dateModified":"2024-08-26T02:28:31+00:00","description":"D\u00e9couvrez les laisses pour chien r\u00e9fl\u00e9chissantes du meilleur fournisseur de produits pour animaux de compagnie. Petstar est un fabricant mondial de produits pour animaux de compagnie. Votre solution commerciale id\u00e9ale avec Petstar.","breadcrumb":{"@id":"https:\/\/petproducts.com.cn\/product\/reflective-dog-leashes-pet-luminous-glow-in-the-dark-dog-leash\/#breadcrumb"},"inLanguage":"fr-FR","potentialAction":[{"@type":"ReadAction","target":["https:\/\/petproducts.com.cn\/product\/reflective-dog-leashes-pet-luminous-glow-in-the-dark-dog-leash\/"]}]},{"@type":"ImageObject","inLanguage":"fr-FR","@id":"https:\/\/petproducts.com.cn\/product\/reflective-dog-leashes-pet-luminous-glow-in-the-dark-dog-leash\/#primaryimage","url":"https:\/\/petproducts.com.cn\/wp-content\/uploads\/2024\/08\/reflective-dog-leashes.webp","contentUrl":"https:\/\/petproducts.com.cn\/wp-content\/uploads\/2024\/08\/reflective-dog-leashes.webp","width":1000,"height":1000,"caption":"reflective dog leashes"},{"@type":"BreadcrumbList","@id":"https:\/\/petproducts.com.cn\/product\/reflective-dog-leashes-pet-luminous-glow-in-the-dark-dog-leash\/#breadcrumb","itemListElement":[{"@type":"ListItem","position":1,"name":"HOME","item":"https:\/\/petproducts.com.cn\/"},{"@type":"ListItem","position":2,"name":"Products","item":"https:\/\/petproducts.com.cn\/shop\/"},{"@type":"ListItem","position":3,"name":"Dog Collars, Leashes &amp; Harnesses","item":"https:\/\/petproducts.com.cn\/product-category\/dog-collars-leashes-harnesses\/"},{"@type":"ListItem","position":4,"name":"Reflective Dog Leashes Pet Luminous Glow In The Dark Dog Leash"}]},{"@type":"WebSite","@id":"https:\/\/petproducts.com.cn\/#website","url":"https:\/\/petproducts.com.cn\/","name":"Petstar","description":"Fabricant leader de fournitures pour animaux de compagnie et fournisseur OEM de produits pour animaux de compagnie","publisher":{"@id":"https:\/\/petproducts.com.cn\/#organization"},"alternateName":"Petstar Pet Supplies","potentialAction":[{"@type":"SearchAction","target":{"@type":"EntryPoint","urlTemplate":"https:\/\/petproducts.com.cn\/?s={search_term_string}"},"query-input":{"@type":"PropertyValueSpecification","valueRequired":true,"valueName":"search_term_string"}}],"inLanguage":"fr-FR"},{"@type":"Organization","@id":"https:\/\/petproducts.com.cn\/#organization","name":"Petstar","url":"https:\/\/petproducts.com.cn\/","logo":{"@type":"ImageObject","inLanguage":"fr-FR","@id":"https:\/\/petproducts.com.cn\/#\/schema\/logo\/image\/","url":"https:\/\/petproducts.com.cn\/wp-content\/uploads\/2020\/02\/petstar-logo.webp","contentUrl":"https:\/\/petproducts.com.cn\/wp-content\/uploads\/2020\/02\/petstar-logo.webp","width":779,"height":520,"caption":"Petstar"},"image":{"@id":"https:\/\/petproducts.com.cn\/#\/schema\/logo\/image\/"}}]}},"_links":{"self":[{"href":"https:\/\/petproducts.com.cn\/fr\/wp-json\/wp\/v2\/product\/28336","targetHints":{"allow":["GET"]}}],"collection":[{"href":"https:\/\/petproducts.com.cn\/fr\/wp-json\/wp\/v2\/product"}],"about":[{"href":"https:\/\/petproducts.com.cn\/fr\/wp-json\/wp\/v2\/types\/product"}],"version-history":[{"count":3,"href":"https:\/\/petproducts.com.cn\/fr\/wp-json\/wp\/v2\/product\/28336\/revisions"}],"predecessor-version":[{"id":28345,"href":"https:\/\/petproducts.com.cn\/fr\/wp-json\/wp\/v2\/product\/28336\/revisions\/28345"}],"wp:featuredmedia":[{"embeddable":true,"href":"https:\/\/petproducts.com.cn\/fr\/wp-json\/wp\/v2\/media\/28342"}],"wp:attachment":[{"href":"https:\/\/petproducts.com.cn\/fr\/wp-json\/wp\/v2\/media?parent=28336"}],"wp:term":[{"taxonomy":"product_brand","embeddable":true,"href":"https:\/\/petproducts.com.cn\/fr\/wp-json\/wp\/v2\/product_brand?post=28336"},{"taxonomy":"product_cat","embeddable":true,"href":"https:\/\/petproducts.com.cn\/fr\/wp-json\/wp\/v2\/product_cat?post=28336"},{"taxonomy":"product_tag","embeddable":true,"href":"https:\/\/petproducts.com.cn\/fr\/wp-json\/wp\/v2\/product_tag?post=28336"}],"curies":[{"name":"wp","href":"https:\/\/api.w.org\/{rel}","templated":true}]}}