{"id":28346,"date":"2024-08-26T02:34:01","date_gmt":"2024-08-26T02:34:01","guid":{"rendered":"https:\/\/petproducts.com.cn\/?post_type=product&#038;p=28346"},"modified":"2024-08-26T02:59:33","modified_gmt":"2024-08-26T02:59:33","slug":"reflective-dog-harness-pet-luminous-glow-in-the-dark-dog-harness","status":"publish","type":"product","link":"https:\/\/petproducts.com.cn\/fr\/product\/reflective-dog-harness-pet-luminous-glow-in-the-dark-dog-harness\/","title":{"rendered":"Harnais r\u00e9fl\u00e9chissant pour chien Pet Luminous Glow In The Dark Harnais pour chien"},"content":{"rendered":"<h2><strong>Caract\u00e9ristiques du harnais r\u00e9fl\u00e9chissant pour chien<\/strong><\/h2>\n<ul>\n<li><strong>Bandes r\u00e9fl\u00e9chissantes pour une meilleure visibilit\u00e9 :<\/strong> Des bandes r\u00e9fl\u00e9chissantes sont int\u00e9gr\u00e9es au harnais, ce qui permet \u00e0 votre chien de rester visible dans des conditions de faible luminosit\u00e9. Cette caract\u00e9ristique offre une s\u00e9curit\u00e9 accrue lors des promenades en soir\u00e9e ou t\u00f4t le matin en r\u00e9fl\u00e9chissant la lumi\u00e8re des phares des voitures et des lampadaires.<\/li>\n<li><strong>Fonctionnalit\u00e9 phosphorescente :<\/strong> Le harnais absorbe la lumi\u00e8re pendant la journ\u00e9e et brille dans l'obscurit\u00e9, ce qui vous permet de rep\u00e9rer facilement votre animal pendant les aventures nocturnes. Cette caract\u00e9ristique n'ajoute pas seulement une couche suppl\u00e9mentaire de s\u00e9curit\u00e9, mais fait \u00e9galement du harnais un choix amusant et pratique pour les promenades nocturnes.<\/li>\n<li><strong>Taille r\u00e9glable pour un ajustement parfait :<\/strong> Vous pouvez facilement ajuster le harnais \u00e0 la taille et \u00e0 la forme de votre chien, gr\u00e2ce aux multiples points de r\u00e9glage. Le harnais s'ajuste ainsi parfaitement et confortablement, sans entraver les mouvements de votre chien, ce qui garantit \u00e0 la fois s\u00e9curit\u00e9 et confort.<\/li>\n<li><strong>Durable Construction:<\/strong> Fabriqu\u00e9 \u00e0 partir de mat\u00e9riaux de haute qualit\u00e9, ce harnais est con\u00e7u pour durer. Vous pouvez compter sur sa construction robuste pour faire face \u00e0 l'usure quotidienne et garantir des performances durables, m\u00eame pour les chiens actifs.<\/li>\n<li><strong>S\u00e9curit\u00e9 nocturne :<\/strong> Vous pouvez emmener votre chien en toute confiance pour des promenades nocturnes en sachant que les caract\u00e9ristiques r\u00e9fl\u00e9chissantes et phosphorescentes fonctionnent ensemble pour assurer la s\u00e9curit\u00e9 de votre animal. Ces caract\u00e9ristiques augmentent consid\u00e9rablement la visibilit\u00e9 de votre chien, r\u00e9duisant ainsi le risque d'accident dans les environnements peu \u00e9clair\u00e9s.<\/li>\n<\/ul>\n<p style=\"text-align: center;\"><em><strong>Pour plus d'informations <a href=\"https:\/\/petproducts.com.cn\/fr\/dog-harness-manufacturer\/\">harnais pour chiens<\/a>, s&#039;il te pla\u00eet <a href=\"https:\/\/petproducts.com.cn\/fr\/nous-contacter\/\">Contactez-nous<\/a>!<\/strong><\/em><\/p>\n<p>&nbsp;<\/p>","protected":false},"excerpt":{"rendered":"<p>Assurez la s\u00e9curit\u00e9 de votre animal lors des promenades nocturnes avec le harnais r\u00e9fl\u00e9chissant pour chien, un harnais phosphorescent qui offre une meilleure visibilit\u00e9 et un ajustement confortable.<\/p>","protected":false},"featured_media":28351,"template":"","meta":{"_acf_changed":false},"product_brand":[],"product_cat":[124,72],"product_tag":[211],"class_list":{"0":"post-28346","1":"product","2":"type-product","3":"status-publish","4":"has-post-thumbnail","6":"product_cat-dog-collars-leashes-harnesses","7":"product_cat-dog-supplies","8":"product_tag-pet-harnesses","10":"first","11":"instock","12":"shipping-taxable","13":"product-type-simple"},"acf":[],"yoast_head":"<!-- This site is optimized with the Yoast SEO plugin v27.1.1 - https:\/\/yoast.com\/product\/yoast-seo-wordpress\/ -->\n<title>Reflective Dog Harness | Pet Dog Harness Manufacturer - Petstar<\/title>\n<meta name=\"description\" content=\"Explore Reflective Dog Harness from the best pet product supplier. Petstar is a global pet supplies manufacturer. Your ideal business solution with Petstar.\" \/>\n<meta name=\"robots\" content=\"index, follow, max-snippet:-1, max-image-preview:large, max-video-preview:-1\" \/>\n<link rel=\"canonical\" href=\"https:\/\/petproducts.com.cn\/fr\/produit\/reflective-dog-harness-pet-luminous-glow-in-the-dark-dog-harness\/\" \/>\n<meta property=\"og:locale\" content=\"fr_FR\" \/>\n<meta property=\"og:type\" content=\"article\" \/>\n<meta property=\"og:title\" content=\"Reflective Dog Harness | Pet Dog Harness Manufacturer - Petstar\" \/>\n<meta property=\"og:description\" content=\"Explore Reflective Dog Harness from the best pet product supplier. Petstar is a global pet supplies manufacturer. Your ideal business solution with Petstar.\" \/>\n<meta property=\"og:url\" content=\"https:\/\/petproducts.com.cn\/fr\/produit\/reflective-dog-harness-pet-luminous-glow-in-the-dark-dog-harness\/\" \/>\n<meta property=\"og:site_name\" content=\"Petstar\" \/>\n<meta property=\"article:modified_time\" content=\"2024-08-26T02:59:33+00:00\" \/>\n<meta property=\"og:image\" content=\"https:\/\/petproducts.com.cn\/wp-content\/uploads\/2024\/08\/Reflective-Dog-Harness.webp\" \/>\n\t<meta property=\"og:image:width\" content=\"1000\" \/>\n\t<meta property=\"og:image:height\" content=\"1000\" \/>\n\t<meta property=\"og:image:type\" content=\"image\/webp\" \/>\n<meta name=\"twitter:card\" content=\"summary_large_image\" \/>\n<meta name=\"twitter:label1\" content=\"Dur\u00e9e de lecture estim\u00e9e\" \/>\n\t<meta name=\"twitter:data1\" content=\"2 minutes\" \/>\n<script type=\"application\/ld+json\" class=\"yoast-schema-graph\">{\"@context\":\"https:\/\/schema.org\",\"@graph\":[{\"@type\":\"WebPage\",\"@id\":\"https:\/\/petproducts.com.cn\/product\/reflective-dog-harness-pet-luminous-glow-in-the-dark-dog-harness\/\",\"url\":\"https:\/\/petproducts.com.cn\/product\/reflective-dog-harness-pet-luminous-glow-in-the-dark-dog-harness\/\",\"name\":\"Reflective Dog Harness | Pet Dog Harness Manufacturer - Petstar\",\"isPartOf\":{\"@id\":\"https:\/\/petproducts.com.cn\/#website\"},\"primaryImageOfPage\":{\"@id\":\"https:\/\/petproducts.com.cn\/product\/reflective-dog-harness-pet-luminous-glow-in-the-dark-dog-harness\/#primaryimage\"},\"image\":{\"@id\":\"https:\/\/petproducts.com.cn\/product\/reflective-dog-harness-pet-luminous-glow-in-the-dark-dog-harness\/#primaryimage\"},\"thumbnailUrl\":\"https:\/\/petproducts.com.cn\/wp-content\/uploads\/2024\/08\/Reflective-Dog-Harness.webp\",\"datePublished\":\"2024-08-26T02:34:01+00:00\",\"dateModified\":\"2024-08-26T02:59:33+00:00\",\"description\":\"Explore Reflective Dog Harness from the best pet product supplier. Petstar is a global pet supplies manufacturer. Your ideal business solution with Petstar.\",\"breadcrumb\":{\"@id\":\"https:\/\/petproducts.com.cn\/product\/reflective-dog-harness-pet-luminous-glow-in-the-dark-dog-harness\/#breadcrumb\"},\"inLanguage\":\"fr-FR\",\"potentialAction\":[{\"@type\":\"ReadAction\",\"target\":[\"https:\/\/petproducts.com.cn\/product\/reflective-dog-harness-pet-luminous-glow-in-the-dark-dog-harness\/\"]}]},{\"@type\":\"ImageObject\",\"inLanguage\":\"fr-FR\",\"@id\":\"https:\/\/petproducts.com.cn\/product\/reflective-dog-harness-pet-luminous-glow-in-the-dark-dog-harness\/#primaryimage\",\"url\":\"https:\/\/petproducts.com.cn\/wp-content\/uploads\/2024\/08\/Reflective-Dog-Harness.webp\",\"contentUrl\":\"https:\/\/petproducts.com.cn\/wp-content\/uploads\/2024\/08\/Reflective-Dog-Harness.webp\",\"width\":1000,\"height\":1000,\"caption\":\"Reflective Dog Harness\"},{\"@type\":\"BreadcrumbList\",\"@id\":\"https:\/\/petproducts.com.cn\/product\/reflective-dog-harness-pet-luminous-glow-in-the-dark-dog-harness\/#breadcrumb\",\"itemListElement\":[{\"@type\":\"ListItem\",\"position\":1,\"name\":\"HOME\",\"item\":\"https:\/\/petproducts.com.cn\/\"},{\"@type\":\"ListItem\",\"position\":2,\"name\":\"Products\",\"item\":\"https:\/\/petproducts.com.cn\/shop\/\"},{\"@type\":\"ListItem\",\"position\":3,\"name\":\"Dog Collars, Leashes &amp; Harnesses\",\"item\":\"https:\/\/petproducts.com.cn\/product-category\/dog-collars-leashes-harnesses\/\"},{\"@type\":\"ListItem\",\"position\":4,\"name\":\"Reflective Dog Harness Pet Luminous Glow In The Dark Dog Harness\"}]},{\"@type\":\"WebSite\",\"@id\":\"https:\/\/petproducts.com.cn\/#website\",\"url\":\"https:\/\/petproducts.com.cn\/\",\"name\":\"Petstar\",\"description\":\"Leading Pet Supplies Manufacturer &amp; OEM Pet Products Supplier\",\"publisher\":{\"@id\":\"https:\/\/petproducts.com.cn\/#organization\"},\"alternateName\":\"Petstar Pet Supplies\",\"potentialAction\":[{\"@type\":\"SearchAction\",\"target\":{\"@type\":\"EntryPoint\",\"urlTemplate\":\"https:\/\/petproducts.com.cn\/?s={search_term_string}\"},\"query-input\":{\"@type\":\"PropertyValueSpecification\",\"valueRequired\":true,\"valueName\":\"search_term_string\"}}],\"inLanguage\":\"fr-FR\"},{\"@type\":\"Organization\",\"@id\":\"https:\/\/petproducts.com.cn\/#organization\",\"name\":\"Petstar\",\"url\":\"https:\/\/petproducts.com.cn\/\",\"logo\":{\"@type\":\"ImageObject\",\"inLanguage\":\"fr-FR\",\"@id\":\"https:\/\/petproducts.com.cn\/#\/schema\/logo\/image\/\",\"url\":\"https:\/\/petproducts.com.cn\/wp-content\/uploads\/2020\/02\/petstar-logo.webp\",\"contentUrl\":\"https:\/\/petproducts.com.cn\/wp-content\/uploads\/2020\/02\/petstar-logo.webp\",\"width\":779,\"height\":520,\"caption\":\"Petstar\"},\"image\":{\"@id\":\"https:\/\/petproducts.com.cn\/#\/schema\/logo\/image\/\"}}]}<\/script>\n<!-- \/ Yoast SEO plugin. -->","yoast_head_json":{"title":"Harnais r\u00e9fl\u00e9chissant pour chien - Petstar","description":"D\u00e9couvrez le harnais r\u00e9fl\u00e9chissant pour chien du meilleur fournisseur de produits pour animaux de compagnie. Petstar est un fabricant mondial de produits pour animaux de compagnie. Votre solution commerciale id\u00e9ale avec Petstar.","robots":{"index":"index","follow":"follow","max-snippet":"max-snippet:-1","max-image-preview":"max-image-preview:large","max-video-preview":"max-video-preview:-1"},"canonical":"https:\/\/petproducts.com.cn\/fr\/produit\/reflective-dog-harness-pet-luminous-glow-in-the-dark-dog-harness\/","og_locale":"fr_FR","og_type":"article","og_title":"Reflective Dog Harness | Pet Dog Harness Manufacturer - Petstar","og_description":"Explore Reflective Dog Harness from the best pet product supplier. Petstar is a global pet supplies manufacturer. Your ideal business solution with Petstar.","og_url":"https:\/\/petproducts.com.cn\/fr\/produit\/reflective-dog-harness-pet-luminous-glow-in-the-dark-dog-harness\/","og_site_name":"Petstar","article_modified_time":"2024-08-26T02:59:33+00:00","og_image":[{"width":1000,"height":1000,"url":"https:\/\/petproducts.com.cn\/wp-content\/uploads\/2024\/08\/Reflective-Dog-Harness.webp","type":"image\/webp"}],"twitter_card":"summary_large_image","twitter_misc":{"Dur\u00e9e de lecture estim\u00e9e":"2 minutes"},"schema":{"@context":"https:\/\/schema.org","@graph":[{"@type":"WebPage","@id":"https:\/\/petproducts.com.cn\/product\/reflective-dog-harness-pet-luminous-glow-in-the-dark-dog-harness\/","url":"https:\/\/petproducts.com.cn\/product\/reflective-dog-harness-pet-luminous-glow-in-the-dark-dog-harness\/","name":"Harnais r\u00e9fl\u00e9chissant pour chien - Petstar","isPartOf":{"@id":"https:\/\/petproducts.com.cn\/#website"},"primaryImageOfPage":{"@id":"https:\/\/petproducts.com.cn\/product\/reflective-dog-harness-pet-luminous-glow-in-the-dark-dog-harness\/#primaryimage"},"image":{"@id":"https:\/\/petproducts.com.cn\/product\/reflective-dog-harness-pet-luminous-glow-in-the-dark-dog-harness\/#primaryimage"},"thumbnailUrl":"https:\/\/petproducts.com.cn\/wp-content\/uploads\/2024\/08\/Reflective-Dog-Harness.webp","datePublished":"2024-08-26T02:34:01+00:00","dateModified":"2024-08-26T02:59:33+00:00","description":"D\u00e9couvrez le harnais r\u00e9fl\u00e9chissant pour chien du meilleur fournisseur de produits pour animaux de compagnie. Petstar est un fabricant mondial de produits pour animaux de compagnie. Votre solution commerciale id\u00e9ale avec Petstar.","breadcrumb":{"@id":"https:\/\/petproducts.com.cn\/product\/reflective-dog-harness-pet-luminous-glow-in-the-dark-dog-harness\/#breadcrumb"},"inLanguage":"fr-FR","potentialAction":[{"@type":"ReadAction","target":["https:\/\/petproducts.com.cn\/product\/reflective-dog-harness-pet-luminous-glow-in-the-dark-dog-harness\/"]}]},{"@type":"ImageObject","inLanguage":"fr-FR","@id":"https:\/\/petproducts.com.cn\/product\/reflective-dog-harness-pet-luminous-glow-in-the-dark-dog-harness\/#primaryimage","url":"https:\/\/petproducts.com.cn\/wp-content\/uploads\/2024\/08\/Reflective-Dog-Harness.webp","contentUrl":"https:\/\/petproducts.com.cn\/wp-content\/uploads\/2024\/08\/Reflective-Dog-Harness.webp","width":1000,"height":1000,"caption":"Reflective Dog Harness"},{"@type":"BreadcrumbList","@id":"https:\/\/petproducts.com.cn\/product\/reflective-dog-harness-pet-luminous-glow-in-the-dark-dog-harness\/#breadcrumb","itemListElement":[{"@type":"ListItem","position":1,"name":"HOME","item":"https:\/\/petproducts.com.cn\/"},{"@type":"ListItem","position":2,"name":"Products","item":"https:\/\/petproducts.com.cn\/shop\/"},{"@type":"ListItem","position":3,"name":"Dog Collars, Leashes &amp; Harnesses","item":"https:\/\/petproducts.com.cn\/product-category\/dog-collars-leashes-harnesses\/"},{"@type":"ListItem","position":4,"name":"Reflective Dog Harness Pet Luminous Glow In The Dark Dog Harness"}]},{"@type":"WebSite","@id":"https:\/\/petproducts.com.cn\/#website","url":"https:\/\/petproducts.com.cn\/","name":"Petstar","description":"Fabricant leader de fournitures pour animaux de compagnie et fournisseur OEM de produits pour animaux de compagnie","publisher":{"@id":"https:\/\/petproducts.com.cn\/#organization"},"alternateName":"Petstar Pet Supplies","potentialAction":[{"@type":"SearchAction","target":{"@type":"EntryPoint","urlTemplate":"https:\/\/petproducts.com.cn\/?s={search_term_string}"},"query-input":{"@type":"PropertyValueSpecification","valueRequired":true,"valueName":"search_term_string"}}],"inLanguage":"fr-FR"},{"@type":"Organization","@id":"https:\/\/petproducts.com.cn\/#organization","name":"Petstar","url":"https:\/\/petproducts.com.cn\/","logo":{"@type":"ImageObject","inLanguage":"fr-FR","@id":"https:\/\/petproducts.com.cn\/#\/schema\/logo\/image\/","url":"https:\/\/petproducts.com.cn\/wp-content\/uploads\/2020\/02\/petstar-logo.webp","contentUrl":"https:\/\/petproducts.com.cn\/wp-content\/uploads\/2020\/02\/petstar-logo.webp","width":779,"height":520,"caption":"Petstar"},"image":{"@id":"https:\/\/petproducts.com.cn\/#\/schema\/logo\/image\/"}}]}},"_links":{"self":[{"href":"https:\/\/petproducts.com.cn\/fr\/wp-json\/wp\/v2\/product\/28346","targetHints":{"allow":["GET"]}}],"collection":[{"href":"https:\/\/petproducts.com.cn\/fr\/wp-json\/wp\/v2\/product"}],"about":[{"href":"https:\/\/petproducts.com.cn\/fr\/wp-json\/wp\/v2\/types\/product"}],"version-history":[{"count":2,"href":"https:\/\/petproducts.com.cn\/fr\/wp-json\/wp\/v2\/product\/28346\/revisions"}],"predecessor-version":[{"id":28348,"href":"https:\/\/petproducts.com.cn\/fr\/wp-json\/wp\/v2\/product\/28346\/revisions\/28348"}],"wp:featuredmedia":[{"embeddable":true,"href":"https:\/\/petproducts.com.cn\/fr\/wp-json\/wp\/v2\/media\/28351"}],"wp:attachment":[{"href":"https:\/\/petproducts.com.cn\/fr\/wp-json\/wp\/v2\/media?parent=28346"}],"wp:term":[{"taxonomy":"product_brand","embeddable":true,"href":"https:\/\/petproducts.com.cn\/fr\/wp-json\/wp\/v2\/product_brand?post=28346"},{"taxonomy":"product_cat","embeddable":true,"href":"https:\/\/petproducts.com.cn\/fr\/wp-json\/wp\/v2\/product_cat?post=28346"},{"taxonomy":"product_tag","embeddable":true,"href":"https:\/\/petproducts.com.cn\/fr\/wp-json\/wp\/v2\/product_tag?post=28346"}],"curies":[{"name":"wp","href":"https:\/\/api.w.org\/{rel}","templated":true}]}}