{"id":28587,"date":"2024-08-29T05:31:27","date_gmt":"2024-08-29T05:31:27","guid":{"rendered":"https:\/\/petproducts.com.cn\/?post_type=product&#038;p=28587"},"modified":"2024-09-03T06:03:00","modified_gmt":"2024-09-03T06:03:00","slug":"dog-plush-toys-interactive-squeaker-pet-sea-fishing-dog-toy","status":"publish","type":"product","link":"https:\/\/petproducts.com.cn\/fr\/product\/dog-plush-toys-interactive-squeaker-pet-sea-fishing-dog-toy\/","title":{"rendered":"Jouets en peluche pour chien couineur interactif pour animaux de compagnie, jouet pour chien de p\u00eache en mer"},"content":{"rendered":"<h2><strong>Caract\u00e9ristiques des jouets en peluche pour chiens<\/strong><\/h2>\n<ul>\n<li><strong>P\u00eache interactive amusante :<\/strong> Vous appr\u00e9cierez de passer de bons moments avec votre chien en utilisant les peluches interactives de p\u00eache pour chien. Le jouet comporte une cr\u00e9ature marine en peluche - une tortue ou une pieuvre - attach\u00e9e \u00e0 une canne \u00e0 p\u00eache, cr\u00e9ant ainsi une exp\u00e9rience de p\u00eache ludique pour votre chien.<\/li>\n<li><strong>Cr\u00e9atures marines en peluche :<\/strong> Votre chien adorera le couineur qui se trouve \u00e0 l'int\u00e9rieur des cr\u00e9atures marines en peluche. Le jouet \u00e9met un son amusant d\u00e8s que votre chien le mord ou le presse, ce qui permet \u00e0 votre chien de s'amuser et de se divertir pendant les moments de jeu.<\/li>\n<li><strong>Canne \u00e0 p\u00eache durable :<\/strong> La canne \u00e0 p\u00eache est constitu\u00e9e d'un tube en \u00e9ponge entour\u00e9 d'une corde en coton, ce qui permet une prise en main durable et confortable. Cette conception vous permet de jouer avec votre chien pendant de longues p\u00e9riodes sans que la canne \u00e0 p\u00eache ne vous \u00e9chappe.<\/li>\n<li><strong>Papier froiss\u00e9 pour un engagement suppl\u00e9mentaire :<\/strong> Vous remarquerez que la canne \u00e0 p\u00eache contient du papier froiss\u00e9, ce qui ajoute une nouvelle couche de stimulation sensorielle pour votre chien. Le bruit du papier froiss\u00e9 excite la curiosit\u00e9 de votre chien, l'encourageant \u00e0 jouer et \u00e0 explorer encore plus.<\/li>\n<li><strong>Mat\u00e9riaux doux et s\u00fbrs :<\/strong> La s\u00e9curit\u00e9 de votre chien est une priorit\u00e9, c'est pourquoi ce jouet est fabriqu\u00e9 \u00e0 partir de mat\u00e9riaux doux, sans danger pour les animaux, qui respectent les dents et les gencives de votre chien. Les cr\u00e9atures marines en peluche et la corde en coton sont r\u00e9sistantes mais sans danger pour la mastication, ce qui en fait un excellent choix pour les jeux interactifs.<\/li>\n<li><strong>Favorise l'activit\u00e9 physique et mentale :<\/strong> Vous appr\u00e9cierez la fa\u00e7on dont ce jouet encourage votre chien \u00e0 rester actif, tant physiquement que mentalement. La combinaison des poursuites, des couinements et des froissements permet \u00e0 votre chien de garder l'esprit vif et le corps en mouvement.<\/li>\n<\/ul>\n<div id='gallery-1' class='gallery galleryid-28587 gallery-columns-3 gallery-size-medium'><figure class='gallery-item'>\n\t\t\t<div class='gallery-icon landscape'>\n\t\t\t\t<img fetchpriority=\"high\" decoding=\"async\" width=\"300\" height=\"300\" src=\"https:\/\/petproducts.com.cn\/wp-content\/uploads\/2024\/08\/Factory-Dog-Plush-Toys-300x300.webp\" class=\"attachment-medium size-medium\" alt=\"Jouets en peluche Factory Dog\" srcset=\"https:\/\/petproducts.com.cn\/wp-content\/uploads\/2024\/08\/Factory-Dog-Plush-Toys-300x300.webp 300w, https:\/\/petproducts.com.cn\/wp-content\/uploads\/2024\/08\/Factory-Dog-Plush-Toys-150x150.webp 150w, https:\/\/petproducts.com.cn\/wp-content\/uploads\/2024\/08\/Factory-Dog-Plush-Toys-768x768.webp 768w, https:\/\/petproducts.com.cn\/wp-content\/uploads\/2024\/08\/Factory-Dog-Plush-Toys-12x12.webp 12w, https:\/\/petproducts.com.cn\/wp-content\/uploads\/2024\/08\/Factory-Dog-Plush-Toys-600x600.webp 600w, https:\/\/petproducts.com.cn\/wp-content\/uploads\/2024\/08\/Factory-Dog-Plush-Toys-100x100.webp 100w, https:\/\/petproducts.com.cn\/wp-content\/uploads\/2024\/08\/Factory-Dog-Plush-Toys.webp 1000w\" sizes=\"(max-width: 300px) 100vw, 300px\" \/>\n\t\t\t<\/div><\/figure><figure class='gallery-item'>\n\t\t\t<div class='gallery-icon landscape'>\n\t\t\t\t<img decoding=\"async\" width=\"300\" height=\"300\" src=\"https:\/\/petproducts.com.cn\/wp-content\/uploads\/2024\/08\/Manufacturer-Dog-Plush-Toys-300x300.webp\" class=\"attachment-medium size-medium\" alt=\"Fabricant de peluches pour chiens\" srcset=\"https:\/\/petproducts.com.cn\/wp-content\/uploads\/2024\/08\/Manufacturer-Dog-Plush-Toys-300x300.webp 300w, https:\/\/petproducts.com.cn\/wp-content\/uploads\/2024\/08\/Manufacturer-Dog-Plush-Toys-150x150.webp 150w, https:\/\/petproducts.com.cn\/wp-content\/uploads\/2024\/08\/Manufacturer-Dog-Plush-Toys-768x768.webp 768w, https:\/\/petproducts.com.cn\/wp-content\/uploads\/2024\/08\/Manufacturer-Dog-Plush-Toys-12x12.webp 12w, https:\/\/petproducts.com.cn\/wp-content\/uploads\/2024\/08\/Manufacturer-Dog-Plush-Toys-600x600.webp 600w, https:\/\/petproducts.com.cn\/wp-content\/uploads\/2024\/08\/Manufacturer-Dog-Plush-Toys-100x100.webp 100w, https:\/\/petproducts.com.cn\/wp-content\/uploads\/2024\/08\/Manufacturer-Dog-Plush-Toys.webp 1000w\" sizes=\"(max-width: 300px) 100vw, 300px\" \/>\n\t\t\t<\/div><\/figure><figure class='gallery-item'>\n\t\t\t<div class='gallery-icon landscape'>\n\t\t\t\t<img decoding=\"async\" width=\"300\" height=\"300\" src=\"https:\/\/petproducts.com.cn\/wp-content\/uploads\/2024\/08\/Dog-Plush-Toys-300x300.webp\" class=\"attachment-medium size-medium\" alt=\"\" srcset=\"https:\/\/petproducts.com.cn\/wp-content\/uploads\/2024\/08\/Dog-Plush-Toys-300x300.webp 300w, https:\/\/petproducts.com.cn\/wp-content\/uploads\/2024\/08\/Dog-Plush-Toys-150x150.webp 150w, https:\/\/petproducts.com.cn\/wp-content\/uploads\/2024\/08\/Dog-Plush-Toys-768x768.webp 768w, https:\/\/petproducts.com.cn\/wp-content\/uploads\/2024\/08\/Dog-Plush-Toys-12x12.webp 12w, https:\/\/petproducts.com.cn\/wp-content\/uploads\/2024\/08\/Dog-Plush-Toys-600x600.webp 600w, https:\/\/petproducts.com.cn\/wp-content\/uploads\/2024\/08\/Dog-Plush-Toys-100x100.webp 100w, https:\/\/petproducts.com.cn\/wp-content\/uploads\/2024\/08\/Dog-Plush-Toys.webp 1000w\" sizes=\"(max-width: 300px) 100vw, 300px\" \/>\n\t\t\t<\/div><\/figure>\n\t\t<\/div>\n\n<p style=\"text-align: center;\"><em><strong>Pour plus d'informations <a href=\"https:\/\/petproducts.com.cn\/fr\/wholesale-dog-toys\/\">jouets pour chiens<\/a>, s&#039;il te pla\u00eet <a href=\"https:\/\/petproducts.com.cn\/fr\/nous-contacter\/\">Contactez-nous<\/a>!<\/strong><\/em><\/p>","protected":false},"excerpt":{"rendered":"<p>Amusez votre chien avec le jouet Dog Plush Toys Interactive Squeaker Pet Sea Fishing Dog Toy, compos\u00e9 d'une cr\u00e9ature marine qui couine et d'une canne \u00e0 p\u00eache avec du papier froiss\u00e9 pour un amusement sans fin.<\/p>","protected":false},"featured_media":28600,"template":"","meta":{"_acf_changed":false},"product_brand":[],"product_cat":[72,48],"product_tag":[231,233,232],"class_list":{"0":"post-28587","1":"product","2":"type-product","3":"status-publish","4":"has-post-thumbnail","6":"product_cat-dog-supplies","7":"product_cat-dog-toys","8":"product_tag-dog-plush-toys","9":"product_tag-dog-squeaky-toys","10":"product_tag-interactive-dog-toys","12":"first","13":"instock","14":"shipping-taxable","15":"product-type-simple"},"acf":[],"yoast_head":"<!-- This site is optimized with the Yoast SEO plugin v27.1.1 - https:\/\/yoast.com\/product\/yoast-seo-wordpress\/ -->\n<title>Dog Plush Toys | Fishing Dog Toy Manufacturer - Petstar<\/title>\n<meta name=\"description\" content=\"Explore Dog Plush Toys from the pet product supplier. Petstar is a global pet supplies manufacturer. Your ideal business solution with Petstar.\" \/>\n<meta name=\"robots\" content=\"index, follow, max-snippet:-1, max-image-preview:large, max-video-preview:-1\" \/>\n<link rel=\"canonical\" href=\"https:\/\/petproducts.com.cn\/fr\/produit\/dog-plush-toys-interactive-squeaker-pet-sea-fishing-dog-toy\/\" \/>\n<meta property=\"og:locale\" content=\"fr_FR\" \/>\n<meta property=\"og:type\" content=\"article\" \/>\n<meta property=\"og:title\" content=\"Dog Plush Toys | Fishing Dog Toy Manufacturer - Petstar\" \/>\n<meta property=\"og:description\" content=\"Explore Dog Plush Toys from the pet product supplier. Petstar is a global pet supplies manufacturer. Your ideal business solution with Petstar.\" \/>\n<meta property=\"og:url\" content=\"https:\/\/petproducts.com.cn\/fr\/produit\/dog-plush-toys-interactive-squeaker-pet-sea-fishing-dog-toy\/\" \/>\n<meta property=\"og:site_name\" content=\"Petstar\" \/>\n<meta property=\"article:modified_time\" content=\"2024-09-03T06:03:00+00:00\" \/>\n<meta property=\"og:image\" content=\"https:\/\/petproducts.com.cn\/wp-content\/uploads\/2024\/08\/Dog-Plush-Toys.webp\" \/>\n\t<meta property=\"og:image:width\" content=\"1000\" \/>\n\t<meta property=\"og:image:height\" content=\"1000\" \/>\n\t<meta property=\"og:image:type\" content=\"image\/webp\" \/>\n<meta name=\"twitter:card\" content=\"summary_large_image\" \/>\n<meta name=\"twitter:label1\" content=\"Dur\u00e9e de lecture estim\u00e9e\" \/>\n\t<meta name=\"twitter:data1\" content=\"2 minutes\" \/>\n<script type=\"application\/ld+json\" class=\"yoast-schema-graph\">{\"@context\":\"https:\/\/schema.org\",\"@graph\":[{\"@type\":\"WebPage\",\"@id\":\"https:\/\/petproducts.com.cn\/product\/dog-plush-toys-interactive-squeaker-pet-sea-fishing-dog-toy\/\",\"url\":\"https:\/\/petproducts.com.cn\/product\/dog-plush-toys-interactive-squeaker-pet-sea-fishing-dog-toy\/\",\"name\":\"Dog Plush Toys | Fishing Dog Toy Manufacturer - Petstar\",\"isPartOf\":{\"@id\":\"https:\/\/petproducts.com.cn\/#website\"},\"primaryImageOfPage\":{\"@id\":\"https:\/\/petproducts.com.cn\/product\/dog-plush-toys-interactive-squeaker-pet-sea-fishing-dog-toy\/#primaryimage\"},\"image\":{\"@id\":\"https:\/\/petproducts.com.cn\/product\/dog-plush-toys-interactive-squeaker-pet-sea-fishing-dog-toy\/#primaryimage\"},\"thumbnailUrl\":\"https:\/\/petproducts.com.cn\/wp-content\/uploads\/2024\/08\/Dog-Plush-Toys.webp\",\"datePublished\":\"2024-08-29T05:31:27+00:00\",\"dateModified\":\"2024-09-03T06:03:00+00:00\",\"description\":\"Explore Dog Plush Toys from the pet product supplier. Petstar is a global pet supplies manufacturer. Your ideal business solution with Petstar.\",\"breadcrumb\":{\"@id\":\"https:\/\/petproducts.com.cn\/product\/dog-plush-toys-interactive-squeaker-pet-sea-fishing-dog-toy\/#breadcrumb\"},\"inLanguage\":\"fr-FR\",\"potentialAction\":[{\"@type\":\"ReadAction\",\"target\":[\"https:\/\/petproducts.com.cn\/product\/dog-plush-toys-interactive-squeaker-pet-sea-fishing-dog-toy\/\"]}]},{\"@type\":\"ImageObject\",\"inLanguage\":\"fr-FR\",\"@id\":\"https:\/\/petproducts.com.cn\/product\/dog-plush-toys-interactive-squeaker-pet-sea-fishing-dog-toy\/#primaryimage\",\"url\":\"https:\/\/petproducts.com.cn\/wp-content\/uploads\/2024\/08\/Dog-Plush-Toys.webp\",\"contentUrl\":\"https:\/\/petproducts.com.cn\/wp-content\/uploads\/2024\/08\/Dog-Plush-Toys.webp\",\"width\":1000,\"height\":1000},{\"@type\":\"BreadcrumbList\",\"@id\":\"https:\/\/petproducts.com.cn\/product\/dog-plush-toys-interactive-squeaker-pet-sea-fishing-dog-toy\/#breadcrumb\",\"itemListElement\":[{\"@type\":\"ListItem\",\"position\":1,\"name\":\"HOME\",\"item\":\"https:\/\/petproducts.com.cn\/\"},{\"@type\":\"ListItem\",\"position\":2,\"name\":\"Products\",\"item\":\"https:\/\/petproducts.com.cn\/shop\/\"},{\"@type\":\"ListItem\",\"position\":3,\"name\":\"Dog Toys\",\"item\":\"https:\/\/petproducts.com.cn\/product-category\/dog-toys\/\"},{\"@type\":\"ListItem\",\"position\":4,\"name\":\"Dog Plush Toys Interactive Squeaker Pet Sea Fishing Dog Toy\"}]},{\"@type\":\"WebSite\",\"@id\":\"https:\/\/petproducts.com.cn\/#website\",\"url\":\"https:\/\/petproducts.com.cn\/\",\"name\":\"Petstar\",\"description\":\"Leading Pet Supplies Manufacturer &amp; OEM Pet Products Supplier\",\"publisher\":{\"@id\":\"https:\/\/petproducts.com.cn\/#organization\"},\"alternateName\":\"Petstar Pet Supplies\",\"potentialAction\":[{\"@type\":\"SearchAction\",\"target\":{\"@type\":\"EntryPoint\",\"urlTemplate\":\"https:\/\/petproducts.com.cn\/?s={search_term_string}\"},\"query-input\":{\"@type\":\"PropertyValueSpecification\",\"valueRequired\":true,\"valueName\":\"search_term_string\"}}],\"inLanguage\":\"fr-FR\"},{\"@type\":\"Organization\",\"@id\":\"https:\/\/petproducts.com.cn\/#organization\",\"name\":\"Petstar\",\"url\":\"https:\/\/petproducts.com.cn\/\",\"logo\":{\"@type\":\"ImageObject\",\"inLanguage\":\"fr-FR\",\"@id\":\"https:\/\/petproducts.com.cn\/#\/schema\/logo\/image\/\",\"url\":\"https:\/\/petproducts.com.cn\/wp-content\/uploads\/2020\/02\/petstar-logo.webp\",\"contentUrl\":\"https:\/\/petproducts.com.cn\/wp-content\/uploads\/2020\/02\/petstar-logo.webp\",\"width\":779,\"height\":520,\"caption\":\"Petstar\"},\"image\":{\"@id\":\"https:\/\/petproducts.com.cn\/#\/schema\/logo\/image\/\"}}]}<\/script>\n<!-- \/ Yoast SEO plugin. -->","yoast_head_json":{"title":"Jouets en peluche pour chien | Jouets de p\u00eache pour chien - Petstar","description":"D\u00e9couvrez les jouets en peluche pour chiens du fournisseur de produits pour animaux de compagnie. Petstar est un fabricant mondial de produits pour animaux de compagnie. Votre solution commerciale id\u00e9ale avec Petstar.","robots":{"index":"index","follow":"follow","max-snippet":"max-snippet:-1","max-image-preview":"max-image-preview:large","max-video-preview":"max-video-preview:-1"},"canonical":"https:\/\/petproducts.com.cn\/fr\/produit\/dog-plush-toys-interactive-squeaker-pet-sea-fishing-dog-toy\/","og_locale":"fr_FR","og_type":"article","og_title":"Dog Plush Toys | Fishing Dog Toy Manufacturer - Petstar","og_description":"Explore Dog Plush Toys from the pet product supplier. Petstar is a global pet supplies manufacturer. Your ideal business solution with Petstar.","og_url":"https:\/\/petproducts.com.cn\/fr\/produit\/dog-plush-toys-interactive-squeaker-pet-sea-fishing-dog-toy\/","og_site_name":"Petstar","article_modified_time":"2024-09-03T06:03:00+00:00","og_image":[{"width":1000,"height":1000,"url":"https:\/\/petproducts.com.cn\/wp-content\/uploads\/2024\/08\/Dog-Plush-Toys.webp","type":"image\/webp"}],"twitter_card":"summary_large_image","twitter_misc":{"Dur\u00e9e de lecture estim\u00e9e":"2 minutes"},"schema":{"@context":"https:\/\/schema.org","@graph":[{"@type":"WebPage","@id":"https:\/\/petproducts.com.cn\/product\/dog-plush-toys-interactive-squeaker-pet-sea-fishing-dog-toy\/","url":"https:\/\/petproducts.com.cn\/product\/dog-plush-toys-interactive-squeaker-pet-sea-fishing-dog-toy\/","name":"Jouets en peluche pour chien | Jouets de p\u00eache pour chien - Petstar","isPartOf":{"@id":"https:\/\/petproducts.com.cn\/#website"},"primaryImageOfPage":{"@id":"https:\/\/petproducts.com.cn\/product\/dog-plush-toys-interactive-squeaker-pet-sea-fishing-dog-toy\/#primaryimage"},"image":{"@id":"https:\/\/petproducts.com.cn\/product\/dog-plush-toys-interactive-squeaker-pet-sea-fishing-dog-toy\/#primaryimage"},"thumbnailUrl":"https:\/\/petproducts.com.cn\/wp-content\/uploads\/2024\/08\/Dog-Plush-Toys.webp","datePublished":"2024-08-29T05:31:27+00:00","dateModified":"2024-09-03T06:03:00+00:00","description":"D\u00e9couvrez les jouets en peluche pour chiens du fournisseur de produits pour animaux de compagnie. Petstar est un fabricant mondial de produits pour animaux de compagnie. Votre solution commerciale id\u00e9ale avec Petstar.","breadcrumb":{"@id":"https:\/\/petproducts.com.cn\/product\/dog-plush-toys-interactive-squeaker-pet-sea-fishing-dog-toy\/#breadcrumb"},"inLanguage":"fr-FR","potentialAction":[{"@type":"ReadAction","target":["https:\/\/petproducts.com.cn\/product\/dog-plush-toys-interactive-squeaker-pet-sea-fishing-dog-toy\/"]}]},{"@type":"ImageObject","inLanguage":"fr-FR","@id":"https:\/\/petproducts.com.cn\/product\/dog-plush-toys-interactive-squeaker-pet-sea-fishing-dog-toy\/#primaryimage","url":"https:\/\/petproducts.com.cn\/wp-content\/uploads\/2024\/08\/Dog-Plush-Toys.webp","contentUrl":"https:\/\/petproducts.com.cn\/wp-content\/uploads\/2024\/08\/Dog-Plush-Toys.webp","width":1000,"height":1000},{"@type":"BreadcrumbList","@id":"https:\/\/petproducts.com.cn\/product\/dog-plush-toys-interactive-squeaker-pet-sea-fishing-dog-toy\/#breadcrumb","itemListElement":[{"@type":"ListItem","position":1,"name":"HOME","item":"https:\/\/petproducts.com.cn\/"},{"@type":"ListItem","position":2,"name":"Products","item":"https:\/\/petproducts.com.cn\/shop\/"},{"@type":"ListItem","position":3,"name":"Dog Toys","item":"https:\/\/petproducts.com.cn\/product-category\/dog-toys\/"},{"@type":"ListItem","position":4,"name":"Dog Plush Toys Interactive Squeaker Pet Sea Fishing Dog Toy"}]},{"@type":"WebSite","@id":"https:\/\/petproducts.com.cn\/#website","url":"https:\/\/petproducts.com.cn\/","name":"Petstar","description":"Fabricant leader de fournitures pour animaux de compagnie et fournisseur OEM de produits pour animaux de compagnie","publisher":{"@id":"https:\/\/petproducts.com.cn\/#organization"},"alternateName":"Petstar Pet Supplies","potentialAction":[{"@type":"SearchAction","target":{"@type":"EntryPoint","urlTemplate":"https:\/\/petproducts.com.cn\/?s={search_term_string}"},"query-input":{"@type":"PropertyValueSpecification","valueRequired":true,"valueName":"search_term_string"}}],"inLanguage":"fr-FR"},{"@type":"Organization","@id":"https:\/\/petproducts.com.cn\/#organization","name":"Petstar","url":"https:\/\/petproducts.com.cn\/","logo":{"@type":"ImageObject","inLanguage":"fr-FR","@id":"https:\/\/petproducts.com.cn\/#\/schema\/logo\/image\/","url":"https:\/\/petproducts.com.cn\/wp-content\/uploads\/2020\/02\/petstar-logo.webp","contentUrl":"https:\/\/petproducts.com.cn\/wp-content\/uploads\/2020\/02\/petstar-logo.webp","width":779,"height":520,"caption":"Petstar"},"image":{"@id":"https:\/\/petproducts.com.cn\/#\/schema\/logo\/image\/"}}]}},"_links":{"self":[{"href":"https:\/\/petproducts.com.cn\/fr\/wp-json\/wp\/v2\/product\/28587","targetHints":{"allow":["GET"]}}],"collection":[{"href":"https:\/\/petproducts.com.cn\/fr\/wp-json\/wp\/v2\/product"}],"about":[{"href":"https:\/\/petproducts.com.cn\/fr\/wp-json\/wp\/v2\/types\/product"}],"version-history":[{"count":3,"href":"https:\/\/petproducts.com.cn\/fr\/wp-json\/wp\/v2\/product\/28587\/revisions"}],"predecessor-version":[{"id":28606,"href":"https:\/\/petproducts.com.cn\/fr\/wp-json\/wp\/v2\/product\/28587\/revisions\/28606"}],"wp:featuredmedia":[{"embeddable":true,"href":"https:\/\/petproducts.com.cn\/fr\/wp-json\/wp\/v2\/media\/28600"}],"wp:attachment":[{"href":"https:\/\/petproducts.com.cn\/fr\/wp-json\/wp\/v2\/media?parent=28587"}],"wp:term":[{"taxonomy":"product_brand","embeddable":true,"href":"https:\/\/petproducts.com.cn\/fr\/wp-json\/wp\/v2\/product_brand?post=28587"},{"taxonomy":"product_cat","embeddable":true,"href":"https:\/\/petproducts.com.cn\/fr\/wp-json\/wp\/v2\/product_cat?post=28587"},{"taxonomy":"product_tag","embeddable":true,"href":"https:\/\/petproducts.com.cn\/fr\/wp-json\/wp\/v2\/product_tag?post=28587"}],"curies":[{"name":"wp","href":"https:\/\/api.w.org\/{rel}","templated":true}]}}