{"id":28967,"date":"2024-09-11T02:06:39","date_gmt":"2024-09-11T02:06:39","guid":{"rendered":"https:\/\/petproducts.com.cn\/?post_type=product&#038;p=28967"},"modified":"2024-09-20T08:59:14","modified_gmt":"2024-09-20T08:59:14","slug":"christmas-dog-toy-4-pcs-pet-plush-vinyl-chew-christmas-dog-toy-set","status":"publish","type":"product","link":"https:\/\/petproducts.com.cn\/fr\/product\/christmas-dog-toy-4-pcs-pet-plush-vinyl-chew-christmas-dog-toy-set\/","title":{"rendered":"Lot de 4 jouets de No\u00ebl pour chien en peluche et vinyle \u00e0 m\u00e2cher"},"content":{"rendered":"<h2><strong>Caract\u00e9ristiques du jouet de No\u00ebl pour chien<\/strong><\/h2>\n<p>Le lot de 4 jouets de No\u00ebl pour chien est le cadeau de vacances id\u00e9al pour votre chien. Il comprend des peluches, des jouets en vinyle et des balles de tennis pour des heures d'amusement et de divertissement festif.<\/p>\n<ul>\n<li><strong>Jouet en peluche durable :<\/strong> Votre chien va adorer ce jouet en peluche, con\u00e7u pour les c\u00e2lins et les jeux en douceur. Le tissu en peluche assure le confort, tandis que le design festif ajoute \u00e0 l'esprit de No\u00ebl.<\/li>\n<li><strong>Jouet \u00e0 m\u00e2cher en vinyle pour les gros m\u00e2cheurs :<\/strong> Vous appr\u00e9cierez le jouet \u00e0 m\u00e2cher en vinyle inclus dans cet ensemble, con\u00e7u pour r\u00e9sister aux m\u00e2cheurs coriaces. Son mat\u00e9riau durable garantit une utilisation \u00e0 long terme, ce qui en fait une excellente option pour les chiens qui aiment ronger et m\u00e2cher.<\/li>\n<li><strong>Balle de tennis interactive :<\/strong> Votre chien peut jouer \u00e0 aller chercher la balle de tennis incluse, ce qui encourage l'activit\u00e9 physique et les moments de complicit\u00e9. La balle est l\u00e9g\u00e8re et facile \u00e0 lancer, pour un plaisir sans fin pour vous et votre animal.<\/li>\n<li><strong>Parfait pour les cadeaux de fin d'ann\u00e9e :<\/strong> Cet ensemble de jouets de No\u00ebl pour chiens est un cadeau id\u00e9al pour votre ami \u00e0 fourrure ou pour tout propri\u00e9taire de chien. Les motifs festifs en font un cadeau attentionn\u00e9 et amusant pendant les f\u00eates de fin d'ann\u00e9e, pour que votre chien se sente inclus dans les c\u00e9l\u00e9brations.<\/li>\n<li><strong>Am\u00e9liore la stimulation physique et mentale :<\/strong> Vous remarquerez que ces jouets aident votre chien \u00e0 rester mentalement engag\u00e9 et physiquement actif. La vari\u00e9t\u00e9 des textures et des motifs de l'ensemble offre \u00e0 la fois divertissement et stimulation, ce qui favorise un chien heureux et en bonne sant\u00e9.<\/li>\n<\/ul>\n<p style=\"text-align: center;\"><em><strong>Pour plus d'informations <a href=\"https:\/\/petproducts.com.cn\/fr\/wholesale-dog-toys\/\">jouets pour chiens<\/a>, s&#039;il te pla\u00eet <a href=\"https:\/\/petproducts.com.cn\/fr\/nous-contacter\/\">Contactez-nous<\/a>!<\/strong><\/em><\/p>\n<p>&nbsp;<\/p>","protected":false},"excerpt":{"rendered":"<p>La robe d'Halloween pour chien pr\u00e9sente un motif rouge et noir vibrant avec une jupe en tulle, parfaite pour ajouter une touche festive \u00e0 la garde-robe de votre animal de compagnie pendant la saison effrayante.<\/p>","protected":false},"featured_media":28998,"template":"","meta":{"_acf_changed":false},"product_brand":[],"product_cat":[72,48],"product_tag":[235,247,196,195],"class_list":{"0":"post-28967","1":"product","2":"type-product","3":"status-publish","4":"has-post-thumbnail","6":"product_cat-dog-supplies","7":"product_cat-dog-toys","8":"product_tag-christmas-pet-supplies","9":"product_tag-christmas-pet-toys","10":"product_tag-dog-supplies-set","11":"product_tag-dog-toys-set","13":"first","14":"instock","15":"shipping-taxable","16":"product-type-simple"},"acf":[],"yoast_head":"<!-- This site is optimized with the Yoast SEO plugin v27.1.1 - https:\/\/yoast.com\/product\/yoast-seo-wordpress\/ -->\n<title>Christmas Dog Toy | Christmas Dog Toy Set Manufacturer - Petstar<\/title>\n<meta name=\"description\" content=\"Explore Christmas Dog Toy from the pet product supplier. Petstar is a global pet products manufacturer. Your ideal business solution with Petstar.\" \/>\n<meta name=\"robots\" content=\"index, follow, max-snippet:-1, max-image-preview:large, max-video-preview:-1\" \/>\n<link rel=\"canonical\" href=\"https:\/\/petproducts.com.cn\/fr\/produit\/christmas-dog-toy-4-pcs-pet-plush-vinyl-chew-christmas-dog-toy-set\/\" \/>\n<meta property=\"og:locale\" content=\"fr_FR\" \/>\n<meta property=\"og:type\" content=\"article\" \/>\n<meta property=\"og:title\" content=\"Christmas Dog Toy | Christmas Dog Toy Set Manufacturer - Petstar\" \/>\n<meta property=\"og:description\" content=\"Explore Christmas Dog Toy from the pet product supplier. Petstar is a global pet products manufacturer. Your ideal business solution with Petstar.\" \/>\n<meta property=\"og:url\" content=\"https:\/\/petproducts.com.cn\/fr\/produit\/christmas-dog-toy-4-pcs-pet-plush-vinyl-chew-christmas-dog-toy-set\/\" \/>\n<meta property=\"og:site_name\" content=\"Petstar\" \/>\n<meta property=\"article:modified_time\" content=\"2024-09-20T08:59:14+00:00\" \/>\n<meta property=\"og:image\" content=\"https:\/\/petproducts.com.cn\/wp-content\/uploads\/2024\/09\/Christmas-Dog-Toy.webp\" \/>\n\t<meta property=\"og:image:width\" content=\"1000\" \/>\n\t<meta property=\"og:image:height\" content=\"1000\" \/>\n\t<meta property=\"og:image:type\" content=\"image\/webp\" \/>\n<meta name=\"twitter:card\" content=\"summary_large_image\" \/>\n<meta name=\"twitter:label1\" content=\"Dur\u00e9e de lecture estim\u00e9e\" \/>\n\t<meta name=\"twitter:data1\" content=\"2 minutes\" \/>\n<script type=\"application\/ld+json\" class=\"yoast-schema-graph\">{\"@context\":\"https:\/\/schema.org\",\"@graph\":[{\"@type\":\"WebPage\",\"@id\":\"https:\/\/petproducts.com.cn\/product\/christmas-dog-toy-4-pcs-pet-plush-vinyl-chew-christmas-dog-toy-set\/\",\"url\":\"https:\/\/petproducts.com.cn\/product\/christmas-dog-toy-4-pcs-pet-plush-vinyl-chew-christmas-dog-toy-set\/\",\"name\":\"Christmas Dog Toy | Christmas Dog Toy Set Manufacturer - Petstar\",\"isPartOf\":{\"@id\":\"https:\/\/petproducts.com.cn\/#website\"},\"primaryImageOfPage\":{\"@id\":\"https:\/\/petproducts.com.cn\/product\/christmas-dog-toy-4-pcs-pet-plush-vinyl-chew-christmas-dog-toy-set\/#primaryimage\"},\"image\":{\"@id\":\"https:\/\/petproducts.com.cn\/product\/christmas-dog-toy-4-pcs-pet-plush-vinyl-chew-christmas-dog-toy-set\/#primaryimage\"},\"thumbnailUrl\":\"https:\/\/petproducts.com.cn\/wp-content\/uploads\/2024\/09\/Christmas-Dog-Toy.webp\",\"datePublished\":\"2024-09-11T02:06:39+00:00\",\"dateModified\":\"2024-09-20T08:59:14+00:00\",\"description\":\"Explore Christmas Dog Toy from the pet product supplier. Petstar is a global pet products manufacturer. Your ideal business solution with Petstar.\",\"breadcrumb\":{\"@id\":\"https:\/\/petproducts.com.cn\/product\/christmas-dog-toy-4-pcs-pet-plush-vinyl-chew-christmas-dog-toy-set\/#breadcrumb\"},\"inLanguage\":\"fr-FR\",\"potentialAction\":[{\"@type\":\"ReadAction\",\"target\":[\"https:\/\/petproducts.com.cn\/product\/christmas-dog-toy-4-pcs-pet-plush-vinyl-chew-christmas-dog-toy-set\/\"]}]},{\"@type\":\"ImageObject\",\"inLanguage\":\"fr-FR\",\"@id\":\"https:\/\/petproducts.com.cn\/product\/christmas-dog-toy-4-pcs-pet-plush-vinyl-chew-christmas-dog-toy-set\/#primaryimage\",\"url\":\"https:\/\/petproducts.com.cn\/wp-content\/uploads\/2024\/09\/Christmas-Dog-Toy.webp\",\"contentUrl\":\"https:\/\/petproducts.com.cn\/wp-content\/uploads\/2024\/09\/Christmas-Dog-Toy.webp\",\"width\":1000,\"height\":1000,\"caption\":\"Christmas Dog Toy\"},{\"@type\":\"BreadcrumbList\",\"@id\":\"https:\/\/petproducts.com.cn\/product\/christmas-dog-toy-4-pcs-pet-plush-vinyl-chew-christmas-dog-toy-set\/#breadcrumb\",\"itemListElement\":[{\"@type\":\"ListItem\",\"position\":1,\"name\":\"HOME\",\"item\":\"https:\/\/petproducts.com.cn\/\"},{\"@type\":\"ListItem\",\"position\":2,\"name\":\"Products\",\"item\":\"https:\/\/petproducts.com.cn\/shop\/\"},{\"@type\":\"ListItem\",\"position\":3,\"name\":\"Dog Toys\",\"item\":\"https:\/\/petproducts.com.cn\/product-category\/dog-toys\/\"},{\"@type\":\"ListItem\",\"position\":4,\"name\":\"Christmas Dog Toy 4 Pcs Pet Plush Vinyl Chew Christmas Dog Toy Set\"}]},{\"@type\":\"WebSite\",\"@id\":\"https:\/\/petproducts.com.cn\/#website\",\"url\":\"https:\/\/petproducts.com.cn\/\",\"name\":\"Petstar\",\"description\":\"Leading Pet Supplies Manufacturer &amp; OEM Pet Products Supplier\",\"publisher\":{\"@id\":\"https:\/\/petproducts.com.cn\/#organization\"},\"alternateName\":\"Petstar Pet Supplies\",\"potentialAction\":[{\"@type\":\"SearchAction\",\"target\":{\"@type\":\"EntryPoint\",\"urlTemplate\":\"https:\/\/petproducts.com.cn\/?s={search_term_string}\"},\"query-input\":{\"@type\":\"PropertyValueSpecification\",\"valueRequired\":true,\"valueName\":\"search_term_string\"}}],\"inLanguage\":\"fr-FR\"},{\"@type\":\"Organization\",\"@id\":\"https:\/\/petproducts.com.cn\/#organization\",\"name\":\"Petstar\",\"url\":\"https:\/\/petproducts.com.cn\/\",\"logo\":{\"@type\":\"ImageObject\",\"inLanguage\":\"fr-FR\",\"@id\":\"https:\/\/petproducts.com.cn\/#\/schema\/logo\/image\/\",\"url\":\"https:\/\/petproducts.com.cn\/wp-content\/uploads\/2020\/02\/petstar-logo.webp\",\"contentUrl\":\"https:\/\/petproducts.com.cn\/wp-content\/uploads\/2020\/02\/petstar-logo.webp\",\"width\":779,\"height\":520,\"caption\":\"Petstar\"},\"image\":{\"@id\":\"https:\/\/petproducts.com.cn\/#\/schema\/logo\/image\/\"}}]}<\/script>\n<!-- \/ Yoast SEO plugin. -->","yoast_head_json":{"title":"Jouet de No\u00ebl pour chien - Petstar","description":"D\u00e9couvrez le jouet de No\u00ebl pour chien du fournisseur de produits pour animaux de compagnie. Petstar est un fabricant mondial de produits pour animaux de compagnie. Votre solution commerciale id\u00e9ale avec Petstar.","robots":{"index":"index","follow":"follow","max-snippet":"max-snippet:-1","max-image-preview":"max-image-preview:large","max-video-preview":"max-video-preview:-1"},"canonical":"https:\/\/petproducts.com.cn\/fr\/produit\/christmas-dog-toy-4-pcs-pet-plush-vinyl-chew-christmas-dog-toy-set\/","og_locale":"fr_FR","og_type":"article","og_title":"Christmas Dog Toy | Christmas Dog Toy Set Manufacturer - Petstar","og_description":"Explore Christmas Dog Toy from the pet product supplier. Petstar is a global pet products manufacturer. Your ideal business solution with Petstar.","og_url":"https:\/\/petproducts.com.cn\/fr\/produit\/christmas-dog-toy-4-pcs-pet-plush-vinyl-chew-christmas-dog-toy-set\/","og_site_name":"Petstar","article_modified_time":"2024-09-20T08:59:14+00:00","og_image":[{"width":1000,"height":1000,"url":"https:\/\/petproducts.com.cn\/wp-content\/uploads\/2024\/09\/Christmas-Dog-Toy.webp","type":"image\/webp"}],"twitter_card":"summary_large_image","twitter_misc":{"Dur\u00e9e de lecture estim\u00e9e":"2 minutes"},"schema":{"@context":"https:\/\/schema.org","@graph":[{"@type":"WebPage","@id":"https:\/\/petproducts.com.cn\/product\/christmas-dog-toy-4-pcs-pet-plush-vinyl-chew-christmas-dog-toy-set\/","url":"https:\/\/petproducts.com.cn\/product\/christmas-dog-toy-4-pcs-pet-plush-vinyl-chew-christmas-dog-toy-set\/","name":"Jouet de No\u00ebl pour chien - Petstar","isPartOf":{"@id":"https:\/\/petproducts.com.cn\/#website"},"primaryImageOfPage":{"@id":"https:\/\/petproducts.com.cn\/product\/christmas-dog-toy-4-pcs-pet-plush-vinyl-chew-christmas-dog-toy-set\/#primaryimage"},"image":{"@id":"https:\/\/petproducts.com.cn\/product\/christmas-dog-toy-4-pcs-pet-plush-vinyl-chew-christmas-dog-toy-set\/#primaryimage"},"thumbnailUrl":"https:\/\/petproducts.com.cn\/wp-content\/uploads\/2024\/09\/Christmas-Dog-Toy.webp","datePublished":"2024-09-11T02:06:39+00:00","dateModified":"2024-09-20T08:59:14+00:00","description":"D\u00e9couvrez le jouet de No\u00ebl pour chien du fournisseur de produits pour animaux de compagnie. Petstar est un fabricant mondial de produits pour animaux de compagnie. Votre solution commerciale id\u00e9ale avec Petstar.","breadcrumb":{"@id":"https:\/\/petproducts.com.cn\/product\/christmas-dog-toy-4-pcs-pet-plush-vinyl-chew-christmas-dog-toy-set\/#breadcrumb"},"inLanguage":"fr-FR","potentialAction":[{"@type":"ReadAction","target":["https:\/\/petproducts.com.cn\/product\/christmas-dog-toy-4-pcs-pet-plush-vinyl-chew-christmas-dog-toy-set\/"]}]},{"@type":"ImageObject","inLanguage":"fr-FR","@id":"https:\/\/petproducts.com.cn\/product\/christmas-dog-toy-4-pcs-pet-plush-vinyl-chew-christmas-dog-toy-set\/#primaryimage","url":"https:\/\/petproducts.com.cn\/wp-content\/uploads\/2024\/09\/Christmas-Dog-Toy.webp","contentUrl":"https:\/\/petproducts.com.cn\/wp-content\/uploads\/2024\/09\/Christmas-Dog-Toy.webp","width":1000,"height":1000,"caption":"Christmas Dog Toy"},{"@type":"BreadcrumbList","@id":"https:\/\/petproducts.com.cn\/product\/christmas-dog-toy-4-pcs-pet-plush-vinyl-chew-christmas-dog-toy-set\/#breadcrumb","itemListElement":[{"@type":"ListItem","position":1,"name":"HOME","item":"https:\/\/petproducts.com.cn\/"},{"@type":"ListItem","position":2,"name":"Products","item":"https:\/\/petproducts.com.cn\/shop\/"},{"@type":"ListItem","position":3,"name":"Dog Toys","item":"https:\/\/petproducts.com.cn\/product-category\/dog-toys\/"},{"@type":"ListItem","position":4,"name":"Christmas Dog Toy 4 Pcs Pet Plush Vinyl Chew Christmas Dog Toy Set"}]},{"@type":"WebSite","@id":"https:\/\/petproducts.com.cn\/#website","url":"https:\/\/petproducts.com.cn\/","name":"Petstar","description":"Fabricant leader de fournitures pour animaux de compagnie et fournisseur OEM de produits pour animaux de compagnie","publisher":{"@id":"https:\/\/petproducts.com.cn\/#organization"},"alternateName":"Petstar Pet Supplies","potentialAction":[{"@type":"SearchAction","target":{"@type":"EntryPoint","urlTemplate":"https:\/\/petproducts.com.cn\/?s={search_term_string}"},"query-input":{"@type":"PropertyValueSpecification","valueRequired":true,"valueName":"search_term_string"}}],"inLanguage":"fr-FR"},{"@type":"Organization","@id":"https:\/\/petproducts.com.cn\/#organization","name":"Petstar","url":"https:\/\/petproducts.com.cn\/","logo":{"@type":"ImageObject","inLanguage":"fr-FR","@id":"https:\/\/petproducts.com.cn\/#\/schema\/logo\/image\/","url":"https:\/\/petproducts.com.cn\/wp-content\/uploads\/2020\/02\/petstar-logo.webp","contentUrl":"https:\/\/petproducts.com.cn\/wp-content\/uploads\/2020\/02\/petstar-logo.webp","width":779,"height":520,"caption":"Petstar"},"image":{"@id":"https:\/\/petproducts.com.cn\/#\/schema\/logo\/image\/"}}]}},"_links":{"self":[{"href":"https:\/\/petproducts.com.cn\/fr\/wp-json\/wp\/v2\/product\/28967","targetHints":{"allow":["GET"]}}],"collection":[{"href":"https:\/\/petproducts.com.cn\/fr\/wp-json\/wp\/v2\/product"}],"about":[{"href":"https:\/\/petproducts.com.cn\/fr\/wp-json\/wp\/v2\/types\/product"}],"version-history":[{"count":7,"href":"https:\/\/petproducts.com.cn\/fr\/wp-json\/wp\/v2\/product\/28967\/revisions"}],"predecessor-version":[{"id":29011,"href":"https:\/\/petproducts.com.cn\/fr\/wp-json\/wp\/v2\/product\/28967\/revisions\/29011"}],"wp:featuredmedia":[{"embeddable":true,"href":"https:\/\/petproducts.com.cn\/fr\/wp-json\/wp\/v2\/media\/28998"}],"wp:attachment":[{"href":"https:\/\/petproducts.com.cn\/fr\/wp-json\/wp\/v2\/media?parent=28967"}],"wp:term":[{"taxonomy":"product_brand","embeddable":true,"href":"https:\/\/petproducts.com.cn\/fr\/wp-json\/wp\/v2\/product_brand?post=28967"},{"taxonomy":"product_cat","embeddable":true,"href":"https:\/\/petproducts.com.cn\/fr\/wp-json\/wp\/v2\/product_cat?post=28967"},{"taxonomy":"product_tag","embeddable":true,"href":"https:\/\/petproducts.com.cn\/fr\/wp-json\/wp\/v2\/product_tag?post=28967"}],"curies":[{"name":"wp","href":"https:\/\/api.w.org\/{rel}","templated":true}]}}