{"id":28992,"date":"2024-09-12T01:47:13","date_gmt":"2024-09-12T01:47:13","guid":{"rendered":"https:\/\/petproducts.com.cn\/?post_type=product&#038;p=28992"},"modified":"2024-09-20T08:59:13","modified_gmt":"2024-09-20T08:59:13","slug":"dog-christmas-toy-set-4-pieces-pet-dog-toy-gift-pack","status":"publish","type":"product","link":"https:\/\/petproducts.com.cn\/fr\/product\/dog-christmas-toy-set-4-pieces-pet-dog-toy-gift-pack\/","title":{"rendered":"Coffret de jouets de No\u00ebl pour chien 4 pi\u00e8ces Coffret cadeau de jouets pour chien"},"content":{"rendered":"<h2><strong>Caract\u00e9ristiques de l'ensemble de jouets de No\u00ebl pour chiens<\/strong><\/h2>\n<ul>\n<li><strong>4 en 1 pour les f\u00eates de fin d'ann\u00e9e :<\/strong> Ce <em>Set de jouets de No\u00ebl pour chien<\/em> comprend quatre jouets uniques : un jouet en peluche, un jouet \u00e0 m\u00e2cher en vinyle, une balle de tennis et une balle en corde. Chaque article est con\u00e7u pour apporter de la vari\u00e9t\u00e9 aux moments de jeu de votre chien, afin de l'occuper et de le divertir.<\/li>\n<li><strong>Jouet en peluche pour se blottir :<\/strong> Cette peluche douce et c\u00e2line est parfaite pour que votre chien se blottisse contre elle pendant les froides nuits d'hiver. Son design festif ajoute une joyeuse touche de No\u00ebl \u00e0 la collection de votre animal, et gr\u00e2ce \u00e0 sa mati\u00e8re douce, votre chien se sentira r\u00e9confort\u00e9.<\/li>\n<li><strong>Jouet \u00e0 m\u00e2cher en vinyle durable :<\/strong> Ce jouet \u00e0 m\u00e2cher en vinyle offre une exp\u00e9rience de mastication durable aux chiens qui aiment ronger. Son mat\u00e9riau durable permet de satisfaire les instincts naturels de mastication de votre chien, de r\u00e9duire l'ennui et de favoriser la sant\u00e9 des dents.<\/li>\n<li><strong>Boule de corde interactive :<\/strong> Avec la balle en corde incluse, vous pouvez vous amuser \u00e0 tirer et \u00e0 aller chercher avec votre animal de compagnie. La conception robuste de la corde permet au jouet de r\u00e9sister aux jeux \u00e9nergiques, tout en aidant \u00e0 nettoyer les dents et les gencives de votre chien.<\/li>\n<li><strong>Balle de tennis rebondissante :<\/strong> L'ensemble comprend \u00e9galement une balle de tennis \u00e0 fort rebond, id\u00e9ale pour lancer et aller chercher. Son design lumineux permet \u00e0 votre chien de la rep\u00e9rer facilement lorsqu'il joue \u00e0 l'ext\u00e9rieur, ce qui ajoute une touche d'amusement suppl\u00e9mentaire \u00e0 sa routine d'exercice.<\/li>\n<\/ul>\n<p style=\"text-align: center;\"><em><strong>Pour plus d'informations <a href=\"https:\/\/petproducts.com.cn\/fr\/wholesale-dog-toys\/\">jouets pour chiens<\/a>, s&#039;il te pla\u00eet <a href=\"https:\/\/petproducts.com.cn\/fr\/nous-contacter\/\">Contactez-nous<\/a>!<\/strong><\/em><\/p>","protected":false},"excerpt":{"rendered":"<p>4 en 1 pour s'amuser pendant les f\u00eates : Cet ensemble de jouets de No\u00ebl pour chien comprend quatre jouets uniques : une peluche, un jouet \u00e0 m\u00e2cher en vinyle, une balle de tennis et une balle en corde. Chaque article est con\u00e7u pour apporter de la vari\u00e9t\u00e9 aux moments de jeu de votre chien, afin qu'il reste occup\u00e9 et diverti.<\/p>","protected":false},"featured_media":29005,"template":"","meta":{"_acf_changed":false},"product_brand":[],"product_cat":[72,48],"product_tag":[235,247,196,195],"class_list":{"0":"post-28992","1":"product","2":"type-product","3":"status-publish","4":"has-post-thumbnail","6":"product_cat-dog-supplies","7":"product_cat-dog-toys","8":"product_tag-christmas-pet-supplies","9":"product_tag-christmas-pet-toys","10":"product_tag-dog-supplies-set","11":"product_tag-dog-toys-set","13":"first","14":"instock","15":"shipping-taxable","16":"product-type-simple"},"acf":[],"yoast_head":"<!-- This site is optimized with the Yoast SEO plugin v27.1.1 - https:\/\/yoast.com\/product\/yoast-seo-wordpress\/ -->\n<title>Dog Christmas Toy Set | Dog Toy Gift Pack Manufacturer - Petstar<\/title>\n<meta name=\"description\" content=\"Explore Dog Christmas Toy Set from the pet product supplier. Petstar is a global pet products manufacturer. Your ideal business solution with Petstar.\" \/>\n<meta name=\"robots\" content=\"index, follow, max-snippet:-1, max-image-preview:large, max-video-preview:-1\" \/>\n<link rel=\"canonical\" href=\"https:\/\/petproducts.com.cn\/fr\/produit\/dog-christmas-toy-set-4-pieces-pet-dog-toy-gift-pack\/\" \/>\n<meta property=\"og:locale\" content=\"fr_FR\" \/>\n<meta property=\"og:type\" content=\"article\" \/>\n<meta property=\"og:title\" content=\"Dog Christmas Toy Set | Dog Toy Gift Pack Manufacturer - Petstar\" \/>\n<meta property=\"og:description\" content=\"Explore Dog Christmas Toy Set from the pet product supplier. Petstar is a global pet products manufacturer. Your ideal business solution with Petstar.\" \/>\n<meta property=\"og:url\" content=\"https:\/\/petproducts.com.cn\/fr\/produit\/dog-christmas-toy-set-4-pieces-pet-dog-toy-gift-pack\/\" \/>\n<meta property=\"og:site_name\" content=\"Petstar\" \/>\n<meta property=\"article:modified_time\" content=\"2024-09-20T08:59:13+00:00\" \/>\n<meta property=\"og:image\" content=\"https:\/\/petproducts.com.cn\/wp-content\/uploads\/2024\/09\/Dog-Christmas-Toy-Set.webp\" \/>\n\t<meta property=\"og:image:width\" content=\"1000\" \/>\n\t<meta property=\"og:image:height\" content=\"1000\" \/>\n\t<meta property=\"og:image:type\" content=\"image\/webp\" \/>\n<meta name=\"twitter:card\" content=\"summary_large_image\" \/>\n<meta name=\"twitter:label1\" content=\"Dur\u00e9e de lecture estim\u00e9e\" \/>\n\t<meta name=\"twitter:data1\" content=\"2 minutes\" \/>\n<script type=\"application\/ld+json\" class=\"yoast-schema-graph\">{\"@context\":\"https:\/\/schema.org\",\"@graph\":[{\"@type\":\"WebPage\",\"@id\":\"https:\/\/petproducts.com.cn\/product\/dog-christmas-toy-set-4-pieces-pet-dog-toy-gift-pack\/\",\"url\":\"https:\/\/petproducts.com.cn\/product\/dog-christmas-toy-set-4-pieces-pet-dog-toy-gift-pack\/\",\"name\":\"Dog Christmas Toy Set | Dog Toy Gift Pack Manufacturer - Petstar\",\"isPartOf\":{\"@id\":\"https:\/\/petproducts.com.cn\/#website\"},\"primaryImageOfPage\":{\"@id\":\"https:\/\/petproducts.com.cn\/product\/dog-christmas-toy-set-4-pieces-pet-dog-toy-gift-pack\/#primaryimage\"},\"image\":{\"@id\":\"https:\/\/petproducts.com.cn\/product\/dog-christmas-toy-set-4-pieces-pet-dog-toy-gift-pack\/#primaryimage\"},\"thumbnailUrl\":\"https:\/\/petproducts.com.cn\/wp-content\/uploads\/2024\/09\/Dog-Christmas-Toy-Set.webp\",\"datePublished\":\"2024-09-12T01:47:13+00:00\",\"dateModified\":\"2024-09-20T08:59:13+00:00\",\"description\":\"Explore Dog Christmas Toy Set from the pet product supplier. Petstar is a global pet products manufacturer. Your ideal business solution with Petstar.\",\"breadcrumb\":{\"@id\":\"https:\/\/petproducts.com.cn\/product\/dog-christmas-toy-set-4-pieces-pet-dog-toy-gift-pack\/#breadcrumb\"},\"inLanguage\":\"fr-FR\",\"potentialAction\":[{\"@type\":\"ReadAction\",\"target\":[\"https:\/\/petproducts.com.cn\/product\/dog-christmas-toy-set-4-pieces-pet-dog-toy-gift-pack\/\"]}]},{\"@type\":\"ImageObject\",\"inLanguage\":\"fr-FR\",\"@id\":\"https:\/\/petproducts.com.cn\/product\/dog-christmas-toy-set-4-pieces-pet-dog-toy-gift-pack\/#primaryimage\",\"url\":\"https:\/\/petproducts.com.cn\/wp-content\/uploads\/2024\/09\/Dog-Christmas-Toy-Set.webp\",\"contentUrl\":\"https:\/\/petproducts.com.cn\/wp-content\/uploads\/2024\/09\/Dog-Christmas-Toy-Set.webp\",\"width\":1000,\"height\":1000,\"caption\":\"Dog Christmas Toy Set\"},{\"@type\":\"BreadcrumbList\",\"@id\":\"https:\/\/petproducts.com.cn\/product\/dog-christmas-toy-set-4-pieces-pet-dog-toy-gift-pack\/#breadcrumb\",\"itemListElement\":[{\"@type\":\"ListItem\",\"position\":1,\"name\":\"HOME\",\"item\":\"https:\/\/petproducts.com.cn\/\"},{\"@type\":\"ListItem\",\"position\":2,\"name\":\"Products\",\"item\":\"https:\/\/petproducts.com.cn\/shop\/\"},{\"@type\":\"ListItem\",\"position\":3,\"name\":\"Dog Toys\",\"item\":\"https:\/\/petproducts.com.cn\/product-category\/dog-toys\/\"},{\"@type\":\"ListItem\",\"position\":4,\"name\":\"Dog Christmas Toy Set 4 Pieces Pet Dog Toy Gift Pack\"}]},{\"@type\":\"WebSite\",\"@id\":\"https:\/\/petproducts.com.cn\/#website\",\"url\":\"https:\/\/petproducts.com.cn\/\",\"name\":\"Petstar\",\"description\":\"Leading Pet Supplies Manufacturer &amp; OEM Pet Products Supplier\",\"publisher\":{\"@id\":\"https:\/\/petproducts.com.cn\/#organization\"},\"alternateName\":\"Petstar Pet Supplies\",\"potentialAction\":[{\"@type\":\"SearchAction\",\"target\":{\"@type\":\"EntryPoint\",\"urlTemplate\":\"https:\/\/petproducts.com.cn\/?s={search_term_string}\"},\"query-input\":{\"@type\":\"PropertyValueSpecification\",\"valueRequired\":true,\"valueName\":\"search_term_string\"}}],\"inLanguage\":\"fr-FR\"},{\"@type\":\"Organization\",\"@id\":\"https:\/\/petproducts.com.cn\/#organization\",\"name\":\"Petstar\",\"url\":\"https:\/\/petproducts.com.cn\/\",\"logo\":{\"@type\":\"ImageObject\",\"inLanguage\":\"fr-FR\",\"@id\":\"https:\/\/petproducts.com.cn\/#\/schema\/logo\/image\/\",\"url\":\"https:\/\/petproducts.com.cn\/wp-content\/uploads\/2020\/02\/petstar-logo.webp\",\"contentUrl\":\"https:\/\/petproducts.com.cn\/wp-content\/uploads\/2020\/02\/petstar-logo.webp\",\"width\":779,\"height\":520,\"caption\":\"Petstar\"},\"image\":{\"@id\":\"https:\/\/petproducts.com.cn\/#\/schema\/logo\/image\/\"}}]}<\/script>\n<!-- \/ Yoast SEO plugin. -->","yoast_head_json":{"title":"Jouet de No\u00ebl pour chien | Jouet de No\u00ebl pour chien - Petstar","description":"D\u00e9couvrez l'ensemble de jouets de No\u00ebl pour chien du fournisseur de produits pour animaux de compagnie. Petstar est un fabricant mondial de produits pour animaux de compagnie. Votre solution commerciale id\u00e9ale avec Petstar.","robots":{"index":"index","follow":"follow","max-snippet":"max-snippet:-1","max-image-preview":"max-image-preview:large","max-video-preview":"max-video-preview:-1"},"canonical":"https:\/\/petproducts.com.cn\/fr\/produit\/dog-christmas-toy-set-4-pieces-pet-dog-toy-gift-pack\/","og_locale":"fr_FR","og_type":"article","og_title":"Dog Christmas Toy Set | Dog Toy Gift Pack Manufacturer - Petstar","og_description":"Explore Dog Christmas Toy Set from the pet product supplier. Petstar is a global pet products manufacturer. Your ideal business solution with Petstar.","og_url":"https:\/\/petproducts.com.cn\/fr\/produit\/dog-christmas-toy-set-4-pieces-pet-dog-toy-gift-pack\/","og_site_name":"Petstar","article_modified_time":"2024-09-20T08:59:13+00:00","og_image":[{"width":1000,"height":1000,"url":"https:\/\/petproducts.com.cn\/wp-content\/uploads\/2024\/09\/Dog-Christmas-Toy-Set.webp","type":"image\/webp"}],"twitter_card":"summary_large_image","twitter_misc":{"Dur\u00e9e de lecture estim\u00e9e":"2 minutes"},"schema":{"@context":"https:\/\/schema.org","@graph":[{"@type":"WebPage","@id":"https:\/\/petproducts.com.cn\/product\/dog-christmas-toy-set-4-pieces-pet-dog-toy-gift-pack\/","url":"https:\/\/petproducts.com.cn\/product\/dog-christmas-toy-set-4-pieces-pet-dog-toy-gift-pack\/","name":"Jouet de No\u00ebl pour chien | Jouet de No\u00ebl pour chien - Petstar","isPartOf":{"@id":"https:\/\/petproducts.com.cn\/#website"},"primaryImageOfPage":{"@id":"https:\/\/petproducts.com.cn\/product\/dog-christmas-toy-set-4-pieces-pet-dog-toy-gift-pack\/#primaryimage"},"image":{"@id":"https:\/\/petproducts.com.cn\/product\/dog-christmas-toy-set-4-pieces-pet-dog-toy-gift-pack\/#primaryimage"},"thumbnailUrl":"https:\/\/petproducts.com.cn\/wp-content\/uploads\/2024\/09\/Dog-Christmas-Toy-Set.webp","datePublished":"2024-09-12T01:47:13+00:00","dateModified":"2024-09-20T08:59:13+00:00","description":"D\u00e9couvrez l'ensemble de jouets de No\u00ebl pour chien du fournisseur de produits pour animaux de compagnie. Petstar est un fabricant mondial de produits pour animaux de compagnie. Votre solution commerciale id\u00e9ale avec Petstar.","breadcrumb":{"@id":"https:\/\/petproducts.com.cn\/product\/dog-christmas-toy-set-4-pieces-pet-dog-toy-gift-pack\/#breadcrumb"},"inLanguage":"fr-FR","potentialAction":[{"@type":"ReadAction","target":["https:\/\/petproducts.com.cn\/product\/dog-christmas-toy-set-4-pieces-pet-dog-toy-gift-pack\/"]}]},{"@type":"ImageObject","inLanguage":"fr-FR","@id":"https:\/\/petproducts.com.cn\/product\/dog-christmas-toy-set-4-pieces-pet-dog-toy-gift-pack\/#primaryimage","url":"https:\/\/petproducts.com.cn\/wp-content\/uploads\/2024\/09\/Dog-Christmas-Toy-Set.webp","contentUrl":"https:\/\/petproducts.com.cn\/wp-content\/uploads\/2024\/09\/Dog-Christmas-Toy-Set.webp","width":1000,"height":1000,"caption":"Dog Christmas Toy Set"},{"@type":"BreadcrumbList","@id":"https:\/\/petproducts.com.cn\/product\/dog-christmas-toy-set-4-pieces-pet-dog-toy-gift-pack\/#breadcrumb","itemListElement":[{"@type":"ListItem","position":1,"name":"HOME","item":"https:\/\/petproducts.com.cn\/"},{"@type":"ListItem","position":2,"name":"Products","item":"https:\/\/petproducts.com.cn\/shop\/"},{"@type":"ListItem","position":3,"name":"Dog Toys","item":"https:\/\/petproducts.com.cn\/product-category\/dog-toys\/"},{"@type":"ListItem","position":4,"name":"Dog Christmas Toy Set 4 Pieces Pet Dog Toy Gift Pack"}]},{"@type":"WebSite","@id":"https:\/\/petproducts.com.cn\/#website","url":"https:\/\/petproducts.com.cn\/","name":"Petstar","description":"Fabricant leader de fournitures pour animaux de compagnie et fournisseur OEM de produits pour animaux de compagnie","publisher":{"@id":"https:\/\/petproducts.com.cn\/#organization"},"alternateName":"Petstar Pet Supplies","potentialAction":[{"@type":"SearchAction","target":{"@type":"EntryPoint","urlTemplate":"https:\/\/petproducts.com.cn\/?s={search_term_string}"},"query-input":{"@type":"PropertyValueSpecification","valueRequired":true,"valueName":"search_term_string"}}],"inLanguage":"fr-FR"},{"@type":"Organization","@id":"https:\/\/petproducts.com.cn\/#organization","name":"Petstar","url":"https:\/\/petproducts.com.cn\/","logo":{"@type":"ImageObject","inLanguage":"fr-FR","@id":"https:\/\/petproducts.com.cn\/#\/schema\/logo\/image\/","url":"https:\/\/petproducts.com.cn\/wp-content\/uploads\/2020\/02\/petstar-logo.webp","contentUrl":"https:\/\/petproducts.com.cn\/wp-content\/uploads\/2020\/02\/petstar-logo.webp","width":779,"height":520,"caption":"Petstar"},"image":{"@id":"https:\/\/petproducts.com.cn\/#\/schema\/logo\/image\/"}}]}},"_links":{"self":[{"href":"https:\/\/petproducts.com.cn\/fr\/wp-json\/wp\/v2\/product\/28992","targetHints":{"allow":["GET"]}}],"collection":[{"href":"https:\/\/petproducts.com.cn\/fr\/wp-json\/wp\/v2\/product"}],"about":[{"href":"https:\/\/petproducts.com.cn\/fr\/wp-json\/wp\/v2\/types\/product"}],"version-history":[{"count":2,"href":"https:\/\/petproducts.com.cn\/fr\/wp-json\/wp\/v2\/product\/28992\/revisions"}],"predecessor-version":[{"id":29010,"href":"https:\/\/petproducts.com.cn\/fr\/wp-json\/wp\/v2\/product\/28992\/revisions\/29010"}],"wp:featuredmedia":[{"embeddable":true,"href":"https:\/\/petproducts.com.cn\/fr\/wp-json\/wp\/v2\/media\/29005"}],"wp:attachment":[{"href":"https:\/\/petproducts.com.cn\/fr\/wp-json\/wp\/v2\/media?parent=28992"}],"wp:term":[{"taxonomy":"product_brand","embeddable":true,"href":"https:\/\/petproducts.com.cn\/fr\/wp-json\/wp\/v2\/product_brand?post=28992"},{"taxonomy":"product_cat","embeddable":true,"href":"https:\/\/petproducts.com.cn\/fr\/wp-json\/wp\/v2\/product_cat?post=28992"},{"taxonomy":"product_tag","embeddable":true,"href":"https:\/\/petproducts.com.cn\/fr\/wp-json\/wp\/v2\/product_tag?post=28992"}],"curies":[{"name":"wp","href":"https:\/\/api.w.org\/{rel}","templated":true}]}}