{"id":29057,"date":"2024-09-13T01:55:42","date_gmt":"2024-09-13T01:55:42","guid":{"rendered":"https:\/\/petproducts.com.cn\/?post_type=product&#038;p=29057"},"modified":"2024-09-20T08:59:11","modified_gmt":"2024-09-20T08:59:11","slug":"christmas-dog-toy-box-4-pcs-pet-gift-pack-hot-dog-toy-set","status":"publish","type":"product","link":"https:\/\/petproducts.com.cn\/fr\/product\/christmas-dog-toy-box-4-pcs-pet-gift-pack-hot-dog-toy-set\/","title":{"rendered":"Coffret de jouets de No\u00ebl pour chien Coffret cadeau pour animaux de compagnie 4 pi\u00e8ces Ensemble de jouets pour hot-dog"},"content":{"rendered":"<h2><strong>Caract\u00e9ristiques de la bo\u00eete \u00e0 jouets de No\u00ebl pour chiens<\/strong><\/h2>\n<ul>\n<li><strong>Ensemble complet de 4 pi\u00e8ces :<\/strong> Ce <em>Coffre \u00e0 jouets de No\u00ebl pour chiens<\/em> comprend quatre jouets diff\u00e9rents : un jouet en peluche, un jouet en vinyle durable, une balle de tennis rebondissante et un jouet en corde de coton. Ces jouets sont con\u00e7us pour offrir de la vari\u00e9t\u00e9 et de l'excitation, afin de divertir votre chien pendant les f\u00eates de fin d'ann\u00e9e.<\/li>\n<li><strong>Jouet en peluche festif :<\/strong> Ce jouet en peluche est parfait pour les c\u00e2lins et les jeux l\u00e9gers. Son design festif sur le th\u00e8me de No\u00ebl ajoute une note joyeuse \u00e0 la collection de jouets de votre chien, tandis que sa texture douce assure le confort et les c\u00e2lins pendant les moments de jeu.<\/li>\n<li><strong>Jouet \u00e0 m\u00e2cher en vinyle durable :<\/strong> Vous obtenez un jouet en vinyle r\u00e9sistant, parfait pour les chiens qui aiment m\u00e2cher. Le mat\u00e9riau est durable, ce qui garantit un jeu de longue dur\u00e9e. Ce jouet contribue \u00e0 la sant\u00e9 des dents tout en permettant \u00e0 votre chien d'exprimer son instinct naturel de m\u00e2cheur.<\/li>\n<li><strong>Balle de tennis rebondissante :<\/strong> La balle de tennis de ce set est parfaite pour les jeux d'approche, \u00e0 l'int\u00e9rieur comme \u00e0 l'ext\u00e9rieur. Son design lumineux la rend facile \u00e0 rep\u00e9rer, tandis que son rebond \u00e9lev\u00e9 incitera votre chien \u00e0 la poursuivre pendant des heures, ce qui lui procurera une excellente activit\u00e9 physique.<\/li>\n<li><strong>Jouet en corde de coton tr\u00e8s amusant :<\/strong> Le jouet en corde de coton est id\u00e9al pour les parties de tir \u00e0 la corde ou les s\u00e9ances de jeu interactives. La corde robuste aide \u00e0 garder les dents de votre chien propres en favorisant une mastication saine et est id\u00e9ale pour cr\u00e9er des liens par le jeu.<\/li>\n<li><strong>Paquet cadeau id\u00e9al pour les f\u00eates de fin d'ann\u00e9e :<\/strong> Ce <em>Set de jouets Hot Dog<\/em> est soigneusement s\u00e9lectionn\u00e9 pour allier plaisir et utilit\u00e9. Chaque jouet offre quelque chose de diff\u00e9rent, ce qui en fait le paquet cadeau id\u00e9al pour garder votre chien physiquement actif et mentalement stimul\u00e9 pendant les vacances.<\/li>\n<\/ul>\n<p style=\"text-align: center;\"><em><strong>Pour plus d'informations <a href=\"https:\/\/petproducts.com.cn\/fr\/wholesale-dog-toys\/\">jouets pour chiens<\/a>, s&#039;il te pla\u00eet <a href=\"https:\/\/petproducts.com.cn\/fr\/nous-contacter\/\">Contactez-nous<\/a>!<\/strong><\/em><\/p>","protected":false},"excerpt":{"rendered":"<p>Faites en sorte que les f\u00eates de fin d'ann\u00e9e de votre chien soient exceptionnelles gr\u00e2ce \u00e0 la <em>Coffre \u00e0 jouets de No\u00ebl pour chiens<\/em>L'ensemble de 4 pi\u00e8ces comprend des jouets en peluche, en vinyle et en corde, ce qui permet de s'amuser et de s'engager sans fin.<\/p>","protected":false},"featured_media":29060,"template":"","meta":{"_acf_changed":false},"product_brand":[],"product_cat":[72,48],"product_tag":[235,247,196,195],"class_list":{"0":"post-29057","1":"product","2":"type-product","3":"status-publish","4":"has-post-thumbnail","6":"product_cat-dog-supplies","7":"product_cat-dog-toys","8":"product_tag-christmas-pet-supplies","9":"product_tag-christmas-pet-toys","10":"product_tag-dog-supplies-set","11":"product_tag-dog-toys-set","13":"first","14":"instock","15":"shipping-taxable","16":"product-type-simple"},"acf":[],"yoast_head":"<!-- This site is optimized with the Yoast SEO plugin v27.1.1 - https:\/\/yoast.com\/product\/yoast-seo-wordpress\/ -->\n<title>Christmas Dog Toy Box | Hot Dog Toy Set Manufacturer - Petstar<\/title>\n<meta name=\"description\" content=\"Explore Christmas Dog Toy Box from the pet product supplier. Petstar is a global pet products manufacturer. Your ideal business solution with Petstar.\" \/>\n<meta name=\"robots\" content=\"index, follow, max-snippet:-1, max-image-preview:large, max-video-preview:-1\" \/>\n<link rel=\"canonical\" href=\"https:\/\/petproducts.com.cn\/fr\/produit\/christmas-dog-toy-box-4-pcs-pet-gift-pack-hot-dog-toy-set\/\" \/>\n<meta property=\"og:locale\" content=\"fr_FR\" \/>\n<meta property=\"og:type\" content=\"article\" \/>\n<meta property=\"og:title\" content=\"Christmas Dog Toy Box | Hot Dog Toy Set Manufacturer - Petstar\" \/>\n<meta property=\"og:description\" content=\"Explore Christmas Dog Toy Box from the pet product supplier. Petstar is a global pet products manufacturer. Your ideal business solution with Petstar.\" \/>\n<meta property=\"og:url\" content=\"https:\/\/petproducts.com.cn\/fr\/produit\/christmas-dog-toy-box-4-pcs-pet-gift-pack-hot-dog-toy-set\/\" \/>\n<meta property=\"og:site_name\" content=\"Petstar\" \/>\n<meta property=\"article:modified_time\" content=\"2024-09-20T08:59:11+00:00\" \/>\n<meta property=\"og:image\" content=\"https:\/\/petproducts.com.cn\/wp-content\/uploads\/2024\/09\/christmas-dog-toy-box.webp\" \/>\n\t<meta property=\"og:image:width\" content=\"1000\" \/>\n\t<meta property=\"og:image:height\" content=\"1000\" \/>\n\t<meta property=\"og:image:type\" content=\"image\/webp\" \/>\n<meta name=\"twitter:card\" content=\"summary_large_image\" \/>\n<meta name=\"twitter:label1\" content=\"Dur\u00e9e de lecture estim\u00e9e\" \/>\n\t<meta name=\"twitter:data1\" content=\"2 minutes\" \/>\n<script type=\"application\/ld+json\" class=\"yoast-schema-graph\">{\"@context\":\"https:\/\/schema.org\",\"@graph\":[{\"@type\":\"WebPage\",\"@id\":\"https:\/\/petproducts.com.cn\/product\/christmas-dog-toy-box-4-pcs-pet-gift-pack-hot-dog-toy-set\/\",\"url\":\"https:\/\/petproducts.com.cn\/product\/christmas-dog-toy-box-4-pcs-pet-gift-pack-hot-dog-toy-set\/\",\"name\":\"Christmas Dog Toy Box | Hot Dog Toy Set Manufacturer - Petstar\",\"isPartOf\":{\"@id\":\"https:\/\/petproducts.com.cn\/#website\"},\"primaryImageOfPage\":{\"@id\":\"https:\/\/petproducts.com.cn\/product\/christmas-dog-toy-box-4-pcs-pet-gift-pack-hot-dog-toy-set\/#primaryimage\"},\"image\":{\"@id\":\"https:\/\/petproducts.com.cn\/product\/christmas-dog-toy-box-4-pcs-pet-gift-pack-hot-dog-toy-set\/#primaryimage\"},\"thumbnailUrl\":\"https:\/\/petproducts.com.cn\/wp-content\/uploads\/2024\/09\/christmas-dog-toy-box.webp\",\"datePublished\":\"2024-09-13T01:55:42+00:00\",\"dateModified\":\"2024-09-20T08:59:11+00:00\",\"description\":\"Explore Christmas Dog Toy Box from the pet product supplier. Petstar is a global pet products manufacturer. Your ideal business solution with Petstar.\",\"breadcrumb\":{\"@id\":\"https:\/\/petproducts.com.cn\/product\/christmas-dog-toy-box-4-pcs-pet-gift-pack-hot-dog-toy-set\/#breadcrumb\"},\"inLanguage\":\"fr-FR\",\"potentialAction\":[{\"@type\":\"ReadAction\",\"target\":[\"https:\/\/petproducts.com.cn\/product\/christmas-dog-toy-box-4-pcs-pet-gift-pack-hot-dog-toy-set\/\"]}]},{\"@type\":\"ImageObject\",\"inLanguage\":\"fr-FR\",\"@id\":\"https:\/\/petproducts.com.cn\/product\/christmas-dog-toy-box-4-pcs-pet-gift-pack-hot-dog-toy-set\/#primaryimage\",\"url\":\"https:\/\/petproducts.com.cn\/wp-content\/uploads\/2024\/09\/christmas-dog-toy-box.webp\",\"contentUrl\":\"https:\/\/petproducts.com.cn\/wp-content\/uploads\/2024\/09\/christmas-dog-toy-box.webp\",\"width\":1000,\"height\":1000,\"caption\":\"christmas dog toy box\"},{\"@type\":\"BreadcrumbList\",\"@id\":\"https:\/\/petproducts.com.cn\/product\/christmas-dog-toy-box-4-pcs-pet-gift-pack-hot-dog-toy-set\/#breadcrumb\",\"itemListElement\":[{\"@type\":\"ListItem\",\"position\":1,\"name\":\"HOME\",\"item\":\"https:\/\/petproducts.com.cn\/\"},{\"@type\":\"ListItem\",\"position\":2,\"name\":\"Products\",\"item\":\"https:\/\/petproducts.com.cn\/shop\/\"},{\"@type\":\"ListItem\",\"position\":3,\"name\":\"Dog Toys\",\"item\":\"https:\/\/petproducts.com.cn\/product-category\/dog-toys\/\"},{\"@type\":\"ListItem\",\"position\":4,\"name\":\"Christmas Dog Toy Box 4 Pcs Pet Gift Pack Hot Dog Toy Set\"}]},{\"@type\":\"WebSite\",\"@id\":\"https:\/\/petproducts.com.cn\/#website\",\"url\":\"https:\/\/petproducts.com.cn\/\",\"name\":\"Petstar\",\"description\":\"Leading Pet Supplies Manufacturer &amp; OEM Pet Products Supplier\",\"publisher\":{\"@id\":\"https:\/\/petproducts.com.cn\/#organization\"},\"alternateName\":\"Petstar Pet Supplies\",\"potentialAction\":[{\"@type\":\"SearchAction\",\"target\":{\"@type\":\"EntryPoint\",\"urlTemplate\":\"https:\/\/petproducts.com.cn\/?s={search_term_string}\"},\"query-input\":{\"@type\":\"PropertyValueSpecification\",\"valueRequired\":true,\"valueName\":\"search_term_string\"}}],\"inLanguage\":\"fr-FR\"},{\"@type\":\"Organization\",\"@id\":\"https:\/\/petproducts.com.cn\/#organization\",\"name\":\"Petstar\",\"url\":\"https:\/\/petproducts.com.cn\/\",\"logo\":{\"@type\":\"ImageObject\",\"inLanguage\":\"fr-FR\",\"@id\":\"https:\/\/petproducts.com.cn\/#\/schema\/logo\/image\/\",\"url\":\"https:\/\/petproducts.com.cn\/wp-content\/uploads\/2020\/02\/petstar-logo.webp\",\"contentUrl\":\"https:\/\/petproducts.com.cn\/wp-content\/uploads\/2020\/02\/petstar-logo.webp\",\"width\":779,\"height\":520,\"caption\":\"Petstar\"},\"image\":{\"@id\":\"https:\/\/petproducts.com.cn\/#\/schema\/logo\/image\/\"}}]}<\/script>\n<!-- \/ Yoast SEO plugin. -->","yoast_head_json":{"title":"Coffret de jouets de No\u00ebl pour chien - Petstar","description":"D\u00e9couvrez la bo\u00eete \u00e0 jouets de No\u00ebl pour chien du fournisseur de produits pour animaux de compagnie. Petstar est un fabricant mondial de produits pour animaux de compagnie. Votre solution commerciale id\u00e9ale avec Petstar.","robots":{"index":"index","follow":"follow","max-snippet":"max-snippet:-1","max-image-preview":"max-image-preview:large","max-video-preview":"max-video-preview:-1"},"canonical":"https:\/\/petproducts.com.cn\/fr\/produit\/christmas-dog-toy-box-4-pcs-pet-gift-pack-hot-dog-toy-set\/","og_locale":"fr_FR","og_type":"article","og_title":"Christmas Dog Toy Box | Hot Dog Toy Set Manufacturer - Petstar","og_description":"Explore Christmas Dog Toy Box from the pet product supplier. Petstar is a global pet products manufacturer. Your ideal business solution with Petstar.","og_url":"https:\/\/petproducts.com.cn\/fr\/produit\/christmas-dog-toy-box-4-pcs-pet-gift-pack-hot-dog-toy-set\/","og_site_name":"Petstar","article_modified_time":"2024-09-20T08:59:11+00:00","og_image":[{"width":1000,"height":1000,"url":"https:\/\/petproducts.com.cn\/wp-content\/uploads\/2024\/09\/christmas-dog-toy-box.webp","type":"image\/webp"}],"twitter_card":"summary_large_image","twitter_misc":{"Dur\u00e9e de lecture estim\u00e9e":"2 minutes"},"schema":{"@context":"https:\/\/schema.org","@graph":[{"@type":"WebPage","@id":"https:\/\/petproducts.com.cn\/product\/christmas-dog-toy-box-4-pcs-pet-gift-pack-hot-dog-toy-set\/","url":"https:\/\/petproducts.com.cn\/product\/christmas-dog-toy-box-4-pcs-pet-gift-pack-hot-dog-toy-set\/","name":"Coffret de jouets de No\u00ebl pour chien - Petstar","isPartOf":{"@id":"https:\/\/petproducts.com.cn\/#website"},"primaryImageOfPage":{"@id":"https:\/\/petproducts.com.cn\/product\/christmas-dog-toy-box-4-pcs-pet-gift-pack-hot-dog-toy-set\/#primaryimage"},"image":{"@id":"https:\/\/petproducts.com.cn\/product\/christmas-dog-toy-box-4-pcs-pet-gift-pack-hot-dog-toy-set\/#primaryimage"},"thumbnailUrl":"https:\/\/petproducts.com.cn\/wp-content\/uploads\/2024\/09\/christmas-dog-toy-box.webp","datePublished":"2024-09-13T01:55:42+00:00","dateModified":"2024-09-20T08:59:11+00:00","description":"D\u00e9couvrez la bo\u00eete \u00e0 jouets de No\u00ebl pour chien du fournisseur de produits pour animaux de compagnie. Petstar est un fabricant mondial de produits pour animaux de compagnie. Votre solution commerciale id\u00e9ale avec Petstar.","breadcrumb":{"@id":"https:\/\/petproducts.com.cn\/product\/christmas-dog-toy-box-4-pcs-pet-gift-pack-hot-dog-toy-set\/#breadcrumb"},"inLanguage":"fr-FR","potentialAction":[{"@type":"ReadAction","target":["https:\/\/petproducts.com.cn\/product\/christmas-dog-toy-box-4-pcs-pet-gift-pack-hot-dog-toy-set\/"]}]},{"@type":"ImageObject","inLanguage":"fr-FR","@id":"https:\/\/petproducts.com.cn\/product\/christmas-dog-toy-box-4-pcs-pet-gift-pack-hot-dog-toy-set\/#primaryimage","url":"https:\/\/petproducts.com.cn\/wp-content\/uploads\/2024\/09\/christmas-dog-toy-box.webp","contentUrl":"https:\/\/petproducts.com.cn\/wp-content\/uploads\/2024\/09\/christmas-dog-toy-box.webp","width":1000,"height":1000,"caption":"christmas dog toy box"},{"@type":"BreadcrumbList","@id":"https:\/\/petproducts.com.cn\/product\/christmas-dog-toy-box-4-pcs-pet-gift-pack-hot-dog-toy-set\/#breadcrumb","itemListElement":[{"@type":"ListItem","position":1,"name":"HOME","item":"https:\/\/petproducts.com.cn\/"},{"@type":"ListItem","position":2,"name":"Products","item":"https:\/\/petproducts.com.cn\/shop\/"},{"@type":"ListItem","position":3,"name":"Dog Toys","item":"https:\/\/petproducts.com.cn\/product-category\/dog-toys\/"},{"@type":"ListItem","position":4,"name":"Christmas Dog Toy Box 4 Pcs Pet Gift Pack Hot Dog Toy Set"}]},{"@type":"WebSite","@id":"https:\/\/petproducts.com.cn\/#website","url":"https:\/\/petproducts.com.cn\/","name":"Petstar","description":"Fabricant leader de fournitures pour animaux de compagnie et fournisseur OEM de produits pour animaux de compagnie","publisher":{"@id":"https:\/\/petproducts.com.cn\/#organization"},"alternateName":"Petstar Pet Supplies","potentialAction":[{"@type":"SearchAction","target":{"@type":"EntryPoint","urlTemplate":"https:\/\/petproducts.com.cn\/?s={search_term_string}"},"query-input":{"@type":"PropertyValueSpecification","valueRequired":true,"valueName":"search_term_string"}}],"inLanguage":"fr-FR"},{"@type":"Organization","@id":"https:\/\/petproducts.com.cn\/#organization","name":"Petstar","url":"https:\/\/petproducts.com.cn\/","logo":{"@type":"ImageObject","inLanguage":"fr-FR","@id":"https:\/\/petproducts.com.cn\/#\/schema\/logo\/image\/","url":"https:\/\/petproducts.com.cn\/wp-content\/uploads\/2020\/02\/petstar-logo.webp","contentUrl":"https:\/\/petproducts.com.cn\/wp-content\/uploads\/2020\/02\/petstar-logo.webp","width":779,"height":520,"caption":"Petstar"},"image":{"@id":"https:\/\/petproducts.com.cn\/#\/schema\/logo\/image\/"}}]}},"_links":{"self":[{"href":"https:\/\/petproducts.com.cn\/fr\/wp-json\/wp\/v2\/product\/29057","targetHints":{"allow":["GET"]}}],"collection":[{"href":"https:\/\/petproducts.com.cn\/fr\/wp-json\/wp\/v2\/product"}],"about":[{"href":"https:\/\/petproducts.com.cn\/fr\/wp-json\/wp\/v2\/types\/product"}],"version-history":[{"count":1,"href":"https:\/\/petproducts.com.cn\/fr\/wp-json\/wp\/v2\/product\/29057\/revisions"}],"predecessor-version":[{"id":29064,"href":"https:\/\/petproducts.com.cn\/fr\/wp-json\/wp\/v2\/product\/29057\/revisions\/29064"}],"wp:featuredmedia":[{"embeddable":true,"href":"https:\/\/petproducts.com.cn\/fr\/wp-json\/wp\/v2\/media\/29060"}],"wp:attachment":[{"href":"https:\/\/petproducts.com.cn\/fr\/wp-json\/wp\/v2\/media?parent=29057"}],"wp:term":[{"taxonomy":"product_brand","embeddable":true,"href":"https:\/\/petproducts.com.cn\/fr\/wp-json\/wp\/v2\/product_brand?post=29057"},{"taxonomy":"product_cat","embeddable":true,"href":"https:\/\/petproducts.com.cn\/fr\/wp-json\/wp\/v2\/product_cat?post=29057"},{"taxonomy":"product_tag","embeddable":true,"href":"https:\/\/petproducts.com.cn\/fr\/wp-json\/wp\/v2\/product_tag?post=29057"}],"curies":[{"name":"wp","href":"https:\/\/api.w.org\/{rel}","templated":true}]}}