{"id":29065,"date":"2024-09-13T05:38:46","date_gmt":"2024-09-13T05:38:46","guid":{"rendered":"https:\/\/petproducts.com.cn\/?post_type=product&#038;p=29065"},"modified":"2024-09-13T06:45:35","modified_gmt":"2024-09-13T06:45:35","slug":"christmas-cat-toy-12-pcs-pet-pack-plush-play-ball-cat-toy-gift-set","status":"publish","type":"product","link":"https:\/\/petproducts.com.cn\/fr\/product\/christmas-cat-toy-12-pcs-pet-pack-plush-play-ball-cat-toy-gift-set\/","title":{"rendered":"Lot de 12 jouets de No\u00ebl pour chat - Balle de jeu en peluche pour animal de compagnie - Coffret cadeau"},"content":{"rendered":"<h2><strong>Caract\u00e9ristiques du jouet de No\u00ebl pour chat<\/strong><\/h2>\n<ul>\n<li><strong>Ensemble de 12 jouets de No\u00ebl pour chats :<\/strong> Cet ouvrage complet <em>Jouet de No\u00ebl pour chat<\/em> L'ensemble comprend 16 jouets diff\u00e9rents pour garder votre chat occup\u00e9 et actif. Avec une vari\u00e9t\u00e9 de textures et de styles de jeu, votre chat s'amusera sans fin pendant les f\u00eates de fin d'ann\u00e9e.<\/li>\n<li><strong>Jouets en peluche pour les c\u00e2lins :<\/strong> Les peluches de ce set sont parfaites pour que votre chat s'y blottisse ou s'y \u00e9batte. Ces jouets sont doux pour les pattes de votre chat et lui procurent du confort tout en l'encourageant \u00e0 jouer. Leurs motifs festifs ajoutent une touche saisonni\u00e8re \u00e0 la collection de jouets de votre chat.<\/li>\n<li><strong>Jouet interactif \u00e0 baguette :<\/strong> L'ensemble comprend une baguette interactive, id\u00e9ale pour cr\u00e9er des liens avec votre chat et le divertir. Les accessoires en plumes et en peluche situ\u00e9s \u00e0 l'extr\u00e9mit\u00e9 de la baguette \u00e9veilleront les instincts naturels de chasse de votre chat et lui offriront des heures de jeu actif.<\/li>\n<li><strong>Jouets en peluche impr\u00e9gn\u00e9s d'herbe \u00e0 chat :<\/strong> Certains des jouets en peluche de ce set sont remplis d'herbe \u00e0 chat, ce qui les rend irr\u00e9sistibles pour votre ami f\u00e9lin. L'odeur de l'herbe \u00e0 chat stimule le comportement ludique de votre chat, qui reste intrigu\u00e9 et \u00e9nergique.<\/li>\n<li><strong>Boules de jeu assorties :<\/strong> Votre chat va adorer la grande vari\u00e9t\u00e9 de balles de jeu de cet ensemble, y compris les balles en peluche, les balles froiss\u00e9es, les balles \u00e0 clochettes en plastique et les balles en fil. Ces balles offrent une grande vari\u00e9t\u00e9 de textures et de sons, ce qui permet \u00e0 votre chat de rester curieux et de se divertir. Les boules froiss\u00e9es \u00e9mettent des bruits satisfaisants, tandis que les boules \u00e0 clochettes tintent \u00e0 chaque mouvement.<\/li>\n<li><strong>Design festif pour les f\u00eates de fin d'ann\u00e9e :<\/strong> Chaque jouet de cette <em>Coffret de jouets pour chats<\/em> Les couleurs et les motifs sur le th\u00e8me de No\u00ebl ajoutent une note festive \u00e0 votre maison. Ces jouets constituent un merveilleux cadeau de No\u00ebl pour votre chat ou l'animal de compagnie d'un ami.<\/li>\n<\/ul>\n<p style=\"text-align: center;\"><em><strong>Pour plus d'informations <a href=\"https:\/\/petproducts.com.cn\/fr\/wholesale-cat-toys\/\">jouets pour chiens<\/a>, s&#039;il te pla\u00eet <a href=\"https:\/\/petproducts.com.cn\/fr\/nous-contacter\/\">Contactez-nous<\/a>!<\/strong><\/em><\/p>","protected":false},"excerpt":{"rendered":"<p>Le <em>Jouet de No\u00ebl pour chat 12 pi\u00e8ces<\/em> est une collection festive de jouets attrayants, comprenant des peluches, des baguettes interactives et une vari\u00e9t\u00e9 de balles amusantes, garantissant un divertissement sans fin \u00e0 votre chat.<\/p>","protected":false},"featured_media":29068,"template":"","meta":{"_acf_changed":false},"product_brand":[],"product_cat":[71,81],"product_tag":[248,235,247],"class_list":{"0":"post-29065","1":"product","2":"type-product","3":"status-publish","4":"has-post-thumbnail","6":"product_cat-cat-supplies","7":"product_cat-cat-toys","8":"product_tag-cat-toys-set","9":"product_tag-christmas-pet-supplies","10":"product_tag-christmas-pet-toys","12":"first","13":"instock","14":"shipping-taxable","15":"product-type-simple"},"acf":[],"yoast_head":"<!-- This site is optimized with the Yoast SEO plugin v27.1.1 - https:\/\/yoast.com\/product\/yoast-seo-wordpress\/ -->\n<title>Christmas Cat Toy | Cat Toy Gift Set Manufacturer - Petstar<\/title>\n<meta name=\"description\" content=\"Explore Christmas Cat Toy from the pet product supplier. Petstar is a global pet products manufacturer. Your ideal business solution with Petstar.\" \/>\n<meta name=\"robots\" content=\"index, follow, max-snippet:-1, max-image-preview:large, max-video-preview:-1\" \/>\n<link rel=\"canonical\" href=\"https:\/\/petproducts.com.cn\/fr\/produit\/christmas-cat-toy-12-pcs-pet-pack-plush-play-ball-cat-toy-gift-set\/\" \/>\n<meta property=\"og:locale\" content=\"fr_FR\" \/>\n<meta property=\"og:type\" content=\"article\" \/>\n<meta property=\"og:title\" content=\"Christmas Cat Toy | Cat Toy Gift Set Manufacturer - Petstar\" \/>\n<meta property=\"og:description\" content=\"Explore Christmas Cat Toy from the pet product supplier. Petstar is a global pet products manufacturer. Your ideal business solution with Petstar.\" \/>\n<meta property=\"og:url\" content=\"https:\/\/petproducts.com.cn\/fr\/produit\/christmas-cat-toy-12-pcs-pet-pack-plush-play-ball-cat-toy-gift-set\/\" \/>\n<meta property=\"og:site_name\" content=\"Petstar\" \/>\n<meta property=\"article:modified_time\" content=\"2024-09-13T06:45:35+00:00\" \/>\n<meta property=\"og:image\" content=\"https:\/\/petproducts.com.cn\/wp-content\/uploads\/2024\/09\/christmas-cat-toy.webp\" \/>\n\t<meta property=\"og:image:width\" content=\"1000\" \/>\n\t<meta property=\"og:image:height\" content=\"1000\" \/>\n\t<meta property=\"og:image:type\" content=\"image\/webp\" \/>\n<meta name=\"twitter:card\" content=\"summary_large_image\" \/>\n<meta name=\"twitter:label1\" content=\"Dur\u00e9e de lecture estim\u00e9e\" \/>\n\t<meta name=\"twitter:data1\" content=\"2 minutes\" \/>\n<script type=\"application\/ld+json\" class=\"yoast-schema-graph\">{\"@context\":\"https:\/\/schema.org\",\"@graph\":[{\"@type\":\"WebPage\",\"@id\":\"https:\/\/petproducts.com.cn\/product\/christmas-cat-toy-12-pcs-pet-pack-plush-play-ball-cat-toy-gift-set\/\",\"url\":\"https:\/\/petproducts.com.cn\/product\/christmas-cat-toy-12-pcs-pet-pack-plush-play-ball-cat-toy-gift-set\/\",\"name\":\"Christmas Cat Toy | Cat Toy Gift Set Manufacturer - Petstar\",\"isPartOf\":{\"@id\":\"https:\/\/petproducts.com.cn\/#website\"},\"primaryImageOfPage\":{\"@id\":\"https:\/\/petproducts.com.cn\/product\/christmas-cat-toy-12-pcs-pet-pack-plush-play-ball-cat-toy-gift-set\/#primaryimage\"},\"image\":{\"@id\":\"https:\/\/petproducts.com.cn\/product\/christmas-cat-toy-12-pcs-pet-pack-plush-play-ball-cat-toy-gift-set\/#primaryimage\"},\"thumbnailUrl\":\"https:\/\/petproducts.com.cn\/wp-content\/uploads\/2024\/09\/christmas-cat-toy.webp\",\"datePublished\":\"2024-09-13T05:38:46+00:00\",\"dateModified\":\"2024-09-13T06:45:35+00:00\",\"description\":\"Explore Christmas Cat Toy from the pet product supplier. Petstar is a global pet products manufacturer. Your ideal business solution with Petstar.\",\"breadcrumb\":{\"@id\":\"https:\/\/petproducts.com.cn\/product\/christmas-cat-toy-12-pcs-pet-pack-plush-play-ball-cat-toy-gift-set\/#breadcrumb\"},\"inLanguage\":\"fr-FR\",\"potentialAction\":[{\"@type\":\"ReadAction\",\"target\":[\"https:\/\/petproducts.com.cn\/product\/christmas-cat-toy-12-pcs-pet-pack-plush-play-ball-cat-toy-gift-set\/\"]}]},{\"@type\":\"ImageObject\",\"inLanguage\":\"fr-FR\",\"@id\":\"https:\/\/petproducts.com.cn\/product\/christmas-cat-toy-12-pcs-pet-pack-plush-play-ball-cat-toy-gift-set\/#primaryimage\",\"url\":\"https:\/\/petproducts.com.cn\/wp-content\/uploads\/2024\/09\/christmas-cat-toy.webp\",\"contentUrl\":\"https:\/\/petproducts.com.cn\/wp-content\/uploads\/2024\/09\/christmas-cat-toy.webp\",\"width\":1000,\"height\":1000,\"caption\":\"christmas cat toy\"},{\"@type\":\"BreadcrumbList\",\"@id\":\"https:\/\/petproducts.com.cn\/product\/christmas-cat-toy-12-pcs-pet-pack-plush-play-ball-cat-toy-gift-set\/#breadcrumb\",\"itemListElement\":[{\"@type\":\"ListItem\",\"position\":1,\"name\":\"HOME\",\"item\":\"https:\/\/petproducts.com.cn\/\"},{\"@type\":\"ListItem\",\"position\":2,\"name\":\"Products\",\"item\":\"https:\/\/petproducts.com.cn\/shop\/\"},{\"@type\":\"ListItem\",\"position\":3,\"name\":\"Cat Toys\",\"item\":\"https:\/\/petproducts.com.cn\/product-category\/cat-toys\/\"},{\"@type\":\"ListItem\",\"position\":4,\"name\":\"Christmas Cat Toy 12 Pcs Pet Pack Plush Play Ball Cat Toy Gift Set\"}]},{\"@type\":\"WebSite\",\"@id\":\"https:\/\/petproducts.com.cn\/#website\",\"url\":\"https:\/\/petproducts.com.cn\/\",\"name\":\"Petstar\",\"description\":\"Leading Pet Supplies Manufacturer &amp; OEM Pet Products Supplier\",\"publisher\":{\"@id\":\"https:\/\/petproducts.com.cn\/#organization\"},\"alternateName\":\"Petstar Pet Supplies\",\"potentialAction\":[{\"@type\":\"SearchAction\",\"target\":{\"@type\":\"EntryPoint\",\"urlTemplate\":\"https:\/\/petproducts.com.cn\/?s={search_term_string}\"},\"query-input\":{\"@type\":\"PropertyValueSpecification\",\"valueRequired\":true,\"valueName\":\"search_term_string\"}}],\"inLanguage\":\"fr-FR\"},{\"@type\":\"Organization\",\"@id\":\"https:\/\/petproducts.com.cn\/#organization\",\"name\":\"Petstar\",\"url\":\"https:\/\/petproducts.com.cn\/\",\"logo\":{\"@type\":\"ImageObject\",\"inLanguage\":\"fr-FR\",\"@id\":\"https:\/\/petproducts.com.cn\/#\/schema\/logo\/image\/\",\"url\":\"https:\/\/petproducts.com.cn\/wp-content\/uploads\/2020\/02\/petstar-logo.webp\",\"contentUrl\":\"https:\/\/petproducts.com.cn\/wp-content\/uploads\/2020\/02\/petstar-logo.webp\",\"width\":779,\"height\":520,\"caption\":\"Petstar\"},\"image\":{\"@id\":\"https:\/\/petproducts.com.cn\/#\/schema\/logo\/image\/\"}}]}<\/script>\n<!-- \/ Yoast SEO plugin. -->","yoast_head_json":{"title":"Jouet de No\u00ebl pour chat | Set de jouets pour chat fabricant - Petstar","description":"D\u00e9couvrez le jouet de No\u00ebl pour chat du fournisseur de produits pour animaux de compagnie. Petstar est un fabricant mondial de produits pour animaux de compagnie. Votre solution commerciale id\u00e9ale avec Petstar.","robots":{"index":"index","follow":"follow","max-snippet":"max-snippet:-1","max-image-preview":"max-image-preview:large","max-video-preview":"max-video-preview:-1"},"canonical":"https:\/\/petproducts.com.cn\/fr\/produit\/christmas-cat-toy-12-pcs-pet-pack-plush-play-ball-cat-toy-gift-set\/","og_locale":"fr_FR","og_type":"article","og_title":"Christmas Cat Toy | Cat Toy Gift Set Manufacturer - Petstar","og_description":"Explore Christmas Cat Toy from the pet product supplier. Petstar is a global pet products manufacturer. Your ideal business solution with Petstar.","og_url":"https:\/\/petproducts.com.cn\/fr\/produit\/christmas-cat-toy-12-pcs-pet-pack-plush-play-ball-cat-toy-gift-set\/","og_site_name":"Petstar","article_modified_time":"2024-09-13T06:45:35+00:00","og_image":[{"width":1000,"height":1000,"url":"https:\/\/petproducts.com.cn\/wp-content\/uploads\/2024\/09\/christmas-cat-toy.webp","type":"image\/webp"}],"twitter_card":"summary_large_image","twitter_misc":{"Dur\u00e9e de lecture estim\u00e9e":"2 minutes"},"schema":{"@context":"https:\/\/schema.org","@graph":[{"@type":"WebPage","@id":"https:\/\/petproducts.com.cn\/product\/christmas-cat-toy-12-pcs-pet-pack-plush-play-ball-cat-toy-gift-set\/","url":"https:\/\/petproducts.com.cn\/product\/christmas-cat-toy-12-pcs-pet-pack-plush-play-ball-cat-toy-gift-set\/","name":"Jouet de No\u00ebl pour chat | Set de jouets pour chat fabricant - Petstar","isPartOf":{"@id":"https:\/\/petproducts.com.cn\/#website"},"primaryImageOfPage":{"@id":"https:\/\/petproducts.com.cn\/product\/christmas-cat-toy-12-pcs-pet-pack-plush-play-ball-cat-toy-gift-set\/#primaryimage"},"image":{"@id":"https:\/\/petproducts.com.cn\/product\/christmas-cat-toy-12-pcs-pet-pack-plush-play-ball-cat-toy-gift-set\/#primaryimage"},"thumbnailUrl":"https:\/\/petproducts.com.cn\/wp-content\/uploads\/2024\/09\/christmas-cat-toy.webp","datePublished":"2024-09-13T05:38:46+00:00","dateModified":"2024-09-13T06:45:35+00:00","description":"D\u00e9couvrez le jouet de No\u00ebl pour chat du fournisseur de produits pour animaux de compagnie. Petstar est un fabricant mondial de produits pour animaux de compagnie. Votre solution commerciale id\u00e9ale avec Petstar.","breadcrumb":{"@id":"https:\/\/petproducts.com.cn\/product\/christmas-cat-toy-12-pcs-pet-pack-plush-play-ball-cat-toy-gift-set\/#breadcrumb"},"inLanguage":"fr-FR","potentialAction":[{"@type":"ReadAction","target":["https:\/\/petproducts.com.cn\/product\/christmas-cat-toy-12-pcs-pet-pack-plush-play-ball-cat-toy-gift-set\/"]}]},{"@type":"ImageObject","inLanguage":"fr-FR","@id":"https:\/\/petproducts.com.cn\/product\/christmas-cat-toy-12-pcs-pet-pack-plush-play-ball-cat-toy-gift-set\/#primaryimage","url":"https:\/\/petproducts.com.cn\/wp-content\/uploads\/2024\/09\/christmas-cat-toy.webp","contentUrl":"https:\/\/petproducts.com.cn\/wp-content\/uploads\/2024\/09\/christmas-cat-toy.webp","width":1000,"height":1000,"caption":"christmas cat toy"},{"@type":"BreadcrumbList","@id":"https:\/\/petproducts.com.cn\/product\/christmas-cat-toy-12-pcs-pet-pack-plush-play-ball-cat-toy-gift-set\/#breadcrumb","itemListElement":[{"@type":"ListItem","position":1,"name":"HOME","item":"https:\/\/petproducts.com.cn\/"},{"@type":"ListItem","position":2,"name":"Products","item":"https:\/\/petproducts.com.cn\/shop\/"},{"@type":"ListItem","position":3,"name":"Cat Toys","item":"https:\/\/petproducts.com.cn\/product-category\/cat-toys\/"},{"@type":"ListItem","position":4,"name":"Christmas Cat Toy 12 Pcs Pet Pack Plush Play Ball Cat Toy Gift Set"}]},{"@type":"WebSite","@id":"https:\/\/petproducts.com.cn\/#website","url":"https:\/\/petproducts.com.cn\/","name":"Petstar","description":"Fabricant leader de fournitures pour animaux de compagnie et fournisseur OEM de produits pour animaux de compagnie","publisher":{"@id":"https:\/\/petproducts.com.cn\/#organization"},"alternateName":"Petstar Pet Supplies","potentialAction":[{"@type":"SearchAction","target":{"@type":"EntryPoint","urlTemplate":"https:\/\/petproducts.com.cn\/?s={search_term_string}"},"query-input":{"@type":"PropertyValueSpecification","valueRequired":true,"valueName":"search_term_string"}}],"inLanguage":"fr-FR"},{"@type":"Organization","@id":"https:\/\/petproducts.com.cn\/#organization","name":"Petstar","url":"https:\/\/petproducts.com.cn\/","logo":{"@type":"ImageObject","inLanguage":"fr-FR","@id":"https:\/\/petproducts.com.cn\/#\/schema\/logo\/image\/","url":"https:\/\/petproducts.com.cn\/wp-content\/uploads\/2020\/02\/petstar-logo.webp","contentUrl":"https:\/\/petproducts.com.cn\/wp-content\/uploads\/2020\/02\/petstar-logo.webp","width":779,"height":520,"caption":"Petstar"},"image":{"@id":"https:\/\/petproducts.com.cn\/#\/schema\/logo\/image\/"}}]}},"_links":{"self":[{"href":"https:\/\/petproducts.com.cn\/fr\/wp-json\/wp\/v2\/product\/29065","targetHints":{"allow":["GET"]}}],"collection":[{"href":"https:\/\/petproducts.com.cn\/fr\/wp-json\/wp\/v2\/product"}],"about":[{"href":"https:\/\/petproducts.com.cn\/fr\/wp-json\/wp\/v2\/types\/product"}],"version-history":[{"count":3,"href":"https:\/\/petproducts.com.cn\/fr\/wp-json\/wp\/v2\/product\/29065\/revisions"}],"predecessor-version":[{"id":29076,"href":"https:\/\/petproducts.com.cn\/fr\/wp-json\/wp\/v2\/product\/29065\/revisions\/29076"}],"wp:featuredmedia":[{"embeddable":true,"href":"https:\/\/petproducts.com.cn\/fr\/wp-json\/wp\/v2\/media\/29068"}],"wp:attachment":[{"href":"https:\/\/petproducts.com.cn\/fr\/wp-json\/wp\/v2\/media?parent=29065"}],"wp:term":[{"taxonomy":"product_brand","embeddable":true,"href":"https:\/\/petproducts.com.cn\/fr\/wp-json\/wp\/v2\/product_brand?post=29065"},{"taxonomy":"product_cat","embeddable":true,"href":"https:\/\/petproducts.com.cn\/fr\/wp-json\/wp\/v2\/product_cat?post=29065"},{"taxonomy":"product_tag","embeddable":true,"href":"https:\/\/petproducts.com.cn\/fr\/wp-json\/wp\/v2\/product_tag?post=29065"}],"curies":[{"name":"wp","href":"https:\/\/api.w.org\/{rel}","templated":true}]}}