{"id":30244,"date":"2024-11-07T02:10:00","date_gmt":"2024-11-07T02:10:00","guid":{"rendered":"https:\/\/petproducts.com.cn\/?post_type=product&#038;p=30244"},"modified":"2024-11-07T02:31:06","modified_gmt":"2024-11-07T02:31:06","slug":"cat-play-set-toy-ball-pet-gift-pack-interactive-best-cat-kitten-toys","status":"publish","type":"product","link":"https:\/\/petproducts.com.cn\/fr\/product\/cat-play-set-toy-ball-pet-gift-pack-interactive-best-cat-kitten-toys\/","title":{"rendered":"Jeu de Jouet pour Chat Balle Pet Gift Pack Interactive Best Cat Kitten Toys"},"content":{"rendered":"<h2>Caract\u00e9ristiques du jouet Cat Play Set<\/h2>\n<ul>\n<li><strong>Kit de divertissement tout-en-un 15 pi\u00e8ces<\/strong>: Cet ensemble de jeu de valeur comprend une gamme de jouets con\u00e7us pour capter la curiosit\u00e9 de votre chat. Des balles aux jouets \u00e0 froisser, cet assortiment offre un m\u00e9lange vari\u00e9 pour des s\u00e9ances de jeu sans fin.<\/li>\n<li><strong>Des balles interactives pour s'amuser \u00e0 haute \u00e9nergie<\/strong>: Les balles l\u00e9g\u00e8res sont id\u00e9ales pour battre et chasser, aidant votre chat \u00e0 rester actif et lui procurant des heures d'exercice. Leur mouvement encourage les instincts naturels de chasse, ce qui permet \u00e0 votre chat de se divertir et d'\u00eatre en bonne forme physique.<\/li>\n<li><strong>Jouets froiss\u00e9s pour l'\u00e9veil sonore<\/strong>: Les chats adorent le bruit irr\u00e9sistible du froissement, qui \u00e9veille leur curiosit\u00e9 et leur excitation. Ces jouets froiss\u00e9s ajoutent une couche suppl\u00e9mentaire de stimulation sensorielle, rendant chaque session de jeu plus intrigante.<\/li>\n<li><strong>Jouets en peluche pour le confort et le jeu en douceur<\/strong>: Ces jouets en peluche sont parfaits pour les c\u00e2lins et les mordillements doux, offrant \u00e0 votre chat un exutoire s\u00fbr pour les c\u00e2lins et les jeux r\u00e9confortants. Ils sont \u00e9galement doux pour les griffes et les dents.<\/li>\n<li><strong>Jouets en sisal pour souris \u00e0 gratter et \u00e0 mordre<\/strong>: Les souris en sisal durables satisfont les besoins de griffes et de morsures, aidant \u00e0 prot\u00e9ger vos meubles et offrant un exutoire sain pour ces comportements naturels. Parfaites pour simuler une v\u00e9ritable exp\u00e9rience de chasse, ces souris jouets captivent et engagent votre chat.<\/li>\n<li><strong>Mat\u00e9riaux durables et s\u00fbrs<\/strong>: Fabriqu\u00e9 \u00e0 partir de mat\u00e9riaux non toxiques de haute qualit\u00e9, chaque jouet est con\u00e7u pour la s\u00e9curit\u00e9 et le plaisir durable de votre chat. La construction robuste r\u00e9siste aux griffures et aux morsures, garantissant ainsi la long\u00e9vit\u00e9 de ces jouets.<\/li>\n<li><strong>Cadeau id\u00e9al pour les chats de tous \u00e2ges<\/strong>: Que ce soit pour un chaton curieux ou un chat adulte joueur, cet ensemble de jeu est un choix polyvalent. Il constitue un cadeau id\u00e9al pour tout propri\u00e9taire de chat ou une surprise amusante pour votre propre ami \u00e0 fourrure.<\/li>\n<\/ul>\n<p style=\"text-align: center;\"><em><strong>Pour plus d'informations <a href=\"https:\/\/petproducts.com.cn\/fr\/wholesale-cat-toys\/\">jouets pour chats<\/a> &amp; <a href=\"https:\/\/petproducts.com.cn\/fr\/wholesale-dog-toys\/\">jouets pour chiens<\/a>,<\/strong><\/em><em><strong>\u00a0s'il vous pla\u00eet <a href=\"https:\/\/petproducts.com.cn\/fr\/nous-contacter\/\">Contactez-nous<\/a>!<\/strong><\/em><\/p>","protected":false},"excerpt":{"rendered":"<p>Le Cat Play Set Toy Ball 15Pcs est le kit interactif ultime, rempli de jouets attrayants pour apporter de la joie et de l'activit\u00e9 aux moments de jeu de votre chat.<\/p>","protected":false},"featured_media":30251,"template":"","meta":{"_acf_changed":false},"product_brand":[],"product_cat":[71,81],"product_tag":[268,248,230],"class_list":{"0":"post-30244","1":"product","2":"type-product","3":"status-publish","4":"has-post-thumbnail","6":"product_cat-cat-supplies","7":"product_cat-cat-toys","8":"product_tag-cat-ball-toys","9":"product_tag-cat-toys-set","10":"product_tag-interactive-cat-toys","12":"first","13":"instock","14":"shipping-taxable","15":"product-type-simple"},"acf":[],"yoast_head":"<!-- This site is optimized with the Yoast SEO plugin v27.1.1 - https:\/\/yoast.com\/product\/yoast-seo-wordpress\/ -->\n<title>Cat Play Set Toy | Best Cat Kitten Toys Manufacturer- Petstar<\/title>\n<meta name=\"description\" content=\"Explore Cat Play Set Toy from the best pet products supplier. Petstar is a global pet product manufacturer. Your ideal business solution with Petstar.\" \/>\n<meta name=\"robots\" content=\"index, follow, max-snippet:-1, max-image-preview:large, max-video-preview:-1\" \/>\n<link rel=\"canonical\" href=\"https:\/\/petproducts.com.cn\/fr\/produit\/cat-play-set-toy-ball-pet-gift-pack-interactive-best-cat-kitten-toys\/\" \/>\n<meta property=\"og:locale\" content=\"fr_FR\" \/>\n<meta property=\"og:type\" content=\"article\" \/>\n<meta property=\"og:title\" content=\"Cat Play Set Toy | Best Cat Kitten Toys Manufacturer- Petstar\" \/>\n<meta property=\"og:description\" content=\"Explore Cat Play Set Toy from the best pet products supplier. Petstar is a global pet product manufacturer. Your ideal business solution with Petstar.\" \/>\n<meta property=\"og:url\" content=\"https:\/\/petproducts.com.cn\/fr\/produit\/cat-play-set-toy-ball-pet-gift-pack-interactive-best-cat-kitten-toys\/\" \/>\n<meta property=\"og:site_name\" content=\"Petstar\" \/>\n<meta property=\"article:modified_time\" content=\"2024-11-07T02:31:06+00:00\" \/>\n<meta property=\"og:image\" content=\"https:\/\/petproducts.com.cn\/wp-content\/uploads\/2024\/11\/Wholesale-Cat-Play-Set-Toy.webp\" \/>\n\t<meta property=\"og:image:width\" content=\"1000\" \/>\n\t<meta property=\"og:image:height\" content=\"1000\" \/>\n\t<meta property=\"og:image:type\" content=\"image\/webp\" \/>\n<meta name=\"twitter:card\" content=\"summary_large_image\" \/>\n<meta name=\"twitter:label1\" content=\"Dur\u00e9e de lecture estim\u00e9e\" \/>\n\t<meta name=\"twitter:data1\" content=\"2 minutes\" \/>\n<script type=\"application\/ld+json\" class=\"yoast-schema-graph\">{\"@context\":\"https:\/\/schema.org\",\"@graph\":[{\"@type\":\"WebPage\",\"@id\":\"https:\/\/petproducts.com.cn\/product\/cat-play-set-toy-ball-pet-gift-pack-interactive-best-cat-kitten-toys\/\",\"url\":\"https:\/\/petproducts.com.cn\/product\/cat-play-set-toy-ball-pet-gift-pack-interactive-best-cat-kitten-toys\/\",\"name\":\"Cat Play Set Toy | Best Cat Kitten Toys Manufacturer- Petstar\",\"isPartOf\":{\"@id\":\"https:\/\/petproducts.com.cn\/#website\"},\"primaryImageOfPage\":{\"@id\":\"https:\/\/petproducts.com.cn\/product\/cat-play-set-toy-ball-pet-gift-pack-interactive-best-cat-kitten-toys\/#primaryimage\"},\"image\":{\"@id\":\"https:\/\/petproducts.com.cn\/product\/cat-play-set-toy-ball-pet-gift-pack-interactive-best-cat-kitten-toys\/#primaryimage\"},\"thumbnailUrl\":\"https:\/\/petproducts.com.cn\/wp-content\/uploads\/2024\/11\/Wholesale-Cat-Play-Set-Toy.webp\",\"datePublished\":\"2024-11-07T02:10:00+00:00\",\"dateModified\":\"2024-11-07T02:31:06+00:00\",\"description\":\"Explore Cat Play Set Toy from the best pet products supplier. Petstar is a global pet product manufacturer. Your ideal business solution with Petstar.\",\"breadcrumb\":{\"@id\":\"https:\/\/petproducts.com.cn\/product\/cat-play-set-toy-ball-pet-gift-pack-interactive-best-cat-kitten-toys\/#breadcrumb\"},\"inLanguage\":\"fr-FR\",\"potentialAction\":[{\"@type\":\"ReadAction\",\"target\":[\"https:\/\/petproducts.com.cn\/product\/cat-play-set-toy-ball-pet-gift-pack-interactive-best-cat-kitten-toys\/\"]}]},{\"@type\":\"ImageObject\",\"inLanguage\":\"fr-FR\",\"@id\":\"https:\/\/petproducts.com.cn\/product\/cat-play-set-toy-ball-pet-gift-pack-interactive-best-cat-kitten-toys\/#primaryimage\",\"url\":\"https:\/\/petproducts.com.cn\/wp-content\/uploads\/2024\/11\/Wholesale-Cat-Play-Set-Toy.webp\",\"contentUrl\":\"https:\/\/petproducts.com.cn\/wp-content\/uploads\/2024\/11\/Wholesale-Cat-Play-Set-Toy.webp\",\"width\":1000,\"height\":1000,\"caption\":\"Wholesale Cat Play Set Toy\"},{\"@type\":\"BreadcrumbList\",\"@id\":\"https:\/\/petproducts.com.cn\/product\/cat-play-set-toy-ball-pet-gift-pack-interactive-best-cat-kitten-toys\/#breadcrumb\",\"itemListElement\":[{\"@type\":\"ListItem\",\"position\":1,\"name\":\"HOME\",\"item\":\"https:\/\/petproducts.com.cn\/\"},{\"@type\":\"ListItem\",\"position\":2,\"name\":\"Products\",\"item\":\"https:\/\/petproducts.com.cn\/shop\/\"},{\"@type\":\"ListItem\",\"position\":3,\"name\":\"Cat Toys\",\"item\":\"https:\/\/petproducts.com.cn\/product-category\/cat-toys\/\"},{\"@type\":\"ListItem\",\"position\":4,\"name\":\"Cat Play Set Toy Ball Pet Gift Pack Interactive Best Cat Kitten Toys\"}]},{\"@type\":\"WebSite\",\"@id\":\"https:\/\/petproducts.com.cn\/#website\",\"url\":\"https:\/\/petproducts.com.cn\/\",\"name\":\"Petstar\",\"description\":\"Leading Pet Supplies Manufacturer &amp; OEM Pet Products Supplier\",\"publisher\":{\"@id\":\"https:\/\/petproducts.com.cn\/#organization\"},\"alternateName\":\"Petstar Pet Supplies\",\"potentialAction\":[{\"@type\":\"SearchAction\",\"target\":{\"@type\":\"EntryPoint\",\"urlTemplate\":\"https:\/\/petproducts.com.cn\/?s={search_term_string}\"},\"query-input\":{\"@type\":\"PropertyValueSpecification\",\"valueRequired\":true,\"valueName\":\"search_term_string\"}}],\"inLanguage\":\"fr-FR\"},{\"@type\":\"Organization\",\"@id\":\"https:\/\/petproducts.com.cn\/#organization\",\"name\":\"Petstar\",\"url\":\"https:\/\/petproducts.com.cn\/\",\"logo\":{\"@type\":\"ImageObject\",\"inLanguage\":\"fr-FR\",\"@id\":\"https:\/\/petproducts.com.cn\/#\/schema\/logo\/image\/\",\"url\":\"https:\/\/petproducts.com.cn\/wp-content\/uploads\/2020\/02\/petstar-logo.webp\",\"contentUrl\":\"https:\/\/petproducts.com.cn\/wp-content\/uploads\/2020\/02\/petstar-logo.webp\",\"width\":779,\"height\":520,\"caption\":\"Petstar\"},\"image\":{\"@id\":\"https:\/\/petproducts.com.cn\/#\/schema\/logo\/image\/\"}}]}<\/script>\n<!-- \/ Yoast SEO plugin. -->","yoast_head_json":{"title":"Jouet pour chat - Meilleur jouet pour chaton - Petstar","description":"D\u00e9couvrez le jouet Cat Play Set du meilleur fournisseur de produits pour animaux de compagnie. Petstar est un fabricant mondial de produits pour animaux de compagnie. Votre solution commerciale id\u00e9ale avec Petstar.","robots":{"index":"index","follow":"follow","max-snippet":"max-snippet:-1","max-image-preview":"max-image-preview:large","max-video-preview":"max-video-preview:-1"},"canonical":"https:\/\/petproducts.com.cn\/fr\/produit\/cat-play-set-toy-ball-pet-gift-pack-interactive-best-cat-kitten-toys\/","og_locale":"fr_FR","og_type":"article","og_title":"Cat Play Set Toy | Best Cat Kitten Toys Manufacturer- Petstar","og_description":"Explore Cat Play Set Toy from the best pet products supplier. Petstar is a global pet product manufacturer. Your ideal business solution with Petstar.","og_url":"https:\/\/petproducts.com.cn\/fr\/produit\/cat-play-set-toy-ball-pet-gift-pack-interactive-best-cat-kitten-toys\/","og_site_name":"Petstar","article_modified_time":"2024-11-07T02:31:06+00:00","og_image":[{"width":1000,"height":1000,"url":"https:\/\/petproducts.com.cn\/wp-content\/uploads\/2024\/11\/Wholesale-Cat-Play-Set-Toy.webp","type":"image\/webp"}],"twitter_card":"summary_large_image","twitter_misc":{"Dur\u00e9e de lecture estim\u00e9e":"2 minutes"},"schema":{"@context":"https:\/\/schema.org","@graph":[{"@type":"WebPage","@id":"https:\/\/petproducts.com.cn\/product\/cat-play-set-toy-ball-pet-gift-pack-interactive-best-cat-kitten-toys\/","url":"https:\/\/petproducts.com.cn\/product\/cat-play-set-toy-ball-pet-gift-pack-interactive-best-cat-kitten-toys\/","name":"Jouet pour chat - Meilleur jouet pour chaton - Petstar","isPartOf":{"@id":"https:\/\/petproducts.com.cn\/#website"},"primaryImageOfPage":{"@id":"https:\/\/petproducts.com.cn\/product\/cat-play-set-toy-ball-pet-gift-pack-interactive-best-cat-kitten-toys\/#primaryimage"},"image":{"@id":"https:\/\/petproducts.com.cn\/product\/cat-play-set-toy-ball-pet-gift-pack-interactive-best-cat-kitten-toys\/#primaryimage"},"thumbnailUrl":"https:\/\/petproducts.com.cn\/wp-content\/uploads\/2024\/11\/Wholesale-Cat-Play-Set-Toy.webp","datePublished":"2024-11-07T02:10:00+00:00","dateModified":"2024-11-07T02:31:06+00:00","description":"D\u00e9couvrez le jouet Cat Play Set du meilleur fournisseur de produits pour animaux de compagnie. Petstar est un fabricant mondial de produits pour animaux de compagnie. Votre solution commerciale id\u00e9ale avec Petstar.","breadcrumb":{"@id":"https:\/\/petproducts.com.cn\/product\/cat-play-set-toy-ball-pet-gift-pack-interactive-best-cat-kitten-toys\/#breadcrumb"},"inLanguage":"fr-FR","potentialAction":[{"@type":"ReadAction","target":["https:\/\/petproducts.com.cn\/product\/cat-play-set-toy-ball-pet-gift-pack-interactive-best-cat-kitten-toys\/"]}]},{"@type":"ImageObject","inLanguage":"fr-FR","@id":"https:\/\/petproducts.com.cn\/product\/cat-play-set-toy-ball-pet-gift-pack-interactive-best-cat-kitten-toys\/#primaryimage","url":"https:\/\/petproducts.com.cn\/wp-content\/uploads\/2024\/11\/Wholesale-Cat-Play-Set-Toy.webp","contentUrl":"https:\/\/petproducts.com.cn\/wp-content\/uploads\/2024\/11\/Wholesale-Cat-Play-Set-Toy.webp","width":1000,"height":1000,"caption":"Wholesale Cat Play Set Toy"},{"@type":"BreadcrumbList","@id":"https:\/\/petproducts.com.cn\/product\/cat-play-set-toy-ball-pet-gift-pack-interactive-best-cat-kitten-toys\/#breadcrumb","itemListElement":[{"@type":"ListItem","position":1,"name":"HOME","item":"https:\/\/petproducts.com.cn\/"},{"@type":"ListItem","position":2,"name":"Products","item":"https:\/\/petproducts.com.cn\/shop\/"},{"@type":"ListItem","position":3,"name":"Cat Toys","item":"https:\/\/petproducts.com.cn\/product-category\/cat-toys\/"},{"@type":"ListItem","position":4,"name":"Cat Play Set Toy Ball Pet Gift Pack Interactive Best Cat Kitten Toys"}]},{"@type":"WebSite","@id":"https:\/\/petproducts.com.cn\/#website","url":"https:\/\/petproducts.com.cn\/","name":"Petstar","description":"Fabricant leader de fournitures pour animaux de compagnie et fournisseur OEM de produits pour animaux de compagnie","publisher":{"@id":"https:\/\/petproducts.com.cn\/#organization"},"alternateName":"Petstar Pet Supplies","potentialAction":[{"@type":"SearchAction","target":{"@type":"EntryPoint","urlTemplate":"https:\/\/petproducts.com.cn\/?s={search_term_string}"},"query-input":{"@type":"PropertyValueSpecification","valueRequired":true,"valueName":"search_term_string"}}],"inLanguage":"fr-FR"},{"@type":"Organization","@id":"https:\/\/petproducts.com.cn\/#organization","name":"Petstar","url":"https:\/\/petproducts.com.cn\/","logo":{"@type":"ImageObject","inLanguage":"fr-FR","@id":"https:\/\/petproducts.com.cn\/#\/schema\/logo\/image\/","url":"https:\/\/petproducts.com.cn\/wp-content\/uploads\/2020\/02\/petstar-logo.webp","contentUrl":"https:\/\/petproducts.com.cn\/wp-content\/uploads\/2020\/02\/petstar-logo.webp","width":779,"height":520,"caption":"Petstar"},"image":{"@id":"https:\/\/petproducts.com.cn\/#\/schema\/logo\/image\/"}}]}},"_links":{"self":[{"href":"https:\/\/petproducts.com.cn\/fr\/wp-json\/wp\/v2\/product\/30244","targetHints":{"allow":["GET"]}}],"collection":[{"href":"https:\/\/petproducts.com.cn\/fr\/wp-json\/wp\/v2\/product"}],"about":[{"href":"https:\/\/petproducts.com.cn\/fr\/wp-json\/wp\/v2\/types\/product"}],"version-history":[{"count":2,"href":"https:\/\/petproducts.com.cn\/fr\/wp-json\/wp\/v2\/product\/30244\/revisions"}],"predecessor-version":[{"id":30252,"href":"https:\/\/petproducts.com.cn\/fr\/wp-json\/wp\/v2\/product\/30244\/revisions\/30252"}],"wp:featuredmedia":[{"embeddable":true,"href":"https:\/\/petproducts.com.cn\/fr\/wp-json\/wp\/v2\/media\/30251"}],"wp:attachment":[{"href":"https:\/\/petproducts.com.cn\/fr\/wp-json\/wp\/v2\/media?parent=30244"}],"wp:term":[{"taxonomy":"product_brand","embeddable":true,"href":"https:\/\/petproducts.com.cn\/fr\/wp-json\/wp\/v2\/product_brand?post=30244"},{"taxonomy":"product_cat","embeddable":true,"href":"https:\/\/petproducts.com.cn\/fr\/wp-json\/wp\/v2\/product_cat?post=30244"},{"taxonomy":"product_tag","embeddable":true,"href":"https:\/\/petproducts.com.cn\/fr\/wp-json\/wp\/v2\/product_tag?post=30244"}],"curies":[{"name":"wp","href":"https:\/\/api.w.org\/{rel}","templated":true}]}}