{"id":30430,"date":"2024-11-13T05:35:56","date_gmt":"2024-11-13T05:35:56","guid":{"rendered":"https:\/\/petproducts.com.cn\/?post_type=product&#038;p=30430"},"modified":"2024-11-19T09:31:28","modified_gmt":"2024-11-19T09:31:28","slug":"christmas-pet-bowls-cat-dog-lick-food-silicone-slow-feed-dish-puzzle-pet-bowls","status":"publish","type":"product","link":"https:\/\/petproducts.com.cn\/fr\/product\/christmas-pet-bowls-cat-dog-lick-food-silicone-slow-feed-dish-puzzle-pet-bowls\/","title":{"rendered":"Bols de No\u00ebl pour animaux de compagnie Bols de No\u00ebl pour chats, chiens, l\u00e9cheurs de nourriture en silicone Bols pour animaux de compagnie"},"content":{"rendered":"<h2>Caract\u00e9ristiques des bols de No\u00ebl pour animaux de compagnie<\/h2>\n<ol>\n<li><strong>Dessins de No\u00ebl festifs :<\/strong> Les bols de No\u00ebl pour animaux de compagnie pr\u00e9sentent de d\u00e9licieux motifs de No\u00ebl, tels que le P\u00e8re No\u00ebl, les arbres de No\u00ebl et les bonshommes de pain d'\u00e9pice, qui ajoutent une note de gaiet\u00e9 \u00e0 chaque repas.<\/li>\n<li><strong>Bols interactifs en forme de puzzle pour l'alimentation lente :<\/strong>\u00a0Le design unique en forme de puzzle du bol favorise une alimentation plus lente, ce qui aide \u00e0 pr\u00e9venir les probl\u00e8mes digestifs et permet \u00e0 votre animal de compagnie de savourer sa nourriture plus sereinement.<\/li>\n<li><strong>Mat\u00e9riau en silicone s\u00fbr et durable :<\/strong>\u00a0Fabriqu\u00e9 en silicone alimentaire de haute qualit\u00e9, ce bol est sans danger pour les animaux de compagnie, facile \u00e0 nettoyer et suffisamment durable pour une utilisation quotidienne.<\/li>\n<li><strong>Tapis \u00e0 l\u00e9cher pour les friandises :<\/strong>\u00a0La surface textur\u00e9e sert \u00e9galement de tapis \u00e0 l\u00e9cher, ce qui vous permet de distribuer des friandises ou des p\u00e2tes qui divertissent votre animal tout en favorisant un comportement calme.<\/li>\n<li><strong>Base antid\u00e9rapante pour une meilleure stabilit\u00e9 :<\/strong>\u00a0Gr\u00e2ce \u00e0 sa base solide et antid\u00e9rapante, le bol reste en place pendant l'utilisation, ce qui permet de nourrir l'animal sans probl\u00e8me sur n'importe quelle surface.<\/li>\n<li><strong>Conception compacte et portable :<\/strong>\u00a0Le mat\u00e9riau en silicone l\u00e9ger vous permet d'emporter facilement ce bol en voyage, permettant \u00e0 votre animal de compagnie de b\u00e9n\u00e9ficier d'une alimentation lente m\u00eame en d\u00e9placement.<\/li>\n<li><strong>Vert vif et festif Couleur :<\/strong>\u00a0La couleur verte vibrante est parfaite pour les f\u00eates de fin d'ann\u00e9e, apportant une touche festive \u00e0 l'aire d'alimentation de votre animal et renfor\u00e7ant l'esprit de f\u00eate.<\/li>\n<\/ol>","protected":false},"excerpt":{"rendered":"<p>Apportez une touche festive \u00e0 vos repas avec ces bols de No\u00ebl pour animaux de compagnie qui encouragent l'alimentation lente et le plaisir interactif, avec des motifs sur le th\u00e8me des f\u00eates en silicone sans danger pour les animaux de compagnie.<\/p>","protected":false},"featured_media":30433,"template":"","meta":{"_acf_changed":false},"product_brand":[],"product_cat":[134,71,127,72],"product_tag":[270,235,167,251,174,173],"class_list":{"0":"post-30430","1":"product","2":"type-product","3":"status-publish","4":"has-post-thumbnail","6":"product_cat-cat-feeding-watering-supplies","7":"product_cat-cat-supplies","8":"product_cat-dog-feeding-watering-supplies","9":"product_cat-dog-supplies","10":"product_tag-christmas-pet-bowls","11":"product_tag-christmas-pet-supplies","12":"product_tag-pet-bowls","13":"product_tag-puzzle-pet-bowls","14":"product_tag-silicone-pet-bowls","15":"product_tag-slow-pet-bowls","17":"first","18":"instock","19":"shipping-taxable","20":"product-type-simple"},"acf":[],"yoast_head":"<!-- This site is optimized with the Yoast SEO plugin v27.1.1 - https:\/\/yoast.com\/product\/yoast-seo-wordpress\/ -->\n<title>Christmas Pet Bowls | Puzzle Pet Bowls Manufacturer- Petstar<\/title>\n<meta name=\"description\" content=\"Explore Christmas Pet Bowls from the pet products supplier. Petstar is a global pet product manufacturer. Your ideal business solution with Petstar.\" \/>\n<meta name=\"robots\" content=\"index, follow, max-snippet:-1, max-image-preview:large, max-video-preview:-1\" \/>\n<link rel=\"canonical\" href=\"https:\/\/petproducts.com.cn\/fr\/produit\/christmas-pet-bowls-cat-dog-lick-food-silicone-slow-feed-dish-puzzle-pet-bowls\/\" \/>\n<meta property=\"og:locale\" content=\"fr_FR\" \/>\n<meta property=\"og:type\" content=\"article\" \/>\n<meta property=\"og:title\" content=\"Christmas Pet Bowls | Puzzle Pet Bowls Manufacturer- Petstar\" \/>\n<meta property=\"og:description\" content=\"Explore Christmas Pet Bowls from the pet products supplier. Petstar is a global pet product manufacturer. Your ideal business solution with Petstar.\" \/>\n<meta property=\"og:url\" content=\"https:\/\/petproducts.com.cn\/fr\/produit\/christmas-pet-bowls-cat-dog-lick-food-silicone-slow-feed-dish-puzzle-pet-bowls\/\" \/>\n<meta property=\"og:site_name\" content=\"Petstar\" \/>\n<meta property=\"article:modified_time\" content=\"2024-11-19T09:31:28+00:00\" \/>\n<meta property=\"og:image\" content=\"https:\/\/petproducts.com.cn\/wp-content\/uploads\/2024\/11\/christmas-pet-bowls.webp\" \/>\n\t<meta property=\"og:image:width\" content=\"1000\" \/>\n\t<meta property=\"og:image:height\" content=\"1000\" \/>\n\t<meta property=\"og:image:type\" content=\"image\/webp\" \/>\n<meta name=\"twitter:card\" content=\"summary_large_image\" \/>\n<meta name=\"twitter:label1\" content=\"Dur\u00e9e de lecture estim\u00e9e\" \/>\n\t<meta name=\"twitter:data1\" content=\"2 minutes\" \/>\n<script type=\"application\/ld+json\" class=\"yoast-schema-graph\">{\"@context\":\"https:\/\/schema.org\",\"@graph\":[{\"@type\":\"WebPage\",\"@id\":\"https:\/\/petproducts.com.cn\/product\/christmas-pet-bowls-cat-dog-lick-food-silicone-slow-feed-dish-puzzle-pet-bowls\/\",\"url\":\"https:\/\/petproducts.com.cn\/product\/christmas-pet-bowls-cat-dog-lick-food-silicone-slow-feed-dish-puzzle-pet-bowls\/\",\"name\":\"Christmas Pet Bowls | Puzzle Pet Bowls Manufacturer- Petstar\",\"isPartOf\":{\"@id\":\"https:\/\/petproducts.com.cn\/#website\"},\"primaryImageOfPage\":{\"@id\":\"https:\/\/petproducts.com.cn\/product\/christmas-pet-bowls-cat-dog-lick-food-silicone-slow-feed-dish-puzzle-pet-bowls\/#primaryimage\"},\"image\":{\"@id\":\"https:\/\/petproducts.com.cn\/product\/christmas-pet-bowls-cat-dog-lick-food-silicone-slow-feed-dish-puzzle-pet-bowls\/#primaryimage\"},\"thumbnailUrl\":\"https:\/\/petproducts.com.cn\/wp-content\/uploads\/2024\/11\/christmas-pet-bowls.webp\",\"datePublished\":\"2024-11-13T05:35:56+00:00\",\"dateModified\":\"2024-11-19T09:31:28+00:00\",\"description\":\"Explore Christmas Pet Bowls from the pet products supplier. Petstar is a global pet product manufacturer. Your ideal business solution with Petstar.\",\"breadcrumb\":{\"@id\":\"https:\/\/petproducts.com.cn\/product\/christmas-pet-bowls-cat-dog-lick-food-silicone-slow-feed-dish-puzzle-pet-bowls\/#breadcrumb\"},\"inLanguage\":\"fr-FR\",\"potentialAction\":[{\"@type\":\"ReadAction\",\"target\":[\"https:\/\/petproducts.com.cn\/product\/christmas-pet-bowls-cat-dog-lick-food-silicone-slow-feed-dish-puzzle-pet-bowls\/\"]}]},{\"@type\":\"ImageObject\",\"inLanguage\":\"fr-FR\",\"@id\":\"https:\/\/petproducts.com.cn\/product\/christmas-pet-bowls-cat-dog-lick-food-silicone-slow-feed-dish-puzzle-pet-bowls\/#primaryimage\",\"url\":\"https:\/\/petproducts.com.cn\/wp-content\/uploads\/2024\/11\/christmas-pet-bowls.webp\",\"contentUrl\":\"https:\/\/petproducts.com.cn\/wp-content\/uploads\/2024\/11\/christmas-pet-bowls.webp\",\"width\":1000,\"height\":1000,\"caption\":\"christmas pet bowls\"},{\"@type\":\"BreadcrumbList\",\"@id\":\"https:\/\/petproducts.com.cn\/product\/christmas-pet-bowls-cat-dog-lick-food-silicone-slow-feed-dish-puzzle-pet-bowls\/#breadcrumb\",\"itemListElement\":[{\"@type\":\"ListItem\",\"position\":1,\"name\":\"HOME\",\"item\":\"https:\/\/petproducts.com.cn\/\"},{\"@type\":\"ListItem\",\"position\":2,\"name\":\"Products\",\"item\":\"https:\/\/petproducts.com.cn\/shop\/\"},{\"@type\":\"ListItem\",\"position\":3,\"name\":\"Dog Feeding &amp; Watering Supplies\",\"item\":\"https:\/\/petproducts.com.cn\/product-category\/dog-feeding-watering-supplies\/\"},{\"@type\":\"ListItem\",\"position\":4,\"name\":\"Christmas Pet Bowls Cat Dog Lick Food Silicone Slow Feed Dish Puzzle Pet Bowls\"}]},{\"@type\":\"WebSite\",\"@id\":\"https:\/\/petproducts.com.cn\/#website\",\"url\":\"https:\/\/petproducts.com.cn\/\",\"name\":\"Petstar\",\"description\":\"Leading Pet Supplies Manufacturer &amp; OEM Pet Products Supplier\",\"publisher\":{\"@id\":\"https:\/\/petproducts.com.cn\/#organization\"},\"alternateName\":\"Petstar Pet Supplies\",\"potentialAction\":[{\"@type\":\"SearchAction\",\"target\":{\"@type\":\"EntryPoint\",\"urlTemplate\":\"https:\/\/petproducts.com.cn\/?s={search_term_string}\"},\"query-input\":{\"@type\":\"PropertyValueSpecification\",\"valueRequired\":true,\"valueName\":\"search_term_string\"}}],\"inLanguage\":\"fr-FR\"},{\"@type\":\"Organization\",\"@id\":\"https:\/\/petproducts.com.cn\/#organization\",\"name\":\"Petstar\",\"url\":\"https:\/\/petproducts.com.cn\/\",\"logo\":{\"@type\":\"ImageObject\",\"inLanguage\":\"fr-FR\",\"@id\":\"https:\/\/petproducts.com.cn\/#\/schema\/logo\/image\/\",\"url\":\"https:\/\/petproducts.com.cn\/wp-content\/uploads\/2020\/02\/petstar-logo.webp\",\"contentUrl\":\"https:\/\/petproducts.com.cn\/wp-content\/uploads\/2020\/02\/petstar-logo.webp\",\"width\":779,\"height\":520,\"caption\":\"Petstar\"},\"image\":{\"@id\":\"https:\/\/petproducts.com.cn\/#\/schema\/logo\/image\/\"}}]}<\/script>\n<!-- \/ Yoast SEO plugin. -->","yoast_head_json":{"title":"Bols de No\u00ebl pour animaux de compagnie | Bols puzzle pour animaux de compagnie Fabricant- Petstar","description":"D\u00e9couvrez les bols de No\u00ebl pour animaux de compagnie du fournisseur de produits pour animaux de compagnie. Petstar est un fabricant mondial de produits pour animaux de compagnie. Votre solution commerciale id\u00e9ale avec Petstar.","robots":{"index":"index","follow":"follow","max-snippet":"max-snippet:-1","max-image-preview":"max-image-preview:large","max-video-preview":"max-video-preview:-1"},"canonical":"https:\/\/petproducts.com.cn\/fr\/produit\/christmas-pet-bowls-cat-dog-lick-food-silicone-slow-feed-dish-puzzle-pet-bowls\/","og_locale":"fr_FR","og_type":"article","og_title":"Christmas Pet Bowls | Puzzle Pet Bowls Manufacturer- Petstar","og_description":"Explore Christmas Pet Bowls from the pet products supplier. Petstar is a global pet product manufacturer. Your ideal business solution with Petstar.","og_url":"https:\/\/petproducts.com.cn\/fr\/produit\/christmas-pet-bowls-cat-dog-lick-food-silicone-slow-feed-dish-puzzle-pet-bowls\/","og_site_name":"Petstar","article_modified_time":"2024-11-19T09:31:28+00:00","og_image":[{"width":1000,"height":1000,"url":"https:\/\/petproducts.com.cn\/wp-content\/uploads\/2024\/11\/christmas-pet-bowls.webp","type":"image\/webp"}],"twitter_card":"summary_large_image","twitter_misc":{"Dur\u00e9e de lecture estim\u00e9e":"2 minutes"},"schema":{"@context":"https:\/\/schema.org","@graph":[{"@type":"WebPage","@id":"https:\/\/petproducts.com.cn\/product\/christmas-pet-bowls-cat-dog-lick-food-silicone-slow-feed-dish-puzzle-pet-bowls\/","url":"https:\/\/petproducts.com.cn\/product\/christmas-pet-bowls-cat-dog-lick-food-silicone-slow-feed-dish-puzzle-pet-bowls\/","name":"Bols de No\u00ebl pour animaux de compagnie | Bols puzzle pour animaux de compagnie Fabricant- Petstar","isPartOf":{"@id":"https:\/\/petproducts.com.cn\/#website"},"primaryImageOfPage":{"@id":"https:\/\/petproducts.com.cn\/product\/christmas-pet-bowls-cat-dog-lick-food-silicone-slow-feed-dish-puzzle-pet-bowls\/#primaryimage"},"image":{"@id":"https:\/\/petproducts.com.cn\/product\/christmas-pet-bowls-cat-dog-lick-food-silicone-slow-feed-dish-puzzle-pet-bowls\/#primaryimage"},"thumbnailUrl":"https:\/\/petproducts.com.cn\/wp-content\/uploads\/2024\/11\/christmas-pet-bowls.webp","datePublished":"2024-11-13T05:35:56+00:00","dateModified":"2024-11-19T09:31:28+00:00","description":"D\u00e9couvrez les bols de No\u00ebl pour animaux de compagnie du fournisseur de produits pour animaux de compagnie. Petstar est un fabricant mondial de produits pour animaux de compagnie. Votre solution commerciale id\u00e9ale avec Petstar.","breadcrumb":{"@id":"https:\/\/petproducts.com.cn\/product\/christmas-pet-bowls-cat-dog-lick-food-silicone-slow-feed-dish-puzzle-pet-bowls\/#breadcrumb"},"inLanguage":"fr-FR","potentialAction":[{"@type":"ReadAction","target":["https:\/\/petproducts.com.cn\/product\/christmas-pet-bowls-cat-dog-lick-food-silicone-slow-feed-dish-puzzle-pet-bowls\/"]}]},{"@type":"ImageObject","inLanguage":"fr-FR","@id":"https:\/\/petproducts.com.cn\/product\/christmas-pet-bowls-cat-dog-lick-food-silicone-slow-feed-dish-puzzle-pet-bowls\/#primaryimage","url":"https:\/\/petproducts.com.cn\/wp-content\/uploads\/2024\/11\/christmas-pet-bowls.webp","contentUrl":"https:\/\/petproducts.com.cn\/wp-content\/uploads\/2024\/11\/christmas-pet-bowls.webp","width":1000,"height":1000,"caption":"christmas pet bowls"},{"@type":"BreadcrumbList","@id":"https:\/\/petproducts.com.cn\/product\/christmas-pet-bowls-cat-dog-lick-food-silicone-slow-feed-dish-puzzle-pet-bowls\/#breadcrumb","itemListElement":[{"@type":"ListItem","position":1,"name":"HOME","item":"https:\/\/petproducts.com.cn\/"},{"@type":"ListItem","position":2,"name":"Products","item":"https:\/\/petproducts.com.cn\/shop\/"},{"@type":"ListItem","position":3,"name":"Dog Feeding &amp; Watering Supplies","item":"https:\/\/petproducts.com.cn\/product-category\/dog-feeding-watering-supplies\/"},{"@type":"ListItem","position":4,"name":"Christmas Pet Bowls Cat Dog Lick Food Silicone Slow Feed Dish Puzzle Pet Bowls"}]},{"@type":"WebSite","@id":"https:\/\/petproducts.com.cn\/#website","url":"https:\/\/petproducts.com.cn\/","name":"Petstar","description":"Fabricant leader de fournitures pour animaux de compagnie et fournisseur OEM de produits pour animaux de compagnie","publisher":{"@id":"https:\/\/petproducts.com.cn\/#organization"},"alternateName":"Petstar Pet Supplies","potentialAction":[{"@type":"SearchAction","target":{"@type":"EntryPoint","urlTemplate":"https:\/\/petproducts.com.cn\/?s={search_term_string}"},"query-input":{"@type":"PropertyValueSpecification","valueRequired":true,"valueName":"search_term_string"}}],"inLanguage":"fr-FR"},{"@type":"Organization","@id":"https:\/\/petproducts.com.cn\/#organization","name":"Petstar","url":"https:\/\/petproducts.com.cn\/","logo":{"@type":"ImageObject","inLanguage":"fr-FR","@id":"https:\/\/petproducts.com.cn\/#\/schema\/logo\/image\/","url":"https:\/\/petproducts.com.cn\/wp-content\/uploads\/2020\/02\/petstar-logo.webp","contentUrl":"https:\/\/petproducts.com.cn\/wp-content\/uploads\/2020\/02\/petstar-logo.webp","width":779,"height":520,"caption":"Petstar"},"image":{"@id":"https:\/\/petproducts.com.cn\/#\/schema\/logo\/image\/"}}]}},"_links":{"self":[{"href":"https:\/\/petproducts.com.cn\/fr\/wp-json\/wp\/v2\/product\/30430","targetHints":{"allow":["GET"]}}],"collection":[{"href":"https:\/\/petproducts.com.cn\/fr\/wp-json\/wp\/v2\/product"}],"about":[{"href":"https:\/\/petproducts.com.cn\/fr\/wp-json\/wp\/v2\/types\/product"}],"version-history":[{"count":1,"href":"https:\/\/petproducts.com.cn\/fr\/wp-json\/wp\/v2\/product\/30430\/revisions"}],"predecessor-version":[{"id":30431,"href":"https:\/\/petproducts.com.cn\/fr\/wp-json\/wp\/v2\/product\/30430\/revisions\/30431"}],"wp:featuredmedia":[{"embeddable":true,"href":"https:\/\/petproducts.com.cn\/fr\/wp-json\/wp\/v2\/media\/30433"}],"wp:attachment":[{"href":"https:\/\/petproducts.com.cn\/fr\/wp-json\/wp\/v2\/media?parent=30430"}],"wp:term":[{"taxonomy":"product_brand","embeddable":true,"href":"https:\/\/petproducts.com.cn\/fr\/wp-json\/wp\/v2\/product_brand?post=30430"},{"taxonomy":"product_cat","embeddable":true,"href":"https:\/\/petproducts.com.cn\/fr\/wp-json\/wp\/v2\/product_cat?post=30430"},{"taxonomy":"product_tag","embeddable":true,"href":"https:\/\/petproducts.com.cn\/fr\/wp-json\/wp\/v2\/product_tag?post=30430"}],"curies":[{"name":"wp","href":"https:\/\/api.w.org\/{rel}","templated":true}]}}