{"id":30524,"date":"2024-11-14T06:12:11","date_gmt":"2024-11-14T06:12:11","guid":{"rendered":"https:\/\/petproducts.com.cn\/?post_type=product&#038;p=30524"},"modified":"2024-11-14T06:56:20","modified_gmt":"2024-11-14T06:56:20","slug":"floating-pet-toy-wholesale-pet-chew-squeaky-tpr-foam-material-dog-treat-toy","status":"publish","type":"product","link":"https:\/\/petproducts.com.cn\/fr\/product\/floating-pet-toy-wholesale-pet-chew-squeaky-tpr-foam-material-dog-treat-toy\/","title":{"rendered":"Jouet flottant pour animaux de compagnie Wholesale Pet Chew Squeaky TPR Foam Material Dog Treat Toy"},"content":{"rendered":"<h2>Caract\u00e9ristiques du jouet flottant pour animaux de compagnie<\/h2>\n<ul>\n<li><strong>Design flottant pour les jeux d'eau<\/strong> - Vous appr\u00e9cierez le fait que ce jouet flottant pour animaux de compagnie flotte, ce qui le rend parfait pour la piscine, le lac ou la plage, o\u00f9 votre chien pourra s'amuser \u00e0 aller chercher des objets dans l'eau.<\/li>\n<li><strong>Mousse TPR durable<\/strong> - Fabriqu\u00e9 en mousse TPR robuste et de haute qualit\u00e9, ce jouet r\u00e9siste aux mordillements et aux jeux brutaux, ce qui lui permet de durer pendant d'interminables s\u00e9ances de jeu.<\/li>\n<li><strong>Squeaker int\u00e9gr\u00e9 pour plus d'amusement<\/strong> - La fonction grin\u00e7ante \u00e0 l'int\u00e9rieur maintient l'int\u00e9r\u00eat et l'excitation de votre chien, offrant une exp\u00e9rience interactive pendant les heures de jeu.<\/li>\n<li><strong>Int\u00e9rieur creux pour la distribution de friandises<\/strong> - Vous pouvez cacher des friandises \u00e0 l'int\u00e9rieur, transformant ainsi ce jouet en un puzzle gratifiant qui amuse et motive votre chien.<\/li>\n<li><strong>Mat\u00e9riau \u00e0 m\u00e2cher sans danger<\/strong> - La mousse TPR est non toxique et douce pour les dents. Vous pouvez donc laisser votre chien m\u00e2cher et profiter librement de ce jouet.<\/li>\n<li><strong>L\u00e9ger et portable<\/strong> - Gr\u00e2ce \u00e0 sa l\u00e9g\u00e8ret\u00e9, ce jouet est facile \u00e0 transporter, que vous soyez \u00e0 la maison ou que vous partiez \u00e0 l'aventure.<\/li>\n<li><strong>Couleurs vives pour une meilleure visibilit\u00e9<\/strong> - Gr\u00e2ce \u00e0 sa couleur vive, vous et votre chien pouvez facilement le rep\u00e9rer sur terre ou dans l'eau, et \u00e9viter qu'il ne se perde.<\/li>\n<li><strong>Encourage le jeu actif et l'exercice<\/strong> - En cachant des friandises et en ajoutant un couinement, ce jouet stimule l'exercice physique et mental, ce qui permet \u00e0 votre chien de rester en bonne sant\u00e9 et heureux.<\/li>\n<li><strong>Surface textur\u00e9e pour une meilleure prise en main<\/strong> - L'ext\u00e9rieur l\u00e9g\u00e8rement textur\u00e9 permet une bonne prise en main, ce qui permet \u00e0 votre chien de le transporter et de le m\u00e2cher confortablement.<\/li>\n<\/ul>\n<p style=\"text-align: center;\"><em><strong>Pour plus d'informations <a href=\"https:\/\/petproducts.com.cn\/fr\/wholesale-cat-toys\/\">jouets pour chats<\/a> &amp; <a href=\"https:\/\/petproducts.com.cn\/fr\/wholesale-dog-toys\/\">jouets pour chiens<\/a>,<\/strong><\/em><em><strong>\u00a0s'il vous pla\u00eet <a href=\"https:\/\/petproducts.com.cn\/fr\/nous-contacter\/\">Contactez-nous<\/a>!<\/strong><\/em><\/p>","protected":false},"excerpt":{"rendered":"<p>Offrez \u00e0 votre chien des heures d'amusement avec ce <em>Jouet flottant pour chien<\/em>Un distributeur de friandises qui couine et qui est facile \u00e0 m\u00e2cher, fabriqu\u00e9 en mousse TPR durable et qui flotte sur l'eau.<\/p>","protected":false},"featured_media":30527,"template":"","meta":{"_acf_changed":false},"product_brand":[],"product_cat":[72,48],"product_tag":[223,233,227,273,232,234],"class_list":{"0":"post-30524","1":"product","2":"type-product","3":"status-publish","4":"has-post-thumbnail","6":"product_cat-dog-supplies","7":"product_cat-dog-toys","8":"product_tag-dog-chew-toys","9":"product_tag-dog-squeaky-toys","10":"product_tag-dog-treat-toys","11":"product_tag-floating-dog-toys","12":"product_tag-interactive-dog-toys","13":"product_tag-tpr-dog-toys","15":"first","16":"instock","17":"shipping-taxable","18":"product-type-simple"},"acf":[],"yoast_head":"<!-- This site is optimized with the Yoast SEO plugin v27.1.1 - https:\/\/yoast.com\/product\/yoast-seo-wordpress\/ -->\n<title>Floating Pet Toy | Dog Treat Toy Manufacturer- Petstar<\/title>\n<meta name=\"description\" content=\"Explore Floating Pet Toy from the best pet products supplier. Petstar is a global pet product manufacturer. Your ideal business solution with Petstar.\" \/>\n<meta name=\"robots\" content=\"index, follow, max-snippet:-1, max-image-preview:large, max-video-preview:-1\" \/>\n<link rel=\"canonical\" href=\"https:\/\/petproducts.com.cn\/fr\/produit\/floating-pet-toy-wholesale-pet-chew-squeaky-tpr-foam-material-dog-treat-toy\/\" \/>\n<meta property=\"og:locale\" content=\"fr_FR\" \/>\n<meta property=\"og:type\" content=\"article\" \/>\n<meta property=\"og:title\" content=\"Floating Pet Toy | Dog Treat Toy Manufacturer- Petstar\" \/>\n<meta property=\"og:description\" content=\"Explore Floating Pet Toy from the best pet products supplier. Petstar is a global pet product manufacturer. Your ideal business solution with Petstar.\" \/>\n<meta property=\"og:url\" content=\"https:\/\/petproducts.com.cn\/fr\/produit\/floating-pet-toy-wholesale-pet-chew-squeaky-tpr-foam-material-dog-treat-toy\/\" \/>\n<meta property=\"og:site_name\" content=\"Petstar\" \/>\n<meta property=\"article:modified_time\" content=\"2024-11-14T06:56:20+00:00\" \/>\n<meta property=\"og:image\" content=\"https:\/\/petproducts.com.cn\/wp-content\/uploads\/2024\/11\/floating-pet-toy.webp\" \/>\n\t<meta property=\"og:image:width\" content=\"1000\" \/>\n\t<meta property=\"og:image:height\" content=\"1000\" \/>\n\t<meta property=\"og:image:type\" content=\"image\/webp\" \/>\n<meta name=\"twitter:card\" content=\"summary_large_image\" \/>\n<meta name=\"twitter:label1\" content=\"Dur\u00e9e de lecture estim\u00e9e\" \/>\n\t<meta name=\"twitter:data1\" content=\"2 minutes\" \/>\n<script type=\"application\/ld+json\" class=\"yoast-schema-graph\">{\"@context\":\"https:\/\/schema.org\",\"@graph\":[{\"@type\":\"WebPage\",\"@id\":\"https:\/\/petproducts.com.cn\/product\/floating-pet-toy-wholesale-pet-chew-squeaky-tpr-foam-material-dog-treat-toy\/\",\"url\":\"https:\/\/petproducts.com.cn\/product\/floating-pet-toy-wholesale-pet-chew-squeaky-tpr-foam-material-dog-treat-toy\/\",\"name\":\"Floating Pet Toy | Dog Treat Toy Manufacturer- Petstar\",\"isPartOf\":{\"@id\":\"https:\/\/petproducts.com.cn\/#website\"},\"primaryImageOfPage\":{\"@id\":\"https:\/\/petproducts.com.cn\/product\/floating-pet-toy-wholesale-pet-chew-squeaky-tpr-foam-material-dog-treat-toy\/#primaryimage\"},\"image\":{\"@id\":\"https:\/\/petproducts.com.cn\/product\/floating-pet-toy-wholesale-pet-chew-squeaky-tpr-foam-material-dog-treat-toy\/#primaryimage\"},\"thumbnailUrl\":\"https:\/\/petproducts.com.cn\/wp-content\/uploads\/2024\/11\/floating-pet-toy.webp\",\"datePublished\":\"2024-11-14T06:12:11+00:00\",\"dateModified\":\"2024-11-14T06:56:20+00:00\",\"description\":\"Explore Floating Pet Toy from the best pet products supplier. Petstar is a global pet product manufacturer. Your ideal business solution with Petstar.\",\"breadcrumb\":{\"@id\":\"https:\/\/petproducts.com.cn\/product\/floating-pet-toy-wholesale-pet-chew-squeaky-tpr-foam-material-dog-treat-toy\/#breadcrumb\"},\"inLanguage\":\"fr-FR\",\"potentialAction\":[{\"@type\":\"ReadAction\",\"target\":[\"https:\/\/petproducts.com.cn\/product\/floating-pet-toy-wholesale-pet-chew-squeaky-tpr-foam-material-dog-treat-toy\/\"]}]},{\"@type\":\"ImageObject\",\"inLanguage\":\"fr-FR\",\"@id\":\"https:\/\/petproducts.com.cn\/product\/floating-pet-toy-wholesale-pet-chew-squeaky-tpr-foam-material-dog-treat-toy\/#primaryimage\",\"url\":\"https:\/\/petproducts.com.cn\/wp-content\/uploads\/2024\/11\/floating-pet-toy.webp\",\"contentUrl\":\"https:\/\/petproducts.com.cn\/wp-content\/uploads\/2024\/11\/floating-pet-toy.webp\",\"width\":1000,\"height\":1000,\"caption\":\"floating pet toy\"},{\"@type\":\"BreadcrumbList\",\"@id\":\"https:\/\/petproducts.com.cn\/product\/floating-pet-toy-wholesale-pet-chew-squeaky-tpr-foam-material-dog-treat-toy\/#breadcrumb\",\"itemListElement\":[{\"@type\":\"ListItem\",\"position\":1,\"name\":\"HOME\",\"item\":\"https:\/\/petproducts.com.cn\/\"},{\"@type\":\"ListItem\",\"position\":2,\"name\":\"Products\",\"item\":\"https:\/\/petproducts.com.cn\/shop\/\"},{\"@type\":\"ListItem\",\"position\":3,\"name\":\"Dog Toys\",\"item\":\"https:\/\/petproducts.com.cn\/product-category\/dog-toys\/\"},{\"@type\":\"ListItem\",\"position\":4,\"name\":\"Floating Pet Toy Wholesale Pet Chew Squeaky TPR Foam Material Dog Treat Toy\"}]},{\"@type\":\"WebSite\",\"@id\":\"https:\/\/petproducts.com.cn\/#website\",\"url\":\"https:\/\/petproducts.com.cn\/\",\"name\":\"Petstar\",\"description\":\"Leading Pet Supplies Manufacturer &amp; OEM Pet Products Supplier\",\"publisher\":{\"@id\":\"https:\/\/petproducts.com.cn\/#organization\"},\"alternateName\":\"Petstar Pet Supplies\",\"potentialAction\":[{\"@type\":\"SearchAction\",\"target\":{\"@type\":\"EntryPoint\",\"urlTemplate\":\"https:\/\/petproducts.com.cn\/?s={search_term_string}\"},\"query-input\":{\"@type\":\"PropertyValueSpecification\",\"valueRequired\":true,\"valueName\":\"search_term_string\"}}],\"inLanguage\":\"fr-FR\"},{\"@type\":\"Organization\",\"@id\":\"https:\/\/petproducts.com.cn\/#organization\",\"name\":\"Petstar\",\"url\":\"https:\/\/petproducts.com.cn\/\",\"logo\":{\"@type\":\"ImageObject\",\"inLanguage\":\"fr-FR\",\"@id\":\"https:\/\/petproducts.com.cn\/#\/schema\/logo\/image\/\",\"url\":\"https:\/\/petproducts.com.cn\/wp-content\/uploads\/2020\/02\/petstar-logo.webp\",\"contentUrl\":\"https:\/\/petproducts.com.cn\/wp-content\/uploads\/2020\/02\/petstar-logo.webp\",\"width\":779,\"height\":520,\"caption\":\"Petstar\"},\"image\":{\"@id\":\"https:\/\/petproducts.com.cn\/#\/schema\/logo\/image\/\"}}]}<\/script>\n<!-- \/ Yoast SEO plugin. -->","yoast_head_json":{"title":"Jouet flottant pour animaux de compagnie - Petstar","description":"D\u00e9couvrez le jouet flottant pour animaux de compagnie du meilleur fournisseur de produits pour animaux de compagnie. Petstar est un fabricant mondial de produits pour animaux de compagnie. Votre solution commerciale id\u00e9ale avec Petstar.","robots":{"index":"index","follow":"follow","max-snippet":"max-snippet:-1","max-image-preview":"max-image-preview:large","max-video-preview":"max-video-preview:-1"},"canonical":"https:\/\/petproducts.com.cn\/fr\/produit\/floating-pet-toy-wholesale-pet-chew-squeaky-tpr-foam-material-dog-treat-toy\/","og_locale":"fr_FR","og_type":"article","og_title":"Floating Pet Toy | Dog Treat Toy Manufacturer- Petstar","og_description":"Explore Floating Pet Toy from the best pet products supplier. Petstar is a global pet product manufacturer. Your ideal business solution with Petstar.","og_url":"https:\/\/petproducts.com.cn\/fr\/produit\/floating-pet-toy-wholesale-pet-chew-squeaky-tpr-foam-material-dog-treat-toy\/","og_site_name":"Petstar","article_modified_time":"2024-11-14T06:56:20+00:00","og_image":[{"width":1000,"height":1000,"url":"https:\/\/petproducts.com.cn\/wp-content\/uploads\/2024\/11\/floating-pet-toy.webp","type":"image\/webp"}],"twitter_card":"summary_large_image","twitter_misc":{"Dur\u00e9e de lecture estim\u00e9e":"2 minutes"},"schema":{"@context":"https:\/\/schema.org","@graph":[{"@type":"WebPage","@id":"https:\/\/petproducts.com.cn\/product\/floating-pet-toy-wholesale-pet-chew-squeaky-tpr-foam-material-dog-treat-toy\/","url":"https:\/\/petproducts.com.cn\/product\/floating-pet-toy-wholesale-pet-chew-squeaky-tpr-foam-material-dog-treat-toy\/","name":"Jouet flottant pour animaux de compagnie - Petstar","isPartOf":{"@id":"https:\/\/petproducts.com.cn\/#website"},"primaryImageOfPage":{"@id":"https:\/\/petproducts.com.cn\/product\/floating-pet-toy-wholesale-pet-chew-squeaky-tpr-foam-material-dog-treat-toy\/#primaryimage"},"image":{"@id":"https:\/\/petproducts.com.cn\/product\/floating-pet-toy-wholesale-pet-chew-squeaky-tpr-foam-material-dog-treat-toy\/#primaryimage"},"thumbnailUrl":"https:\/\/petproducts.com.cn\/wp-content\/uploads\/2024\/11\/floating-pet-toy.webp","datePublished":"2024-11-14T06:12:11+00:00","dateModified":"2024-11-14T06:56:20+00:00","description":"D\u00e9couvrez le jouet flottant pour animaux de compagnie du meilleur fournisseur de produits pour animaux de compagnie. Petstar est un fabricant mondial de produits pour animaux de compagnie. Votre solution commerciale id\u00e9ale avec Petstar.","breadcrumb":{"@id":"https:\/\/petproducts.com.cn\/product\/floating-pet-toy-wholesale-pet-chew-squeaky-tpr-foam-material-dog-treat-toy\/#breadcrumb"},"inLanguage":"fr-FR","potentialAction":[{"@type":"ReadAction","target":["https:\/\/petproducts.com.cn\/product\/floating-pet-toy-wholesale-pet-chew-squeaky-tpr-foam-material-dog-treat-toy\/"]}]},{"@type":"ImageObject","inLanguage":"fr-FR","@id":"https:\/\/petproducts.com.cn\/product\/floating-pet-toy-wholesale-pet-chew-squeaky-tpr-foam-material-dog-treat-toy\/#primaryimage","url":"https:\/\/petproducts.com.cn\/wp-content\/uploads\/2024\/11\/floating-pet-toy.webp","contentUrl":"https:\/\/petproducts.com.cn\/wp-content\/uploads\/2024\/11\/floating-pet-toy.webp","width":1000,"height":1000,"caption":"floating pet toy"},{"@type":"BreadcrumbList","@id":"https:\/\/petproducts.com.cn\/product\/floating-pet-toy-wholesale-pet-chew-squeaky-tpr-foam-material-dog-treat-toy\/#breadcrumb","itemListElement":[{"@type":"ListItem","position":1,"name":"HOME","item":"https:\/\/petproducts.com.cn\/"},{"@type":"ListItem","position":2,"name":"Products","item":"https:\/\/petproducts.com.cn\/shop\/"},{"@type":"ListItem","position":3,"name":"Dog Toys","item":"https:\/\/petproducts.com.cn\/product-category\/dog-toys\/"},{"@type":"ListItem","position":4,"name":"Floating Pet Toy Wholesale Pet Chew Squeaky TPR Foam Material Dog Treat Toy"}]},{"@type":"WebSite","@id":"https:\/\/petproducts.com.cn\/#website","url":"https:\/\/petproducts.com.cn\/","name":"Petstar","description":"Fabricant leader de fournitures pour animaux de compagnie et fournisseur OEM de produits pour animaux de compagnie","publisher":{"@id":"https:\/\/petproducts.com.cn\/#organization"},"alternateName":"Petstar Pet Supplies","potentialAction":[{"@type":"SearchAction","target":{"@type":"EntryPoint","urlTemplate":"https:\/\/petproducts.com.cn\/?s={search_term_string}"},"query-input":{"@type":"PropertyValueSpecification","valueRequired":true,"valueName":"search_term_string"}}],"inLanguage":"fr-FR"},{"@type":"Organization","@id":"https:\/\/petproducts.com.cn\/#organization","name":"Petstar","url":"https:\/\/petproducts.com.cn\/","logo":{"@type":"ImageObject","inLanguage":"fr-FR","@id":"https:\/\/petproducts.com.cn\/#\/schema\/logo\/image\/","url":"https:\/\/petproducts.com.cn\/wp-content\/uploads\/2020\/02\/petstar-logo.webp","contentUrl":"https:\/\/petproducts.com.cn\/wp-content\/uploads\/2020\/02\/petstar-logo.webp","width":779,"height":520,"caption":"Petstar"},"image":{"@id":"https:\/\/petproducts.com.cn\/#\/schema\/logo\/image\/"}}]}},"_links":{"self":[{"href":"https:\/\/petproducts.com.cn\/fr\/wp-json\/wp\/v2\/product\/30524","targetHints":{"allow":["GET"]}}],"collection":[{"href":"https:\/\/petproducts.com.cn\/fr\/wp-json\/wp\/v2\/product"}],"about":[{"href":"https:\/\/petproducts.com.cn\/fr\/wp-json\/wp\/v2\/types\/product"}],"version-history":[{"count":1,"href":"https:\/\/petproducts.com.cn\/fr\/wp-json\/wp\/v2\/product\/30524\/revisions"}],"predecessor-version":[{"id":30532,"href":"https:\/\/petproducts.com.cn\/fr\/wp-json\/wp\/v2\/product\/30524\/revisions\/30532"}],"wp:featuredmedia":[{"embeddable":true,"href":"https:\/\/petproducts.com.cn\/fr\/wp-json\/wp\/v2\/media\/30527"}],"wp:attachment":[{"href":"https:\/\/petproducts.com.cn\/fr\/wp-json\/wp\/v2\/media?parent=30524"}],"wp:term":[{"taxonomy":"product_brand","embeddable":true,"href":"https:\/\/petproducts.com.cn\/fr\/wp-json\/wp\/v2\/product_brand?post=30524"},{"taxonomy":"product_cat","embeddable":true,"href":"https:\/\/petproducts.com.cn\/fr\/wp-json\/wp\/v2\/product_cat?post=30524"},{"taxonomy":"product_tag","embeddable":true,"href":"https:\/\/petproducts.com.cn\/fr\/wp-json\/wp\/v2\/product_tag?post=30524"}],"curies":[{"name":"wp","href":"https:\/\/api.w.org\/{rel}","templated":true}]}}