{"id":30673,"date":"2024-11-19T09:29:47","date_gmt":"2024-11-19T09:29:47","guid":{"rendered":"https:\/\/petproducts.com.cn\/?post_type=product&#038;p=30673"},"modified":"2024-11-19T09:38:12","modified_gmt":"2024-11-19T09:38:12","slug":"dog-lick-mat-cat-silicone-licking-food-dish-wholesale-pet-slow-feeder-bowl","status":"publish","type":"product","link":"https:\/\/petproducts.com.cn\/fr\/product\/dog-lick-mat-cat-silicone-licking-food-dish-wholesale-pet-slow-feeder-bowl\/","title":{"rendered":"Bol \u00e0 l\u00e9cher en silicone pour chien et chat Gros bol \u00e0 alimentation lente pour animaux de compagnie"},"content":{"rendered":"<h2>Caract\u00e9ristiques du tapis \u00e0 l\u00e9cher pour chien<\/h2>\n<ul>\n<li><strong>Conception multizone pour une alimentation polyvalente<\/strong><br \/>\nLe tapis \u00e0 l\u00e9cher pour chien comporte plusieurs zones textur\u00e9es, ce qui vous permet de servir des aliments secs et humides. Votre animal appr\u00e9ciera la vari\u00e9t\u00e9 \u00e0 chaque repas.<\/li>\n<li><strong>Favorise l'alimentation lente et la sant\u00e9 digestive<\/strong><br \/>\nEn \u00e9talant la nourriture sur la surface textur\u00e9e, ce tapis ralentit le rythme de consommation de votre animal. Cela permet d'\u00e9viter les \u00e9touffements, les ballonnements et les probl\u00e8mes digestifs.<\/li>\n<li><strong>Favorise la stimulation mentale<\/strong><br \/>\nVotre animal reste occup\u00e9 pendant qu'il se l\u00e8che, ce qui transforme l'heure du repas ou des friandises en une activit\u00e9 gratifiante qui r\u00e9duit le stress.<\/li>\n<li><strong>Parfait pour cacher des friandises<\/strong><br \/>\nVous pouvez utiliser les rainures pour cacher des friandises, encourageant ainsi votre animal \u00e0 travailler pour obtenir des r\u00e9compenses. Cela ajoute du plaisir et de l'exercice mental \u00e0 leur routine quotidienne.<\/li>\n<li><strong>Fabriqu\u00e9 en silicone alimentaire<\/strong><br \/>\nFabriqu\u00e9 en silicone non toxique et sans BPA, ce tapis peut \u00eatre l\u00e9ch\u00e9 et m\u00e2ch\u00e9 par votre animal en toute s\u00e9curit\u00e9.<\/li>\n<li><strong>Facile \u00e0 nettoyer et \u00e0 entretenir<\/strong><br \/>\nLe tapis passe au lave-vaisselle et r\u00e9siste aux taches, ce qui permet de le nettoyer rapidement et sans probl\u00e8me apr\u00e8s chaque utilisation.<\/li>\n<li><strong>Base antid\u00e9rapante pour une meilleure stabilit\u00e9<\/strong><br \/>\nLe tapis reste bien en place pendant l'utilisation, ce qui permet \u00e0 votre animal de se concentrer sur le l\u00e9chage sans frustration ni d\u00e9sordre.<\/li>\n<li><strong>Compact et facile \u00e0 transporter<\/strong><br \/>\nSa conception l\u00e9g\u00e8re et portable le rend id\u00e9al pour les voyages ou les s\u00e9ances d'alimentation en plein air. Vous pouvez l'emporter n'importe o\u00f9 pour des repas sans stress en d\u00e9placement.<\/li>\n<li><strong>R\u00e9duire l'anxi\u00e9t\u00e9 et le stress<\/strong><br \/>\nLe l\u00e9chage lib\u00e8re des endorphines calmantes, ce qui fait de ce tapis un excellent outil pour r\u00e9duire le stress pendant le toilettage, les visites chez le v\u00e9t\u00e9rinaire ou d'autres situations difficiles.<\/li>\n<li><strong>Convient \u00e0 toutes les tailles d'animaux<\/strong><br \/>\nQue vous ayez un petit chat ou un grand chien, ce tapis \u00e0 l\u00e9cher offre suffisamment d'espace et de polyvalence pour les animaux de toutes tailles et de toutes races.<\/li>\n<\/ul>","protected":false},"excerpt":{"rendered":"<p>Features of Dog Lick Mat Multi-Zone Design for Versatile Feeding The dog lick mat features multiple textured zones, allowing you to serve both wet and dry food. Your pet will enjoy variety during every meal. Promotes Slow Eating and Digestive Health By spreading food across the textured surface, this mat slows down your pet\u2019s eating [&hellip;]<\/p>\n","protected":false},"featured_media":30680,"template":"","meta":{"_acf_changed":false},"product_brand":[],"product_cat":[134,71,127,72],"product_tag":[167,274,251,174,173],"class_list":{"0":"post-30673","1":"product","2":"type-product","3":"status-publish","4":"has-post-thumbnail","6":"product_cat-cat-feeding-watering-supplies","7":"product_cat-cat-supplies","8":"product_cat-dog-feeding-watering-supplies","9":"product_cat-dog-supplies","10":"product_tag-pet-bowls","11":"product_tag-pet-lick-mat","12":"product_tag-puzzle-pet-bowls","13":"product_tag-silicone-pet-bowls","14":"product_tag-slow-pet-bowls","16":"first","17":"instock","18":"shipping-taxable","19":"product-type-simple"},"acf":[],"yoast_head":"<!-- This site is optimized with the Yoast SEO plugin v27.1.1 - https:\/\/yoast.com\/product\/yoast-seo-wordpress\/ -->\n<title>Dog Lick Mat | Pet Slow Feeder Bowl Manufacturer- Petstar<\/title>\n<meta name=\"description\" content=\"Explore Dog Lick Mat from the pet products supplier. Petstar is a global pet product manufacturer. Your ideal business solution with Petstar.\" \/>\n<meta name=\"robots\" content=\"index, follow, max-snippet:-1, max-image-preview:large, max-video-preview:-1\" \/>\n<link rel=\"canonical\" href=\"https:\/\/petproducts.com.cn\/fr\/produit\/dog-lick-mat-cat-silicone-licking-food-dish-wholesale-pet-slow-feeder-bowl\/\" \/>\n<meta property=\"og:locale\" content=\"fr_FR\" \/>\n<meta property=\"og:type\" content=\"article\" \/>\n<meta property=\"og:title\" content=\"Dog Lick Mat | Pet Slow Feeder Bowl Manufacturer- Petstar\" \/>\n<meta property=\"og:description\" content=\"Explore Dog Lick Mat from the pet products supplier. Petstar is a global pet product manufacturer. Your ideal business solution with Petstar.\" \/>\n<meta property=\"og:url\" content=\"https:\/\/petproducts.com.cn\/fr\/produit\/dog-lick-mat-cat-silicone-licking-food-dish-wholesale-pet-slow-feeder-bowl\/\" \/>\n<meta property=\"og:site_name\" content=\"Petstar\" \/>\n<meta property=\"article:modified_time\" content=\"2024-11-19T09:38:12+00:00\" \/>\n<meta property=\"og:image\" content=\"https:\/\/petproducts.com.cn\/wp-content\/uploads\/2024\/11\/Supplier-dog-lick-mat.webp\" \/>\n\t<meta property=\"og:image:width\" content=\"1000\" \/>\n\t<meta property=\"og:image:height\" content=\"1000\" \/>\n\t<meta property=\"og:image:type\" content=\"image\/webp\" \/>\n<meta name=\"twitter:card\" content=\"summary_large_image\" \/>\n<meta name=\"twitter:label1\" content=\"Dur\u00e9e de lecture estim\u00e9e\" \/>\n\t<meta name=\"twitter:data1\" content=\"2 minutes\" \/>\n<script type=\"application\/ld+json\" class=\"yoast-schema-graph\">{\"@context\":\"https:\/\/schema.org\",\"@graph\":[{\"@type\":\"WebPage\",\"@id\":\"https:\/\/petproducts.com.cn\/product\/dog-lick-mat-cat-silicone-licking-food-dish-wholesale-pet-slow-feeder-bowl\/\",\"url\":\"https:\/\/petproducts.com.cn\/product\/dog-lick-mat-cat-silicone-licking-food-dish-wholesale-pet-slow-feeder-bowl\/\",\"name\":\"Dog Lick Mat | Pet Slow Feeder Bowl Manufacturer- Petstar\",\"isPartOf\":{\"@id\":\"https:\/\/petproducts.com.cn\/#website\"},\"primaryImageOfPage\":{\"@id\":\"https:\/\/petproducts.com.cn\/product\/dog-lick-mat-cat-silicone-licking-food-dish-wholesale-pet-slow-feeder-bowl\/#primaryimage\"},\"image\":{\"@id\":\"https:\/\/petproducts.com.cn\/product\/dog-lick-mat-cat-silicone-licking-food-dish-wholesale-pet-slow-feeder-bowl\/#primaryimage\"},\"thumbnailUrl\":\"https:\/\/petproducts.com.cn\/wp-content\/uploads\/2024\/11\/Supplier-dog-lick-mat.webp\",\"datePublished\":\"2024-11-19T09:29:47+00:00\",\"dateModified\":\"2024-11-19T09:38:12+00:00\",\"description\":\"Explore Dog Lick Mat from the pet products supplier. Petstar is a global pet product manufacturer. Your ideal business solution with Petstar.\",\"breadcrumb\":{\"@id\":\"https:\/\/petproducts.com.cn\/product\/dog-lick-mat-cat-silicone-licking-food-dish-wholesale-pet-slow-feeder-bowl\/#breadcrumb\"},\"inLanguage\":\"fr-FR\",\"potentialAction\":[{\"@type\":\"ReadAction\",\"target\":[\"https:\/\/petproducts.com.cn\/product\/dog-lick-mat-cat-silicone-licking-food-dish-wholesale-pet-slow-feeder-bowl\/\"]}]},{\"@type\":\"ImageObject\",\"inLanguage\":\"fr-FR\",\"@id\":\"https:\/\/petproducts.com.cn\/product\/dog-lick-mat-cat-silicone-licking-food-dish-wholesale-pet-slow-feeder-bowl\/#primaryimage\",\"url\":\"https:\/\/petproducts.com.cn\/wp-content\/uploads\/2024\/11\/Supplier-dog-lick-mat.webp\",\"contentUrl\":\"https:\/\/petproducts.com.cn\/wp-content\/uploads\/2024\/11\/Supplier-dog-lick-mat.webp\",\"width\":1000,\"height\":1000,\"caption\":\"Supplier dog lick mat\"},{\"@type\":\"BreadcrumbList\",\"@id\":\"https:\/\/petproducts.com.cn\/product\/dog-lick-mat-cat-silicone-licking-food-dish-wholesale-pet-slow-feeder-bowl\/#breadcrumb\",\"itemListElement\":[{\"@type\":\"ListItem\",\"position\":1,\"name\":\"HOME\",\"item\":\"https:\/\/petproducts.com.cn\/\"},{\"@type\":\"ListItem\",\"position\":2,\"name\":\"Products\",\"item\":\"https:\/\/petproducts.com.cn\/shop\/\"},{\"@type\":\"ListItem\",\"position\":3,\"name\":\"Dog Feeding &amp; Watering Supplies\",\"item\":\"https:\/\/petproducts.com.cn\/product-category\/dog-feeding-watering-supplies\/\"},{\"@type\":\"ListItem\",\"position\":4,\"name\":\"Dog Lick Mat Cat Silicone Licking Food Dish Wholesale Pet Slow Feeder Bowl\"}]},{\"@type\":\"WebSite\",\"@id\":\"https:\/\/petproducts.com.cn\/#website\",\"url\":\"https:\/\/petproducts.com.cn\/\",\"name\":\"Petstar\",\"description\":\"Leading Pet Supplies Manufacturer &amp; OEM Pet Products Supplier\",\"publisher\":{\"@id\":\"https:\/\/petproducts.com.cn\/#organization\"},\"alternateName\":\"Petstar Pet Supplies\",\"potentialAction\":[{\"@type\":\"SearchAction\",\"target\":{\"@type\":\"EntryPoint\",\"urlTemplate\":\"https:\/\/petproducts.com.cn\/?s={search_term_string}\"},\"query-input\":{\"@type\":\"PropertyValueSpecification\",\"valueRequired\":true,\"valueName\":\"search_term_string\"}}],\"inLanguage\":\"fr-FR\"},{\"@type\":\"Organization\",\"@id\":\"https:\/\/petproducts.com.cn\/#organization\",\"name\":\"Petstar\",\"url\":\"https:\/\/petproducts.com.cn\/\",\"logo\":{\"@type\":\"ImageObject\",\"inLanguage\":\"fr-FR\",\"@id\":\"https:\/\/petproducts.com.cn\/#\/schema\/logo\/image\/\",\"url\":\"https:\/\/petproducts.com.cn\/wp-content\/uploads\/2020\/02\/petstar-logo.webp\",\"contentUrl\":\"https:\/\/petproducts.com.cn\/wp-content\/uploads\/2020\/02\/petstar-logo.webp\",\"width\":779,\"height\":520,\"caption\":\"Petstar\"},\"image\":{\"@id\":\"https:\/\/petproducts.com.cn\/#\/schema\/logo\/image\/\"}}]}<\/script>\n<!-- \/ Yoast SEO plugin. -->","yoast_head_json":{"title":"Tapis \u00e0 l\u00e9cher pour chien - Gamelle \u00e0 alimentation lente pour animaux de compagnie - Petstar","description":"D\u00e9couvrez le tapis \u00e0 l\u00e9cher pour chien du fournisseur de produits pour animaux de compagnie. Petstar est un fabricant mondial de produits pour animaux de compagnie. Votre solution commerciale id\u00e9ale avec Petstar.","robots":{"index":"index","follow":"follow","max-snippet":"max-snippet:-1","max-image-preview":"max-image-preview:large","max-video-preview":"max-video-preview:-1"},"canonical":"https:\/\/petproducts.com.cn\/fr\/produit\/dog-lick-mat-cat-silicone-licking-food-dish-wholesale-pet-slow-feeder-bowl\/","og_locale":"fr_FR","og_type":"article","og_title":"Dog Lick Mat | Pet Slow Feeder Bowl Manufacturer- Petstar","og_description":"Explore Dog Lick Mat from the pet products supplier. Petstar is a global pet product manufacturer. Your ideal business solution with Petstar.","og_url":"https:\/\/petproducts.com.cn\/fr\/produit\/dog-lick-mat-cat-silicone-licking-food-dish-wholesale-pet-slow-feeder-bowl\/","og_site_name":"Petstar","article_modified_time":"2024-11-19T09:38:12+00:00","og_image":[{"width":1000,"height":1000,"url":"https:\/\/petproducts.com.cn\/wp-content\/uploads\/2024\/11\/Supplier-dog-lick-mat.webp","type":"image\/webp"}],"twitter_card":"summary_large_image","twitter_misc":{"Dur\u00e9e de lecture estim\u00e9e":"2 minutes"},"schema":{"@context":"https:\/\/schema.org","@graph":[{"@type":"WebPage","@id":"https:\/\/petproducts.com.cn\/product\/dog-lick-mat-cat-silicone-licking-food-dish-wholesale-pet-slow-feeder-bowl\/","url":"https:\/\/petproducts.com.cn\/product\/dog-lick-mat-cat-silicone-licking-food-dish-wholesale-pet-slow-feeder-bowl\/","name":"Tapis \u00e0 l\u00e9cher pour chien - Gamelle \u00e0 alimentation lente pour animaux de compagnie - Petstar","isPartOf":{"@id":"https:\/\/petproducts.com.cn\/#website"},"primaryImageOfPage":{"@id":"https:\/\/petproducts.com.cn\/product\/dog-lick-mat-cat-silicone-licking-food-dish-wholesale-pet-slow-feeder-bowl\/#primaryimage"},"image":{"@id":"https:\/\/petproducts.com.cn\/product\/dog-lick-mat-cat-silicone-licking-food-dish-wholesale-pet-slow-feeder-bowl\/#primaryimage"},"thumbnailUrl":"https:\/\/petproducts.com.cn\/wp-content\/uploads\/2024\/11\/Supplier-dog-lick-mat.webp","datePublished":"2024-11-19T09:29:47+00:00","dateModified":"2024-11-19T09:38:12+00:00","description":"D\u00e9couvrez le tapis \u00e0 l\u00e9cher pour chien du fournisseur de produits pour animaux de compagnie. Petstar est un fabricant mondial de produits pour animaux de compagnie. Votre solution commerciale id\u00e9ale avec Petstar.","breadcrumb":{"@id":"https:\/\/petproducts.com.cn\/product\/dog-lick-mat-cat-silicone-licking-food-dish-wholesale-pet-slow-feeder-bowl\/#breadcrumb"},"inLanguage":"fr-FR","potentialAction":[{"@type":"ReadAction","target":["https:\/\/petproducts.com.cn\/product\/dog-lick-mat-cat-silicone-licking-food-dish-wholesale-pet-slow-feeder-bowl\/"]}]},{"@type":"ImageObject","inLanguage":"fr-FR","@id":"https:\/\/petproducts.com.cn\/product\/dog-lick-mat-cat-silicone-licking-food-dish-wholesale-pet-slow-feeder-bowl\/#primaryimage","url":"https:\/\/petproducts.com.cn\/wp-content\/uploads\/2024\/11\/Supplier-dog-lick-mat.webp","contentUrl":"https:\/\/petproducts.com.cn\/wp-content\/uploads\/2024\/11\/Supplier-dog-lick-mat.webp","width":1000,"height":1000,"caption":"Supplier dog lick mat"},{"@type":"BreadcrumbList","@id":"https:\/\/petproducts.com.cn\/product\/dog-lick-mat-cat-silicone-licking-food-dish-wholesale-pet-slow-feeder-bowl\/#breadcrumb","itemListElement":[{"@type":"ListItem","position":1,"name":"HOME","item":"https:\/\/petproducts.com.cn\/"},{"@type":"ListItem","position":2,"name":"Products","item":"https:\/\/petproducts.com.cn\/shop\/"},{"@type":"ListItem","position":3,"name":"Dog Feeding &amp; Watering Supplies","item":"https:\/\/petproducts.com.cn\/product-category\/dog-feeding-watering-supplies\/"},{"@type":"ListItem","position":4,"name":"Dog Lick Mat Cat Silicone Licking Food Dish Wholesale Pet Slow Feeder Bowl"}]},{"@type":"WebSite","@id":"https:\/\/petproducts.com.cn\/#website","url":"https:\/\/petproducts.com.cn\/","name":"Petstar","description":"Fabricant leader de fournitures pour animaux de compagnie et fournisseur OEM de produits pour animaux de compagnie","publisher":{"@id":"https:\/\/petproducts.com.cn\/#organization"},"alternateName":"Petstar Pet Supplies","potentialAction":[{"@type":"SearchAction","target":{"@type":"EntryPoint","urlTemplate":"https:\/\/petproducts.com.cn\/?s={search_term_string}"},"query-input":{"@type":"PropertyValueSpecification","valueRequired":true,"valueName":"search_term_string"}}],"inLanguage":"fr-FR"},{"@type":"Organization","@id":"https:\/\/petproducts.com.cn\/#organization","name":"Petstar","url":"https:\/\/petproducts.com.cn\/","logo":{"@type":"ImageObject","inLanguage":"fr-FR","@id":"https:\/\/petproducts.com.cn\/#\/schema\/logo\/image\/","url":"https:\/\/petproducts.com.cn\/wp-content\/uploads\/2020\/02\/petstar-logo.webp","contentUrl":"https:\/\/petproducts.com.cn\/wp-content\/uploads\/2020\/02\/petstar-logo.webp","width":779,"height":520,"caption":"Petstar"},"image":{"@id":"https:\/\/petproducts.com.cn\/#\/schema\/logo\/image\/"}}]}},"_links":{"self":[{"href":"https:\/\/petproducts.com.cn\/fr\/wp-json\/wp\/v2\/product\/30673","targetHints":{"allow":["GET"]}}],"collection":[{"href":"https:\/\/petproducts.com.cn\/fr\/wp-json\/wp\/v2\/product"}],"about":[{"href":"https:\/\/petproducts.com.cn\/fr\/wp-json\/wp\/v2\/types\/product"}],"version-history":[{"count":3,"href":"https:\/\/petproducts.com.cn\/fr\/wp-json\/wp\/v2\/product\/30673\/revisions"}],"predecessor-version":[{"id":30683,"href":"https:\/\/petproducts.com.cn\/fr\/wp-json\/wp\/v2\/product\/30673\/revisions\/30683"}],"wp:featuredmedia":[{"embeddable":true,"href":"https:\/\/petproducts.com.cn\/fr\/wp-json\/wp\/v2\/media\/30680"}],"wp:attachment":[{"href":"https:\/\/petproducts.com.cn\/fr\/wp-json\/wp\/v2\/media?parent=30673"}],"wp:term":[{"taxonomy":"product_brand","embeddable":true,"href":"https:\/\/petproducts.com.cn\/fr\/wp-json\/wp\/v2\/product_brand?post=30673"},{"taxonomy":"product_cat","embeddable":true,"href":"https:\/\/petproducts.com.cn\/fr\/wp-json\/wp\/v2\/product_cat?post=30673"},{"taxonomy":"product_tag","embeddable":true,"href":"https:\/\/petproducts.com.cn\/fr\/wp-json\/wp\/v2\/product_tag?post=30673"}],"curies":[{"name":"wp","href":"https:\/\/api.w.org\/{rel}","templated":true}]}}