{"id":30693,"date":"2024-11-20T06:50:46","date_gmt":"2024-11-20T06:50:46","guid":{"rendered":"https:\/\/petproducts.com.cn\/?post_type=product&#038;p=30693"},"modified":"2024-11-20T07:09:00","modified_gmt":"2024-11-20T07:09:00","slug":"slow-feeding-dog-bowl-iq-training-food-dish-silicone-cat-pet-dog-lick-mat-bowl","status":"publish","type":"product","link":"https:\/\/petproducts.com.cn\/fr\/product\/slow-feeding-dog-bowl-iq-training-food-dish-silicone-cat-pet-dog-lick-mat-bowl\/","title":{"rendered":"Gamelle pour chien avec alimentation lente IQ, bol \u00e0 nourriture en silicone pour chat, animal de compagnie, chien, tapis \u00e0 l\u00e9cher."},"content":{"rendered":"<h2>Caract\u00e9ristiques de la gamelle pour chien \u00e0 alimentation lente<\/h2>\n<ul>\n<li><strong>Tapis \u00e0 l\u00e9cher pour puzzle \u00e0 double fonction avec bol pliable<\/strong><br \/>\nCe produit innovant pr\u00e9sente une gamelle pour chien \u00e0 alimentation lente textur\u00e9e, entour\u00e9e d'un bol pliable en son centre. Vous pouvez servir de la nourriture ou de l'eau dans la gamelle pendant que votre animal s'amuse \u00e0 relever le d\u00e9fi du puzzle qui l'entoure.<\/li>\n<li><strong>Encourager une alimentation lente et saine<\/strong><br \/>\nLa conception de la mangeoire lente permet \u00e0 votre animal de manger \u00e0 un rythme sain, r\u00e9duisant ainsi les risques d'\u00e9touffement, de ballonnement et d'indigestion. Il est parfait pour les animaux qui ont tendance \u00e0 trop manger.<\/li>\n<li><strong>Supporte les options d'aliments secs et humides<\/strong><br \/>\nLe bol pliable et le tapis textur\u00e9 sont con\u00e7us pour contenir \u00e0 la fois des aliments secs et humides, ce qui vous permet de planifier vos repas en toute flexibilit\u00e9. Vous pouvez m\u00eame m\u00e9langer les textures pour plus de vari\u00e9t\u00e9.<\/li>\n<li><strong>Fabriqu\u00e9 en silicone alimentaire<\/strong><br \/>\nFabriqu\u00e9 en silicone alimentaire de premi\u00e8re qualit\u00e9, ce produit est sans BPA, non toxique et totalement s\u00fbr pour votre compagnon \u00e0 quatre pattes. Sa texture souple est douce pour la langue et les dents de votre animal.<\/li>\n<li><strong>Facile \u00e0 nettoyer et \u00e0 entretenir<\/strong><br \/>\nLe tapis \u00e0 l\u00e9cher et le bol peuvent \u00eatre lav\u00e9s au lave-vaisselle, ce qui permet un nettoyage rapide et sans souci. Le mat\u00e9riau en silicone est \u00e9galement r\u00e9sistant aux taches, ce qui garantit une fra\u00eecheur durable.<\/li>\n<li><strong>Favorise la stimulation mentale et l'engagement<\/strong><br \/>\nLa surface du puzzle incite votre animal \u00e0 l\u00e9cher et \u00e0 explorer, ce qui stimule ses capacit\u00e9s cognitives et l'amuse pendant les repas ou les collations.<\/li>\n<li><strong>R\u00e9duire le stress et l'anxi\u00e9t\u00e9<\/strong><br \/>\nLe l\u00e9chage apaise naturellement votre animal en lib\u00e9rant des endorphines calmantes, ce qui rend ce bol id\u00e9al pour r\u00e9duire l'anxi\u00e9t\u00e9 pendant le toilettage, les voyages ou les visites chez le v\u00e9t\u00e9rinaire.<\/li>\n<li><strong>Design pliable et portable<\/strong><br \/>\nLe bol pliable est pratique \u00e0 ranger et \u00e0 transporter. Vous pouvez facilement l'emporter lors d'aventures en plein air ou de voyages, en veillant \u00e0 ce que la routine des repas de votre animal reste inchang\u00e9e.<\/li>\n<li><strong>Base antid\u00e9rapante pour une meilleure stabilit\u00e9<\/strong><br \/>\nLe fond antid\u00e9rapant emp\u00eache le tapis et le bol de glisser, ce qui r\u00e9duit les d\u00e9g\u00e2ts au minimum, m\u00eame pendant les repas anim\u00e9s.<\/li>\n<li><strong>Parfait pour les animaux de toutes tailles<\/strong><br \/>\nQue vous ayez un petit chat ou un grand chien, ce set d'alimentation convient \u00e0 toutes les races gr\u00e2ce \u00e0 son tapis \u00e0 l\u00e9cher spacieux et \u00e0 son bol pliable.<\/li>\n<\/ul>","protected":false},"excerpt":{"rendered":"<p>Le <em>Gamelle pour chien \u00e0 alimentation lente<\/em> combine un tapis \u00e0 l\u00e9cher interactif et un bol pliable pour les aliments secs et humides, offrant une exp\u00e9rience alimentaire saine et attrayante.<\/p>","protected":false},"featured_media":30697,"template":"","meta":{"_acf_changed":false},"product_brand":[],"product_cat":[134,71,127,72],"product_tag":[167,274,251,174,173],"class_list":{"0":"post-30693","1":"product","2":"type-product","3":"status-publish","4":"has-post-thumbnail","6":"product_cat-cat-feeding-watering-supplies","7":"product_cat-cat-supplies","8":"product_cat-dog-feeding-watering-supplies","9":"product_cat-dog-supplies","10":"product_tag-pet-bowls","11":"product_tag-pet-lick-mat","12":"product_tag-puzzle-pet-bowls","13":"product_tag-silicone-pet-bowls","14":"product_tag-slow-pet-bowls","16":"first","17":"instock","18":"shipping-taxable","19":"product-type-simple"},"acf":[],"yoast_head":"<!-- This site is optimized with the Yoast SEO plugin v27.1.1 - https:\/\/yoast.com\/product\/yoast-seo-wordpress\/ -->\n<title>Slow Feeding Dog Bowl | Dog Lick Mat Bowl Manufacturer- Petstar<\/title>\n<meta name=\"description\" content=\"Explore Slow Feeding Dog Bowl from the pet products supplier. Petstar is a global pet product manufacturer. Your ideal business solution with Petstar.\" \/>\n<meta name=\"robots\" content=\"index, follow, max-snippet:-1, max-image-preview:large, max-video-preview:-1\" \/>\n<link rel=\"canonical\" href=\"https:\/\/petproducts.com.cn\/fr\/produit\/slow-feeding-dog-bowl-iq-training-food-dish-silicone-cat-pet-dog-lick-mat-bowl\/\" \/>\n<meta property=\"og:locale\" content=\"fr_FR\" \/>\n<meta property=\"og:type\" content=\"article\" \/>\n<meta property=\"og:title\" content=\"Slow Feeding Dog Bowl | Dog Lick Mat Bowl Manufacturer- Petstar\" \/>\n<meta property=\"og:description\" content=\"Explore Slow Feeding Dog Bowl from the pet products supplier. Petstar is a global pet product manufacturer. Your ideal business solution with Petstar.\" \/>\n<meta property=\"og:url\" content=\"https:\/\/petproducts.com.cn\/fr\/produit\/slow-feeding-dog-bowl-iq-training-food-dish-silicone-cat-pet-dog-lick-mat-bowl\/\" \/>\n<meta property=\"og:site_name\" content=\"Petstar\" \/>\n<meta property=\"article:modified_time\" content=\"2024-11-20T07:09:00+00:00\" \/>\n<meta property=\"og:image\" content=\"https:\/\/petproducts.com.cn\/wp-content\/uploads\/2024\/11\/Dog-Lick-Mats-1.webp\" \/>\n\t<meta property=\"og:image:width\" content=\"1000\" \/>\n\t<meta property=\"og:image:height\" content=\"1000\" \/>\n\t<meta property=\"og:image:type\" content=\"image\/webp\" \/>\n<meta name=\"twitter:card\" content=\"summary_large_image\" \/>\n<meta name=\"twitter:label1\" content=\"Dur\u00e9e de lecture estim\u00e9e\" \/>\n\t<meta name=\"twitter:data1\" content=\"2 minutes\" \/>\n<script type=\"application\/ld+json\" class=\"yoast-schema-graph\">{\"@context\":\"https:\/\/schema.org\",\"@graph\":[{\"@type\":\"WebPage\",\"@id\":\"https:\/\/petproducts.com.cn\/product\/slow-feeding-dog-bowl-iq-training-food-dish-silicone-cat-pet-dog-lick-mat-bowl\/\",\"url\":\"https:\/\/petproducts.com.cn\/product\/slow-feeding-dog-bowl-iq-training-food-dish-silicone-cat-pet-dog-lick-mat-bowl\/\",\"name\":\"Slow Feeding Dog Bowl | Dog Lick Mat Bowl Manufacturer- Petstar\",\"isPartOf\":{\"@id\":\"https:\/\/petproducts.com.cn\/#website\"},\"primaryImageOfPage\":{\"@id\":\"https:\/\/petproducts.com.cn\/product\/slow-feeding-dog-bowl-iq-training-food-dish-silicone-cat-pet-dog-lick-mat-bowl\/#primaryimage\"},\"image\":{\"@id\":\"https:\/\/petproducts.com.cn\/product\/slow-feeding-dog-bowl-iq-training-food-dish-silicone-cat-pet-dog-lick-mat-bowl\/#primaryimage\"},\"thumbnailUrl\":\"https:\/\/petproducts.com.cn\/wp-content\/uploads\/2024\/11\/Dog-Lick-Mats-1.webp\",\"datePublished\":\"2024-11-20T06:50:46+00:00\",\"dateModified\":\"2024-11-20T07:09:00+00:00\",\"description\":\"Explore Slow Feeding Dog Bowl from the pet products supplier. Petstar is a global pet product manufacturer. Your ideal business solution with Petstar.\",\"breadcrumb\":{\"@id\":\"https:\/\/petproducts.com.cn\/product\/slow-feeding-dog-bowl-iq-training-food-dish-silicone-cat-pet-dog-lick-mat-bowl\/#breadcrumb\"},\"inLanguage\":\"fr-FR\",\"potentialAction\":[{\"@type\":\"ReadAction\",\"target\":[\"https:\/\/petproducts.com.cn\/product\/slow-feeding-dog-bowl-iq-training-food-dish-silicone-cat-pet-dog-lick-mat-bowl\/\"]}]},{\"@type\":\"ImageObject\",\"inLanguage\":\"fr-FR\",\"@id\":\"https:\/\/petproducts.com.cn\/product\/slow-feeding-dog-bowl-iq-training-food-dish-silicone-cat-pet-dog-lick-mat-bowl\/#primaryimage\",\"url\":\"https:\/\/petproducts.com.cn\/wp-content\/uploads\/2024\/11\/Dog-Lick-Mats-1.webp\",\"contentUrl\":\"https:\/\/petproducts.com.cn\/wp-content\/uploads\/2024\/11\/Dog-Lick-Mats-1.webp\",\"width\":1000,\"height\":1000,\"caption\":\"Dog Lick Mats\"},{\"@type\":\"BreadcrumbList\",\"@id\":\"https:\/\/petproducts.com.cn\/product\/slow-feeding-dog-bowl-iq-training-food-dish-silicone-cat-pet-dog-lick-mat-bowl\/#breadcrumb\",\"itemListElement\":[{\"@type\":\"ListItem\",\"position\":1,\"name\":\"HOME\",\"item\":\"https:\/\/petproducts.com.cn\/\"},{\"@type\":\"ListItem\",\"position\":2,\"name\":\"Products\",\"item\":\"https:\/\/petproducts.com.cn\/shop\/\"},{\"@type\":\"ListItem\",\"position\":3,\"name\":\"Dog Feeding &amp; Watering Supplies\",\"item\":\"https:\/\/petproducts.com.cn\/product-category\/dog-feeding-watering-supplies\/\"},{\"@type\":\"ListItem\",\"position\":4,\"name\":\"Slow Feeding Dog Bowl IQ Training Food Dish Silicone Cat Pet Dog Lick Mat Bowl\"}]},{\"@type\":\"WebSite\",\"@id\":\"https:\/\/petproducts.com.cn\/#website\",\"url\":\"https:\/\/petproducts.com.cn\/\",\"name\":\"Petstar\",\"description\":\"Leading Pet Supplies Manufacturer &amp; OEM Pet Products Supplier\",\"publisher\":{\"@id\":\"https:\/\/petproducts.com.cn\/#organization\"},\"alternateName\":\"Petstar Pet Supplies\",\"potentialAction\":[{\"@type\":\"SearchAction\",\"target\":{\"@type\":\"EntryPoint\",\"urlTemplate\":\"https:\/\/petproducts.com.cn\/?s={search_term_string}\"},\"query-input\":{\"@type\":\"PropertyValueSpecification\",\"valueRequired\":true,\"valueName\":\"search_term_string\"}}],\"inLanguage\":\"fr-FR\"},{\"@type\":\"Organization\",\"@id\":\"https:\/\/petproducts.com.cn\/#organization\",\"name\":\"Petstar\",\"url\":\"https:\/\/petproducts.com.cn\/\",\"logo\":{\"@type\":\"ImageObject\",\"inLanguage\":\"fr-FR\",\"@id\":\"https:\/\/petproducts.com.cn\/#\/schema\/logo\/image\/\",\"url\":\"https:\/\/petproducts.com.cn\/wp-content\/uploads\/2020\/02\/petstar-logo.webp\",\"contentUrl\":\"https:\/\/petproducts.com.cn\/wp-content\/uploads\/2020\/02\/petstar-logo.webp\",\"width\":779,\"height\":520,\"caption\":\"Petstar\"},\"image\":{\"@id\":\"https:\/\/petproducts.com.cn\/#\/schema\/logo\/image\/\"}}]}<\/script>\n<!-- \/ Yoast SEO plugin. -->","yoast_head_json":{"title":"Gamelle pour chien \u00e0 alimentation lente | Gamelle pour chien avec tapis \u00e0 l\u00e9cher Manufacturer- Petstar","description":"D\u00e9couvrez la gamelle pour chien \u00e0 alimentation lente du fournisseur de produits pour animaux de compagnie. Petstar est un fabricant mondial de produits pour animaux de compagnie. Votre solution commerciale id\u00e9ale avec Petstar.","robots":{"index":"index","follow":"follow","max-snippet":"max-snippet:-1","max-image-preview":"max-image-preview:large","max-video-preview":"max-video-preview:-1"},"canonical":"https:\/\/petproducts.com.cn\/fr\/produit\/slow-feeding-dog-bowl-iq-training-food-dish-silicone-cat-pet-dog-lick-mat-bowl\/","og_locale":"fr_FR","og_type":"article","og_title":"Slow Feeding Dog Bowl | Dog Lick Mat Bowl Manufacturer- Petstar","og_description":"Explore Slow Feeding Dog Bowl from the pet products supplier. Petstar is a global pet product manufacturer. Your ideal business solution with Petstar.","og_url":"https:\/\/petproducts.com.cn\/fr\/produit\/slow-feeding-dog-bowl-iq-training-food-dish-silicone-cat-pet-dog-lick-mat-bowl\/","og_site_name":"Petstar","article_modified_time":"2024-11-20T07:09:00+00:00","og_image":[{"width":1000,"height":1000,"url":"https:\/\/petproducts.com.cn\/wp-content\/uploads\/2024\/11\/Dog-Lick-Mats-1.webp","type":"image\/webp"}],"twitter_card":"summary_large_image","twitter_misc":{"Dur\u00e9e de lecture estim\u00e9e":"2 minutes"},"schema":{"@context":"https:\/\/schema.org","@graph":[{"@type":"WebPage","@id":"https:\/\/petproducts.com.cn\/product\/slow-feeding-dog-bowl-iq-training-food-dish-silicone-cat-pet-dog-lick-mat-bowl\/","url":"https:\/\/petproducts.com.cn\/product\/slow-feeding-dog-bowl-iq-training-food-dish-silicone-cat-pet-dog-lick-mat-bowl\/","name":"Gamelle pour chien \u00e0 alimentation lente | Gamelle pour chien avec tapis \u00e0 l\u00e9cher Manufacturer- Petstar","isPartOf":{"@id":"https:\/\/petproducts.com.cn\/#website"},"primaryImageOfPage":{"@id":"https:\/\/petproducts.com.cn\/product\/slow-feeding-dog-bowl-iq-training-food-dish-silicone-cat-pet-dog-lick-mat-bowl\/#primaryimage"},"image":{"@id":"https:\/\/petproducts.com.cn\/product\/slow-feeding-dog-bowl-iq-training-food-dish-silicone-cat-pet-dog-lick-mat-bowl\/#primaryimage"},"thumbnailUrl":"https:\/\/petproducts.com.cn\/wp-content\/uploads\/2024\/11\/Dog-Lick-Mats-1.webp","datePublished":"2024-11-20T06:50:46+00:00","dateModified":"2024-11-20T07:09:00+00:00","description":"D\u00e9couvrez la gamelle pour chien \u00e0 alimentation lente du fournisseur de produits pour animaux de compagnie. Petstar est un fabricant mondial de produits pour animaux de compagnie. Votre solution commerciale id\u00e9ale avec Petstar.","breadcrumb":{"@id":"https:\/\/petproducts.com.cn\/product\/slow-feeding-dog-bowl-iq-training-food-dish-silicone-cat-pet-dog-lick-mat-bowl\/#breadcrumb"},"inLanguage":"fr-FR","potentialAction":[{"@type":"ReadAction","target":["https:\/\/petproducts.com.cn\/product\/slow-feeding-dog-bowl-iq-training-food-dish-silicone-cat-pet-dog-lick-mat-bowl\/"]}]},{"@type":"ImageObject","inLanguage":"fr-FR","@id":"https:\/\/petproducts.com.cn\/product\/slow-feeding-dog-bowl-iq-training-food-dish-silicone-cat-pet-dog-lick-mat-bowl\/#primaryimage","url":"https:\/\/petproducts.com.cn\/wp-content\/uploads\/2024\/11\/Dog-Lick-Mats-1.webp","contentUrl":"https:\/\/petproducts.com.cn\/wp-content\/uploads\/2024\/11\/Dog-Lick-Mats-1.webp","width":1000,"height":1000,"caption":"Dog Lick Mats"},{"@type":"BreadcrumbList","@id":"https:\/\/petproducts.com.cn\/product\/slow-feeding-dog-bowl-iq-training-food-dish-silicone-cat-pet-dog-lick-mat-bowl\/#breadcrumb","itemListElement":[{"@type":"ListItem","position":1,"name":"HOME","item":"https:\/\/petproducts.com.cn\/"},{"@type":"ListItem","position":2,"name":"Products","item":"https:\/\/petproducts.com.cn\/shop\/"},{"@type":"ListItem","position":3,"name":"Dog Feeding &amp; Watering Supplies","item":"https:\/\/petproducts.com.cn\/product-category\/dog-feeding-watering-supplies\/"},{"@type":"ListItem","position":4,"name":"Slow Feeding Dog Bowl IQ Training Food Dish Silicone Cat Pet Dog Lick Mat Bowl"}]},{"@type":"WebSite","@id":"https:\/\/petproducts.com.cn\/#website","url":"https:\/\/petproducts.com.cn\/","name":"Petstar","description":"Fabricant leader de fournitures pour animaux de compagnie et fournisseur OEM de produits pour animaux de compagnie","publisher":{"@id":"https:\/\/petproducts.com.cn\/#organization"},"alternateName":"Petstar Pet Supplies","potentialAction":[{"@type":"SearchAction","target":{"@type":"EntryPoint","urlTemplate":"https:\/\/petproducts.com.cn\/?s={search_term_string}"},"query-input":{"@type":"PropertyValueSpecification","valueRequired":true,"valueName":"search_term_string"}}],"inLanguage":"fr-FR"},{"@type":"Organization","@id":"https:\/\/petproducts.com.cn\/#organization","name":"Petstar","url":"https:\/\/petproducts.com.cn\/","logo":{"@type":"ImageObject","inLanguage":"fr-FR","@id":"https:\/\/petproducts.com.cn\/#\/schema\/logo\/image\/","url":"https:\/\/petproducts.com.cn\/wp-content\/uploads\/2020\/02\/petstar-logo.webp","contentUrl":"https:\/\/petproducts.com.cn\/wp-content\/uploads\/2020\/02\/petstar-logo.webp","width":779,"height":520,"caption":"Petstar"},"image":{"@id":"https:\/\/petproducts.com.cn\/#\/schema\/logo\/image\/"}}]}},"_links":{"self":[{"href":"https:\/\/petproducts.com.cn\/fr\/wp-json\/wp\/v2\/product\/30693","targetHints":{"allow":["GET"]}}],"collection":[{"href":"https:\/\/petproducts.com.cn\/fr\/wp-json\/wp\/v2\/product"}],"about":[{"href":"https:\/\/petproducts.com.cn\/fr\/wp-json\/wp\/v2\/types\/product"}],"version-history":[{"count":3,"href":"https:\/\/petproducts.com.cn\/fr\/wp-json\/wp\/v2\/product\/30693\/revisions"}],"predecessor-version":[{"id":30703,"href":"https:\/\/petproducts.com.cn\/fr\/wp-json\/wp\/v2\/product\/30693\/revisions\/30703"}],"wp:featuredmedia":[{"embeddable":true,"href":"https:\/\/petproducts.com.cn\/fr\/wp-json\/wp\/v2\/media\/30697"}],"wp:attachment":[{"href":"https:\/\/petproducts.com.cn\/fr\/wp-json\/wp\/v2\/media?parent=30693"}],"wp:term":[{"taxonomy":"product_brand","embeddable":true,"href":"https:\/\/petproducts.com.cn\/fr\/wp-json\/wp\/v2\/product_brand?post=30693"},{"taxonomy":"product_cat","embeddable":true,"href":"https:\/\/petproducts.com.cn\/fr\/wp-json\/wp\/v2\/product_cat?post=30693"},{"taxonomy":"product_tag","embeddable":true,"href":"https:\/\/petproducts.com.cn\/fr\/wp-json\/wp\/v2\/product_tag?post=30693"}],"curies":[{"name":"wp","href":"https:\/\/api.w.org\/{rel}","templated":true}]}}