{"id":30829,"date":"2024-11-26T09:17:21","date_gmt":"2024-11-26T09:17:21","guid":{"rendered":"https:\/\/petproducts.com.cn\/?post_type=product&#038;p=30829"},"modified":"2024-11-26T09:28:50","modified_gmt":"2024-11-26T09:28:50","slug":"bulk-christmas-dog-toys-cheap-pet-pack-3-piece-set-plush-vinyl-dog-toys","status":"publish","type":"product","link":"https:\/\/petproducts.com.cn\/fr\/product\/bulk-christmas-dog-toys-cheap-pet-pack-3-piece-set-plush-vinyl-dog-toys\/","title":{"rendered":"Jouets de No\u00ebl pour chien pas cher Pet Pack 3 Piece Set Plush Vinyl Dog Toys"},"content":{"rendered":"<h2>Caract\u00e9ristiques des jouets de No\u00ebl pour chiens en vrac<\/h2>\n<p>Le <em>Jouets de No\u00ebl pour chiens en vrac<\/em> L'ensemble de 3 pi\u00e8ces offre un plaisir festif avec des jouets amovibles en peluche et en vinyle, parfaits pour divertir votre chien pendant la saison des f\u00eates.<\/p>\n<ol>\n<li><strong>Ensemble festif de 3 pi\u00e8ces pour les f\u00eates de fin d'ann\u00e9e<\/strong><br \/>\nCet ensemble comprend trois jouets sur le th\u00e8me de No\u00ebl : deux jouets en peluche en tissu et un jouet en vinyle, offrant \u00e0 votre chien une vari\u00e9t\u00e9 de textures \u00e0 appr\u00e9cier.<\/li>\n<li><strong>Pi\u00e8ces amovibles pour un jeu interactif<\/strong><br \/>\nVous pouvez d\u00e9tacher les pi\u00e8ces, comme le sucre d'orge et l'arbre de No\u00ebl, pour plus d'engagement et d'interactivit\u00e9 avec votre chien.<\/li>\n<li><strong>Mat\u00e9riau polyester durable pour la long\u00e9vit\u00e9<\/strong><br \/>\nLes jouets en peluche sont fabriqu\u00e9s en polyester doux mais robuste, ce qui leur permet de r\u00e9sister aux mordillements r\u00e9guliers et aux tiraillements ludiques.<\/li>\n<li><strong>Un jouet en vinyle pour se divertir<\/strong><br \/>\nLe composant en vinyle inclus offre une exp\u00e9rience de mastication satisfaisante, ce qui le rend id\u00e9al pour les chiens qui aiment les textures diff\u00e9rentes.<\/li>\n<li><strong>Taille parfaite pour toutes les races de chiens<\/strong><br \/>\nAvec des dimensions adapt\u00e9es pour une manipulation facile, ces jouets sont parfaits pour les petits, moyens et grands chiens.<\/li>\n<li><strong>L\u00e9ger et portable pour un voyage facile<\/strong><br \/>\nLa conception l\u00e9g\u00e8re vous permet de transporter ces jouets n'importe o\u00f9, que ce soit pour des sorties au parc ou des voyages de vacances.<\/li>\n<li><strong>Favorise la sant\u00e9 dentaire et le soulagement du stress<\/strong><br \/>\nM\u00e2cher ces jouets contribue \u00e0 r\u00e9duire le stress et favorise la sant\u00e9 bucco-dentaire de votre chien en nettoyant ses dents et ses gencives.<\/li>\n<li><strong>Un th\u00e8me de No\u00ebl lumineux pour la saison<\/strong><br \/>\nLe design ludique ajoute une touche festive \u00e0 la collection de jouets de votre animal de compagnie et s'inscrit parfaitement dans l'esprit des f\u00eates de fin d'ann\u00e9e.<\/li>\n<\/ol>\n<p style=\"text-align: center;\"><em><strong>Pour plus d'informations <a href=\"https:\/\/petproducts.com.cn\/fr\/wholesale-cat-toys\/\">jouets pour chats<\/a> &amp; <a href=\"https:\/\/petproducts.com.cn\/fr\/wholesale-dog-toys\/\">jouets pour chiens<\/a>,<\/strong><\/em><em><strong>\u00a0s'il vous pla\u00eet <a href=\"https:\/\/petproducts.com.cn\/fr\/nous-contacter\/\">Contactez-nous<\/a>!<\/strong><\/em><\/p>","protected":false},"excerpt":{"rendered":"<p>Le <em>Jouets de No\u00ebl pour chiens en vrac<\/em> L'ensemble de 3 pi\u00e8ces offre un plaisir festif avec des jouets amovibles en peluche et en vinyle, parfaits pour divertir votre chien pendant la saison des f\u00eates.<\/p>","protected":false},"featured_media":30833,"template":"","meta":{"_acf_changed":false},"product_brand":[],"product_cat":[72,48],"product_tag":[235,247,223,231,195],"class_list":{"0":"post-30829","1":"product","2":"type-product","3":"status-publish","4":"has-post-thumbnail","6":"product_cat-dog-supplies","7":"product_cat-dog-toys","8":"product_tag-christmas-pet-supplies","9":"product_tag-christmas-pet-toys","10":"product_tag-dog-chew-toys","11":"product_tag-dog-plush-toys","12":"product_tag-dog-toys-set","14":"first","15":"instock","16":"shipping-taxable","17":"product-type-simple"},"acf":[],"yoast_head":"<!-- This site is optimized with the Yoast SEO plugin v27.1.1 - https:\/\/yoast.com\/product\/yoast-seo-wordpress\/ -->\n<title>Bulk Christmas Dog Toys | Dog Toys Set Manufacturer- Petstar<\/title>\n<meta name=\"description\" content=\"Explore Bulk Christmas Dog Toys from the best pet products supplier. Petstar is a global pet product manufacturer. Your ideal business solution with Petstar.\" \/>\n<meta name=\"robots\" content=\"index, follow, max-snippet:-1, max-image-preview:large, max-video-preview:-1\" \/>\n<link rel=\"canonical\" href=\"https:\/\/petproducts.com.cn\/fr\/produit\/bulk-christmas-dog-toys-cheap-pet-pack-3-piece-set-plush-vinyl-dog-toys\/\" \/>\n<meta property=\"og:locale\" content=\"fr_FR\" \/>\n<meta property=\"og:type\" content=\"article\" \/>\n<meta property=\"og:title\" content=\"Bulk Christmas Dog Toys | Dog Toys Set Manufacturer- Petstar\" \/>\n<meta property=\"og:description\" content=\"Explore Bulk Christmas Dog Toys from the best pet products supplier. Petstar is a global pet product manufacturer. Your ideal business solution with Petstar.\" \/>\n<meta property=\"og:url\" content=\"https:\/\/petproducts.com.cn\/fr\/produit\/bulk-christmas-dog-toys-cheap-pet-pack-3-piece-set-plush-vinyl-dog-toys\/\" \/>\n<meta property=\"og:site_name\" content=\"Petstar\" \/>\n<meta property=\"article:modified_time\" content=\"2024-11-26T09:28:50+00:00\" \/>\n<meta property=\"og:image\" content=\"https:\/\/petproducts.com.cn\/wp-content\/uploads\/2024\/11\/Manufacturer-Bulk-Christmas-Dog-Toys.webp\" \/>\n\t<meta property=\"og:image:width\" content=\"1000\" \/>\n\t<meta property=\"og:image:height\" content=\"1000\" \/>\n\t<meta property=\"og:image:type\" content=\"image\/webp\" \/>\n<meta name=\"twitter:card\" content=\"summary_large_image\" \/>\n<meta name=\"twitter:label1\" content=\"Dur\u00e9e de lecture estim\u00e9e\" \/>\n\t<meta name=\"twitter:data1\" content=\"2 minutes\" \/>\n<script type=\"application\/ld+json\" class=\"yoast-schema-graph\">{\"@context\":\"https:\/\/schema.org\",\"@graph\":[{\"@type\":\"WebPage\",\"@id\":\"https:\/\/petproducts.com.cn\/product\/bulk-christmas-dog-toys-cheap-pet-pack-3-piece-set-plush-vinyl-dog-toys\/\",\"url\":\"https:\/\/petproducts.com.cn\/product\/bulk-christmas-dog-toys-cheap-pet-pack-3-piece-set-plush-vinyl-dog-toys\/\",\"name\":\"Bulk Christmas Dog Toys | Dog Toys Set Manufacturer- Petstar\",\"isPartOf\":{\"@id\":\"https:\/\/petproducts.com.cn\/#website\"},\"primaryImageOfPage\":{\"@id\":\"https:\/\/petproducts.com.cn\/product\/bulk-christmas-dog-toys-cheap-pet-pack-3-piece-set-plush-vinyl-dog-toys\/#primaryimage\"},\"image\":{\"@id\":\"https:\/\/petproducts.com.cn\/product\/bulk-christmas-dog-toys-cheap-pet-pack-3-piece-set-plush-vinyl-dog-toys\/#primaryimage\"},\"thumbnailUrl\":\"https:\/\/petproducts.com.cn\/wp-content\/uploads\/2024\/11\/Manufacturer-Bulk-Christmas-Dog-Toys.webp\",\"datePublished\":\"2024-11-26T09:17:21+00:00\",\"dateModified\":\"2024-11-26T09:28:50+00:00\",\"description\":\"Explore Bulk Christmas Dog Toys from the best pet products supplier. Petstar is a global pet product manufacturer. Your ideal business solution with Petstar.\",\"breadcrumb\":{\"@id\":\"https:\/\/petproducts.com.cn\/product\/bulk-christmas-dog-toys-cheap-pet-pack-3-piece-set-plush-vinyl-dog-toys\/#breadcrumb\"},\"inLanguage\":\"fr-FR\",\"potentialAction\":[{\"@type\":\"ReadAction\",\"target\":[\"https:\/\/petproducts.com.cn\/product\/bulk-christmas-dog-toys-cheap-pet-pack-3-piece-set-plush-vinyl-dog-toys\/\"]}]},{\"@type\":\"ImageObject\",\"inLanguage\":\"fr-FR\",\"@id\":\"https:\/\/petproducts.com.cn\/product\/bulk-christmas-dog-toys-cheap-pet-pack-3-piece-set-plush-vinyl-dog-toys\/#primaryimage\",\"url\":\"https:\/\/petproducts.com.cn\/wp-content\/uploads\/2024\/11\/Manufacturer-Bulk-Christmas-Dog-Toys.webp\",\"contentUrl\":\"https:\/\/petproducts.com.cn\/wp-content\/uploads\/2024\/11\/Manufacturer-Bulk-Christmas-Dog-Toys.webp\",\"width\":1000,\"height\":1000,\"caption\":\"Manufacturer Bulk Christmas Dog Toys\"},{\"@type\":\"BreadcrumbList\",\"@id\":\"https:\/\/petproducts.com.cn\/product\/bulk-christmas-dog-toys-cheap-pet-pack-3-piece-set-plush-vinyl-dog-toys\/#breadcrumb\",\"itemListElement\":[{\"@type\":\"ListItem\",\"position\":1,\"name\":\"HOME\",\"item\":\"https:\/\/petproducts.com.cn\/\"},{\"@type\":\"ListItem\",\"position\":2,\"name\":\"Products\",\"item\":\"https:\/\/petproducts.com.cn\/shop\/\"},{\"@type\":\"ListItem\",\"position\":3,\"name\":\"Dog Toys\",\"item\":\"https:\/\/petproducts.com.cn\/product-category\/dog-toys\/\"},{\"@type\":\"ListItem\",\"position\":4,\"name\":\"Bulk Christmas Dog Toys Cheap Pet Pack 3 Piece Set Plush Vinyl Dog Toys\"}]},{\"@type\":\"WebSite\",\"@id\":\"https:\/\/petproducts.com.cn\/#website\",\"url\":\"https:\/\/petproducts.com.cn\/\",\"name\":\"Petstar\",\"description\":\"Leading Pet Supplies Manufacturer &amp; OEM Pet Products Supplier\",\"publisher\":{\"@id\":\"https:\/\/petproducts.com.cn\/#organization\"},\"alternateName\":\"Petstar Pet Supplies\",\"potentialAction\":[{\"@type\":\"SearchAction\",\"target\":{\"@type\":\"EntryPoint\",\"urlTemplate\":\"https:\/\/petproducts.com.cn\/?s={search_term_string}\"},\"query-input\":{\"@type\":\"PropertyValueSpecification\",\"valueRequired\":true,\"valueName\":\"search_term_string\"}}],\"inLanguage\":\"fr-FR\"},{\"@type\":\"Organization\",\"@id\":\"https:\/\/petproducts.com.cn\/#organization\",\"name\":\"Petstar\",\"url\":\"https:\/\/petproducts.com.cn\/\",\"logo\":{\"@type\":\"ImageObject\",\"inLanguage\":\"fr-FR\",\"@id\":\"https:\/\/petproducts.com.cn\/#\/schema\/logo\/image\/\",\"url\":\"https:\/\/petproducts.com.cn\/wp-content\/uploads\/2020\/02\/petstar-logo.webp\",\"contentUrl\":\"https:\/\/petproducts.com.cn\/wp-content\/uploads\/2020\/02\/petstar-logo.webp\",\"width\":779,\"height\":520,\"caption\":\"Petstar\"},\"image\":{\"@id\":\"https:\/\/petproducts.com.cn\/#\/schema\/logo\/image\/\"}}]}<\/script>\n<!-- \/ Yoast SEO plugin. -->","yoast_head_json":{"title":"Jouets de No\u00ebl pour chien en vrac - Petstar","description":"D\u00e9couvrez les jouets de No\u00ebl pour chiens en vrac du meilleur fournisseur de produits pour animaux de compagnie. Petstar est un fabricant mondial de produits pour animaux de compagnie. Votre solution commerciale id\u00e9ale avec Petstar.","robots":{"index":"index","follow":"follow","max-snippet":"max-snippet:-1","max-image-preview":"max-image-preview:large","max-video-preview":"max-video-preview:-1"},"canonical":"https:\/\/petproducts.com.cn\/fr\/produit\/bulk-christmas-dog-toys-cheap-pet-pack-3-piece-set-plush-vinyl-dog-toys\/","og_locale":"fr_FR","og_type":"article","og_title":"Bulk Christmas Dog Toys | Dog Toys Set Manufacturer- Petstar","og_description":"Explore Bulk Christmas Dog Toys from the best pet products supplier. Petstar is a global pet product manufacturer. Your ideal business solution with Petstar.","og_url":"https:\/\/petproducts.com.cn\/fr\/produit\/bulk-christmas-dog-toys-cheap-pet-pack-3-piece-set-plush-vinyl-dog-toys\/","og_site_name":"Petstar","article_modified_time":"2024-11-26T09:28:50+00:00","og_image":[{"width":1000,"height":1000,"url":"https:\/\/petproducts.com.cn\/wp-content\/uploads\/2024\/11\/Manufacturer-Bulk-Christmas-Dog-Toys.webp","type":"image\/webp"}],"twitter_card":"summary_large_image","twitter_misc":{"Dur\u00e9e de lecture estim\u00e9e":"2 minutes"},"schema":{"@context":"https:\/\/schema.org","@graph":[{"@type":"WebPage","@id":"https:\/\/petproducts.com.cn\/product\/bulk-christmas-dog-toys-cheap-pet-pack-3-piece-set-plush-vinyl-dog-toys\/","url":"https:\/\/petproducts.com.cn\/product\/bulk-christmas-dog-toys-cheap-pet-pack-3-piece-set-plush-vinyl-dog-toys\/","name":"Jouets de No\u00ebl pour chien en vrac - Petstar","isPartOf":{"@id":"https:\/\/petproducts.com.cn\/#website"},"primaryImageOfPage":{"@id":"https:\/\/petproducts.com.cn\/product\/bulk-christmas-dog-toys-cheap-pet-pack-3-piece-set-plush-vinyl-dog-toys\/#primaryimage"},"image":{"@id":"https:\/\/petproducts.com.cn\/product\/bulk-christmas-dog-toys-cheap-pet-pack-3-piece-set-plush-vinyl-dog-toys\/#primaryimage"},"thumbnailUrl":"https:\/\/petproducts.com.cn\/wp-content\/uploads\/2024\/11\/Manufacturer-Bulk-Christmas-Dog-Toys.webp","datePublished":"2024-11-26T09:17:21+00:00","dateModified":"2024-11-26T09:28:50+00:00","description":"D\u00e9couvrez les jouets de No\u00ebl pour chiens en vrac du meilleur fournisseur de produits pour animaux de compagnie. Petstar est un fabricant mondial de produits pour animaux de compagnie. Votre solution commerciale id\u00e9ale avec Petstar.","breadcrumb":{"@id":"https:\/\/petproducts.com.cn\/product\/bulk-christmas-dog-toys-cheap-pet-pack-3-piece-set-plush-vinyl-dog-toys\/#breadcrumb"},"inLanguage":"fr-FR","potentialAction":[{"@type":"ReadAction","target":["https:\/\/petproducts.com.cn\/product\/bulk-christmas-dog-toys-cheap-pet-pack-3-piece-set-plush-vinyl-dog-toys\/"]}]},{"@type":"ImageObject","inLanguage":"fr-FR","@id":"https:\/\/petproducts.com.cn\/product\/bulk-christmas-dog-toys-cheap-pet-pack-3-piece-set-plush-vinyl-dog-toys\/#primaryimage","url":"https:\/\/petproducts.com.cn\/wp-content\/uploads\/2024\/11\/Manufacturer-Bulk-Christmas-Dog-Toys.webp","contentUrl":"https:\/\/petproducts.com.cn\/wp-content\/uploads\/2024\/11\/Manufacturer-Bulk-Christmas-Dog-Toys.webp","width":1000,"height":1000,"caption":"Manufacturer Bulk Christmas Dog Toys"},{"@type":"BreadcrumbList","@id":"https:\/\/petproducts.com.cn\/product\/bulk-christmas-dog-toys-cheap-pet-pack-3-piece-set-plush-vinyl-dog-toys\/#breadcrumb","itemListElement":[{"@type":"ListItem","position":1,"name":"HOME","item":"https:\/\/petproducts.com.cn\/"},{"@type":"ListItem","position":2,"name":"Products","item":"https:\/\/petproducts.com.cn\/shop\/"},{"@type":"ListItem","position":3,"name":"Dog Toys","item":"https:\/\/petproducts.com.cn\/product-category\/dog-toys\/"},{"@type":"ListItem","position":4,"name":"Bulk Christmas Dog Toys Cheap Pet Pack 3 Piece Set Plush Vinyl Dog Toys"}]},{"@type":"WebSite","@id":"https:\/\/petproducts.com.cn\/#website","url":"https:\/\/petproducts.com.cn\/","name":"Petstar","description":"Fabricant leader de fournitures pour animaux de compagnie et fournisseur OEM de produits pour animaux de compagnie","publisher":{"@id":"https:\/\/petproducts.com.cn\/#organization"},"alternateName":"Petstar Pet Supplies","potentialAction":[{"@type":"SearchAction","target":{"@type":"EntryPoint","urlTemplate":"https:\/\/petproducts.com.cn\/?s={search_term_string}"},"query-input":{"@type":"PropertyValueSpecification","valueRequired":true,"valueName":"search_term_string"}}],"inLanguage":"fr-FR"},{"@type":"Organization","@id":"https:\/\/petproducts.com.cn\/#organization","name":"Petstar","url":"https:\/\/petproducts.com.cn\/","logo":{"@type":"ImageObject","inLanguage":"fr-FR","@id":"https:\/\/petproducts.com.cn\/#\/schema\/logo\/image\/","url":"https:\/\/petproducts.com.cn\/wp-content\/uploads\/2020\/02\/petstar-logo.webp","contentUrl":"https:\/\/petproducts.com.cn\/wp-content\/uploads\/2020\/02\/petstar-logo.webp","width":779,"height":520,"caption":"Petstar"},"image":{"@id":"https:\/\/petproducts.com.cn\/#\/schema\/logo\/image\/"}}]}},"_links":{"self":[{"href":"https:\/\/petproducts.com.cn\/fr\/wp-json\/wp\/v2\/product\/30829","targetHints":{"allow":["GET"]}}],"collection":[{"href":"https:\/\/petproducts.com.cn\/fr\/wp-json\/wp\/v2\/product"}],"about":[{"href":"https:\/\/petproducts.com.cn\/fr\/wp-json\/wp\/v2\/types\/product"}],"version-history":[{"count":2,"href":"https:\/\/petproducts.com.cn\/fr\/wp-json\/wp\/v2\/product\/30829\/revisions"}],"predecessor-version":[{"id":30837,"href":"https:\/\/petproducts.com.cn\/fr\/wp-json\/wp\/v2\/product\/30829\/revisions\/30837"}],"wp:featuredmedia":[{"embeddable":true,"href":"https:\/\/petproducts.com.cn\/fr\/wp-json\/wp\/v2\/media\/30833"}],"wp:attachment":[{"href":"https:\/\/petproducts.com.cn\/fr\/wp-json\/wp\/v2\/media?parent=30829"}],"wp:term":[{"taxonomy":"product_brand","embeddable":true,"href":"https:\/\/petproducts.com.cn\/fr\/wp-json\/wp\/v2\/product_brand?post=30829"},{"taxonomy":"product_cat","embeddable":true,"href":"https:\/\/petproducts.com.cn\/fr\/wp-json\/wp\/v2\/product_cat?post=30829"},{"taxonomy":"product_tag","embeddable":true,"href":"https:\/\/petproducts.com.cn\/fr\/wp-json\/wp\/v2\/product_tag?post=30829"}],"curies":[{"name":"wp","href":"https:\/\/api.w.org\/{rel}","templated":true}]}}