{"id":32669,"date":"2025-03-17T02:02:39","date_gmt":"2025-03-17T02:02:39","guid":{"rendered":"https:\/\/petproducts.com.cn\/?post_type=product&#038;p=32669"},"modified":"2025-03-17T02:08:11","modified_gmt":"2025-03-17T02:08:11","slug":"dog-bed-car-seat-waterproof-breathable-oxford-pet-travel-bag","status":"publish","type":"product","link":"https:\/\/petproducts.com.cn\/fr\/product\/dog-bed-car-seat-waterproof-breathable-oxford-pet-travel-bag\/","title":{"rendered":"Sac de voyage pour chien, si\u00e8ge de voiture, imperm\u00e9able et respirant, Oxford"},"content":{"rendered":"<h2>Caract\u00e9ristiques du si\u00e8ge auto pour chien<\/h2>\n<ul>\n<li data-start=\"36\" data-end=\"170\"><strong data-start=\"39\" data-end=\"56\">Conception 2 en 1<\/strong> - Fonctionne \u00e0 la fois comme un lit pour chien et comme un si\u00e8ge de voiture, offrant un confort et une s\u00e9curit\u00e9 ultimes aux animaux de compagnie pendant les voyages.<\/li>\n<li data-start=\"171\" data-end=\"330\"><strong data-start=\"174\" data-end=\"210\">Mat\u00e9riau imperm\u00e9able et respirant<\/strong> - Fabriqu\u00e9 en tissu Oxford durable, il garantit la r\u00e9sistance \u00e0 l'eau tout en maintenant la respirabilit\u00e9 pour une promenade confortable.<\/li>\n<li><strong data-start=\"334\" data-end=\"361\">Pliable et peu encombrant<\/strong> - La conception compacte et pliable permet un stockage et un transport faciles lorsqu'elle n'est pas utilis\u00e9e.<\/li>\n<li data-start=\"456\" data-end=\"599\"><strong data-start=\"459\" data-end=\"491\">Baffle de soutien pour la stabilit\u00e9<\/strong> - Le d\u00e9flecteur de soutien int\u00e9gr\u00e9 offre une protection suppl\u00e9mentaire et maintient les animaux en toute s\u00e9curit\u00e9 pendant les trajets en voiture.<\/li>\n<li data-start=\"600\" data-end=\"750\"><strong data-start=\"603\" data-end=\"634\">R\u00e9glable pour un ajustement sur mesure<\/strong> - <strong data-start=\"637\" data-end=\"658\">UN<\/strong>Les sangles r\u00e9glables garantissent un maintien s\u00fbr et confortable dans diff\u00e9rents mod\u00e8les de voitures, am\u00e9liorant ainsi la s\u00e9curit\u00e9 et le confort de l'animal.<\/li>\n<\/ul>","protected":false},"excerpt":{"rendered":"<p>Le sac de voyage en oxford imperm\u00e9able et respirant pour chien combine confort, s\u00e9curit\u00e9 et commodit\u00e9 gr\u00e2ce \u00e0 sa conception pliable, son d\u00e9flecteur de soutien et ses sangles r\u00e9glables, ce qui en fait le compagnon de voyage id\u00e9al pour les animaux de compagnie.<\/p>","protected":false},"featured_media":32675,"template":"","meta":{"_acf_changed":false},"product_brand":[],"product_cat":[133,71,132,72],"product_tag":[285,194],"class_list":{"0":"post-32669","1":"product","2":"type-product","3":"status-publish","4":"has-post-thumbnail","6":"product_cat-cat-carriers-car-supplies","7":"product_cat-cat-supplies","8":"product_cat-dog-carriers-car-supplies","9":"product_cat-dog-supplies","10":"product_tag-pet-car-covers","11":"product_tag-pet-car-supplies","13":"first","14":"instock","15":"shipping-taxable","16":"product-type-simple"},"acf":[],"yoast_head":"<!-- This site is optimized with the Yoast SEO plugin v27.1.1 - https:\/\/yoast.com\/product\/yoast-seo-wordpress\/ -->\n<title>Dog Bed Car Seat | Pet Car Cover Manufacturer - Petstar<\/title>\n<meta name=\"description\" content=\"Explore Dog Bed Car Seat from the best pet products supplier. Petstar is a global pet products manufacturer. Your ideal business solution with Petstar.\" \/>\n<meta name=\"robots\" content=\"index, follow, max-snippet:-1, max-image-preview:large, max-video-preview:-1\" \/>\n<link rel=\"canonical\" href=\"https:\/\/petproducts.com.cn\/fr\/produit\/dog-bed-car-seat-waterproof-breathable-oxford-pet-travel-bag\/\" \/>\n<meta property=\"og:locale\" content=\"fr_FR\" \/>\n<meta property=\"og:type\" content=\"article\" \/>\n<meta property=\"og:title\" content=\"Dog Bed Car Seat | Pet Car Cover Manufacturer - Petstar\" \/>\n<meta property=\"og:description\" content=\"Explore Dog Bed Car Seat from the best pet products supplier. Petstar is a global pet products manufacturer. Your ideal business solution with Petstar.\" \/>\n<meta property=\"og:url\" content=\"https:\/\/petproducts.com.cn\/fr\/produit\/dog-bed-car-seat-waterproof-breathable-oxford-pet-travel-bag\/\" \/>\n<meta property=\"og:site_name\" content=\"Petstar\" \/>\n<meta property=\"article:modified_time\" content=\"2025-03-17T02:08:11+00:00\" \/>\n<meta property=\"og:image\" content=\"https:\/\/petproducts.com.cn\/wp-content\/uploads\/2025\/03\/dog-bed-car-seat.webp\" \/>\n\t<meta property=\"og:image:width\" content=\"1000\" \/>\n\t<meta property=\"og:image:height\" content=\"1000\" \/>\n\t<meta property=\"og:image:type\" content=\"image\/webp\" \/>\n<meta name=\"twitter:card\" content=\"summary_large_image\" \/>\n<meta name=\"twitter:label1\" content=\"Dur\u00e9e de lecture estim\u00e9e\" \/>\n\t<meta name=\"twitter:data1\" content=\"1 minute\" \/>\n<script type=\"application\/ld+json\" class=\"yoast-schema-graph\">{\"@context\":\"https:\/\/schema.org\",\"@graph\":[{\"@type\":\"WebPage\",\"@id\":\"https:\/\/petproducts.com.cn\/product\/dog-bed-car-seat-waterproof-breathable-oxford-pet-travel-bag\/\",\"url\":\"https:\/\/petproducts.com.cn\/product\/dog-bed-car-seat-waterproof-breathable-oxford-pet-travel-bag\/\",\"name\":\"Dog Bed Car Seat | Pet Car Cover Manufacturer - Petstar\",\"isPartOf\":{\"@id\":\"https:\/\/petproducts.com.cn\/#website\"},\"primaryImageOfPage\":{\"@id\":\"https:\/\/petproducts.com.cn\/product\/dog-bed-car-seat-waterproof-breathable-oxford-pet-travel-bag\/#primaryimage\"},\"image\":{\"@id\":\"https:\/\/petproducts.com.cn\/product\/dog-bed-car-seat-waterproof-breathable-oxford-pet-travel-bag\/#primaryimage\"},\"thumbnailUrl\":\"https:\/\/petproducts.com.cn\/wp-content\/uploads\/2025\/03\/dog-bed-car-seat.webp\",\"datePublished\":\"2025-03-17T02:02:39+00:00\",\"dateModified\":\"2025-03-17T02:08:11+00:00\",\"description\":\"Explore Dog Bed Car Seat from the best pet products supplier. Petstar is a global pet products manufacturer. Your ideal business solution with Petstar.\",\"breadcrumb\":{\"@id\":\"https:\/\/petproducts.com.cn\/product\/dog-bed-car-seat-waterproof-breathable-oxford-pet-travel-bag\/#breadcrumb\"},\"inLanguage\":\"fr-FR\",\"potentialAction\":[{\"@type\":\"ReadAction\",\"target\":[\"https:\/\/petproducts.com.cn\/product\/dog-bed-car-seat-waterproof-breathable-oxford-pet-travel-bag\/\"]}]},{\"@type\":\"ImageObject\",\"inLanguage\":\"fr-FR\",\"@id\":\"https:\/\/petproducts.com.cn\/product\/dog-bed-car-seat-waterproof-breathable-oxford-pet-travel-bag\/#primaryimage\",\"url\":\"https:\/\/petproducts.com.cn\/wp-content\/uploads\/2025\/03\/dog-bed-car-seat.webp\",\"contentUrl\":\"https:\/\/petproducts.com.cn\/wp-content\/uploads\/2025\/03\/dog-bed-car-seat.webp\",\"width\":1000,\"height\":1000,\"caption\":\"dog bed car seat\"},{\"@type\":\"BreadcrumbList\",\"@id\":\"https:\/\/petproducts.com.cn\/product\/dog-bed-car-seat-waterproof-breathable-oxford-pet-travel-bag\/#breadcrumb\",\"itemListElement\":[{\"@type\":\"ListItem\",\"position\":1,\"name\":\"HOME\",\"item\":\"https:\/\/petproducts.com.cn\/\"},{\"@type\":\"ListItem\",\"position\":2,\"name\":\"Products\",\"item\":\"https:\/\/petproducts.com.cn\/shop\/\"},{\"@type\":\"ListItem\",\"position\":3,\"name\":\"Dog Carriers &amp; Car Supplies\",\"item\":\"https:\/\/petproducts.com.cn\/product-category\/dog-carriers-car-supplies\/\"},{\"@type\":\"ListItem\",\"position\":4,\"name\":\"Dog Bed Car Seat Waterproof Breathable Oxford Pet Travel Bag\"}]},{\"@type\":\"WebSite\",\"@id\":\"https:\/\/petproducts.com.cn\/#website\",\"url\":\"https:\/\/petproducts.com.cn\/\",\"name\":\"Petstar\",\"description\":\"Leading Pet Supplies Manufacturer &amp; OEM Pet Products Supplier\",\"publisher\":{\"@id\":\"https:\/\/petproducts.com.cn\/#organization\"},\"alternateName\":\"Petstar Pet Supplies\",\"potentialAction\":[{\"@type\":\"SearchAction\",\"target\":{\"@type\":\"EntryPoint\",\"urlTemplate\":\"https:\/\/petproducts.com.cn\/?s={search_term_string}\"},\"query-input\":{\"@type\":\"PropertyValueSpecification\",\"valueRequired\":true,\"valueName\":\"search_term_string\"}}],\"inLanguage\":\"fr-FR\"},{\"@type\":\"Organization\",\"@id\":\"https:\/\/petproducts.com.cn\/#organization\",\"name\":\"Petstar\",\"url\":\"https:\/\/petproducts.com.cn\/\",\"logo\":{\"@type\":\"ImageObject\",\"inLanguage\":\"fr-FR\",\"@id\":\"https:\/\/petproducts.com.cn\/#\/schema\/logo\/image\/\",\"url\":\"https:\/\/petproducts.com.cn\/wp-content\/uploads\/2020\/02\/petstar-logo.webp\",\"contentUrl\":\"https:\/\/petproducts.com.cn\/wp-content\/uploads\/2020\/02\/petstar-logo.webp\",\"width\":779,\"height\":520,\"caption\":\"Petstar\"},\"image\":{\"@id\":\"https:\/\/petproducts.com.cn\/#\/schema\/logo\/image\/\"}}]}<\/script>\n<!-- \/ Yoast SEO plugin. -->","yoast_head_json":{"title":"Housse de voiture pour chien - Petstar","description":"D\u00e9couvrez le si\u00e8ge auto pour chien du meilleur fournisseur de produits pour animaux de compagnie. Petstar est un fabricant mondial de produits pour animaux de compagnie. Votre solution commerciale id\u00e9ale avec Petstar.","robots":{"index":"index","follow":"follow","max-snippet":"max-snippet:-1","max-image-preview":"max-image-preview:large","max-video-preview":"max-video-preview:-1"},"canonical":"https:\/\/petproducts.com.cn\/fr\/produit\/dog-bed-car-seat-waterproof-breathable-oxford-pet-travel-bag\/","og_locale":"fr_FR","og_type":"article","og_title":"Dog Bed Car Seat | Pet Car Cover Manufacturer - Petstar","og_description":"Explore Dog Bed Car Seat from the best pet products supplier. Petstar is a global pet products manufacturer. Your ideal business solution with Petstar.","og_url":"https:\/\/petproducts.com.cn\/fr\/produit\/dog-bed-car-seat-waterproof-breathable-oxford-pet-travel-bag\/","og_site_name":"Petstar","article_modified_time":"2025-03-17T02:08:11+00:00","og_image":[{"width":1000,"height":1000,"url":"https:\/\/petproducts.com.cn\/wp-content\/uploads\/2025\/03\/dog-bed-car-seat.webp","type":"image\/webp"}],"twitter_card":"summary_large_image","twitter_misc":{"Dur\u00e9e de lecture estim\u00e9e":"1 minute"},"schema":{"@context":"https:\/\/schema.org","@graph":[{"@type":"WebPage","@id":"https:\/\/petproducts.com.cn\/product\/dog-bed-car-seat-waterproof-breathable-oxford-pet-travel-bag\/","url":"https:\/\/petproducts.com.cn\/product\/dog-bed-car-seat-waterproof-breathable-oxford-pet-travel-bag\/","name":"Housse de voiture pour chien - Petstar","isPartOf":{"@id":"https:\/\/petproducts.com.cn\/#website"},"primaryImageOfPage":{"@id":"https:\/\/petproducts.com.cn\/product\/dog-bed-car-seat-waterproof-breathable-oxford-pet-travel-bag\/#primaryimage"},"image":{"@id":"https:\/\/petproducts.com.cn\/product\/dog-bed-car-seat-waterproof-breathable-oxford-pet-travel-bag\/#primaryimage"},"thumbnailUrl":"https:\/\/petproducts.com.cn\/wp-content\/uploads\/2025\/03\/dog-bed-car-seat.webp","datePublished":"2025-03-17T02:02:39+00:00","dateModified":"2025-03-17T02:08:11+00:00","description":"D\u00e9couvrez le si\u00e8ge auto pour chien du meilleur fournisseur de produits pour animaux de compagnie. Petstar est un fabricant mondial de produits pour animaux de compagnie. Votre solution commerciale id\u00e9ale avec Petstar.","breadcrumb":{"@id":"https:\/\/petproducts.com.cn\/product\/dog-bed-car-seat-waterproof-breathable-oxford-pet-travel-bag\/#breadcrumb"},"inLanguage":"fr-FR","potentialAction":[{"@type":"ReadAction","target":["https:\/\/petproducts.com.cn\/product\/dog-bed-car-seat-waterproof-breathable-oxford-pet-travel-bag\/"]}]},{"@type":"ImageObject","inLanguage":"fr-FR","@id":"https:\/\/petproducts.com.cn\/product\/dog-bed-car-seat-waterproof-breathable-oxford-pet-travel-bag\/#primaryimage","url":"https:\/\/petproducts.com.cn\/wp-content\/uploads\/2025\/03\/dog-bed-car-seat.webp","contentUrl":"https:\/\/petproducts.com.cn\/wp-content\/uploads\/2025\/03\/dog-bed-car-seat.webp","width":1000,"height":1000,"caption":"dog bed car seat"},{"@type":"BreadcrumbList","@id":"https:\/\/petproducts.com.cn\/product\/dog-bed-car-seat-waterproof-breathable-oxford-pet-travel-bag\/#breadcrumb","itemListElement":[{"@type":"ListItem","position":1,"name":"HOME","item":"https:\/\/petproducts.com.cn\/"},{"@type":"ListItem","position":2,"name":"Products","item":"https:\/\/petproducts.com.cn\/shop\/"},{"@type":"ListItem","position":3,"name":"Dog Carriers &amp; Car Supplies","item":"https:\/\/petproducts.com.cn\/product-category\/dog-carriers-car-supplies\/"},{"@type":"ListItem","position":4,"name":"Dog Bed Car Seat Waterproof Breathable Oxford Pet Travel Bag"}]},{"@type":"WebSite","@id":"https:\/\/petproducts.com.cn\/#website","url":"https:\/\/petproducts.com.cn\/","name":"Petstar","description":"Fabricant leader de fournitures pour animaux de compagnie et fournisseur OEM de produits pour animaux de compagnie","publisher":{"@id":"https:\/\/petproducts.com.cn\/#organization"},"alternateName":"Petstar Pet Supplies","potentialAction":[{"@type":"SearchAction","target":{"@type":"EntryPoint","urlTemplate":"https:\/\/petproducts.com.cn\/?s={search_term_string}"},"query-input":{"@type":"PropertyValueSpecification","valueRequired":true,"valueName":"search_term_string"}}],"inLanguage":"fr-FR"},{"@type":"Organization","@id":"https:\/\/petproducts.com.cn\/#organization","name":"Petstar","url":"https:\/\/petproducts.com.cn\/","logo":{"@type":"ImageObject","inLanguage":"fr-FR","@id":"https:\/\/petproducts.com.cn\/#\/schema\/logo\/image\/","url":"https:\/\/petproducts.com.cn\/wp-content\/uploads\/2020\/02\/petstar-logo.webp","contentUrl":"https:\/\/petproducts.com.cn\/wp-content\/uploads\/2020\/02\/petstar-logo.webp","width":779,"height":520,"caption":"Petstar"},"image":{"@id":"https:\/\/petproducts.com.cn\/#\/schema\/logo\/image\/"}}]}},"_links":{"self":[{"href":"https:\/\/petproducts.com.cn\/fr\/wp-json\/wp\/v2\/product\/32669","targetHints":{"allow":["GET"]}}],"collection":[{"href":"https:\/\/petproducts.com.cn\/fr\/wp-json\/wp\/v2\/product"}],"about":[{"href":"https:\/\/petproducts.com.cn\/fr\/wp-json\/wp\/v2\/types\/product"}],"version-history":[{"count":1,"href":"https:\/\/petproducts.com.cn\/fr\/wp-json\/wp\/v2\/product\/32669\/revisions"}],"predecessor-version":[{"id":32676,"href":"https:\/\/petproducts.com.cn\/fr\/wp-json\/wp\/v2\/product\/32669\/revisions\/32676"}],"wp:featuredmedia":[{"embeddable":true,"href":"https:\/\/petproducts.com.cn\/fr\/wp-json\/wp\/v2\/media\/32675"}],"wp:attachment":[{"href":"https:\/\/petproducts.com.cn\/fr\/wp-json\/wp\/v2\/media?parent=32669"}],"wp:term":[{"taxonomy":"product_brand","embeddable":true,"href":"https:\/\/petproducts.com.cn\/fr\/wp-json\/wp\/v2\/product_brand?post=32669"},{"taxonomy":"product_cat","embeddable":true,"href":"https:\/\/petproducts.com.cn\/fr\/wp-json\/wp\/v2\/product_cat?post=32669"},{"taxonomy":"product_tag","embeddable":true,"href":"https:\/\/petproducts.com.cn\/fr\/wp-json\/wp\/v2\/product_tag?post=32669"}],"curies":[{"name":"wp","href":"https:\/\/api.w.org\/{rel}","templated":true}]}}