{"id":32713,"date":"2025-03-18T08:00:30","date_gmt":"2025-03-18T08:00:30","guid":{"rendered":"https:\/\/petproducts.com.cn\/?post_type=product&#038;p=32713"},"modified":"2025-03-18T08:23:20","modified_gmt":"2025-03-18T08:23:20","slug":"pet-sling-carrier-lightweight-pet-carrier-travel-handbag","status":"publish","type":"product","link":"https:\/\/petproducts.com.cn\/fr\/product\/pet-sling-carrier-lightweight-pet-carrier-travel-handbag\/","title":{"rendered":"Pet Sling Carrier Lightweight Pet Carrier Travel Handbag (Sac \u00e0 main de voyage pour animaux de compagnie)"},"content":{"rendered":"<h2>Caract\u00e9ristiques de la cage de transport pour animaux de compagnie<\/h2>\n<ul>\n<li data-start=\"36\" data-end=\"206\"><strong data-start=\"39\" data-end=\"70\">Conception confortable et s\u00fbre<\/strong> - Ce porte-b\u00e9b\u00e9 pour animaux de compagnie est dot\u00e9 d'un coussin amovible \u00e0 l'int\u00e9rieur, qui offre un confort et un soutien suppl\u00e9mentaires aux animaux pendant le voyage.<\/li>\n<li data-start=\"207\" data-end=\"379\"><strong data-start=\"210\" data-end=\"236\">R\u00e9glable et polyvalent<\/strong> - La sangle est r\u00e9glable, ce qui permet aux propri\u00e9taires d'animaux de compagnie de personnaliser la longueur pour un ajustement parfait et une exp\u00e9rience de transport confortable.<\/li>\n<li data-start=\"380\" data-end=\"556\"><strong data-start=\"383\" data-end=\"416\">L\u00e9ger et facile \u00e0 transporter<\/strong> - Con\u00e7u avec des mat\u00e9riaux l\u00e9gers, il permet de transporter facilement les animaux de compagnie lors des sorties quotidiennes, des courses ou des voyages.<\/li>\n<li data-start=\"557\" data-end=\"722\"><strong data-start=\"560\" data-end=\"589\">Look \u00e0 la mode et tendance<\/strong> - Un sac \u00e0 main de transport pour animaux de compagnie au design moderne, adapt\u00e9 aux propri\u00e9taires d'animaux de compagnie qui recherchent \u00e0 la fois la mode et la fonctionnalit\u00e9.<\/li>\n<li data-start=\"723\" data-end=\"888\"><strong data-start=\"726\" data-end=\"753\">Durable et facile \u00e0 nettoyer<\/strong> - Fabriqu\u00e9 dans un tissu de haute qualit\u00e9, ce porte-b\u00e9b\u00e9 pour animaux de compagnie est durable, respirant et facile \u00e0 entretenir, ce qui garantit une utilisation durable.<\/li>\n<\/ul>","protected":false},"excerpt":{"rendered":"<p>Le sac de voyage en bandouli\u00e8re pour animaux de compagnie allie style et commodit\u00e9. Dot\u00e9 d'un coussin amovible, d'une sangle r\u00e9glable et d'un design l\u00e9ger, il constitue la solution id\u00e9ale pour transporter votre animal de compagnie en voyage, de mani\u00e8re confortable et \u00e0 la mode.<\/p>","protected":false},"featured_media":32719,"template":"","meta":{"_acf_changed":false},"product_brand":[],"product_cat":[133,71,132,72],"product_tag":[257],"class_list":{"0":"post-32713","1":"product","2":"type-product","3":"status-publish","4":"has-post-thumbnail","6":"product_cat-cat-carriers-car-supplies","7":"product_cat-cat-supplies","8":"product_cat-dog-carriers-car-supplies","9":"product_cat-dog-supplies","10":"product_tag-pet-carriers","12":"first","13":"instock","14":"shipping-taxable","15":"product-type-simple"},"acf":[],"yoast_head":"<!-- This site is optimized with the Yoast SEO plugin v27.1.1 - https:\/\/yoast.com\/product\/yoast-seo-wordpress\/ -->\n<title>Pet Sling Carrier | Pet Carrier Manufacturer - Petstar<\/title>\n<meta name=\"description\" content=\"Explore Pet Sling Carrier from the best pet products supplier. Petstar is a global pet products manufacturer. Your ideal business solution with Petstar.\" \/>\n<meta name=\"robots\" content=\"index, follow, max-snippet:-1, max-image-preview:large, max-video-preview:-1\" \/>\n<link rel=\"canonical\" href=\"https:\/\/petproducts.com.cn\/fr\/produit\/pet-sling-carrier-lightweight-pet-carrier-travel-handbag\/\" \/>\n<meta property=\"og:locale\" content=\"fr_FR\" \/>\n<meta property=\"og:type\" content=\"article\" \/>\n<meta property=\"og:title\" content=\"Pet Sling Carrier | Pet Carrier Manufacturer - Petstar\" \/>\n<meta property=\"og:description\" content=\"Explore Pet Sling Carrier from the best pet products supplier. Petstar is a global pet products manufacturer. Your ideal business solution with Petstar.\" \/>\n<meta property=\"og:url\" content=\"https:\/\/petproducts.com.cn\/fr\/produit\/pet-sling-carrier-lightweight-pet-carrier-travel-handbag\/\" \/>\n<meta property=\"og:site_name\" content=\"Petstar\" \/>\n<meta property=\"article:modified_time\" content=\"2025-03-18T08:23:20+00:00\" \/>\n<meta property=\"og:image\" content=\"https:\/\/petproducts.com.cn\/wp-content\/uploads\/2025\/03\/pet-sling-carrier.webp\" \/>\n\t<meta property=\"og:image:width\" content=\"1000\" \/>\n\t<meta property=\"og:image:height\" content=\"1000\" \/>\n\t<meta property=\"og:image:type\" content=\"image\/webp\" \/>\n<meta name=\"twitter:card\" content=\"summary_large_image\" \/>\n<meta name=\"twitter:label1\" content=\"Dur\u00e9e de lecture estim\u00e9e\" \/>\n\t<meta name=\"twitter:data1\" content=\"1 minute\" \/>\n<script type=\"application\/ld+json\" class=\"yoast-schema-graph\">{\"@context\":\"https:\/\/schema.org\",\"@graph\":[{\"@type\":\"WebPage\",\"@id\":\"https:\/\/petproducts.com.cn\/product\/pet-sling-carrier-lightweight-pet-carrier-travel-handbag\/\",\"url\":\"https:\/\/petproducts.com.cn\/product\/pet-sling-carrier-lightweight-pet-carrier-travel-handbag\/\",\"name\":\"Pet Sling Carrier | Pet Carrier Manufacturer - Petstar\",\"isPartOf\":{\"@id\":\"https:\/\/petproducts.com.cn\/#website\"},\"primaryImageOfPage\":{\"@id\":\"https:\/\/petproducts.com.cn\/product\/pet-sling-carrier-lightweight-pet-carrier-travel-handbag\/#primaryimage\"},\"image\":{\"@id\":\"https:\/\/petproducts.com.cn\/product\/pet-sling-carrier-lightweight-pet-carrier-travel-handbag\/#primaryimage\"},\"thumbnailUrl\":\"https:\/\/petproducts.com.cn\/wp-content\/uploads\/2025\/03\/pet-sling-carrier.webp\",\"datePublished\":\"2025-03-18T08:00:30+00:00\",\"dateModified\":\"2025-03-18T08:23:20+00:00\",\"description\":\"Explore Pet Sling Carrier from the best pet products supplier. Petstar is a global pet products manufacturer. Your ideal business solution with Petstar.\",\"breadcrumb\":{\"@id\":\"https:\/\/petproducts.com.cn\/product\/pet-sling-carrier-lightweight-pet-carrier-travel-handbag\/#breadcrumb\"},\"inLanguage\":\"fr-FR\",\"potentialAction\":[{\"@type\":\"ReadAction\",\"target\":[\"https:\/\/petproducts.com.cn\/product\/pet-sling-carrier-lightweight-pet-carrier-travel-handbag\/\"]}]},{\"@type\":\"ImageObject\",\"inLanguage\":\"fr-FR\",\"@id\":\"https:\/\/petproducts.com.cn\/product\/pet-sling-carrier-lightweight-pet-carrier-travel-handbag\/#primaryimage\",\"url\":\"https:\/\/petproducts.com.cn\/wp-content\/uploads\/2025\/03\/pet-sling-carrier.webp\",\"contentUrl\":\"https:\/\/petproducts.com.cn\/wp-content\/uploads\/2025\/03\/pet-sling-carrier.webp\",\"width\":1000,\"height\":1000,\"caption\":\"pet sling carrier\"},{\"@type\":\"BreadcrumbList\",\"@id\":\"https:\/\/petproducts.com.cn\/product\/pet-sling-carrier-lightweight-pet-carrier-travel-handbag\/#breadcrumb\",\"itemListElement\":[{\"@type\":\"ListItem\",\"position\":1,\"name\":\"HOME\",\"item\":\"https:\/\/petproducts.com.cn\/\"},{\"@type\":\"ListItem\",\"position\":2,\"name\":\"Products\",\"item\":\"https:\/\/petproducts.com.cn\/shop\/\"},{\"@type\":\"ListItem\",\"position\":3,\"name\":\"Dog Carriers &amp; Car Supplies\",\"item\":\"https:\/\/petproducts.com.cn\/product-category\/dog-carriers-car-supplies\/\"},{\"@type\":\"ListItem\",\"position\":4,\"name\":\"Pet Sling Carrier Lightweight Pet Carrier Travel Handbag\"}]},{\"@type\":\"WebSite\",\"@id\":\"https:\/\/petproducts.com.cn\/#website\",\"url\":\"https:\/\/petproducts.com.cn\/\",\"name\":\"Petstar\",\"description\":\"Leading Pet Supplies Manufacturer &amp; OEM Pet Products Supplier\",\"publisher\":{\"@id\":\"https:\/\/petproducts.com.cn\/#organization\"},\"alternateName\":\"Petstar Pet Supplies\",\"potentialAction\":[{\"@type\":\"SearchAction\",\"target\":{\"@type\":\"EntryPoint\",\"urlTemplate\":\"https:\/\/petproducts.com.cn\/?s={search_term_string}\"},\"query-input\":{\"@type\":\"PropertyValueSpecification\",\"valueRequired\":true,\"valueName\":\"search_term_string\"}}],\"inLanguage\":\"fr-FR\"},{\"@type\":\"Organization\",\"@id\":\"https:\/\/petproducts.com.cn\/#organization\",\"name\":\"Petstar\",\"url\":\"https:\/\/petproducts.com.cn\/\",\"logo\":{\"@type\":\"ImageObject\",\"inLanguage\":\"fr-FR\",\"@id\":\"https:\/\/petproducts.com.cn\/#\/schema\/logo\/image\/\",\"url\":\"https:\/\/petproducts.com.cn\/wp-content\/uploads\/2020\/02\/petstar-logo.webp\",\"contentUrl\":\"https:\/\/petproducts.com.cn\/wp-content\/uploads\/2020\/02\/petstar-logo.webp\",\"width\":779,\"height\":520,\"caption\":\"Petstar\"},\"image\":{\"@id\":\"https:\/\/petproducts.com.cn\/#\/schema\/logo\/image\/\"}}]}<\/script>\n<!-- \/ Yoast SEO plugin. -->","yoast_head_json":{"title":"Porte-b\u00e9b\u00e9 en bandouli\u00e8re | Fabricant de porte-b\u00e9b\u00e9 - Petstar","description":"D\u00e9couvrez le porte-b\u00e9b\u00e9 en bandouli\u00e8re du meilleur fournisseur d'articles pour animaux de compagnie. Petstar est un fabricant mondial de produits pour animaux de compagnie. Votre solution commerciale id\u00e9ale avec Petstar.","robots":{"index":"index","follow":"follow","max-snippet":"max-snippet:-1","max-image-preview":"max-image-preview:large","max-video-preview":"max-video-preview:-1"},"canonical":"https:\/\/petproducts.com.cn\/fr\/produit\/pet-sling-carrier-lightweight-pet-carrier-travel-handbag\/","og_locale":"fr_FR","og_type":"article","og_title":"Pet Sling Carrier | Pet Carrier Manufacturer - Petstar","og_description":"Explore Pet Sling Carrier from the best pet products supplier. Petstar is a global pet products manufacturer. Your ideal business solution with Petstar.","og_url":"https:\/\/petproducts.com.cn\/fr\/produit\/pet-sling-carrier-lightweight-pet-carrier-travel-handbag\/","og_site_name":"Petstar","article_modified_time":"2025-03-18T08:23:20+00:00","og_image":[{"width":1000,"height":1000,"url":"https:\/\/petproducts.com.cn\/wp-content\/uploads\/2025\/03\/pet-sling-carrier.webp","type":"image\/webp"}],"twitter_card":"summary_large_image","twitter_misc":{"Dur\u00e9e de lecture estim\u00e9e":"1 minute"},"schema":{"@context":"https:\/\/schema.org","@graph":[{"@type":"WebPage","@id":"https:\/\/petproducts.com.cn\/product\/pet-sling-carrier-lightweight-pet-carrier-travel-handbag\/","url":"https:\/\/petproducts.com.cn\/product\/pet-sling-carrier-lightweight-pet-carrier-travel-handbag\/","name":"Porte-b\u00e9b\u00e9 en bandouli\u00e8re | Fabricant de porte-b\u00e9b\u00e9 - Petstar","isPartOf":{"@id":"https:\/\/petproducts.com.cn\/#website"},"primaryImageOfPage":{"@id":"https:\/\/petproducts.com.cn\/product\/pet-sling-carrier-lightweight-pet-carrier-travel-handbag\/#primaryimage"},"image":{"@id":"https:\/\/petproducts.com.cn\/product\/pet-sling-carrier-lightweight-pet-carrier-travel-handbag\/#primaryimage"},"thumbnailUrl":"https:\/\/petproducts.com.cn\/wp-content\/uploads\/2025\/03\/pet-sling-carrier.webp","datePublished":"2025-03-18T08:00:30+00:00","dateModified":"2025-03-18T08:23:20+00:00","description":"D\u00e9couvrez le porte-b\u00e9b\u00e9 en bandouli\u00e8re du meilleur fournisseur d'articles pour animaux de compagnie. Petstar est un fabricant mondial de produits pour animaux de compagnie. Votre solution commerciale id\u00e9ale avec Petstar.","breadcrumb":{"@id":"https:\/\/petproducts.com.cn\/product\/pet-sling-carrier-lightweight-pet-carrier-travel-handbag\/#breadcrumb"},"inLanguage":"fr-FR","potentialAction":[{"@type":"ReadAction","target":["https:\/\/petproducts.com.cn\/product\/pet-sling-carrier-lightweight-pet-carrier-travel-handbag\/"]}]},{"@type":"ImageObject","inLanguage":"fr-FR","@id":"https:\/\/petproducts.com.cn\/product\/pet-sling-carrier-lightweight-pet-carrier-travel-handbag\/#primaryimage","url":"https:\/\/petproducts.com.cn\/wp-content\/uploads\/2025\/03\/pet-sling-carrier.webp","contentUrl":"https:\/\/petproducts.com.cn\/wp-content\/uploads\/2025\/03\/pet-sling-carrier.webp","width":1000,"height":1000,"caption":"pet sling carrier"},{"@type":"BreadcrumbList","@id":"https:\/\/petproducts.com.cn\/product\/pet-sling-carrier-lightweight-pet-carrier-travel-handbag\/#breadcrumb","itemListElement":[{"@type":"ListItem","position":1,"name":"HOME","item":"https:\/\/petproducts.com.cn\/"},{"@type":"ListItem","position":2,"name":"Products","item":"https:\/\/petproducts.com.cn\/shop\/"},{"@type":"ListItem","position":3,"name":"Dog Carriers &amp; Car Supplies","item":"https:\/\/petproducts.com.cn\/product-category\/dog-carriers-car-supplies\/"},{"@type":"ListItem","position":4,"name":"Pet Sling Carrier Lightweight Pet Carrier Travel Handbag"}]},{"@type":"WebSite","@id":"https:\/\/petproducts.com.cn\/#website","url":"https:\/\/petproducts.com.cn\/","name":"Petstar","description":"Fabricant leader de fournitures pour animaux de compagnie et fournisseur OEM de produits pour animaux de compagnie","publisher":{"@id":"https:\/\/petproducts.com.cn\/#organization"},"alternateName":"Petstar Pet Supplies","potentialAction":[{"@type":"SearchAction","target":{"@type":"EntryPoint","urlTemplate":"https:\/\/petproducts.com.cn\/?s={search_term_string}"},"query-input":{"@type":"PropertyValueSpecification","valueRequired":true,"valueName":"search_term_string"}}],"inLanguage":"fr-FR"},{"@type":"Organization","@id":"https:\/\/petproducts.com.cn\/#organization","name":"Petstar","url":"https:\/\/petproducts.com.cn\/","logo":{"@type":"ImageObject","inLanguage":"fr-FR","@id":"https:\/\/petproducts.com.cn\/#\/schema\/logo\/image\/","url":"https:\/\/petproducts.com.cn\/wp-content\/uploads\/2020\/02\/petstar-logo.webp","contentUrl":"https:\/\/petproducts.com.cn\/wp-content\/uploads\/2020\/02\/petstar-logo.webp","width":779,"height":520,"caption":"Petstar"},"image":{"@id":"https:\/\/petproducts.com.cn\/#\/schema\/logo\/image\/"}}]}},"_links":{"self":[{"href":"https:\/\/petproducts.com.cn\/fr\/wp-json\/wp\/v2\/product\/32713","targetHints":{"allow":["GET"]}}],"collection":[{"href":"https:\/\/petproducts.com.cn\/fr\/wp-json\/wp\/v2\/product"}],"about":[{"href":"https:\/\/petproducts.com.cn\/fr\/wp-json\/wp\/v2\/types\/product"}],"version-history":[{"count":3,"href":"https:\/\/petproducts.com.cn\/fr\/wp-json\/wp\/v2\/product\/32713\/revisions"}],"predecessor-version":[{"id":35578,"href":"https:\/\/petproducts.com.cn\/fr\/wp-json\/wp\/v2\/product\/32713\/revisions\/35578"}],"wp:featuredmedia":[{"embeddable":true,"href":"https:\/\/petproducts.com.cn\/fr\/wp-json\/wp\/v2\/media\/32719"}],"wp:attachment":[{"href":"https:\/\/petproducts.com.cn\/fr\/wp-json\/wp\/v2\/media?parent=32713"}],"wp:term":[{"taxonomy":"product_brand","embeddable":true,"href":"https:\/\/petproducts.com.cn\/fr\/wp-json\/wp\/v2\/product_brand?post=32713"},{"taxonomy":"product_cat","embeddable":true,"href":"https:\/\/petproducts.com.cn\/fr\/wp-json\/wp\/v2\/product_cat?post=32713"},{"taxonomy":"product_tag","embeddable":true,"href":"https:\/\/petproducts.com.cn\/fr\/wp-json\/wp\/v2\/product_tag?post=32713"}],"curies":[{"name":"wp","href":"https:\/\/api.w.org\/{rel}","templated":true}]}}