{"id":32877,"date":"2025-04-07T08:23:27","date_gmt":"2025-04-07T08:23:27","guid":{"rendered":"https:\/\/petproducts.com.cn\/?post_type=product&#038;p=32877"},"modified":"2025-04-14T08:34:11","modified_gmt":"2025-04-14T08:34:11","slug":"pet-crate-wooden-luxury-iron-custom-indoor-pet-house","status":"publish","type":"product","link":"https:\/\/petproducts.com.cn\/fr\/product\/pet-crate-wooden-luxury-iron-custom-indoor-pet-house\/","title":{"rendered":"Caisse pour animaux de compagnie Bois Luxe Fer Maison d'int\u00e9rieur sur mesure pour animaux de compagnie"},"content":{"rendered":"<h2>Caract\u00e9ristiques de la cage pour animaux de compagnie en bois<\/h2>\n<ul>\n<li class=\"\" data-start=\"34\" data-end=\"212\">\n<p class=\"\" data-start=\"37\" data-end=\"212\"><strong data-start=\"37\" data-end=\"74\">Combinaison bois et fer de premi\u00e8re qualit\u00e9<\/strong> - Ce mod\u00e8le de caisse en bois pour animaux de compagnie associe un cadre en fer durable \u00e0 d'\u00e9l\u00e9gants panneaux en bois, offrant \u00e0 la fois robustesse et esth\u00e9tique de luxe.<\/p>\n<\/li>\n<li data-start=\"216\" data-end=\"385\"><strong data-start=\"216\" data-end=\"255\">Une seule porte pour un acc\u00e8s facile<\/strong> - \u00c9quip\u00e9 d'une seule porte frontale qui permet aux animaux de compagnie d'entrer et de sortir facilement tout en garantissant la s\u00e9curit\u00e9 et le confinement.<\/li>\n<li class=\"\" data-start=\"386\" data-end=\"559\">\n<p class=\"\" data-start=\"389\" data-end=\"559\"><strong data-start=\"389\" data-end=\"426\">Meubles d'int\u00e9rieur personnalisables pour animaux de compagnie<\/strong> - Adaptez la taille, la couleur et les finitions des mat\u00e9riaux pour r\u00e9pondre aux demandes sp\u00e9cifiques de vos clients B2B et \u00e0 vos pr\u00e9f\u00e9rences en mati\u00e8re de d\u00e9coration int\u00e9rieure.<\/p>\n<\/li>\n<li class=\"\" data-start=\"560\" data-end=\"719\">\n<p class=\"\" data-start=\"563\" data-end=\"719\"><strong data-start=\"563\" data-end=\"597\">Id\u00e9al pour les espaces de vie int\u00e9rieurs<\/strong> - Cette cage pour animaux de compagnie sert \u00e9galement de maison d'int\u00e9rieur \u00e9l\u00e9gante et s'int\u00e8gre parfaitement dans les environnements domestiques modernes.<\/p>\n<\/li>\n<li class=\"\" data-start=\"720\" data-end=\"906\">\n<p class=\"\" data-start=\"723\" data-end=\"906\"><strong data-start=\"723\" data-end=\"765\">Cibl\u00e9 pour les acheteurs de produits pour animaux de compagnie de premi\u00e8re qualit\u00e9<\/strong> - Une solution \u00e9l\u00e9gante et haut de gamme pour les grands acheteurs qui recherchent des caisses en bois fonctionnelles et \u00e0 la mode pour leurs lignes de vente au d\u00e9tail ou d'ameublement.<\/p>\n<\/li>\n<\/ul>","protected":false},"excerpt":{"rendered":"<p>Cette cage en bois combine des panneaux de bois luxueux avec un cadre en fer robuste dans un design \u00e9l\u00e9gant \u00e0 une seule porte, ce qui en fait une maison d'int\u00e9rieur \u00e9l\u00e9gante et fonctionnelle pour les animaux de compagnie.<\/p>","protected":false},"featured_media":32883,"template":"","meta":{"_acf_changed":false},"product_brand":[],"product_cat":[52,72],"product_tag":[106],"class_list":{"0":"post-32877","1":"product","2":"type-product","3":"status-publish","4":"has-post-thumbnail","6":"product_cat-dog-crates-houses-pens","7":"product_cat-dog-supplies","8":"product_tag-dog-crates-houses-pens","10":"first","11":"instock","12":"shipping-taxable","13":"product-type-simple"},"acf":[],"yoast_head":"<!-- This site is optimized with the Yoast SEO plugin v27.1.1 - https:\/\/yoast.com\/product\/yoast-seo-wordpress\/ -->\n<title>Pet Crate Wooden | Pet Crates Manufacturer - Petstar<\/title>\n<meta name=\"description\" content=\"Explore Pet Crate Wooden from the best pet products supplier. Petstar is a global pet product manufacturer. Your ideal business solution with Petstar.\" \/>\n<meta name=\"robots\" content=\"index, follow, max-snippet:-1, max-image-preview:large, max-video-preview:-1\" \/>\n<link rel=\"canonical\" href=\"https:\/\/petproducts.com.cn\/fr\/produit\/pet-crate-wooden-luxury-iron-custom-indoor-pet-house\/\" \/>\n<meta property=\"og:locale\" content=\"fr_FR\" \/>\n<meta property=\"og:type\" content=\"article\" \/>\n<meta property=\"og:title\" content=\"Pet Crate Wooden | Pet Crates Manufacturer - Petstar\" \/>\n<meta property=\"og:description\" content=\"Explore Pet Crate Wooden from the best pet products supplier. Petstar is a global pet product manufacturer. Your ideal business solution with Petstar.\" \/>\n<meta property=\"og:url\" content=\"https:\/\/petproducts.com.cn\/fr\/produit\/pet-crate-wooden-luxury-iron-custom-indoor-pet-house\/\" \/>\n<meta property=\"og:site_name\" content=\"Petstar\" \/>\n<meta property=\"article:modified_time\" content=\"2025-04-14T08:34:11+00:00\" \/>\n<meta property=\"og:image\" content=\"https:\/\/petproducts.com.cn\/wp-content\/uploads\/2025\/04\/pet-crate-wooden.webp\" \/>\n\t<meta property=\"og:image:width\" content=\"1000\" \/>\n\t<meta property=\"og:image:height\" content=\"1000\" \/>\n\t<meta property=\"og:image:type\" content=\"image\/webp\" \/>\n<meta name=\"twitter:card\" content=\"summary_large_image\" \/>\n<meta name=\"twitter:label1\" content=\"Dur\u00e9e de lecture estim\u00e9e\" \/>\n\t<meta name=\"twitter:data1\" content=\"1 minute\" \/>\n<script type=\"application\/ld+json\" class=\"yoast-schema-graph\">{\"@context\":\"https:\/\/schema.org\",\"@graph\":[{\"@type\":\"WebPage\",\"@id\":\"https:\/\/petproducts.com.cn\/product\/pet-crate-wooden-luxury-iron-custom-indoor-pet-house\/\",\"url\":\"https:\/\/petproducts.com.cn\/product\/pet-crate-wooden-luxury-iron-custom-indoor-pet-house\/\",\"name\":\"Pet Crate Wooden | Pet Crates Manufacturer - Petstar\",\"isPartOf\":{\"@id\":\"https:\/\/petproducts.com.cn\/#website\"},\"primaryImageOfPage\":{\"@id\":\"https:\/\/petproducts.com.cn\/product\/pet-crate-wooden-luxury-iron-custom-indoor-pet-house\/#primaryimage\"},\"image\":{\"@id\":\"https:\/\/petproducts.com.cn\/product\/pet-crate-wooden-luxury-iron-custom-indoor-pet-house\/#primaryimage\"},\"thumbnailUrl\":\"https:\/\/petproducts.com.cn\/wp-content\/uploads\/2025\/04\/pet-crate-wooden.webp\",\"datePublished\":\"2025-04-07T08:23:27+00:00\",\"dateModified\":\"2025-04-14T08:34:11+00:00\",\"description\":\"Explore Pet Crate Wooden from the best pet products supplier. Petstar is a global pet product manufacturer. Your ideal business solution with Petstar.\",\"breadcrumb\":{\"@id\":\"https:\/\/petproducts.com.cn\/product\/pet-crate-wooden-luxury-iron-custom-indoor-pet-house\/#breadcrumb\"},\"inLanguage\":\"fr-FR\",\"potentialAction\":[{\"@type\":\"ReadAction\",\"target\":[\"https:\/\/petproducts.com.cn\/product\/pet-crate-wooden-luxury-iron-custom-indoor-pet-house\/\"]}]},{\"@type\":\"ImageObject\",\"inLanguage\":\"fr-FR\",\"@id\":\"https:\/\/petproducts.com.cn\/product\/pet-crate-wooden-luxury-iron-custom-indoor-pet-house\/#primaryimage\",\"url\":\"https:\/\/petproducts.com.cn\/wp-content\/uploads\/2025\/04\/pet-crate-wooden.webp\",\"contentUrl\":\"https:\/\/petproducts.com.cn\/wp-content\/uploads\/2025\/04\/pet-crate-wooden.webp\",\"width\":1000,\"height\":1000,\"caption\":\"pet crate wooden\"},{\"@type\":\"BreadcrumbList\",\"@id\":\"https:\/\/petproducts.com.cn\/product\/pet-crate-wooden-luxury-iron-custom-indoor-pet-house\/#breadcrumb\",\"itemListElement\":[{\"@type\":\"ListItem\",\"position\":1,\"name\":\"HOME\",\"item\":\"https:\/\/petproducts.com.cn\/\"},{\"@type\":\"ListItem\",\"position\":2,\"name\":\"Products\",\"item\":\"https:\/\/petproducts.com.cn\/shop\/\"},{\"@type\":\"ListItem\",\"position\":3,\"name\":\"Dog Crates, Houses &amp; Pens\",\"item\":\"https:\/\/petproducts.com.cn\/product-category\/dog-crates-houses-pens\/\"},{\"@type\":\"ListItem\",\"position\":4,\"name\":\"Pet Crate Wooden Luxury Iron Custom Indoor Pet House\"}]},{\"@type\":\"WebSite\",\"@id\":\"https:\/\/petproducts.com.cn\/#website\",\"url\":\"https:\/\/petproducts.com.cn\/\",\"name\":\"Petstar\",\"description\":\"Leading Pet Supplies Manufacturer &amp; OEM Pet Products Supplier\",\"publisher\":{\"@id\":\"https:\/\/petproducts.com.cn\/#organization\"},\"alternateName\":\"Petstar Pet Supplies\",\"potentialAction\":[{\"@type\":\"SearchAction\",\"target\":{\"@type\":\"EntryPoint\",\"urlTemplate\":\"https:\/\/petproducts.com.cn\/?s={search_term_string}\"},\"query-input\":{\"@type\":\"PropertyValueSpecification\",\"valueRequired\":true,\"valueName\":\"search_term_string\"}}],\"inLanguage\":\"fr-FR\"},{\"@type\":\"Organization\",\"@id\":\"https:\/\/petproducts.com.cn\/#organization\",\"name\":\"Petstar\",\"url\":\"https:\/\/petproducts.com.cn\/\",\"logo\":{\"@type\":\"ImageObject\",\"inLanguage\":\"fr-FR\",\"@id\":\"https:\/\/petproducts.com.cn\/#\/schema\/logo\/image\/\",\"url\":\"https:\/\/petproducts.com.cn\/wp-content\/uploads\/2020\/02\/petstar-logo.webp\",\"contentUrl\":\"https:\/\/petproducts.com.cn\/wp-content\/uploads\/2020\/02\/petstar-logo.webp\",\"width\":779,\"height\":520,\"caption\":\"Petstar\"},\"image\":{\"@id\":\"https:\/\/petproducts.com.cn\/#\/schema\/logo\/image\/\"}}]}<\/script>\n<!-- \/ Yoast SEO plugin. -->","yoast_head_json":{"title":"Caisse pour animaux de compagnie en bois | Caisse pour animaux de compagnie - Petstar","description":"D\u00e9couvrez la caisse en bois pour animaux de compagnie du meilleur fournisseur de produits pour animaux de compagnie. Petstar est un fabricant mondial de produits pour animaux de compagnie. Votre solution commerciale id\u00e9ale avec Petstar.","robots":{"index":"index","follow":"follow","max-snippet":"max-snippet:-1","max-image-preview":"max-image-preview:large","max-video-preview":"max-video-preview:-1"},"canonical":"https:\/\/petproducts.com.cn\/fr\/produit\/pet-crate-wooden-luxury-iron-custom-indoor-pet-house\/","og_locale":"fr_FR","og_type":"article","og_title":"Pet Crate Wooden | Pet Crates Manufacturer - Petstar","og_description":"Explore Pet Crate Wooden from the best pet products supplier. Petstar is a global pet product manufacturer. Your ideal business solution with Petstar.","og_url":"https:\/\/petproducts.com.cn\/fr\/produit\/pet-crate-wooden-luxury-iron-custom-indoor-pet-house\/","og_site_name":"Petstar","article_modified_time":"2025-04-14T08:34:11+00:00","og_image":[{"width":1000,"height":1000,"url":"https:\/\/petproducts.com.cn\/wp-content\/uploads\/2025\/04\/pet-crate-wooden.webp","type":"image\/webp"}],"twitter_card":"summary_large_image","twitter_misc":{"Dur\u00e9e de lecture estim\u00e9e":"1 minute"},"schema":{"@context":"https:\/\/schema.org","@graph":[{"@type":"WebPage","@id":"https:\/\/petproducts.com.cn\/product\/pet-crate-wooden-luxury-iron-custom-indoor-pet-house\/","url":"https:\/\/petproducts.com.cn\/product\/pet-crate-wooden-luxury-iron-custom-indoor-pet-house\/","name":"Caisse pour animaux de compagnie en bois | Caisse pour animaux de compagnie - Petstar","isPartOf":{"@id":"https:\/\/petproducts.com.cn\/#website"},"primaryImageOfPage":{"@id":"https:\/\/petproducts.com.cn\/product\/pet-crate-wooden-luxury-iron-custom-indoor-pet-house\/#primaryimage"},"image":{"@id":"https:\/\/petproducts.com.cn\/product\/pet-crate-wooden-luxury-iron-custom-indoor-pet-house\/#primaryimage"},"thumbnailUrl":"https:\/\/petproducts.com.cn\/wp-content\/uploads\/2025\/04\/pet-crate-wooden.webp","datePublished":"2025-04-07T08:23:27+00:00","dateModified":"2025-04-14T08:34:11+00:00","description":"D\u00e9couvrez la caisse en bois pour animaux de compagnie du meilleur fournisseur de produits pour animaux de compagnie. Petstar est un fabricant mondial de produits pour animaux de compagnie. Votre solution commerciale id\u00e9ale avec Petstar.","breadcrumb":{"@id":"https:\/\/petproducts.com.cn\/product\/pet-crate-wooden-luxury-iron-custom-indoor-pet-house\/#breadcrumb"},"inLanguage":"fr-FR","potentialAction":[{"@type":"ReadAction","target":["https:\/\/petproducts.com.cn\/product\/pet-crate-wooden-luxury-iron-custom-indoor-pet-house\/"]}]},{"@type":"ImageObject","inLanguage":"fr-FR","@id":"https:\/\/petproducts.com.cn\/product\/pet-crate-wooden-luxury-iron-custom-indoor-pet-house\/#primaryimage","url":"https:\/\/petproducts.com.cn\/wp-content\/uploads\/2025\/04\/pet-crate-wooden.webp","contentUrl":"https:\/\/petproducts.com.cn\/wp-content\/uploads\/2025\/04\/pet-crate-wooden.webp","width":1000,"height":1000,"caption":"pet crate wooden"},{"@type":"BreadcrumbList","@id":"https:\/\/petproducts.com.cn\/product\/pet-crate-wooden-luxury-iron-custom-indoor-pet-house\/#breadcrumb","itemListElement":[{"@type":"ListItem","position":1,"name":"HOME","item":"https:\/\/petproducts.com.cn\/"},{"@type":"ListItem","position":2,"name":"Products","item":"https:\/\/petproducts.com.cn\/shop\/"},{"@type":"ListItem","position":3,"name":"Dog Crates, Houses &amp; Pens","item":"https:\/\/petproducts.com.cn\/product-category\/dog-crates-houses-pens\/"},{"@type":"ListItem","position":4,"name":"Pet Crate Wooden Luxury Iron Custom Indoor Pet House"}]},{"@type":"WebSite","@id":"https:\/\/petproducts.com.cn\/#website","url":"https:\/\/petproducts.com.cn\/","name":"Petstar","description":"Fabricant leader de fournitures pour animaux de compagnie et fournisseur OEM de produits pour animaux de compagnie","publisher":{"@id":"https:\/\/petproducts.com.cn\/#organization"},"alternateName":"Petstar Pet Supplies","potentialAction":[{"@type":"SearchAction","target":{"@type":"EntryPoint","urlTemplate":"https:\/\/petproducts.com.cn\/?s={search_term_string}"},"query-input":{"@type":"PropertyValueSpecification","valueRequired":true,"valueName":"search_term_string"}}],"inLanguage":"fr-FR"},{"@type":"Organization","@id":"https:\/\/petproducts.com.cn\/#organization","name":"Petstar","url":"https:\/\/petproducts.com.cn\/","logo":{"@type":"ImageObject","inLanguage":"fr-FR","@id":"https:\/\/petproducts.com.cn\/#\/schema\/logo\/image\/","url":"https:\/\/petproducts.com.cn\/wp-content\/uploads\/2020\/02\/petstar-logo.webp","contentUrl":"https:\/\/petproducts.com.cn\/wp-content\/uploads\/2020\/02\/petstar-logo.webp","width":779,"height":520,"caption":"Petstar"},"image":{"@id":"https:\/\/petproducts.com.cn\/#\/schema\/logo\/image\/"}}]}},"_links":{"self":[{"href":"https:\/\/petproducts.com.cn\/fr\/wp-json\/wp\/v2\/product\/32877","targetHints":{"allow":["GET"]}}],"collection":[{"href":"https:\/\/petproducts.com.cn\/fr\/wp-json\/wp\/v2\/product"}],"about":[{"href":"https:\/\/petproducts.com.cn\/fr\/wp-json\/wp\/v2\/types\/product"}],"version-history":[{"count":1,"href":"https:\/\/petproducts.com.cn\/fr\/wp-json\/wp\/v2\/product\/32877\/revisions"}],"predecessor-version":[{"id":32884,"href":"https:\/\/petproducts.com.cn\/fr\/wp-json\/wp\/v2\/product\/32877\/revisions\/32884"}],"wp:featuredmedia":[{"embeddable":true,"href":"https:\/\/petproducts.com.cn\/fr\/wp-json\/wp\/v2\/media\/32883"}],"wp:attachment":[{"href":"https:\/\/petproducts.com.cn\/fr\/wp-json\/wp\/v2\/media?parent=32877"}],"wp:term":[{"taxonomy":"product_brand","embeddable":true,"href":"https:\/\/petproducts.com.cn\/fr\/wp-json\/wp\/v2\/product_brand?post=32877"},{"taxonomy":"product_cat","embeddable":true,"href":"https:\/\/petproducts.com.cn\/fr\/wp-json\/wp\/v2\/product_cat?post=32877"},{"taxonomy":"product_tag","embeddable":true,"href":"https:\/\/petproducts.com.cn\/fr\/wp-json\/wp\/v2\/product_tag?post=32877"}],"curies":[{"name":"wp","href":"https:\/\/api.w.org\/{rel}","templated":true}]}}