{"id":33239,"date":"2025-05-23T05:50:22","date_gmt":"2025-05-23T05:50:22","guid":{"rendered":"https:\/\/petproducts.com.cn\/?post_type=product&#038;p=33239"},"modified":"2025-05-23T05:58:37","modified_gmt":"2025-05-23T05:58:37","slug":"octagon-dog-bed-soft-short-plush-recycled-pet-beds","status":"publish","type":"product","link":"https:\/\/petproducts.com.cn\/fr\/product\/octagon-dog-bed-soft-short-plush-recycled-pet-beds\/","title":{"rendered":"Lit octogonal pour chien en peluche courte et douce Lit recycl\u00e9 pour animaux de compagnie"},"content":{"rendered":"<h2>Caract\u00e9ristiques du lit pour chien Octagon<\/h2>\n<ul>\n<li data-start=\"145\" data-end=\"305\">\n<p data-start=\"148\" data-end=\"305\"><strong data-start=\"148\" data-end=\"173\">Design octogonal unique<\/strong> - Ce lit octogonal pour chien pr\u00e9sente une forme \u00e9l\u00e9gante et peu encombrante qui se distingue sur les \u00e9tag\u00e8res et s'int\u00e8gre bien dans tout type de d\u00e9cor.<\/p>\n<\/li>\n<li data-start=\"306\" data-end=\"428\">\n<p data-start=\"309\" data-end=\"428\"><strong data-start=\"309\" data-end=\"336\">Tissu doux, court et pelucheux<\/strong> - Fabriqu\u00e9 dans un mat\u00e9riau pelucheux ultra-doux, il offre aux animaux de compagnie un lieu de repos chaud et douillet.<\/p>\n<\/li>\n<li data-start=\"429\" data-end=\"571\">\n<p data-start=\"432\" data-end=\"571\"><strong data-start=\"432\" data-end=\"469\">Mat\u00e9riaux \u00e9cologiques et recycl\u00e9s<\/strong> - Fabriqu\u00e9s \u00e0 partir de tissus recycl\u00e9s respectueux de l'environnement pour soutenir les lignes de produits durables.<\/p>\n<\/li>\n<li data-start=\"572\" data-end=\"698\">\n<p data-start=\"575\" data-end=\"698\"><strong data-start=\"575\" data-end=\"616\">Lavable en machine pour un entretien facile<\/strong> - Con\u00e7u pour un nettoyage facile, il est id\u00e9al pour un usage fr\u00e9quent et des soins hygi\u00e9niques.<\/p>\n<\/li>\n<li data-start=\"699\" data-end=\"826\">\n<p data-start=\"702\" data-end=\"826\"><strong data-start=\"702\" data-end=\"733\">Fond antid\u00e9rapant pour plus de s\u00e9curit\u00e9<\/strong> - \u00c9quip\u00e9 d'une base antid\u00e9rapante pour \u00e9viter les mouvements et assurer la stabilit\u00e9 sur les surfaces lisses.<\/p>\n<\/li>\n<li data-start=\"827\" data-end=\"954\">\n<p data-start=\"830\" data-end=\"954\"><strong data-start=\"830\" data-end=\"861\">Id\u00e9al pour les chiens de diff\u00e9rentes tailles<\/strong> - La forme octogonale polyvalente offre suffisamment d'espace et de confort aux chiens de diff\u00e9rentes races.<\/p>\n<\/li>\n<\/ul>\n<p style=\"text-align: center;\"><em><strong>F<\/strong><\/em><em><strong>ou plus <a href=\"https:\/\/petproducts.com.cn\/fr\/wholesale-dog-beds\/\">chien\u00a0<\/a><\/strong><\/em><em><strong><a href=\"https:\/\/petproducts.com.cn\/fr\/wholesale-dog-beds\/\">lits<\/a> &amp; <a href=\"https:\/\/petproducts.com.cn\/fr\/wholesale-cat-beds\/\">lits pour chats<\/a>, s&#039;il te pla\u00eet <a href=\"https:\/\/petproducts.com.cn\/fr\/nous-contacter\/\">Contactez-nous<\/a>!<\/strong><\/em><\/p>","protected":false},"excerpt":{"rendered":"<p>Ce lit octogonal pour chien associe des mat\u00e9riaux en peluche respectueux de l'environnement, un design lavable et une s\u00e9curit\u00e9 antid\u00e9rapante dans une forme unique \u00e0 huit c\u00f4t\u00e9s qui offre un confort douillet aux chiens.<\/p>","protected":false},"featured_media":33244,"template":"","meta":{"_acf_changed":false},"product_brand":[],"product_cat":[58,71,57,72],"product_tag":[241],"class_list":{"0":"post-33239","1":"product","2":"type-product","3":"status-publish","4":"has-post-thumbnail","6":"product_cat-cat-beds","7":"product_cat-cat-supplies","8":"product_cat-dog-beds","9":"product_cat-dog-supplies","10":"product_tag-recycled-pet-beds","12":"first","13":"instock","14":"shipping-taxable","15":"product-type-simple"},"acf":[],"yoast_head":"<!-- This site is optimized with the Yoast SEO plugin v27.1.1 - https:\/\/yoast.com\/product\/yoast-seo-wordpress\/ -->\n<title>Octagon Dog Bed | Pet Beds Manufacturer - Petstar<\/title>\n<meta name=\"description\" content=\"Explore Octagon Dog Bed from the best pet products supplier. Petstar is a global pet products manufacturer. Your ideal business solution with Petstar.\" \/>\n<meta name=\"robots\" content=\"index, follow, max-snippet:-1, max-image-preview:large, max-video-preview:-1\" \/>\n<link rel=\"canonical\" href=\"https:\/\/petproducts.com.cn\/fr\/produit\/octagon-dog-bed-soft-short-plush-recycled-pet-beds\/\" \/>\n<meta property=\"og:locale\" content=\"fr_FR\" \/>\n<meta property=\"og:type\" content=\"article\" \/>\n<meta property=\"og:title\" content=\"Octagon Dog Bed | Pet Beds Manufacturer - Petstar\" \/>\n<meta property=\"og:description\" content=\"Explore Octagon Dog Bed from the best pet products supplier. Petstar is a global pet products manufacturer. Your ideal business solution with Petstar.\" \/>\n<meta property=\"og:url\" content=\"https:\/\/petproducts.com.cn\/fr\/produit\/octagon-dog-bed-soft-short-plush-recycled-pet-beds\/\" \/>\n<meta property=\"og:site_name\" content=\"Petstar\" \/>\n<meta property=\"article:modified_time\" content=\"2025-05-23T05:58:37+00:00\" \/>\n<meta property=\"og:image\" content=\"https:\/\/petproducts.com.cn\/wp-content\/uploads\/2025\/05\/octagon-dog-bed.webp\" \/>\n\t<meta property=\"og:image:width\" content=\"1000\" \/>\n\t<meta property=\"og:image:height\" content=\"1000\" \/>\n\t<meta property=\"og:image:type\" content=\"image\/webp\" \/>\n<meta name=\"twitter:card\" content=\"summary_large_image\" \/>\n<meta name=\"twitter:label1\" content=\"Dur\u00e9e de lecture estim\u00e9e\" \/>\n\t<meta name=\"twitter:data1\" content=\"1 minute\" \/>\n<script type=\"application\/ld+json\" class=\"yoast-schema-graph\">{\"@context\":\"https:\/\/schema.org\",\"@graph\":[{\"@type\":\"WebPage\",\"@id\":\"https:\/\/petproducts.com.cn\/product\/octagon-dog-bed-soft-short-plush-recycled-pet-beds\/\",\"url\":\"https:\/\/petproducts.com.cn\/product\/octagon-dog-bed-soft-short-plush-recycled-pet-beds\/\",\"name\":\"Octagon Dog Bed | Pet Beds Manufacturer - Petstar\",\"isPartOf\":{\"@id\":\"https:\/\/petproducts.com.cn\/#website\"},\"primaryImageOfPage\":{\"@id\":\"https:\/\/petproducts.com.cn\/product\/octagon-dog-bed-soft-short-plush-recycled-pet-beds\/#primaryimage\"},\"image\":{\"@id\":\"https:\/\/petproducts.com.cn\/product\/octagon-dog-bed-soft-short-plush-recycled-pet-beds\/#primaryimage\"},\"thumbnailUrl\":\"https:\/\/petproducts.com.cn\/wp-content\/uploads\/2025\/05\/octagon-dog-bed.webp\",\"datePublished\":\"2025-05-23T05:50:22+00:00\",\"dateModified\":\"2025-05-23T05:58:37+00:00\",\"description\":\"Explore Octagon Dog Bed from the best pet products supplier. Petstar is a global pet products manufacturer. Your ideal business solution with Petstar.\",\"breadcrumb\":{\"@id\":\"https:\/\/petproducts.com.cn\/product\/octagon-dog-bed-soft-short-plush-recycled-pet-beds\/#breadcrumb\"},\"inLanguage\":\"fr-FR\",\"potentialAction\":[{\"@type\":\"ReadAction\",\"target\":[\"https:\/\/petproducts.com.cn\/product\/octagon-dog-bed-soft-short-plush-recycled-pet-beds\/\"]}]},{\"@type\":\"ImageObject\",\"inLanguage\":\"fr-FR\",\"@id\":\"https:\/\/petproducts.com.cn\/product\/octagon-dog-bed-soft-short-plush-recycled-pet-beds\/#primaryimage\",\"url\":\"https:\/\/petproducts.com.cn\/wp-content\/uploads\/2025\/05\/octagon-dog-bed.webp\",\"contentUrl\":\"https:\/\/petproducts.com.cn\/wp-content\/uploads\/2025\/05\/octagon-dog-bed.webp\",\"width\":1000,\"height\":1000,\"caption\":\"octagon dog bed wholesale\"},{\"@type\":\"BreadcrumbList\",\"@id\":\"https:\/\/petproducts.com.cn\/product\/octagon-dog-bed-soft-short-plush-recycled-pet-beds\/#breadcrumb\",\"itemListElement\":[{\"@type\":\"ListItem\",\"position\":1,\"name\":\"HOME\",\"item\":\"https:\/\/petproducts.com.cn\/\"},{\"@type\":\"ListItem\",\"position\":2,\"name\":\"Products\",\"item\":\"https:\/\/petproducts.com.cn\/shop\/\"},{\"@type\":\"ListItem\",\"position\":3,\"name\":\"Dog Beds\",\"item\":\"https:\/\/petproducts.com.cn\/product-category\/dog-beds\/\"},{\"@type\":\"ListItem\",\"position\":4,\"name\":\"Octagon Dog Bed Soft Short Plush Recycled Pet Beds\"}]},{\"@type\":\"WebSite\",\"@id\":\"https:\/\/petproducts.com.cn\/#website\",\"url\":\"https:\/\/petproducts.com.cn\/\",\"name\":\"Petstar\",\"description\":\"Leading Pet Supplies Manufacturer &amp; OEM Pet Products Supplier\",\"publisher\":{\"@id\":\"https:\/\/petproducts.com.cn\/#organization\"},\"alternateName\":\"Petstar Pet Supplies\",\"potentialAction\":[{\"@type\":\"SearchAction\",\"target\":{\"@type\":\"EntryPoint\",\"urlTemplate\":\"https:\/\/petproducts.com.cn\/?s={search_term_string}\"},\"query-input\":{\"@type\":\"PropertyValueSpecification\",\"valueRequired\":true,\"valueName\":\"search_term_string\"}}],\"inLanguage\":\"fr-FR\"},{\"@type\":\"Organization\",\"@id\":\"https:\/\/petproducts.com.cn\/#organization\",\"name\":\"Petstar\",\"url\":\"https:\/\/petproducts.com.cn\/\",\"logo\":{\"@type\":\"ImageObject\",\"inLanguage\":\"fr-FR\",\"@id\":\"https:\/\/petproducts.com.cn\/#\/schema\/logo\/image\/\",\"url\":\"https:\/\/petproducts.com.cn\/wp-content\/uploads\/2020\/02\/petstar-logo.webp\",\"contentUrl\":\"https:\/\/petproducts.com.cn\/wp-content\/uploads\/2020\/02\/petstar-logo.webp\",\"width\":779,\"height\":520,\"caption\":\"Petstar\"},\"image\":{\"@id\":\"https:\/\/petproducts.com.cn\/#\/schema\/logo\/image\/\"}}]}<\/script>\n<!-- \/ Yoast SEO plugin. -->","yoast_head_json":{"title":"Lit Octogonal pour chien | Fabricant de lits pour animaux - Petstar","description":"D\u00e9couvrez le lit Octagon pour chien du meilleur fournisseur de produits pour animaux de compagnie. Petstar est un fabricant mondial de produits pour animaux de compagnie. Votre solution commerciale id\u00e9ale avec Petstar.","robots":{"index":"index","follow":"follow","max-snippet":"max-snippet:-1","max-image-preview":"max-image-preview:large","max-video-preview":"max-video-preview:-1"},"canonical":"https:\/\/petproducts.com.cn\/fr\/produit\/octagon-dog-bed-soft-short-plush-recycled-pet-beds\/","og_locale":"fr_FR","og_type":"article","og_title":"Octagon Dog Bed | Pet Beds Manufacturer - Petstar","og_description":"Explore Octagon Dog Bed from the best pet products supplier. Petstar is a global pet products manufacturer. Your ideal business solution with Petstar.","og_url":"https:\/\/petproducts.com.cn\/fr\/produit\/octagon-dog-bed-soft-short-plush-recycled-pet-beds\/","og_site_name":"Petstar","article_modified_time":"2025-05-23T05:58:37+00:00","og_image":[{"width":1000,"height":1000,"url":"https:\/\/petproducts.com.cn\/wp-content\/uploads\/2025\/05\/octagon-dog-bed.webp","type":"image\/webp"}],"twitter_card":"summary_large_image","twitter_misc":{"Dur\u00e9e de lecture estim\u00e9e":"1 minute"},"schema":{"@context":"https:\/\/schema.org","@graph":[{"@type":"WebPage","@id":"https:\/\/petproducts.com.cn\/product\/octagon-dog-bed-soft-short-plush-recycled-pet-beds\/","url":"https:\/\/petproducts.com.cn\/product\/octagon-dog-bed-soft-short-plush-recycled-pet-beds\/","name":"Lit Octogonal pour chien | Fabricant de lits pour animaux - Petstar","isPartOf":{"@id":"https:\/\/petproducts.com.cn\/#website"},"primaryImageOfPage":{"@id":"https:\/\/petproducts.com.cn\/product\/octagon-dog-bed-soft-short-plush-recycled-pet-beds\/#primaryimage"},"image":{"@id":"https:\/\/petproducts.com.cn\/product\/octagon-dog-bed-soft-short-plush-recycled-pet-beds\/#primaryimage"},"thumbnailUrl":"https:\/\/petproducts.com.cn\/wp-content\/uploads\/2025\/05\/octagon-dog-bed.webp","datePublished":"2025-05-23T05:50:22+00:00","dateModified":"2025-05-23T05:58:37+00:00","description":"D\u00e9couvrez le lit Octagon pour chien du meilleur fournisseur de produits pour animaux de compagnie. Petstar est un fabricant mondial de produits pour animaux de compagnie. Votre solution commerciale id\u00e9ale avec Petstar.","breadcrumb":{"@id":"https:\/\/petproducts.com.cn\/product\/octagon-dog-bed-soft-short-plush-recycled-pet-beds\/#breadcrumb"},"inLanguage":"fr-FR","potentialAction":[{"@type":"ReadAction","target":["https:\/\/petproducts.com.cn\/product\/octagon-dog-bed-soft-short-plush-recycled-pet-beds\/"]}]},{"@type":"ImageObject","inLanguage":"fr-FR","@id":"https:\/\/petproducts.com.cn\/product\/octagon-dog-bed-soft-short-plush-recycled-pet-beds\/#primaryimage","url":"https:\/\/petproducts.com.cn\/wp-content\/uploads\/2025\/05\/octagon-dog-bed.webp","contentUrl":"https:\/\/petproducts.com.cn\/wp-content\/uploads\/2025\/05\/octagon-dog-bed.webp","width":1000,"height":1000,"caption":"octagon dog bed wholesale"},{"@type":"BreadcrumbList","@id":"https:\/\/petproducts.com.cn\/product\/octagon-dog-bed-soft-short-plush-recycled-pet-beds\/#breadcrumb","itemListElement":[{"@type":"ListItem","position":1,"name":"HOME","item":"https:\/\/petproducts.com.cn\/"},{"@type":"ListItem","position":2,"name":"Products","item":"https:\/\/petproducts.com.cn\/shop\/"},{"@type":"ListItem","position":3,"name":"Dog Beds","item":"https:\/\/petproducts.com.cn\/product-category\/dog-beds\/"},{"@type":"ListItem","position":4,"name":"Octagon Dog Bed Soft Short Plush Recycled Pet Beds"}]},{"@type":"WebSite","@id":"https:\/\/petproducts.com.cn\/#website","url":"https:\/\/petproducts.com.cn\/","name":"Petstar","description":"Fabricant leader de fournitures pour animaux de compagnie et fournisseur OEM de produits pour animaux de compagnie","publisher":{"@id":"https:\/\/petproducts.com.cn\/#organization"},"alternateName":"Petstar Pet Supplies","potentialAction":[{"@type":"SearchAction","target":{"@type":"EntryPoint","urlTemplate":"https:\/\/petproducts.com.cn\/?s={search_term_string}"},"query-input":{"@type":"PropertyValueSpecification","valueRequired":true,"valueName":"search_term_string"}}],"inLanguage":"fr-FR"},{"@type":"Organization","@id":"https:\/\/petproducts.com.cn\/#organization","name":"Petstar","url":"https:\/\/petproducts.com.cn\/","logo":{"@type":"ImageObject","inLanguage":"fr-FR","@id":"https:\/\/petproducts.com.cn\/#\/schema\/logo\/image\/","url":"https:\/\/petproducts.com.cn\/wp-content\/uploads\/2020\/02\/petstar-logo.webp","contentUrl":"https:\/\/petproducts.com.cn\/wp-content\/uploads\/2020\/02\/petstar-logo.webp","width":779,"height":520,"caption":"Petstar"},"image":{"@id":"https:\/\/petproducts.com.cn\/#\/schema\/logo\/image\/"}}]}},"_links":{"self":[{"href":"https:\/\/petproducts.com.cn\/fr\/wp-json\/wp\/v2\/product\/33239","targetHints":{"allow":["GET"]}}],"collection":[{"href":"https:\/\/petproducts.com.cn\/fr\/wp-json\/wp\/v2\/product"}],"about":[{"href":"https:\/\/petproducts.com.cn\/fr\/wp-json\/wp\/v2\/types\/product"}],"version-history":[{"count":1,"href":"https:\/\/petproducts.com.cn\/fr\/wp-json\/wp\/v2\/product\/33239\/revisions"}],"predecessor-version":[{"id":33245,"href":"https:\/\/petproducts.com.cn\/fr\/wp-json\/wp\/v2\/product\/33239\/revisions\/33245"}],"wp:featuredmedia":[{"embeddable":true,"href":"https:\/\/petproducts.com.cn\/fr\/wp-json\/wp\/v2\/media\/33244"}],"wp:attachment":[{"href":"https:\/\/petproducts.com.cn\/fr\/wp-json\/wp\/v2\/media?parent=33239"}],"wp:term":[{"taxonomy":"product_brand","embeddable":true,"href":"https:\/\/petproducts.com.cn\/fr\/wp-json\/wp\/v2\/product_brand?post=33239"},{"taxonomy":"product_cat","embeddable":true,"href":"https:\/\/petproducts.com.cn\/fr\/wp-json\/wp\/v2\/product_cat?post=33239"},{"taxonomy":"product_tag","embeddable":true,"href":"https:\/\/petproducts.com.cn\/fr\/wp-json\/wp\/v2\/product_tag?post=33239"}],"curies":[{"name":"wp","href":"https:\/\/api.w.org\/{rel}","templated":true}]}}